{"id":186,"date":"2016-07-21T13:42:58","date_gmt":"2016-07-21T11:42:58","guid":{"rendered":"http:\/\/drewmax.net.pl\/?page_id=186"},"modified":"2025-04-02T12:14:10","modified_gmt":"2025-04-02T10:14:10","slug":"zbiornik-technologiczny","status":"publish","type":"page","link":"https:\/\/drewmax.net.pl\/es\/zbiornik-technologiczny\/","title":{"rendered":"Zbiorniki technologiczne"},"content":{"rendered":"\t\t<div data-elementor-type=\"wp-post\" data-elementor-id=\"186\" class=\"elementor elementor-186\" data-elementor-settings=\"[]\">\n\t\t\t\t\t\t<div class=\"elementor-inner\">\n\t\t\t\t\t\t\t<div class=\"elementor-section-wrap\">\n\t\t\t\t\t\t\t<section class=\"elementor-section elementor-top-section elementor-element elementor-element-c747eeb elementor-section-boxed elementor-section-height-default elementor-section-height-default\" data-id=\"c747eeb\" data-element_type=\"section\" data-settings=\"{&quot;background_background&quot;:&quot;classic&quot;}\">\n\t\t\t\t\t\t<div class=\"elementor-container elementor-column-gap-default\">\n\t\t\t\t\t\t\t<div class=\"elementor-row\">\n\t\t\t\t\t<div class=\"elementor-column elementor-col-100 elementor-top-column elementor-element elementor-element-2f9f055\" data-id=\"2f9f055\" data-element_type=\"column\">\n\t\t\t<div class=\"elementor-column-wrap elementor-element-populated\">\n\t\t\t\t\t\t\t<div class=\"elementor-widget-wrap\">\n\t\t\t\t\t\t<div class=\"elementor-element elementor-element-9ef118e elementor-widget elementor-widget-heading\" data-id=\"9ef118e\" data-element_type=\"widget\" data-widget_type=\"heading.default\">\n\t\t\t\t<div class=\"elementor-widget-container\">\n\t\t\t<h2 class=\"elementor-heading-title elementor-size-xl\"> Dep\u00f3sitos tecnol\u00f3gicos\n<\/h2>\t\t<\/div>\n\t\t\t\t<\/div>\n\t\t\t\t\t\t<\/div>\n\t\t\t\t\t<\/div>\n\t\t<\/div>\n\t\t\t\t\t\t\t\t<\/div>\n\t\t\t\t\t<\/div>\n\t\t<\/section>\n\t\t\t\t<section class=\"elementor-section elementor-top-section elementor-element elementor-element-80e1536 elementor-section-boxed elementor-section-height-default elementor-section-height-default\" data-id=\"80e1536\" data-element_type=\"section\" data-settings=\"{&quot;background_background&quot;:&quot;classic&quot;}\">\n\t\t\t\t\t\t<div class=\"elementor-container elementor-column-gap-default\">\n\t\t\t\t\t\t\t<div class=\"elementor-row\">\n\t\t\t\t\t<div class=\"elementor-column elementor-col-100 elementor-top-column elementor-element elementor-element-997c141\" data-id=\"997c141\" data-element_type=\"column\">\n\t\t\t<div class=\"elementor-column-wrap elementor-element-populated\">\n\t\t\t\t\t\t\t<div class=\"elementor-widget-wrap\">\n\t\t\t\t\t\t<div class=\"elementor-element elementor-element-27ad521 elementor-widget elementor-widget-text-editor\" data-id=\"27ad521\" data-element_type=\"widget\" data-widget_type=\"text-editor.default\">\n\t\t\t\t<div class=\"elementor-widget-container\">\n\t\t\t\t\t\t\t\t<div class=\"elementor-text-editor elementor-clearfix\">\n\t\t\t\t<p><br data-start=\"1805\" data-end=\"1808\" \/>Drewmax es un fabricante de una amplia gama de dep\u00f3sitos tecnol\u00f3gicos. Su avanzado parque de maquinaria permite a la empresa realizar incluso los proyectos m\u00e1s exigentes. Los dep\u00f3sitos tecnol\u00f3gicos ofrecidos pueden equiparse, entre otros, con bocas de inspecci\u00f3n, conexiones de aspiraci\u00f3n, racores de montaje para dispositivos adicionales, patas de fijaci\u00f3n, etc.<\/p><p data-start=\"2175\" data-end=\"2261\">Seg\u00fan el tipo de dep\u00f3sitos fabricados por Drewmax, estos productos se clasifican en:<\/p><ul data-start=\"2263\" data-end=\"2391\"><li data-start=\"2263\" data-end=\"2286\"><strong>Dep\u00f3sitos soldados,<\/strong><\/li><li data-start=\"2287\" data-end=\"2314\"><strong>Dep\u00f3sitos atornillados,<\/strong><\/li><li data-start=\"2315\" data-end=\"2352\"><strong>Dep\u00f3sitos de paneles insertables,<\/strong><\/li><li data-start=\"2353\" data-end=\"2391\"><strong>Dep\u00f3sitos de paneles atornillados.<\/strong><\/li><\/ul><p data-start=\"2393\" data-end=\"2759\"><\/p>\t\t\t\t\t<\/div>\n\t\t\t\t\t\t<\/div>\n\t\t\t\t<\/div>\n\t\t\t\t\t\t<\/div>\n\t\t\t\t\t<\/div>\n\t\t<\/div>\n\t\t\t\t<div class=\"elementor-column elementor-col-100 elementor-top-column elementor-element elementor-element-ac180d6\" data-id=\"ac180d6\" data-element_type=\"column\">\n\t\t\t<div class=\"elementor-column-wrap elementor-element-populated\">\n\t\t\t\t\t\t\t<div class=\"elementor-widget-wrap\">\n\t\t\t\t\t\t<div class=\"elementor-element elementor-element-c26a46c elementor-widget elementor-widget-image\" data-id=\"c26a46c\" data-element_type=\"widget\" data-widget_type=\"image.default\">\n\t\t\t\t<div class=\"elementor-widget-container\">\n\t\t\t\t\t\t\t\t<div class=\"elementor-image\">\n\t\t\t\t\t\t\t\t\t\t\t\t<img width=\"548\" height=\"570\" src=\"https:\/\/drewmax.net.pl\/wp-content\/uploads\/2020\/10\/zt1-1.png\" class=\"attachment-large size-large\" alt=\"zbiorniki-technologiczne-1\" loading=\"lazy\" srcset=\"https:\/\/drewmax.net.pl\/wp-content\/uploads\/2020\/10\/zt1-1.png 548w, https:\/\/drewmax.net.pl\/wp-content\/uploads\/2020\/10\/zt1-1-288x300.png 288w\" sizes=\"(max-width: 548px) 100vw, 548px\" \/>\t\t\t\t\t\t\t\t\t\t\t\t\t\t<\/div>\n\t\t\t\t\t\t<\/div>\n\t\t\t\t<\/div>\n\t\t\t\t\t\t<\/div>\n\t\t\t\t\t<\/div>\n\t\t<\/div>\n\t\t\t\t\t\t\t\t<\/div>\n\t\t\t\t\t<\/div>\n\t\t<\/section>\n\t\t\t\t<section class=\"elementor-section elementor-top-section elementor-element elementor-element-48907f3 elementor-section-boxed elementor-section-height-default elementor-section-height-default\" data-id=\"48907f3\" data-element_type=\"section\" data-settings=\"{&quot;background_background&quot;:&quot;classic&quot;}\">\n\t\t\t\t\t\t<div class=\"elementor-container elementor-column-gap-default\">\n\t\t\t\t\t\t\t<div class=\"elementor-row\">\n\t\t\t\t\t<div class=\"elementor-column elementor-col-50 elementor-top-column elementor-element elementor-element-f72c8df\" data-id=\"f72c8df\" data-element_type=\"column\">\n\t\t\t<div class=\"elementor-column-wrap elementor-element-populated\">\n\t\t\t\t\t\t\t<div class=\"elementor-widget-wrap\">\n\t\t\t\t\t\t<div class=\"elementor-element elementor-element-e2386f1 elementor-widget elementor-widget-image\" data-id=\"e2386f1\" data-element_type=\"widget\" data-widget_type=\"image.default\">\n\t\t\t\t<div class=\"elementor-widget-container\">\n\t\t\t\t\t\t\t\t<div class=\"elementor-image\">\n\t\t\t\t\t\t\t\t\t\t\t\t<img width=\"411\" height=\"602\" src=\"https:\/\/drewmax.net.pl\/wp-content\/uploads\/2020\/10\/zt2-1.png\" class=\"attachment-large size-large\" alt=\"zbiorniki-technologiczne-2\" loading=\"lazy\" srcset=\"https:\/\/drewmax.net.pl\/wp-content\/uploads\/2020\/10\/zt2-1.png 411w, https:\/\/drewmax.net.pl\/wp-content\/uploads\/2020\/10\/zt2-1-205x300.png 205w\" sizes=\"(max-width: 411px) 100vw, 411px\" \/>\t\t\t\t\t\t\t\t\t\t\t\t\t\t<\/div>\n\t\t\t\t\t\t<\/div>\n\t\t\t\t<\/div>\n\t\t\t\t\t\t<\/div>\n\t\t\t\t\t<\/div>\n\t\t<\/div>\n\t\t\t\t<div class=\"elementor-column elementor-col-50 elementor-top-column elementor-element elementor-element-2462d36\" data-id=\"2462d36\" data-element_type=\"column\">\n\t\t\t<div class=\"elementor-column-wrap elementor-element-populated\">\n\t\t\t\t\t\t\t<div class=\"elementor-widget-wrap\">\n\t\t\t\t\t\t<div class=\"elementor-element elementor-element-bb49a42 elementor-widget elementor-widget-text-editor\" data-id=\"bb49a42\" data-element_type=\"widget\" data-widget_type=\"text-editor.default\">\n\t\t\t\t<div class=\"elementor-widget-container\">\n\t\t\t\t\t\t\t\t<div class=\"elementor-text-editor elementor-clearfix\">\n\t\t\t\t<p><br data-start=\"3180\" data-end=\"3183\" \/>Los dep\u00f3sitos tecnol\u00f3gicos pueden fabricarse tanto en acero al carbono como en acero inoxidable. En el caso de los dep\u00f3sitos de paneles, es posible utilizar estructuras mixtas, con elementos internos de acero inoxidable y elementos externos de acero al carbono pintado por pulverizaci\u00f3n.<\/p><p data-start=\"3474\" data-end=\"3690\"><strong data-start=\"3474\" data-end=\"3496\">Dep\u00f3sitos soldados<\/strong> \u2013 Especialmente recomendados para la industria alimentaria cuando est\u00e1n fabricados en acero inoxidable. Nuestros dep\u00f3sitos soldados destacan por la alta precisi\u00f3n de sus uniones de soldadura.<\/p><p data-start=\"3692\" data-end=\"3808\">Disponemos de un parque de maquinaria que permite la fabricaci\u00f3n de dep\u00f3sitos de gran tama\u00f1o y de dise\u00f1o especial.<\/p><p data-start=\"3810\" data-end=\"4094\"><strong data-start=\"3810\" data-end=\"3836\">Dep\u00f3sitos atornillados<\/strong> \u2013 En lugares donde no es posible instalar dep\u00f3sitos soldados en una sola pieza, se utilizan dep\u00f3sitos atornillados. Se fabrican como m\u00f3dulos monocapa especialmente dise\u00f1ados, que pueden transportarse f\u00e1cilmente y montarse en las instalaciones del cliente.<\/p><p data-start=\"4096\" data-end=\"4278\"><strong data-start=\"4096\" data-end=\"4145\">Dep\u00f3sitos de paneles insertables\/atornillados<\/strong> \u2013 Los dep\u00f3sitos de paneles se utilizan principalmente como estructuras autoportantes para el almacenamiento de productos a granel.<\/p><p data-start=\"4280\" data-end=\"4553\"><\/p>\t\t\t\t\t<\/div>\n\t\t\t\t\t\t<\/div>\n\t\t\t\t<\/div>\n\t\t\t\t\t\t<\/div>\n\t\t\t\t\t<\/div>\n\t\t<\/div>\n\t\t\t\t\t\t\t\t<\/div>\n\t\t\t\t\t<\/div>\n\t\t<\/section>\n\t\t\t\t<section class=\"elementor-section elementor-top-section elementor-element elementor-element-2ad48a3 elementor-section-boxed elementor-section-height-default elementor-section-height-default\" data-id=\"2ad48a3\" data-element_type=\"section\" data-settings=\"{&quot;background_background&quot;:&quot;classic&quot;}\">\n\t\t\t\t\t\t<div class=\"elementor-container elementor-column-gap-default\">\n\t\t\t\t\t\t\t<div class=\"elementor-row\">\n\t\t\t\t\t<div class=\"elementor-column elementor-col-50 elementor-top-column elementor-element elementor-element-73039ae\" data-id=\"73039ae\" data-element_type=\"column\">\n\t\t\t<div class=\"elementor-column-wrap elementor-element-populated\">\n\t\t\t\t\t\t\t<div class=\"elementor-widget-wrap\">\n\t\t\t\t\t\t<div class=\"elementor-element elementor-element-cee2eef elementor-widget elementor-widget-text-editor\" data-id=\"cee2eef\" data-element_type=\"widget\" data-widget_type=\"text-editor.default\">\n\t\t\t\t<div class=\"elementor-widget-container\">\n\t\t\t\t\t\t\t\t<div class=\"elementor-text-editor elementor-clearfix\">\n\t\t\t\t<p><br data-start=\"1447\" data-end=\"1450\" \/>Los paneles del dep\u00f3sito est\u00e1n compuestos por dos l\u00e1minas met\u00e1licas unidas entre s\u00ed mediante chapas en forma de C. El espacio entre las l\u00e1minas est\u00e1 lleno de aire, lo que evita que el producto dentro del dep\u00f3sito entre en contacto con la humedad que pueda condensarse entre las paredes de los paneles.<\/p><p data-start=\"1755\" data-end=\"1907\">Se fabrican con tecnolog\u00eda de ensamblaje por inserci\u00f3n, sin uniones atornilladas en los pilares de soporte del dep\u00f3sito, o con tecnolog\u00eda atornillada.<\/p><p data-start=\"1909\" data-end=\"2191\"><\/p>\t\t\t\t\t<\/div>\n\t\t\t\t\t\t<\/div>\n\t\t\t\t<\/div>\n\t\t\t\t\t\t<\/div>\n\t\t\t\t\t<\/div>\n\t\t<\/div>\n\t\t\t\t<div class=\"elementor-column elementor-col-50 elementor-top-column elementor-element elementor-element-4440af2\" data-id=\"4440af2\" data-element_type=\"column\">\n\t\t\t<div class=\"elementor-column-wrap elementor-element-populated\">\n\t\t\t\t\t\t\t<div class=\"elementor-widget-wrap\">\n\t\t\t\t\t\t<div class=\"elementor-element elementor-element-9c9bf1e elementor-widget elementor-widget-image\" data-id=\"9c9bf1e\" data-element_type=\"widget\" data-widget_type=\"image.default\">\n\t\t\t\t<div class=\"elementor-widget-container\">\n\t\t\t\t\t\t\t\t<div class=\"elementor-image\">\n\t\t\t\t\t\t\t\t\t\t\t\t<img width=\"408\" height=\"688\" src=\"https:\/\/drewmax.net.pl\/wp-content\/uploads\/2020\/10\/zt3-1.png\" class=\"attachment-large size-large\" alt=\"zbiorniki-technologiczne-3\" loading=\"lazy\" srcset=\"https:\/\/drewmax.net.pl\/wp-content\/uploads\/2020\/10\/zt3-1.png 408w, https:\/\/drewmax.net.pl\/wp-content\/uploads\/2020\/10\/zt3-1-178x300.png 178w\" sizes=\"(max-width: 408px) 100vw, 408px\" \/>\t\t\t\t\t\t\t\t\t\t\t\t\t\t<\/div>\n\t\t\t\t\t\t<\/div>\n\t\t\t\t<\/div>\n\t\t\t\t\t\t<\/div>\n\t\t\t\t\t<\/div>\n\t\t<\/div>\n\t\t\t\t\t\t\t\t<\/div>\n\t\t\t\t\t<\/div>\n\t\t<\/section>\n\t\t\t\t<section class=\"elementor-section elementor-top-section elementor-element elementor-element-885aed1 elementor-section-boxed elementor-section-height-default elementor-section-height-default\" data-id=\"885aed1\" data-element_type=\"section\" data-settings=\"{&quot;background_background&quot;:&quot;classic&quot;}\">\n\t\t\t\t\t\t<div class=\"elementor-container elementor-column-gap-default\">\n\t\t\t\t\t\t\t<div class=\"elementor-row\">\n\t\t\t\t\t<div class=\"elementor-column elementor-col-100 elementor-top-column elementor-element elementor-element-ed44577\" data-id=\"ed44577\" data-element_type=\"column\">\n\t\t\t<div class=\"elementor-column-wrap elementor-element-populated\">\n\t\t\t\t\t\t\t<div class=\"elementor-widget-wrap\">\n\t\t\t\t\t\t<div class=\"elementor-element elementor-element-cb35f71 elementor-align-center elementor-widget elementor-widget-button\" data-id=\"cb35f71\" data-element_type=\"widget\" data-widget_type=\"button.default\">\n\t\t\t\t<div class=\"elementor-widget-container\">\n\t\t\t\t\t<div class=\"elementor-button-wrapper\">\n\t\t\t<a href=\"https:\/\/drewmax.net.pl\/wp-content\/uploads\/2025\/03\/zbiorniki-front_ES.pdf\" target=\"_blank\" class=\"elementor-button-link elementor-button elementor-size-lg\" role=\"button\">\n\t\t\t\t\t\t<span class=\"elementor-button-content-wrapper\">\n\t\t\t\t\t\t<span class=\"elementor-button-icon elementor-align-icon-right\">\n\t\t\t\t<i aria-hidden=\"true\" class=\"fas fa-download\"><\/i>\t\t\t<\/span>\n\t\t\t\t\t\t<span class=\"elementor-button-text\">   Descarga la ficha del producto<\/span>\n\t\t<\/span>\n\t\t\t\t\t<\/a>\n\t\t<\/div>\n\t\t\t\t<\/div>\n\t\t\t\t<\/div>\n\t\t\t\t<div class=\"elementor-element elementor-element-f242ccd elementor-align-center elementor-widget elementor-widget-button\" data-id=\"f242ccd\" data-element_type=\"widget\" data-widget_type=\"button.default\">\n\t\t\t\t<div class=\"elementor-widget-container\">\n\t\t\t\t\t<div class=\"elementor-button-wrapper\">\n\t\t\t<a href=\"https:\/\/drewmax.net.pl\/produkty\/\" class=\"elementor-button-link elementor-button elementor-size-md\" role=\"button\">\n\t\t\t\t\t\t<span class=\"elementor-button-content-wrapper\">\n\t\t\t\t\t\t<span class=\"elementor-button-text\"><\/span>\n\t\t<\/span>\n\t\t\t\t\t<\/a>\n\t\t<\/div>\n\t\t\t\t<\/div>\n\t\t\t\t<\/div>\n\t\t\t\t\t\t<\/div>\n\t\t\t\t\t<\/div>\n\t\t<\/div>\n\t\t\t\t\t\t\t\t<\/div>\n\t\t\t\t\t<\/div>\n\t\t<\/section>\n\t\t\t\t\t\t<\/div>\n\t\t\t\t\t\t<\/div>\n\t\t\t\t\t<\/div>\n\t\t","protected":false},"excerpt":{"rendered":"<p>Dep\u00f3sitos tecnol\u00f3gicos Drewmax es un fabricante de una amplia gama de dep\u00f3sitos tecnol\u00f3gicos. Su avanzado parque de maquinaria permite a la empresa realizar incluso los proyectos m\u00e1s exigentes. Los dep\u00f3sitos tecnol\u00f3gicos ofrecidos pueden equiparse, entre otros, con bocas de inspecci\u00f3n, conexiones de aspiraci\u00f3n, racores de montaje para dispositivos adicionales, patas de fijaci\u00f3n, etc. Seg\u00fan el&hellip;<\/p>\n","protected":false},"author":1,"featured_media":12252,"parent":0,"menu_order":0,"comment_status":"closed","ping_status":"closed","template":"","meta":[],"yoast_head":"<!-- This site is optimized with the Yoast SEO Premium plugin v15.5 - https:\/\/yoast.com\/wordpress\/plugins\/seo\/ -->\n<title>Zbiorniki Technologiczne - wa\u017cenie pakowanie paletyzacja stretch<\/title>\n<meta name=\"description\" content=\"zbiorniki technologiczne paletryzator pakowanie wa\u017cenie linia wa\u017c\u0105co - pakuj\u0105ca mikrodozowanie pobieranie pr\u00f3bek automatyka przemys\u0142owa\" \/>\n<meta name=\"robots\" content=\"index, follow, max-snippet:-1, max-image-preview:large, max-video-preview:-1\" \/>\n<link rel=\"canonical\" href=\"https:\/\/drewmax.net.pl\/zbiornik-technologiczny\/\" \/>\n<meta property=\"og:locale\" content=\"es_ES\" \/>\n<meta property=\"og:type\" content=\"article\" \/>\n<meta property=\"og:title\" content=\"Zbiorniki Technologiczne - wa\u017cenie pakowanie paletyzacja stretch\" \/>\n<meta property=\"og:description\" content=\"zbiorniki technologiczne paletryzator pakowanie wa\u017cenie linia wa\u017c\u0105co - pakuj\u0105ca mikrodozowanie pobieranie pr\u00f3bek automatyka przemys\u0142owa\" \/>\n<meta property=\"og:url\" content=\"https:\/\/drewmax.net.pl\/zbiornik-technologiczny\/\" \/>\n<meta property=\"og:site_name\" content=\"(Polski) Drewmax - Wa\u017cenie | Pakowanie | Paletyzacja | Automatyka\" \/>\n<meta property=\"article:publisher\" content=\"https:\/\/www.facebook.com\/Drewmax-111641623604429\/\" \/>\n<meta property=\"article:modified_time\" content=\"2025-04-02T10:14:10+00:00\" \/>\n<meta name=\"twitter:card\" content=\"summary_large_image\" \/>\n<meta name=\"twitter:label1\" content=\"Tiempo de lectura\">\n\t<meta name=\"twitter:data1\" content=\"9 minutos\">\n<script type=\"application\/ld+json\" class=\"yoast-schema-graph\">{\"@context\":\"https:\/\/schema.org\",\"@graph\":[{\"@type\":\"Organization\",\"@id\":\"https:\/\/drewmax.net.pl\/en\/#organization\",\"name\":\"DREWMAX Sp\\u00f3\\u0142ka z o.o.\",\"url\":\"https:\/\/drewmax.net.pl\/en\/\",\"sameAs\":[\"https:\/\/www.facebook.com\/Drewmax-111641623604429\/\",\"https:\/\/www.instagram.com\/drewmax.net.pl\/\",\"https:\/\/www.youtube.com\/channel\/UCCS8U5F8gSyJAlSWjxgbLRQ\"],\"logo\":{\"@type\":\"ImageObject\",\"@id\":\"https:\/\/drewmax.net.pl\/en\/#logo\",\"inLanguage\":\"es\",\"url\":\"\",\"caption\":\"DREWMAX Sp\\u00f3\\u0142ka z o.o.\"},\"image\":{\"@id\":\"https:\/\/drewmax.net.pl\/en\/#logo\"}},{\"@type\":\"WebSite\",\"@id\":\"https:\/\/drewmax.net.pl\/en\/#website\",\"url\":\"https:\/\/drewmax.net.pl\/en\/\",\"name\":\"(Polski) Drewmax - Wa\\u017cenie | Pakowanie | Paletyzacja | Automatyka\",\"description\":\"\",\"publisher\":{\"@id\":\"https:\/\/drewmax.net.pl\/en\/#organization\"},\"potentialAction\":[{\"@type\":\"SearchAction\",\"target\":\"https:\/\/drewmax.net.pl\/en\/?s={search_term_string}\",\"query-input\":\"required name=search_term_string\"}],\"inLanguage\":\"es\"},{\"@type\":\"ImageObject\",\"@id\":\"https:\/\/drewmax.net.pl\/zbiornik-technologiczny\/#primaryimage\",\"inLanguage\":\"es\",\"url\":\"\"},{\"@type\":\"WebPage\",\"@id\":\"https:\/\/drewmax.net.pl\/zbiornik-technologiczny\/#webpage\",\"url\":\"https:\/\/drewmax.net.pl\/zbiornik-technologiczny\/\",\"name\":\"Zbiorniki Technologiczne - wa\\u017cenie pakowanie paletyzacja stretch\",\"isPartOf\":{\"@id\":\"https:\/\/drewmax.net.pl\/en\/#website\"},\"primaryImageOfPage\":{\"@id\":\"https:\/\/drewmax.net.pl\/zbiornik-technologiczny\/#primaryimage\"},\"datePublished\":\"2016-07-21T11:42:58+00:00\",\"dateModified\":\"2025-04-02T10:14:10+00:00\",\"description\":\"zbiorniki technologiczne paletryzator pakowanie wa\\u017cenie linia wa\\u017c\\u0105co - pakuj\\u0105ca mikrodozowanie pobieranie pr\\u00f3bek automatyka przemys\\u0142owa\",\"breadcrumb\":{\"@id\":\"https:\/\/drewmax.net.pl\/zbiornik-technologiczny\/#breadcrumb\"},\"inLanguage\":\"es\",\"potentialAction\":[{\"@type\":\"ReadAction\",\"target\":[\"https:\/\/drewmax.net.pl\/zbiornik-technologiczny\/\"]}]},{\"@type\":\"BreadcrumbList\",\"@id\":\"https:\/\/drewmax.net.pl\/zbiornik-technologiczny\/#breadcrumb\",\"itemListElement\":[{\"@type\":\"ListItem\",\"position\":1,\"item\":{\"@type\":\"WebPage\",\"@id\":\"https:\/\/drewmax.net.pl\/\",\"url\":\"https:\/\/drewmax.net.pl\/\",\"name\":\"Home\"}},{\"@type\":\"ListItem\",\"position\":2,\"item\":{\"@type\":\"WebPage\",\"@id\":\"https:\/\/drewmax.net.pl\/zbiornik-technologiczny\/\",\"url\":\"https:\/\/drewmax.net.pl\/zbiornik-technologiczny\/\",\"name\":\"Zbiorniki technologiczne\"}}]}]}<\/script>\n<!-- \/ Yoast SEO Premium plugin. -->","_links":{"self":[{"href":"https:\/\/drewmax.net.pl\/es\/wp-json\/wp\/v2\/pages\/186"}],"collection":[{"href":"https:\/\/drewmax.net.pl\/es\/wp-json\/wp\/v2\/pages"}],"about":[{"href":"https:\/\/drewmax.net.pl\/es\/wp-json\/wp\/v2\/types\/page"}],"author":[{"embeddable":true,"href":"https:\/\/drewmax.net.pl\/es\/wp-json\/wp\/v2\/users\/1"}],"replies":[{"embeddable":true,"href":"https:\/\/drewmax.net.pl\/es\/wp-json\/wp\/v2\/comments?post=186"}],"version-history":[{"count":114,"href":"https:\/\/drewmax.net.pl\/es\/wp-json\/wp\/v2\/pages\/186\/revisions"}],"predecessor-version":[{"id":32026,"href":"https:\/\/drewmax.net.pl\/es\/wp-json\/wp\/v2\/pages\/186\/revisions\/32026"}],"wp:featuredmedia":[{"embeddable":true,"href":"https:\/\/drewmax.net.pl\/es\/wp-json\/wp\/v2\/media\/12252"}],"wp:attachment":[{"href":"https:\/\/drewmax.net.pl\/es\/wp-json\/wp\/v2\/media?parent=186"}],"curies":[{"name":"wp","href":"https:\/\/api.w.org\/{rel}","templated":true}]}}