{"id":178,"date":"2016-07-21T13:36:39","date_gmt":"2016-07-21T11:36:39","guid":{"rendered":"http:\/\/drewmax.net.pl\/?page_id=178"},"modified":"2025-04-04T07:18:20","modified_gmt":"2025-04-04T05:18:20","slug":"wagopakowarka-do-workow-otwartych-stojak","status":"publish","type":"page","link":"https:\/\/drewmax.net.pl\/es\/wagopakowarka-do-workow-otwartych-stojak\/","title":{"rendered":"Wagopakowarka do work\u00f3w otwartych \u2013 \u201estojak\u201d"},"content":{"rendered":"\t\t<div data-elementor-type=\"wp-post\" data-elementor-id=\"178\" class=\"elementor elementor-178\" data-elementor-settings=\"[]\">\n\t\t\t\t\t\t<div class=\"elementor-inner\">\n\t\t\t\t\t\t\t<div class=\"elementor-section-wrap\">\n\t\t\t\t\t\t\t<section class=\"elementor-section elementor-top-section elementor-element elementor-element-be2d9f1 elementor-section-boxed elementor-section-height-default elementor-section-height-default\" data-id=\"be2d9f1\" data-element_type=\"section\" data-settings=\"{&quot;background_background&quot;:&quot;classic&quot;}\">\n\t\t\t\t\t\t<div class=\"elementor-container elementor-column-gap-default\">\n\t\t\t\t\t\t\t<div class=\"elementor-row\">\n\t\t\t\t\t<div class=\"elementor-column elementor-col-100 elementor-top-column elementor-element elementor-element-909b35e\" data-id=\"909b35e\" data-element_type=\"column\">\n\t\t\t<div class=\"elementor-column-wrap elementor-element-populated\">\n\t\t\t\t\t\t\t<div class=\"elementor-widget-wrap\">\n\t\t\t\t\t\t<div class=\"elementor-element elementor-element-4cde12c elementor-widget elementor-widget-heading\" data-id=\"4cde12c\" data-element_type=\"widget\" data-widget_type=\"heading.default\">\n\t\t\t\t<div class=\"elementor-widget-container\">\n\t\t\t<h2 class=\"elementor-heading-title elementor-size-xl\"> Balanza dosificadora para sacos abiertos \"Stojak\"\n<\/h2>\t\t<\/div>\n\t\t\t\t<\/div>\n\t\t\t\t\t\t<\/div>\n\t\t\t\t\t<\/div>\n\t\t<\/div>\n\t\t\t\t\t\t\t\t<\/div>\n\t\t\t\t\t<\/div>\n\t\t<\/section>\n\t\t\t\t<section class=\"elementor-section elementor-top-section elementor-element elementor-element-d340a2c elementor-section-boxed elementor-section-height-default elementor-section-height-default\" data-id=\"d340a2c\" data-element_type=\"section\" data-settings=\"{&quot;background_background&quot;:&quot;classic&quot;}\">\n\t\t\t\t\t\t<div class=\"elementor-container elementor-column-gap-default\">\n\t\t\t\t\t\t\t<div class=\"elementor-row\">\n\t\t\t\t\t<div class=\"elementor-column elementor-col-50 elementor-top-column elementor-element elementor-element-d0463cc\" data-id=\"d0463cc\" data-element_type=\"column\">\n\t\t\t<div class=\"elementor-column-wrap elementor-element-populated\">\n\t\t\t\t\t\t\t<div class=\"elementor-widget-wrap\">\n\t\t\t\t\t\t<div class=\"elementor-element elementor-element-390d951 elementor-widget elementor-widget-text-editor\" data-id=\"390d951\" data-element_type=\"widget\" data-widget_type=\"text-editor.default\">\n\t\t\t\t<div class=\"elementor-widget-container\">\n\t\t\t\t\t\t\t\t<div class=\"elementor-text-editor elementor-clearfix\">\n\t\t\t\t<p><br data-start=\"2749\" data-end=\"2752\" \/>La <strong data-start=\"2755\" data-end=\"2798\">ensacadora pesadora para sacos abiertos<\/strong>, tambi\u00e9n llamada \u00absoporte\u00bb, es un dispositivo dise\u00f1ado para pesar y llenar correctamente el saco. Todas las operaciones adicionales (cosido, termosellado, aplicaci\u00f3n de cinta crep\u00e9, etc.) necesarias para cerrar el saco deben realizarse en una estaci\u00f3n separada.<\/p><p data-start=\"3064\" data-end=\"3259\">La ensacadora pesadora est\u00e1 dise\u00f1ada para el pesaje y envasado de <strong data-start=\"3130\" data-end=\"3180\">productos a granel, granulados o pulverulentos<\/strong>. Seg\u00fan el tipo de producto, se pueden utilizar los siguientes dosificadores:<\/p><ul data-start=\"3261\" data-end=\"3322\"><li data-start=\"3261\" data-end=\"3278\">Gravitacional<\/li><li data-start=\"3279\" data-end=\"3294\">De tornillo<\/li><li data-start=\"3295\" data-end=\"3307\">De banda<\/li><li data-start=\"3308\" data-end=\"3322\">Vibratorio<\/li><\/ul><p data-start=\"3324\" data-end=\"3524\">En este dispositivo, el sistema de pesaje est\u00e1 integrado en la boquilla de llenado y, durante la dosificaci\u00f3n, el propio saco act\u00faa como plataforma de pesaje, lo que se conoce como <strong data-start=\"3505\" data-end=\"3521\">pesaje bruto<\/strong>.<\/p><p data-start=\"3526\" data-end=\"3658\">La ensacadora pesadora puede ampliarse con un m\u00f3dulo de cierre de sacos con cinta transportadora: el <strong data-start=\"3627\" data-end=\"3655\">m\u00f3dulo de envasado LPack<\/strong>.<\/p><p data-start=\"3667\" data-end=\"3984\"><\/p><div>\u00a0<\/div><\/div>\t\t\t\t\t<\/div>\n\t\t\t\t\t\t<\/div>\n\t\t\t\t<\/div>\n\t\t\t\t\t\t<\/div>\n\t\t\t\t\t<\/div>\n\t\t<\/div>\n\t\t\t\t<div class=\"elementor-column elementor-col-50 elementor-top-column elementor-element elementor-element-617557e\" data-id=\"617557e\" data-element_type=\"column\">\n\t\t\t<div class=\"elementor-column-wrap elementor-element-populated\">\n\t\t\t\t\t\t\t<div class=\"elementor-widget-wrap\">\n\t\t\t\t\t\t<div class=\"elementor-element elementor-element-b41426b elementor-widget elementor-widget-image\" data-id=\"b41426b\" data-element_type=\"widget\" data-widget_type=\"image.default\">\n\t\t\t\t<div class=\"elementor-widget-container\">\n\t\t\t\t\t\t\t\t<div class=\"elementor-image\">\n\t\t\t\t\t\t\t\t\t\t\t\t<img width=\"454\" height=\"735\" src=\"https:\/\/drewmax.net.pl\/wp-content\/uploads\/2020\/10\/stojak-1.png\" class=\"attachment-large size-large\" alt=\"\" loading=\"lazy\" srcset=\"https:\/\/drewmax.net.pl\/wp-content\/uploads\/2020\/10\/stojak-1.png 454w, https:\/\/drewmax.net.pl\/wp-content\/uploads\/2020\/10\/stojak-1-185x300.png 185w\" sizes=\"(max-width: 454px) 100vw, 454px\" \/>\t\t\t\t\t\t\t\t\t\t\t\t\t\t<\/div>\n\t\t\t\t\t\t<\/div>\n\t\t\t\t<\/div>\n\t\t\t\t\t\t<\/div>\n\t\t\t\t\t<\/div>\n\t\t<\/div>\n\t\t\t\t\t\t\t\t<\/div>\n\t\t\t\t\t<\/div>\n\t\t<\/section>\n\t\t\t\t<section class=\"elementor-section elementor-top-section elementor-element elementor-element-42d844e elementor-section-boxed elementor-section-height-default elementor-section-height-default\" data-id=\"42d844e\" data-element_type=\"section\" data-settings=\"{&quot;background_background&quot;:&quot;classic&quot;}\">\n\t\t\t\t\t\t<div class=\"elementor-container elementor-column-gap-default\">\n\t\t\t\t\t\t\t<div class=\"elementor-row\">\n\t\t\t\t\t<div class=\"elementor-column elementor-col-100 elementor-top-column elementor-element elementor-element-3a247b9\" data-id=\"3a247b9\" data-element_type=\"column\">\n\t\t\t<div class=\"elementor-column-wrap elementor-element-populated\">\n\t\t\t\t\t\t\t<div class=\"elementor-widget-wrap\">\n\t\t\t\t\t\t<div class=\"elementor-element elementor-element-e1d0175 elementor-widget elementor-widget-text-editor\" data-id=\"e1d0175\" data-element_type=\"widget\" data-widget_type=\"text-editor.default\">\n\t\t\t\t<div class=\"elementor-widget-container\">\n\t\t\t\t\t\t\t\t<div class=\"elementor-text-editor elementor-clearfix\">\n\t\t\t\t<p><\/p><p data-start=\"1553\" data-end=\"1595\"><span style=\"text-decoration: underline;\"><strong data-start=\"1558\" data-end=\"1593\">Componentes b\u00e1sicos del equipo:<\/strong><\/span><\/p><ul data-start=\"1596\" data-end=\"1823\"><li data-start=\"1596\" data-end=\"1621\">Estructura de soporte<\/li><li data-start=\"1622\" data-end=\"1661\">Balanza electr\u00f3nica de pesaje bruto<\/li><li data-start=\"1662\" data-end=\"1677\">Dosificador<\/li><li data-start=\"1678\" data-end=\"1698\">Boquilla abierta<\/li><li data-start=\"1699\" data-end=\"1777\">Sistema de control claro basado en PLC Siemens\/Proface con pantalla t\u00e1ctil<\/li><li data-start=\"1778\" data-end=\"1823\">Accionamientos de fabricantes reconocidos<\/li><\/ul><p data-start=\"1825\" data-end=\"1858\"><span style=\"text-decoration: underline;\"><strong data-start=\"1830\" data-end=\"1856\">Equipamiento opcional:<\/strong><\/span><\/p><ul data-start=\"1859\" data-end=\"2030\"><li data-start=\"1859\" data-end=\"1909\">Sistema de extracci\u00f3n del producto en la bolsa<\/li><li data-start=\"1910\" data-end=\"1954\">Sistema de vibraci\u00f3n para la bolsa llena<\/li><li data-start=\"1955\" data-end=\"1997\">Sistema de limpieza de transportadores<\/li><li data-start=\"1998\" data-end=\"2030\">Dep\u00f3sito tamp\u00f3n de sobrepeso<\/li><\/ul><p><\/p>\t\t\t\t\t<\/div>\n\t\t\t\t\t\t<\/div>\n\t\t\t\t<\/div>\n\t\t\t\t\t\t<\/div>\n\t\t\t\t\t<\/div>\n\t\t<\/div>\n\t\t\t\t<div class=\"elementor-column elementor-col-100 elementor-top-column elementor-element elementor-element-0e4abc0\" data-id=\"0e4abc0\" data-element_type=\"column\">\n\t\t\t<div class=\"elementor-column-wrap elementor-element-populated\">\n\t\t\t\t\t\t\t<div class=\"elementor-widget-wrap\">\n\t\t\t\t\t\t<div class=\"elementor-element elementor-element-f2af92a elementor-widget elementor-widget-text-editor\" data-id=\"f2af92a\" data-element_type=\"widget\" data-widget_type=\"text-editor.default\">\n\t\t\t\t<div class=\"elementor-widget-container\">\n\t\t\t\t\t\t\t\t<div class=\"elementor-text-editor elementor-clearfix\">\n\t\t\t\t<p><\/p><p data-start=\"2102\" data-end=\"2141\"><span style=\"text-decoration: underline;\"><strong data-start=\"2107\" data-end=\"2139\">Par\u00e1metros t\u00e9cnicos b\u00e1sicos:<\/strong><\/span><\/p><ul data-start=\"2142\" data-end=\"2760\"><li data-start=\"2142\" data-end=\"2176\">Masa m\u00e1xima por porci\u00f3n: 50 kg<\/li><li data-start=\"2177\" data-end=\"2211\">Masa m\u00ednima por porci\u00f3n: 10 kg<\/li><li data-start=\"2212\" data-end=\"2346\">Capacidad de la l\u00ednea: hasta 220 porciones\/hora (dependiendo del operador, las propiedades del producto y el tama\u00f1o de la porci\u00f3n)<\/li><li data-start=\"2347\" data-end=\"2527\">Tipo de sacos: sacos abiertos de papel multicapa (hasta 4 capas), recomendados con fondo plegado sin pliegues laterales, sacos de film PE, sacos de polipropileno PP recubiertos<\/li><li data-start=\"2528\" data-end=\"2560\">Ancho del saco: 450 \u2013 650 mm<\/li><li data-start=\"2561\" data-end=\"2597\">Longitud del saco: 600 \u2013 1100 mm<\/li><li data-start=\"2598\" data-end=\"2639\">Alimentaci\u00f3n el\u00e9ctrica: 3 x 400V 50Hz<\/li><li data-start=\"2640\" data-end=\"2675\">Potencia m\u00e1xima requerida: 3 kW<\/li><li data-start=\"2676\" data-end=\"2721\">Suministro de aire comprimido: 5 \u2013 10 bar<\/li><li data-start=\"2722\" data-end=\"2760\">Consumo de aire comprimido: 100 Nl<\/li><\/ul><p data-start=\"2767\" data-end=\"2806\"><\/p>\t\t\t\t\t<\/div>\n\t\t\t\t\t\t<\/div>\n\t\t\t\t<\/div>\n\t\t\t\t\t\t<\/div>\n\t\t\t\t\t<\/div>\n\t\t<\/div>\n\t\t\t\t\t\t\t\t<\/div>\n\t\t\t\t\t<\/div>\n\t\t<\/section>\n\t\t\t\t<section class=\"elementor-section elementor-top-section elementor-element elementor-element-ccc59d8 elementor-section-full_width elementor-section-height-default elementor-section-height-default\" data-id=\"ccc59d8\" data-element_type=\"section\">\n\t\t\t\t\t\t<div class=\"elementor-container elementor-column-gap-default\">\n\t\t\t\t\t\t\t<div class=\"elementor-row\">\n\t\t\t\t\t<div class=\"elementor-column elementor-col-100 elementor-top-column elementor-element elementor-element-4741318\" data-id=\"4741318\" data-element_type=\"column\" data-settings=\"{&quot;background_background&quot;:&quot;classic&quot;}\">\n\t\t\t<div class=\"elementor-column-wrap elementor-element-populated\">\n\t\t\t\t\t\t\t<div class=\"elementor-widget-wrap\">\n\t\t\t\t\t\t<div class=\"elementor-element elementor-element-01e24e7 elementor-widget elementor-widget-spacer\" data-id=\"01e24e7\" data-element_type=\"widget\" data-widget_type=\"spacer.default\">\n\t\t\t\t<div class=\"elementor-widget-container\">\n\t\t\t\t\t<div class=\"elementor-spacer\">\n\t\t\t<div class=\"elementor-spacer-inner\"><\/div>\n\t\t<\/div>\n\t\t\t\t<\/div>\n\t\t\t\t<\/div>\n\t\t\t\t\t\t<\/div>\n\t\t\t\t\t<\/div>\n\t\t<\/div>\n\t\t\t\t\t\t\t\t<\/div>\n\t\t\t\t\t<\/div>\n\t\t<\/section>\n\t\t\t\t<section class=\"elementor-section elementor-top-section elementor-element elementor-element-b26df61 elementor-section-full_width elementor-section-height-default elementor-section-height-default\" data-id=\"b26df61\" data-element_type=\"section\">\n\t\t\t\t\t\t<div class=\"elementor-container elementor-column-gap-default\">\n\t\t\t\t\t\t\t<div class=\"elementor-row\">\n\t\t\t\t\t<div class=\"elementor-column elementor-col-100 elementor-top-column elementor-element elementor-element-6cd2862\" data-id=\"6cd2862\" data-element_type=\"column\" data-settings=\"{&quot;background_background&quot;:&quot;classic&quot;}\">\n\t\t\t<div class=\"elementor-column-wrap elementor-element-populated\">\n\t\t\t\t\t\t\t<div class=\"elementor-widget-wrap\">\n\t\t\t\t\t\t<div class=\"elementor-element elementor-element-111606d elementor-widget elementor-widget-spacer\" data-id=\"111606d\" data-element_type=\"widget\" data-widget_type=\"spacer.default\">\n\t\t\t\t<div class=\"elementor-widget-container\">\n\t\t\t\t\t<div class=\"elementor-spacer\">\n\t\t\t<div class=\"elementor-spacer-inner\"><\/div>\n\t\t<\/div>\n\t\t\t\t<\/div>\n\t\t\t\t<\/div>\n\t\t\t\t<div class=\"elementor-element elementor-element-f6bda0f elementor-align-center elementor-widget elementor-widget-button\" data-id=\"f6bda0f\" data-element_type=\"widget\" data-widget_type=\"button.default\">\n\t\t\t\t<div class=\"elementor-widget-container\">\n\t\t\t\t\t<div class=\"elementor-button-wrapper\">\n\t\t\t<a href=\"https:\/\/drewmax.net.pl\/wp-content\/uploads\/2025\/03\/stojak_ES.pdf\" class=\"elementor-button-link elementor-button elementor-size-lg\" role=\"button\">\n\t\t\t\t\t\t<span class=\"elementor-button-content-wrapper\">\n\t\t\t\t\t\t<span class=\"elementor-button-icon elementor-align-icon-right\">\n\t\t\t\t<i aria-hidden=\"true\" class=\"fas fa-download\"><\/i>\t\t\t<\/span>\n\t\t\t\t\t\t<span class=\"elementor-button-text\"> Descarga la ficha del producto<\/span>\n\t\t<\/span>\n\t\t\t\t\t<\/a>\n\t\t<\/div>\n\t\t\t\t<\/div>\n\t\t\t\t<\/div>\n\t\t\t\t\t\t<\/div>\n\t\t\t\t\t<\/div>\n\t\t<\/div>\n\t\t\t\t\t\t\t\t<\/div>\n\t\t\t\t\t<\/div>\n\t\t<\/section>\n\t\t\t\t\t\t<\/div>\n\t\t\t\t\t\t<\/div>\n\t\t\t\t\t<\/div>\n\t\t","protected":false},"excerpt":{"rendered":"<p>Balanza dosificadora para sacos abiertos \u00abStojak\u00bb La ensacadora pesadora para sacos abiertos, tambi\u00e9n llamada \u00absoporte\u00bb, es un dispositivo dise\u00f1ado para pesar y llenar correctamente el saco. Todas las operaciones adicionales (cosido, termosellado, aplicaci\u00f3n de cinta crep\u00e9, etc.) necesarias para cerrar el saco deben realizarse en una estaci\u00f3n separada. La ensacadora pesadora est\u00e1 dise\u00f1ada para el&hellip;<\/p>\n","protected":false},"author":1,"featured_media":12261,"parent":0,"menu_order":0,"comment_status":"closed","ping_status":"closed","template":"","meta":[],"yoast_head":"<!-- This site is optimized with the Yoast SEO Premium plugin v15.5 - https:\/\/yoast.com\/wordpress\/plugins\/seo\/ -->\n<title>Wa\u017cenie Pakowanie Paletyzacja Automatyka przemys\u0142owa linie PP PE<\/title>\n<meta name=\"description\" content=\"Wa\u017cenie Pakowanie Paletyzacja Automatyka przemys\u0142owa linie wa\u017c\u0105co - pakuj\u0105ce zbiorniki technologiczne mikrodozowanie linie PP PE\" \/>\n<meta name=\"robots\" content=\"index, follow, max-snippet:-1, max-image-preview:large, max-video-preview:-1\" \/>\n<link rel=\"canonical\" href=\"https:\/\/drewmax.net.pl\/wagopakowarka-do-workow-otwartych-stojak\/\" \/>\n<meta property=\"og:locale\" content=\"es_ES\" \/>\n<meta property=\"og:type\" content=\"article\" \/>\n<meta property=\"og:title\" content=\"Wa\u017cenie Pakowanie Paletyzacja Automatyka przemys\u0142owa linie PP PE\" \/>\n<meta property=\"og:description\" content=\"Wa\u017cenie Pakowanie Paletyzacja Automatyka przemys\u0142owa linie wa\u017c\u0105co - pakuj\u0105ce zbiorniki technologiczne mikrodozowanie linie PP PE\" \/>\n<meta property=\"og:url\" content=\"https:\/\/drewmax.net.pl\/wagopakowarka-do-workow-otwartych-stojak\/\" \/>\n<meta property=\"og:site_name\" content=\"(Polski) Drewmax - Wa\u017cenie | Pakowanie | Paletyzacja | Automatyka\" \/>\n<meta property=\"article:publisher\" content=\"https:\/\/www.facebook.com\/Drewmax-111641623604429\/\" \/>\n<meta property=\"article:modified_time\" content=\"2025-04-04T05:18:20+00:00\" \/>\n<meta name=\"twitter:card\" content=\"summary_large_image\" \/>\n<meta name=\"twitter:label1\" content=\"Tiempo de lectura\">\n\t<meta name=\"twitter:data1\" content=\"8 minutos\">\n<script type=\"application\/ld+json\" class=\"yoast-schema-graph\">{\"@context\":\"https:\/\/schema.org\",\"@graph\":[{\"@type\":\"Organization\",\"@id\":\"https:\/\/drewmax.net.pl\/en\/#organization\",\"name\":\"DREWMAX Sp\\u00f3\\u0142ka z o.o.\",\"url\":\"https:\/\/drewmax.net.pl\/en\/\",\"sameAs\":[\"https:\/\/www.facebook.com\/Drewmax-111641623604429\/\",\"https:\/\/www.instagram.com\/drewmax.net.pl\/\",\"https:\/\/www.youtube.com\/channel\/UCCS8U5F8gSyJAlSWjxgbLRQ\"],\"logo\":{\"@type\":\"ImageObject\",\"@id\":\"https:\/\/drewmax.net.pl\/en\/#logo\",\"inLanguage\":\"es\",\"url\":\"\",\"caption\":\"DREWMAX Sp\\u00f3\\u0142ka z o.o.\"},\"image\":{\"@id\":\"https:\/\/drewmax.net.pl\/en\/#logo\"}},{\"@type\":\"WebSite\",\"@id\":\"https:\/\/drewmax.net.pl\/en\/#website\",\"url\":\"https:\/\/drewmax.net.pl\/en\/\",\"name\":\"(Polski) Drewmax - Wa\\u017cenie | Pakowanie | Paletyzacja | Automatyka\",\"description\":\"\",\"publisher\":{\"@id\":\"https:\/\/drewmax.net.pl\/en\/#organization\"},\"potentialAction\":[{\"@type\":\"SearchAction\",\"target\":\"https:\/\/drewmax.net.pl\/en\/?s={search_term_string}\",\"query-input\":\"required name=search_term_string\"}],\"inLanguage\":\"es\"},{\"@type\":\"ImageObject\",\"@id\":\"https:\/\/drewmax.net.pl\/wagopakowarka-do-workow-otwartych-stojak\/#primaryimage\",\"inLanguage\":\"es\",\"url\":\"\"},{\"@type\":\"WebPage\",\"@id\":\"https:\/\/drewmax.net.pl\/wagopakowarka-do-workow-otwartych-stojak\/#webpage\",\"url\":\"https:\/\/drewmax.net.pl\/wagopakowarka-do-workow-otwartych-stojak\/\",\"name\":\"Wa\\u017cenie Pakowanie Paletyzacja Automatyka przemys\\u0142owa linie PP PE\",\"isPartOf\":{\"@id\":\"https:\/\/drewmax.net.pl\/en\/#website\"},\"primaryImageOfPage\":{\"@id\":\"https:\/\/drewmax.net.pl\/wagopakowarka-do-workow-otwartych-stojak\/#primaryimage\"},\"datePublished\":\"2016-07-21T11:36:39+00:00\",\"dateModified\":\"2025-04-04T05:18:20+00:00\",\"description\":\"Wa\\u017cenie Pakowanie Paletyzacja Automatyka przemys\\u0142owa linie wa\\u017c\\u0105co - pakuj\\u0105ce zbiorniki technologiczne mikrodozowanie linie PP PE\",\"breadcrumb\":{\"@id\":\"https:\/\/drewmax.net.pl\/wagopakowarka-do-workow-otwartych-stojak\/#breadcrumb\"},\"inLanguage\":\"es\",\"potentialAction\":[{\"@type\":\"ReadAction\",\"target\":[\"https:\/\/drewmax.net.pl\/wagopakowarka-do-workow-otwartych-stojak\/\"]}]},{\"@type\":\"BreadcrumbList\",\"@id\":\"https:\/\/drewmax.net.pl\/wagopakowarka-do-workow-otwartych-stojak\/#breadcrumb\",\"itemListElement\":[{\"@type\":\"ListItem\",\"position\":1,\"item\":{\"@type\":\"WebPage\",\"@id\":\"https:\/\/drewmax.net.pl\/\",\"url\":\"https:\/\/drewmax.net.pl\/\",\"name\":\"Home\"}},{\"@type\":\"ListItem\",\"position\":2,\"item\":{\"@type\":\"WebPage\",\"@id\":\"https:\/\/drewmax.net.pl\/wagopakowarka-do-workow-otwartych-stojak\/\",\"url\":\"https:\/\/drewmax.net.pl\/wagopakowarka-do-workow-otwartych-stojak\/\",\"name\":\"Wagopakowarka do work\\u00f3w otwartych \\u2013 \\u201estojak\\u201d\"}}]}]}<\/script>\n<!-- \/ Yoast SEO Premium plugin. -->","_links":{"self":[{"href":"https:\/\/drewmax.net.pl\/es\/wp-json\/wp\/v2\/pages\/178"}],"collection":[{"href":"https:\/\/drewmax.net.pl\/es\/wp-json\/wp\/v2\/pages"}],"about":[{"href":"https:\/\/drewmax.net.pl\/es\/wp-json\/wp\/v2\/types\/page"}],"author":[{"embeddable":true,"href":"https:\/\/drewmax.net.pl\/es\/wp-json\/wp\/v2\/users\/1"}],"replies":[{"embeddable":true,"href":"https:\/\/drewmax.net.pl\/es\/wp-json\/wp\/v2\/comments?post=178"}],"version-history":[{"count":79,"href":"https:\/\/drewmax.net.pl\/es\/wp-json\/wp\/v2\/pages\/178\/revisions"}],"predecessor-version":[{"id":32031,"href":"https:\/\/drewmax.net.pl\/es\/wp-json\/wp\/v2\/pages\/178\/revisions\/32031"}],"wp:featuredmedia":[{"embeddable":true,"href":"https:\/\/drewmax.net.pl\/es\/wp-json\/wp\/v2\/media\/12261"}],"wp:attachment":[{"href":"https:\/\/drewmax.net.pl\/es\/wp-json\/wp\/v2\/media?parent=178"}],"curies":[{"name":"wp","href":"https:\/\/api.w.org\/{rel}","templated":true}]}}