{"id":166,"date":"2016-07-21T13:28:31","date_gmt":"2016-07-21T11:28:31","guid":{"rendered":"http:\/\/drewmax.net.pl\/?page_id=166"},"modified":"2025-04-03T14:39:43","modified_gmt":"2025-04-03T12:39:43","slug":"urzadzenie-sluzace-do-napelniania-workow-typu-big-bag-jednozaczepowych","status":"publish","type":"page","link":"https:\/\/drewmax.net.pl\/es\/urzadzenie-sluzace-do-napelniania-workow-typu-big-bag-jednozaczepowych\/","title":{"rendered":"Urz\u0105dzenie s\u0142u\u017c\u0105ce do nape\u0142niania work\u00f3w typu Big-Bag \u2013 jednozaczepowych"},"content":{"rendered":"\t\t<div data-elementor-type=\"wp-post\" data-elementor-id=\"166\" class=\"elementor elementor-166\" data-elementor-settings=\"[]\">\n\t\t\t\t\t\t<div class=\"elementor-inner\">\n\t\t\t\t\t\t\t<div class=\"elementor-section-wrap\">\n\t\t\t\t\t\t\t<section class=\"elementor-section elementor-top-section elementor-element elementor-element-fcf89ba elementor-section-boxed elementor-section-height-default elementor-section-height-default\" data-id=\"fcf89ba\" data-element_type=\"section\" data-settings=\"{&quot;background_background&quot;:&quot;classic&quot;}\">\n\t\t\t\t\t\t<div class=\"elementor-container elementor-column-gap-default\">\n\t\t\t\t\t\t\t<div class=\"elementor-row\">\n\t\t\t\t\t<div class=\"elementor-column elementor-col-100 elementor-top-column elementor-element elementor-element-cbca31f\" data-id=\"cbca31f\" data-element_type=\"column\">\n\t\t\t<div class=\"elementor-column-wrap elementor-element-populated\">\n\t\t\t\t\t\t\t<div class=\"elementor-widget-wrap\">\n\t\t\t\t\t\t<div class=\"elementor-element elementor-element-e8e309b elementor-widget elementor-widget-heading\" data-id=\"e8e309b\" data-element_type=\"widget\" data-widget_type=\"heading.default\">\n\t\t\t\t<div class=\"elementor-widget-container\">\n\t\t\t<h2 class=\"elementor-heading-title elementor-size-xl\"> Dispositivo para el llenado de sacos Big-Bag de un solo gancho\n<\/h2>\t\t<\/div>\n\t\t\t\t<\/div>\n\t\t\t\t\t\t<\/div>\n\t\t\t\t\t<\/div>\n\t\t<\/div>\n\t\t\t\t\t\t\t\t<\/div>\n\t\t\t\t\t<\/div>\n\t\t<\/section>\n\t\t\t\t<section class=\"elementor-section elementor-top-section elementor-element elementor-element-c1500bd elementor-section-boxed elementor-section-height-default elementor-section-height-default\" data-id=\"c1500bd\" data-element_type=\"section\" data-settings=\"{&quot;background_background&quot;:&quot;classic&quot;}\">\n\t\t\t\t\t\t<div class=\"elementor-container elementor-column-gap-default\">\n\t\t\t\t\t\t\t<div class=\"elementor-row\">\n\t\t\t\t\t<div class=\"elementor-column elementor-col-50 elementor-top-column elementor-element elementor-element-2fe4157\" data-id=\"2fe4157\" data-element_type=\"column\">\n\t\t\t<div class=\"elementor-column-wrap elementor-element-populated\">\n\t\t\t\t\t\t\t<div class=\"elementor-widget-wrap\">\n\t\t\t\t\t\t<div class=\"elementor-element elementor-element-9981c4b elementor-widget elementor-widget-text-editor\" data-id=\"9981c4b\" data-element_type=\"widget\" data-widget_type=\"text-editor.default\">\n\t\t\t\t<div class=\"elementor-widget-container\">\n\t\t\t\t\t\t\t\t<div class=\"elementor-text-editor elementor-clearfix\">\n\t\t\t\t<p><br data-start=\"2114\" data-end=\"2117\" \/>La oferta de Drewmax tambi\u00e9n incluye un dispositivo para llenar sacos Big-Bag de un solo gancho con un peso de <strong>100 a 1500 kg.<\/strong> Los sacos de un solo gancho se llenan mediante dosificadores adecuadamente seleccionados y una b\u00e1scula neta ubicada sobre la estaci\u00f3n de llenado.<\/p><p data-start=\"2392\" data-end=\"2572\">La l\u00ednea de llenado en combinaci\u00f3n con la b\u00e1scula neta es un dispositivo de embalaje semiautom\u00e1tico para productos a <strong>granel, granulados o en polvo<\/strong>, utilizando sacos tipo Big-Bag.<\/p><p data-start=\"2574\" data-end=\"2854\">El dispositivo presentado cuenta con un conducto de llenado m\u00f3vil, lo que facilita considerablemente la colocaci\u00f3n y extracci\u00f3n del saco. Adem\u00e1s, el sistema de sellado autom\u00e1tico y el sistema de inflado del embalaje hacen que el trabajo de los operadores sea mucho m\u00e1s sencillo.<\/p><p data-start=\"2856\" data-end=\"3152\"><\/p>\t\t\t\t\t<\/div>\n\t\t\t\t\t\t<\/div>\n\t\t\t\t<\/div>\n\t\t\t\t\t\t<\/div>\n\t\t\t\t\t<\/div>\n\t\t<\/div>\n\t\t\t\t<div class=\"elementor-column elementor-col-50 elementor-top-column elementor-element elementor-element-048969c\" data-id=\"048969c\" data-element_type=\"column\">\n\t\t\t<div class=\"elementor-column-wrap elementor-element-populated\">\n\t\t\t\t\t\t\t<div class=\"elementor-widget-wrap\">\n\t\t\t\t\t\t<div class=\"elementor-element elementor-element-9c56358 elementor-widget elementor-widget-image\" data-id=\"9c56358\" data-element_type=\"widget\" data-widget_type=\"image.default\">\n\t\t\t\t<div class=\"elementor-widget-container\">\n\t\t\t\t\t\t\t\t<div class=\"elementor-image\">\n\t\t\t\t\t\t\t\t\t\t\t\t<img width=\"624\" height=\"548\" src=\"https:\/\/drewmax.net.pl\/wp-content\/uploads\/2020\/10\/bigbag11.jpg\" class=\"attachment-large size-large\" alt=\"\" loading=\"lazy\" srcset=\"https:\/\/drewmax.net.pl\/wp-content\/uploads\/2020\/10\/bigbag11.jpg 624w, https:\/\/drewmax.net.pl\/wp-content\/uploads\/2020\/10\/bigbag11-300x263.jpg 300w\" sizes=\"(max-width: 624px) 100vw, 624px\" \/>\t\t\t\t\t\t\t\t\t\t\t\t\t\t<\/div>\n\t\t\t\t\t\t<\/div>\n\t\t\t\t<\/div>\n\t\t\t\t\t\t<\/div>\n\t\t\t\t\t<\/div>\n\t\t<\/div>\n\t\t\t\t\t\t\t\t<\/div>\n\t\t\t\t\t<\/div>\n\t\t<\/section>\n\t\t\t\t<section class=\"elementor-section elementor-top-section elementor-element elementor-element-88e71bc elementor-section-boxed elementor-section-height-default elementor-section-height-default\" data-id=\"88e71bc\" data-element_type=\"section\" data-settings=\"{&quot;background_background&quot;:&quot;classic&quot;}\">\n\t\t\t\t\t\t<div class=\"elementor-container elementor-column-gap-default\">\n\t\t\t\t\t\t\t<div class=\"elementor-row\">\n\t\t\t\t\t<div class=\"elementor-column elementor-col-100 elementor-top-column elementor-element elementor-element-97fa1c9\" data-id=\"97fa1c9\" data-element_type=\"column\">\n\t\t\t<div class=\"elementor-column-wrap elementor-element-populated\">\n\t\t\t\t\t\t\t<div class=\"elementor-widget-wrap\">\n\t\t\t\t\t\t<div class=\"elementor-element elementor-element-3afda3e elementor-widget elementor-widget-text-editor\" data-id=\"3afda3e\" data-element_type=\"widget\" data-widget_type=\"text-editor.default\">\n\t\t\t\t<div class=\"elementor-widget-container\">\n\t\t\t\t\t\t\t\t<div class=\"elementor-text-editor elementor-clearfix\">\n\t\t\t\t<p><br data-start=\"1729\" data-end=\"1732\" \/><span style=\"text-decoration: underline;\"><strong data-start=\"1732\" data-end=\"1772\">Componentes b\u00e1sicos del dispositivo:<\/strong><\/span><\/p><ul data-start=\"1776\" data-end=\"2066\"><li data-start=\"1776\" data-end=\"1828\">Estructura de soporte con plataforma de servicio<\/li><li data-start=\"1829\" data-end=\"1863\">Boquilla de llenado autom\u00e1tica<\/li><li data-start=\"1864\" data-end=\"1898\">Cinta transportadora de salida<\/li><li data-start=\"1899\" data-end=\"1941\">Sistema de control con pantalla t\u00e1ctil<\/li><li data-start=\"1942\" data-end=\"2015\">Sistema de control claro basado en un PLC Siemens con pantalla t\u00e1ctil<\/li><li data-start=\"2016\" data-end=\"2066\">Accionamientos\/servoaccionamientos SEW o LENZE<\/li><\/ul><p data-start=\"2068\" data-end=\"2096\"><span style=\"text-decoration: underline;\"><strong data-start=\"2068\" data-end=\"2094\">Equipamiento opcional:<\/strong><\/span><\/p><ul data-start=\"2098\" data-end=\"2320\"><li data-start=\"2098\" data-end=\"2137\">Sistema de vibraci\u00f3n del saco lleno<\/li><li data-start=\"2138\" data-end=\"2169\">Sistema de inflado del saco<\/li><li data-start=\"2170\" data-end=\"2221\">Sistema de sujeci\u00f3n del saco durante el llenado<\/li><li data-start=\"2222\" data-end=\"2267\">Transportador de almacenamiento adicional<\/li><li data-start=\"2268\" data-end=\"2320\">Sistema de preparaci\u00f3n para la retirada del saco<\/li><\/ul><p data-start=\"2322\" data-end=\"2371\"><\/p>\t\t\t\t\t<\/div>\n\t\t\t\t\t\t<\/div>\n\t\t\t\t<\/div>\n\t\t\t\t\t\t<\/div>\n\t\t\t\t\t<\/div>\n\t\t<\/div>\n\t\t\t\t<div class=\"elementor-column elementor-col-100 elementor-top-column elementor-element elementor-element-fbf6109\" data-id=\"fbf6109\" data-element_type=\"column\">\n\t\t\t<div class=\"elementor-column-wrap elementor-element-populated\">\n\t\t\t\t\t\t\t<div class=\"elementor-widget-wrap\">\n\t\t\t\t\t\t<div class=\"elementor-element elementor-element-cc5fc1a elementor-widget elementor-widget-text-editor\" data-id=\"cc5fc1a\" data-element_type=\"widget\" data-widget_type=\"text-editor.default\">\n\t\t\t\t<div class=\"elementor-widget-container\">\n\t\t\t\t\t\t\t\t<div class=\"elementor-text-editor elementor-clearfix\">\n\t\t\t\t<p><br data-start=\"1228\" data-end=\"1231\" \/><span style=\"text-decoration: underline;\"><strong data-start=\"1231\" data-end=\"1263\">Par\u00e1metros t\u00e9cnicos b\u00e1sicos:<\/strong><\/span><\/p><ul data-start=\"1267\" data-end=\"1660\"><li data-start=\"1267\" data-end=\"1305\">Peso m\u00e1ximo de la porci\u00f3n: 1500 kg<\/li><li data-start=\"1306\" data-end=\"1343\">Peso m\u00ednimo de la porci\u00f3n: 100 kg<\/li><li data-start=\"1344\" data-end=\"1469\">Capacidad de la l\u00ednea: aprox. 30 t\/h (dependiendo de las propiedades del producto, el operador y el tama\u00f1o de la porci\u00f3n)<\/li><li data-start=\"1470\" data-end=\"1531\">Tipo de sacos: Big-Bag de un solo gancho de polipropileno<\/li><li data-start=\"1532\" data-end=\"1573\">Alimentaci\u00f3n el\u00e9ctrica: 3 x 400V 50Hz<\/li><li data-start=\"1574\" data-end=\"1614\">Requerimiento de potencia: m\u00e1x. 5 kW<\/li><li data-start=\"1615\" data-end=\"1660\">Suministro de aire comprimido: 5 \u2013 10 bar<\/li><\/ul><p data-start=\"1662\" data-end=\"1704\"><\/p>\t\t\t\t\t<\/div>\n\t\t\t\t\t\t<\/div>\n\t\t\t\t<\/div>\n\t\t\t\t<div class=\"elementor-element elementor-element-db4d6d5 elementor-widget elementor-widget-image\" data-id=\"db4d6d5\" data-element_type=\"widget\" data-widget_type=\"image.default\">\n\t\t\t\t<div class=\"elementor-widget-container\">\n\t\t\t\t\t\t\t\t<div class=\"elementor-image\">\n\t\t\t\t\t\t\t\t\t\t\t\t<img width=\"525\" height=\"164\" src=\"https:\/\/drewmax.net.pl\/wp-content\/uploads\/2020\/10\/bigbag12.png\" class=\"attachment-large size-large\" alt=\"\" loading=\"lazy\" srcset=\"https:\/\/drewmax.net.pl\/wp-content\/uploads\/2020\/10\/bigbag12.png 525w, https:\/\/drewmax.net.pl\/wp-content\/uploads\/2020\/10\/bigbag12-300x94.png 300w\" sizes=\"(max-width: 525px) 100vw, 525px\" \/>\t\t\t\t\t\t\t\t\t\t\t\t\t\t<\/div>\n\t\t\t\t\t\t<\/div>\n\t\t\t\t<\/div>\n\t\t\t\t\t\t<\/div>\n\t\t\t\t\t<\/div>\n\t\t<\/div>\n\t\t\t\t\t\t\t\t<\/div>\n\t\t\t\t\t<\/div>\n\t\t<\/section>\n\t\t\t\t<section class=\"elementor-section elementor-top-section elementor-element elementor-element-262542c elementor-section-boxed elementor-section-height-default elementor-section-height-default\" data-id=\"262542c\" data-element_type=\"section\" data-settings=\"{&quot;background_background&quot;:&quot;classic&quot;}\">\n\t\t\t\t\t\t<div class=\"elementor-container elementor-column-gap-default\">\n\t\t\t\t\t\t\t<div class=\"elementor-row\">\n\t\t\t\t\t<div class=\"elementor-column elementor-col-100 elementor-top-column elementor-element elementor-element-31b3d50\" data-id=\"31b3d50\" data-element_type=\"column\">\n\t\t\t<div class=\"elementor-column-wrap elementor-element-populated\">\n\t\t\t\t\t\t\t<div class=\"elementor-widget-wrap\">\n\t\t\t\t\t\t<div class=\"elementor-element elementor-element-8ca63e4 elementor-align-center elementor-widget elementor-widget-button\" data-id=\"8ca63e4\" data-element_type=\"widget\" data-widget_type=\"button.default\">\n\t\t\t\t<div class=\"elementor-widget-container\">\n\t\t\t\t\t<div class=\"elementor-button-wrapper\">\n\t\t\t<a href=\"https:\/\/drewmax.net.pl\/wp-content\/uploads\/2025\/03\/Urzadzenia-sluzace-do-napelniania-workow-typu-Big-Bag_front_ES.pdf\" target=\"_blank\" class=\"elementor-button-link elementor-button elementor-size-lg\" role=\"button\">\n\t\t\t\t\t\t<span class=\"elementor-button-content-wrapper\">\n\t\t\t\t\t\t<span class=\"elementor-button-icon elementor-align-icon-left\">\n\t\t\t\t<i aria-hidden=\"true\" class=\"fas fa-file-download\"><\/i>\t\t\t<\/span>\n\t\t\t\t\t\t<span class=\"elementor-button-text\">Descarga la ficha del producto<\/span>\n\t\t<\/span>\n\t\t\t\t\t<\/a>\n\t\t<\/div>\n\t\t\t\t<\/div>\n\t\t\t\t<\/div>\n\t\t\t\t<div class=\"elementor-element elementor-element-681a2b0 elementor-widget elementor-widget-spacer\" data-id=\"681a2b0\" data-element_type=\"widget\" data-widget_type=\"spacer.default\">\n\t\t\t\t<div class=\"elementor-widget-container\">\n\t\t\t\t\t<div class=\"elementor-spacer\">\n\t\t\t<div class=\"elementor-spacer-inner\"><\/div>\n\t\t<\/div>\n\t\t\t\t<\/div>\n\t\t\t\t<\/div>\n\t\t\t\t\t\t<\/div>\n\t\t\t\t\t<\/div>\n\t\t<\/div>\n\t\t\t\t\t\t\t\t<\/div>\n\t\t\t\t\t<\/div>\n\t\t<\/section>\n\t\t\t\t\t\t<\/div>\n\t\t\t\t\t\t<\/div>\n\t\t\t\t\t<\/div>\n\t\t","protected":false},"excerpt":{"rendered":"<p>Dispositivo para el llenado de sacos Big-Bag de un solo gancho La oferta de Drewmax tambi\u00e9n incluye un dispositivo para llenar sacos Big-Bag de un solo gancho con un peso de 100 a 1500 kg. Los sacos de un solo gancho se llenan mediante dosificadores adecuadamente seleccionados y una b\u00e1scula neta ubicada sobre la estaci\u00f3n&hellip;<\/p>\n","protected":false},"author":1,"featured_media":12245,"parent":0,"menu_order":0,"comment_status":"closed","ping_status":"closed","template":"","meta":[],"yoast_head":"<!-- This site is optimized with the Yoast SEO Premium plugin v15.5 - https:\/\/yoast.com\/wordpress\/plugins\/seo\/ -->\n<title>Wa\u017cenie Pakowanie Paletyzacja Automatyka przemys\u0142owa linie Bigbag<\/title>\n<meta name=\"description\" content=\"Wa\u017cenie Pakowanie Paletyzacja Automatyka przemys\u0142owa linie wa\u017c\u0105co - pakuj\u0105ce zbiorniki technologiczne mikrodozowanie linie PP PE Bigbag\" \/>\n<meta name=\"robots\" content=\"index, follow, max-snippet:-1, max-image-preview:large, max-video-preview:-1\" \/>\n<link rel=\"canonical\" href=\"https:\/\/drewmax.net.pl\/urzadzenie-sluzace-do-napelniania-workow-typu-big-bag-jednozaczepowych\/\" \/>\n<meta property=\"og:locale\" content=\"es_ES\" \/>\n<meta property=\"og:type\" content=\"article\" \/>\n<meta property=\"og:title\" content=\"Wa\u017cenie Pakowanie Paletyzacja Automatyka przemys\u0142owa linie Bigbag\" \/>\n<meta property=\"og:description\" content=\"Wa\u017cenie Pakowanie Paletyzacja Automatyka przemys\u0142owa linie wa\u017c\u0105co - pakuj\u0105ce zbiorniki technologiczne mikrodozowanie linie PP PE Bigbag\" \/>\n<meta property=\"og:url\" content=\"https:\/\/drewmax.net.pl\/urzadzenie-sluzace-do-napelniania-workow-typu-big-bag-jednozaczepowych\/\" \/>\n<meta property=\"og:site_name\" content=\"(Polski) Drewmax - Wa\u017cenie | Pakowanie | Paletyzacja | Automatyka\" \/>\n<meta property=\"article:publisher\" content=\"https:\/\/www.facebook.com\/Drewmax-111641623604429\/\" \/>\n<meta property=\"article:modified_time\" content=\"2025-04-03T12:39:43+00:00\" \/>\n<meta name=\"twitter:card\" content=\"summary_large_image\" \/>\n<meta name=\"twitter:label1\" content=\"Tiempo de lectura\">\n\t<meta name=\"twitter:data1\" content=\"7 minutos\">\n<script type=\"application\/ld+json\" class=\"yoast-schema-graph\">{\"@context\":\"https:\/\/schema.org\",\"@graph\":[{\"@type\":\"Organization\",\"@id\":\"https:\/\/drewmax.net.pl\/en\/#organization\",\"name\":\"DREWMAX Sp\\u00f3\\u0142ka z o.o.\",\"url\":\"https:\/\/drewmax.net.pl\/en\/\",\"sameAs\":[\"https:\/\/www.facebook.com\/Drewmax-111641623604429\/\",\"https:\/\/www.instagram.com\/drewmax.net.pl\/\",\"https:\/\/www.youtube.com\/channel\/UCCS8U5F8gSyJAlSWjxgbLRQ\"],\"logo\":{\"@type\":\"ImageObject\",\"@id\":\"https:\/\/drewmax.net.pl\/en\/#logo\",\"inLanguage\":\"es\",\"url\":\"\",\"caption\":\"DREWMAX Sp\\u00f3\\u0142ka z o.o.\"},\"image\":{\"@id\":\"https:\/\/drewmax.net.pl\/en\/#logo\"}},{\"@type\":\"WebSite\",\"@id\":\"https:\/\/drewmax.net.pl\/en\/#website\",\"url\":\"https:\/\/drewmax.net.pl\/en\/\",\"name\":\"(Polski) Drewmax - Wa\\u017cenie | Pakowanie | Paletyzacja | Automatyka\",\"description\":\"\",\"publisher\":{\"@id\":\"https:\/\/drewmax.net.pl\/en\/#organization\"},\"potentialAction\":[{\"@type\":\"SearchAction\",\"target\":\"https:\/\/drewmax.net.pl\/en\/?s={search_term_string}\",\"query-input\":\"required name=search_term_string\"}],\"inLanguage\":\"es\"},{\"@type\":\"ImageObject\",\"@id\":\"https:\/\/drewmax.net.pl\/urzadzenie-sluzace-do-napelniania-workow-typu-big-bag-jednozaczepowych\/#primaryimage\",\"inLanguage\":\"es\",\"url\":\"\"},{\"@type\":\"WebPage\",\"@id\":\"https:\/\/drewmax.net.pl\/urzadzenie-sluzace-do-napelniania-workow-typu-big-bag-jednozaczepowych\/#webpage\",\"url\":\"https:\/\/drewmax.net.pl\/urzadzenie-sluzace-do-napelniania-workow-typu-big-bag-jednozaczepowych\/\",\"name\":\"Wa\\u017cenie Pakowanie Paletyzacja Automatyka przemys\\u0142owa linie Bigbag\",\"isPartOf\":{\"@id\":\"https:\/\/drewmax.net.pl\/en\/#website\"},\"primaryImageOfPage\":{\"@id\":\"https:\/\/drewmax.net.pl\/urzadzenie-sluzace-do-napelniania-workow-typu-big-bag-jednozaczepowych\/#primaryimage\"},\"datePublished\":\"2016-07-21T11:28:31+00:00\",\"dateModified\":\"2025-04-03T12:39:43+00:00\",\"description\":\"Wa\\u017cenie Pakowanie Paletyzacja Automatyka przemys\\u0142owa linie wa\\u017c\\u0105co - pakuj\\u0105ce zbiorniki technologiczne mikrodozowanie linie PP PE Bigbag\",\"breadcrumb\":{\"@id\":\"https:\/\/drewmax.net.pl\/urzadzenie-sluzace-do-napelniania-workow-typu-big-bag-jednozaczepowych\/#breadcrumb\"},\"inLanguage\":\"es\",\"potentialAction\":[{\"@type\":\"ReadAction\",\"target\":[\"https:\/\/drewmax.net.pl\/urzadzenie-sluzace-do-napelniania-workow-typu-big-bag-jednozaczepowych\/\"]}]},{\"@type\":\"BreadcrumbList\",\"@id\":\"https:\/\/drewmax.net.pl\/urzadzenie-sluzace-do-napelniania-workow-typu-big-bag-jednozaczepowych\/#breadcrumb\",\"itemListElement\":[{\"@type\":\"ListItem\",\"position\":1,\"item\":{\"@type\":\"WebPage\",\"@id\":\"https:\/\/drewmax.net.pl\/\",\"url\":\"https:\/\/drewmax.net.pl\/\",\"name\":\"Home\"}},{\"@type\":\"ListItem\",\"position\":2,\"item\":{\"@type\":\"WebPage\",\"@id\":\"https:\/\/drewmax.net.pl\/urzadzenie-sluzace-do-napelniania-workow-typu-big-bag-jednozaczepowych\/\",\"url\":\"https:\/\/drewmax.net.pl\/urzadzenie-sluzace-do-napelniania-workow-typu-big-bag-jednozaczepowych\/\",\"name\":\"Urz\\u0105dzenie s\\u0142u\\u017c\\u0105ce do nape\\u0142niania work\\u00f3w typu Big-Bag \\u2013 jednozaczepowych\"}}]}]}<\/script>\n<!-- \/ Yoast SEO Premium plugin. -->","_links":{"self":[{"href":"https:\/\/drewmax.net.pl\/es\/wp-json\/wp\/v2\/pages\/166"}],"collection":[{"href":"https:\/\/drewmax.net.pl\/es\/wp-json\/wp\/v2\/pages"}],"about":[{"href":"https:\/\/drewmax.net.pl\/es\/wp-json\/wp\/v2\/types\/page"}],"author":[{"embeddable":true,"href":"https:\/\/drewmax.net.pl\/es\/wp-json\/wp\/v2\/users\/1"}],"replies":[{"embeddable":true,"href":"https:\/\/drewmax.net.pl\/es\/wp-json\/wp\/v2\/comments?post=166"}],"version-history":[{"count":70,"href":"https:\/\/drewmax.net.pl\/es\/wp-json\/wp\/v2\/pages\/166\/revisions"}],"predecessor-version":[{"id":32025,"href":"https:\/\/drewmax.net.pl\/es\/wp-json\/wp\/v2\/pages\/166\/revisions\/32025"}],"wp:featuredmedia":[{"embeddable":true,"href":"https:\/\/drewmax.net.pl\/es\/wp-json\/wp\/v2\/media\/12245"}],"wp:attachment":[{"href":"https:\/\/drewmax.net.pl\/es\/wp-json\/wp\/v2\/media?parent=166"}],"curies":[{"name":"wp","href":"https:\/\/api.w.org\/{rel}","templated":true}]}}