{"id":14835,"date":"2020-10-26T10:42:58","date_gmt":"2020-10-26T09:42:58","guid":{"rendered":"https:\/\/drewmax.net.pl\/newver\/?page_id=14835"},"modified":"2020-10-26T14:28:19","modified_gmt":"2020-10-26T13:28:19","slug":"oferty-pracy","status":"publish","type":"page","link":"https:\/\/drewmax.net.pl\/es\/oferty-pracy\/","title":{"rendered":"(Polski) Oferty Pracy"},"content":{"rendered":"\t\t<div data-elementor-type=\"wp-page\" data-elementor-id=\"14835\" class=\"elementor elementor-14835\" data-elementor-settings=\"[]\">\n\t\t\t\t\t\t<div class=\"elementor-inner\">\n\t\t\t\t\t\t\t<div class=\"elementor-section-wrap\">\n\t\t\t\t\t\t\t<section class=\"elementor-section elementor-top-section elementor-element elementor-element-98e7033 elementor-section-height-min-height elementor-section-boxed elementor-section-height-default elementor-section-items-middle\" data-id=\"98e7033\" data-element_type=\"section\" data-settings=\"{&quot;background_background&quot;:&quot;classic&quot;}\">\n\t\t\t\t\t\t<div class=\"elementor-container elementor-column-gap-default\">\n\t\t\t\t\t\t\t<div class=\"elementor-row\">\n\t\t\t\t\t<div class=\"elementor-column elementor-col-100 elementor-top-column elementor-element elementor-element-91aed5d\" data-id=\"91aed5d\" data-element_type=\"column\">\n\t\t\t<div class=\"elementor-column-wrap elementor-element-populated\">\n\t\t\t\t\t\t\t<div class=\"elementor-widget-wrap\">\n\t\t\t\t\t\t<div class=\"elementor-element elementor-element-02b8621 elementor-widget elementor-widget-heading\" data-id=\"02b8621\" data-element_type=\"widget\" data-widget_type=\"heading.default\">\n\t\t\t\t<div class=\"elementor-widget-container\">\n\t\t\t<h2 class=\"elementor-heading-title elementor-size-xl\">Oferty Pracy<\/h2>\t\t<\/div>\n\t\t\t\t<\/div>\n\t\t\t\t\t\t<\/div>\n\t\t\t\t\t<\/div>\n\t\t<\/div>\n\t\t\t\t\t\t\t\t<\/div>\n\t\t\t\t\t<\/div>\n\t\t<\/section>\n\t\t\t\t<section class=\"elementor-section elementor-top-section elementor-element elementor-element-a071013 elementor-section-content-top elementor-section-boxed elementor-section-height-default elementor-section-height-default\" data-id=\"a071013\" data-element_type=\"section\" data-settings=\"{&quot;background_background&quot;:&quot;classic&quot;}\">\n\t\t\t\t\t\t<div class=\"elementor-container elementor-column-gap-default\">\n\t\t\t\t\t\t\t<div class=\"elementor-row\">\n\t\t\t\t\t<div class=\"elementor-column elementor-col-100 elementor-top-column elementor-element elementor-element-b30672c\" data-id=\"b30672c\" data-element_type=\"column\">\n\t\t\t<div class=\"elementor-column-wrap elementor-element-populated\">\n\t\t\t\t\t\t\t<div class=\"elementor-widget-wrap\">\n\t\t\t\t\t\t<div class=\"elementor-element elementor-element-24bdbe6 elementor-widget elementor-widget-shortcode\" data-id=\"24bdbe6\" data-element_type=\"widget\" data-widget_type=\"shortcode.default\">\n\t\t\t\t<div class=\"elementor-widget-container\">\n\t\t\t\t\t<div class=\"elementor-shortcode\"><div class=\"pt-cv-wrapper\"><div class=\"pt-cv-view pt-cv-grid pt-cv-colsys\" id=\"pt-cv-view-a5bf4c7rqu\"><div data-id=\"pt-cv-page-1\" class=\"pt-cv-page\" data-cvc=\"2\"><div class=\"col-md-6 col-sm-6 col-xs-12 pt-cv-content-item pt-cv-1-col\" ><div class='pt-cv-ifield'><h4 class=\"pt-cv-title\"><a href=\"https:\/\/drewmax.net.pl\/es\/poszukujemy-lakiernika\/\" class=\"_self\" target=\"_self\" >(Polski) Poszukujemy lakiernika<\/a><\/h4>\n<div class=\"pt-cv-content\">WYMAGANIA OD KANDYDAT\u00d3W: Do\u015bwiadczenie w malowaniu na mokro Dok\u0142adno\u015b\u0107, staranno\u015b\u0107, samodzielno\u015b\u0107 Umiej\u0119tno\u015b\u0107 pracy w zespole ZAKRES OBOWI\u0104ZK\u00d3W: Malowanie element\u00f3w stalowych ...<br \/><a href=\"https:\/\/drewmax.net.pl\/es\/poszukujemy-lakiernika\/\" class=\"_self pt-cv-readmore btn btn-success\" target=\"_self\">Czytaj Dalej<\/a><\/div><\/div><\/div>\n<div class=\"col-md-6 col-sm-6 col-xs-12 pt-cv-content-item pt-cv-1-col\" ><div class='pt-cv-ifield'><h4 class=\"pt-cv-title\"><a href=\"https:\/\/drewmax.net.pl\/es\/poszukujemy-operatora-pily-tasmowej\/\" class=\"_self\" target=\"_self\" >(Polski) Poszukujemy operatora pi\u0142y ta\u015bmowej<\/a><\/h4>\n<div class=\"pt-cv-content\">WYMAGANIA OD KANDYDAT\u00d3W: \u00a0 \u00b7\u00a0\u00a0\u00a0\u00a0\u00a0\u00a0\u00a0\u00a0 Umiej\u0119tno\u015b\u0107 czytania projekt\u00f3w technicznych \u00b7\u00a0\u00a0\u00a0\u00a0\u00a0\u00a0\u00a0\u00a0 Mile widziane uprawnienia na w\u00f3zek wid\u0142owy (w przypadku braku uprawnie\u0144 ...<br \/><a href=\"https:\/\/drewmax.net.pl\/es\/poszukujemy-operatora-pily-tasmowej\/\" class=\"_self pt-cv-readmore btn btn-success\" target=\"_self\">Czytaj Dalej<\/a><\/div><\/div><\/div>\n<div class=\"col-md-6 col-sm-6 col-xs-12 pt-cv-content-item pt-cv-1-col\" ><div class='pt-cv-ifield'><h4 class=\"pt-cv-title\"><a href=\"https:\/\/drewmax.net.pl\/es\/poszukujemy-operator-wykrawarki\/\" class=\"_self\" target=\"_self\" >(Polski) Poszukujemy operatora wykrawarki<\/a><\/h4>\n<div class=\"pt-cv-content\">WYMAGANIA OD KANDYDAT\u00d3W: \u00b7\u00a0\u00a0\u00a0\u00a0\u00a0\u00a0\u00a0\u00a0 do\u015bwiadczenie w obs\u0142udze wykrawarki Waterjet (mile widziane) \u00b7\u00a0\u00a0\u00a0\u00a0\u00a0\u00a0\u00a0\u00a0 umiej\u0119tno\u015b\u0107 czytania rysunku technicznego \u00b7\u00a0\u00a0\u00a0\u00a0\u00a0\u00a0\u00a0\u00a0 pos\u0142ugiwanie si\u0119 narz\u0119dziami ...<br \/><a href=\"https:\/\/drewmax.net.pl\/es\/poszukujemy-operator-wykrawarki\/\" class=\"_self pt-cv-readmore btn btn-success\" target=\"_self\">Czytaj Dalej<\/a><\/div><\/div><\/div>\n<div class=\"col-md-6 col-sm-6 col-xs-12 pt-cv-content-item pt-cv-1-col\" ><div class='pt-cv-ifield'><h4 class=\"pt-cv-title\"><a href=\"https:\/\/drewmax.net.pl\/es\/poszukujemy-operatora-wycinarki-laserowej\/\" class=\"_self\" target=\"_self\" >(Polski) Poszukujemy operatora wycinarki laserowej<\/a><\/h4>\n<div class=\"pt-cv-content\">WYMAGANIA OD KANDYDAT\u00d3W: \u00a0 \u00b7\u00a0\u00a0\u00a0\u00a0\u00a0\u00a0\u00a0\u00a0 do\u015bwiadczenie w obs\u0142udze wycinarki laserowej (mile widziane) \u00b7\u00a0\u00a0\u00a0\u00a0\u00a0\u00a0\u00a0\u00a0 umiej\u0119tno\u015b\u0107 czytania rysunku technicznego \u00b7\u00a0\u00a0\u00a0\u00a0\u00a0\u00a0\u00a0\u00a0 pos\u0142ugiwanie si\u0119 ...<br \/><a href=\"https:\/\/drewmax.net.pl\/es\/poszukujemy-operatora-wycinarki-laserowej\/\" class=\"_self pt-cv-readmore btn btn-success\" target=\"_self\">Czytaj Dalej<\/a><\/div><\/div><\/div>\n<div class=\"col-md-6 col-sm-6 col-xs-12 pt-cv-content-item pt-cv-1-col\" ><div class='pt-cv-ifield'><h4 class=\"pt-cv-title\"><a href=\"https:\/\/drewmax.net.pl\/es\/poszukujemy-monterow\/\" class=\"_self\" target=\"_self\" >(Polski) Poszukujemy Monter\u00f3w<\/a><\/h4>\n<div class=\"pt-cv-content\">WYMAGANIA OD KANDYDAT\u00d3W: \u00b7\u00a0\u00a0\u00a0\u00a0\u00a0\u00a0\u00a0\u00a0 Umiej\u0119tno\u015b\u0107 pos\u0142ugiwania si\u0119 elektronarz\u0119dziami \u00b7\u00a0\u00a0\u00a0\u00a0\u00a0\u00a0\u00a0\u00a0 Umiej\u0119tno\u015b\u0107 czytania rysunku technicznego \u00b7\u00a0\u00a0\u00a0\u00a0\u00a0\u00a0\u00a0\u00a0 Dok\u0142adno\u015b\u0107, staranno\u015b\u0107, zaanga\u017cowanie \u00b7\u00a0\u00a0\u00a0\u00a0\u00a0\u00a0\u00a0\u00a0 Umiej\u0119tno\u015b\u0107 pracy ...<br \/><a href=\"https:\/\/drewmax.net.pl\/es\/poszukujemy-monterow\/\" class=\"_self pt-cv-readmore btn btn-success\" target=\"_self\">Czytaj Dalej<\/a><\/div><\/div><\/div>\n<div class=\"col-md-6 col-sm-6 col-xs-12 pt-cv-content-item pt-cv-1-col\" ><div class='pt-cv-ifield'><h4 class=\"pt-cv-title\"><a href=\"https:\/\/drewmax.net.pl\/es\/poszukujemy-automatykow\/\" class=\"_self\" target=\"_self\" >Poszukujemy automatyk\u00f3w<\/a><\/h4>\n<div class=\"pt-cv-content\">Disculpa, pero esta entrada est\u00e1 disponible s\u00f3lo en Polaco ...<br \/><a href=\"https:\/\/drewmax.net.pl\/es\/poszukujemy-automatykow\/\" class=\"_self pt-cv-readmore btn btn-success\" target=\"_self\">Czytaj Dalej<\/a><\/div><\/div><\/div><\/div><\/div><\/div><\/div>\n\t\t\t\t<\/div>\n\t\t\t\t<\/div>\n\t\t\t\t\t\t<\/div>\n\t\t\t\t\t<\/div>\n\t\t<\/div>\n\t\t\t\t\t\t\t\t<\/div>\n\t\t\t\t\t<\/div>\n\t\t<\/section>\n\t\t\t\t<section class=\"elementor-section elementor-top-section elementor-element elementor-element-faa80a5 elementor-section-height-full elementor-section-boxed elementor-section-height-default elementor-section-items-middle\" data-id=\"faa80a5\" data-element_type=\"section\" data-settings=\"{&quot;background_background&quot;:&quot;classic&quot;}\">\n\t\t\t\t\t\t<div class=\"elementor-container elementor-column-gap-default\">\n\t\t\t\t\t\t\t<div class=\"elementor-row\">\n\t\t\t\t\t<div class=\"elementor-column elementor-col-100 elementor-top-column elementor-element elementor-element-f8ac744\" data-id=\"f8ac744\" data-element_type=\"column\">\n\t\t\t<div class=\"elementor-column-wrap\">\n\t\t\t\t\t\t\t<div class=\"elementor-widget-wrap\">\n\t\t\t\t\t\t\t\t<\/div>\n\t\t\t\t\t<\/div>\n\t\t<\/div>\n\t\t\t\t\t\t\t\t<\/div>\n\t\t\t\t\t<\/div>\n\t\t<\/section>\n\t\t\t\t\t\t<\/div>\n\t\t\t\t\t\t<\/div>\n\t\t\t\t\t<\/div>\n\t\t","protected":false},"excerpt":{"rendered":"<p>Oferty Pracy<\/p>\n","protected":false},"author":1,"featured_media":0,"parent":0,"menu_order":0,"comment_status":"closed","ping_status":"closed","template":"","meta":[],"yoast_head":"<!-- This site is optimized with the Yoast SEO Premium plugin v15.5 - https:\/\/yoast.com\/wordpress\/plugins\/seo\/ -->\n<title><\/title>\n<meta name=\"description\" content=\"Oferty Pracy firmy Drewmax. Szukasz pracy? Sprawd\u017a czy szukamy w\u0142a\u015bnie Ciebie! DREWMAX - Wa\u017cenie | Pakowanie | Paletyzacja | Automatyka\" \/>\n<meta name=\"robots\" content=\"index, follow, max-snippet:-1, max-image-preview:large, max-video-preview:-1\" \/>\n<link rel=\"canonical\" href=\"https:\/\/drewmax.net.pl\/oferty-pracy\/\" \/>\n<meta property=\"og:locale\" content=\"es_ES\" \/>\n<meta property=\"og:type\" content=\"article\" \/>\n<meta property=\"og:title\" content=\"[:pl]Oferty Pracy[:] - (Polski) Drewmax - Wa\u017cenie | Pakowanie | Paletyzacja | Automatyka | Wa\u017cenie | Pakowanie | Automatyka\" \/>\n<meta property=\"og:description\" content=\"Oferty Pracy firmy Drewmax. Szukasz pracy? Sprawd\u017a czy szukamy w\u0142a\u015bnie Ciebie! DREWMAX - Wa\u017cenie | Pakowanie | Paletyzacja | Automatyka\" \/>\n<meta property=\"og:url\" content=\"https:\/\/drewmax.net.pl\/oferty-pracy\/\" \/>\n<meta property=\"og:site_name\" content=\"(Polski) Drewmax - Wa\u017cenie | Pakowanie | Paletyzacja | Automatyka\" \/>\n<meta property=\"article:publisher\" content=\"https:\/\/www.facebook.com\/Drewmax-111641623604429\/\" \/>\n<meta property=\"article:modified_time\" content=\"2020-10-26T13:28:19+00:00\" \/>\n<meta name=\"twitter:card\" content=\"summary_large_image\" \/>\n<meta name=\"twitter:label1\" content=\"Tiempo de lectura\">\n\t<meta name=\"twitter:data1\" content=\"0 minutos\">\n<script type=\"application\/ld+json\" class=\"yoast-schema-graph\">{\"@context\":\"https:\/\/schema.org\",\"@graph\":[{\"@type\":\"Organization\",\"@id\":\"https:\/\/drewmax.net.pl\/en\/#organization\",\"name\":\"DREWMAX Sp\\u00f3\\u0142ka z o.o.\",\"url\":\"https:\/\/drewmax.net.pl\/en\/\",\"sameAs\":[\"https:\/\/www.facebook.com\/Drewmax-111641623604429\/\",\"https:\/\/www.instagram.com\/drewmax.net.pl\/\",\"https:\/\/www.youtube.com\/channel\/UCCS8U5F8gSyJAlSWjxgbLRQ\"],\"logo\":{\"@type\":\"ImageObject\",\"@id\":\"https:\/\/drewmax.net.pl\/en\/#logo\",\"inLanguage\":\"es\",\"url\":\"\",\"caption\":\"DREWMAX Sp\\u00f3\\u0142ka z o.o.\"},\"image\":{\"@id\":\"https:\/\/drewmax.net.pl\/en\/#logo\"}},{\"@type\":\"WebSite\",\"@id\":\"https:\/\/drewmax.net.pl\/en\/#website\",\"url\":\"https:\/\/drewmax.net.pl\/en\/\",\"name\":\"(Polski) Drewmax - Wa\\u017cenie | Pakowanie | Paletyzacja | Automatyka\",\"description\":\"\",\"publisher\":{\"@id\":\"https:\/\/drewmax.net.pl\/en\/#organization\"},\"potentialAction\":[{\"@type\":\"SearchAction\",\"target\":\"https:\/\/drewmax.net.pl\/en\/?s={search_term_string}\",\"query-input\":\"required name=search_term_string\"}],\"inLanguage\":\"es\"},{\"@type\":\"WebPage\",\"@id\":\"https:\/\/drewmax.net.pl\/oferty-pracy\/#webpage\",\"url\":\"https:\/\/drewmax.net.pl\/oferty-pracy\/\",\"name\":\"[:pl]Oferty Pracy[:] - (Polski) Drewmax - Wa\\u017cenie | Pakowanie | Paletyzacja | Automatyka | Wa\\u017cenie | Pakowanie | Automatyka\",\"isPartOf\":{\"@id\":\"https:\/\/drewmax.net.pl\/en\/#website\"},\"datePublished\":\"2020-10-26T09:42:58+00:00\",\"dateModified\":\"2020-10-26T13:28:19+00:00\",\"description\":\"Oferty Pracy firmy Drewmax. Szukasz pracy? Sprawd\\u017a czy szukamy w\\u0142a\\u015bnie Ciebie! DREWMAX - Wa\\u017cenie | Pakowanie | Paletyzacja | Automatyka\",\"breadcrumb\":{\"@id\":\"https:\/\/drewmax.net.pl\/oferty-pracy\/#breadcrumb\"},\"inLanguage\":\"es\",\"potentialAction\":[{\"@type\":\"ReadAction\",\"target\":[\"https:\/\/drewmax.net.pl\/oferty-pracy\/\"]}]},{\"@type\":\"BreadcrumbList\",\"@id\":\"https:\/\/drewmax.net.pl\/oferty-pracy\/#breadcrumb\",\"itemListElement\":[{\"@type\":\"ListItem\",\"position\":1,\"item\":{\"@type\":\"WebPage\",\"@id\":\"https:\/\/drewmax.net.pl\/\",\"url\":\"https:\/\/drewmax.net.pl\/\",\"name\":\"Home\"}},{\"@type\":\"ListItem\",\"position\":2,\"item\":{\"@type\":\"WebPage\",\"@id\":\"https:\/\/drewmax.net.pl\/oferty-pracy\/\",\"url\":\"https:\/\/drewmax.net.pl\/oferty-pracy\/\",\"name\":\"Oferty Pracy\"}}]}]}<\/script>\n<!-- \/ Yoast SEO Premium plugin. -->","_links":{"self":[{"href":"https:\/\/drewmax.net.pl\/es\/wp-json\/wp\/v2\/pages\/14835"}],"collection":[{"href":"https:\/\/drewmax.net.pl\/es\/wp-json\/wp\/v2\/pages"}],"about":[{"href":"https:\/\/drewmax.net.pl\/es\/wp-json\/wp\/v2\/types\/page"}],"author":[{"embeddable":true,"href":"https:\/\/drewmax.net.pl\/es\/wp-json\/wp\/v2\/users\/1"}],"replies":[{"embeddable":true,"href":"https:\/\/drewmax.net.pl\/es\/wp-json\/wp\/v2\/comments?post=14835"}],"version-history":[{"count":0,"href":"https:\/\/drewmax.net.pl\/es\/wp-json\/wp\/v2\/pages\/14835\/revisions"}],"wp:attachment":[{"href":"https:\/\/drewmax.net.pl\/es\/wp-json\/wp\/v2\/media?parent=14835"}],"curies":[{"name":"wp","href":"https:\/\/api.w.org\/{rel}","templated":true}]}}