{"id":14,"date":"2025-03-11T11:58:23","date_gmt":"2025-03-11T10:58:23","guid":{"rendered":"https:\/\/drewmax.net.pl\/newver\/?page_id=14"},"modified":"2026-04-16T14:39:58","modified_gmt":"2026-04-16T12:39:58","slug":"drewmax-sp-z-o-o","status":"publish","type":"page","link":"https:\/\/drewmax.net.pl\/es\/","title":{"rendered":"Strona G\u0142\u00f3wna"},"content":{"rendered":"<p class=\"qtranxs-available-languages-message qtranxs-available-languages-message-es\">Disculpa, pero esta entrada est\u00e1 disponible s\u00f3lo en <a href=\"https:\/\/drewmax.net.pl\/pl\/wp-json\/wp\/v2\/pages\/14\" class=\"qtranxs-available-language-link qtranxs-available-language-link-pl\" title=\"Polski\">Polaco<\/a> y <a href=\"https:\/\/drewmax.net.pl\/en\/wp-json\/wp\/v2\/pages\/14\" class=\"qtranxs-available-language-link qtranxs-available-language-link-en\" title=\"English\">Ingl\u00e9s Estadounidense<\/a>.<\/p>","protected":false},"excerpt":{"rendered":"<p>https:\/\/drewmax.net.pl\/wp-content\/uploads\/2026\/04\/Logo-Interpack-HQ_v2.mp4https:\/\/drewmax.net.pl\/wp-content\/uploads\/2026\/04\/Logo-Interpack-HQ_v2.mp4 Oferta Nuestros clientes Contacto Servicio Noticias Oferta M\u00e1quinas de embalaje Paletizadores L\u00edneas de pesaje y embalaje B\u00e1sculas de sistema Automatizaci\u00f3n industrial Superficie 2500 m2 Naves de producci\u00f3n M\u00e1s de 150 Empleados Pasado 1800 Dispositivos fabricados M\u00e1s de 100 Dispositivos en oferta &nbsp; 26 A\u00f1os de experienciaen el mercado Estaciones de descarga BIG-BAG Estaciones de&hellip;<\/p>\n","protected":false},"author":1,"featured_media":0,"parent":0,"menu_order":0,"comment_status":"closed","ping_status":"closed","template":"","meta":[],"yoast_head":"<!-- This site is optimized with the Yoast SEO Premium plugin v15.5 - https:\/\/yoast.com\/wordpress\/plugins\/seo\/ -->\n<title>automatyka przemys\u0142owa maszyny pakuj\u0105ce wa\u017cenie paletyzacja<\/title>\n<meta name=\"description\" content=\"automatyka przemys\u0142owa wa\u017cenie pakowanie paletyzacja stretch bigbag zbiorniki technologiczne mikrodozowanie maszyny pakuj\u0105ce\" \/>\n<meta name=\"robots\" content=\"index, follow, max-snippet:-1, max-image-preview:large, max-video-preview:-1\" \/>\n<link rel=\"canonical\" href=\"https:\/\/drewmax.net.pl\/\" \/>\n<meta property=\"og:locale\" content=\"es_ES\" \/>\n<meta property=\"og:type\" content=\"article\" \/>\n<meta property=\"og:title\" content=\"automatyka przemys\u0142owa maszyny pakuj\u0105ce wa\u017cenie paletyzacja\" \/>\n<meta property=\"og:description\" content=\"automatyka przemys\u0142owa wa\u017cenie pakowanie paletyzacja stretch bigbag zbiorniki technologiczne mikrodozowanie maszyny pakuj\u0105ce\" \/>\n<meta property=\"og:url\" content=\"https:\/\/drewmax.net.pl\/\" \/>\n<meta property=\"og:site_name\" content=\"(Polski) Drewmax - Wa\u017cenie | Pakowanie | Paletyzacja | Automatyka\" \/>\n<meta property=\"article:publisher\" content=\"https:\/\/www.facebook.com\/Drewmax-111641623604429\/\" \/>\n<meta property=\"article:modified_time\" content=\"2026-04-16T12:39:58+00:00\" \/>\n<meta property=\"og:image\" content=\"https:\/\/drewmax.net.pl\/wp-content\/uploads\/2024\/12\/FE_POIR_poziom_pl-1_rgb-1024x141.png\" \/>\n<meta name=\"twitter:card\" content=\"summary_large_image\" \/>\n<meta name=\"twitter:label1\" content=\"Tiempo de lectura\">\n\t<meta name=\"twitter:data1\" content=\"20 minutos\">\n<script type=\"application\/ld+json\" class=\"yoast-schema-graph\">{\"@context\":\"https:\/\/schema.org\",\"@graph\":[{\"@type\":\"Organization\",\"@id\":\"https:\/\/drewmax.net.pl\/en\/#organization\",\"name\":\"DREWMAX Sp\\u00f3\\u0142ka z o.o.\",\"url\":\"https:\/\/drewmax.net.pl\/en\/\",\"sameAs\":[\"https:\/\/www.facebook.com\/Drewmax-111641623604429\/\",\"https:\/\/www.instagram.com\/drewmax.net.pl\/\",\"https:\/\/www.youtube.com\/channel\/UCCS8U5F8gSyJAlSWjxgbLRQ\"],\"logo\":{\"@type\":\"ImageObject\",\"@id\":\"https:\/\/drewmax.net.pl\/en\/#logo\",\"inLanguage\":\"es\",\"url\":\"\",\"caption\":\"DREWMAX Sp\\u00f3\\u0142ka z o.o.\"},\"image\":{\"@id\":\"https:\/\/drewmax.net.pl\/en\/#logo\"}},{\"@type\":\"WebSite\",\"@id\":\"https:\/\/drewmax.net.pl\/en\/#website\",\"url\":\"https:\/\/drewmax.net.pl\/en\/\",\"name\":\"(Polski) Drewmax - Wa\\u017cenie | Pakowanie | Paletyzacja | Automatyka\",\"description\":\"\",\"publisher\":{\"@id\":\"https:\/\/drewmax.net.pl\/en\/#organization\"},\"potentialAction\":[{\"@type\":\"SearchAction\",\"target\":\"https:\/\/drewmax.net.pl\/en\/?s={search_term_string}\",\"query-input\":\"required name=search_term_string\"}],\"inLanguage\":\"es\"},{\"@type\":\"ImageObject\",\"@id\":\"https:\/\/drewmax.net.pl\/#primaryimage\",\"inLanguage\":\"es\",\"url\":\"https:\/\/drewmax.net.pl\/wp-content\/uploads\/2024\/12\/FE_POIR_poziom_pl-1_rgb.png\",\"width\":1920,\"height\":264},{\"@type\":\"WebPage\",\"@id\":\"https:\/\/drewmax.net.pl\/#webpage\",\"url\":\"https:\/\/drewmax.net.pl\/\",\"name\":\"automatyka przemys\\u0142owa maszyny pakuj\\u0105ce wa\\u017cenie paletyzacja\",\"isPartOf\":{\"@id\":\"https:\/\/drewmax.net.pl\/en\/#website\"},\"primaryImageOfPage\":{\"@id\":\"https:\/\/drewmax.net.pl\/#primaryimage\"},\"datePublished\":\"2025-03-11T10:58:23+00:00\",\"dateModified\":\"2026-04-16T12:39:58+00:00\",\"description\":\"automatyka przemys\\u0142owa wa\\u017cenie pakowanie paletyzacja stretch bigbag zbiorniki technologiczne mikrodozowanie maszyny pakuj\\u0105ce\",\"breadcrumb\":{\"@id\":\"https:\/\/drewmax.net.pl\/#breadcrumb\"},\"inLanguage\":\"es\",\"potentialAction\":[{\"@type\":\"ReadAction\",\"target\":[\"https:\/\/drewmax.net.pl\/\"]}]},{\"@type\":\"BreadcrumbList\",\"@id\":\"https:\/\/drewmax.net.pl\/#breadcrumb\",\"itemListElement\":[{\"@type\":\"ListItem\",\"position\":1,\"item\":{\"@type\":\"WebPage\",\"@id\":\"https:\/\/drewmax.net.pl\/\",\"url\":\"https:\/\/drewmax.net.pl\/\",\"name\":\"Home\"}},{\"@type\":\"ListItem\",\"position\":2,\"item\":{\"@type\":\"WebPage\",\"@id\":\"https:\/\/drewmax.net.pl\/\",\"url\":\"https:\/\/drewmax.net.pl\/\",\"name\":\"Strona G\\u0142\\u00f3wna\"}}]}]}<\/script>\n<!-- \/ Yoast SEO Premium plugin. -->","_links":{"self":[{"href":"https:\/\/drewmax.net.pl\/es\/wp-json\/wp\/v2\/pages\/14"}],"collection":[{"href":"https:\/\/drewmax.net.pl\/es\/wp-json\/wp\/v2\/pages"}],"about":[{"href":"https:\/\/drewmax.net.pl\/es\/wp-json\/wp\/v2\/types\/page"}],"author":[{"embeddable":true,"href":"https:\/\/drewmax.net.pl\/es\/wp-json\/wp\/v2\/users\/1"}],"replies":[{"embeddable":true,"href":"https:\/\/drewmax.net.pl\/es\/wp-json\/wp\/v2\/comments?post=14"}],"version-history":[{"count":631,"href":"https:\/\/drewmax.net.pl\/es\/wp-json\/wp\/v2\/pages\/14\/revisions"}],"predecessor-version":[{"id":32582,"href":"https:\/\/drewmax.net.pl\/es\/wp-json\/wp\/v2\/pages\/14\/revisions\/32582"}],"wp:attachment":[{"href":"https:\/\/drewmax.net.pl\/es\/wp-json\/wp\/v2\/media?parent=14"}],"curies":[{"name":"wp","href":"https:\/\/api.w.org\/{rel}","templated":true}]}}