{"id":138,"date":"2016-07-21T12:09:12","date_gmt":"2016-07-21T10:09:12","guid":{"rendered":"http:\/\/drewmax.net.pl\/?page_id=138"},"modified":"2025-04-03T14:05:01","modified_gmt":"2025-04-03T12:05:01","slug":"pwo-1000","status":"publish","type":"page","link":"https:\/\/drewmax.net.pl\/es\/paletyzatory-workow\/pwo-1000\/","title":{"rendered":"Paletyzator work\u00f3w PWO-1000"},"content":{"rendered":"\t\t<div data-elementor-type=\"wp-post\" data-elementor-id=\"138\" class=\"elementor elementor-138\" data-elementor-settings=\"[]\">\n\t\t\t\t\t\t<div class=\"elementor-inner\">\n\t\t\t\t\t\t\t<div class=\"elementor-section-wrap\">\n\t\t\t\t\t\t\t<section class=\"elementor-section elementor-top-section elementor-element elementor-element-b50b186 elementor-section-boxed elementor-section-height-default elementor-section-height-default\" data-id=\"b50b186\" data-element_type=\"section\" data-settings=\"{&quot;background_background&quot;:&quot;classic&quot;}\">\n\t\t\t\t\t\t<div class=\"elementor-container elementor-column-gap-default\">\n\t\t\t\t\t\t\t<div class=\"elementor-row\">\n\t\t\t\t\t<div class=\"elementor-column elementor-col-100 elementor-top-column elementor-element elementor-element-1e1ac30\" data-id=\"1e1ac30\" data-element_type=\"column\">\n\t\t\t<div class=\"elementor-column-wrap elementor-element-populated\">\n\t\t\t\t\t\t\t<div class=\"elementor-widget-wrap\">\n\t\t\t\t\t\t<div class=\"elementor-element elementor-element-56b1d9f elementor-widget elementor-widget-heading\" data-id=\"56b1d9f\" data-element_type=\"widget\" data-widget_type=\"heading.default\">\n\t\t\t\t<div class=\"elementor-widget-container\">\n\t\t\t<h2 class=\"elementor-heading-title elementor-size-xl\">Paletizador de sacos PWO-1000<\/h2>\t\t<\/div>\n\t\t\t\t<\/div>\n\t\t\t\t\t\t<\/div>\n\t\t\t\t\t<\/div>\n\t\t<\/div>\n\t\t\t\t\t\t\t\t<\/div>\n\t\t\t\t\t<\/div>\n\t\t<\/section>\n\t\t\t\t<section class=\"elementor-section elementor-top-section elementor-element elementor-element-ab5417d elementor-section-boxed elementor-section-height-default elementor-section-height-default\" data-id=\"ab5417d\" data-element_type=\"section\" data-settings=\"{&quot;background_background&quot;:&quot;classic&quot;}\">\n\t\t\t\t\t\t<div class=\"elementor-container elementor-column-gap-default\">\n\t\t\t\t\t\t\t<div class=\"elementor-row\">\n\t\t\t\t\t<div class=\"elementor-column elementor-col-100 elementor-top-column elementor-element elementor-element-662ee94\" data-id=\"662ee94\" data-element_type=\"column\">\n\t\t\t<div class=\"elementor-column-wrap elementor-element-populated\">\n\t\t\t\t\t\t\t<div class=\"elementor-widget-wrap\">\n\t\t\t\t\t\t<div class=\"elementor-element elementor-element-89d4e08 elementor-widget elementor-widget-text-editor\" data-id=\"89d4e08\" data-element_type=\"widget\" data-widget_type=\"text-editor.default\">\n\t\t\t\t<div class=\"elementor-widget-container\">\n\t\t\t\t\t\t\t\t<div class=\"elementor-text-editor elementor-clearfix\">\n\t\t\t\t<p><\/p><p data-start=\"2545\" data-end=\"2820\">El \u00faltimo elemento en el ciclo de empaquetado del producto es su paletizaci\u00f3n. Nuestra oferta incluye un sistema autom\u00e1tico para apilar sacos en palets. La adaptaci\u00f3n \u00f3ptima de las soluciones de varios mecanismos del equipo permite una eficiencia de hasta <strong>850 sacos por hora.<\/strong><\/p><p data-start=\"2822\" data-end=\"3359\">El paletizador es una parte esencial del sistema de paletizaci\u00f3n, cuya configuraci\u00f3n depende de las necesidades espec\u00edficas y las condiciones de producci\u00f3n y tecnol\u00f3gicas del cliente. Puede ser adicionalmente equipado con un alimentador de palets vac\u00edos y un almac\u00e9n de separadores, seg\u00fan las necesidades. Nuestro alcance de actividad incluye asesoramiento, dise\u00f1o, fabricaci\u00f3n y servicio al cliente. Gracias a nuestra experiencia y al uso de t\u00e9cnicas de dise\u00f1o 3D modernas, podemos aplicar eficazmente nuestro sistema a sus necesidades.<\/p><p data-start=\"3366\" data-end=\"3379\"><\/p>\t\t\t\t\t<\/div>\n\t\t\t\t\t\t<\/div>\n\t\t\t\t<\/div>\n\t\t\t\t\t\t<\/div>\n\t\t\t\t\t<\/div>\n\t\t<\/div>\n\t\t\t\t\t\t\t\t<\/div>\n\t\t\t\t\t<\/div>\n\t\t<\/section>\n\t\t\t\t<section class=\"elementor-section elementor-top-section elementor-element elementor-element-7684221 elementor-section-boxed elementor-section-height-default elementor-section-height-default\" data-id=\"7684221\" data-element_type=\"section\" data-settings=\"{&quot;background_background&quot;:&quot;classic&quot;}\">\n\t\t\t\t\t\t<div class=\"elementor-container elementor-column-gap-default\">\n\t\t\t\t\t\t\t<div class=\"elementor-row\">\n\t\t\t\t\t<div class=\"elementor-column elementor-col-100 elementor-top-column elementor-element elementor-element-aee88b1\" data-id=\"aee88b1\" data-element_type=\"column\">\n\t\t\t<div class=\"elementor-column-wrap elementor-element-populated\">\n\t\t\t\t\t\t\t<div class=\"elementor-widget-wrap\">\n\t\t\t\t\t\t<div class=\"elementor-element elementor-element-f179c6a elementor-widget elementor-widget-text-editor\" data-id=\"f179c6a\" data-element_type=\"widget\" data-widget_type=\"text-editor.default\">\n\t\t\t\t<div class=\"elementor-widget-container\">\n\t\t\t\t\t\t\t\t<div class=\"elementor-text-editor elementor-clearfix\">\n\t\t\t\t<p><\/p><p data-start=\"1198\" data-end=\"1230\"><span style=\"text-decoration: underline;\"><strong>Par\u00e1metros t\u00e9cnicos principales:<\/strong><\/span><\/p><ul data-start=\"1232\" data-end=\"1563\"><li data-start=\"1232\" data-end=\"1278\">N\u00famero de palets en el almac\u00e9n \u2013 16 unidades<\/li><li data-start=\"1279\" data-end=\"1311\">Capacidad de la gr\u00faa \u2013 1200 kg<\/li><li data-start=\"1312\" data-end=\"1342\">Peso m\u00e1ximo del saco \u2013 55 kg<\/li><li data-start=\"1343\" data-end=\"1369\">Rendimiento: 850 sacos\/h<\/li><li data-start=\"1370\" data-end=\"1429\">Cantidad ilimitada de m\u00e9todos de paletizaci\u00f3n programados<\/li><li data-start=\"1430\" data-end=\"1456\">Potencia instalada 27 kW<\/li><li data-start=\"1457\" data-end=\"1495\">Voltaje de alimentaci\u00f3n 3x400V; 50Hz<\/li><li data-start=\"1496\" data-end=\"1527\">Alimentaci\u00f3n de aire 6-10 bar<\/li><li data-start=\"1528\" data-end=\"1563\">Consumo de aire aprox. 200 Nl\/min<\/li><\/ul><p data-start=\"1570\" data-end=\"1583\"><\/p>\t\t\t\t\t<\/div>\n\t\t\t\t\t\t<\/div>\n\t\t\t\t<\/div>\n\t\t\t\t\t\t<\/div>\n\t\t\t\t\t<\/div>\n\t\t<\/div>\n\t\t\t\t<div class=\"elementor-column elementor-col-100 elementor-top-column elementor-element elementor-element-d20375e\" data-id=\"d20375e\" data-element_type=\"column\">\n\t\t\t<div class=\"elementor-column-wrap elementor-element-populated\">\n\t\t\t\t\t\t\t<div class=\"elementor-widget-wrap\">\n\t\t\t\t\t\t<div class=\"elementor-element elementor-element-61ec48d elementor-widget elementor-widget-html\" data-id=\"61ec48d\" data-element_type=\"widget\" data-widget_type=\"html.default\">\n\t\t\t\t<div class=\"elementor-widget-container\">\n\t\t\t<noscript>\r\n    <img src=\"\/rendery\/pwo1000\/1.jpg\" alt=\"pwo1000\">\r\n<\/noscript>\r\n    <div\r\n      class=\"cloudimage-360\"\r\n      data-folder=\"\/rendery\/pwo1000\/\"\r\n      data-filename=\"{index}.jpg\"\r\n      data-amount=\"72\"\r\n      data-magnifier=\"3\"\r\n      data-spin-reverse\r\n    ><\/div>\r\n    <!-- Add script tag with CDN link to js-cloudimage-360-view lib after all content in body tag -->\r\n    <script src=\"\/rendery\/wbs\/wbs.js\"><\/script>\t\t<\/div>\n\t\t\t\t<\/div>\n\t\t\t\t\t\t<\/div>\n\t\t\t\t\t<\/div>\n\t\t<\/div>\n\t\t\t\t\t\t\t\t<\/div>\n\t\t\t\t\t<\/div>\n\t\t<\/section>\n\t\t\t\t<section class=\"elementor-section elementor-top-section elementor-element elementor-element-4661ed2 elementor-section-boxed elementor-section-height-default elementor-section-height-default\" data-id=\"4661ed2\" data-element_type=\"section\" data-settings=\"{&quot;background_background&quot;:&quot;classic&quot;}\">\n\t\t\t\t\t\t<div class=\"elementor-container elementor-column-gap-default\">\n\t\t\t\t\t\t\t<div class=\"elementor-row\">\n\t\t\t\t\t<div class=\"elementor-column elementor-col-100 elementor-top-column elementor-element elementor-element-ac816b9\" data-id=\"ac816b9\" data-element_type=\"column\">\n\t\t\t<div class=\"elementor-column-wrap elementor-element-populated\">\n\t\t\t\t\t\t\t<div class=\"elementor-widget-wrap\">\n\t\t\t\t\t\t<div class=\"elementor-element elementor-element-45bcf3b elementor-align-center elementor-widget elementor-widget-button\" data-id=\"45bcf3b\" data-element_type=\"widget\" data-widget_type=\"button.default\">\n\t\t\t\t<div class=\"elementor-widget-container\">\n\t\t\t\t\t<div class=\"elementor-button-wrapper\">\n\t\t\t<a href=\"https:\/\/drewmax.net.pl\/wp-content\/uploads\/2025\/03\/Paletyzator-workow-PWO-1000_front_ES.pdf\" target=\"_blank\" class=\"elementor-button-link elementor-button elementor-size-lg\" role=\"button\">\n\t\t\t\t\t\t<span class=\"elementor-button-content-wrapper\">\n\t\t\t\t\t\t<span class=\"elementor-button-icon elementor-align-icon-right\">\n\t\t\t\t<i aria-hidden=\"true\" class=\"fas fa-download\"><\/i>\t\t\t<\/span>\n\t\t\t\t\t\t<span class=\"elementor-button-text\">Descarga la ficha del producto<\/span>\n\t\t<\/span>\n\t\t\t\t\t<\/a>\n\t\t<\/div>\n\t\t\t\t<\/div>\n\t\t\t\t<\/div>\n\t\t\t\t<div class=\"elementor-element elementor-element-3c77a5d elementor-widget elementor-widget-spacer\" data-id=\"3c77a5d\" data-element_type=\"widget\" data-widget_type=\"spacer.default\">\n\t\t\t\t<div class=\"elementor-widget-container\">\n\t\t\t\t\t<div class=\"elementor-spacer\">\n\t\t\t<div class=\"elementor-spacer-inner\"><\/div>\n\t\t<\/div>\n\t\t\t\t<\/div>\n\t\t\t\t<\/div>\n\t\t\t\t\t\t<\/div>\n\t\t\t\t\t<\/div>\n\t\t<\/div>\n\t\t\t\t\t\t\t\t<\/div>\n\t\t\t\t\t<\/div>\n\t\t<\/section>\n\t\t\t\t\t\t<\/div>\n\t\t\t\t\t\t<\/div>\n\t\t\t\t\t<\/div>\n\t\t","protected":false},"excerpt":{"rendered":"<p>Paletizador de sacos PWO-1000 El \u00faltimo elemento en el ciclo de empaquetado del producto es su paletizaci\u00f3n. Nuestra oferta incluye un sistema autom\u00e1tico para apilar sacos en palets. La adaptaci\u00f3n \u00f3ptima de las soluciones de varios mecanismos del equipo permite una eficiencia de hasta 850 sacos por hora. El paletizador es una parte esencial del&hellip;<\/p>\n","protected":false},"author":1,"featured_media":12212,"parent":11815,"menu_order":0,"comment_status":"closed","ping_status":"closed","template":"","meta":[],"yoast_head":"<!-- This site is optimized with the Yoast SEO Premium plugin v15.5 - https:\/\/yoast.com\/wordpress\/plugins\/seo\/ -->\n<title>Wa\u017cenie Pakowanie Paletyzacja Automatyka przemys\u0142owa linie PP PE<\/title>\n<meta name=\"description\" content=\"Wa\u017cenie Pakowanie Paletyzacja Automatyka przemys\u0142owa linie wa\u017c\u0105co - pakuj\u0105ce zbiorniki technologiczne mikrodozowanie linie PP PE Bigbag\" \/>\n<meta name=\"robots\" content=\"index, follow, max-snippet:-1, max-image-preview:large, max-video-preview:-1\" \/>\n<link rel=\"canonical\" href=\"https:\/\/drewmax.net.pl\/paletyzatory-workow\/pwo-1000\/\" \/>\n<meta property=\"og:locale\" content=\"es_ES\" \/>\n<meta property=\"og:type\" content=\"article\" \/>\n<meta property=\"og:title\" content=\"Wa\u017cenie Pakowanie Paletyzacja Automatyka przemys\u0142owa linie PP PE\" \/>\n<meta property=\"og:description\" content=\"Wa\u017cenie Pakowanie Paletyzacja Automatyka przemys\u0142owa linie wa\u017c\u0105co - pakuj\u0105ce zbiorniki technologiczne mikrodozowanie linie PP PE Bigbag\" \/>\n<meta property=\"og:url\" content=\"https:\/\/drewmax.net.pl\/paletyzatory-workow\/pwo-1000\/\" \/>\n<meta property=\"og:site_name\" content=\"(Polski) Drewmax - Wa\u017cenie | Pakowanie | Paletyzacja | Automatyka\" \/>\n<meta property=\"article:publisher\" content=\"https:\/\/www.facebook.com\/Drewmax-111641623604429\/\" \/>\n<meta property=\"article:modified_time\" content=\"2025-04-03T12:05:01+00:00\" \/>\n<meta name=\"twitter:card\" content=\"summary_large_image\" \/>\n<meta name=\"twitter:label1\" content=\"Tiempo de lectura\">\n\t<meta name=\"twitter:data1\" content=\"5 minutos\">\n<script type=\"application\/ld+json\" class=\"yoast-schema-graph\">{\"@context\":\"https:\/\/schema.org\",\"@graph\":[{\"@type\":\"Organization\",\"@id\":\"https:\/\/drewmax.net.pl\/en\/#organization\",\"name\":\"DREWMAX Sp\\u00f3\\u0142ka z o.o.\",\"url\":\"https:\/\/drewmax.net.pl\/en\/\",\"sameAs\":[\"https:\/\/www.facebook.com\/Drewmax-111641623604429\/\",\"https:\/\/www.instagram.com\/drewmax.net.pl\/\",\"https:\/\/www.youtube.com\/channel\/UCCS8U5F8gSyJAlSWjxgbLRQ\"],\"logo\":{\"@type\":\"ImageObject\",\"@id\":\"https:\/\/drewmax.net.pl\/en\/#logo\",\"inLanguage\":\"es\",\"url\":\"\",\"caption\":\"DREWMAX Sp\\u00f3\\u0142ka z o.o.\"},\"image\":{\"@id\":\"https:\/\/drewmax.net.pl\/en\/#logo\"}},{\"@type\":\"WebSite\",\"@id\":\"https:\/\/drewmax.net.pl\/en\/#website\",\"url\":\"https:\/\/drewmax.net.pl\/en\/\",\"name\":\"(Polski) Drewmax - Wa\\u017cenie | Pakowanie | Paletyzacja | Automatyka\",\"description\":\"\",\"publisher\":{\"@id\":\"https:\/\/drewmax.net.pl\/en\/#organization\"},\"potentialAction\":[{\"@type\":\"SearchAction\",\"target\":\"https:\/\/drewmax.net.pl\/en\/?s={search_term_string}\",\"query-input\":\"required name=search_term_string\"}],\"inLanguage\":\"es\"},{\"@type\":\"ImageObject\",\"@id\":\"https:\/\/drewmax.net.pl\/paletyzatory-workow\/pwo-1000\/#primaryimage\",\"inLanguage\":\"es\",\"url\":\"\"},{\"@type\":\"WebPage\",\"@id\":\"https:\/\/drewmax.net.pl\/paletyzatory-workow\/pwo-1000\/#webpage\",\"url\":\"https:\/\/drewmax.net.pl\/paletyzatory-workow\/pwo-1000\/\",\"name\":\"Wa\\u017cenie Pakowanie Paletyzacja Automatyka przemys\\u0142owa linie PP PE\",\"isPartOf\":{\"@id\":\"https:\/\/drewmax.net.pl\/en\/#website\"},\"primaryImageOfPage\":{\"@id\":\"https:\/\/drewmax.net.pl\/paletyzatory-workow\/pwo-1000\/#primaryimage\"},\"datePublished\":\"2016-07-21T10:09:12+00:00\",\"dateModified\":\"2025-04-03T12:05:01+00:00\",\"description\":\"Wa\\u017cenie Pakowanie Paletyzacja Automatyka przemys\\u0142owa linie wa\\u017c\\u0105co - pakuj\\u0105ce zbiorniki technologiczne mikrodozowanie linie PP PE Bigbag\",\"breadcrumb\":{\"@id\":\"https:\/\/drewmax.net.pl\/paletyzatory-workow\/pwo-1000\/#breadcrumb\"},\"inLanguage\":\"es\",\"potentialAction\":[{\"@type\":\"ReadAction\",\"target\":[\"https:\/\/drewmax.net.pl\/paletyzatory-workow\/pwo-1000\/\"]}]},{\"@type\":\"BreadcrumbList\",\"@id\":\"https:\/\/drewmax.net.pl\/paletyzatory-workow\/pwo-1000\/#breadcrumb\",\"itemListElement\":[{\"@type\":\"ListItem\",\"position\":1,\"item\":{\"@type\":\"WebPage\",\"@id\":\"https:\/\/drewmax.net.pl\/\",\"url\":\"https:\/\/drewmax.net.pl\/\",\"name\":\"Home\"}},{\"@type\":\"ListItem\",\"position\":2,\"item\":{\"@type\":\"WebPage\",\"@id\":\"https:\/\/drewmax.net.pl\/paletyzatory-workow\/\",\"url\":\"https:\/\/drewmax.net.pl\/paletyzatory-workow\/\",\"name\":\"Paletyzatory\"}},{\"@type\":\"ListItem\",\"position\":3,\"item\":{\"@type\":\"WebPage\",\"@id\":\"https:\/\/drewmax.net.pl\/paletyzatory-workow\/pwo-1000\/\",\"url\":\"https:\/\/drewmax.net.pl\/paletyzatory-workow\/pwo-1000\/\",\"name\":\"Paletyzator work\\u00f3w PWO-1000\"}}]}]}<\/script>\n<!-- \/ Yoast SEO Premium plugin. -->","_links":{"self":[{"href":"https:\/\/drewmax.net.pl\/es\/wp-json\/wp\/v2\/pages\/138"}],"collection":[{"href":"https:\/\/drewmax.net.pl\/es\/wp-json\/wp\/v2\/pages"}],"about":[{"href":"https:\/\/drewmax.net.pl\/es\/wp-json\/wp\/v2\/types\/page"}],"author":[{"embeddable":true,"href":"https:\/\/drewmax.net.pl\/es\/wp-json\/wp\/v2\/users\/1"}],"replies":[{"embeddable":true,"href":"https:\/\/drewmax.net.pl\/es\/wp-json\/wp\/v2\/comments?post=138"}],"version-history":[{"count":94,"href":"https:\/\/drewmax.net.pl\/es\/wp-json\/wp\/v2\/pages\/138\/revisions"}],"predecessor-version":[{"id":32008,"href":"https:\/\/drewmax.net.pl\/es\/wp-json\/wp\/v2\/pages\/138\/revisions\/32008"}],"up":[{"embeddable":true,"href":"https:\/\/drewmax.net.pl\/es\/wp-json\/wp\/v2\/pages\/11815"}],"wp:featuredmedia":[{"embeddable":true,"href":"https:\/\/drewmax.net.pl\/es\/wp-json\/wp\/v2\/media\/12212"}],"wp:attachment":[{"href":"https:\/\/drewmax.net.pl\/es\/wp-json\/wp\/v2\/media?parent=138"}],"curies":[{"name":"wp","href":"https:\/\/api.w.org\/{rel}","templated":true}]}}