{"id":1359,"date":"2019-06-10T12:29:03","date_gmt":"2019-06-10T10:29:03","guid":{"rendered":"https:\/\/drewmax.net.pl\/?page_id=1359"},"modified":"2025-03-26T15:03:29","modified_gmt":"2025-03-26T14:03:29","slug":"regulamin","status":"publish","type":"page","link":"https:\/\/drewmax.net.pl\/es\/regulamin\/","title":{"rendered":"Reglamento sobre la prestaci\u00f3n de servicios por medios electr\u00f3nicos junto con la pol\u00edtica de cookies"},"content":{"rendered":"\t\t<div data-elementor-type=\"wp-page\" data-elementor-id=\"1359\" class=\"elementor elementor-1359\" data-elementor-settings=\"[]\">\n\t\t\t\t\t\t<div class=\"elementor-inner\">\n\t\t\t\t\t\t\t<div class=\"elementor-section-wrap\">\n\t\t\t\t\t\t\t<section class=\"elementor-section elementor-top-section elementor-element elementor-element-e1d4d51 elementor-section-boxed elementor-section-height-default elementor-section-height-default\" data-id=\"e1d4d51\" data-element_type=\"section\" data-settings=\"{&quot;background_background&quot;:&quot;classic&quot;}\">\n\t\t\t\t\t\t<div class=\"elementor-container elementor-column-gap-default\">\n\t\t\t\t\t\t\t<div class=\"elementor-row\">\n\t\t\t\t\t<div class=\"elementor-column elementor-col-100 elementor-top-column elementor-element elementor-element-124ef09a\" data-id=\"124ef09a\" data-element_type=\"column\">\n\t\t\t<div class=\"elementor-column-wrap elementor-element-populated\">\n\t\t\t\t\t\t\t<div class=\"elementor-widget-wrap\">\n\t\t\t\t\t\t<div class=\"elementor-element elementor-element-2bbd4ecb elementor-widget elementor-widget-text-editor\" data-id=\"2bbd4ecb\" data-element_type=\"widget\" data-widget_type=\"text-editor.default\">\n\t\t\t\t<div class=\"elementor-widget-container\">\n\t\t\t\t\t\t\t\t<div class=\"elementor-text-editor elementor-clearfix\">\n\t\t\t\t\n<!-- wp:paragraph {\"align\":\"center\"} -->\n<p class=\"has-text-align-center\"><strong>\u00a7 1<br \/>Disposiciones Generales<\/strong><\/p>\n<!-- \/wp:paragraph -->\n\n<!-- wp:list {\"ordered\":true} -->\n<ol>\n<li>Este Reglamento establece las normas para que los Usuarios utilicen el Sitio.<\/li>\n<li>Los siguientes t\u00e9rminos empleados en este Reglamento tienen los significados que se indican a continuaci\u00f3n:<\/li>\n<\/ol>\n<!-- \/wp:list -->\n<p style=\"padding-left: 80px;\">a) <strong>Cookies<\/strong> \u2013 se refiere a los datos inform\u00e1ticos, en particular peque\u00f1os archivos de texto, que se guardan y almacenan en los dispositivos a trav\u00e9s de los cuales el Usuario accede al Sitio.<br \/>b) <strong>Cookies Propias<\/strong> \u2013 se refiere a las Cookies colocadas por DREWMAX, relacionadas con la prestaci\u00f3n de servicios por medios electr\u00f3nicos a trav\u00e9s del Sitio.<br \/>c) <strong>Cookies de Terceros<\/strong> \u2013 se refiere a las Cookies colocadas por terceros a trav\u00e9s del Sitio.<br \/>d) <strong>DREWMAX<\/strong> \u2013 DREWMAX Sp\u00f3\u0142ka z ograniczon\u0105 odpowiedzialno\u015bci\u0105 con sede en K\u0119dzierzyn Ko\u017ale (47-230), ul. Strzelecka 5, inscrita en el Registro de Empresarios con el n\u00famero KRS 0000160661, NIP: 7490002138, REGON: 530619195, correo electr\u00f3nico: drewmax@drewmax.net.pl, tel\u00e9fono: +48 77 481 01 22<br \/>e) <strong>Reglamento<\/strong> \u2013 este reglamento.<br \/>f) Sitio \u2013 el sitio web que opera en la direcci\u00f3n www.drewmax.net.pl, administrado por DREWMAX. El Sitio incluye, en particular, informaci\u00f3n sobre el equipo de DREWMAX, la gama de bienes y servicios ofrecidos y los datos de contacto.<br \/>g) <strong>Dispositivo<\/strong> \u2013 se refiere al dispositivo electr\u00f3nico a trav\u00e9s del cual el Usuario accede al Sitio.<br \/>h) <strong>Usuario<\/strong> \u2013 la persona que utiliza el Sitio.<\/p>\n<!-- wp:paragraph {\"align\":\"center\"} -->\n<p class=\"has-text-align-center\"><strong>\u00a72<\/strong><br \/><strong>Servicios Prestados Electr\u00f3nicamente<\/strong><\/p>\n<!-- \/wp:paragraph -->\n\n<!-- wp:list {\"ordered\":true} -->\n<ol>\n<li>DREWMAX pone a disposici\u00f3n de los Usuarios la posibilidad de utilizar, de forma gratuita, el servicio prestado electr\u00f3nicamente (en el sentido de la Ley de 18 de julio de 2002 sobre la prestaci\u00f3n de servicios por medios electr\u00f3nicos, Dz.U.2017.1219), que consiste en la puesta a disposici\u00f3n del contenido del Sitio.<\/li>\n<li>Para utilizar el servicio mencionado anteriormente, el Usuario debe contar con: un dispositivo que permita la conexi\u00f3n a Internet y que disponga de un sistema operativo, conexi\u00f3n a Internet y el software necesario (navegador de Internet).<\/li>\n<li>El contrato para la prestaci\u00f3n del servicio mencionado en el \u00a72 p\u00e1rr. 1 se concluye cuando el Usuario presenta una solicitud individual adecuada de transmisi\u00f3n de datos a trav\u00e9s de una red de telecomunicaciones (lo que ocurre al abrir el Sitio en un navegador). Este contrato finaliza tras su completa ejecuci\u00f3n (cierre del Sitio).<\/li>\n<li>El Usuario se compromete a abstenerse de utilizar el Sitio de manera que perturbe su funcionamiento, en particular mediante el uso de software da\u00f1ino (malware).<\/li>\n<li>En caso de insatisfacci\u00f3n con el funcionamiento del Sitio, el Usuario puede presentar una reclamaci\u00f3n por correo electr\u00f3nico a la direcci\u00f3n: <a href=\"mailto:rodo@drewmax.net.pl\">rodo@drewmax.net.pl<\/a>. El Usuario ser\u00e1 informado sobre la resoluci\u00f3n de la reclamaci\u00f3n a la direcci\u00f3n de correo electr\u00f3nico desde la que fue enviada, dentro de los 14 d\u00edas posteriores a su recepci\u00f3n por parte de DREWMAX.<\/li>\n<\/ol>\n<!-- \/wp:list -->\n\n<!-- wp:paragraph {\"align\":\"center\"} -->\n<p class=\"has-text-align-center\"><strong>\u00a73<\/strong><br \/><strong>Pol\u00edtica de Cookies<\/strong><\/p>\n<!-- \/wp:paragraph -->\n\n<!-- wp:list {\"ordered\":true} -->\n<ol>\n<li>A trav\u00e9s de las Cookies, DREWMAX almacena informaci\u00f3n en el Dispositivo del Usuario o accede a la informaci\u00f3n ya almacenada, de conformidad con lo establecido en el presente Reglamento.<\/li>\n<li>DREWMAX utiliza los siguientes tipos de Cookies:<br \/>a) Cookies de sesi\u00f3n: se almacenan en el Dispositivo del Usuario y permanecen all\u00ed hasta que finaliza la sesi\u00f3n del navegador. La informaci\u00f3n guardada se elimina de la memoria del Dispositivo al finalizar la sesi\u00f3n.<br \/>b) Cookies persistentes: se almacenan en el Dispositivo del Usuario y permanecen all\u00ed hasta que se eliminan. El cierre de la sesi\u00f3n del navegador o el apagado del Dispositivo no las elimina.<\/li>\n<li>DREWMAX utiliza Cookies Propias para adaptar el contenido del Sitio a las preferencias y necesidades del Usuario, teniendo especialmente en cuenta el tipo de Dispositivo a trav\u00e9s del cual el Usuario accede al Sitio.<\/li>\n<li>DREWMAX utiliza Cookies de Terceros para crear estad\u00edsticas y an\u00e1lisis globales que permitan supervisar la forma en que los Usuarios utilizan el Sitio, con el fin de adaptarlo lo mejor posible a sus necesidades. A este respecto, DREWMAX utiliza el servicio de Google Analytics \u2013 al abrir el Sitio, se leen, escriben y env\u00edan al servidor seguro de Google datos sobre el origen de los usuarios identificados en funci\u00f3n de la direcci\u00f3n IP. Google Analytics no recopila datos privados. M\u00e1s informaci\u00f3n al respecto est\u00e1 disponible en el sitio web de Google (<a href=\"https:\/\/policies.google.com\/technologies\/types?hl=pl\">https:\/\/policies.google.com\/technologies\/types?hl=pl<\/a>).<\/li>\n<li>El uso de Cookies por parte de DREWMAX no produce cambios en la configuraci\u00f3n del Dispositivo del Usuario ni en el software instalado en dicho Dispositivo.<\/li>\n<li>El Usuario puede limitar o desactivar el acceso de las Cookies a su Dispositivo en la configuraci\u00f3n del navegador de Internet o a trav\u00e9s de la configuraci\u00f3n del servicio, en particular para bloquear el manejo autom\u00e1tico de las Cookies o informar cada vez que se coloquen Cookies en el Dispositivo del Usuario. Encontrar\u00e1 informaci\u00f3n detallada sobre las posibilidades y formas de manejo de Cookies en la configuraci\u00f3n del software (navegador de Internet). La descripci\u00f3n de los pasos necesarios puede consultarse en los sitios de los fabricantes, por ejemplo:<\/li>\n<li>El Usuario puede eliminar las Cookies en cualquier momento.<\/li>\n<li>La limitaci\u00f3n del uso de Cookies o la eliminaci\u00f3n de Cookies existentes puede afectar a algunas de las funcionalidades disponibles en el Sitio.<\/li>\n<\/ol>\n<!-- \/wp:list -->\n\n<!-- wp:paragraph {\"align\":\"center\"} -->\n<p class=\"has-text-align-center\"><strong>\u00a74<\/strong><br \/><strong>Disposiciones Finales<\/strong><\/p>\n<!-- \/wp:paragraph -->\n\n<!-- wp:list {\"ordered\":true} -->\n<ol>\n<li>Las normas relativas al tratamiento de datos por parte de DREWMAX se establecen en la pol\u00edtica de privacidad, disponible en el Sitio en la direcci\u00f3n <a href=\"https:\/\/drewmax.net.pl\/polityka-prywatnosci\/\">https:\/\/drewmax.net.pl\/polityka-prywatnosci\/<\/a>.<\/li>\n<li>DREWMAX se reserva el derecho de modificar las disposiciones del presente Reglamento. Dichas modificaciones no afectar\u00e1n de ning\u00fan modo los derechos ya adquiridos por los Usuarios.<\/li>\n<\/ol>\n<!-- \/wp:list -->\n\n\n\t\t\t\t\t<\/div>\n\t\t\t\t\t\t<\/div>\n\t\t\t\t<\/div>\n\t\t\t\t\t\t<\/div>\n\t\t\t\t\t<\/div>\n\t\t<\/div>\n\t\t\t\t\t\t\t\t<\/div>\n\t\t\t\t\t<\/div>\n\t\t<\/section>\n\t\t\t\t\t\t<\/div>\n\t\t\t\t\t\t<\/div>\n\t\t\t\t\t<\/div>\n\t\t","protected":false},"excerpt":{"rendered":"<p class=\"qtranxs-available-languages-message qtranxs-available-languages-message-es\">Disculpa, pero esta entrada est\u00e1 disponible s\u00f3lo en <a href=\"https:\/\/drewmax.net.pl\/it\/wp-json\/wp\/v2\/pages\/1359\" class=\"qtranxs-available-language-link qtranxs-available-language-link-it\" title=\"Italiano\">Italiano<\/a>.<\/p>\n","protected":false},"author":1,"featured_media":0,"parent":0,"menu_order":0,"comment_status":"closed","ping_status":"closed","template":"","meta":[],"yoast_head":"<!-- This site is optimized with the Yoast SEO Premium plugin v15.5 - https:\/\/yoast.com\/wordpress\/plugins\/seo\/ -->\n<title>Reglamento sobre la prestaci\u00f3n de servicios por medios electr\u00f3nicos junto con la pol\u00edtica de cookies - (Polski) Drewmax - Wa\u017cenie | Pakowanie | Paletyzacja | Automatyka<\/title>\n<meta name=\"robots\" content=\"index, follow, max-snippet:-1, max-image-preview:large, max-video-preview:-1\" \/>\n<link rel=\"canonical\" href=\"https:\/\/drewmax.net.pl\/regulamin\/\" \/>\n<meta property=\"og:locale\" content=\"es_ES\" \/>\n<meta property=\"og:type\" content=\"article\" \/>\n<meta property=\"og:title\" content=\"[:pl]Regulamin \u015bwiadczenia us\u0142ug drog\u0105 elektroniczn\u0105 wraz z polityk\u0105 cookies[:en]Regulations for the Provision of Electronic Services together with the Cookie Policy[:de]Bestimmungen zur Erbringung elektronischer Dienstleistungen zusammen mit der Cookie-Richtlinie[:ua]\u041f\u0440\u0430\u0432\u0438\u043b\u0430 \u043d\u0430\u0434\u0430\u043d\u043d\u044f \u043f\u043e\u0441\u043b\u0443\u0433 \u0432 \u0435\u043b\u0435\u043a\u0442\u0440\u043e\u043d\u043d\u043e\u043c\u0443 \u0432\u0438\u0433\u043b\u044f\u0434\u0456 \u0440\u0430\u0437\u043e\u043c \u0456\u0437 \u043f\u043e\u043b\u0456\u0442\u0438\u043a\u043e\u044e \u0432\u0438\u043a\u043e\u0440\u0438\u0441\u0442\u0430\u043d\u043d\u044f \u0444\u0430\u0439\u043b\u0456\u0432 cookie[:pt]Regulamento sobre a presta\u00e7\u00e3o de servi\u00e7os eletr\u00f4nicos, juntamente com a pol\u00edtica de cookies[:fr]R\u00e8glement relatif \u00e0 la prestation de services par voie \u00e9lectronique, accompagn\u00e9 de la politique en mati\u00e8re de cookies[:es]Reglamento sobre la prestaci\u00f3n de servicios por medios electr\u00f3nicos junto con la pol\u00edtica de cookies[:ru]\u0420\u0435\u0433\u043b\u0430\u043c\u0435\u043d\u0442 \u043e\u043a\u0430\u0437\u0430\u043d\u0438\u044f \u0443\u0441\u043b\u0443\u0433 \u0432 \u044d\u043b\u0435\u043a\u0442\u0440\u043e\u043d\u043d\u043e\u043c \u0432\u0438\u0434\u0435 \u0432\u043c\u0435\u0441\u0442\u0435 \u0441 \u043f\u043e\u043b\u0438\u0442\u0438\u043a\u043e\u0439 \u0438\u0441\u043f\u043e\u043b\u044c\u0437\u043e\u0432\u0430\u043d\u0438\u044f \u0444\u0430\u0439\u043b\u043e\u0432 cookie[:it]Regolamento sulla prestazione di servizi per via elettronica insieme alla politica sui cookie[:] - (Polski) Drewmax - Wa\u017cenie | Pakowanie | Paletyzacja | Automatyka\" \/>\n<meta property=\"og:description\" content=\"[:it]   [:]\" \/>\n<meta property=\"og:url\" content=\"https:\/\/drewmax.net.pl\/regulamin\/\" \/>\n<meta property=\"og:site_name\" content=\"(Polski) Drewmax - Wa\u017cenie | Pakowanie | Paletyzacja | Automatyka\" \/>\n<meta property=\"article:publisher\" content=\"https:\/\/www.facebook.com\/Drewmax-111641623604429\/\" \/>\n<meta property=\"article:modified_time\" content=\"2025-03-26T14:03:29+00:00\" \/>\n<meta name=\"twitter:card\" content=\"summary_large_image\" \/>\n<meta name=\"twitter:label1\" content=\"Tiempo de lectura\">\n\t<meta name=\"twitter:data1\" content=\"25 minutos\">\n<script type=\"application\/ld+json\" class=\"yoast-schema-graph\">{\"@context\":\"https:\/\/schema.org\",\"@graph\":[{\"@type\":\"Organization\",\"@id\":\"https:\/\/drewmax.net.pl\/en\/#organization\",\"name\":\"DREWMAX Sp\\u00f3\\u0142ka z o.o.\",\"url\":\"https:\/\/drewmax.net.pl\/en\/\",\"sameAs\":[\"https:\/\/www.facebook.com\/Drewmax-111641623604429\/\",\"https:\/\/www.instagram.com\/drewmax.net.pl\/\",\"https:\/\/www.youtube.com\/channel\/UCCS8U5F8gSyJAlSWjxgbLRQ\"],\"logo\":{\"@type\":\"ImageObject\",\"@id\":\"https:\/\/drewmax.net.pl\/en\/#logo\",\"inLanguage\":\"es\",\"url\":\"\",\"caption\":\"DREWMAX Sp\\u00f3\\u0142ka z o.o.\"},\"image\":{\"@id\":\"https:\/\/drewmax.net.pl\/en\/#logo\"}},{\"@type\":\"WebSite\",\"@id\":\"https:\/\/drewmax.net.pl\/en\/#website\",\"url\":\"https:\/\/drewmax.net.pl\/en\/\",\"name\":\"(Polski) Drewmax - Wa\\u017cenie | Pakowanie | Paletyzacja | Automatyka\",\"description\":\"\",\"publisher\":{\"@id\":\"https:\/\/drewmax.net.pl\/en\/#organization\"},\"potentialAction\":[{\"@type\":\"SearchAction\",\"target\":\"https:\/\/drewmax.net.pl\/en\/?s={search_term_string}\",\"query-input\":\"required name=search_term_string\"}],\"inLanguage\":\"es\"},{\"@type\":\"WebPage\",\"@id\":\"https:\/\/drewmax.net.pl\/regulamin\/#webpage\",\"url\":\"https:\/\/drewmax.net.pl\/regulamin\/\",\"name\":\"[:pl]Regulamin \\u015bwiadczenia us\\u0142ug drog\\u0105 elektroniczn\\u0105 wraz z polityk\\u0105 cookies[:en]Regulations for the Provision of Electronic Services together with the Cookie Policy[:de]Bestimmungen zur Erbringung elektronischer Dienstleistungen zusammen mit der Cookie-Richtlinie[:ua]\\u041f\\u0440\\u0430\\u0432\\u0438\\u043b\\u0430 \\u043d\\u0430\\u0434\\u0430\\u043d\\u043d\\u044f \\u043f\\u043e\\u0441\\u043b\\u0443\\u0433 \\u0432 \\u0435\\u043b\\u0435\\u043a\\u0442\\u0440\\u043e\\u043d\\u043d\\u043e\\u043c\\u0443 \\u0432\\u0438\\u0433\\u043b\\u044f\\u0434\\u0456 \\u0440\\u0430\\u0437\\u043e\\u043c \\u0456\\u0437 \\u043f\\u043e\\u043b\\u0456\\u0442\\u0438\\u043a\\u043e\\u044e \\u0432\\u0438\\u043a\\u043e\\u0440\\u0438\\u0441\\u0442\\u0430\\u043d\\u043d\\u044f \\u0444\\u0430\\u0439\\u043b\\u0456\\u0432 cookie[:pt]Regulamento sobre a presta\\u00e7\\u00e3o de servi\\u00e7os eletr\\u00f4nicos, juntamente com a pol\\u00edtica de cookies[:fr]R\\u00e8glement relatif \\u00e0 la prestation de services par voie \\u00e9lectronique, accompagn\\u00e9 de la politique en mati\\u00e8re de cookies[:es]Reglamento sobre la prestaci\\u00f3n de servicios por medios electr\\u00f3nicos junto con la pol\\u00edtica de cookies[:ru]\\u0420\\u0435\\u0433\\u043b\\u0430\\u043c\\u0435\\u043d\\u0442 \\u043e\\u043a\\u0430\\u0437\\u0430\\u043d\\u0438\\u044f \\u0443\\u0441\\u043b\\u0443\\u0433 \\u0432 \\u044d\\u043b\\u0435\\u043a\\u0442\\u0440\\u043e\\u043d\\u043d\\u043e\\u043c \\u0432\\u0438\\u0434\\u0435 \\u0432\\u043c\\u0435\\u0441\\u0442\\u0435 \\u0441 \\u043f\\u043e\\u043b\\u0438\\u0442\\u0438\\u043a\\u043e\\u0439 \\u0438\\u0441\\u043f\\u043e\\u043b\\u044c\\u0437\\u043e\\u0432\\u0430\\u043d\\u0438\\u044f \\u0444\\u0430\\u0439\\u043b\\u043e\\u0432 cookie[:it]Regolamento sulla prestazione di servizi per via elettronica insieme alla politica sui cookie[:] - (Polski) Drewmax - Wa\\u017cenie | Pakowanie | Paletyzacja | Automatyka\",\"isPartOf\":{\"@id\":\"https:\/\/drewmax.net.pl\/en\/#website\"},\"datePublished\":\"2019-06-10T10:29:03+00:00\",\"dateModified\":\"2025-03-26T14:03:29+00:00\",\"breadcrumb\":{\"@id\":\"https:\/\/drewmax.net.pl\/regulamin\/#breadcrumb\"},\"inLanguage\":\"es\",\"potentialAction\":[{\"@type\":\"ReadAction\",\"target\":[\"https:\/\/drewmax.net.pl\/regulamin\/\"]}]},{\"@type\":\"BreadcrumbList\",\"@id\":\"https:\/\/drewmax.net.pl\/regulamin\/#breadcrumb\",\"itemListElement\":[{\"@type\":\"ListItem\",\"position\":1,\"item\":{\"@type\":\"WebPage\",\"@id\":\"https:\/\/drewmax.net.pl\/\",\"url\":\"https:\/\/drewmax.net.pl\/\",\"name\":\"Home\"}},{\"@type\":\"ListItem\",\"position\":2,\"item\":{\"@type\":\"WebPage\",\"@id\":\"https:\/\/drewmax.net.pl\/regulamin\/\",\"url\":\"https:\/\/drewmax.net.pl\/regulamin\/\",\"name\":\"Regulations for the Provision of Electronic Services together with the Cookie Policy\"}}]}]}<\/script>\n<!-- \/ Yoast SEO Premium plugin. -->","_links":{"self":[{"href":"https:\/\/drewmax.net.pl\/es\/wp-json\/wp\/v2\/pages\/1359"}],"collection":[{"href":"https:\/\/drewmax.net.pl\/es\/wp-json\/wp\/v2\/pages"}],"about":[{"href":"https:\/\/drewmax.net.pl\/es\/wp-json\/wp\/v2\/types\/page"}],"author":[{"embeddable":true,"href":"https:\/\/drewmax.net.pl\/es\/wp-json\/wp\/v2\/users\/1"}],"replies":[{"embeddable":true,"href":"https:\/\/drewmax.net.pl\/es\/wp-json\/wp\/v2\/comments?post=1359"}],"version-history":[{"count":14,"href":"https:\/\/drewmax.net.pl\/es\/wp-json\/wp\/v2\/pages\/1359\/revisions"}],"predecessor-version":[{"id":31572,"href":"https:\/\/drewmax.net.pl\/es\/wp-json\/wp\/v2\/pages\/1359\/revisions\/31572"}],"wp:attachment":[{"href":"https:\/\/drewmax.net.pl\/es\/wp-json\/wp\/v2\/media?parent=1359"}],"curies":[{"name":"wp","href":"https:\/\/api.w.org\/{rel}","templated":true}]}}