{"id":12532,"date":"2019-07-11T10:10:10","date_gmt":"2019-07-11T08:10:10","guid":{"rendered":"http:\/\/127.0.0.1\/drewmax-new\/?page_id=12521"},"modified":"2025-03-25T13:05:40","modified_gmt":"2025-03-25T12:05:40","slug":"serwis","status":"publish","type":"page","link":"https:\/\/drewmax.net.pl\/es\/serwis\/","title":{"rendered":"Serwis"},"content":{"rendered":"\t\t<div data-elementor-type=\"wp-post\" data-elementor-id=\"12532\" class=\"elementor elementor-12532\" data-elementor-settings=\"[]\">\n\t\t\t\t\t\t<div class=\"elementor-inner\">\n\t\t\t\t\t\t\t<div class=\"elementor-section-wrap\">\n\t\t\t\t\t\t\t<section class=\"elementor-section elementor-top-section elementor-element elementor-element-97a3440 elementor-section-boxed elementor-section-height-default elementor-section-height-default\" data-id=\"97a3440\" data-element_type=\"section\" data-settings=\"{&quot;background_background&quot;:&quot;classic&quot;}\">\n\t\t\t\t\t\t<div class=\"elementor-container elementor-column-gap-default\">\n\t\t\t\t\t\t\t<div class=\"elementor-row\">\n\t\t\t\t\t<div class=\"elementor-column elementor-col-100 elementor-top-column elementor-element elementor-element-1209047\" data-id=\"1209047\" data-element_type=\"column\">\n\t\t\t<div class=\"elementor-column-wrap elementor-element-populated\">\n\t\t\t\t\t\t\t<div class=\"elementor-widget-wrap\">\n\t\t\t\t\t\t<div class=\"elementor-element elementor-element-2503e94 elementor-widget elementor-widget-heading\" data-id=\"2503e94\" data-element_type=\"widget\" data-widget_type=\"heading.default\">\n\t\t\t\t<div class=\"elementor-widget-container\">\n\t\t\t<h2 class=\"elementor-heading-title elementor-size-xl\"> Servicio<\/h2>\t\t<\/div>\n\t\t\t\t<\/div>\n\t\t\t\t\t\t<\/div>\n\t\t\t\t\t<\/div>\n\t\t<\/div>\n\t\t\t\t\t\t\t\t<\/div>\n\t\t\t\t\t<\/div>\n\t\t<\/section>\n\t\t\t\t<section class=\"elementor-section elementor-top-section elementor-element elementor-element-d7a8778 elementor-section-boxed elementor-section-height-default elementor-section-height-default\" data-id=\"d7a8778\" data-element_type=\"section\" data-settings=\"{&quot;background_background&quot;:&quot;classic&quot;}\">\n\t\t\t\t\t\t<div class=\"elementor-container elementor-column-gap-default\">\n\t\t\t\t\t\t\t<div class=\"elementor-row\">\n\t\t\t\t\t<div class=\"elementor-column elementor-col-50 elementor-top-column elementor-element elementor-element-bfff421\" data-id=\"bfff421\" data-element_type=\"column\">\n\t\t\t<div class=\"elementor-column-wrap elementor-element-populated\">\n\t\t\t\t\t\t\t<div class=\"elementor-widget-wrap\">\n\t\t\t\t\t\t<div class=\"elementor-element elementor-element-51814c5 elementor-widget elementor-widget-text-editor\" data-id=\"51814c5\" data-element_type=\"widget\" data-widget_type=\"text-editor.default\">\n\t\t\t\t<div class=\"elementor-widget-container\">\n\t\t\t\t\t\t\t\t<div class=\"elementor-text-editor elementor-clearfix\">\n\t\t\t\t<p><\/p><p>La empresa <strong>Drewmax<\/strong> hace todo lo posible para que la calidad de los trabajos de mantenimiento realizados est\u00e9 en el nivel m\u00e1s alto, y los materiales utilizados para las reparaciones sean siempre de la <strong>m\u00e1s alta<\/strong> calidad.<\/p><p><br data-start=\"1996\" data-end=\"1999\" \/>Contamos con un almac\u00e9n de repuestos bien surtido, lo que nos permite enviar repuestos nuevos <strong>en el plazo de un d\u00eda<\/strong>.<\/p><p><br data-start=\"2115\" data-end=\"2118\" \/>Ponemos a su disposici\u00f3n m\u00e1s de <strong>40 t\u00e9cnicos de servicio<\/strong>.<\/p><p><br data-start=\"2174\" data-end=\"2177\" \/>Nuestra empresa cuenta con un seguro de responsabilidad civil por un valor de <strong>2.000.000,00 USD<\/strong>, lo que garantiza la <strong>seguridad<\/strong> del cliente en cuanto a la protecci\u00f3n de su propiedad.<\/p><p><\/span><\/p>\t\t\t\t\t<\/div>\n\t\t\t\t\t\t<\/div>\n\t\t\t\t<\/div>\n\t\t\t\t\t\t<\/div>\n\t\t\t\t\t<\/div>\n\t\t<\/div>\n\t\t\t\t<div class=\"elementor-column elementor-col-50 elementor-top-column elementor-element elementor-element-aaecb4d\" data-id=\"aaecb4d\" data-element_type=\"column\">\n\t\t\t<div class=\"elementor-column-wrap elementor-element-populated\">\n\t\t\t\t\t\t\t<div class=\"elementor-widget-wrap\">\n\t\t\t\t\t\t<div class=\"elementor-element elementor-element-54d63e2 elementor-widget elementor-widget-image\" data-id=\"54d63e2\" data-element_type=\"widget\" data-widget_type=\"image.default\">\n\t\t\t\t<div class=\"elementor-widget-container\">\n\t\t\t\t\t\t\t\t<div class=\"elementor-image\">\n\t\t\t\t\t\t\t\t\t\t\t\t<img src=\"https:\/\/drewmax.net.pl\/wp-content\/uploads\/2019\/07\/serwis_1-1-e1563253455379.jpg\" title=\"\" alt=\"\" \/>\t\t\t\t\t\t\t\t\t\t\t\t\t\t<\/div>\n\t\t\t\t\t\t<\/div>\n\t\t\t\t<\/div>\n\t\t\t\t\t\t<\/div>\n\t\t\t\t\t<\/div>\n\t\t<\/div>\n\t\t\t\t\t\t\t\t<\/div>\n\t\t\t\t\t<\/div>\n\t\t<\/section>\n\t\t\t\t<section class=\"elementor-section elementor-top-section elementor-element elementor-element-7792b3d elementor-section-boxed elementor-section-height-default elementor-section-height-default\" data-id=\"7792b3d\" data-element_type=\"section\" data-settings=\"{&quot;background_background&quot;:&quot;classic&quot;}\">\n\t\t\t\t\t\t<div class=\"elementor-container elementor-column-gap-default\">\n\t\t\t\t\t\t\t<div class=\"elementor-row\">\n\t\t\t\t\t<div class=\"elementor-column elementor-col-50 elementor-top-column elementor-element elementor-element-c16916b\" data-id=\"c16916b\" data-element_type=\"column\">\n\t\t\t<div class=\"elementor-column-wrap elementor-element-populated\">\n\t\t\t\t\t\t\t<div class=\"elementor-widget-wrap\">\n\t\t\t\t\t\t<div class=\"elementor-element elementor-element-6b4106f elementor-widget elementor-widget-image\" data-id=\"6b4106f\" data-element_type=\"widget\" data-widget_type=\"image.default\">\n\t\t\t\t<div class=\"elementor-widget-container\">\n\t\t\t\t\t\t\t\t<div class=\"elementor-image\">\n\t\t\t\t\t\t\t\t\t\t\t\t<img src=\"https:\/\/drewmax.net.pl\/wp-content\/uploads\/2019\/07\/Artboard-6mini2-1-e1563253503283.jpg\" title=\"\" alt=\"\" \/>\t\t\t\t\t\t\t\t\t\t\t\t\t\t<\/div>\n\t\t\t\t\t\t<\/div>\n\t\t\t\t<\/div>\n\t\t\t\t\t\t<\/div>\n\t\t\t\t\t<\/div>\n\t\t<\/div>\n\t\t\t\t<div class=\"elementor-column elementor-col-50 elementor-top-column elementor-element elementor-element-5d83a22\" data-id=\"5d83a22\" data-element_type=\"column\">\n\t\t\t<div class=\"elementor-column-wrap elementor-element-populated\">\n\t\t\t\t\t\t\t<div class=\"elementor-widget-wrap\">\n\t\t\t\t\t\t<div class=\"elementor-element elementor-element-bff8012 elementor-widget elementor-widget-text-editor\" data-id=\"bff8012\" data-element_type=\"widget\" data-widget_type=\"text-editor.default\">\n\t\t\t\t<div class=\"elementor-widget-container\">\n\t\t\t\t\t\t\t\t<div class=\"elementor-text-editor elementor-clearfix\">\n\t\t\t\t<p><\/p><p><span style=\"text-decoration: underline;\"><strong data-start=\"1995\" data-end=\"2681\">Tiempo de respuesta para ubicaciones espec\u00edficas:<\/strong><\/span><\/p><ul><li>Polonia \u2013 tiempo de respuesta para actividades de servicio (contacto telef\u00f3nico, por internet) hasta 24 horas, tiempo de reparaci\u00f3n de fallos menores hasta 24 horas.<\/li><li>Uni\u00f3n Europea \u2013 tiempo de respuesta para actividades de servicio (contacto telef\u00f3nico, por internet) hasta 24 horas, tiempo de reparaci\u00f3n de fallos menores hasta 72 horas.<\/li><li>Rusia, Ucrania, Bielorrusia \u2013 tiempo de respuesta para actividades de servicio (contacto telef\u00f3nico, por internet) hasta 48 horas, tiempo de reparaci\u00f3n de fallos menores hasta 7 d\u00edas.<\/li><li>Otros pa\u00edses \u2013 tiempo de respuesta y reparaci\u00f3n establecidos de manera individual para cada ubicaci\u00f3n.<\/li><\/ul><p><\/p>\t\t\t\t\t<\/div>\n\t\t\t\t\t\t<\/div>\n\t\t\t\t<\/div>\n\t\t\t\t\t\t<\/div>\n\t\t\t\t\t<\/div>\n\t\t<\/div>\n\t\t\t\t\t\t\t\t<\/div>\n\t\t\t\t\t<\/div>\n\t\t<\/section>\n\t\t\t\t<section class=\"elementor-section elementor-top-section elementor-element elementor-element-28f317a elementor-section-boxed elementor-section-height-default elementor-section-height-default\" data-id=\"28f317a\" data-element_type=\"section\" data-settings=\"{&quot;background_background&quot;:&quot;classic&quot;}\">\n\t\t\t\t\t\t<div class=\"elementor-container elementor-column-gap-default\">\n\t\t\t\t\t\t\t<div class=\"elementor-row\">\n\t\t\t\t\t<div class=\"elementor-column elementor-col-50 elementor-top-column elementor-element elementor-element-2d20a3c\" data-id=\"2d20a3c\" data-element_type=\"column\">\n\t\t\t<div class=\"elementor-column-wrap elementor-element-populated\">\n\t\t\t\t\t\t\t<div class=\"elementor-widget-wrap\">\n\t\t\t\t\t\t<div class=\"elementor-element elementor-element-881012e elementor-widget elementor-widget-text-editor\" data-id=\"881012e\" data-element_type=\"widget\" data-widget_type=\"text-editor.default\">\n\t\t\t\t<div class=\"elementor-widget-container\">\n\t\t\t\t\t\t\t\t<div class=\"elementor-text-editor elementor-clearfix\">\n\t\t\t\t<p><\/p><p><span style=\"text-decoration: underline;\"><strong data-start=\"2543\" data-end=\"3435\">T\u00e9rminos recomendados para revisiones peri\u00f3dicas pagadas:<\/strong><\/span><\/p><ul><li>Para las l\u00edneas autom\u00e1ticas 2aWN\/S y 2aWN\/T, el per\u00edodo recomendado es un m\u00ednimo de 2 revisiones por a\u00f1o, a partir de la fecha de puesta en marcha de la l\u00ednea.<\/li><li>Para las l\u00edneas WN\/S-50, WN\/T-50 y WB\/S-50 as\u00ed como WB\/T-50 que operan en turno doble o m\u00e1s, el per\u00edodo recomendado es al menos 1 revisi\u00f3n por a\u00f1o, a partir de la fecha de puesta en marcha de la l\u00ednea.<\/li><li>Para las l\u00edneas WN\/S-50, WN\/T-50, y WB\/S-50 as\u00ed como WB\/T-50 que operan en turno \u00fanico, no se recomiendan revisiones peri\u00f3dicas.<\/li><li>Para los paletizadores (todos los tipos), el per\u00edodo recomendado es al menos 2 revisiones por a\u00f1o, a partir de la fecha de puesta en marcha de la l\u00ednea.<\/li><li>Para los robots paletizadores y las cubiertas Stretch Hood MK-1000, el per\u00edodo recomendado es al menos 1 revisi\u00f3n por a\u00f1o, a partir de la fecha de puesta en marcha de la l\u00ednea.<\/li><\/ul><p><\/p>\t\t\t\t\t<\/div>\n\t\t\t\t\t\t<\/div>\n\t\t\t\t<\/div>\n\t\t\t\t\t\t<\/div>\n\t\t\t\t\t<\/div>\n\t\t<\/div>\n\t\t\t\t<div class=\"elementor-column elementor-col-50 elementor-top-column elementor-element elementor-element-d01b6e8\" data-id=\"d01b6e8\" data-element_type=\"column\">\n\t\t\t<div class=\"elementor-column-wrap elementor-element-populated\">\n\t\t\t\t\t\t\t<div class=\"elementor-widget-wrap\">\n\t\t\t\t\t\t<div class=\"elementor-element elementor-element-46bfecf elementor-widget elementor-widget-image\" data-id=\"46bfecf\" data-element_type=\"widget\" data-widget_type=\"image.default\">\n\t\t\t\t<div class=\"elementor-widget-container\">\n\t\t\t\t\t\t\t\t<div class=\"elementor-image\">\n\t\t\t\t\t\t\t\t\t\t\t\t<img src=\"https:\/\/drewmax.net.pl\/wp-content\/uploads\/2019\/07\/serwis_2-1-e1563253483561.jpg\" title=\"\" alt=\"\" \/>\t\t\t\t\t\t\t\t\t\t\t\t\t\t<\/div>\n\t\t\t\t\t\t<\/div>\n\t\t\t\t<\/div>\n\t\t\t\t\t\t<\/div>\n\t\t\t\t\t<\/div>\n\t\t<\/div>\n\t\t\t\t\t\t\t\t<\/div>\n\t\t\t\t\t<\/div>\n\t\t<\/section>\n\t\t\t\t<section class=\"elementor-section elementor-top-section elementor-element elementor-element-047689f elementor-section-boxed elementor-section-height-default elementor-section-height-default\" data-id=\"047689f\" data-element_type=\"section\" data-settings=\"{&quot;background_background&quot;:&quot;classic&quot;}\">\n\t\t\t\t\t\t<div class=\"elementor-container elementor-column-gap-default\">\n\t\t\t\t\t\t\t<div class=\"elementor-row\">\n\t\t\t\t\t<div class=\"elementor-column elementor-col-50 elementor-top-column elementor-element elementor-element-c5a4a2c\" data-id=\"c5a4a2c\" data-element_type=\"column\">\n\t\t\t<div class=\"elementor-column-wrap elementor-element-populated\">\n\t\t\t\t\t\t\t<div class=\"elementor-widget-wrap\">\n\t\t\t\t\t\t<div class=\"elementor-element elementor-element-0ac5e66 elementor-widget elementor-widget-text-editor\" data-id=\"0ac5e66\" data-element_type=\"widget\" data-widget_type=\"text-editor.default\">\n\t\t\t\t<div class=\"elementor-widget-container\">\n\t\t\t\t\t\t\t\t<div class=\"elementor-text-editor elementor-clearfix\">\n\t\t\t\t<p><\/p><p data-start=\"2299\" data-end=\"2373\"><span style=\"text-decoration: underline;\"><strong data-start=\"2318\" data-end=\"2373\">Direcci\u00f3n y procedimiento de solicitud de servicio:<\/strong><\/span><\/p><p data-start=\"2375\" data-end=\"2485\">Para reportar una falla de garant\u00eda o solicitar un servicio, por favor notif\u00edquenos de las siguientes maneras:<\/p><ul><li data-start=\"2487\" data-end=\"2525\">Por escrito, por correo electr\u00f3nico a:<\/li><\/ul><p data-start=\"2527\" data-end=\"2583\">\u00a0 \u00a0 \u00a0 \u00a0 \u00a0 \u00a0 \u00a0 \u00a0 Servicio \u2013 serwisdrewmax.net.pl con el asunto \u00abServicio\u00bb<\/p><ul><li data-start=\"2585\" data-end=\"2624\">Por tel\u00e9fono, a los siguientes n\u00fameros:<\/li><\/ul><p data-start=\"2626\" data-end=\"2652\">\u00a0 \u00a0 \u00a0 \u00a0 \u00a0 \u00a0 \u00a0 \u00a0 Drewmax \u2013 +48 77 481 01 22<\/p><p data-start=\"2654\" data-end=\"2687\">\u00a0 \u00a0 \u00a0 \u00a0 \u00a0 \u00a0 \u00a0 \u00a0 Piotr Domerecki \u2013 +48 887 119 222<\/p><ul><li data-start=\"2689\" data-end=\"2750\">Servicio de soporte (Jefe del Departamento de Automatizaci\u00f3n)<\/li><\/ul><p data-start=\"2752\" data-end=\"2785\">\u00a0 \u00a0 \u00a0 \u00a0 \u00a0 \u00a0 \u00a0 \u00a0 Krzysztof Hassa \u2013 +48 725 551 666<\/p><p data-start=\"2787\" data-end=\"2865\"><\/p>\t\t\t\t\t<\/div>\n\t\t\t\t\t\t<\/div>\n\t\t\t\t<\/div>\n\t\t\t\t\t\t<\/div>\n\t\t\t\t\t<\/div>\n\t\t<\/div>\n\t\t\t\t<div class=\"elementor-column elementor-col-50 elementor-top-column elementor-element elementor-element-3bcf92e\" data-id=\"3bcf92e\" data-element_type=\"column\">\n\t\t\t<div class=\"elementor-column-wrap elementor-element-populated\">\n\t\t\t\t\t\t\t<div class=\"elementor-widget-wrap\">\n\t\t\t\t\t\t<div class=\"elementor-element elementor-element-e5c5d18 elementor-widget elementor-widget-text-editor\" data-id=\"e5c5d18\" data-element_type=\"widget\" data-widget_type=\"text-editor.default\">\n\t\t\t\t<div class=\"elementor-widget-container\">\n\t\t\t\t\t\t\t\t<div class=\"elementor-text-editor elementor-clearfix\">\n\t\t\t\t<p><\/p><p data-start=\"951\" data-end=\"991\"><span style=\"text-decoration: underline;\"><strong data-start=\"970\" data-end=\"991\">Pedido de piezas:<\/strong><\/span><\/p><ul><li data-start=\"993\" data-end=\"1031\">Por escrito, por correo electr\u00f3nico a:<\/li><\/ul><p data-start=\"1033\" data-end=\"1067\">\u00a0 \u00a0 \u00a0 \u00a0 \u00a0 \u00a0 \u00a0 \u00a0Almac\u00e9n \u2013 zamowieniadrewmax.net.pl<\/p><ul><li data-start=\"1069\" data-end=\"1104\">Contacto directo (Jefe de almac\u00e9n):<\/li><\/ul><p data-start=\"1106\" data-end=\"1136\">\u00a0 \u00a0 \u00a0 \u00a0 \u00a0 \u00a0 \u00a0 \u00a0Tomasz Glomb &#8211; +48 887 885 666<\/p><p data-start=\"1138\" data-end=\"1180\"><strong data-start=\"1138\" data-end=\"1159\">[<\/strong>:pt]<p data-start=\"1138\" data-end=\"1180\"><span style=\"text-decoration: underline;\"><strong data-start=\"1160\" data-end=\"1180\">Pedido de pe\u00e7as:<\/strong><\/span><\/p><ul><li data-start=\"1182\" data-end=\"1211\">Por escrito, por e-mail para:<\/li><\/ul><p data-start=\"1213\" data-end=\"1247\">\u00a0 \u00a0 \u00a0 \u00a0 \u00a0 \u00a0 \u00a0 \u00a0Armaz\u00e9m \u2013 zamowieniadrewmax.net.pl<\/p><ul><li data-start=\"1249\" data-end=\"1285\">Contato direto (Gerente de armaz\u00e9m):<\/li><\/ul><p data-start=\"1287\" data-end=\"1317\" data-is-last-node=\"\">\u00a0 \u00a0 \u00a0 \u00a0 \u00a0 \u00a0 \u00a0 \u00a0Tomasz Glomb &#8211; +48 887 885 666<\/p><p data-start=\"0\" data-end=\"24\"><\/p>\t\t\t\t\t<\/div>\n\t\t\t\t\t\t<\/div>\n\t\t\t\t<\/div>\n\t\t\t\t\t\t<\/div>\n\t\t\t\t\t<\/div>\n\t\t<\/div>\n\t\t\t\t\t\t\t\t<\/div>\n\t\t\t\t\t<\/div>\n\t\t<\/section>\n\t\t\t\t\t\t<\/div>\n\t\t\t\t\t\t<\/div>\n\t\t\t\t\t<\/div>\n\t\t","protected":false},"excerpt":{"rendered":"<p>Servicio La empresa Drewmax hace todo lo posible para que la calidad de los trabajos de mantenimiento realizados est\u00e9 en el nivel m\u00e1s alto, y los materiales utilizados para las reparaciones sean siempre de la m\u00e1s alta calidad. Contamos con un almac\u00e9n de repuestos bien surtido, lo que nos permite enviar repuestos nuevos en el&hellip;<\/p>\n","protected":false},"author":1,"featured_media":0,"parent":0,"menu_order":0,"comment_status":"closed","ping_status":"closed","template":"","meta":[],"yoast_head":"<!-- This site is optimized with the Yoast SEO Premium plugin v15.5 - https:\/\/yoast.com\/wordpress\/plugins\/seo\/ -->\n<title>Wa\u017cenie Pakowanie Paletyzacja Automatyka przemys\u0142owa linie PP PE<\/title>\n<meta name=\"description\" content=\"Wa\u017cenie Pakowanie Paletyzacja Automatyka przemys\u0142owa linie wa\u017c\u0105co - pakuj\u0105ce zbiorniki technologiczne mikrodozowanie linie PP PE serwis\" \/>\n<meta name=\"robots\" content=\"index, follow, max-snippet:-1, max-image-preview:large, max-video-preview:-1\" \/>\n<link rel=\"canonical\" href=\"https:\/\/drewmax.net.pl\/serwis\/\" \/>\n<meta property=\"og:locale\" content=\"es_ES\" \/>\n<meta property=\"og:type\" content=\"article\" \/>\n<meta property=\"og:title\" content=\"Wa\u017cenie Pakowanie Paletyzacja Automatyka przemys\u0142owa linie PP PE\" \/>\n<meta property=\"og:description\" content=\"Wa\u017cenie Pakowanie Paletyzacja Automatyka przemys\u0142owa linie wa\u017c\u0105co - pakuj\u0105ce zbiorniki technologiczne mikrodozowanie linie PP PE serwis\" \/>\n<meta property=\"og:url\" content=\"https:\/\/drewmax.net.pl\/serwis\/\" \/>\n<meta property=\"og:site_name\" content=\"(Polski) Drewmax - Wa\u017cenie | Pakowanie | Paletyzacja | Automatyka\" \/>\n<meta property=\"article:publisher\" content=\"https:\/\/www.facebook.com\/Drewmax-111641623604429\/\" \/>\n<meta property=\"article:modified_time\" content=\"2025-03-25T12:05:40+00:00\" \/>\n<meta property=\"og:image\" content=\"https:\/\/drewmax.net.pl\/wp-content\/uploads\/2019\/07\/serwis_1-1-e1563253455379.jpg\" \/>\n<meta name=\"twitter:card\" content=\"summary_large_image\" \/>\n<meta name=\"twitter:label1\" content=\"Tiempo de lectura\">\n\t<meta name=\"twitter:data1\" content=\"12 minutos\">\n<script type=\"application\/ld+json\" class=\"yoast-schema-graph\">{\"@context\":\"https:\/\/schema.org\",\"@graph\":[{\"@type\":\"Organization\",\"@id\":\"https:\/\/drewmax.net.pl\/en\/#organization\",\"name\":\"DREWMAX Sp\\u00f3\\u0142ka z o.o.\",\"url\":\"https:\/\/drewmax.net.pl\/en\/\",\"sameAs\":[\"https:\/\/www.facebook.com\/Drewmax-111641623604429\/\",\"https:\/\/www.instagram.com\/drewmax.net.pl\/\",\"https:\/\/www.youtube.com\/channel\/UCCS8U5F8gSyJAlSWjxgbLRQ\"],\"logo\":{\"@type\":\"ImageObject\",\"@id\":\"https:\/\/drewmax.net.pl\/en\/#logo\",\"inLanguage\":\"es\",\"url\":\"\",\"caption\":\"DREWMAX Sp\\u00f3\\u0142ka z o.o.\"},\"image\":{\"@id\":\"https:\/\/drewmax.net.pl\/en\/#logo\"}},{\"@type\":\"WebSite\",\"@id\":\"https:\/\/drewmax.net.pl\/en\/#website\",\"url\":\"https:\/\/drewmax.net.pl\/en\/\",\"name\":\"(Polski) Drewmax - Wa\\u017cenie | Pakowanie | Paletyzacja | Automatyka\",\"description\":\"\",\"publisher\":{\"@id\":\"https:\/\/drewmax.net.pl\/en\/#organization\"},\"potentialAction\":[{\"@type\":\"SearchAction\",\"target\":\"https:\/\/drewmax.net.pl\/en\/?s={search_term_string}\",\"query-input\":\"required name=search_term_string\"}],\"inLanguage\":\"es\"},{\"@type\":\"ImageObject\",\"@id\":\"https:\/\/drewmax.net.pl\/serwis\/#primaryimage\",\"inLanguage\":\"es\",\"url\":\"https:\/\/drewmax.net.pl\/wp-content\/uploads\/2019\/07\/serwis_1-1-e1563253455379.jpg\"},{\"@type\":\"WebPage\",\"@id\":\"https:\/\/drewmax.net.pl\/serwis\/#webpage\",\"url\":\"https:\/\/drewmax.net.pl\/serwis\/\",\"name\":\"Wa\\u017cenie Pakowanie Paletyzacja Automatyka przemys\\u0142owa linie PP PE\",\"isPartOf\":{\"@id\":\"https:\/\/drewmax.net.pl\/en\/#website\"},\"primaryImageOfPage\":{\"@id\":\"https:\/\/drewmax.net.pl\/serwis\/#primaryimage\"},\"datePublished\":\"2019-07-11T08:10:10+00:00\",\"dateModified\":\"2025-03-25T12:05:40+00:00\",\"description\":\"Wa\\u017cenie Pakowanie Paletyzacja Automatyka przemys\\u0142owa linie wa\\u017c\\u0105co - pakuj\\u0105ce zbiorniki technologiczne mikrodozowanie linie PP PE serwis\",\"breadcrumb\":{\"@id\":\"https:\/\/drewmax.net.pl\/serwis\/#breadcrumb\"},\"inLanguage\":\"es\",\"potentialAction\":[{\"@type\":\"ReadAction\",\"target\":[\"https:\/\/drewmax.net.pl\/serwis\/\"]}]},{\"@type\":\"BreadcrumbList\",\"@id\":\"https:\/\/drewmax.net.pl\/serwis\/#breadcrumb\",\"itemListElement\":[{\"@type\":\"ListItem\",\"position\":1,\"item\":{\"@type\":\"WebPage\",\"@id\":\"https:\/\/drewmax.net.pl\/\",\"url\":\"https:\/\/drewmax.net.pl\/\",\"name\":\"Home\"}},{\"@type\":\"ListItem\",\"position\":2,\"item\":{\"@type\":\"WebPage\",\"@id\":\"https:\/\/drewmax.net.pl\/serwis\/\",\"url\":\"https:\/\/drewmax.net.pl\/serwis\/\",\"name\":\"Serwis\"}}]}]}<\/script>\n<!-- \/ Yoast SEO Premium plugin. -->","_links":{"self":[{"href":"https:\/\/drewmax.net.pl\/es\/wp-json\/wp\/v2\/pages\/12532"}],"collection":[{"href":"https:\/\/drewmax.net.pl\/es\/wp-json\/wp\/v2\/pages"}],"about":[{"href":"https:\/\/drewmax.net.pl\/es\/wp-json\/wp\/v2\/types\/page"}],"author":[{"embeddable":true,"href":"https:\/\/drewmax.net.pl\/es\/wp-json\/wp\/v2\/users\/1"}],"replies":[{"embeddable":true,"href":"https:\/\/drewmax.net.pl\/es\/wp-json\/wp\/v2\/comments?post=12532"}],"version-history":[{"count":76,"href":"https:\/\/drewmax.net.pl\/es\/wp-json\/wp\/v2\/pages\/12532\/revisions"}],"predecessor-version":[{"id":31423,"href":"https:\/\/drewmax.net.pl\/es\/wp-json\/wp\/v2\/pages\/12532\/revisions\/31423"}],"wp:attachment":[{"href":"https:\/\/drewmax.net.pl\/es\/wp-json\/wp\/v2\/media?parent=12532"}],"curies":[{"name":"wp","href":"https:\/\/api.w.org\/{rel}","templated":true}]}}