{"id":11814,"date":"2016-07-19T11:23:52","date_gmt":"2016-07-19T09:23:52","guid":{"rendered":"http:\/\/drewmax.net.pl\/?page_id=19"},"modified":"2025-04-04T07:22:35","modified_gmt":"2025-04-04T05:22:35","slug":"linie-do-napelniania-opakowan","status":"publish","type":"page","link":"https:\/\/drewmax.net.pl\/es\/linie-do-napelniania-opakowan\/","title":{"rendered":"Linia do nape\u0142niania opakowa\u0144 PP, PE oraz karton\u00f3w"},"content":{"rendered":"\t\t<div data-elementor-type=\"wp-post\" data-elementor-id=\"11814\" class=\"elementor elementor-11814\" data-elementor-settings=\"[]\">\n\t\t\t\t\t\t<div class=\"elementor-inner\">\n\t\t\t\t\t\t\t<div class=\"elementor-section-wrap\">\n\t\t\t\t\t\t\t<section class=\"elementor-section elementor-top-section elementor-element elementor-element-76ff643 elementor-section-boxed elementor-section-height-default elementor-section-height-default\" data-id=\"76ff643\" data-element_type=\"section\" data-settings=\"{&quot;background_background&quot;:&quot;classic&quot;}\">\n\t\t\t\t\t\t<div class=\"elementor-container elementor-column-gap-default\">\n\t\t\t\t\t\t\t<div class=\"elementor-row\">\n\t\t\t\t\t<div class=\"elementor-column elementor-col-100 elementor-top-column elementor-element elementor-element-9d80912\" data-id=\"9d80912\" data-element_type=\"column\">\n\t\t\t<div class=\"elementor-column-wrap elementor-element-populated\">\n\t\t\t\t\t\t\t<div class=\"elementor-widget-wrap\">\n\t\t\t\t\t\t<div class=\"elementor-element elementor-element-0df509c elementor-widget elementor-widget-heading\" data-id=\"0df509c\" data-element_type=\"widget\" data-widget_type=\"heading.default\">\n\t\t\t\t<div class=\"elementor-widget-container\">\n\t\t\t<h2 class=\"elementor-heading-title elementor-size-xl\">L\u00ednea de llenado para envases de PP, PE y cartones\n<\/h2>\t\t<\/div>\n\t\t\t\t<\/div>\n\t\t\t\t\t\t<\/div>\n\t\t\t\t\t<\/div>\n\t\t<\/div>\n\t\t\t\t\t\t\t\t<\/div>\n\t\t\t\t\t<\/div>\n\t\t<\/section>\n\t\t\t\t<section class=\"elementor-section elementor-top-section elementor-element elementor-element-d7fe08c elementor-section-boxed elementor-section-height-default elementor-section-height-default\" data-id=\"d7fe08c\" data-element_type=\"section\" data-settings=\"{&quot;background_background&quot;:&quot;classic&quot;}\">\n\t\t\t\t\t\t<div class=\"elementor-container elementor-column-gap-default\">\n\t\t\t\t\t\t\t<div class=\"elementor-row\">\n\t\t\t\t\t<div class=\"elementor-column elementor-col-50 elementor-top-column elementor-element elementor-element-dc7fead\" data-id=\"dc7fead\" data-element_type=\"column\">\n\t\t\t<div class=\"elementor-column-wrap elementor-element-populated\">\n\t\t\t\t\t\t\t<div class=\"elementor-widget-wrap\">\n\t\t\t\t\t\t<div class=\"elementor-element elementor-element-95d6a85 elementor-widget elementor-widget-text-editor\" data-id=\"95d6a85\" data-element_type=\"widget\" data-widget_type=\"text-editor.default\">\n\t\t\t\t<div class=\"elementor-widget-container\">\n\t\t\t\t\t\t\t\t<div class=\"elementor-text-editor elementor-clearfix\">\n\t\t\t\t<p><\/p><p data-start=\"2527\" data-end=\"2771\">Drewmax tambi\u00e9n es fabricante de l\u00edneas de llenado para contenedores. Nuestro conocimiento, experiencia y equipo de ingenier\u00eda nos han permitido dise\u00f1ar e implementar l\u00edneas de llenado autom\u00e1tico de envases con cualquier tipo de producto.<\/p><p data-start=\"2773\" data-end=\"3130\">La l\u00ednea presentada puede tomar autom\u00e1ticamente los envases, llenarlos con cualquier producto, pesarlos y luego cerrarlos. Este dise\u00f1o permite un ahorro significativo de tiempo en el envasado del producto y reduce la necesidad de personal a un solo operador, cuya tarea es suministrar y reponer los envases, adem\u00e1s de supervisar el proceso en tiempo real.<\/p><p data-start=\"3132\" data-end=\"3282\">El dosificador que suministra el producto al envase est\u00e1 adaptado a sus propiedades. Existe la posibilidad de utilizar los siguientes dosificadores:<\/p><p data-start=\"3289\" data-end=\"3328\"><\/p>\t\t\t\t\t<\/div>\n\t\t\t\t\t\t<\/div>\n\t\t\t\t<\/div>\n\t\t\t\t\t\t<\/div>\n\t\t\t\t\t<\/div>\n\t\t<\/div>\n\t\t\t\t<div class=\"elementor-column elementor-col-50 elementor-top-column elementor-element elementor-element-6cb9d33\" data-id=\"6cb9d33\" data-element_type=\"column\">\n\t\t\t<div class=\"elementor-column-wrap elementor-element-populated\">\n\t\t\t\t\t\t\t<div class=\"elementor-widget-wrap\">\n\t\t\t\t\t\t<div class=\"elementor-element elementor-element-ec39fb5 elementor-widget__width-inherit elementor-widget elementor-widget-image\" data-id=\"ec39fb5\" data-element_type=\"widget\" data-widget_type=\"image.default\">\n\t\t\t\t<div class=\"elementor-widget-container\">\n\t\t\t\t\t\t\t\t<div class=\"elementor-image\">\n\t\t\t\t\t\t\t\t\t<figure class=\"wp-caption\">\n\t\t\t\t\t\t\t\t\t\t<img width=\"300\" height=\"298\" src=\"https:\/\/drewmax.net.pl\/wp-content\/uploads\/2020\/10\/pppe1-300x298-2.png\" class=\"attachment-large size-large\" alt=\"\" loading=\"lazy\" srcset=\"https:\/\/drewmax.net.pl\/wp-content\/uploads\/2020\/10\/pppe1-300x298-2.png 300w, https:\/\/drewmax.net.pl\/wp-content\/uploads\/2020\/10\/pppe1-300x298-2-150x150.png 150w\" sizes=\"(max-width: 300px) 100vw, 300px\" \/>\t\t\t\t\t\t\t\t\t\t\t<figcaption class=\"widget-image-caption wp-caption-text\">Linia do nape\u0142niania pojemnik\u00f3w<\/figcaption>\n\t\t\t\t\t\t\t\t\t\t<\/figure>\n\t\t\t\t\t\t\t\t<\/div>\n\t\t\t\t\t\t<\/div>\n\t\t\t\t<\/div>\n\t\t\t\t\t\t<\/div>\n\t\t\t\t\t<\/div>\n\t\t<\/div>\n\t\t\t\t\t\t\t\t<\/div>\n\t\t\t\t\t<\/div>\n\t\t<\/section>\n\t\t\t\t<section class=\"elementor-section elementor-top-section elementor-element elementor-element-b4e1198 elementor-section-boxed elementor-section-height-default elementor-section-height-default\" data-id=\"b4e1198\" data-element_type=\"section\" data-settings=\"{&quot;background_background&quot;:&quot;classic&quot;}\">\n\t\t\t\t\t\t<div class=\"elementor-container elementor-column-gap-default\">\n\t\t\t\t\t\t\t<div class=\"elementor-row\">\n\t\t\t\t\t<div class=\"elementor-column elementor-col-50 elementor-top-column elementor-element elementor-element-06ebae4\" data-id=\"06ebae4\" data-element_type=\"column\">\n\t\t\t<div class=\"elementor-column-wrap elementor-element-populated\">\n\t\t\t\t\t\t\t<div class=\"elementor-widget-wrap\">\n\t\t\t\t\t\t<div class=\"elementor-element elementor-element-79bfa97 elementor-widget elementor-widget-text-editor\" data-id=\"79bfa97\" data-element_type=\"widget\" data-widget_type=\"text-editor.default\">\n\t\t\t\t<div class=\"elementor-widget-container\">\n\t\t\t\t\t\t\t\t<div class=\"elementor-text-editor elementor-clearfix\">\n\t\t\t\t<p><\/p><ul data-start=\"679\" data-end=\"865\"><li data-start=\"679\" data-end=\"726\">Dosificador para productos l\u00edquidos (grifo)<\/li><li data-start=\"727\" data-end=\"805\">Dosificador para productos a granel (de banda, de tornillo, gravitacional)<\/li><li data-start=\"806\" data-end=\"865\">Dosificador para productos preempacados (sacos, cartones)<\/li><\/ul><p data-start=\"867\" data-end=\"893\"><\/p>\t\t\t\t\t<\/div>\n\t\t\t\t\t\t<\/div>\n\t\t\t\t<\/div>\n\t\t\t\t\t\t<\/div>\n\t\t\t\t\t<\/div>\n\t\t<\/div>\n\t\t\t\t<div class=\"elementor-column elementor-col-50 elementor-top-column elementor-element elementor-element-7493c53\" data-id=\"7493c53\" data-element_type=\"column\">\n\t\t\t<div class=\"elementor-column-wrap elementor-element-populated\">\n\t\t\t\t\t\t\t<div class=\"elementor-widget-wrap\">\n\t\t\t\t\t\t<div class=\"elementor-element elementor-element-89da2e8 elementor-widget__width-inherit elementor-widget elementor-widget-image\" data-id=\"89da2e8\" data-element_type=\"widget\" data-widget_type=\"image.default\">\n\t\t\t\t<div class=\"elementor-widget-container\">\n\t\t\t\t\t\t\t\t<div class=\"elementor-image\">\n\t\t\t\t\t\t\t\t\t\t\t\t<img width=\"300\" height=\"122\" src=\"https:\/\/drewmax.net.pl\/wp-content\/uploads\/2020\/10\/pppe2-300x122-2.png\" class=\"attachment-large size-large\" alt=\"\" loading=\"lazy\" \/>\t\t\t\t\t\t\t\t\t\t\t\t\t\t<\/div>\n\t\t\t\t\t\t<\/div>\n\t\t\t\t<\/div>\n\t\t\t\t\t\t<\/div>\n\t\t\t\t\t<\/div>\n\t\t<\/div>\n\t\t\t\t\t\t\t\t<\/div>\n\t\t\t\t\t<\/div>\n\t\t<\/section>\n\t\t\t\t<section class=\"elementor-section elementor-top-section elementor-element elementor-element-fc97643 elementor-section-boxed elementor-section-height-default elementor-section-height-default\" data-id=\"fc97643\" data-element_type=\"section\" data-settings=\"{&quot;background_background&quot;:&quot;classic&quot;}\">\n\t\t\t\t\t\t<div class=\"elementor-container elementor-column-gap-default\">\n\t\t\t\t\t\t\t<div class=\"elementor-row\">\n\t\t\t\t\t<div class=\"elementor-column elementor-col-100 elementor-top-column elementor-element elementor-element-2146dfe\" data-id=\"2146dfe\" data-element_type=\"column\">\n\t\t\t<div class=\"elementor-column-wrap elementor-element-populated\">\n\t\t\t\t\t\t\t<div class=\"elementor-widget-wrap\">\n\t\t\t\t\t\t<div class=\"elementor-element elementor-element-63b6917 elementor-widget elementor-widget-text-editor\" data-id=\"63b6917\" data-element_type=\"widget\" data-widget_type=\"text-editor.default\">\n\t\t\t\t<div class=\"elementor-widget-container\">\n\t\t\t\t\t\t\t\t<div class=\"elementor-text-editor elementor-clearfix\">\n\t\t\t\t<p><\/p><p data-start=\"921\" data-end=\"1248\"><br data-start=\"944\" data-end=\"947\" \/>Para la recepci\u00f3n de los cubos llenos, se puede utilizar una estaci\u00f3n de paletizaci\u00f3n rob\u00f3tica, mientras que para asegurar la carga contra desplazamientos, recomendamos el uso de una m\u00e1quina \u00abcapuchonadora\u00bb stretch hood: tales dispositivos tambi\u00e9n est\u00e1n disponibles en la oferta de la empresa Drewmax.<\/p><p data-start=\"1250\" data-end=\"1569\" data-is-only-node=\"\" data-is-last-node=\"\"><\/span><\/p>\t\t\t\t\t<\/div>\n\t\t\t\t\t\t<\/div>\n\t\t\t\t<\/div>\n\t\t\t\t\t\t<\/div>\n\t\t\t\t\t<\/div>\n\t\t<\/div>\n\t\t\t\t\t\t\t\t<\/div>\n\t\t\t\t\t<\/div>\n\t\t<\/section>\n\t\t\t\t<section class=\"elementor-section elementor-top-section elementor-element elementor-element-f3655fe elementor-section-boxed elementor-section-height-default elementor-section-height-default\" data-id=\"f3655fe\" data-element_type=\"section\" data-settings=\"{&quot;background_background&quot;:&quot;classic&quot;}\">\n\t\t\t\t\t\t<div class=\"elementor-container elementor-column-gap-default\">\n\t\t\t\t\t\t\t<div class=\"elementor-row\">\n\t\t\t\t\t<div class=\"elementor-column elementor-col-50 elementor-top-column elementor-element elementor-element-8010643\" data-id=\"8010643\" data-element_type=\"column\">\n\t\t\t<div class=\"elementor-column-wrap elementor-element-populated\">\n\t\t\t\t\t\t\t<div class=\"elementor-widget-wrap\">\n\t\t\t\t\t\t<div class=\"elementor-element elementor-element-41a3ee5 elementor-widget__width-inherit elementor-widget elementor-widget-image\" data-id=\"41a3ee5\" data-element_type=\"widget\" data-widget_type=\"image.default\">\n\t\t\t\t<div class=\"elementor-widget-container\">\n\t\t\t\t\t\t\t\t<div class=\"elementor-image\">\n\t\t\t\t\t\t\t\t\t\t\t\t<img width=\"300\" height=\"296\" src=\"https:\/\/drewmax.net.pl\/wp-content\/uploads\/2020\/10\/pppe3-300x296-2.png\" class=\"attachment-large size-large\" alt=\"\" loading=\"lazy\" \/>\t\t\t\t\t\t\t\t\t\t\t\t\t\t<\/div>\n\t\t\t\t\t\t<\/div>\n\t\t\t\t<\/div>\n\t\t\t\t\t\t<\/div>\n\t\t\t\t\t<\/div>\n\t\t<\/div>\n\t\t\t\t<div class=\"elementor-column elementor-col-50 elementor-top-column elementor-element elementor-element-82d07ec\" data-id=\"82d07ec\" data-element_type=\"column\">\n\t\t\t<div class=\"elementor-column-wrap elementor-element-populated\">\n\t\t\t\t\t\t\t<div class=\"elementor-widget-wrap\">\n\t\t\t\t\t\t<div class=\"elementor-element elementor-element-841c3de elementor-widget elementor-widget-text-editor\" data-id=\"841c3de\" data-element_type=\"widget\" data-widget_type=\"text-editor.default\">\n\t\t\t\t<div class=\"elementor-widget-container\">\n\t\t\t\t\t\t\t\t<div class=\"elementor-text-editor elementor-clearfix\">\n\t\t\t\t<p><br data-start=\"1501\" data-end=\"1504\" \/><span style=\"text-decoration: underline;\"><strong data-start=\"1504\" data-end=\"1544\">Componentes b\u00e1sicos del dispositivo:<\/strong><\/span><\/p><ul data-start=\"1547\" data-end=\"1804\"><li data-start=\"1547\" data-end=\"1572\">Estructura de soporte<\/li><li data-start=\"1573\" data-end=\"1599\">Transportador de cubos<\/li><li data-start=\"1600\" data-end=\"1645\">Estaci\u00f3n de llenado de cubos con producto<\/li><li data-start=\"1646\" data-end=\"1657\">B\u00e1scula<\/li><li data-start=\"1658\" data-end=\"1742\">Sistema de control legible basado en un controlador PLC Siemens con panel t\u00e1ctil<\/li><li data-start=\"1743\" data-end=\"1804\">Accionamientos\/servoaccionamientos SEW o LENZE utilizados<\/li><\/ul><p data-start=\"1806\" data-end=\"1834\"><span style=\"text-decoration: underline;\"><strong data-start=\"1806\" data-end=\"1832\">Equipamiento opcional:<\/strong><\/span><\/p><ul data-start=\"1835\" data-end=\"1985\"><li data-start=\"1835\" data-end=\"1869\">Sistema de colocaci\u00f3n de tapas<\/li><li data-start=\"1870\" data-end=\"1921\">Sistema de ajuste autom\u00e1tico a tama\u00f1os de tapas<\/li><li data-start=\"1922\" data-end=\"1954\">Sistema de cierre de envases<\/li><li data-start=\"1955\" data-end=\"1985\">Transportador de recepci\u00f3n<\/li><\/ul><p data-start=\"1987\" data-end=\"2055\"><\/p><\/div>\t\t\t\t\t<\/div>\n\t\t\t\t\t\t<\/div>\n\t\t\t\t<\/div>\n\t\t\t\t\t\t<\/div>\n\t\t\t\t\t<\/div>\n\t\t<\/div>\n\t\t\t\t\t\t\t\t<\/div>\n\t\t\t\t\t<\/div>\n\t\t<\/section>\n\t\t\t\t<section class=\"elementor-section elementor-top-section elementor-element elementor-element-1233422 elementor-section-boxed elementor-section-height-default elementor-section-height-default\" data-id=\"1233422\" data-element_type=\"section\" data-settings=\"{&quot;background_background&quot;:&quot;classic&quot;}\">\n\t\t\t\t\t\t<div class=\"elementor-container elementor-column-gap-default\">\n\t\t\t\t\t\t\t<div class=\"elementor-row\">\n\t\t\t\t\t<div class=\"elementor-column elementor-col-50 elementor-top-column elementor-element elementor-element-a94ec0f\" data-id=\"a94ec0f\" data-element_type=\"column\">\n\t\t\t<div class=\"elementor-column-wrap elementor-element-populated\">\n\t\t\t\t\t\t\t<div class=\"elementor-widget-wrap\">\n\t\t\t\t\t\t<div class=\"elementor-element elementor-element-8e461c6 elementor-widget elementor-widget-text-editor\" data-id=\"8e461c6\" data-element_type=\"widget\" data-widget_type=\"text-editor.default\">\n\t\t\t\t<div class=\"elementor-widget-container\">\n\t\t\t\t\t\t\t\t<div class=\"elementor-text-editor elementor-clearfix\">\n\t\t\t\t<p><br data-start=\"1290\" data-end=\"1293\" \/><span style=\"text-decoration: underline;\"><strong data-start=\"1293\" data-end=\"1354\">Datos t\u00e9cnicos de la l\u00ednea de llenado de envases r\u00edgidos:<\/strong><\/span><\/p><ul data-start=\"1357\" data-end=\"1675\"><li data-start=\"1357\" data-end=\"1394\">Carga m\u00e1xima de la b\u00e1scula: 30 kg<\/li><li data-start=\"1395\" data-end=\"1430\">Peso m\u00ednimo de la porci\u00f3n: 1 kg<\/li><li data-start=\"1431\" data-end=\"1486\">Divisi\u00f3n elemental: 10 g para porciones hasta 30 kg<\/li><li data-start=\"1487\" data-end=\"1526\">Tama\u00f1o de tapas: de 150 mm a 330 mm<\/li><li data-start=\"1527\" data-end=\"1582\">Rendimiento de la l\u00ednea: aprox. 1200 porciones\/hora<\/li><li data-start=\"1583\" data-end=\"1627\">Alimentaci\u00f3n el\u00e9ctrica: 3 x 400 V, 50 Hz<\/li><li data-start=\"1628\" data-end=\"1675\">Suministro de aire comprimido: 5,5 \u2013 10 bar<\/li><\/ul><p data-start=\"1677\" data-end=\"1770\"><\/p>\t\t\t\t\t<\/div>\n\t\t\t\t\t\t<\/div>\n\t\t\t\t<\/div>\n\t\t\t\t\t\t<\/div>\n\t\t\t\t\t<\/div>\n\t\t<\/div>\n\t\t\t\t<div class=\"elementor-column elementor-col-50 elementor-top-column elementor-element elementor-element-ae8439d\" data-id=\"ae8439d\" data-element_type=\"column\">\n\t\t\t<div class=\"elementor-column-wrap elementor-element-populated\">\n\t\t\t\t\t\t\t<div class=\"elementor-widget-wrap\">\n\t\t\t\t\t\t<div class=\"elementor-element elementor-element-1487c71 elementor-widget elementor-widget-image\" data-id=\"1487c71\" data-element_type=\"widget\" data-widget_type=\"image.default\">\n\t\t\t\t<div class=\"elementor-widget-container\">\n\t\t\t\t\t\t\t\t<div class=\"elementor-image\">\n\t\t\t\t\t\t\t\t\t\t\t\t<img width=\"530\" height=\"142\" src=\"https:\/\/drewmax.net.pl\/wp-content\/uploads\/2020\/10\/pppe4-1.png\" class=\"attachment-large size-large\" alt=\"\" loading=\"lazy\" srcset=\"https:\/\/drewmax.net.pl\/wp-content\/uploads\/2020\/10\/pppe4-1.png 530w, https:\/\/drewmax.net.pl\/wp-content\/uploads\/2020\/10\/pppe4-1-300x80.png 300w\" sizes=\"(max-width: 530px) 100vw, 530px\" \/>\t\t\t\t\t\t\t\t\t\t\t\t\t\t<\/div>\n\t\t\t\t\t\t<\/div>\n\t\t\t\t<\/div>\n\t\t\t\t\t\t<\/div>\n\t\t\t\t\t<\/div>\n\t\t<\/div>\n\t\t\t\t\t\t\t\t<\/div>\n\t\t\t\t\t<\/div>\n\t\t<\/section>\n\t\t\t\t<section class=\"elementor-section elementor-top-section elementor-element elementor-element-6d805e1 elementor-section-boxed elementor-section-height-default elementor-section-height-default\" data-id=\"6d805e1\" data-element_type=\"section\" data-settings=\"{&quot;background_background&quot;:&quot;classic&quot;}\">\n\t\t\t\t\t\t<div class=\"elementor-container elementor-column-gap-default\">\n\t\t\t\t\t\t\t<div class=\"elementor-row\">\n\t\t\t\t\t<div class=\"elementor-column elementor-col-100 elementor-top-column elementor-element elementor-element-2b2c0f0\" data-id=\"2b2c0f0\" data-element_type=\"column\">\n\t\t\t<div class=\"elementor-column-wrap elementor-element-populated\">\n\t\t\t\t\t\t\t<div class=\"elementor-widget-wrap\">\n\t\t\t\t\t\t<div class=\"elementor-element elementor-element-4e03cfe elementor-align-center elementor-widget elementor-widget-button\" data-id=\"4e03cfe\" data-element_type=\"widget\" data-widget_type=\"button.default\">\n\t\t\t\t<div class=\"elementor-widget-container\">\n\t\t\t\t\t<div class=\"elementor-button-wrapper\">\n\t\t\t<a href=\"https:\/\/drewmax.net.pl\/wp-content\/uploads\/2025\/03\/Linia-do-napelniania-opakowan-sztywnych-wiadra_front_ES.pdf\" target=\"_blank\" class=\"elementor-button-link elementor-button elementor-size-lg\" role=\"button\">\n\t\t\t\t\t\t<span class=\"elementor-button-content-wrapper\">\n\t\t\t\t\t\t<span class=\"elementor-button-icon elementor-align-icon-right\">\n\t\t\t\t<i aria-hidden=\"true\" class=\"fas fa-download\"><\/i>\t\t\t<\/span>\n\t\t\t\t\t\t<span class=\"elementor-button-text\">  Descarga la ficha del producto<\/span>\n\t\t<\/span>\n\t\t\t\t\t<\/a>\n\t\t<\/div>\n\t\t\t\t<\/div>\n\t\t\t\t<\/div>\n\t\t\t\t\t\t<\/div>\n\t\t\t\t\t<\/div>\n\t\t<\/div>\n\t\t\t\t\t\t\t\t<\/div>\n\t\t\t\t\t<\/div>\n\t\t<\/section>\n\t\t\t\t\t\t<\/div>\n\t\t\t\t\t\t<\/div>\n\t\t\t\t\t<\/div>\n\t\t","protected":false},"excerpt":{"rendered":"<p>L\u00ednea de llenado para envases de PP, PE y cartones Drewmax tambi\u00e9n es fabricante de l\u00edneas de llenado para contenedores. Nuestro conocimiento, experiencia y equipo de ingenier\u00eda nos han permitido dise\u00f1ar e implementar l\u00edneas de llenado autom\u00e1tico de envases con cualquier tipo de producto. La l\u00ednea presentada puede tomar autom\u00e1ticamente los envases, llenarlos con cualquier&hellip;<\/p>\n","protected":false},"author":1,"featured_media":12071,"parent":0,"menu_order":0,"comment_status":"closed","ping_status":"closed","template":"","meta":[],"yoast_head":"<!-- This site is optimized with the Yoast SEO Premium plugin v15.5 - https:\/\/yoast.com\/wordpress\/plugins\/seo\/ -->\n<title>Wa\u017cenie Pakowanie Paletyzacja automatyka przemys\u0142owa linia PP PE<\/title>\n<meta name=\"description\" content=\"Wa\u017cenie pakowanie paletyzacja automatyka przemys\u0142owa linie wa\u017c\u0105co - pakuj\u0105ce Bigbag zbiorniki technologiczne mikrodozowanie PP PE\" \/>\n<meta name=\"robots\" content=\"index, follow, max-snippet:-1, max-image-preview:large, max-video-preview:-1\" \/>\n<link rel=\"canonical\" href=\"https:\/\/drewmax.net.pl\/linie-do-napelniania-opakowan\/\" \/>\n<meta property=\"og:locale\" content=\"es_ES\" \/>\n<meta property=\"og:type\" content=\"article\" \/>\n<meta property=\"og:title\" content=\"Wa\u017cenie Pakowanie Paletyzacja automatyka przemys\u0142owa linia PP PE\" \/>\n<meta property=\"og:description\" content=\"Wa\u017cenie pakowanie paletyzacja automatyka przemys\u0142owa linie wa\u017c\u0105co - pakuj\u0105ce Bigbag zbiorniki technologiczne mikrodozowanie PP PE\" \/>\n<meta property=\"og:url\" content=\"https:\/\/drewmax.net.pl\/linie-do-napelniania-opakowan\/\" \/>\n<meta property=\"og:site_name\" content=\"(Polski) Drewmax - Wa\u017cenie | Pakowanie | Paletyzacja | Automatyka\" \/>\n<meta property=\"article:publisher\" content=\"https:\/\/www.facebook.com\/Drewmax-111641623604429\/\" \/>\n<meta property=\"article:modified_time\" content=\"2025-04-04T05:22:35+00:00\" \/>\n<meta name=\"twitter:card\" content=\"summary_large_image\" \/>\n<meta name=\"twitter:label1\" content=\"Tiempo de lectura\">\n\t<meta name=\"twitter:data1\" content=\"9 minutos\">\n<script type=\"application\/ld+json\" class=\"yoast-schema-graph\">{\"@context\":\"https:\/\/schema.org\",\"@graph\":[{\"@type\":\"Organization\",\"@id\":\"https:\/\/drewmax.net.pl\/en\/#organization\",\"name\":\"DREWMAX Sp\\u00f3\\u0142ka z o.o.\",\"url\":\"https:\/\/drewmax.net.pl\/en\/\",\"sameAs\":[\"https:\/\/www.facebook.com\/Drewmax-111641623604429\/\",\"https:\/\/www.instagram.com\/drewmax.net.pl\/\",\"https:\/\/www.youtube.com\/channel\/UCCS8U5F8gSyJAlSWjxgbLRQ\"],\"logo\":{\"@type\":\"ImageObject\",\"@id\":\"https:\/\/drewmax.net.pl\/en\/#logo\",\"inLanguage\":\"es\",\"url\":\"\",\"caption\":\"DREWMAX Sp\\u00f3\\u0142ka z o.o.\"},\"image\":{\"@id\":\"https:\/\/drewmax.net.pl\/en\/#logo\"}},{\"@type\":\"WebSite\",\"@id\":\"https:\/\/drewmax.net.pl\/en\/#website\",\"url\":\"https:\/\/drewmax.net.pl\/en\/\",\"name\":\"(Polski) Drewmax - Wa\\u017cenie | Pakowanie | Paletyzacja | Automatyka\",\"description\":\"\",\"publisher\":{\"@id\":\"https:\/\/drewmax.net.pl\/en\/#organization\"},\"potentialAction\":[{\"@type\":\"SearchAction\",\"target\":\"https:\/\/drewmax.net.pl\/en\/?s={search_term_string}\",\"query-input\":\"required name=search_term_string\"}],\"inLanguage\":\"es\"},{\"@type\":\"ImageObject\",\"@id\":\"https:\/\/drewmax.net.pl\/linie-do-napelniania-opakowan\/#primaryimage\",\"inLanguage\":\"es\",\"url\":\"\"},{\"@type\":\"WebPage\",\"@id\":\"https:\/\/drewmax.net.pl\/linie-do-napelniania-opakowan\/#webpage\",\"url\":\"https:\/\/drewmax.net.pl\/linie-do-napelniania-opakowan\/\",\"name\":\"Wa\\u017cenie Pakowanie Paletyzacja automatyka przemys\\u0142owa linia PP PE\",\"isPartOf\":{\"@id\":\"https:\/\/drewmax.net.pl\/en\/#website\"},\"primaryImageOfPage\":{\"@id\":\"https:\/\/drewmax.net.pl\/linie-do-napelniania-opakowan\/#primaryimage\"},\"datePublished\":\"2016-07-19T09:23:52+00:00\",\"dateModified\":\"2025-04-04T05:22:35+00:00\",\"description\":\"Wa\\u017cenie pakowanie paletyzacja automatyka przemys\\u0142owa linie wa\\u017c\\u0105co - pakuj\\u0105ce Bigbag zbiorniki technologiczne mikrodozowanie PP PE\",\"breadcrumb\":{\"@id\":\"https:\/\/drewmax.net.pl\/linie-do-napelniania-opakowan\/#breadcrumb\"},\"inLanguage\":\"es\",\"potentialAction\":[{\"@type\":\"ReadAction\",\"target\":[\"https:\/\/drewmax.net.pl\/linie-do-napelniania-opakowan\/\"]}]},{\"@type\":\"BreadcrumbList\",\"@id\":\"https:\/\/drewmax.net.pl\/linie-do-napelniania-opakowan\/#breadcrumb\",\"itemListElement\":[{\"@type\":\"ListItem\",\"position\":1,\"item\":{\"@type\":\"WebPage\",\"@id\":\"https:\/\/drewmax.net.pl\/\",\"url\":\"https:\/\/drewmax.net.pl\/\",\"name\":\"Home\"}},{\"@type\":\"ListItem\",\"position\":2,\"item\":{\"@type\":\"WebPage\",\"@id\":\"https:\/\/drewmax.net.pl\/linie-do-napelniania-opakowan\/\",\"url\":\"https:\/\/drewmax.net.pl\/linie-do-napelniania-opakowan\/\",\"name\":\"Linia do nape\\u0142niania opakowa\\u0144 PP, PE oraz karton\\u00f3w\"}}]}]}<\/script>\n<!-- \/ Yoast SEO Premium plugin. -->","_links":{"self":[{"href":"https:\/\/drewmax.net.pl\/es\/wp-json\/wp\/v2\/pages\/11814"}],"collection":[{"href":"https:\/\/drewmax.net.pl\/es\/wp-json\/wp\/v2\/pages"}],"about":[{"href":"https:\/\/drewmax.net.pl\/es\/wp-json\/wp\/v2\/types\/page"}],"author":[{"embeddable":true,"href":"https:\/\/drewmax.net.pl\/es\/wp-json\/wp\/v2\/users\/1"}],"replies":[{"embeddable":true,"href":"https:\/\/drewmax.net.pl\/es\/wp-json\/wp\/v2\/comments?post=11814"}],"version-history":[{"count":88,"href":"https:\/\/drewmax.net.pl\/es\/wp-json\/wp\/v2\/pages\/11814\/revisions"}],"predecessor-version":[{"id":32034,"href":"https:\/\/drewmax.net.pl\/es\/wp-json\/wp\/v2\/pages\/11814\/revisions\/32034"}],"wp:featuredmedia":[{"embeddable":true,"href":"https:\/\/drewmax.net.pl\/es\/wp-json\/wp\/v2\/media\/12071"}],"wp:attachment":[{"href":"https:\/\/drewmax.net.pl\/es\/wp-json\/wp\/v2\/media?parent=11814"}],"curies":[{"name":"wp","href":"https:\/\/api.w.org\/{rel}","templated":true}]}}