{"id":417,"date":"2016-08-18T13:22:47","date_gmt":"2016-08-18T11:22:47","guid":{"rendered":"http:\/\/drewmax.net.pl\/?page_id=417"},"modified":"2025-03-25T12:25:48","modified_gmt":"2025-03-25T11:25:48","slug":"awns","status":"publish","type":"page","link":"https:\/\/drewmax.net.pl\/en\/awns\/","title":{"rendered":"Automatyczna linia wa\u017c\u0105co pakuj\u0105ca typ aWN\/S"},"content":{"rendered":"\t\t<div data-elementor-type=\"wp-post\" data-elementor-id=\"417\" class=\"elementor elementor-417\" data-elementor-settings=\"[]\">\n\t\t\t\t\t\t<div class=\"elementor-inner\">\n\t\t\t\t\t\t\t<div class=\"elementor-section-wrap\">\n\t\t\t\t\t\t\t<section class=\"elementor-section elementor-top-section elementor-element elementor-element-9c2f3ea elementor-section-boxed elementor-section-height-default elementor-section-height-default\" data-id=\"9c2f3ea\" data-element_type=\"section\" data-settings=\"{&quot;background_background&quot;:&quot;classic&quot;}\">\n\t\t\t\t\t\t<div class=\"elementor-container elementor-column-gap-default\">\n\t\t\t\t\t\t\t<div class=\"elementor-row\">\n\t\t\t\t\t<div class=\"elementor-column elementor-col-100 elementor-top-column elementor-element elementor-element-219b6c7\" data-id=\"219b6c7\" data-element_type=\"column\">\n\t\t\t<div class=\"elementor-column-wrap elementor-element-populated\">\n\t\t\t\t\t\t\t<div class=\"elementor-widget-wrap\">\n\t\t\t\t\t\t<div class=\"elementor-element elementor-element-1706815 elementor-widget elementor-widget-heading\" data-id=\"1706815\" data-element_type=\"widget\" data-widget_type=\"heading.default\">\n\t\t\t\t<div class=\"elementor-widget-container\">\n\t\t\t<h2 class=\"elementor-heading-title elementor-size-xl\">Automatic weighing and packing line type aWN\/S<\/h2>\t\t<\/div>\n\t\t\t\t<\/div>\n\t\t\t\t\t\t<\/div>\n\t\t\t\t\t<\/div>\n\t\t<\/div>\n\t\t\t\t\t\t\t\t<\/div>\n\t\t\t\t\t<\/div>\n\t\t<\/section>\n\t\t\t\t<section class=\"elementor-section elementor-top-section elementor-element elementor-element-30b1f667 elementor-section-boxed elementor-section-height-default elementor-section-height-default\" data-id=\"30b1f667\" data-element_type=\"section\" data-settings=\"{&quot;background_background&quot;:&quot;classic&quot;}\">\n\t\t\t\t\t\t<div class=\"elementor-container elementor-column-gap-default\">\n\t\t\t\t\t\t\t<div class=\"elementor-row\">\n\t\t\t\t\t<div class=\"elementor-column elementor-col-50 elementor-top-column elementor-element elementor-element-379c5b4d\" data-id=\"379c5b4d\" data-element_type=\"column\">\n\t\t\t<div class=\"elementor-column-wrap elementor-element-populated\">\n\t\t\t\t\t\t\t<div class=\"elementor-widget-wrap\">\n\t\t\t\t\t\t<div class=\"elementor-element elementor-element-13618547 elementor-widget elementor-widget-text-editor\" data-id=\"13618547\" data-element_type=\"widget\" data-widget_type=\"text-editor.default\">\n\t\t\t\t<div class=\"elementor-widget-container\">\n\t\t\t\t\t\t\t\t<div class=\"elementor-text-editor elementor-clearfix\">\n\t\t\t\t<p>Connection of modern technology and best brand parts allowed us to create Automatic weighing and packing line type aWN\/S<\/p><p style=\"font-variant-ligatures: normal; font-variant-caps: normal; font-size: 13px;\">aWN\/S is automatic weighing and packing line for\u00a0<strong>loose \/ dusty\u00a0<\/strong>products by using of\u00a0<strong>open-type bags<\/strong>. Presented line is equiped with two weighing baskets that are filled alternately by screw feeders of different diameters. Thanks to this solution, we got high precision weighing and high efficiency up to\u00a0<strong>450 portions per hour. <\/strong><\/p><p data-start=\"20\" data-end=\"633\"><\/p><p><span style=\"background-color: rgba(255, 255, 255, 0);\">\u00a0<\/span><\/p>\t\t\t\t\t<\/div>\n\t\t\t\t\t\t<\/div>\n\t\t\t\t<\/div>\n\t\t\t\t\t\t<\/div>\n\t\t\t\t\t<\/div>\n\t\t<\/div>\n\t\t\t\t<div class=\"elementor-column elementor-col-50 elementor-top-column elementor-element elementor-element-96fec92\" data-id=\"96fec92\" data-element_type=\"column\">\n\t\t\t<div class=\"elementor-column-wrap elementor-element-populated\">\n\t\t\t\t\t\t\t<div class=\"elementor-widget-wrap\">\n\t\t\t\t\t\t<div class=\"elementor-element elementor-element-9e5e196 elementor-widget elementor-widget-text-editor\" data-id=\"9e5e196\" data-element_type=\"widget\" data-widget_type=\"text-editor.default\">\n\t\t\t\t<div class=\"elementor-widget-container\">\n\t\t\t\t\t\t\t\t<div class=\"elementor-text-editor elementor-clearfix\">\n\t\t\t\t<p><img loading=\"lazy\" class=\"alignnone size-medium wp-image-16083\" src=\"https:\/\/drewmax.net.pl\/wp-content\/uploads\/2020\/10\/2awns-3-220x300.png\" alt=\"\" width=\"220\" height=\"300\" srcset=\"https:\/\/drewmax.net.pl\/wp-content\/uploads\/2020\/10\/2awns-3-220x300.png 220w, https:\/\/drewmax.net.pl\/wp-content\/uploads\/2020\/10\/2awns-3.png 543w\" sizes=\"(max-width: 220px) 100vw, 220px\" \/><\/p>\t\t\t\t\t<\/div>\n\t\t\t\t\t\t<\/div>\n\t\t\t\t<\/div>\n\t\t\t\t\t\t<\/div>\n\t\t\t\t\t<\/div>\n\t\t<\/div>\n\t\t\t\t\t\t\t\t<\/div>\n\t\t\t\t\t<\/div>\n\t\t<\/section>\n\t\t\t\t<section class=\"elementor-section elementor-top-section elementor-element elementor-element-c94fd1b elementor-section-boxed elementor-section-height-default elementor-section-height-default\" data-id=\"c94fd1b\" data-element_type=\"section\" data-settings=\"{&quot;background_background&quot;:&quot;classic&quot;}\">\n\t\t\t\t\t\t<div class=\"elementor-container elementor-column-gap-default\">\n\t\t\t\t\t\t\t<div class=\"elementor-row\">\n\t\t\t\t\t<div class=\"elementor-column elementor-col-50 elementor-top-column elementor-element elementor-element-b039453\" data-id=\"b039453\" data-element_type=\"column\">\n\t\t\t<div class=\"elementor-column-wrap elementor-element-populated\">\n\t\t\t\t\t\t\t<div class=\"elementor-widget-wrap\">\n\t\t\t\t\t\t<div class=\"elementor-element elementor-element-b6f4539 elementor-widget elementor-widget-text-editor\" data-id=\"b6f4539\" data-element_type=\"widget\" data-widget_type=\"text-editor.default\">\n\t\t\t\t<div class=\"elementor-widget-container\">\n\t\t\t\t\t\t\t\t<div class=\"elementor-text-editor elementor-clearfix\">\n\t\t\t\t<p style=\"font-variant-ligatures: normal; font-variant-caps: normal; font-size: 13px;\"><span style=\"background-color: rgba(255, 255, 255, 0);\"><span style=\"text-decoration: underline;\"><strong>Basic device parts:<\/strong><\/span><\/p><ul><li style=\"font-variant-ligatures: normal; font-variant-caps: normal; font-size: 13px;\">Line supporting structure with a service platform<\/li><li style=\"font-variant-ligatures: normal; font-variant-caps: normal; font-size: 13px;\">Automatic bag feeding device<\/li><li style=\"font-variant-ligatures: normal; font-variant-caps: normal; font-size: 13px;\">Electronic batching scale, net type &#8211; 1 pc<\/li><li style=\"font-variant-ligatures: normal; font-variant-caps: normal; font-size: 13px;\">Screw dispenser &#8211; 1 pc<\/li><li style=\"font-variant-ligatures: normal; font-variant-caps: normal; font-size: 13px;\">Mouthpiece closed<\/li><li style=\"font-variant-ligatures: normal; font-variant-caps: normal; font-size: 13px;\">System for forming the upper part of the bag<\/li><li style=\"font-variant-ligatures: normal; font-variant-caps: normal; font-size: 13px;\">Trolley for transporting bags<\/li><li style=\"font-variant-ligatures: normal; font-variant-caps: normal; font-size: 13px;\">Conveyor for transporting bags<\/li><li style=\"font-variant-ligatures: normal; font-variant-caps: normal; font-size: 13px;\">Height adjustment system of the transport conveyor<\/li><li style=\"font-variant-ligatures: normal; font-variant-caps: normal; font-size: 13px;\">Top bag guiding system<\/li><li style=\"font-variant-ligatures: normal; font-variant-caps: normal; font-size: 13px;\">Thread continuity sensors<\/li><li style=\"font-variant-ligatures: normal; font-variant-caps: normal; font-size: 13px;\">Double thread sewing machine<\/li><li style=\"font-variant-ligatures: normal; font-variant-caps: normal; font-size: 13px;\">Side conveyor for collecting bags with a bag overturning system<\/li><li style=\"font-variant-ligatures: normal; font-variant-caps: normal; font-size: 13px;\">Clear control system based on Siemens PLC controller with a touch panel<\/li><li style=\"font-variant-ligatures: normal; font-variant-caps: normal; font-size: 13px;\">Used SEW or LENZE drives \/ servo drives<\/li><\/ul><p style=\"font-variant-ligatures: normal; font-variant-caps: normal; font-size: 13px;\"><span style=\"text-decoration: underline;\"><strong>Optional equipment:<\/strong><\/span><\/p><ul><li id=\"tw-target-text\" class=\"tw-data-text tw-text-large XcVN5d tw-ta\" dir=\"ltr\" style=\"font-variant-ligatures: normal; font-variant-caps: normal; font-size: 13px;\" data-placeholder=\"T\u0142umaczenie\"><span lang=\"en\">Top bag wrapping system<\/span><\/li><li class=\"tw-data-text tw-text-large XcVN5d tw-ta\" dir=\"ltr\" style=\"font-variant-ligatures: normal; font-variant-caps: normal; font-size: 13px;\" data-placeholder=\"T\u0142umaczenie\"><span lang=\"en\">Crepe tape application system<\/span><\/li><li class=\"tw-data-text tw-text-large XcVN5d tw-ta\" dir=\"ltr\" style=\"font-variant-ligatures: normal; font-variant-caps: normal; font-size: 13px;\" data-placeholder=\"T\u0142umaczenie\"><span lang=\"en\">In-bag product suction system<\/span><\/li><li class=\"tw-data-text tw-text-large XcVN5d tw-ta\" dir=\"ltr\" style=\"font-variant-ligatures: normal; font-variant-caps: normal; font-size: 13px;\" data-placeholder=\"T\u0142umaczenie\"><span lang=\"en\">Filled bag vibration system<\/span><\/li><li class=\"tw-data-text tw-text-large XcVN5d tw-ta\" dir=\"ltr\" style=\"font-variant-ligatures: normal; font-variant-caps: normal; font-size: 13px;\" data-placeholder=\"T\u0142umaczenie\"><span lang=\"en\">Feeder cleaning system<\/span><\/li><li class=\"tw-data-text tw-text-large XcVN5d tw-ta\" dir=\"ltr\" style=\"font-variant-ligatures: normal; font-variant-caps: normal; font-size: 13px;\" data-placeholder=\"T\u0142umaczenie\"><span lang=\"en\">Impulse or thermal heat sealer<\/span><\/li><li class=\"tw-data-text tw-text-large XcVN5d tw-ta\" dir=\"ltr\" style=\"font-variant-ligatures: normal; font-variant-caps: normal; font-size: 13px;\" data-placeholder=\"T\u0142umaczenie\"><span lang=\"en\">Overweight buffer tank<\/span><\/li><\/ul><p data-start=\"20\" data-end=\"775\"><\/p>\t\t\t\t\t<\/div>\n\t\t\t\t\t\t<\/div>\n\t\t\t\t<\/div>\n\t\t\t\t\t\t<\/div>\n\t\t\t\t\t<\/div>\n\t\t<\/div>\n\t\t\t\t<div class=\"elementor-column elementor-col-50 elementor-top-column elementor-element elementor-element-10ffbc7\" data-id=\"10ffbc7\" data-element_type=\"column\">\n\t\t\t<div class=\"elementor-column-wrap elementor-element-populated\">\n\t\t\t\t\t\t\t<div class=\"elementor-widget-wrap\">\n\t\t\t\t\t\t<div class=\"elementor-element elementor-element-fdedf1e elementor-widget elementor-widget-text-editor\" data-id=\"fdedf1e\" data-element_type=\"widget\" data-widget_type=\"text-editor.default\">\n\t\t\t\t<div class=\"elementor-widget-container\">\n\t\t\t\t\t\t\t\t<div class=\"elementor-text-editor elementor-clearfix\">\n\t\t\t\t<p style=\"font-variant-ligatures: normal; font-variant-caps: normal; font-size: 13px;\"><span style=\"background-color: rgba(255, 255, 255, 0);\"><span style=\"text-decoration: underline;\"><strong><span lang=\"en\">Basic technical parameters:<\/span><\/strong><\/span><\/p><ul><li class=\"tw-data-text tw-text-large XcVN5d tw-ta\" dir=\"ltr\" style=\"font-variant-ligatures: normal; font-variant-caps: normal; font-size: 13px;\" data-placeholder=\"T\u0142umaczenie\"><span lang=\"en\">Maximum batch weight: 50 kg,<br \/><\/span><\/li><li class=\"tw-data-text tw-text-large XcVN5d tw-ta\" dir=\"ltr\" style=\"font-variant-ligatures: normal; font-variant-caps: normal; font-size: 13px;\" data-placeholder=\"T\u0142umaczenie\"><span lang=\"en\">Minimum batch weight: 10 kg,<br \/><\/span><\/li><li class=\"tw-data-text tw-text-large XcVN5d tw-ta\" dir=\"ltr\" style=\"font-variant-ligatures: normal; font-variant-caps: normal; font-size: 13px;\" data-placeholder=\"T\u0142umaczenie\"><span lang=\"en\">Line capacity: up to 800 portions \/ hour. (depending on product properties and serving size)<br \/><\/span><\/li><li class=\"tw-data-text tw-text-large XcVN5d tw-ta\" dir=\"ltr\" style=\"font-variant-ligatures: normal; font-variant-caps: normal; font-size: 13px;\" data-placeholder=\"T\u0142umaczenie\"><span lang=\"en\">Bag type: open, multi-layered paper (up to 4 layers), recommended with an envelope bottom without side folds, <\/span><\/li><li class=\"tw-data-text tw-text-large XcVN5d tw-ta\" dir=\"ltr\" style=\"font-variant-ligatures: normal; font-variant-caps: normal; font-size: 13px;\" data-placeholder=\"T\u0142umaczenie\"><span lang=\"en\">PE foil bags, PP coated polypropylene bags,<br \/><\/span><\/li><li class=\"tw-data-text tw-text-large XcVN5d tw-ta\" dir=\"ltr\" style=\"font-variant-ligatures: normal; font-variant-caps: normal; font-size: 13px;\" data-placeholder=\"T\u0142umaczenie\"><span lang=\"en\">Bag width: 450 &#8211; 650mm,<br \/><\/span><\/li><li class=\"tw-data-text tw-text-large XcVN5d tw-ta\" dir=\"ltr\" style=\"font-variant-ligatures: normal; font-variant-caps: normal; font-size: 13px;\" data-placeholder=\"T\u0142umaczenie\"><span lang=\"en\">Bag length: 600 &#8211; 1100mm<br \/><\/span><\/li><li class=\"tw-data-text tw-text-large XcVN5d tw-ta\" dir=\"ltr\" style=\"font-variant-ligatures: normal; font-variant-caps: normal; font-size: 13px;\" data-placeholder=\"T\u0142umaczenie\"><span lang=\"en\">Electric supply: 3 x 400V 50Hz,<br \/><\/span><\/li><li class=\"tw-data-text tw-text-large XcVN5d tw-ta\" dir=\"ltr\" style=\"font-variant-ligatures: normal; font-variant-caps: normal; font-size: 13px;\" data-placeholder=\"T\u0142umaczenie\"><span lang=\"en\">Power demand: max. 6kW,<br \/><\/span><\/li><li class=\"tw-data-text tw-text-large XcVN5d tw-ta\" dir=\"ltr\" style=\"font-variant-ligatures: normal; font-variant-caps: normal; font-size: 13px;\" data-placeholder=\"T\u0142umaczenie\"><span lang=\"en\">Compressed air supply: 5 &#8211; 10bar,<br \/><\/span><\/li><li class=\"tw-data-text tw-text-large XcVN5d tw-ta\" dir=\"ltr\" style=\"font-variant-ligatures: normal; font-variant-caps: normal; font-size: 13px;\" data-placeholder=\"T\u0142umaczenie\"><span lang=\"en\">Compressed air consumption 400Nl \/ min<\/span><\/li><\/ul><p data-start=\"36\" data-end=\"642\"><\/p>\t\t\t\t\t<\/div>\n\t\t\t\t\t\t<\/div>\n\t\t\t\t<\/div>\n\t\t\t\t\t\t<\/div>\n\t\t\t\t\t<\/div>\n\t\t<\/div>\n\t\t\t\t\t\t\t\t<\/div>\n\t\t\t\t\t<\/div>\n\t\t<\/section>\n\t\t\t\t<section class=\"elementor-section elementor-top-section elementor-element elementor-element-32dd329 elementor-section-boxed elementor-section-height-default elementor-section-height-default\" data-id=\"32dd329\" data-element_type=\"section\" data-settings=\"{&quot;background_background&quot;:&quot;classic&quot;}\">\n\t\t\t\t\t\t<div class=\"elementor-container elementor-column-gap-default\">\n\t\t\t\t\t\t\t<div class=\"elementor-row\">\n\t\t\t\t\t<div class=\"elementor-column elementor-col-100 elementor-top-column elementor-element elementor-element-6dc6e72\" data-id=\"6dc6e72\" data-element_type=\"column\">\n\t\t\t<div class=\"elementor-column-wrap elementor-element-populated\">\n\t\t\t\t\t\t\t<div class=\"elementor-widget-wrap\">\n\t\t\t\t\t\t<div class=\"elementor-element elementor-element-b7205bb elementor-widget elementor-widget-html\" data-id=\"b7205bb\" data-element_type=\"widget\" data-widget_type=\"html.default\">\n\t\t\t\t<div class=\"elementor-widget-container\">\n\t\t\t<script type=\"application\/ld+json\">\r\n{\r\n  \"@context\" : \"http:\/\/schema.org\",\r\n  \"@type\" : \"Product\",\r\n  \"name\" : \"AUTOMATYCZNA LINIA WA\u017b\u0104CO PAKUJ\u0104CA TYP AWN\/S\",\r\n  \"image\" : \"https:\/\/drewmax.net.pl\/wp-content\/uploads\/2019\/07\/2awnt.png\",\r\n  \"description\" : \"Podstawowe podzespo\u0142y urz\u0105dzenia:<BR\/> \u2022 Konstrukcja wsporcza linii z podestem obs\u0142ugowym<BR\/> \u2022 Urz\u0105dzenie automatycznie podaj\u0105ce worki<BR\/> \u2022 Elektroniczna waga porcjuj\u0105ca typu netto \u2013 1szt<BR\/> \u2022 Dozownik \u015blimakowy \u2013 1szt<BR\/> \u2022 Ustnik zamkni\u0119ty<BR\/> \u2022 Uk\u0142ad formowania g\u00f3rnej cz\u0119\u015bci worka<BR\/> \u2022 W\u00f3zek transportuj\u0105cy worki<BR\/> \u2022 Ta\u015bmoci\u0105g transportuj\u0105cy worki<BR\/> \u2022 Uk\u0142ad regulacji wysoko\u015bci ta\u015bmoci\u0105gu transportuj\u0105cego<BR\/> \u2022 Uk\u0142ad prowadzenia g\u00f3rnej cz\u0119\u015bci worka<BR\/> \u2022 Czujniki ci\u0105g\u0142o\u015bci nitki<BR\/> \u2022 Zaszywarka dwunitkowa<BR\/> \u2022 Ta\u015bmoci\u0105g boczny odbieraj\u0105cy worki z uk\u0142adem wywracania work\u00f3w<BR\/> \u2022 Czytelny System sterowania oparty na sterowniku PLC Siemens z panelem dotykowym<BR\/> \u2022 Zastosowane nap\u0119dy\/serwonap\u0119dy SEW lub LENZE\",\r\n  \"brand\" : {\r\n    \"@type\" : \"Brand\",\r\n    \"name\" : \"DREWMAX\",\r\n    \"logo\" : \"https:\/\/drewmax.net.pl\/wp-content\/uploads\/2019\/06\/drewmax-logo_v2-1.png\"\r\n  },\r\n  \"sku\" : \"aWN\/S\",\r\n  \"identifier\": {\r\n \"@type\": \"PropertyValue\",\r\n   \"propertyID\": \"Model\",\r\n   \"value\":  \"aWN\/S\"\r\n   },\r\n \"aggregateRating\": {\r\n    \"@type\": \"AggregateRating\",\r\n    \"ratingValue\": \"4.8\",\r\n    \"reviewCount\": \"22\"\r\n  },\r\n   \"offers\": {\r\n    \"@type\": \"AggregateOffer\",\r\n    \"lowPrice\": 300000.0000,\r\n    \"highPrice\": 450000.0000,\r\n    \"priceCurrency\": \"PLN\",\r\n    \"itemCondition\": \"NewCondition\",\r\n\t\"offerCount\": \"50\"\r\n  },\r\n  \"review\": {\r\n    \"@type\": \"Review\",\r\n    \"author\": \"Wojciech\",\r\n    \"datePublished\": \"2019-11-30\",\r\n    \"name\": \"Drewmax | Maszyny pakuj\u0105ce - referencje\",\r\n    \"reviewBody\": \"Zapytaj nas o referencje lub zajrzyj na stron\u0119\"\r\n  },\r\n  \"mpn\" : \"aWN\/S\"\r\n}\r\n<\/script>\r\n\r\n<script type=\"application\/ld+json\">\r\n{\r\n  \"@context\" : \"http:\/\/schema.org\",\r\n  \"@type\" : \"Article\",\r\n  \"name\" : \"Automatyczna linia wa\u017c\u0105co pakuj\u0105ca typ aWN\/S\",\r\n  \"headline\" : \"Automatyczna linia wa\u017c\u0105co pakujaca do produkt\u00f3w sypkich\/pylistych!\",\r\n  \"author\" : {\r\n    \"@type\" : \"Person\",\r\n    \"name\" : \"Wojciech S\u0105siadek\"\r\n  },\r\n  \"datePublished\" : \"2019-11-30\",\r\n  \"dateModified\" : \"2019-12-10\",\r\n  \"image\" : \"https:\/\/drewmax.net.pl\/wp-content\/uploads\/2019\/07\/2awnt.png\",\r\n  \"articleBody\" : \"Po\u0142\u0105czenie nowoczesnych technologii oraz podzespo\u0142y najlepszych marek pozwoli\u0142y stworzy\u0107 automatyczn\u0105 lini\u0119 wa\u017c\u0105co pakuj\u0105c\u0105 typ aWN\/S.<\/P><P>Linia aWN\/S jest automatycznym urz\u0105dzeniem wa\u017c\u0105co pakuj\u0105cym do produkt\u00f3w <STRONG>sypkich\/pylistych<\/STRONG> przy zastosowaniu <STRONG>work\u00f3w typu otwartego<\/STRONG>.<\/P><P>Przedstawiona linia wyposa\u017cona jest w dwa kosze wagowe, kt\u00f3re naprzemiennie s\u0105 nape\u0142niane poprzez dozowniki \u015blimakowe o r\u00f3\u017cnych \u015brednicach. Dzi\u0119ki takiemu zestawieniu podzespo\u0142\u00f3w uzyskali\u015bmy wysok\u0105 precyzj\u0119 nawa\u017cania,<BR\/> a tak\u017ce du\u017c\u0105 wydajno\u015b\u0107  dochodz\u0105c\u0105 do  <STRONG>450 porcji na godzin\u0119<\/STRONG>.\",\r\n  \"url\" : \"https:\/\/drewmax.net.pl\/linie-wazaco-pakujace-1\/awns\/\",\r\n  \"mainEntityOfPage\": {\r\n    \"@type\": \"WebPage\",\r\n    \"@id\": \"https:\/\/drewmax.net.pl\/\"\r\n  },\r\n  \"publisher\" : {\r\n    \"@type\" : \"Organization\",\r\n    \"name\" : \"Przedsi\u0119biorstwo Wielobran\u017cowe Drewmax Tadeusz S\u0105siadek i Wsp\u00f3lnicy Sp\u00f3\u0142ka Jawna\",\r\n\t\"logo\" : {\r\n\t\t\"@type\": \"ImageObject\",\r\n\t\t\"url\": \"https:\/\/drewmax.net.pl\/wp-content\/uploads\/2019\/06\/drewmax-logo_v2-1.png\"\r\n\t}\t\r\n  }\r\n  \r\n}\r\n<\/script>\t\t<\/div>\n\t\t\t\t<\/div>\n\t\t\t\t\t\t<\/div>\n\t\t\t\t\t<\/div>\n\t\t<\/div>\n\t\t\t\t\t\t\t\t<\/div>\n\t\t\t\t\t<\/div>\n\t\t<\/section>\n\t\t\t\t\t\t<\/div>\n\t\t\t\t\t\t<\/div>\n\t\t\t\t\t<\/div>\n\t\t","protected":false},"excerpt":{"rendered":"<p>Automatic weighing and packing line type aWN\/S Connection of modern technology and best brand parts allowed us to create Automatic weighing and packing line type aWN\/S aWN\/S is automatic weighing and packing line for\u00a0loose \/ dusty\u00a0products by using of\u00a0open-type bags. Presented line is equiped with two weighing baskets that are filled alternately by screw feeders&hellip;<\/p>\n","protected":false},"author":1,"featured_media":0,"parent":0,"menu_order":0,"comment_status":"closed","ping_status":"closed","template":"","meta":[],"yoast_head":"<!-- This site is optimized with the Yoast SEO Premium plugin v15.5 - https:\/\/yoast.com\/wordpress\/plugins\/seo\/ -->\n<title>Wa\u017cenie Pakowanie Paletyzacja Automatyka przemys\u0142owa linie PP PE<\/title>\n<meta name=\"description\" content=\"Wa\u017cenie Pakowanie Paletyzacja Automatyka przemys\u0142owa linie wa\u017c\u0105co - pakuj\u0105ce zbiorniki technologiczne mikrodozowanie linie PP PE\" \/>\n<meta name=\"robots\" content=\"index, follow, max-snippet:-1, max-image-preview:large, max-video-preview:-1\" \/>\n<link rel=\"canonical\" href=\"https:\/\/drewmax.net.pl\/awns\/\" \/>\n<meta property=\"og:locale\" content=\"en_US\" \/>\n<meta property=\"og:type\" content=\"article\" \/>\n<meta property=\"og:title\" content=\"Wa\u017cenie Pakowanie Paletyzacja Automatyka przemys\u0142owa linie PP PE\" \/>\n<meta property=\"og:description\" content=\"Wa\u017cenie Pakowanie Paletyzacja Automatyka przemys\u0142owa linie wa\u017c\u0105co - pakuj\u0105ce zbiorniki technologiczne mikrodozowanie linie PP PE\" \/>\n<meta property=\"og:url\" content=\"https:\/\/drewmax.net.pl\/awns\/\" \/>\n<meta property=\"og:site_name\" content=\"Drewmax\" \/>\n<meta property=\"article:publisher\" content=\"https:\/\/www.facebook.com\/Drewmax-111641623604429\/\" \/>\n<meta property=\"article:modified_time\" content=\"2025-03-25T11:25:48+00:00\" \/>\n<meta property=\"og:image\" content=\"https:\/\/drewmax.net.pl\/wp-content\/uploads\/2020\/10\/2awns-3-220x300.png\" \/>\n<meta name=\"twitter:card\" content=\"summary_large_image\" \/>\n<meta name=\"twitter:label1\" content=\"Est. reading time\">\n\t<meta name=\"twitter:data1\" content=\"9 minutes\">\n<script type=\"application\/ld+json\" class=\"yoast-schema-graph\">{\"@context\":\"https:\/\/schema.org\",\"@graph\":[{\"@type\":\"Organization\",\"@id\":\"https:\/\/drewmax.net.pl\/en\/#organization\",\"name\":\"DREWMAX Sp\\u00f3\\u0142ka z o.o.\",\"url\":\"https:\/\/drewmax.net.pl\/en\/\",\"sameAs\":[\"https:\/\/www.facebook.com\/Drewmax-111641623604429\/\",\"https:\/\/www.instagram.com\/drewmax.net.pl\/\",\"https:\/\/www.youtube.com\/channel\/UCCS8U5F8gSyJAlSWjxgbLRQ\"],\"logo\":{\"@type\":\"ImageObject\",\"@id\":\"https:\/\/drewmax.net.pl\/en\/#logo\",\"inLanguage\":\"en-US\",\"url\":\"\",\"caption\":\"DREWMAX Sp\\u00f3\\u0142ka z o.o.\"},\"image\":{\"@id\":\"https:\/\/drewmax.net.pl\/en\/#logo\"}},{\"@type\":\"WebSite\",\"@id\":\"https:\/\/drewmax.net.pl\/en\/#website\",\"url\":\"https:\/\/drewmax.net.pl\/en\/\",\"name\":\"Drewmax\",\"description\":\"\",\"publisher\":{\"@id\":\"https:\/\/drewmax.net.pl\/en\/#organization\"},\"potentialAction\":[{\"@type\":\"SearchAction\",\"target\":\"https:\/\/drewmax.net.pl\/en\/?s={search_term_string}\",\"query-input\":\"required name=search_term_string\"}],\"inLanguage\":\"en-US\"},{\"@type\":\"ImageObject\",\"@id\":\"https:\/\/drewmax.net.pl\/awns\/#primaryimage\",\"inLanguage\":\"en-US\",\"url\":\"https:\/\/drewmax.net.pl\/wp-content\/uploads\/2020\/10\/2awns-3.png\",\"width\":543,\"height\":739},{\"@type\":\"WebPage\",\"@id\":\"https:\/\/drewmax.net.pl\/awns\/#webpage\",\"url\":\"https:\/\/drewmax.net.pl\/awns\/\",\"name\":\"Wa\\u017cenie Pakowanie Paletyzacja Automatyka przemys\\u0142owa linie PP PE\",\"isPartOf\":{\"@id\":\"https:\/\/drewmax.net.pl\/en\/#website\"},\"primaryImageOfPage\":{\"@id\":\"https:\/\/drewmax.net.pl\/awns\/#primaryimage\"},\"datePublished\":\"2016-08-18T11:22:47+00:00\",\"dateModified\":\"2025-03-25T11:25:48+00:00\",\"description\":\"Wa\\u017cenie Pakowanie Paletyzacja Automatyka przemys\\u0142owa linie wa\\u017c\\u0105co - pakuj\\u0105ce zbiorniki technologiczne mikrodozowanie linie PP PE\",\"breadcrumb\":{\"@id\":\"https:\/\/drewmax.net.pl\/awns\/#breadcrumb\"},\"inLanguage\":\"en-US\",\"potentialAction\":[{\"@type\":\"ReadAction\",\"target\":[\"https:\/\/drewmax.net.pl\/awns\/\"]}]},{\"@type\":\"BreadcrumbList\",\"@id\":\"https:\/\/drewmax.net.pl\/awns\/#breadcrumb\",\"itemListElement\":[{\"@type\":\"ListItem\",\"position\":1,\"item\":{\"@type\":\"WebPage\",\"@id\":\"https:\/\/drewmax.net.pl\/\",\"url\":\"https:\/\/drewmax.net.pl\/\",\"name\":\"Home\"}},{\"@type\":\"ListItem\",\"position\":2,\"item\":{\"@type\":\"WebPage\",\"@id\":\"https:\/\/drewmax.net.pl\/awns\/\",\"url\":\"https:\/\/drewmax.net.pl\/awns\/\",\"name\":\"Automatyczna linia wa\\u017c\\u0105co pakuj\\u0105ca typ aWN\/S\"}}]}]}<\/script>\n<!-- \/ Yoast SEO Premium plugin. -->","_links":{"self":[{"href":"https:\/\/drewmax.net.pl\/en\/wp-json\/wp\/v2\/pages\/417"}],"collection":[{"href":"https:\/\/drewmax.net.pl\/en\/wp-json\/wp\/v2\/pages"}],"about":[{"href":"https:\/\/drewmax.net.pl\/en\/wp-json\/wp\/v2\/types\/page"}],"author":[{"embeddable":true,"href":"https:\/\/drewmax.net.pl\/en\/wp-json\/wp\/v2\/users\/1"}],"replies":[{"embeddable":true,"href":"https:\/\/drewmax.net.pl\/en\/wp-json\/wp\/v2\/comments?post=417"}],"version-history":[{"count":39,"href":"https:\/\/drewmax.net.pl\/en\/wp-json\/wp\/v2\/pages\/417\/revisions"}],"predecessor-version":[{"id":31390,"href":"https:\/\/drewmax.net.pl\/en\/wp-json\/wp\/v2\/pages\/417\/revisions\/31390"}],"wp:attachment":[{"href":"https:\/\/drewmax.net.pl\/en\/wp-json\/wp\/v2\/media?parent=417"}],"curies":[{"name":"wp","href":"https:\/\/api.w.org\/{rel}","templated":true}]}}