{"id":283,"date":"2016-07-28T10:59:21","date_gmt":"2016-07-28T08:59:21","guid":{"rendered":"http:\/\/drewmax.net.pl\/?page_id=283"},"modified":"2025-03-25T13:25:35","modified_gmt":"2025-03-25T12:25:35","slug":"wybor-linii-wazaco-pakujacej","status":"publish","type":"page","link":"https:\/\/drewmax.net.pl\/en\/wybor-linii-wazaco-pakujacej\/","title":{"rendered":"Konfigurator linii wa\u017c\u0105co-pakuj\u0105cej"},"content":{"rendered":"\t\t<div data-elementor-type=\"wp-post\" data-elementor-id=\"283\" class=\"elementor elementor-283\" data-elementor-settings=\"[]\">\n\t\t\t\t\t\t<div class=\"elementor-inner\">\n\t\t\t\t\t\t\t<div class=\"elementor-section-wrap\">\n\t\t\t\t\t\t\t<section class=\"elementor-section elementor-top-section elementor-element elementor-element-8fae55b elementor-section-boxed elementor-section-height-default elementor-section-height-default\" data-id=\"8fae55b\" data-element_type=\"section\" data-settings=\"{&quot;background_background&quot;:&quot;classic&quot;}\">\n\t\t\t\t\t\t<div class=\"elementor-container elementor-column-gap-default\">\n\t\t\t\t\t\t\t<div class=\"elementor-row\">\n\t\t\t\t\t<div class=\"elementor-column elementor-col-100 elementor-top-column elementor-element elementor-element-a69b3a0\" data-id=\"a69b3a0\" data-element_type=\"column\">\n\t\t\t<div class=\"elementor-column-wrap elementor-element-populated\">\n\t\t\t\t\t\t\t<div class=\"elementor-widget-wrap\">\n\t\t\t\t\t\t<div class=\"elementor-element elementor-element-989d20f elementor-widget elementor-widget-heading\" data-id=\"989d20f\" data-element_type=\"widget\" data-widget_type=\"heading.default\">\n\t\t\t\t<div class=\"elementor-widget-container\">\n\t\t\t<h2 class=\"elementor-heading-title elementor-size-xl\">Weighing and Packing Lines Configurator<\/h2>\t\t<\/div>\n\t\t\t\t<\/div>\n\t\t\t\t\t\t<\/div>\n\t\t\t\t\t<\/div>\n\t\t<\/div>\n\t\t\t\t\t\t\t\t<\/div>\n\t\t\t\t\t<\/div>\n\t\t<\/section>\n\t\t\t\t<section class=\"elementor-section elementor-top-section elementor-element elementor-element-1384b5b elementor-section-boxed elementor-section-height-default elementor-section-height-default\" data-id=\"1384b5b\" data-element_type=\"section\" data-settings=\"{&quot;background_background&quot;:&quot;classic&quot;}\">\n\t\t\t\t\t\t<div class=\"elementor-container elementor-column-gap-default\">\n\t\t\t\t\t\t\t<div class=\"elementor-row\">\n\t\t\t\t\t<div class=\"elementor-column elementor-col-100 elementor-top-column elementor-element elementor-element-12e0fb4\" data-id=\"12e0fb4\" data-element_type=\"column\">\n\t\t\t<div class=\"elementor-column-wrap elementor-element-populated\">\n\t\t\t\t\t\t\t<div class=\"elementor-widget-wrap\">\n\t\t\t\t\t\t<div class=\"elementor-element elementor-element-e43a5bc elementor-widget elementor-widget-html\" data-id=\"e43a5bc\" data-element_type=\"widget\" data-widget_type=\"html.default\">\n\t\t\t\t<div class=\"elementor-widget-container\">\n\t\t\t<script>\r\nfunction getRadioValue(radioGroup){\r\nfor(var i=0;i<radioGroup.length;++i){\r\nif(radioGroup[i].checked)\r\nreturn radioGroup[i].value;\r\n}\r\nreturn null;\r\n}\r\nfunction makeURL(type){\r\nreturn type.toLowerCase().replace('\/', '')\r\n}\r\nfunction updateResult(t){\r\nvar f1=getRadioValue(t.performanceRadio);\r\nvar f2=getRadioValue(t.rodzajProduktu);\r\nvar rodzaj=getRadioValue(t.rodzajMaszyny);\r\nif(rodzaj==\"a\"){\r\ndocument.getElementById('niska').style.color='#807070';\r\ndocument.getElementById('prwb').disabled = true;\r\n}else{\r\ndocument.getElementById('niska').style.color='#000000';\r\ndocument.getElementById('prwb').disabled = false;\r\n}\r\nif(rodzaj==\"p\"){\r\ndocument.getElementById('wysoka').style.color='#807070';\r\ndocument.getElementById('pr2awn').disabled = true;\r\n}else{\r\ndocument.getElementById('wysoka').style.color='#000000';\r\ndocument.getElementById('pr2awn').disabled = false;\r\n}\r\nif(f1==null||f2==null||rodzaj==null){\r\ndocument.getElementById('result').innerHTML='';\r\n}else{\r\nvar typ;\r\nif(rodzaj==\"a\"){\r\nswitch(f1){\r\ncase 's':\r\ntyp=\"aWN\";\r\nbreak;\r\ncase 'w':\r\ntyp=\"2aWN\";\r\nbreak;\r\ndefault:\r\ntyp=null;\r\n}\r\n}else{\r\nswitch(f1){\r\ncase 'n':\r\ntyp=\"WB\";\r\nbreak;\r\ncase 's':\r\ntyp=\"WN\";\r\nbreak;\r\ndefault:\r\ntyp=null;\r\n}\r\n}\r\nif(typ==null){\r\ndocument.getElementById('result').innerHTML='';\r\n}else{\r\ntyp+='\/';\r\ntyp+=f2;\r\ndocument.getElementById('result').innerHTML='The appropriate type of weighing and packaging line is <a href=\"\/index.php\/linie-wazaco-pakujace\/'+makeURL(typ)+'\">'+typ+'<\/a>';\r\n}\r\n}\r\n}\r\n<\/script><form id=\"kreator1\" onchange=\"updateResult(this)\" onsubmit=\"return false;\">In order to determine the appropriate type of weighing and packing line (for bags), please complete the form below. In the case of a line producing both flat foil bags, the appropriate type is the type <a href=\"https:\/\/drewmax.net.pl\/index.php\/linie-wazaco-pakujace\/2awpp\/\">2aWPP<\/a>\r\n<p>Product type:<br \/>\r\n<input id=\"tt\" name=\"rodzajProduktu\" type=\"radio\" value=\"T\" \/><label for=\"tt\">Loose \/ granular<\/label><br \/>\r\n<input id=\"ts\" name=\"rodzajProduktu\" type=\"radio\" value=\"S\" \/><label for=\"ts\">Loose \/ dusty<\/label><\/p>\r\n<p>Machine type:<br \/>\r\n<input id=\"rma\" name=\"rodzajMaszyny\" type=\"radio\" value=\"a\" \/><label for=\"rma\">Automatic<\/label><br \/>\r\n<input id=\"rmp\" name=\"rodzajMaszyny\" type=\"radio\" value=\"p\" \/><label for=\"rmp\">Semi-Automatic<\/label><\/p>\r\n<p>Machine efficiency:<br \/>\r\n<span id=\"niska\"><input id=\"prwb\" name=\"performanceRadio\" type=\"radio\" value=\"n\" \/><label for=\"prwb\">Low efficiency (180-250 bags per hour<\/label><\/span><br \/>\r\n<input id=\"prwn\" name=\"performanceRadio\" type=\"radio\" value=\"s\" \/><label for=\"prwn\">Average efficiency (up to 400 bags per hour)<\/label><br \/>\r\n<span id=\"wysoka\"><input id=\"pr2awn\" name=\"performanceRadio\" type=\"radio\" value=\"w\" \/><label for=\"pr2awn\">High efficiency (about 800 bags per hour)<\/label><\/span><\/p>\r\n<h3><span id=\"result\"><\/span><\/h3>\r\n<p>If you have not found the right type of machine, please contact us in order to individually select \/ adjust the order. Telephone number: +48 77 481 01 22, technical and sales department: 126, 133, 144 <\/p>\r\n<\/form>\t\t<\/div>\n\t\t\t\t<\/div>\n\t\t\t\t\t\t<\/div>\n\t\t\t\t\t<\/div>\n\t\t<\/div>\n\t\t\t\t\t\t\t\t<\/div>\n\t\t\t\t\t<\/div>\n\t\t<\/section>\n\t\t\t\t\t\t<\/div>\n\t\t\t\t\t\t<\/div>\n\t\t\t\t\t<\/div>\n\t\t","protected":false},"excerpt":{"rendered":"<p>Weighing and Packing Lines Configurator In order to determine the appropriate type of weighing and packing line (for bags), please complete the form below. In the case of a line producing both flat foil bags, the appropriate type is the type 2aWPP Product type: Loose \/ granular Loose \/ dusty Machine type: Automatic Semi-Automatic Machine&hellip;<\/p>\n","protected":false},"author":1,"featured_media":12086,"parent":0,"menu_order":0,"comment_status":"closed","ping_status":"closed","template":"","meta":[],"yoast_head":"<!-- This site is optimized with the Yoast SEO Premium plugin v15.5 - https:\/\/yoast.com\/wordpress\/plugins\/seo\/ -->\n<title>Wa\u017cenie Pakowanie Paletyzacja Automatyka przemys\u0142owa linie PP PE<\/title>\n<meta name=\"description\" content=\"Wa\u017cenie Pakowanie Paletyzacja Automatyka przemys\u0142owa linie wa\u017c\u0105co - pakuj\u0105ce zbiorniki technologiczne mikrodozowanie linie PP PE Bigbag\" \/>\n<meta name=\"robots\" content=\"index, follow, max-snippet:-1, max-image-preview:large, max-video-preview:-1\" \/>\n<link rel=\"canonical\" href=\"https:\/\/drewmax.net.pl\/wybor-linii-wazaco-pakujacej\/\" \/>\n<meta property=\"og:locale\" content=\"en_US\" \/>\n<meta property=\"og:type\" content=\"article\" \/>\n<meta property=\"og:title\" content=\"Wa\u017cenie Pakowanie Paletyzacja Automatyka przemys\u0142owa linie PP PE\" \/>\n<meta property=\"og:description\" content=\"Wa\u017cenie Pakowanie Paletyzacja Automatyka przemys\u0142owa linie wa\u017c\u0105co - pakuj\u0105ce zbiorniki technologiczne mikrodozowanie linie PP PE Bigbag\" \/>\n<meta property=\"og:url\" content=\"https:\/\/drewmax.net.pl\/wybor-linii-wazaco-pakujacej\/\" \/>\n<meta property=\"og:site_name\" content=\"Drewmax\" \/>\n<meta property=\"article:publisher\" content=\"https:\/\/www.facebook.com\/Drewmax-111641623604429\/\" \/>\n<meta property=\"article:modified_time\" content=\"2025-03-25T12:25:35+00:00\" \/>\n<meta name=\"twitter:card\" content=\"summary_large_image\" \/>\n<meta name=\"twitter:label1\" content=\"Est. reading time\">\n\t<meta name=\"twitter:data1\" content=\"3 minutes\">\n<script type=\"application\/ld+json\" class=\"yoast-schema-graph\">{\"@context\":\"https:\/\/schema.org\",\"@graph\":[{\"@type\":\"Organization\",\"@id\":\"https:\/\/drewmax.net.pl\/en\/#organization\",\"name\":\"DREWMAX Sp\\u00f3\\u0142ka z o.o.\",\"url\":\"https:\/\/drewmax.net.pl\/en\/\",\"sameAs\":[\"https:\/\/www.facebook.com\/Drewmax-111641623604429\/\",\"https:\/\/www.instagram.com\/drewmax.net.pl\/\",\"https:\/\/www.youtube.com\/channel\/UCCS8U5F8gSyJAlSWjxgbLRQ\"],\"logo\":{\"@type\":\"ImageObject\",\"@id\":\"https:\/\/drewmax.net.pl\/en\/#logo\",\"inLanguage\":\"en-US\",\"url\":\"\",\"caption\":\"DREWMAX Sp\\u00f3\\u0142ka z o.o.\"},\"image\":{\"@id\":\"https:\/\/drewmax.net.pl\/en\/#logo\"}},{\"@type\":\"WebSite\",\"@id\":\"https:\/\/drewmax.net.pl\/en\/#website\",\"url\":\"https:\/\/drewmax.net.pl\/en\/\",\"name\":\"Drewmax\",\"description\":\"\",\"publisher\":{\"@id\":\"https:\/\/drewmax.net.pl\/en\/#organization\"},\"potentialAction\":[{\"@type\":\"SearchAction\",\"target\":\"https:\/\/drewmax.net.pl\/en\/?s={search_term_string}\",\"query-input\":\"required name=search_term_string\"}],\"inLanguage\":\"en-US\"},{\"@type\":\"ImageObject\",\"@id\":\"https:\/\/drewmax.net.pl\/wybor-linii-wazaco-pakujacej\/#primaryimage\",\"inLanguage\":\"en-US\",\"url\":\"\"},{\"@type\":\"WebPage\",\"@id\":\"https:\/\/drewmax.net.pl\/wybor-linii-wazaco-pakujacej\/#webpage\",\"url\":\"https:\/\/drewmax.net.pl\/wybor-linii-wazaco-pakujacej\/\",\"name\":\"Wa\\u017cenie Pakowanie Paletyzacja Automatyka przemys\\u0142owa linie PP PE\",\"isPartOf\":{\"@id\":\"https:\/\/drewmax.net.pl\/en\/#website\"},\"primaryImageOfPage\":{\"@id\":\"https:\/\/drewmax.net.pl\/wybor-linii-wazaco-pakujacej\/#primaryimage\"},\"datePublished\":\"2016-07-28T08:59:21+00:00\",\"dateModified\":\"2025-03-25T12:25:35+00:00\",\"description\":\"Wa\\u017cenie Pakowanie Paletyzacja Automatyka przemys\\u0142owa linie wa\\u017c\\u0105co - pakuj\\u0105ce zbiorniki technologiczne mikrodozowanie linie PP PE Bigbag\",\"breadcrumb\":{\"@id\":\"https:\/\/drewmax.net.pl\/wybor-linii-wazaco-pakujacej\/#breadcrumb\"},\"inLanguage\":\"en-US\",\"potentialAction\":[{\"@type\":\"ReadAction\",\"target\":[\"https:\/\/drewmax.net.pl\/wybor-linii-wazaco-pakujacej\/\"]}]},{\"@type\":\"BreadcrumbList\",\"@id\":\"https:\/\/drewmax.net.pl\/wybor-linii-wazaco-pakujacej\/#breadcrumb\",\"itemListElement\":[{\"@type\":\"ListItem\",\"position\":1,\"item\":{\"@type\":\"WebPage\",\"@id\":\"https:\/\/drewmax.net.pl\/\",\"url\":\"https:\/\/drewmax.net.pl\/\",\"name\":\"Home\"}},{\"@type\":\"ListItem\",\"position\":2,\"item\":{\"@type\":\"WebPage\",\"@id\":\"https:\/\/drewmax.net.pl\/wybor-linii-wazaco-pakujacej\/\",\"url\":\"https:\/\/drewmax.net.pl\/wybor-linii-wazaco-pakujacej\/\",\"name\":\"Konfigurator linii wa\\u017c\\u0105co-pakuj\\u0105cej\"}}]}]}<\/script>\n<!-- \/ Yoast SEO Premium plugin. -->","_links":{"self":[{"href":"https:\/\/drewmax.net.pl\/en\/wp-json\/wp\/v2\/pages\/283"}],"collection":[{"href":"https:\/\/drewmax.net.pl\/en\/wp-json\/wp\/v2\/pages"}],"about":[{"href":"https:\/\/drewmax.net.pl\/en\/wp-json\/wp\/v2\/types\/page"}],"author":[{"embeddable":true,"href":"https:\/\/drewmax.net.pl\/en\/wp-json\/wp\/v2\/users\/1"}],"replies":[{"embeddable":true,"href":"https:\/\/drewmax.net.pl\/en\/wp-json\/wp\/v2\/comments?post=283"}],"version-history":[{"count":43,"href":"https:\/\/drewmax.net.pl\/en\/wp-json\/wp\/v2\/pages\/283\/revisions"}],"predecessor-version":[{"id":31439,"href":"https:\/\/drewmax.net.pl\/en\/wp-json\/wp\/v2\/pages\/283\/revisions\/31439"}],"wp:featuredmedia":[{"embeddable":true,"href":"https:\/\/drewmax.net.pl\/en\/wp-json\/wp\/v2\/media\/12086"}],"wp:attachment":[{"href":"https:\/\/drewmax.net.pl\/en\/wp-json\/wp\/v2\/media?parent=283"}],"curies":[{"name":"wp","href":"https:\/\/api.w.org\/{rel}","templated":true}]}}