{"id":21694,"date":"2024-01-04T11:01:52","date_gmt":"2024-01-04T10:01:52","guid":{"rendered":"https:\/\/drewmax.net.pl\/?page_id=21694"},"modified":"2025-03-25T13:30:17","modified_gmt":"2025-03-25T12:30:17","slug":"urzadzenia_pakujace_big_bag_fb_01","status":"publish","type":"page","link":"https:\/\/drewmax.net.pl\/en\/urzadzenia_pakujace_big_bag_fb_01\/","title":{"rendered":"(Polski) Urzadzenia_pakuj\u0105ce_Big_Bag_FB_01"},"content":{"rendered":"\t\t<div data-elementor-type=\"wp-page\" data-elementor-id=\"21694\" class=\"elementor elementor-21694\" data-elementor-settings=\"[]\">\n\t\t\t\t\t\t<div class=\"elementor-inner\">\n\t\t\t\t\t\t\t<div class=\"elementor-section-wrap\">\n\t\t\t\t\t\t\t<section class=\"elementor-section elementor-top-section elementor-element elementor-element-387af662 elementor-section-boxed elementor-section-height-default elementor-section-height-default\" data-id=\"387af662\" data-element_type=\"section\" data-settings=\"{&quot;background_background&quot;:&quot;classic&quot;}\">\n\t\t\t\t\t\t<div class=\"elementor-container elementor-column-gap-default\">\n\t\t\t\t\t\t\t<div class=\"elementor-row\">\n\t\t\t\t\t<div class=\"elementor-column elementor-col-100 elementor-top-column elementor-element elementor-element-2c31dc5e\" data-id=\"2c31dc5e\" data-element_type=\"column\">\n\t\t\t<div class=\"elementor-column-wrap elementor-element-populated\">\n\t\t\t\t\t\t\t<div class=\"elementor-widget-wrap\">\n\t\t\t\t\t\t<div class=\"elementor-element elementor-element-6a24fb3 elementor-widget elementor-widget-image\" data-id=\"6a24fb3\" data-element_type=\"widget\" data-widget_type=\"image.default\">\n\t\t\t\t<div class=\"elementor-widget-container\">\n\t\t\t\t\t\t\t\t<div class=\"elementor-image\">\n\t\t\t\t\t\t\t\t\t\t\t\t\t<a href=\"#elementor-action%3Aaction%3Dpopup%3Aopen%26settings%3DeyJpZCI6IjI3OTQxIiwidG9nZ2xlIjpmYWxzZX0%3D\">\n\t\t\t\t\t\t\t<img width=\"980\" height=\"135\" src=\"https:\/\/drewmax.net.pl\/wp-content\/uploads\/2024\/12\/FE_POIR_poziom_pl-1_rgb-1024x141.jpg\" class=\"attachment-large size-large\" alt=\"\" loading=\"lazy\" srcset=\"https:\/\/drewmax.net.pl\/wp-content\/uploads\/2024\/12\/FE_POIR_poziom_pl-1_rgb-1024x141.jpg 1024w, https:\/\/drewmax.net.pl\/wp-content\/uploads\/2024\/12\/FE_POIR_poziom_pl-1_rgb-300x41.jpg 300w, https:\/\/drewmax.net.pl\/wp-content\/uploads\/2024\/12\/FE_POIR_poziom_pl-1_rgb-768x106.jpg 768w, https:\/\/drewmax.net.pl\/wp-content\/uploads\/2024\/12\/FE_POIR_poziom_pl-1_rgb-1536x211.jpg 1536w, https:\/\/drewmax.net.pl\/wp-content\/uploads\/2024\/12\/FE_POIR_poziom_pl-1_rgb-2048x282.jpg 2048w, https:\/\/drewmax.net.pl\/wp-content\/uploads\/2024\/12\/FE_POIR_poziom_pl-1_rgb-scaled.jpg 1920w\" sizes=\"(max-width: 980px) 100vw, 980px\" \/>\t\t\t\t\t\t\t\t<\/a>\n\t\t\t\t\t\t\t\t\t\t\t\t\t\t<\/div>\n\t\t\t\t\t\t<\/div>\n\t\t\t\t<\/div>\n\t\t\t\t<div class=\"elementor-element elementor-element-5f2919b5 elementor-widget elementor-widget-heading\" data-id=\"5f2919b5\" data-element_type=\"widget\" data-widget_type=\"heading.default\">\n\t\t\t\t<div class=\"elementor-widget-container\">\n\t\t\t<h2 class=\"elementor-heading-title elementor-size-xl\"><br>Packing devices for Big-Bag FB 01\n<br><br><\/h2>\t\t<\/div>\n\t\t\t\t<\/div>\n\t\t\t\t\t\t<\/div>\n\t\t\t\t\t<\/div>\n\t\t<\/div>\n\t\t\t\t\t\t\t\t<\/div>\n\t\t\t\t\t<\/div>\n\t\t<\/section>\n\t\t\t\t<section class=\"elementor-section elementor-top-section elementor-element elementor-element-1c43021c elementor-section-boxed elementor-section-height-default elementor-section-height-default\" data-id=\"1c43021c\" data-element_type=\"section\" data-settings=\"{&quot;background_background&quot;:&quot;classic&quot;}\">\n\t\t\t\t\t\t<div class=\"elementor-container elementor-column-gap-default\">\n\t\t\t\t\t\t\t<div class=\"elementor-row\">\n\t\t\t\t\t<div class=\"elementor-column elementor-col-50 elementor-top-column elementor-element elementor-element-2e178ef8\" data-id=\"2e178ef8\" data-element_type=\"column\">\n\t\t\t<div class=\"elementor-column-wrap elementor-element-populated\">\n\t\t\t\t\t\t\t<div class=\"elementor-widget-wrap\">\n\t\t\t\t\t\t<div class=\"elementor-element elementor-element-bf4dd66 elementor-widget elementor-widget-text-editor\" data-id=\"bf4dd66\" data-element_type=\"widget\" data-widget_type=\"text-editor.default\">\n\t\t\t\t<div class=\"elementor-widget-container\">\n\t\t\t\t\t\t\t\t<div class=\"elementor-text-editor elementor-clearfix\">\n\t\t\t\t<p>The concept of the device is based on a retractable track system on which a Big-Bag sack is suspended. The primary advantage of the device is that there is no longer a need to use pallets in the clean packing area, which is especially required in facilities involved in food production.<\/p><p data-start=\"20\" data-end=\"322\"><\/p>\t\t\t\t\t<\/div>\n\t\t\t\t\t\t<\/div>\n\t\t\t\t<\/div>\n\t\t\t\t<div class=\"elementor-element elementor-element-0a17bbb elementor-widget elementor-widget-text-editor\" data-id=\"0a17bbb\" data-element_type=\"widget\" data-widget_type=\"text-editor.default\">\n\t\t\t\t<div class=\"elementor-widget-container\">\n\t\t\t\t\t\t\t\t<div class=\"elementor-text-editor elementor-clearfix\">\n\t\t\t\t<p>The device is designed so that its installation is precisely at the junction point between the packing area and the warehouse. Thanks to this positioning, the filling of the Big Bag sack, its sealing, and labeling can take place in the clean packing area. After the operator approves that the entire packaging process has been completed, an automatic gate between the packing area and the warehouse will open, and the filled sack suspended on the Big Bag frame will exit the packing zone to the warehouse area. Then, a warehouse worker will lift the pallet with the forklift along with the Big Bag sack, and the device will automatically detach it from the mounting brackets. Once the process is completed, the gate between the packing area and the warehouse will be automatically closed. This solution eliminates the need for wooden pallets in the packing area, i.e., in the clean zone, and eliminates the need to introduce transport carts into these areas.<\/p><p data-start=\"20\" data-end=\"1044\"><\/p>\t\t\t\t\t<\/div>\n\t\t\t\t\t\t<\/div>\n\t\t\t\t<\/div>\n\t\t\t\t<div class=\"elementor-element elementor-element-7b5b5e3 elementor-widget elementor-widget-text-editor\" data-id=\"7b5b5e3\" data-element_type=\"widget\" data-widget_type=\"text-editor.default\">\n\t\t\t\t<div class=\"elementor-widget-container\">\n\t\t\t\t\t\t\t\t<div class=\"elementor-text-editor elementor-clearfix\">\n\t\t\t\t<p>The entire construction of the device is made of stainless steel 304, and all areas prone to contamination buildup have been eliminated by using special spacers on the platforms. The actuators have been selected from a product group intended for the food industry.<\/p><p data-start=\"20\" data-end=\"359\"><\/p>\t\t\t\t\t<\/div>\n\t\t\t\t\t\t<\/div>\n\t\t\t\t<\/div>\n\t\t\t\t\t\t<\/div>\n\t\t\t\t\t<\/div>\n\t\t<\/div>\n\t\t\t\t<div class=\"elementor-column elementor-col-50 elementor-top-column elementor-element elementor-element-52c3b47a\" data-id=\"52c3b47a\" data-element_type=\"column\">\n\t\t\t<div class=\"elementor-column-wrap elementor-element-populated\">\n\t\t\t\t\t\t\t<div class=\"elementor-widget-wrap\">\n\t\t\t\t\t\t<div class=\"elementor-element elementor-element-4aca96b1 elementor-widget elementor-widget-image\" data-id=\"4aca96b1\" data-element_type=\"widget\" data-widget_type=\"image.default\">\n\t\t\t\t<div class=\"elementor-widget-container\">\n\t\t\t\t\t\t\t\t<div class=\"elementor-image\">\n\t\t\t\t\t\t\t\t\t\t\t\t<img width=\"648\" height=\"747\" src=\"https:\/\/drewmax.net.pl\/wp-content\/uploads\/2024\/01\/FB-01-Izometria-e1715597417116.png\" class=\"attachment-large size-large\" alt=\"\" loading=\"lazy\" srcset=\"https:\/\/drewmax.net.pl\/wp-content\/uploads\/2024\/01\/FB-01-Izometria-e1715597417116.png 648w, https:\/\/drewmax.net.pl\/wp-content\/uploads\/2024\/01\/FB-01-Izometria-e1715597417116-260x300.png 260w\" sizes=\"(max-width: 648px) 100vw, 648px\" \/>\t\t\t\t\t\t\t\t\t\t\t\t\t\t<\/div>\n\t\t\t\t\t\t<\/div>\n\t\t\t\t<\/div>\n\t\t\t\t\t\t<\/div>\n\t\t\t\t\t<\/div>\n\t\t<\/div>\n\t\t\t\t\t\t\t\t<\/div>\n\t\t\t\t\t<\/div>\n\t\t<\/section>\n\t\t\t\t<section class=\"elementor-section elementor-top-section elementor-element elementor-element-7204611b elementor-section-boxed elementor-section-height-default elementor-section-height-default\" data-id=\"7204611b\" data-element_type=\"section\" data-settings=\"{&quot;background_background&quot;:&quot;classic&quot;}\">\n\t\t\t\t\t\t<div class=\"elementor-container elementor-column-gap-default\">\n\t\t\t\t\t\t\t<div class=\"elementor-row\">\n\t\t\t\t\t<div class=\"elementor-column elementor-col-50 elementor-top-column elementor-element elementor-element-49c0fe30\" data-id=\"49c0fe30\" data-element_type=\"column\">\n\t\t\t<div class=\"elementor-column-wrap elementor-element-populated\">\n\t\t\t\t\t\t\t<div class=\"elementor-widget-wrap\">\n\t\t\t\t\t\t<div class=\"elementor-element elementor-element-67a6bc84 elementor-widget elementor-widget-text-editor\" data-id=\"67a6bc84\" data-element_type=\"widget\" data-widget_type=\"text-editor.default\">\n\t\t\t\t<div class=\"elementor-widget-container\">\n\t\t\t\t\t\t\t\t<div class=\"elementor-text-editor elementor-clearfix\">\n\t\t\t\t<p><strong><span style=\"text-decoration: underline;\">Key features\/functionality for the product:<\/span><\/strong><\/p><ul><li>Ability to install the device at the junction point between the packing area and the warehouse.<\/li><li>Optional inclusion of a film insert sealing system immediately after filling.<\/li><li>Elimination of the need for wooden pallets in the packing area (clean zone).<\/li><li>Elimination of the need for transport carts in the packing area (clean zone).<\/li><\/ul><p data-start=\"20\" data-end=\"80\"><\/p>\t\t\t\t\t<\/div>\n\t\t\t\t\t\t<\/div>\n\t\t\t\t<\/div>\n\t\t\t\t\t\t<\/div>\n\t\t\t\t\t<\/div>\n\t\t<\/div>\n\t\t\t\t<div class=\"elementor-column elementor-col-50 elementor-top-column elementor-element elementor-element-5a3b3657\" data-id=\"5a3b3657\" data-element_type=\"column\">\n\t\t\t<div class=\"elementor-column-wrap elementor-element-populated\">\n\t\t\t\t\t\t\t<div class=\"elementor-widget-wrap\">\n\t\t\t\t\t\t<div class=\"elementor-element elementor-element-683f6ba3 elementor-widget elementor-widget-text-editor\" data-id=\"683f6ba3\" data-element_type=\"widget\" data-widget_type=\"text-editor.default\">\n\t\t\t\t<div class=\"elementor-widget-container\">\n\t\t\t\t\t\t\t\t<div class=\"elementor-text-editor elementor-clearfix\">\n\t\t\t\t\t\t\t\t\t<\/div>\n\t\t\t\t\t\t<\/div>\n\t\t\t\t<\/div>\n\t\t\t\t\t\t<\/div>\n\t\t\t\t\t<\/div>\n\t\t<\/div>\n\t\t\t\t\t\t\t\t<\/div>\n\t\t\t\t\t<\/div>\n\t\t<\/section>\n\t\t\t\t<section class=\"elementor-section elementor-top-section elementor-element elementor-element-c28fdb3 elementor-section-boxed elementor-section-height-default elementor-section-height-default\" data-id=\"c28fdb3\" data-element_type=\"section\" data-settings=\"{&quot;background_background&quot;:&quot;classic&quot;}\">\n\t\t\t\t\t\t<div class=\"elementor-container elementor-column-gap-default\">\n\t\t\t\t\t\t\t<div class=\"elementor-row\">\n\t\t\t\t\t<div class=\"elementor-column elementor-col-100 elementor-top-column elementor-element elementor-element-202e6405\" data-id=\"202e6405\" data-element_type=\"column\">\n\t\t\t<div class=\"elementor-column-wrap elementor-element-populated\">\n\t\t\t\t\t\t\t<div class=\"elementor-widget-wrap\">\n\t\t\t\t\t\t<div class=\"elementor-element elementor-element-46af6202 elementor-align-center elementor-widget elementor-widget-button\" data-id=\"46af6202\" data-element_type=\"widget\" data-widget_type=\"button.default\">\n\t\t\t\t<div class=\"elementor-widget-container\">\n\t\t\t\t\t<div class=\"elementor-button-wrapper\">\n\t\t\t<a class=\"elementor-button elementor-size-lg\" role=\"button\">\n\t\t\t\t\t\t<span class=\"elementor-button-content-wrapper\">\n\t\t\t\t\t\t<span class=\"elementor-button-icon elementor-align-icon-right\">\n\t\t\t\t<i aria-hidden=\"true\" class=\"fas fa-download\"><\/i>\t\t\t<\/span>\n\t\t\t\t\t\t<span class=\"elementor-button-text\"><\/span>\n\t\t<\/span>\n\t\t\t\t\t<\/a>\n\t\t<\/div>\n\t\t\t\t<\/div>\n\t\t\t\t<\/div>\n\t\t\t\t\t\t<\/div>\n\t\t\t\t\t<\/div>\n\t\t<\/div>\n\t\t\t\t\t\t\t\t<\/div>\n\t\t\t\t\t<\/div>\n\t\t<\/section>\n\t\t\t\t<section class=\"elementor-section elementor-top-section elementor-element elementor-element-5fce3091 elementor-section-boxed elementor-section-height-default elementor-section-height-default\" data-id=\"5fce3091\" data-element_type=\"section\" data-settings=\"{&quot;background_background&quot;:&quot;classic&quot;}\">\n\t\t\t\t\t\t<div class=\"elementor-container elementor-column-gap-default\">\n\t\t\t\t\t\t\t<div class=\"elementor-row\">\n\t\t\t\t\t<div class=\"elementor-column elementor-col-100 elementor-top-column elementor-element elementor-element-791fe4cc\" data-id=\"791fe4cc\" data-element_type=\"column\">\n\t\t\t<div class=\"elementor-column-wrap elementor-element-populated\">\n\t\t\t\t\t\t\t<div class=\"elementor-widget-wrap\">\n\t\t\t\t\t\t<div class=\"elementor-element elementor-element-71de74a6 elementor-widget elementor-widget-html\" data-id=\"71de74a6\" data-element_type=\"widget\" data-widget_type=\"html.default\">\n\t\t\t\t<div class=\"elementor-widget-container\">\n\t\t\t<script type=\"application\/ld+json\">\r\n{\r\n  \"@context\" : \"http:\/\/schema.org\",\r\n  \"@type\" : \"Product\",\r\n  \"name\" : \"AUTOMATYCZNA LINIA WA\u017b\u0104CO PAKUJ\u0104CA DO WORK\u00d3W Z FOLII P\u0141ASKIEJ TYP 2AWPP\",\r\n  \"image\" : \"https:\/\/drewmax.net.pl\/wp-content\/uploads\/2019\/07\/2aWPP.png\",\r\n  \"description\" : \"Podstawowe parametry techniczne:<\/U><\/P><UL><LI>Maksymalna masa porcji: 50kg,<\/LI><LI>Minimalna masa porcji: 10kg,<\/LI><LI>Wydajno\u015b\u0107 linii: do 1100 porcji\/godz. (zale\u017cnie od w\u0142asno\u015bci produktu oraz wielko\u015bci porcji)<\/LI><LI>Typ work\u00f3w: worki foliowe PE \u2013 folia p\u0142aska \u2013 rolka<\/LI><LI>Szeroko\u015b\u0107 worka: 350 \u2013 650mm,<\/LI><LI>D\u0142ugo\u015b\u0107 work\u00f3w: 450 \u2013 1000mm<\/LI><LI>Zasilanie elektryczne: 3 x 400V 50Hz,<\/LI><LI>Zapotrzebowanie mocy: max. 6kW,<\/LI><LI>Zasilanie w spr\u0119\u017cone powietrze: 5 \u2013 10bar,<\/LI><LI>Zu\u017cycie spr\u0119\u017conego powietrza: 600Nl\",\r\n  \"brand\" : {\r\n    \"@type\" : \"Brand\",\r\n    \"name\" : \"DREWMAX\",\r\n    \"logo\" : \"https:\/\/drewmax.net.pl\/wp-content\/uploads\/2019\/06\/drewmax-logo_v2-1.png\"\r\n  },\r\n  \"sku\" : \"2AWPP\",\r\n  \"identifier\": {\r\n \"@type\": \"PropertyValue\",\r\n   \"propertyID\": \"Model\",\r\n   \"value\":  \"2AWPP\"\r\n   },\r\n \"aggregateRating\": {\r\n    \"@type\": \"AggregateRating\",\r\n    \"ratingValue\": \"5\",\r\n    \"reviewCount\": \"4\"\r\n  },\r\n   \"offers\": {\r\n    \"@type\": \"AggregateOffer\",\r\n    \"lowPrice\": 370000.0000,\r\n    \"highPrice\": 500000.0000,\r\n    \"priceCurrency\": \"PLN\",\r\n    \"itemCondition\": \"NewCondition\",\r\n\t\"offerCount\": \"2\"\r\n  },\r\n  \"review\": {\r\n    \"@type\": \"Review\",\r\n    \"author\": \"Wojciech\",\r\n    \"datePublished\": \"2019-11-30\",\r\n    \"name\": \"Drewmax | Maszyny pakuj\u0105ce - referencje\",\r\n    \"reviewBody\": \"Zapytaj nas o referencje lub zajrzyj na stron\u0119\"\r\n  },\r\n  \"mpn\" : \"2AWPP\"\r\n}\r\n<\/script>\r\n\r\n<script type=\"application\/ld+json\">\r\n{\r\n  \"@context\" : \"http:\/\/schema.org\",\r\n  \"@type\" : \"Article\",\r\n  \"name\" : \"AUTOMATYCZNA LINIA WA\u017b\u0104CO PAKUJ\u0104CA DO WORK\u00d3W Z FOLII P\u0141ASKIEJ TYP 2AWPP\",\r\n  \"headline\" : \"Automatyczna linia wa\u017c\u0105co pakujaca do produkt\u00f3w sypkich\/granulowanych\/pylistych!\",\r\n  \"author\" : {\r\n    \"@type\" : \"Person\",\r\n    \"name\" : \"Wojciech S\u0105siadek\"\r\n  },\r\n  \"datePublished\" : \"2019-11-30\",\r\n  \"dateModified\" : \"2019-12-10\",\r\n  \"image\" : \"https:\/\/drewmax.net.pl\/wp-content\/uploads\/2019\/07\/2aWPP.png\",\r\n  \"articleBody\" : \"Jedn\u0105 z nowo\u015bci wprowadzonych przez firm\u0119 Drewmax w roku 2014, jest linia wa\u017c\u0105co pakuj\u0105ca do work\u00f3w tworzonych z foli p\u0142askiej.<\/P><P>Linia wa\u017c\u0105co pakuj\u0105ca typ 2aWPP jest urz\u0105dzeniem przeznaczonym do pakowania produkt\u00f3w <SPAN style=\\\"font-weight: bold;\\\">sypkich\/granulowanych\/pylistych<\/SPAN> w worki foliowe. Urz\u0105dzenie mo\u017ce by\u0107 dowolnie konfigurowane co daje mo\u017cliwo\u015b\u0107 dowolnego kszta\u0142towania worka \u2013 klient sam decyduje o tym czy worek ma zosta\u0107 ukszta\u0142towany z fa\u0142d\u0105 obustronn\u0105 (g\u00f3ra i d\u00f3\u0142), pojedyncz\u0105, czy te\u017c bez fa\u0142dy.<\/P><P>Przedstawiona linia mo\u017ce by\u0107 wyposa\u017cona w jeden, dwa, lub trzy kosze wagowe, kt\u00f3re naprzemiennie s\u0105 nape\u0142niane poprzez odpowiednio dobrane dozowniki. Dzi\u0119ki takiemu zestawieniu podzespo\u0142\u00f3w uzyskali\u015bmy wysok\u0105 precyzj\u0119 nawa\u017cania, a tak\u017ce du\u017c\u0105 wydajno\u015b\u0107  dochodz\u0105c\u0105 do  <SPAN style=\\\"font-weight: bold;\\\">1100 porcji na godzin\u0119<\/SPAN>.<\/P><P>Urz\u0105dzenie wyposa\u017cone jest w prosty system wymiany ko\u0142nierza formuj\u0105cego foli\u0119 co daje mo\u017cliwo\u015b\u0107 szybkiej zmiany wielko\u015bci opakowania. Ponadto linia posiada system elektryczny u\u0142atwiaj\u0105cy wymian\u0119 rolki z foli\u0105 dzi\u0119ki czemu bez u\u017cycia w\u00f3zka wid\u0142owego, operator jest w stanie zainstalowa\u0107 na maszynie now\u0105 rolk\u0119 z foli\u0105, kt\u00f3rej ci\u0119\u017car mo\u017ce si\u0119ga\u0107 750kg, a jej \u015brednica mo\u017ce mie\u0107 a\u017c 800mm. Takie rozwi\u0105zanie zwi\u0119ksza wydajno\u015b\u0107 maszyny i eliminuje niepotrzebne przerwy w jej pracy.\",\r\n  \"url\" : \"https:\/\/drewmax.net.pl\/linie-wazaco-pakujace-1\/2awpp\/\",\r\n  \"mainEntityOfPage\": {\r\n    \"@type\": \"WebPage\",\r\n    \"@id\": \"https:\/\/drewmax.net.pl\/\"\r\n  },\r\n  \"publisher\" : {\r\n    \"@type\" : \"Organization\",\r\n    \"name\" : \"Przedsi\u0119biorstwo Wielobran\u017cowe Drewmax Tadeusz S\u0105siadek i Wsp\u00f3lnicy Sp\u00f3\u0142ka Jawna\",\r\n\t\"logo\" : {\r\n\t\t\"@type\": \"ImageObject\",\r\n\t\t\"url\": \"https:\/\/drewmax.net.pl\/wp-content\/uploads\/2019\/06\/drewmax-logo_v2-1.png\"\r\n\t}\t\r\n  }\r\n  \r\n}\r\n<\/script>\t\t<\/div>\n\t\t\t\t<\/div>\n\t\t\t\t\t\t<\/div>\n\t\t\t\t\t<\/div>\n\t\t<\/div>\n\t\t\t\t\t\t\t\t<\/div>\n\t\t\t\t\t<\/div>\n\t\t<\/section>\n\t\t\t\t\t\t<\/div>\n\t\t\t\t\t\t<\/div>\n\t\t\t\t\t<\/div>\n\t\t","protected":false},"excerpt":{"rendered":"<p>Packing devices for Big-Bag FB 01 The concept of the device is based on a retractable track system on which a Big-Bag sack is suspended. The primary advantage of the device is that there is no longer a need to use pallets in the clean packing area, which is especially required in facilities involved in&hellip;<\/p>\n","protected":false},"author":36,"featured_media":0,"parent":0,"menu_order":0,"comment_status":"closed","ping_status":"closed","template":"","meta":[],"yoast_head":"<!-- This site is optimized with the Yoast SEO Premium plugin v15.5 - https:\/\/yoast.com\/wordpress\/plugins\/seo\/ -->\n<title>Wa\u017cenie Pakowanie Paletyzacja Automatyka przemys\u0142owa linie PP PE<\/title>\n<meta name=\"description\" content=\"Wa\u017cenie Pakowanie Paletyzacja Automatyka przemys\u0142owa linie wa\u017c\u0105co - pakuj\u0105ce zbiorniki technologiczne mikrodozowanie linie PP PE Bigbag\" \/>\n<meta name=\"robots\" content=\"index, follow, max-snippet:-1, max-image-preview:large, max-video-preview:-1\" \/>\n<link rel=\"canonical\" href=\"https:\/\/drewmax.net.pl\/urzadzenia_pakujace_big_bag_fb_01\/\" \/>\n<meta property=\"og:locale\" content=\"en_US\" \/>\n<meta property=\"og:type\" content=\"article\" \/>\n<meta property=\"og:title\" content=\"Wa\u017cenie Pakowanie Paletyzacja Automatyka przemys\u0142owa linie PP PE\" \/>\n<meta property=\"og:description\" content=\"Wa\u017cenie Pakowanie Paletyzacja Automatyka przemys\u0142owa linie wa\u017c\u0105co - pakuj\u0105ce zbiorniki technologiczne mikrodozowanie linie PP PE Bigbag\" \/>\n<meta property=\"og:url\" content=\"https:\/\/drewmax.net.pl\/urzadzenia_pakujace_big_bag_fb_01\/\" \/>\n<meta property=\"og:site_name\" content=\"Drewmax\" \/>\n<meta property=\"article:publisher\" content=\"https:\/\/www.facebook.com\/Drewmax-111641623604429\/\" \/>\n<meta property=\"article:modified_time\" content=\"2025-03-25T12:30:17+00:00\" \/>\n<meta property=\"og:image\" content=\"https:\/\/drewmax.net.pl\/wp-content\/uploads\/2024\/12\/FE_POIR_poziom_pl-1_rgb-1024x141.jpg\" \/>\n<meta name=\"twitter:card\" content=\"summary_large_image\" \/>\n<meta name=\"twitter:label1\" content=\"Est. reading time\">\n\t<meta name=\"twitter:data1\" content=\"9 minutes\">\n<script type=\"application\/ld+json\" class=\"yoast-schema-graph\">{\"@context\":\"https:\/\/schema.org\",\"@graph\":[{\"@type\":\"Organization\",\"@id\":\"https:\/\/drewmax.net.pl\/en\/#organization\",\"name\":\"DREWMAX Sp\\u00f3\\u0142ka z o.o.\",\"url\":\"https:\/\/drewmax.net.pl\/en\/\",\"sameAs\":[\"https:\/\/www.facebook.com\/Drewmax-111641623604429\/\",\"https:\/\/www.instagram.com\/drewmax.net.pl\/\",\"https:\/\/www.youtube.com\/channel\/UCCS8U5F8gSyJAlSWjxgbLRQ\"],\"logo\":{\"@type\":\"ImageObject\",\"@id\":\"https:\/\/drewmax.net.pl\/en\/#logo\",\"inLanguage\":\"en-US\",\"url\":\"\",\"caption\":\"DREWMAX Sp\\u00f3\\u0142ka z o.o.\"},\"image\":{\"@id\":\"https:\/\/drewmax.net.pl\/en\/#logo\"}},{\"@type\":\"WebSite\",\"@id\":\"https:\/\/drewmax.net.pl\/en\/#website\",\"url\":\"https:\/\/drewmax.net.pl\/en\/\",\"name\":\"Drewmax\",\"description\":\"\",\"publisher\":{\"@id\":\"https:\/\/drewmax.net.pl\/en\/#organization\"},\"potentialAction\":[{\"@type\":\"SearchAction\",\"target\":\"https:\/\/drewmax.net.pl\/en\/?s={search_term_string}\",\"query-input\":\"required name=search_term_string\"}],\"inLanguage\":\"en-US\"},{\"@type\":\"ImageObject\",\"@id\":\"https:\/\/drewmax.net.pl\/urzadzenia_pakujace_big_bag_fb_01\/#primaryimage\",\"inLanguage\":\"en-US\",\"url\":\"https:\/\/drewmax.net.pl\/wp-content\/uploads\/2024\/12\/FE_POIR_poziom_pl-1_rgb-1024x141.jpg\"},{\"@type\":\"WebPage\",\"@id\":\"https:\/\/drewmax.net.pl\/urzadzenia_pakujace_big_bag_fb_01\/#webpage\",\"url\":\"https:\/\/drewmax.net.pl\/urzadzenia_pakujace_big_bag_fb_01\/\",\"name\":\"Wa\\u017cenie Pakowanie Paletyzacja Automatyka przemys\\u0142owa linie PP PE\",\"isPartOf\":{\"@id\":\"https:\/\/drewmax.net.pl\/en\/#website\"},\"primaryImageOfPage\":{\"@id\":\"https:\/\/drewmax.net.pl\/urzadzenia_pakujace_big_bag_fb_01\/#primaryimage\"},\"datePublished\":\"2024-01-04T10:01:52+00:00\",\"dateModified\":\"2025-03-25T12:30:17+00:00\",\"description\":\"Wa\\u017cenie Pakowanie Paletyzacja Automatyka przemys\\u0142owa linie wa\\u017c\\u0105co - pakuj\\u0105ce zbiorniki technologiczne mikrodozowanie linie PP PE Bigbag\",\"breadcrumb\":{\"@id\":\"https:\/\/drewmax.net.pl\/urzadzenia_pakujace_big_bag_fb_01\/#breadcrumb\"},\"inLanguage\":\"en-US\",\"potentialAction\":[{\"@type\":\"ReadAction\",\"target\":[\"https:\/\/drewmax.net.pl\/urzadzenia_pakujace_big_bag_fb_01\/\"]}]},{\"@type\":\"BreadcrumbList\",\"@id\":\"https:\/\/drewmax.net.pl\/urzadzenia_pakujace_big_bag_fb_01\/#breadcrumb\",\"itemListElement\":[{\"@type\":\"ListItem\",\"position\":1,\"item\":{\"@type\":\"WebPage\",\"@id\":\"https:\/\/drewmax.net.pl\/\",\"url\":\"https:\/\/drewmax.net.pl\/\",\"name\":\"Home\"}},{\"@type\":\"ListItem\",\"position\":2,\"item\":{\"@type\":\"WebPage\",\"@id\":\"https:\/\/drewmax.net.pl\/urzadzenia_pakujace_big_bag_fb_01\/\",\"url\":\"https:\/\/drewmax.net.pl\/urzadzenia_pakujace_big_bag_fb_01\/\",\"name\":\"Urzadzenia_pakuj\\u0105ce_Big_Bag_FB_01\"}}]}]}<\/script>\n<!-- \/ Yoast SEO Premium plugin. -->","_links":{"self":[{"href":"https:\/\/drewmax.net.pl\/en\/wp-json\/wp\/v2\/pages\/21694"}],"collection":[{"href":"https:\/\/drewmax.net.pl\/en\/wp-json\/wp\/v2\/pages"}],"about":[{"href":"https:\/\/drewmax.net.pl\/en\/wp-json\/wp\/v2\/types\/page"}],"author":[{"embeddable":true,"href":"https:\/\/drewmax.net.pl\/en\/wp-json\/wp\/v2\/users\/36"}],"replies":[{"embeddable":true,"href":"https:\/\/drewmax.net.pl\/en\/wp-json\/wp\/v2\/comments?post=21694"}],"version-history":[{"count":359,"href":"https:\/\/drewmax.net.pl\/en\/wp-json\/wp\/v2\/pages\/21694\/revisions"}],"predecessor-version":[{"id":31443,"href":"https:\/\/drewmax.net.pl\/en\/wp-json\/wp\/v2\/pages\/21694\/revisions\/31443"}],"wp:attachment":[{"href":"https:\/\/drewmax.net.pl\/en\/wp-json\/wp\/v2\/media?parent=21694"}],"curies":[{"name":"wp","href":"https:\/\/api.w.org\/{rel}","templated":true}]}}