{"id":21654,"date":"2024-01-04T09:29:44","date_gmt":"2024-01-04T08:29:44","guid":{"rendered":"https:\/\/drewmax.net.pl\/?page_id=21654"},"modified":"2025-04-03T13:57:43","modified_gmt":"2025-04-03T11:57:43","slug":"automatyczna-linia-pakujaca-1500w","status":"publish","type":"page","link":"https:\/\/drewmax.net.pl\/en\/automatyczna-linia-pakujaca-1500w\/","title":{"rendered":"(Polski) Automatyczna linia pakuj\u0105ca typ: LA1500W"},"content":{"rendered":"\t\t<div data-elementor-type=\"wp-page\" data-elementor-id=\"21654\" class=\"elementor elementor-21654\" data-elementor-settings=\"[]\">\n\t\t\t\t\t\t<div class=\"elementor-inner\">\n\t\t\t\t\t\t\t<div class=\"elementor-section-wrap\">\n\t\t\t\t\t\t\t<section class=\"elementor-section elementor-top-section elementor-element elementor-element-2ddcf32c elementor-section-boxed elementor-section-height-default elementor-section-height-default\" data-id=\"2ddcf32c\" data-element_type=\"section\" data-settings=\"{&quot;background_background&quot;:&quot;classic&quot;}\">\n\t\t\t\t\t\t<div class=\"elementor-container elementor-column-gap-default\">\n\t\t\t\t\t\t\t<div class=\"elementor-row\">\n\t\t\t\t\t<div class=\"elementor-column elementor-col-100 elementor-top-column elementor-element elementor-element-50851516\" data-id=\"50851516\" data-element_type=\"column\">\n\t\t\t<div class=\"elementor-column-wrap elementor-element-populated\">\n\t\t\t\t\t\t\t<div class=\"elementor-widget-wrap\">\n\t\t\t\t\t\t<div class=\"elementor-element elementor-element-dc8073d elementor-widget elementor-widget-image\" data-id=\"dc8073d\" data-element_type=\"widget\" data-widget_type=\"image.default\">\n\t\t\t\t<div class=\"elementor-widget-container\">\n\t\t\t\t\t\t\t\t<div class=\"elementor-image\">\n\t\t\t\t\t\t\t\t\t\t\t\t<img width=\"980\" height=\"104\" src=\"https:\/\/drewmax.net.pl\/wp-content\/uploads\/2023\/12\/FE-logo-1024x109.png\" class=\"attachment-large size-large\" alt=\"\" loading=\"lazy\" srcset=\"https:\/\/drewmax.net.pl\/wp-content\/uploads\/2023\/12\/FE-logo-1024x109.png 1024w, https:\/\/drewmax.net.pl\/wp-content\/uploads\/2023\/12\/FE-logo-300x32.png 300w, https:\/\/drewmax.net.pl\/wp-content\/uploads\/2023\/12\/FE-logo-768x82.png 768w, https:\/\/drewmax.net.pl\/wp-content\/uploads\/2023\/12\/FE-logo-1536x164.png 1536w, https:\/\/drewmax.net.pl\/wp-content\/uploads\/2023\/12\/FE-logo.png 1920w\" sizes=\"(max-width: 980px) 100vw, 980px\" \/>\t\t\t\t\t\t\t\t\t\t\t\t\t\t<\/div>\n\t\t\t\t\t\t<\/div>\n\t\t\t\t<\/div>\n\t\t\t\t<div class=\"elementor-element elementor-element-179d17e1 elementor-widget elementor-widget-heading\" data-id=\"179d17e1\" data-element_type=\"widget\" data-widget_type=\"heading.default\">\n\t\t\t\t<div class=\"elementor-widget-container\">\n\t\t\t<h2 class=\"elementor-heading-title elementor-size-xl\"><br>AUTOMATIC PACKING LINE TYPE: LA1500W<br><br><\/h2>\t\t<\/div>\n\t\t\t\t<\/div>\n\t\t\t\t\t\t<\/div>\n\t\t\t\t\t<\/div>\n\t\t<\/div>\n\t\t\t\t\t\t\t\t<\/div>\n\t\t\t\t\t<\/div>\n\t\t<\/section>\n\t\t\t\t<section class=\"elementor-section elementor-top-section elementor-element elementor-element-305236bd elementor-section-boxed elementor-section-height-default elementor-section-height-default\" data-id=\"305236bd\" data-element_type=\"section\" data-settings=\"{&quot;background_background&quot;:&quot;classic&quot;}\">\n\t\t\t\t\t\t<div class=\"elementor-container elementor-column-gap-default\">\n\t\t\t\t\t\t\t<div class=\"elementor-row\">\n\t\t\t\t\t<div class=\"elementor-column elementor-col-50 elementor-top-column elementor-element elementor-element-221a6c5c\" data-id=\"221a6c5c\" data-element_type=\"column\">\n\t\t\t<div class=\"elementor-column-wrap elementor-element-populated\">\n\t\t\t\t\t\t\t<div class=\"elementor-widget-wrap\">\n\t\t\t\t\t\t<div class=\"elementor-element elementor-element-57637236 elementor-widget elementor-widget-text-editor\" data-id=\"57637236\" data-element_type=\"widget\" data-widget_type=\"text-editor.default\">\n\t\t\t\t<div class=\"elementor-widget-container\">\n\t\t\t\t\t\t\t\t<div class=\"elementor-text-editor elementor-clearfix\">\n\t\t\t\t<p>The combination of state-of-the-art technologies and components from top brands has enabled the creation of the automatic packaging line type LA1500W. The LA1500W automatic packaging line is designed for <strong>packaging bulk\/granulated\/powdery<\/strong> products into bags made from tubular film.<\/span><\/p><p><span style=\"background-color: var( --e-global-color-1f49e10 );\">The device aims to achieve high packing efficiency for a group of bulk and powdery materials, up to <strong>1500 portions per hour<\/strong>, depending on the type and bulk density of the packed product.<\/span><\/p><p><span style=\"background-color: var( --e-global-color-1f49e10 );\">The shuttle feeding system used in the machine ensures high stability and repeatability in bag retrieval and filling from rolls of various dimensions and shapes.<\/span><\/p><p data-start=\"37\" data-end=\"50\"><\/span><\/p>\t\t\t\t\t<\/div>\n\t\t\t\t\t\t<\/div>\n\t\t\t\t<\/div>\n\t\t\t\t\t\t<\/div>\n\t\t\t\t\t<\/div>\n\t\t<\/div>\n\t\t\t\t<div class=\"elementor-column elementor-col-50 elementor-top-column elementor-element elementor-element-760a1499\" data-id=\"760a1499\" data-element_type=\"column\">\n\t\t\t<div class=\"elementor-column-wrap elementor-element-populated\">\n\t\t\t\t\t\t\t<div class=\"elementor-widget-wrap\">\n\t\t\t\t\t\t<div class=\"elementor-element elementor-element-35104703 elementor-widget elementor-widget-image\" data-id=\"35104703\" data-element_type=\"widget\" data-widget_type=\"image.default\">\n\t\t\t\t<div class=\"elementor-widget-container\">\n\t\t\t\t\t\t\t\t<div class=\"elementor-image\">\n\t\t\t\t\t\t\t\t\t\t\t\t<img width=\"815\" height=\"686\" src=\"https:\/\/drewmax.net.pl\/wp-content\/uploads\/2024\/01\/LA1500W-Izometria.png\" class=\"attachment-large size-large\" alt=\"\" loading=\"lazy\" srcset=\"https:\/\/drewmax.net.pl\/wp-content\/uploads\/2024\/01\/LA1500W-Izometria.png 815w, https:\/\/drewmax.net.pl\/wp-content\/uploads\/2024\/01\/LA1500W-Izometria-300x253.png 300w, https:\/\/drewmax.net.pl\/wp-content\/uploads\/2024\/01\/LA1500W-Izometria-768x646.png 768w\" sizes=\"(max-width: 815px) 100vw, 815px\" \/>\t\t\t\t\t\t\t\t\t\t\t\t\t\t<\/div>\n\t\t\t\t\t\t<\/div>\n\t\t\t\t<\/div>\n\t\t\t\t\t\t<\/div>\n\t\t\t\t\t<\/div>\n\t\t<\/div>\n\t\t\t\t\t\t\t\t<\/div>\n\t\t\t\t\t<\/div>\n\t\t<\/section>\n\t\t\t\t<section class=\"elementor-section elementor-top-section elementor-element elementor-element-78360c73 elementor-section-boxed elementor-section-height-default elementor-section-height-default\" data-id=\"78360c73\" data-element_type=\"section\" data-settings=\"{&quot;background_background&quot;:&quot;classic&quot;}\">\n\t\t\t\t\t\t<div class=\"elementor-container elementor-column-gap-default\">\n\t\t\t\t\t\t\t<div class=\"elementor-row\">\n\t\t\t\t\t<div class=\"elementor-column elementor-col-100 elementor-top-column elementor-element elementor-element-bbae90a\" data-id=\"bbae90a\" data-element_type=\"column\">\n\t\t\t<div class=\"elementor-column-wrap elementor-element-populated\">\n\t\t\t\t\t\t\t<div class=\"elementor-widget-wrap\">\n\t\t\t\t\t\t<div class=\"elementor-element elementor-element-612960e6 elementor-widget elementor-widget-text-editor\" data-id=\"612960e6\" data-element_type=\"widget\" data-widget_type=\"text-editor.default\">\n\t\t\t\t<div class=\"elementor-widget-container\">\n\t\t\t\t\t\t\t\t<div class=\"elementor-text-editor elementor-clearfix\">\n\t\t\t\t<p><strong><span style=\"text-decoration: underline;\">The mechanisms have been designed to divide the device into 6 main zones, such as:<\/span><\/strong><\/p><ul><li>Forming and cutting the tubular film sleeve,<\/li><li>Bag opening,<\/li><li>Filling,<\/li><li>Top bag cleaning (dependent on product properties),<\/li><li>Sealing and closing the bag,<\/li><li>Cooling of the top seal of the bag before exiting the line.<\/li><\/ul><p data-start=\"37\" data-end=\"50\"><\/span><\/p>\t\t\t\t\t<\/div>\n\t\t\t\t\t\t<\/div>\n\t\t\t\t<\/div>\n\t\t\t\t\t\t<\/div>\n\t\t\t\t\t<\/div>\n\t\t<\/div>\n\t\t\t\t<div class=\"elementor-column elementor-col-100 elementor-top-column elementor-element elementor-element-3b62e3b3\" data-id=\"3b62e3b3\" data-element_type=\"column\">\n\t\t\t<div class=\"elementor-column-wrap elementor-element-populated\">\n\t\t\t\t\t\t\t<div class=\"elementor-widget-wrap\">\n\t\t\t\t\t\t<div class=\"elementor-element elementor-element-cd3c3e3 elementor-widget elementor-widget-text-editor\" data-id=\"cd3c3e3\" data-element_type=\"widget\" data-widget_type=\"text-editor.default\">\n\t\t\t\t<div class=\"elementor-widget-container\">\n\t\t\t\t\t\t\t\t<div class=\"elementor-text-editor elementor-clearfix\">\n\t\t\t\t<p><strong><span style=\"text-decoration: underline;\">Key components of the device:<\/span><\/strong><\/p><ul><li>Bag feeding system from the tubular sleeve<\/li><li>Nozzle<\/li><li>Upper part of bag forming system<\/li><li>Upper part of bag guiding system<\/li><li>Conveyor belt for transporting bags<\/li><li>Height adjustment system for conveyor belts<\/li><li>Sealing system<\/li><li>Side conveyor belt for receiving bags with bag flipping system<\/li><\/ul><p data-start=\"37\" data-end=\"50\"><\/span><\/p>\t\t\t\t\t<\/div>\n\t\t\t\t\t\t<\/div>\n\t\t\t\t<\/div>\n\t\t\t\t\t\t<\/div>\n\t\t\t\t\t<\/div>\n\t\t<\/div>\n\t\t\t\t\t\t\t\t<\/div>\n\t\t\t\t\t<\/div>\n\t\t<\/section>\n\t\t\t\t<section class=\"elementor-section elementor-top-section elementor-element elementor-element-234db9de elementor-section-boxed elementor-section-height-default elementor-section-height-default\" data-id=\"234db9de\" data-element_type=\"section\" data-settings=\"{&quot;background_background&quot;:&quot;classic&quot;}\">\n\t\t\t\t\t\t<div class=\"elementor-container elementor-column-gap-default\">\n\t\t\t\t\t\t\t<div class=\"elementor-row\">\n\t\t\t\t\t<div class=\"elementor-column elementor-col-100 elementor-top-column elementor-element elementor-element-6f6f693a\" data-id=\"6f6f693a\" data-element_type=\"column\">\n\t\t\t<div class=\"elementor-column-wrap elementor-element-populated\">\n\t\t\t\t\t\t\t<div class=\"elementor-widget-wrap\">\n\t\t\t\t\t\t<div class=\"elementor-element elementor-element-16c40bbc elementor-align-center elementor-widget elementor-widget-button\" data-id=\"16c40bbc\" data-element_type=\"widget\" data-widget_type=\"button.default\">\n\t\t\t\t<div class=\"elementor-widget-container\">\n\t\t\t\t\t<div class=\"elementor-button-wrapper\">\n\t\t\t<a href=\"https:\/\/drewmax.net.pl\/wp-content\/uploads\/2025\/03\/LA-1500_EN.pdf%20\" target=\"_blank\" class=\"elementor-button-link elementor-button elementor-size-lg\" role=\"button\">\n\t\t\t\t\t\t<span class=\"elementor-button-content-wrapper\">\n\t\t\t\t\t\t<span class=\"elementor-button-icon elementor-align-icon-left\">\n\t\t\t\t<i aria-hidden=\"true\" class=\"fas fa-file-download\"><\/i>\t\t\t<\/span>\n\t\t\t\t\t\t<span class=\"elementor-button-text\"> Download product data sheet<\/span>\n\t\t<\/span>\n\t\t\t\t\t<\/a>\n\t\t<\/div>\n\t\t\t\t<\/div>\n\t\t\t\t<\/div>\n\t\t\t\t<div class=\"elementor-element elementor-element-2c68e769 elementor-widget elementor-widget-spacer\" data-id=\"2c68e769\" data-element_type=\"widget\" data-widget_type=\"spacer.default\">\n\t\t\t\t<div class=\"elementor-widget-container\">\n\t\t\t\t\t<div class=\"elementor-spacer\">\n\t\t\t<div class=\"elementor-spacer-inner\"><\/div>\n\t\t<\/div>\n\t\t\t\t<\/div>\n\t\t\t\t<\/div>\n\t\t\t\t\t\t<\/div>\n\t\t\t\t\t<\/div>\n\t\t<\/div>\n\t\t\t\t\t\t\t\t<\/div>\n\t\t\t\t\t<\/div>\n\t\t<\/section>\n\t\t\t\t\t\t<\/div>\n\t\t\t\t\t\t<\/div>\n\t\t\t\t\t<\/div>\n\t\t","protected":false},"excerpt":{"rendered":"<p>AUTOMATIC PACKING LINE TYPE: LA1500W The combination of state-of-the-art technologies and components from top brands has enabled the creation of the automatic packaging line type LA1500W. The LA1500W automatic packaging line is designed for packaging bulk\/granulated\/powdery products into bags made from tubular film. The device aims to achieve high packing efficiency for a group of&hellip;<\/p>\n","protected":false},"author":36,"featured_media":0,"parent":0,"menu_order":0,"comment_status":"closed","ping_status":"closed","template":"","meta":[],"yoast_head":"<!-- This site is optimized with the Yoast SEO Premium plugin v15.5 - https:\/\/yoast.com\/wordpress\/plugins\/seo\/ -->\n<title><\/title>\n<meta name=\"description\" content=\"Automatyczna linia pakuj\u0105ca wa\u017cenie pakowanie paletyzacja automatyka przemys\u0142owa mikrodozowanie stretch zbiorniki technologiczne\" \/>\n<meta name=\"robots\" content=\"index, follow, max-snippet:-1, max-image-preview:large, max-video-preview:-1\" \/>\n<link rel=\"canonical\" href=\"https:\/\/drewmax.net.pl\/automatyczna-linia-pakujaca-1500w\/\" \/>\n<meta property=\"og:locale\" content=\"en_US\" \/>\n<meta property=\"og:type\" content=\"article\" \/>\n<meta property=\"og:title\" content=\"[:pl]Automatyczna linia pakuj\u0105ca typ: LA1500W[:] - Drewmax\" \/>\n<meta property=\"og:description\" content=\"Automatyczna linia pakuj\u0105ca wa\u017cenie pakowanie paletyzacja automatyka przemys\u0142owa mikrodozowanie stretch zbiorniki technologiczne\" \/>\n<meta property=\"og:url\" content=\"https:\/\/drewmax.net.pl\/automatyczna-linia-pakujaca-1500w\/\" \/>\n<meta property=\"og:site_name\" content=\"Drewmax\" \/>\n<meta property=\"article:publisher\" content=\"https:\/\/www.facebook.com\/Drewmax-111641623604429\/\" \/>\n<meta property=\"article:modified_time\" content=\"2025-04-03T11:57:43+00:00\" \/>\n<meta property=\"og:image\" content=\"https:\/\/drewmax.net.pl\/wp-content\/uploads\/2023\/12\/FE-logo-1024x109.png\" \/>\n<meta name=\"twitter:card\" content=\"summary_large_image\" \/>\n<meta name=\"twitter:label1\" content=\"Est. reading time\">\n\t<meta name=\"twitter:data1\" content=\"7 minutes\">\n<script type=\"application\/ld+json\" class=\"yoast-schema-graph\">{\"@context\":\"https:\/\/schema.org\",\"@graph\":[{\"@type\":\"Organization\",\"@id\":\"https:\/\/drewmax.net.pl\/en\/#organization\",\"name\":\"DREWMAX Sp\\u00f3\\u0142ka z o.o.\",\"url\":\"https:\/\/drewmax.net.pl\/en\/\",\"sameAs\":[\"https:\/\/www.facebook.com\/Drewmax-111641623604429\/\",\"https:\/\/www.instagram.com\/drewmax.net.pl\/\",\"https:\/\/www.youtube.com\/channel\/UCCS8U5F8gSyJAlSWjxgbLRQ\"],\"logo\":{\"@type\":\"ImageObject\",\"@id\":\"https:\/\/drewmax.net.pl\/en\/#logo\",\"inLanguage\":\"en-US\",\"url\":\"\",\"caption\":\"DREWMAX Sp\\u00f3\\u0142ka z o.o.\"},\"image\":{\"@id\":\"https:\/\/drewmax.net.pl\/en\/#logo\"}},{\"@type\":\"WebSite\",\"@id\":\"https:\/\/drewmax.net.pl\/en\/#website\",\"url\":\"https:\/\/drewmax.net.pl\/en\/\",\"name\":\"Drewmax\",\"description\":\"\",\"publisher\":{\"@id\":\"https:\/\/drewmax.net.pl\/en\/#organization\"},\"potentialAction\":[{\"@type\":\"SearchAction\",\"target\":\"https:\/\/drewmax.net.pl\/en\/?s={search_term_string}\",\"query-input\":\"required name=search_term_string\"}],\"inLanguage\":\"en-US\"},{\"@type\":\"ImageObject\",\"@id\":\"https:\/\/drewmax.net.pl\/automatyczna-linia-pakujaca-1500w\/#primaryimage\",\"inLanguage\":\"en-US\",\"url\":\"https:\/\/drewmax.net.pl\/wp-content\/uploads\/2023\/12\/FE-logo.png\",\"width\":1920,\"height\":205},{\"@type\":\"WebPage\",\"@id\":\"https:\/\/drewmax.net.pl\/automatyczna-linia-pakujaca-1500w\/#webpage\",\"url\":\"https:\/\/drewmax.net.pl\/automatyczna-linia-pakujaca-1500w\/\",\"name\":\"[:pl]Automatyczna linia pakuj\\u0105ca typ: LA1500W[:] - Drewmax\",\"isPartOf\":{\"@id\":\"https:\/\/drewmax.net.pl\/en\/#website\"},\"primaryImageOfPage\":{\"@id\":\"https:\/\/drewmax.net.pl\/automatyczna-linia-pakujaca-1500w\/#primaryimage\"},\"datePublished\":\"2024-01-04T08:29:44+00:00\",\"dateModified\":\"2025-04-03T11:57:43+00:00\",\"description\":\"Automatyczna linia pakuj\\u0105ca wa\\u017cenie pakowanie paletyzacja automatyka przemys\\u0142owa mikrodozowanie stretch zbiorniki technologiczne\",\"breadcrumb\":{\"@id\":\"https:\/\/drewmax.net.pl\/automatyczna-linia-pakujaca-1500w\/#breadcrumb\"},\"inLanguage\":\"en-US\",\"potentialAction\":[{\"@type\":\"ReadAction\",\"target\":[\"https:\/\/drewmax.net.pl\/automatyczna-linia-pakujaca-1500w\/\"]}]},{\"@type\":\"BreadcrumbList\",\"@id\":\"https:\/\/drewmax.net.pl\/automatyczna-linia-pakujaca-1500w\/#breadcrumb\",\"itemListElement\":[{\"@type\":\"ListItem\",\"position\":1,\"item\":{\"@type\":\"WebPage\",\"@id\":\"https:\/\/drewmax.net.pl\/\",\"url\":\"https:\/\/drewmax.net.pl\/\",\"name\":\"Home\"}},{\"@type\":\"ListItem\",\"position\":2,\"item\":{\"@type\":\"WebPage\",\"@id\":\"https:\/\/drewmax.net.pl\/automatyczna-linia-pakujaca-1500w\/\",\"url\":\"https:\/\/drewmax.net.pl\/automatyczna-linia-pakujaca-1500w\/\",\"name\":\"Automatyczna linia pakuj\\u0105ca typ: LA1500W\"}}]}]}<\/script>\n<!-- \/ Yoast SEO Premium plugin. -->","_links":{"self":[{"href":"https:\/\/drewmax.net.pl\/en\/wp-json\/wp\/v2\/pages\/21654"}],"collection":[{"href":"https:\/\/drewmax.net.pl\/en\/wp-json\/wp\/v2\/pages"}],"about":[{"href":"https:\/\/drewmax.net.pl\/en\/wp-json\/wp\/v2\/types\/page"}],"author":[{"embeddable":true,"href":"https:\/\/drewmax.net.pl\/en\/wp-json\/wp\/v2\/users\/36"}],"replies":[{"embeddable":true,"href":"https:\/\/drewmax.net.pl\/en\/wp-json\/wp\/v2\/comments?post=21654"}],"version-history":[{"count":107,"href":"https:\/\/drewmax.net.pl\/en\/wp-json\/wp\/v2\/pages\/21654\/revisions"}],"predecessor-version":[{"id":32005,"href":"https:\/\/drewmax.net.pl\/en\/wp-json\/wp\/v2\/pages\/21654\/revisions\/32005"}],"wp:attachment":[{"href":"https:\/\/drewmax.net.pl\/en\/wp-json\/wp\/v2\/media?parent=21654"}],"curies":[{"name":"wp","href":"https:\/\/api.w.org\/{rel}","templated":true}]}}