{"id":186,"date":"2016-07-21T13:42:58","date_gmt":"2016-07-21T11:42:58","guid":{"rendered":"http:\/\/drewmax.net.pl\/?page_id=186"},"modified":"2025-04-02T12:14:10","modified_gmt":"2025-04-02T10:14:10","slug":"zbiornik-technologiczny","status":"publish","type":"page","link":"https:\/\/drewmax.net.pl\/en\/zbiornik-technologiczny\/","title":{"rendered":"Zbiorniki technologiczne"},"content":{"rendered":"\t\t<div data-elementor-type=\"wp-post\" data-elementor-id=\"186\" class=\"elementor elementor-186\" data-elementor-settings=\"[]\">\n\t\t\t\t\t\t<div class=\"elementor-inner\">\n\t\t\t\t\t\t\t<div class=\"elementor-section-wrap\">\n\t\t\t\t\t\t\t<section class=\"elementor-section elementor-top-section elementor-element elementor-element-c747eeb elementor-section-boxed elementor-section-height-default elementor-section-height-default\" data-id=\"c747eeb\" data-element_type=\"section\" data-settings=\"{&quot;background_background&quot;:&quot;classic&quot;}\">\n\t\t\t\t\t\t<div class=\"elementor-container elementor-column-gap-default\">\n\t\t\t\t\t\t\t<div class=\"elementor-row\">\n\t\t\t\t\t<div class=\"elementor-column elementor-col-100 elementor-top-column elementor-element elementor-element-2f9f055\" data-id=\"2f9f055\" data-element_type=\"column\">\n\t\t\t<div class=\"elementor-column-wrap elementor-element-populated\">\n\t\t\t\t\t\t\t<div class=\"elementor-widget-wrap\">\n\t\t\t\t\t\t<div class=\"elementor-element elementor-element-9ef118e elementor-widget elementor-widget-heading\" data-id=\"9ef118e\" data-element_type=\"widget\" data-widget_type=\"heading.default\">\n\t\t\t\t<div class=\"elementor-widget-container\">\n\t\t\t<h2 class=\"elementor-heading-title elementor-size-xl\">Technological tanks\n<\/h2>\t\t<\/div>\n\t\t\t\t<\/div>\n\t\t\t\t\t\t<\/div>\n\t\t\t\t\t<\/div>\n\t\t<\/div>\n\t\t\t\t\t\t\t\t<\/div>\n\t\t\t\t\t<\/div>\n\t\t<\/section>\n\t\t\t\t<section class=\"elementor-section elementor-top-section elementor-element elementor-element-80e1536 elementor-section-boxed elementor-section-height-default elementor-section-height-default\" data-id=\"80e1536\" data-element_type=\"section\" data-settings=\"{&quot;background_background&quot;:&quot;classic&quot;}\">\n\t\t\t\t\t\t<div class=\"elementor-container elementor-column-gap-default\">\n\t\t\t\t\t\t\t<div class=\"elementor-row\">\n\t\t\t\t\t<div class=\"elementor-column elementor-col-100 elementor-top-column elementor-element elementor-element-997c141\" data-id=\"997c141\" data-element_type=\"column\">\n\t\t\t<div class=\"elementor-column-wrap elementor-element-populated\">\n\t\t\t\t\t\t\t<div class=\"elementor-widget-wrap\">\n\t\t\t\t\t\t<div class=\"elementor-element elementor-element-27ad521 elementor-widget elementor-widget-text-editor\" data-id=\"27ad521\" data-element_type=\"widget\" data-widget_type=\"text-editor.default\">\n\t\t\t\t<div class=\"elementor-widget-container\">\n\t\t\t\t\t\t\t\t<div class=\"elementor-text-editor elementor-clearfix\">\n\t\t\t\t<p><\/span><span style=\"background-color: rgba(255, 255, 255, 0);\">Drewmax is a producer of a wide range of technological tanks. A rich machinery stock makes it possible for the company to perform even the most demanding tasks. The offered tanks can be equipped with, among others, inspection manholes, aspiration connection pipes, connection pipes for additional appliances, assembly lugs, etc.<\/span><\/div><p>Due to the tank type produced by Drewmax company, the products in this category can be divided into:<\/p><ul><li><span style=\"font-weight: bold;\">Welded type tanks<\/span><\/li><li><span style=\"font-weight: bold;\">Bolted type bins<\/span><\/li><li><span style=\"font-weight: bold;\">Slide modular silos<\/span><\/li><li><span style=\"font-weight: bold;\">Bolted modular silos<\/span><\/li><\/ul><p data-start=\"20\" data-end=\"376\"><\/p>\t\t\t\t\t<\/div>\n\t\t\t\t\t\t<\/div>\n\t\t\t\t<\/div>\n\t\t\t\t\t\t<\/div>\n\t\t\t\t\t<\/div>\n\t\t<\/div>\n\t\t\t\t<div class=\"elementor-column elementor-col-100 elementor-top-column elementor-element elementor-element-ac180d6\" data-id=\"ac180d6\" data-element_type=\"column\">\n\t\t\t<div class=\"elementor-column-wrap elementor-element-populated\">\n\t\t\t\t\t\t\t<div class=\"elementor-widget-wrap\">\n\t\t\t\t\t\t<div class=\"elementor-element elementor-element-c26a46c elementor-widget elementor-widget-image\" data-id=\"c26a46c\" data-element_type=\"widget\" data-widget_type=\"image.default\">\n\t\t\t\t<div class=\"elementor-widget-container\">\n\t\t\t\t\t\t\t\t<div class=\"elementor-image\">\n\t\t\t\t\t\t\t\t\t\t\t\t<img width=\"548\" height=\"570\" src=\"https:\/\/drewmax.net.pl\/wp-content\/uploads\/2020\/10\/zt1-1.png\" class=\"attachment-large size-large\" alt=\"zbiorniki-technologiczne-1\" loading=\"lazy\" srcset=\"https:\/\/drewmax.net.pl\/wp-content\/uploads\/2020\/10\/zt1-1.png 548w, https:\/\/drewmax.net.pl\/wp-content\/uploads\/2020\/10\/zt1-1-288x300.png 288w\" sizes=\"(max-width: 548px) 100vw, 548px\" \/>\t\t\t\t\t\t\t\t\t\t\t\t\t\t<\/div>\n\t\t\t\t\t\t<\/div>\n\t\t\t\t<\/div>\n\t\t\t\t\t\t<\/div>\n\t\t\t\t\t<\/div>\n\t\t<\/div>\n\t\t\t\t\t\t\t\t<\/div>\n\t\t\t\t\t<\/div>\n\t\t<\/section>\n\t\t\t\t<section class=\"elementor-section elementor-top-section elementor-element elementor-element-48907f3 elementor-section-boxed elementor-section-height-default elementor-section-height-default\" data-id=\"48907f3\" data-element_type=\"section\" data-settings=\"{&quot;background_background&quot;:&quot;classic&quot;}\">\n\t\t\t\t\t\t<div class=\"elementor-container elementor-column-gap-default\">\n\t\t\t\t\t\t\t<div class=\"elementor-row\">\n\t\t\t\t\t<div class=\"elementor-column elementor-col-50 elementor-top-column elementor-element elementor-element-f72c8df\" data-id=\"f72c8df\" data-element_type=\"column\">\n\t\t\t<div class=\"elementor-column-wrap elementor-element-populated\">\n\t\t\t\t\t\t\t<div class=\"elementor-widget-wrap\">\n\t\t\t\t\t\t<div class=\"elementor-element elementor-element-e2386f1 elementor-widget elementor-widget-image\" data-id=\"e2386f1\" data-element_type=\"widget\" data-widget_type=\"image.default\">\n\t\t\t\t<div class=\"elementor-widget-container\">\n\t\t\t\t\t\t\t\t<div class=\"elementor-image\">\n\t\t\t\t\t\t\t\t\t\t\t\t<img width=\"411\" height=\"602\" src=\"https:\/\/drewmax.net.pl\/wp-content\/uploads\/2020\/10\/zt2-1.png\" class=\"attachment-large size-large\" alt=\"zbiorniki-technologiczne-2\" loading=\"lazy\" srcset=\"https:\/\/drewmax.net.pl\/wp-content\/uploads\/2020\/10\/zt2-1.png 411w, https:\/\/drewmax.net.pl\/wp-content\/uploads\/2020\/10\/zt2-1-205x300.png 205w\" sizes=\"(max-width: 411px) 100vw, 411px\" \/>\t\t\t\t\t\t\t\t\t\t\t\t\t\t<\/div>\n\t\t\t\t\t\t<\/div>\n\t\t\t\t<\/div>\n\t\t\t\t\t\t<\/div>\n\t\t\t\t\t<\/div>\n\t\t<\/div>\n\t\t\t\t<div class=\"elementor-column elementor-col-50 elementor-top-column elementor-element elementor-element-2462d36\" data-id=\"2462d36\" data-element_type=\"column\">\n\t\t\t<div class=\"elementor-column-wrap elementor-element-populated\">\n\t\t\t\t\t\t\t<div class=\"elementor-widget-wrap\">\n\t\t\t\t\t\t<div class=\"elementor-element elementor-element-bb49a42 elementor-widget elementor-widget-text-editor\" data-id=\"bb49a42\" data-element_type=\"widget\" data-widget_type=\"text-editor.default\">\n\t\t\t\t<div class=\"elementor-widget-container\">\n\t\t\t\t\t\t\t\t<div class=\"elementor-text-editor elementor-clearfix\">\n\t\t\t\t<p><\/span><span style=\"background-color: rgba(255, 255, 255, 0);\">Tanks can be made either of carbon steel or stainless steel. In case of modular silos, mixed structures can be used \u2013 the internal elements are made of stainless steel, whereas the external ones are made of spray coated carbon steel.<\/span><\/p><p><span style=\"font-weight: bold;\">Welded type tanks<\/span>\u00a0\u2013 When they are made of stainless steel, they are particularly recommended for the food industry. Welded tanks produced by our company are characterised by high accuracy of performance of welded joints.<\/p><p>Our machinery stock enables our company to construct untypical tanks of large dimensions.<\/p><p><span style=\"font-weight: bold;\">Bolted type bins<\/span>\u00a0\u2013 In places where it is impossible to use welded tanks delivered as a whole, bolted type bins are applied.<\/p><p>These tanks are manufactured as properly designed single-shell modules which can be easily transported and then their assembly is carried out on the Customer\u2019s premises.<\/p><p><span style=\"font-weight: bold;\">Slide \/ Bolted Modular silos<\/span>\u00a0\u2013 Modular silos are used mainly as self-supporting structures for storing loose products.<\/p><p data-start=\"20\" data-end=\"281\"><\/p>\t\t\t\t\t<\/div>\n\t\t\t\t\t\t<\/div>\n\t\t\t\t<\/div>\n\t\t\t\t\t\t<\/div>\n\t\t\t\t\t<\/div>\n\t\t<\/div>\n\t\t\t\t\t\t\t\t<\/div>\n\t\t\t\t\t<\/div>\n\t\t<\/section>\n\t\t\t\t<section class=\"elementor-section elementor-top-section elementor-element elementor-element-2ad48a3 elementor-section-boxed elementor-section-height-default elementor-section-height-default\" data-id=\"2ad48a3\" data-element_type=\"section\" data-settings=\"{&quot;background_background&quot;:&quot;classic&quot;}\">\n\t\t\t\t\t\t<div class=\"elementor-container elementor-column-gap-default\">\n\t\t\t\t\t\t\t<div class=\"elementor-row\">\n\t\t\t\t\t<div class=\"elementor-column elementor-col-50 elementor-top-column elementor-element elementor-element-73039ae\" data-id=\"73039ae\" data-element_type=\"column\">\n\t\t\t<div class=\"elementor-column-wrap elementor-element-populated\">\n\t\t\t\t\t\t\t<div class=\"elementor-widget-wrap\">\n\t\t\t\t\t\t<div class=\"elementor-element elementor-element-cee2eef elementor-widget elementor-widget-text-editor\" data-id=\"cee2eef\" data-element_type=\"widget\" data-widget_type=\"text-editor.default\">\n\t\t\t\t<div class=\"elementor-widget-container\">\n\t\t\t\t\t\t\t\t<div class=\"elementor-text-editor elementor-clearfix\">\n\t\t\t\t<p><span style=\"background-color: rgba(255, 255, 255, 0);\">Modular silos are composed of two metal sheets connected with each other with the use channel sections. The space between metal sheets is filled with air and thus the product inside the tank is kept away from moisture condensing in between panel walls.<\/span><\/p><p>These silos are constructed either in slide technology \u2013 there are no bolt connections on the tank load-bearing pillars, or in bolted technology.<\/p><p data-start=\"20\" data-end=\"333\"><\/p>\t\t\t\t\t<\/div>\n\t\t\t\t\t\t<\/div>\n\t\t\t\t<\/div>\n\t\t\t\t\t\t<\/div>\n\t\t\t\t\t<\/div>\n\t\t<\/div>\n\t\t\t\t<div class=\"elementor-column elementor-col-50 elementor-top-column elementor-element elementor-element-4440af2\" data-id=\"4440af2\" data-element_type=\"column\">\n\t\t\t<div class=\"elementor-column-wrap elementor-element-populated\">\n\t\t\t\t\t\t\t<div class=\"elementor-widget-wrap\">\n\t\t\t\t\t\t<div class=\"elementor-element elementor-element-9c9bf1e elementor-widget elementor-widget-image\" data-id=\"9c9bf1e\" data-element_type=\"widget\" data-widget_type=\"image.default\">\n\t\t\t\t<div class=\"elementor-widget-container\">\n\t\t\t\t\t\t\t\t<div class=\"elementor-image\">\n\t\t\t\t\t\t\t\t\t\t\t\t<img width=\"408\" height=\"688\" src=\"https:\/\/drewmax.net.pl\/wp-content\/uploads\/2020\/10\/zt3-1.png\" class=\"attachment-large size-large\" alt=\"zbiorniki-technologiczne-3\" loading=\"lazy\" srcset=\"https:\/\/drewmax.net.pl\/wp-content\/uploads\/2020\/10\/zt3-1.png 408w, https:\/\/drewmax.net.pl\/wp-content\/uploads\/2020\/10\/zt3-1-178x300.png 178w\" sizes=\"(max-width: 408px) 100vw, 408px\" \/>\t\t\t\t\t\t\t\t\t\t\t\t\t\t<\/div>\n\t\t\t\t\t\t<\/div>\n\t\t\t\t<\/div>\n\t\t\t\t\t\t<\/div>\n\t\t\t\t\t<\/div>\n\t\t<\/div>\n\t\t\t\t\t\t\t\t<\/div>\n\t\t\t\t\t<\/div>\n\t\t<\/section>\n\t\t\t\t<section class=\"elementor-section elementor-top-section elementor-element elementor-element-885aed1 elementor-section-boxed elementor-section-height-default elementor-section-height-default\" data-id=\"885aed1\" data-element_type=\"section\" data-settings=\"{&quot;background_background&quot;:&quot;classic&quot;}\">\n\t\t\t\t\t\t<div class=\"elementor-container elementor-column-gap-default\">\n\t\t\t\t\t\t\t<div class=\"elementor-row\">\n\t\t\t\t\t<div class=\"elementor-column elementor-col-100 elementor-top-column elementor-element elementor-element-ed44577\" data-id=\"ed44577\" data-element_type=\"column\">\n\t\t\t<div class=\"elementor-column-wrap elementor-element-populated\">\n\t\t\t\t\t\t\t<div class=\"elementor-widget-wrap\">\n\t\t\t\t\t\t<div class=\"elementor-element elementor-element-cb35f71 elementor-align-center elementor-widget elementor-widget-button\" data-id=\"cb35f71\" data-element_type=\"widget\" data-widget_type=\"button.default\">\n\t\t\t\t<div class=\"elementor-widget-container\">\n\t\t\t\t\t<div class=\"elementor-button-wrapper\">\n\t\t\t<a href=\"https:\/\/drewmax.net.pl\/wp-content\/uploads\/2025\/03\/zbiorniki-EN.pdf%20\" target=\"_blank\" class=\"elementor-button-link elementor-button elementor-size-lg\" role=\"button\">\n\t\t\t\t\t\t<span class=\"elementor-button-content-wrapper\">\n\t\t\t\t\t\t<span class=\"elementor-button-icon elementor-align-icon-right\">\n\t\t\t\t<i aria-hidden=\"true\" class=\"fas fa-download\"><\/i>\t\t\t<\/span>\n\t\t\t\t\t\t<span class=\"elementor-button-text\">    Download product data sheet <\/span>\n\t\t<\/span>\n\t\t\t\t\t<\/a>\n\t\t<\/div>\n\t\t\t\t<\/div>\n\t\t\t\t<\/div>\n\t\t\t\t<div class=\"elementor-element elementor-element-f242ccd elementor-align-center elementor-widget elementor-widget-button\" data-id=\"f242ccd\" data-element_type=\"widget\" data-widget_type=\"button.default\">\n\t\t\t\t<div class=\"elementor-widget-container\">\n\t\t\t\t\t<div class=\"elementor-button-wrapper\">\n\t\t\t<a href=\"https:\/\/drewmax.net.pl\/produkty\/\" class=\"elementor-button-link elementor-button elementor-size-md\" role=\"button\">\n\t\t\t\t\t\t<span class=\"elementor-button-content-wrapper\">\n\t\t\t\t\t\t<span class=\"elementor-button-text\">Check other Drewmax products<\/span>\n\t\t<\/span>\n\t\t\t\t\t<\/a>\n\t\t<\/div>\n\t\t\t\t<\/div>\n\t\t\t\t<\/div>\n\t\t\t\t\t\t<\/div>\n\t\t\t\t\t<\/div>\n\t\t<\/div>\n\t\t\t\t\t\t\t\t<\/div>\n\t\t\t\t\t<\/div>\n\t\t<\/section>\n\t\t\t\t\t\t<\/div>\n\t\t\t\t\t\t<\/div>\n\t\t\t\t\t<\/div>\n\t\t","protected":false},"excerpt":{"rendered":"<p>Technological tanks Drewmax is a producer of a wide range of technological tanks. A rich machinery stock makes it possible for the company to perform even the most demanding tasks. The offered tanks can be equipped with, among others, inspection manholes, aspiration connection pipes, connection pipes for additional appliances, assembly lugs, etc. Due to the&hellip;<\/p>\n","protected":false},"author":1,"featured_media":12252,"parent":0,"menu_order":0,"comment_status":"closed","ping_status":"closed","template":"","meta":[],"yoast_head":"<!-- This site is optimized with the Yoast SEO Premium plugin v15.5 - https:\/\/yoast.com\/wordpress\/plugins\/seo\/ -->\n<title>Zbiorniki Technologiczne - wa\u017cenie pakowanie paletyzacja stretch<\/title>\n<meta name=\"description\" content=\"zbiorniki technologiczne paletryzator pakowanie wa\u017cenie linia wa\u017c\u0105co - pakuj\u0105ca mikrodozowanie pobieranie pr\u00f3bek automatyka przemys\u0142owa\" \/>\n<meta name=\"robots\" content=\"index, follow, max-snippet:-1, max-image-preview:large, max-video-preview:-1\" \/>\n<link rel=\"canonical\" href=\"https:\/\/drewmax.net.pl\/zbiornik-technologiczny\/\" \/>\n<meta property=\"og:locale\" content=\"en_US\" \/>\n<meta property=\"og:type\" content=\"article\" \/>\n<meta property=\"og:title\" content=\"Zbiorniki Technologiczne - wa\u017cenie pakowanie paletyzacja stretch\" \/>\n<meta property=\"og:description\" content=\"zbiorniki technologiczne paletryzator pakowanie wa\u017cenie linia wa\u017c\u0105co - pakuj\u0105ca mikrodozowanie pobieranie pr\u00f3bek automatyka przemys\u0142owa\" \/>\n<meta property=\"og:url\" content=\"https:\/\/drewmax.net.pl\/zbiornik-technologiczny\/\" \/>\n<meta property=\"og:site_name\" content=\"Drewmax\" \/>\n<meta property=\"article:publisher\" content=\"https:\/\/www.facebook.com\/Drewmax-111641623604429\/\" \/>\n<meta property=\"article:modified_time\" content=\"2025-04-02T10:14:10+00:00\" \/>\n<meta name=\"twitter:card\" content=\"summary_large_image\" \/>\n<meta name=\"twitter:label1\" content=\"Est. reading time\">\n\t<meta name=\"twitter:data1\" content=\"9 minutes\">\n<script type=\"application\/ld+json\" class=\"yoast-schema-graph\">{\"@context\":\"https:\/\/schema.org\",\"@graph\":[{\"@type\":\"Organization\",\"@id\":\"https:\/\/drewmax.net.pl\/en\/#organization\",\"name\":\"DREWMAX Sp\\u00f3\\u0142ka z o.o.\",\"url\":\"https:\/\/drewmax.net.pl\/en\/\",\"sameAs\":[\"https:\/\/www.facebook.com\/Drewmax-111641623604429\/\",\"https:\/\/www.instagram.com\/drewmax.net.pl\/\",\"https:\/\/www.youtube.com\/channel\/UCCS8U5F8gSyJAlSWjxgbLRQ\"],\"logo\":{\"@type\":\"ImageObject\",\"@id\":\"https:\/\/drewmax.net.pl\/en\/#logo\",\"inLanguage\":\"en-US\",\"url\":\"\",\"caption\":\"DREWMAX Sp\\u00f3\\u0142ka z o.o.\"},\"image\":{\"@id\":\"https:\/\/drewmax.net.pl\/en\/#logo\"}},{\"@type\":\"WebSite\",\"@id\":\"https:\/\/drewmax.net.pl\/en\/#website\",\"url\":\"https:\/\/drewmax.net.pl\/en\/\",\"name\":\"Drewmax\",\"description\":\"\",\"publisher\":{\"@id\":\"https:\/\/drewmax.net.pl\/en\/#organization\"},\"potentialAction\":[{\"@type\":\"SearchAction\",\"target\":\"https:\/\/drewmax.net.pl\/en\/?s={search_term_string}\",\"query-input\":\"required name=search_term_string\"}],\"inLanguage\":\"en-US\"},{\"@type\":\"ImageObject\",\"@id\":\"https:\/\/drewmax.net.pl\/zbiornik-technologiczny\/#primaryimage\",\"inLanguage\":\"en-US\",\"url\":\"\"},{\"@type\":\"WebPage\",\"@id\":\"https:\/\/drewmax.net.pl\/zbiornik-technologiczny\/#webpage\",\"url\":\"https:\/\/drewmax.net.pl\/zbiornik-technologiczny\/\",\"name\":\"Zbiorniki Technologiczne - wa\\u017cenie pakowanie paletyzacja stretch\",\"isPartOf\":{\"@id\":\"https:\/\/drewmax.net.pl\/en\/#website\"},\"primaryImageOfPage\":{\"@id\":\"https:\/\/drewmax.net.pl\/zbiornik-technologiczny\/#primaryimage\"},\"datePublished\":\"2016-07-21T11:42:58+00:00\",\"dateModified\":\"2025-04-02T10:14:10+00:00\",\"description\":\"zbiorniki technologiczne paletryzator pakowanie wa\\u017cenie linia wa\\u017c\\u0105co - pakuj\\u0105ca mikrodozowanie pobieranie pr\\u00f3bek automatyka przemys\\u0142owa\",\"breadcrumb\":{\"@id\":\"https:\/\/drewmax.net.pl\/zbiornik-technologiczny\/#breadcrumb\"},\"inLanguage\":\"en-US\",\"potentialAction\":[{\"@type\":\"ReadAction\",\"target\":[\"https:\/\/drewmax.net.pl\/zbiornik-technologiczny\/\"]}]},{\"@type\":\"BreadcrumbList\",\"@id\":\"https:\/\/drewmax.net.pl\/zbiornik-technologiczny\/#breadcrumb\",\"itemListElement\":[{\"@type\":\"ListItem\",\"position\":1,\"item\":{\"@type\":\"WebPage\",\"@id\":\"https:\/\/drewmax.net.pl\/\",\"url\":\"https:\/\/drewmax.net.pl\/\",\"name\":\"Home\"}},{\"@type\":\"ListItem\",\"position\":2,\"item\":{\"@type\":\"WebPage\",\"@id\":\"https:\/\/drewmax.net.pl\/zbiornik-technologiczny\/\",\"url\":\"https:\/\/drewmax.net.pl\/zbiornik-technologiczny\/\",\"name\":\"Zbiorniki technologiczne\"}}]}]}<\/script>\n<!-- \/ Yoast SEO Premium plugin. -->","_links":{"self":[{"href":"https:\/\/drewmax.net.pl\/en\/wp-json\/wp\/v2\/pages\/186"}],"collection":[{"href":"https:\/\/drewmax.net.pl\/en\/wp-json\/wp\/v2\/pages"}],"about":[{"href":"https:\/\/drewmax.net.pl\/en\/wp-json\/wp\/v2\/types\/page"}],"author":[{"embeddable":true,"href":"https:\/\/drewmax.net.pl\/en\/wp-json\/wp\/v2\/users\/1"}],"replies":[{"embeddable":true,"href":"https:\/\/drewmax.net.pl\/en\/wp-json\/wp\/v2\/comments?post=186"}],"version-history":[{"count":114,"href":"https:\/\/drewmax.net.pl\/en\/wp-json\/wp\/v2\/pages\/186\/revisions"}],"predecessor-version":[{"id":32026,"href":"https:\/\/drewmax.net.pl\/en\/wp-json\/wp\/v2\/pages\/186\/revisions\/32026"}],"wp:featuredmedia":[{"embeddable":true,"href":"https:\/\/drewmax.net.pl\/en\/wp-json\/wp\/v2\/media\/12252"}],"wp:attachment":[{"href":"https:\/\/drewmax.net.pl\/en\/wp-json\/wp\/v2\/media?parent=186"}],"curies":[{"name":"wp","href":"https:\/\/api.w.org\/{rel}","templated":true}]}}