{"id":175,"date":"2016-07-21T13:32:50","date_gmt":"2016-07-21T11:32:50","guid":{"rendered":"http:\/\/drewmax.net.pl\/?page_id=175"},"modified":"2025-04-04T08:07:03","modified_gmt":"2025-04-04T06:07:03","slug":"wagi-systemowe","status":"publish","type":"page","link":"https:\/\/drewmax.net.pl\/en\/wagi-systemowe\/","title":{"rendered":"Wagi systemowe"},"content":{"rendered":"\t\t<div data-elementor-type=\"wp-post\" data-elementor-id=\"175\" class=\"elementor elementor-175\" data-elementor-settings=\"[]\">\n\t\t\t\t\t\t<div class=\"elementor-inner\">\n\t\t\t\t\t\t\t<div class=\"elementor-section-wrap\">\n\t\t\t\t\t\t\t<section class=\"elementor-section elementor-top-section elementor-element elementor-element-fbf0e2d elementor-section-boxed elementor-section-height-default elementor-section-height-default\" data-id=\"fbf0e2d\" data-element_type=\"section\" data-settings=\"{&quot;background_background&quot;:&quot;classic&quot;}\">\n\t\t\t\t\t\t<div class=\"elementor-container elementor-column-gap-default\">\n\t\t\t\t\t\t\t<div class=\"elementor-row\">\n\t\t\t\t\t<div class=\"elementor-column elementor-col-100 elementor-top-column elementor-element elementor-element-a7cb2aa\" data-id=\"a7cb2aa\" data-element_type=\"column\">\n\t\t\t<div class=\"elementor-column-wrap elementor-element-populated\">\n\t\t\t\t\t\t\t<div class=\"elementor-widget-wrap\">\n\t\t\t\t\t\t<div class=\"elementor-element elementor-element-bf4503c elementor-widget elementor-widget-heading\" data-id=\"bf4503c\" data-element_type=\"widget\" data-widget_type=\"heading.default\">\n\t\t\t\t<div class=\"elementor-widget-container\">\n\t\t\t<h2 class=\"elementor-heading-title elementor-size-xl\"> System scales <\/h2>\t\t<\/div>\n\t\t\t\t<\/div>\n\t\t\t\t\t\t<\/div>\n\t\t\t\t\t<\/div>\n\t\t<\/div>\n\t\t\t\t\t\t\t\t<\/div>\n\t\t\t\t\t<\/div>\n\t\t<\/section>\n\t\t\t\t<section class=\"elementor-section elementor-top-section elementor-element elementor-element-5dd5 elementor-section-boxed elementor-section-height-default elementor-section-height-default\" data-id=\"5dd5\" data-element_type=\"section\" data-settings=\"{&quot;background_background&quot;:&quot;classic&quot;}\">\n\t\t\t\t\t\t<div class=\"elementor-container elementor-column-gap-default\">\n\t\t\t\t\t\t\t<div class=\"elementor-row\">\n\t\t\t\t\t<div class=\"elementor-column elementor-col-100 elementor-top-column elementor-element elementor-element-9ea\" data-id=\"9ea\" data-element_type=\"column\">\n\t\t\t<div class=\"elementor-column-wrap elementor-element-populated\">\n\t\t\t\t\t\t\t<div class=\"elementor-widget-wrap\">\n\t\t\t\t\t\t<div class=\"elementor-element elementor-element-34db elementor-widget elementor-widget-text-editor\" data-id=\"34db\" data-element_type=\"widget\" data-widget_type=\"text-editor.default\">\n\t\t\t\t<div class=\"elementor-widget-container\">\n\t\t\t\t\t\t\t\t<div class=\"elementor-text-editor elementor-clearfix\">\n\t\t\t\t<p><span style=\"background-color: var( --e-global-color-1f49e10 );\">Drewmax company has extensive knowledge in the field of designing and manufacturing system scales. We have on offer,\u00a0<\/span><span style=\"background-color: var( --e-global-color-1f49e10 );\">among others, hopper scales, flow scales, conical scales, screw feeder scales and mobile scales.\u00a0<\/span><span style=\"background-color: var( --e-global-color-1f49e10 );\">Depending on the type of product being weighed, gravitational, screw, belt or vibrational feeders, as well as dosing slides are used\u00a0<\/span><span style=\"background-color: var( --e-global-color-1f49e10 );\">for dispensing products. Scales capacity is limited mainly by the type\/quality of the weighed product and the available installation space, whereas\u00a0<\/span><span style=\"background-color: var( --e-global-color-1f49e10 );\">the volume depends on system requirements &#8211; <strong>scales are selected individually for each project.<\/strong><\/span><\/p><p><span style=\"background-color: var( --e-global-color-1f49e10 );\">Weighing system used by our company are based on subassemblies by worldwide recognized brands. Our company has knowledge allowing us to\u00a0<\/span><span style=\"background-color: var( --e-global-color-1f49e10 );\">combine the offered appliances into the complex systems of plant automation.<\/span><\/p><p><strong>Hopper scales<\/strong> &#8211; The presented scales are adapted to weight product fed through dosing slides from the silos located above the scales.\u00a0<\/p><p>Depending on the needs, the scales can be of different lengths\/volumes and can be connected in various manners.<\/p><p><strong>Flow scales<\/strong> &#8211; The WP-80\u00a0<span style=\"background-color: var( --e-global-color-1f49e10 );\">to WP-500 these are markings present on the flow scales produced by our company.\u00a0<\/span><\/p><p>Simple construction and the applied subassemblies guarantee accuracy of proportioning and failure-free operation.<\/p><p>The scales can be installed in any technological line and the scales discharge can be adapted to all types of appliances and tanks.<\/p><p><strong>Conical scales<\/strong> &#8211; Conical scales are appreciated mainly in the food industry due to their shape and the fact that it is easy to keep them clean.<\/p><p>Most frequently, these scales are produced with the capacity of 50kg and 150kg.<\/p><p><strong>Screw feeder scales<\/strong> &#8211; The presented scales are used for weighing products in the flow. The screw conveyor and the\u00a0<span style=\"background-color: var( --e-global-color-1f49e10 );\">subassemblies of the scales were suitably selected in\u00a0<\/span><span style=\"background-color: var( --e-global-color-1f49e10 );\">order to guarantee the highest possible accuracy of\u00a0<\/span><span style=\"background-color: var( --e-global-color-1f49e10 );\">measurement.<\/span><\/p><p><span style=\"background-color: var( --e-global-color-1f49e10 );\"><strong>Mobile scales<\/strong> &#8211; Travelling\u00a0<\/span><span style=\"background-color: var( --e-global-color-1f49e10 );\">scales allow to fully control the goods discharged from production straight to tank trucks.<\/span><\/p><p><span style=\"background-color: var( --e-global-color-1f49e10 );\">The volume can be configured arbitrarily. In addition, we can offer semi-automatic discharge sleeves as an accessory. <\/span><\/p><p data-start=\"58\" data-end=\"718\"><\/span><\/p>\t\t\t\t\t<\/div>\n\t\t\t\t\t\t<\/div>\n\t\t\t\t<\/div>\n\t\t\t\t\t\t<\/div>\n\t\t\t\t\t<\/div>\n\t\t<\/div>\n\t\t\t\t\t\t\t\t<\/div>\n\t\t\t\t\t<\/div>\n\t\t<\/section>\n\t\t\t\t<section class=\"elementor-section elementor-top-section elementor-element elementor-element-dc6c5d9 elementor-section-full_width elementor-section-height-default elementor-section-height-default\" data-id=\"dc6c5d9\" data-element_type=\"section\">\n\t\t\t\t\t\t<div class=\"elementor-container elementor-column-gap-default\">\n\t\t\t\t\t\t\t<div class=\"elementor-row\">\n\t\t\t\t\t<div class=\"elementor-column elementor-col-100 elementor-top-column elementor-element elementor-element-2538266\" data-id=\"2538266\" data-element_type=\"column\" data-settings=\"{&quot;background_background&quot;:&quot;classic&quot;}\">\n\t\t\t<div class=\"elementor-column-wrap elementor-element-populated\">\n\t\t\t\t\t\t\t<div class=\"elementor-widget-wrap\">\n\t\t\t\t\t\t<div class=\"elementor-element elementor-element-b6afc89 elementor-align-center elementor-widget elementor-widget-button\" data-id=\"b6afc89\" data-element_type=\"widget\" data-widget_type=\"button.default\">\n\t\t\t\t<div class=\"elementor-widget-container\">\n\t\t\t\t\t<div class=\"elementor-button-wrapper\">\n\t\t\t<a href=\"https:\/\/drewmax.net.pl\/wp-content\/uploads\/2025\/03\/Wagi-systemowe_EN.pdf%20\" target=\"_blank\" class=\"elementor-button-link elementor-button elementor-size-lg\" role=\"button\">\n\t\t\t\t\t\t<span class=\"elementor-button-content-wrapper\">\n\t\t\t\t\t\t<span class=\"elementor-button-icon elementor-align-icon-right\">\n\t\t\t\t<i aria-hidden=\"true\" class=\"fas fa-download\"><\/i>\t\t\t<\/span>\n\t\t\t\t\t\t<span class=\"elementor-button-text\">   Download product data sheet <\/span>\n\t\t<\/span>\n\t\t\t\t\t<\/a>\n\t\t<\/div>\n\t\t\t\t<\/div>\n\t\t\t\t<\/div>\n\t\t\t\t\t\t<\/div>\n\t\t\t\t\t<\/div>\n\t\t<\/div>\n\t\t\t\t\t\t\t\t<\/div>\n\t\t\t\t\t<\/div>\n\t\t<\/section>\n\t\t\t\t\t\t<\/div>\n\t\t\t\t\t\t<\/div>\n\t\t\t\t\t<\/div>\n\t\t","protected":false},"excerpt":{"rendered":"<p>System scales Drewmax company has extensive knowledge in the field of designing and manufacturing system scales. We have on offer,\u00a0among others, hopper scales, flow scales, conical scales, screw feeder scales and mobile scales.\u00a0Depending on the type of product being weighed, gravitational, screw, belt or vibrational feeders, as well as dosing slides are used\u00a0for dispensing products.&hellip;<\/p>\n","protected":false},"author":1,"featured_media":0,"parent":0,"menu_order":0,"comment_status":"closed","ping_status":"closed","template":"","meta":[],"yoast_head":"<!-- This site is optimized with the Yoast SEO Premium plugin v15.5 - https:\/\/yoast.com\/wordpress\/plugins\/seo\/ -->\n<title>Wa\u017cenie Pakowanie Paletyzacja Automatyka przemys\u0142owa linie PP PE<\/title>\n<meta name=\"description\" content=\"Wa\u017cenie Pakowanie Paletyzacja Automatyka przemys\u0142owa linie wa\u017c\u0105co - pakuj\u0105ce zbiorniki technologiczne mikrodozowanie linie PP PE\" \/>\n<meta name=\"robots\" content=\"index, follow, max-snippet:-1, max-image-preview:large, max-video-preview:-1\" \/>\n<link rel=\"canonical\" href=\"https:\/\/drewmax.net.pl\/wagi-systemowe\/\" \/>\n<meta property=\"og:locale\" content=\"en_US\" \/>\n<meta property=\"og:type\" content=\"article\" \/>\n<meta property=\"og:title\" content=\"Wa\u017cenie Pakowanie Paletyzacja Automatyka przemys\u0142owa linie PP PE\" \/>\n<meta property=\"og:description\" content=\"Wa\u017cenie Pakowanie Paletyzacja Automatyka przemys\u0142owa linie wa\u017c\u0105co - pakuj\u0105ce zbiorniki technologiczne mikrodozowanie linie PP PE\" \/>\n<meta property=\"og:url\" content=\"https:\/\/drewmax.net.pl\/wagi-systemowe\/\" \/>\n<meta property=\"og:site_name\" content=\"Drewmax\" \/>\n<meta property=\"article:publisher\" content=\"https:\/\/www.facebook.com\/Drewmax-111641623604429\/\" \/>\n<meta property=\"article:modified_time\" content=\"2025-04-04T06:07:03+00:00\" \/>\n<meta name=\"twitter:card\" content=\"summary_large_image\" \/>\n<meta name=\"twitter:label1\" content=\"Est. reading time\">\n\t<meta name=\"twitter:data1\" content=\"9 minutes\">\n<script type=\"application\/ld+json\" class=\"yoast-schema-graph\">{\"@context\":\"https:\/\/schema.org\",\"@graph\":[{\"@type\":\"Organization\",\"@id\":\"https:\/\/drewmax.net.pl\/en\/#organization\",\"name\":\"DREWMAX Sp\\u00f3\\u0142ka z o.o.\",\"url\":\"https:\/\/drewmax.net.pl\/en\/\",\"sameAs\":[\"https:\/\/www.facebook.com\/Drewmax-111641623604429\/\",\"https:\/\/www.instagram.com\/drewmax.net.pl\/\",\"https:\/\/www.youtube.com\/channel\/UCCS8U5F8gSyJAlSWjxgbLRQ\"],\"logo\":{\"@type\":\"ImageObject\",\"@id\":\"https:\/\/drewmax.net.pl\/en\/#logo\",\"inLanguage\":\"en-US\",\"url\":\"\",\"caption\":\"DREWMAX Sp\\u00f3\\u0142ka z o.o.\"},\"image\":{\"@id\":\"https:\/\/drewmax.net.pl\/en\/#logo\"}},{\"@type\":\"WebSite\",\"@id\":\"https:\/\/drewmax.net.pl\/en\/#website\",\"url\":\"https:\/\/drewmax.net.pl\/en\/\",\"name\":\"Drewmax\",\"description\":\"\",\"publisher\":{\"@id\":\"https:\/\/drewmax.net.pl\/en\/#organization\"},\"potentialAction\":[{\"@type\":\"SearchAction\",\"target\":\"https:\/\/drewmax.net.pl\/en\/?s={search_term_string}\",\"query-input\":\"required name=search_term_string\"}],\"inLanguage\":\"en-US\"},{\"@type\":\"WebPage\",\"@id\":\"https:\/\/drewmax.net.pl\/wagi-systemowe\/#webpage\",\"url\":\"https:\/\/drewmax.net.pl\/wagi-systemowe\/\",\"name\":\"Wa\\u017cenie Pakowanie Paletyzacja Automatyka przemys\\u0142owa linie PP PE\",\"isPartOf\":{\"@id\":\"https:\/\/drewmax.net.pl\/en\/#website\"},\"datePublished\":\"2016-07-21T11:32:50+00:00\",\"dateModified\":\"2025-04-04T06:07:03+00:00\",\"description\":\"Wa\\u017cenie Pakowanie Paletyzacja Automatyka przemys\\u0142owa linie wa\\u017c\\u0105co - pakuj\\u0105ce zbiorniki technologiczne mikrodozowanie linie PP PE\",\"breadcrumb\":{\"@id\":\"https:\/\/drewmax.net.pl\/wagi-systemowe\/#breadcrumb\"},\"inLanguage\":\"en-US\",\"potentialAction\":[{\"@type\":\"ReadAction\",\"target\":[\"https:\/\/drewmax.net.pl\/wagi-systemowe\/\"]}]},{\"@type\":\"BreadcrumbList\",\"@id\":\"https:\/\/drewmax.net.pl\/wagi-systemowe\/#breadcrumb\",\"itemListElement\":[{\"@type\":\"ListItem\",\"position\":1,\"item\":{\"@type\":\"WebPage\",\"@id\":\"https:\/\/drewmax.net.pl\/\",\"url\":\"https:\/\/drewmax.net.pl\/\",\"name\":\"Home\"}},{\"@type\":\"ListItem\",\"position\":2,\"item\":{\"@type\":\"WebPage\",\"@id\":\"https:\/\/drewmax.net.pl\/wagi-systemowe\/\",\"url\":\"https:\/\/drewmax.net.pl\/wagi-systemowe\/\",\"name\":\"Wagi systemowe\"}}]}]}<\/script>\n<!-- \/ Yoast SEO Premium plugin. -->","_links":{"self":[{"href":"https:\/\/drewmax.net.pl\/en\/wp-json\/wp\/v2\/pages\/175"}],"collection":[{"href":"https:\/\/drewmax.net.pl\/en\/wp-json\/wp\/v2\/pages"}],"about":[{"href":"https:\/\/drewmax.net.pl\/en\/wp-json\/wp\/v2\/types\/page"}],"author":[{"embeddable":true,"href":"https:\/\/drewmax.net.pl\/en\/wp-json\/wp\/v2\/users\/1"}],"replies":[{"embeddable":true,"href":"https:\/\/drewmax.net.pl\/en\/wp-json\/wp\/v2\/comments?post=175"}],"version-history":[{"count":61,"href":"https:\/\/drewmax.net.pl\/en\/wp-json\/wp\/v2\/pages\/175\/revisions"}],"predecessor-version":[{"id":32052,"href":"https:\/\/drewmax.net.pl\/en\/wp-json\/wp\/v2\/pages\/175\/revisions\/32052"}],"wp:attachment":[{"href":"https:\/\/drewmax.net.pl\/en\/wp-json\/wp\/v2\/media?parent=175"}],"curies":[{"name":"wp","href":"https:\/\/api.w.org\/{rel}","templated":true}]}}