{"id":1359,"date":"2019-06-10T12:29:03","date_gmt":"2019-06-10T10:29:03","guid":{"rendered":"https:\/\/drewmax.net.pl\/?page_id=1359"},"modified":"2025-03-26T15:03:29","modified_gmt":"2025-03-26T14:03:29","slug":"regulamin","status":"publish","type":"page","link":"https:\/\/drewmax.net.pl\/en\/regulamin\/","title":{"rendered":"Regulations for the Provision of Electronic Services together with the Cookie Policy"},"content":{"rendered":"\t\t<div data-elementor-type=\"wp-page\" data-elementor-id=\"1359\" class=\"elementor elementor-1359\" data-elementor-settings=\"[]\">\n\t\t\t\t\t\t<div class=\"elementor-inner\">\n\t\t\t\t\t\t\t<div class=\"elementor-section-wrap\">\n\t\t\t\t\t\t\t<section class=\"elementor-section elementor-top-section elementor-element elementor-element-e1d4d51 elementor-section-boxed elementor-section-height-default elementor-section-height-default\" data-id=\"e1d4d51\" data-element_type=\"section\" data-settings=\"{&quot;background_background&quot;:&quot;classic&quot;}\">\n\t\t\t\t\t\t<div class=\"elementor-container elementor-column-gap-default\">\n\t\t\t\t\t\t\t<div class=\"elementor-row\">\n\t\t\t\t\t<div class=\"elementor-column elementor-col-100 elementor-top-column elementor-element elementor-element-124ef09a\" data-id=\"124ef09a\" data-element_type=\"column\">\n\t\t\t<div class=\"elementor-column-wrap elementor-element-populated\">\n\t\t\t\t\t\t\t<div class=\"elementor-widget-wrap\">\n\t\t\t\t\t\t<div class=\"elementor-element elementor-element-3d41ff4 elementor-widget elementor-widget-heading\" data-id=\"3d41ff4\" data-element_type=\"widget\" data-widget_type=\"heading.default\">\n\t\t\t\t<div class=\"elementor-widget-container\">\n\t\t\t<h2 class=\"elementor-heading-title elementor-size-large\">Regulations for the provision of electronic services together with the cookie policy\n<\/h2>\t\t<\/div>\n\t\t\t\t<\/div>\n\t\t\t\t<div class=\"elementor-element elementor-element-2bbd4ecb elementor-widget elementor-widget-text-editor\" data-id=\"2bbd4ecb\" data-element_type=\"widget\" data-widget_type=\"text-editor.default\">\n\t\t\t\t<div class=\"elementor-widget-container\">\n\t\t\t\t\t\t\t\t<div class=\"elementor-text-editor elementor-clearfix\">\n\t\t\t\t\n<!-- wp:paragraph {\"align\":\"center\"} -->\n<p class=\"has-text-align-center\"><strong>\u00a7 1<br \/>General Provisions<\/strong><\/p>\n<!-- \/wp:paragraph -->\n\n<!-- wp:list {\"ordered\":true} -->\n<ol>\n<li>These Regulations define the rules for Users to use the Website.<\/li>\n<li>The following terms used in these Regulations have the meanings specified below:<\/li>\n<\/ol>\n<!-- \/wp:list -->\n<p style=\"padding-left: 80px;\">a) <strong>Cookies<\/strong> \u2013 means IT data, in particular small text files, saved and stored on devices through which the User uses the Website.<br \/>b) <strong>First-Party Cookies<\/strong> \u2013 means Cookies placed by DREWMAX, related to the provision of services by electronic means via the Website.<br \/>c) <strong>Third-Party Cookies<\/strong> \u2013 means Cookies placed by third parties via the Website.<br \/>d) <strong>DREWMAX<\/strong> \u2013 DREWMAX Sp\u00f3\u0142ka z ograniczon\u0105 odpowiedzialno\u015bci\u0105 with its registered office in K\u0119dzierzyn Ko\u017ale (47-230) at ul. Strzelecka 5, entered in the Register of Entrepreneurs of the National Court Register under KRS no. 0000160661, NIP: 7490002138, REGON: 530619195, email: drewmax@drewmax.net.pl, tel. 77 481 01 22<br \/>e) <strong>Regulations<\/strong> \u2013 these regulations.<br \/>f) Website \u2013 an internet site operating at www.drewmax.net.pl, run by DREWMAX. The Website includes, in particular, information about the DREWMAX team, the range of goods and services offered, and contact details.<br \/>g) <strong>Device<\/strong> \u2013 means an electronic device through which the User gains access to the Website.<br \/>h) <strong>User<\/strong> \u2013 a person using the Website.<\/p>\n<!-- wp:paragraph {\"align\":\"center\"} -->\n<p class=\"has-text-align-center\"><strong>\u00a72<\/strong><br \/><strong>Services Provided Electronically<\/strong><\/p>\n<!-- \/wp:paragraph -->\n\n<!-- wp:list {\"ordered\":true} -->\n<ol>\n<li>DREWMAX provides Users with the possibility to use, free of charge, the service provided electronically (within the meaning of the Act of 18 July 2002 on the provision of electronic services, consolidated text: Dz.U.2017.1219) \u2013 consisting in making the content of the Website available.<\/li>\n<li>In order to use the above service, the User should have: a device that allows connection to the Internet and has an operating system, an Internet connection, and the necessary software (an Internet browser).<\/li>\n<li>The contract for the provision of the service referred to in \u00a72 sec. 1 is concluded when the User submits an appropriate, individual request for data transmission via a telecommunications network (which occurs by opening the Website in a browser). This contract is terminated upon its complete performance (closing the Website).<\/li>\n<li>The User undertakes to refrain from using the Website in a manner that disrupts its functioning, in particular by using harmful software (malware).<\/li>\n<li>If the User is dissatisfied with the Website\u2019s operation, the User may file a complaint by email to: <a href=\"mailto:rodo@drewmax.net.pl\">rodo@drewmax.net.pl<\/a>. The User will be informed about how the complaint has been handled to the email address from which it was sent, within 14 days of its receipt by DREWMAX.<\/li>\n<\/ol>\n<!-- \/wp:list -->\n\n<!-- wp:paragraph {\"align\":\"center\"} -->\n<p class=\"has-text-align-center\"><strong>\u00a73<\/strong><br \/><strong>Cookie Policy<\/strong><\/p>\n<!-- \/wp:paragraph -->\n\n<!-- wp:list {\"ordered\":true} -->\n<ol>\n<li>By means of Cookies, DREWMAX stores information on the User\u2019s Device or gains access to information already stored \u2013 on the terms set out in the Regulations below.<\/li>\n<li>DREWMAX uses the following types of Cookies:<br \/>a) Session Cookies: stored on the User\u2019s Device and remain there until the browser session ends. The information saved is then permanently deleted from the Device\u2019s memory.<br \/>b) Persistent Cookies: stored on the User\u2019s Device and remain there until they are deleted. Ending a browser session or turning off the Device does not delete them from the Device.<\/li>\n<li>DREWMAX uses First-Party Cookies to adapt the content of the Website to the User\u2019s preferences and needs, in particular taking into account the type of Device the User uses to access the Website.<\/li>\n<li>DREWMAX uses Third-Party Cookies to create aggregate statistics and analyses that monitor how Users use the Website \u2013 which enables the best possible adaptation of the Website to the Users\u2019 needs. For this purpose, DREWMAX uses the Google Analytics service \u2013 whereby opening the Website reads, writes, and sends to a secure Google server information on the origin of users identified based on IP addresses. Google Analytics does not collect private data. Detailed information in this regard is available on Google\u2019s website (<a href=\"https:\/\/policies.google.com\/technologies\/types?hl=pl\">https:\/\/policies.google.com\/technologies\/types?hl=pl<\/a>).<\/li>\n<li>The use of Cookies by DREWMAX does not cause configuration changes to the User\u2019s Device or the software installed on that Device.<\/li>\n<li>The User can restrict or disable the access of Cookies to their Device in the settings of their Internet browser or by configuring the service \u2013 in particular so as to block the automatic handling of Cookies or to inform them each time Cookies are placed on the User\u2019s Device. Detailed information on the possibilities and ways of handling Cookies is available in the settings of the software (Internet browser). A description of the steps required can be found on the websites of the software manufacturers, for example:<\/li>\n<li>The User may delete Cookies at any time.<\/li>\n<li>Restricting the use of Cookies or deleting existing Cookies may affect certain functionalities available on the Website.<\/li>\n<\/ol>\n<!-- \/wp:list -->\n\n<!-- wp:paragraph {\"align\":\"center\"} -->\n<p class=\"has-text-align-center\"><strong>\u00a74<\/strong><br \/><strong>Final Provisions<\/strong><\/p>\n<!-- \/wp:paragraph -->\n\n<!-- wp:list {\"ordered\":true} -->\n<ol>\n<li>The rules for data processing by DREWMAX are set out in the privacy policy \u2013 available on the Website at <a href=\"https:\/\/drewmax.net.pl\/polityka-prywatnosci\/\">https:\/\/drewmax.net.pl\/polityka-prywatnosci\/<\/a>.<\/li>\n<li>DREWMAX has the right to amend the provisions of these Regulations. Any amendments will not in any way infringe the rights already acquired by Users.<\/li>\n<\/ol>\n<!-- \/wp:list -->\n\n\n\t\t\t\t\t<\/div>\n\t\t\t\t\t\t<\/div>\n\t\t\t\t<\/div>\n\t\t\t\t\t\t<\/div>\n\t\t\t\t\t<\/div>\n\t\t<\/div>\n\t\t\t\t\t\t\t\t<\/div>\n\t\t\t\t\t<\/div>\n\t\t<\/section>\n\t\t\t\t\t\t<\/div>\n\t\t\t\t\t\t<\/div>\n\t\t\t\t\t<\/div>\n\t\t","protected":false},"excerpt":{"rendered":"<p class=\"qtranxs-available-languages-message qtranxs-available-languages-message-en\">Sorry, this entry is only available in <a href=\"https:\/\/drewmax.net.pl\/it\/wp-json\/wp\/v2\/pages\/1359\" class=\"qtranxs-available-language-link qtranxs-available-language-link-it\" title=\"Italiano\">Italian<\/a>.<\/p>\n","protected":false},"author":1,"featured_media":0,"parent":0,"menu_order":0,"comment_status":"closed","ping_status":"closed","template":"","meta":[],"yoast_head":"<!-- This site is optimized with the Yoast SEO Premium plugin v15.5 - https:\/\/yoast.com\/wordpress\/plugins\/seo\/ -->\n<title>Regulations for the Provision of Electronic Services together with the Cookie Policy - Drewmax<\/title>\n<meta name=\"robots\" content=\"index, follow, max-snippet:-1, max-image-preview:large, max-video-preview:-1\" \/>\n<link rel=\"canonical\" href=\"https:\/\/drewmax.net.pl\/regulamin\/\" \/>\n<meta property=\"og:locale\" content=\"en_US\" \/>\n<meta property=\"og:type\" content=\"article\" \/>\n<meta property=\"og:title\" content=\"[:pl]Regulamin \u015bwiadczenia us\u0142ug drog\u0105 elektroniczn\u0105 wraz z polityk\u0105 cookies[:en]Regulations for the Provision of Electronic Services together with the Cookie Policy[:de]Bestimmungen zur Erbringung elektronischer Dienstleistungen zusammen mit der Cookie-Richtlinie[:ua]\u041f\u0440\u0430\u0432\u0438\u043b\u0430 \u043d\u0430\u0434\u0430\u043d\u043d\u044f \u043f\u043e\u0441\u043b\u0443\u0433 \u0432 \u0435\u043b\u0435\u043a\u0442\u0440\u043e\u043d\u043d\u043e\u043c\u0443 \u0432\u0438\u0433\u043b\u044f\u0434\u0456 \u0440\u0430\u0437\u043e\u043c \u0456\u0437 \u043f\u043e\u043b\u0456\u0442\u0438\u043a\u043e\u044e \u0432\u0438\u043a\u043e\u0440\u0438\u0441\u0442\u0430\u043d\u043d\u044f \u0444\u0430\u0439\u043b\u0456\u0432 cookie[:pt]Regulamento sobre a presta\u00e7\u00e3o de servi\u00e7os eletr\u00f4nicos, juntamente com a pol\u00edtica de cookies[:fr]R\u00e8glement relatif \u00e0 la prestation de services par voie \u00e9lectronique, accompagn\u00e9 de la politique en mati\u00e8re de cookies[:es]Reglamento sobre la prestaci\u00f3n de servicios por medios electr\u00f3nicos junto con la pol\u00edtica de cookies[:ru]\u0420\u0435\u0433\u043b\u0430\u043c\u0435\u043d\u0442 \u043e\u043a\u0430\u0437\u0430\u043d\u0438\u044f \u0443\u0441\u043b\u0443\u0433 \u0432 \u044d\u043b\u0435\u043a\u0442\u0440\u043e\u043d\u043d\u043e\u043c \u0432\u0438\u0434\u0435 \u0432\u043c\u0435\u0441\u0442\u0435 \u0441 \u043f\u043e\u043b\u0438\u0442\u0438\u043a\u043e\u0439 \u0438\u0441\u043f\u043e\u043b\u044c\u0437\u043e\u0432\u0430\u043d\u0438\u044f \u0444\u0430\u0439\u043b\u043e\u0432 cookie[:it]Regolamento sulla prestazione di servizi per via elettronica insieme alla politica sui cookie[:] - Drewmax\" \/>\n<meta property=\"og:description\" content=\"[:it]   [:]\" \/>\n<meta property=\"og:url\" content=\"https:\/\/drewmax.net.pl\/regulamin\/\" \/>\n<meta property=\"og:site_name\" content=\"Drewmax\" \/>\n<meta property=\"article:publisher\" content=\"https:\/\/www.facebook.com\/Drewmax-111641623604429\/\" \/>\n<meta property=\"article:modified_time\" content=\"2025-03-26T14:03:29+00:00\" \/>\n<meta name=\"twitter:card\" content=\"summary_large_image\" \/>\n<meta name=\"twitter:label1\" content=\"Est. reading time\">\n\t<meta name=\"twitter:data1\" content=\"25 minutes\">\n<script type=\"application\/ld+json\" class=\"yoast-schema-graph\">{\"@context\":\"https:\/\/schema.org\",\"@graph\":[{\"@type\":\"Organization\",\"@id\":\"https:\/\/drewmax.net.pl\/en\/#organization\",\"name\":\"DREWMAX Sp\\u00f3\\u0142ka z o.o.\",\"url\":\"https:\/\/drewmax.net.pl\/en\/\",\"sameAs\":[\"https:\/\/www.facebook.com\/Drewmax-111641623604429\/\",\"https:\/\/www.instagram.com\/drewmax.net.pl\/\",\"https:\/\/www.youtube.com\/channel\/UCCS8U5F8gSyJAlSWjxgbLRQ\"],\"logo\":{\"@type\":\"ImageObject\",\"@id\":\"https:\/\/drewmax.net.pl\/en\/#logo\",\"inLanguage\":\"en-US\",\"url\":\"\",\"caption\":\"DREWMAX Sp\\u00f3\\u0142ka z o.o.\"},\"image\":{\"@id\":\"https:\/\/drewmax.net.pl\/en\/#logo\"}},{\"@type\":\"WebSite\",\"@id\":\"https:\/\/drewmax.net.pl\/en\/#website\",\"url\":\"https:\/\/drewmax.net.pl\/en\/\",\"name\":\"Drewmax\",\"description\":\"\",\"publisher\":{\"@id\":\"https:\/\/drewmax.net.pl\/en\/#organization\"},\"potentialAction\":[{\"@type\":\"SearchAction\",\"target\":\"https:\/\/drewmax.net.pl\/en\/?s={search_term_string}\",\"query-input\":\"required name=search_term_string\"}],\"inLanguage\":\"en-US\"},{\"@type\":\"WebPage\",\"@id\":\"https:\/\/drewmax.net.pl\/regulamin\/#webpage\",\"url\":\"https:\/\/drewmax.net.pl\/regulamin\/\",\"name\":\"[:pl]Regulamin \\u015bwiadczenia us\\u0142ug drog\\u0105 elektroniczn\\u0105 wraz z polityk\\u0105 cookies[:en]Regulations for the Provision of Electronic Services together with the Cookie Policy[:de]Bestimmungen zur Erbringung elektronischer Dienstleistungen zusammen mit der Cookie-Richtlinie[:ua]\\u041f\\u0440\\u0430\\u0432\\u0438\\u043b\\u0430 \\u043d\\u0430\\u0434\\u0430\\u043d\\u043d\\u044f \\u043f\\u043e\\u0441\\u043b\\u0443\\u0433 \\u0432 \\u0435\\u043b\\u0435\\u043a\\u0442\\u0440\\u043e\\u043d\\u043d\\u043e\\u043c\\u0443 \\u0432\\u0438\\u0433\\u043b\\u044f\\u0434\\u0456 \\u0440\\u0430\\u0437\\u043e\\u043c \\u0456\\u0437 \\u043f\\u043e\\u043b\\u0456\\u0442\\u0438\\u043a\\u043e\\u044e \\u0432\\u0438\\u043a\\u043e\\u0440\\u0438\\u0441\\u0442\\u0430\\u043d\\u043d\\u044f \\u0444\\u0430\\u0439\\u043b\\u0456\\u0432 cookie[:pt]Regulamento sobre a presta\\u00e7\\u00e3o de servi\\u00e7os eletr\\u00f4nicos, juntamente com a pol\\u00edtica de cookies[:fr]R\\u00e8glement relatif \\u00e0 la prestation de services par voie \\u00e9lectronique, accompagn\\u00e9 de la politique en mati\\u00e8re de cookies[:es]Reglamento sobre la prestaci\\u00f3n de servicios por medios electr\\u00f3nicos junto con la pol\\u00edtica de cookies[:ru]\\u0420\\u0435\\u0433\\u043b\\u0430\\u043c\\u0435\\u043d\\u0442 \\u043e\\u043a\\u0430\\u0437\\u0430\\u043d\\u0438\\u044f \\u0443\\u0441\\u043b\\u0443\\u0433 \\u0432 \\u044d\\u043b\\u0435\\u043a\\u0442\\u0440\\u043e\\u043d\\u043d\\u043e\\u043c \\u0432\\u0438\\u0434\\u0435 \\u0432\\u043c\\u0435\\u0441\\u0442\\u0435 \\u0441 \\u043f\\u043e\\u043b\\u0438\\u0442\\u0438\\u043a\\u043e\\u0439 \\u0438\\u0441\\u043f\\u043e\\u043b\\u044c\\u0437\\u043e\\u0432\\u0430\\u043d\\u0438\\u044f \\u0444\\u0430\\u0439\\u043b\\u043e\\u0432 cookie[:it]Regolamento sulla prestazione di servizi per via elettronica insieme alla politica sui cookie[:] - Drewmax\",\"isPartOf\":{\"@id\":\"https:\/\/drewmax.net.pl\/en\/#website\"},\"datePublished\":\"2019-06-10T10:29:03+00:00\",\"dateModified\":\"2025-03-26T14:03:29+00:00\",\"breadcrumb\":{\"@id\":\"https:\/\/drewmax.net.pl\/regulamin\/#breadcrumb\"},\"inLanguage\":\"en-US\",\"potentialAction\":[{\"@type\":\"ReadAction\",\"target\":[\"https:\/\/drewmax.net.pl\/regulamin\/\"]}]},{\"@type\":\"BreadcrumbList\",\"@id\":\"https:\/\/drewmax.net.pl\/regulamin\/#breadcrumb\",\"itemListElement\":[{\"@type\":\"ListItem\",\"position\":1,\"item\":{\"@type\":\"WebPage\",\"@id\":\"https:\/\/drewmax.net.pl\/\",\"url\":\"https:\/\/drewmax.net.pl\/\",\"name\":\"Home\"}},{\"@type\":\"ListItem\",\"position\":2,\"item\":{\"@type\":\"WebPage\",\"@id\":\"https:\/\/drewmax.net.pl\/regulamin\/\",\"url\":\"https:\/\/drewmax.net.pl\/regulamin\/\",\"name\":\"Regulations for the Provision of Electronic Services together with the Cookie Policy\"}}]}]}<\/script>\n<!-- \/ Yoast SEO Premium plugin. -->","_links":{"self":[{"href":"https:\/\/drewmax.net.pl\/en\/wp-json\/wp\/v2\/pages\/1359"}],"collection":[{"href":"https:\/\/drewmax.net.pl\/en\/wp-json\/wp\/v2\/pages"}],"about":[{"href":"https:\/\/drewmax.net.pl\/en\/wp-json\/wp\/v2\/types\/page"}],"author":[{"embeddable":true,"href":"https:\/\/drewmax.net.pl\/en\/wp-json\/wp\/v2\/users\/1"}],"replies":[{"embeddable":true,"href":"https:\/\/drewmax.net.pl\/en\/wp-json\/wp\/v2\/comments?post=1359"}],"version-history":[{"count":14,"href":"https:\/\/drewmax.net.pl\/en\/wp-json\/wp\/v2\/pages\/1359\/revisions"}],"predecessor-version":[{"id":31572,"href":"https:\/\/drewmax.net.pl\/en\/wp-json\/wp\/v2\/pages\/1359\/revisions\/31572"}],"wp:attachment":[{"href":"https:\/\/drewmax.net.pl\/en\/wp-json\/wp\/v2\/media?parent=1359"}],"curies":[{"name":"wp","href":"https:\/\/api.w.org\/{rel}","templated":true}]}}