{"id":1351,"date":"2019-06-10T12:02:09","date_gmt":"2019-06-10T10:02:09","guid":{"rendered":"https:\/\/drewmax.net.pl\/?page_id=1351"},"modified":"2024-02-22T09:31:07","modified_gmt":"2024-02-22T08:31:07","slug":"polityka-prywatnosci-2","status":"publish","type":"page","link":"https:\/\/drewmax.net.pl\/en\/polityka-prywatnosci-2\/","title":{"rendered":"Polityka prywatno\u015bci"},"content":{"rendered":"<p>Niniejsza polityka prywatno\u015bci zosta\u0142a przyj\u0119ta w zwi\u0105zku z wej\u015bciem w \u017cycie rozporz\u0105dzenia Parlamentu Europejskiego i Rady (UE) nr 2016\/679 z dnia 27 kwietnia 2016 r.&nbsp; w sprawie ochrony os\u00f3b fizycznych w zwi\u0105zku z przetwarzaniem danych osobowych i w sprawie swobodnego przep\u0142ywu takich danych oraz uchylenia dyrektywy 95\/46\/WE (Dziennik Urz\u0119dowy Unii Europejskiej nr L 119\/1 z 4.5.2016; dalej: RODO). Celem polityki jest w szczeg\u00f3lno\u015bci wykonanie obowi\u0105zku informacyjnego, o kt\u00f3rym mowa w art. 13 i 14 RODO.<\/p>\n\n\n\n<p><strong>1. Definicje<\/strong><\/p>\n\n\n\n<p>W tre\u015bci\nniniejszej polityki pos\u0142ugujemy si\u0119 poni\u017cszymi zwrotami:<\/p>\n\n\n\n<ol><li>My, DREWMAX,\nadministrator &#8211; Przedsi\u0119biorstwo Wielobran\u017cowe \u201eDREWMAX\u201d Tadeusz S\u0105siadek i\nWsp\u00f3lnicy sp.j. z siedzib\u0105 w K\u0119dzierzynie Ko\u017alu (47-230) przy ul. Strzeleckiej\n5, wpisane do rejestru przedsi\u0119biorc\u00f3w KRS pod nr 0000160661, NIP: 7490002138, REGON:\n530619195.<\/li><li>Ty, Pan, Pani, Pa\u0144stwo \u2013\nosoby, kt\u00f3rych dane osobowe s\u0105 przetwarzane przez DREWMAX.<\/li><\/ol>\n\n\n\n<p><strong>2. Kim jest administrator danych?<\/strong><\/p>\n\n\n\n<p>Administrator\ndanych to osoba ustalaj\u0105ca cele i&nbsp;sposoby przetwarzania danych osobowych.\nAdministratorem Pa\u0144stwa danych osobowych jest Przedsi\u0119biorstwo Wielobran\u017cowe\n\u201eDREWMAX\u201d Tadeusz S\u0105siadek i Wsp\u00f3lnicy sp.j. z siedzib\u0105 w K\u0119dzierzynie Ko\u017alu.&nbsp; <\/p>\n\n\n\n<p><strong>3. Jakie dane osobowe przetwarzamy? <\/strong><\/p>\n\n\n\n<p>W\nzwi\u0105zku z prowadzon\u0105 dzia\u0142alno\u015bci\u0105, przetwarzamy w szczeg\u00f3lno\u015bci dane osobowe: naszych\nkontrahent\u00f3w b\u0119d\u0105cych osobami fizycznymi (w tym: klient\u00f3w, dostawc\u00f3w itd.), os\u00f3b\nkontaktowych wskazanych przez wspomnianych kontrahent\u00f3w (w tym: przedstawicieli\nhandlowych, os\u00f3b wskazanych jako odpowiedzialne za realizacje wsp\u00f3lnych\nprojekt\u00f3w, kierowc\u00f3w itd.), os\u00f3b z kt\u00f3rymi prowadzimy korespondencje, os\u00f3b\nkorzystaj\u0105cych z naszych witryn internetowych (w tym: drewmax.net.pl), os\u00f3b\nzainteresowanych zatrudnieniem, os\u00f3b pozostaj\u0105cych z naszymi pracownikami w\nrelacjach powoduj\u0105cych skutki prawne (w tym: dzieci, cz\u0142onk\u00f3w rodzin itd.), os\u00f3b\nuprawnionych do \u015bwiadcze\u0144 z Zak\u0142adowego Funduszu \u015awiadcze\u0144 Socjalnych a tak\u017ce\nos\u00f3b przebywaj\u0105cych na terenie naszego zak\u0142adu. Zakres przetwarzanych danych\nka\u017cdorazowo jest adekwatny do cel\u00f3w przetwarzania.<\/p>\n\n\n\n<p><strong>4. Jakie dane gromadzimy za pomoc\u0105 naszych stron internetowych?<\/strong><\/p>\n\n\n\n<p>W\nzwi\u0105zku z nasz\u0105 dzia\u0142alno\u015bci\u0105 gospodarcz\u0105, prowadzimy stron\u0119 internetow\u0105 pod\nadresem drewmax.net.pl.\n\u2013 przy pomocy kt\u00f3rej mo\u017cemy gromadzi\u0107 dane osobowe na kilka sposob\u00f3w:<\/p>\n\n\n<ol>\n<li>za pomoc\u0105 plik\u00f3w cookies \u2013 stanowi\u0105cych niewielkie pliki tekstowe, zapisywane i przechowywane na urz\u0105dzeniach za po\u015brednictwem kt\u00f3rych korzystacie Pa\u0144stwo z internetu. Szczeg\u00f3\u0142owy zakres cookies stosowanych w obr\u0119bie danej strony jest opisany w tre\u015bci regulaminu witryny lub polityki cookies. Pliki cookies mog\u0105 by\u0107 w ka\u017cdym czasie usuni\u0119te, a mo\u017cliwo\u015b\u0107 ich zapisywania wy\u0142\u0105czona lub ograniczona \u2013 poprzez stosown\u0105 konfiguracj\u0119 przegl\u0105darki internetowej. Opis niezb\u0119dnych w tym celu czynno\u015bci mo\u017cna odnale\u017a\u0107 na witrynach producent\u00f3w, np:<br>a) <a href=\"https:\/\/support.mozilla.org\/pl\/kb\/W%C5%82%C4%85czanie%20i%20wy%C5%82%C4%85czanie%20obs%C5%82ugi%20ciasteczek\">Mozilla Firefox<\/a><br>b) <a href=\"https:\/\/support.google.com\/accounts\/answer\/61416?co=GENIE.Platform%3DDesktop&amp;hl=pl\">Google Chrome<\/a><br>c) <a href=\"https:\/\/privacy.microsoft.com\/pl-pl\/windows-10-microsoft-edge-and-privacy\">Microsoft Edge<\/a><\/li>\n<li>za pomoc\u0105 log\u00f3w naszego serwera, kt\u00f3ry zapisuje otrzymywane zapytania HTTP. Gromadzone dane identyfikowane s\u0105 poprzez adresy URL i obejmuj\u0105:<br>a) czas nadej\u015bcia zapytania,<br>b) czas wys\u0142ania odpowiedzi,<br>c) nazw\u0119 stacji klienta \u2013 identyfikacja realizowana przez protok\u00f3\u0142 HTTP,<br>d) informacje o b\u0142\u0119dach jakie nast\u0105pi\u0142y przy realizacji transakcji HTTP,<br>e) adres URL strony poprzednio odwiedzanej przez u\u017cytkownika (referer link) \u2013 w przypadku gdy przej\u015bcie do Serwisu nast\u0105pi\u0142o przez odno\u015bnik,<br>f) informacje o przegl\u0105darce u\u017cytkownika,<br>g) Informacje o adresie IP.<\/li>\n<\/ol>\n\n\n<p>Logi serwera nie s\u0105 kojarzone z konkretnymi\nosobami przegl\u0105daj\u0105cymi nasze strony. Korzystamy z nich wy\u0142\u0105cznie dla cel\u00f3w\nadministrowania serwerem, a tak\u017ce analizy statystycznej ruchu na poszczeg\u00f3lnych\nwitrynach.<\/p>\n\n\n\n<p><strong>5. W jakich celach przetwarzamy dane?<\/strong><\/p>\n\n\n\n<p>Pa\u0144stwa\ndane osobowe mog\u0105 by\u0107 przetwarzane w nast\u0119puj\u0105cych celach:<\/p>\n\n\n\n<ol><li>wykonanie zawartych um\u00f3w lub podj\u0119cie dzia\u0142a\u0144 celem zawarcia umowy na Pa\u0144stwa \u017c\u0105danie (w oparciu o art. 6 ust. 1 lit. b RODO). W takim wypadku dane przetwarzane s\u0105 przez okres obowi\u0105zywania umowy, a tak\u017ce dalszy okres niezb\u0119dny do pe\u0142nej realizacji wynikaj\u0105cych ze\u0144 praw i obowi\u0105zk\u00f3w.<\/li><li>wykonanie ci\u0105\u017c\u0105cych na nas obowi\u0105zk\u00f3w prawnych, w szczeg\u00f3lno\u015bci w zakresie prawa podatkowego, przepis\u00f3w o rachunkowo\u015bci lub archiwizacji, przepis\u00f3w o przeciwdzia\u0142aniu praniu brudnych pieni\u0119dzy przepis\u00f3w, przepis\u00f3w reguluj\u0105cych system ubezpiecze\u0144 spo\u0142ecznych itd. (art. 6 ust. 1 lit. c RODO). Czas przetwarzania danych determinowany jest w\u00f3wczas przez przepisy stanowi\u0105ce podstaw\u0119 danego obowi\u0105zku.<\/li><li>Realizacji naszego prawnie uzasadnionego interesu (art. 6 ust. 1 lit. f RODO) \u2013 polegaj\u0105cego na:<br>a) prowadzeniu marketingu bezpo\u015bredniego naszych towar\u00f3w lub us\u0142ug,<br>b) tworzeniu zestawie\u0144, analiz i statystyk \u2013 co obejmuje zw\u0142aszcza badania marketingowe, analizy danych handlowych, planowanie rozwoju us\u0142ug itd.,<br>c) ustalaniu, dochodzeniu lub obronie przed roszczeniami,<br>d) prowadzeniu korespondencji za pomoc\u0105 wszelkich znanych technologii, w tym: poczty tradycyjnej, poczty elektronicznej (email) lub innych metod komunikacji (np. komunikator\u00f3w internetowych itd.),<br>e) nawi\u0105zywaniu kontaktu telefonicznego,<br>f) inicjowaniu i podtrzymywaniu kontakt\u00f3w biznesowych,<br>g) prawid\u0142owym wy\u015bwietlaniu naszych witryn internetowych,<br>h) prowadzenia monitoringu wizyjnego oznaczonych miejsc w obr\u0119bie naszego zak\u0142adu.<br>W przypadkach wymienionych w pkt. 3 &#8211; dane przetwarzane b\u0119d\u0105 przez czas utrzymywania si\u0119 interesu w zwi\u0105zku z kt\u00f3rym s\u0105 przetwarzane. W szczeg\u00f3lno\u015bci &nbsp;dzia\u0142ania marketingowe prowadzone b\u0119d\u0105 do czasu zg\u0142oszenia przez Pa\u0144stwa stosownego sprzeciwu.<\/li><li>niekiedy Pa\u0144stwa dane osobowe mog\u0105 by\u0107 przetwarzane w innych celach, w oparciu o stosown\u0105 zgod\u0119 \u2013 wyra\u017con\u0105 w spos\u00f3b dobrowolny, konkretny, \u015bwiadomy i jednoznaczny (art. 6 ust. 1 lit. a RODO). Zgoda stanowi w szczeg\u00f3lno\u015bci podstaw\u0119 przetwarzania danych gromadzonych na potrzeby post\u0119powa\u0144 rekrutacyjnych (zawartych w CV itd.).<br>W takim wypadku: (i) dane przetwarzane b\u0119d\u0105 przez okres adekwatny do celu wskazanego w tre\u015bci zgody, (ii) macie Pa\u0144stwo prawo do cofni\u0119cia zgody w dowolnym momencie, bez wp\u0142ywu na zgodno\u015b\u0107 z prawem przetwarzania kt\u00f3rego dokonano na podstawie zgody przed jej cofni\u0119ciem. <\/li><\/ol>\n\n\n\n<p><strong>6. Czy podanie danych osobowych jest obowi\u0105zkowe?<\/strong><\/p>\n\n\n\n<p>Nie\nmacie Pa\u0144stwo obowi\u0105zku udost\u0119pniania nam swoich danych osobowych. Tym\nniemniej, odmowa mo\u017ce spowodowa\u0107 niemo\u017cliwo\u015b\u0107 zawarcia lub wykonania zawartej z\nnami umowy lub realizacji przez nas innych czynno\u015bci (np. przes\u0142ania\nkorespondencji, uzyskania dost\u0119pu na teren zak\u0142adu, uczestnictwa w procesie\nrekrutacyjnym itd.). <\/p>\n\n\n\n<p><strong>7. Czy dane mog\u0105 by\u0107 przetwarzane w procesach obejmuj\u0105cych zautomatyzowane      podejmowanie decyzji, w tym profilowanie \u201ekwalifikowane\u201d?<\/strong><\/p>\n\n\n\n<p>Obecnie\nnie stosujemy \u017cadnych operacji, w ramach kt\u00f3rych dochodzi\u0142oby do\nzautomatyzowanego podejmowania&nbsp; decyzji\nwywo\u0142uj\u0105cych po stronie ich adresat\u00f3w skutki prawne lub w podobny spos\u00f3b\nistotnie na nich wp\u0142ywaj\u0105cych. W przypadku wdro\u017cenia w przysz\u0142o\u015bci takich\noperacji zwi\u0105zanych z przetwarzaniem danych osobowych \u2013 zapewnimy ich zgodno\u015b\u0107\nze w\u0142a\u015bciwymi przepisami, w tym art. 22 RODO.<\/p>\n\n\n\n<p><strong>8. Komu mo\u017cemy udost\u0119pnia\u0107 Pa\u0144stwa dane osobowe?<\/strong><\/p>\n\n\n\n<p>Pa\u0144stwa dane osobowe mog\u0105 zosta\u0107\nudost\u0119pnione podmiotom trzecim wy\u0142\u0105cznie w przypadku, gdy b\u0119dziemy do tego zobowi\u0105zani\nlub uprawnieni na podstawie przepis\u00f3w prawa. Odbiorami danych mog\u0105 by\u0107\nzw\u0142aszcza:<\/p>\n\n\n\n<ol><li>podmioty przetwarzaj\u0105ce, w tym: <br>a) osoby obs\u0142uguj\u0105ce nasz\u0105 infrastruktur\u0119 lub systemy informatyczne, a tak\u017ce dokonuj\u0105ce utylizacji zb\u0119dnej dokumentacji lub no\u015bnik\u00f3w danych,<br>b) podwykonawcy uczestnicz\u0105c w realizacji zaci\u0105gni\u0119tych wzgl\u0119dem Pa\u0144stwa zobowi\u0105za\u0144,<br>c) osoby \u015bwiadcz\u0105ce us\u0142ugi zwi\u0105zane z wykonaniem lub ulepszeniem procesu sprzeda\u017cy (np. kurierzy lub przewo\u017anicy, rzeczoznawcy uczestnicz\u0105cy w procedurach reklamacji), <br>d) osoby \u015bwiadcz\u0105ce na nasz\u0105 rzecz us\u0142ugi audytorskie lub doradcze \u2013 np. w zakresie pomocy prawnej, podatkowej lub rachunkowej.<\/li><li>inni administratorzy, w tym:<br>a) organy administracji publicznej uprawnione do \u017c\u0105dania udost\u0119pnienia danych,<br>b) sp\u00f3\u0142ki powi\u0105zane z nami,<br>c) inne podmioty \u2013 w przypadkach, gdy charakter \u015bwiadcze\u0144 realizowanych przeze\u0144 na nasz\u0105 rzecz powoduje, \u017ce wskazane podmioty samodzielnie okre\u015blaj\u0105 cele i&nbsp;sposoby przetwarzania danych osobowych i w zwi\u0105zku z tym staj\u0105 si\u0119 administratorami danych osobowych. Mo\u017ce to dotyczy\u0107 zw\u0142aszcza: bank\u00f3w, kurier\u00f3w i przewo\u017anik\u00f3w, a tak\u017ce podmiot\u00f3w wsp\u00f3\u0142pracuj\u0105cych z nami przy obs\u0142udze spraw rachunkowych, podatkowych lub prawnych,<br>d) nabywcy wierzytelno\u015bci wzgl\u0119dem Pa\u0144stwa \u2013 w przypadku, gdy zdecydujemy si\u0119 na dokonanie zbycia takich wierzytelno\u015bci, w szczeg\u00f3lno\u015bci z uwagi na istnienie znacznych zaleg\u0142o\u015bci p\u0142atniczych.<\/li><\/ol>\n\n\n\n<p>Nie ujawnimy Pa\u0144stwa danych osobowych osobom,\nkt\u00f3re nie s\u0105 uprawnione do ich przetwarzania.<\/p>\n\n\n\n<p><strong>9. Czy Pa\u0144stwa dane osobowe mog\u0105 by\u0107 przekazywane poza Europejski Obszar Gospodarczy (EOG)?<\/strong><\/p>\n\n\n\n<p>Obecnie\nnie przewidujemy przekazywania Pa\u0144stwa danych poza Europejski Obszar\nGospodarczy. Nie wykluczamy jednak, \u017ce w przysz\u0142o\u015bci mo\u017cemy uzna\u0107 to za\nzasadne. W takim wypadku, Pa\u0144stwa dane b\u0119d\u0105 zabezpieczone w spos\u00f3b wymagany\nprzez powszechnie obowi\u0105zuj\u0105ce przepisy, w szczeg\u00f3lno\u015bci poprzez zastosowanie\ntzw. standardowych klauzul umownych (SCC).<\/p>\n\n\n\n<p><strong>10. Jakie prawa przys\u0142uguj\u0105 Pa\u0144stwu w zwi\u0105zku z przetwarzaniem danych?<\/strong><\/p>\n\n\n\n<p>Mo\u017cecie\nPa\u0144stwo wyst\u0105pi\u0107 do nas w szczeg\u00f3lno\u015bci z wnioskiem o:<\/p>\n\n\n\n<ol><li>dost\u0119p do\nprzetwarzanych przez nas danych (w tym: informacj\u0119 o przetwarzaniu przez nas\ndanych lub przekazanie kopii danych),<\/li><li>sprostowanie\n(poprawienie) danych,<\/li><li>ograniczenie\nprzetwarzania (wstrzymanie operacji na danych lub nieusuwanie danych),<\/li><li>usuni\u0119cie danych\n(\u201cprawo do bycia zapomnianym\u201d),<\/li><li>przeniesienie\ndanych do innego administratora.<\/li><\/ol>\n\n\n\n<p>Powy\u017csze\nwnioski mog\u0105 by\u0107 wysy\u0142ane w szczeg\u00f3lno\u015bci w spos\u00f3b okre\u015blony w pkt. 13 poni\u017cej\n\u2013 i b\u0119d\u0105 rozpatrywane zgodnie z w\u0142a\u015bciwymi przepisami, w tym art. 15-20 RODO.<\/p>\n\n\n\n<p><strong>11. Prawo sprzeciwu <\/strong><\/p>\n\n\n\n<p>Niezale\u017cnie\nod powy\u017cszego, jeste\u015bcie Pa\u0144stwo uprawnieni do wniesienia sprzeciwu wzgl\u0119dem\nprzetwarzania danych, kt\u00f3re realizowane jest w oparciu o nasz prawnie\nuzasadniony interes. W takim wypadku:<\/p>\n\n\n\n<ol><li>je\u017celi dane osobowe\ns\u0105 przetwarzane na cele marketingu \u2013 niezw\u0142ocznie zaprzestaniemy takiego\nprzetwarzania.<\/li><li>je\u017celi podstaw\u0105\nprzetwarzania danych jest interes innego rodzaju \u2013 zaprzestaniemy takiego\nprzetwarzania, chyba \u017ce wyka\u017cemy: a) \u017ce wspomniany interes jest nadrz\u0119dny wobec\nPa\u0144stwa interes\u00f3w, praw i wolno\u015bci lub te\u017c b) istnienie podstawy do ustalenia,\ndochodzenia lub obrony roszcze\u0144.<\/li><\/ol>\n\n\n\n<p>Prawo\nsprzeciwu mo\u017ce by\u0107 realizowane w szczeg\u00f3lno\u015bci poprzez wysy\u0142k\u0119 stosownego\no\u015bwiadczenia w spos\u00f3b okre\u015blony w pkt. 13 poni\u017cej.<\/p>\n\n\n\n<p><strong>12. Skarga do organu nadzorczego<\/strong><\/p>\n\n\n\n<p>W\nprzypadku, gdy uznacie Pa\u0144stwo \u017ce przetwarzanie danych, kt\u00f3re Pa\u0144stwa dotyczy,\nnarusza obowi\u0105zuj\u0105ce przepisy &#8211; macie Pa\u0144stwo prawo wnie\u015b\u0107 skarg\u0119 do organu\nnadzorczego, tj. Prezesa Urz\u0119du Ochrony Danych Osobowych.<\/p>\n\n\n\n<p><strong>13. Miejsce publikacji oraz aktualizacje polityki prywatno\u015bci<\/strong><\/p>\n\n\n\n<p>Niniejsza polityka prywatno\u015bci mo\u017ce od czasu do czasu podlega\u0107 zmianom. Aktualna wersja polityki b\u0119dzie ka\u017cdorazowo dost\u0119pna przez ca\u0142y czas na naszej stronie internetowej pod adresem:  <a rel=\"noreferrer noopener\" target=\"_blank\" href=\"https:\/\/drewmax.net.pl\/?page_id=1351\">https:\/\/drewmax.net.pl\/polityka-prywatnosci\/<\/a> <\/p>\n\n\n\n<p><strong>14. Jak mo\u017cna si\u0119 z nami skontaktowa\u0107?<\/strong><\/p>\n\n\n\n<p>W razie jakichkolwiek pyta\u0144 dotycz\u0105cych\nsposobu wykorzystania przez nas Pa\u0144stwa danych osobowych, mo\u017cna si\u0119 z nami\nskontaktowa\u0107 telefonicznie, poczt\u0105 elektroniczn\u0105 lub listownie pod\nnast\u0119puj\u0105cymi numerami i adresami: <\/p>\n\n\n\n<p>Przedsi\u0119biorstwo Wielobran\u017cowe \u201eDREWMAX\u201d Tadeusz S\u0105siadek i Wsp\u00f3lnicy sp.j.<br>ul. Strzelecka 5, 47-230 K\u0119dzierzyn Ko\u017ale &#8211; z dopiskiem: \u201eochrona danych osobowych\u201d<\/p>\n\n\n\n<p>tel.  77 481 01 22 ; e-mail: rodo@drewmax.net.pl<\/p>","protected":false},"excerpt":{"rendered":"<p>Niniejsza polityka prywatno\u015bci zosta\u0142a przyj\u0119ta w zwi\u0105zku z wej\u015bciem w \u017cycie rozporz\u0105dzenia Parlamentu Europejskiego i Rady (UE) nr 2016\/679 z dnia 27 kwietnia 2016 r.&nbsp; w sprawie ochrony os\u00f3b fizycznych w zwi\u0105zku z przetwarzaniem danych osobowych i w sprawie swobodnego przep\u0142ywu takich danych oraz uchylenia dyrektywy 95\/46\/WE (Dziennik Urz\u0119dowy Unii Europejskiej nr L 119\/1 z&hellip;<\/p>\n","protected":false},"author":1,"featured_media":0,"parent":0,"menu_order":0,"comment_status":"closed","ping_status":"closed","template":"","meta":[],"yoast_head":"<!-- This site is optimized with the Yoast SEO Premium plugin v15.5 - https:\/\/yoast.com\/wordpress\/plugins\/seo\/ -->\n<title>Polityka prywatno\u015bci - Drewmax<\/title>\n<meta name=\"robots\" content=\"index, follow, max-snippet:-1, max-image-preview:large, max-video-preview:-1\" \/>\n<link rel=\"canonical\" href=\"https:\/\/drewmax.net.pl\/en\/polityka-prywatnosci-2\/\" \/>\n<meta property=\"og:locale\" content=\"en_US\" \/>\n<meta property=\"og:type\" content=\"article\" \/>\n<meta property=\"og:title\" content=\"Polityka prywatno\u015bci - Drewmax\" \/>\n<meta property=\"og:description\" content=\"Niniejsza polityka prywatno\u015bci zosta\u0142a przyj\u0119ta w zwi\u0105zku z wej\u015bciem w \u017cycie rozporz\u0105dzenia Parlamentu Europejskiego i Rady (UE) nr 2016\/679 z dnia 27 kwietnia 2016 r.&nbsp; w sprawie ochrony os\u00f3b fizycznych w zwi\u0105zku z przetwarzaniem danych osobowych i w sprawie swobodnego przep\u0142ywu takich danych oraz uchylenia dyrektywy 95\/46\/WE (Dziennik Urz\u0119dowy Unii Europejskiej nr L 119\/1 z&hellip;\" \/>\n<meta property=\"og:url\" content=\"https:\/\/drewmax.net.pl\/en\/polityka-prywatnosci-2\/\" \/>\n<meta property=\"og:site_name\" content=\"Drewmax\" \/>\n<meta property=\"article:publisher\" content=\"https:\/\/www.facebook.com\/Drewmax-111641623604429\/\" \/>\n<meta property=\"article:modified_time\" content=\"2024-02-22T08:31:07+00:00\" \/>\n<meta name=\"twitter:card\" content=\"summary_large_image\" \/>\n<meta name=\"twitter:label1\" content=\"Est. reading time\">\n\t<meta name=\"twitter:data1\" content=\"15 minutes\">\n<script type=\"application\/ld+json\" class=\"yoast-schema-graph\">{\"@context\":\"https:\/\/schema.org\",\"@graph\":[{\"@type\":\"Organization\",\"@id\":\"https:\/\/drewmax.net.pl\/en\/#organization\",\"name\":\"DREWMAX Sp\\u00f3\\u0142ka z o.o.\",\"url\":\"https:\/\/drewmax.net.pl\/en\/\",\"sameAs\":[\"https:\/\/www.facebook.com\/Drewmax-111641623604429\/\",\"https:\/\/www.instagram.com\/drewmax.net.pl\/\",\"https:\/\/www.youtube.com\/channel\/UCCS8U5F8gSyJAlSWjxgbLRQ\"],\"logo\":{\"@type\":\"ImageObject\",\"@id\":\"https:\/\/drewmax.net.pl\/en\/#logo\",\"inLanguage\":\"en-US\",\"url\":\"\",\"caption\":\"DREWMAX Sp\\u00f3\\u0142ka z o.o.\"},\"image\":{\"@id\":\"https:\/\/drewmax.net.pl\/en\/#logo\"}},{\"@type\":\"WebSite\",\"@id\":\"https:\/\/drewmax.net.pl\/en\/#website\",\"url\":\"https:\/\/drewmax.net.pl\/en\/\",\"name\":\"Drewmax\",\"description\":\"\",\"publisher\":{\"@id\":\"https:\/\/drewmax.net.pl\/en\/#organization\"},\"potentialAction\":[{\"@type\":\"SearchAction\",\"target\":\"https:\/\/drewmax.net.pl\/en\/?s={search_term_string}\",\"query-input\":\"required name=search_term_string\"}],\"inLanguage\":\"en-US\"},{\"@type\":\"WebPage\",\"@id\":\"https:\/\/drewmax.net.pl\/en\/polityka-prywatnosci-2\/#webpage\",\"url\":\"https:\/\/drewmax.net.pl\/en\/polityka-prywatnosci-2\/\",\"name\":\"Polityka prywatno\\u015bci - Drewmax\",\"isPartOf\":{\"@id\":\"https:\/\/drewmax.net.pl\/en\/#website\"},\"datePublished\":\"2019-06-10T10:02:09+00:00\",\"dateModified\":\"2024-02-22T08:31:07+00:00\",\"breadcrumb\":{\"@id\":\"https:\/\/drewmax.net.pl\/en\/polityka-prywatnosci-2\/#breadcrumb\"},\"inLanguage\":\"en-US\",\"potentialAction\":[{\"@type\":\"ReadAction\",\"target\":[\"https:\/\/drewmax.net.pl\/en\/polityka-prywatnosci-2\/\"]}]},{\"@type\":\"BreadcrumbList\",\"@id\":\"https:\/\/drewmax.net.pl\/en\/polityka-prywatnosci-2\/#breadcrumb\",\"itemListElement\":[{\"@type\":\"ListItem\",\"position\":1,\"item\":{\"@type\":\"WebPage\",\"@id\":\"https:\/\/drewmax.net.pl\/\",\"url\":\"https:\/\/drewmax.net.pl\/\",\"name\":\"Home\"}},{\"@type\":\"ListItem\",\"position\":2,\"item\":{\"@type\":\"WebPage\",\"@id\":\"https:\/\/drewmax.net.pl\/en\/polityka-prywatnosci-2\/\",\"url\":\"https:\/\/drewmax.net.pl\/en\/polityka-prywatnosci-2\/\",\"name\":\"Polityka prywatno\\u015bci\"}}]}]}<\/script>\n<!-- \/ Yoast SEO Premium plugin. -->","_links":{"self":[{"href":"https:\/\/drewmax.net.pl\/en\/wp-json\/wp\/v2\/pages\/1351"}],"collection":[{"href":"https:\/\/drewmax.net.pl\/en\/wp-json\/wp\/v2\/pages"}],"about":[{"href":"https:\/\/drewmax.net.pl\/en\/wp-json\/wp\/v2\/types\/page"}],"author":[{"embeddable":true,"href":"https:\/\/drewmax.net.pl\/en\/wp-json\/wp\/v2\/users\/1"}],"replies":[{"embeddable":true,"href":"https:\/\/drewmax.net.pl\/en\/wp-json\/wp\/v2\/comments?post=1351"}],"version-history":[{"count":3,"href":"https:\/\/drewmax.net.pl\/en\/wp-json\/wp\/v2\/pages\/1351\/revisions"}],"predecessor-version":[{"id":22032,"href":"https:\/\/drewmax.net.pl\/en\/wp-json\/wp\/v2\/pages\/1351\/revisions\/22032"}],"wp:attachment":[{"href":"https:\/\/drewmax.net.pl\/en\/wp-json\/wp\/v2\/media?parent=1351"}],"curies":[{"name":"wp","href":"https:\/\/api.w.org\/{rel}","templated":true}]}}