{"id":91,"date":"2016-07-21T10:43:03","date_gmt":"2016-07-21T08:43:03","guid":{"rendered":"http:\/\/drewmax.net.pl\/?page_id=91"},"modified":"2026-03-31T12:48:08","modified_gmt":"2026-03-31T10:48:08","slug":"wns","status":"publish","type":"page","link":"https:\/\/drewmax.net.pl\/de\/wns\/","title":{"rendered":"P\u00f3\u0142automatyczna linia wa\u017c\u0105co pakuj\u0105ca typ WN\/S"},"content":{"rendered":"\t\t<div data-elementor-type=\"wp-post\" data-elementor-id=\"91\" class=\"elementor elementor-91\" data-elementor-settings=\"[]\">\n\t\t\t\t\t\t<div class=\"elementor-inner\">\n\t\t\t\t\t\t\t<div class=\"elementor-section-wrap\">\n\t\t\t\t\t\t\t<section class=\"elementor-section elementor-top-section elementor-element elementor-element-248cd44 elementor-section-boxed elementor-section-height-default elementor-section-height-default\" data-id=\"248cd44\" data-element_type=\"section\" data-settings=\"{&quot;background_background&quot;:&quot;classic&quot;}\">\n\t\t\t\t\t\t<div class=\"elementor-container elementor-column-gap-default\">\n\t\t\t\t\t\t\t<div class=\"elementor-row\">\n\t\t\t\t\t<div class=\"elementor-column elementor-col-100 elementor-top-column elementor-element elementor-element-48d5f56\" data-id=\"48d5f56\" data-element_type=\"column\">\n\t\t\t<div class=\"elementor-column-wrap elementor-element-populated\">\n\t\t\t\t\t\t\t<div class=\"elementor-widget-wrap\">\n\t\t\t\t\t\t<div class=\"elementor-element elementor-element-18c8e2e elementor-widget elementor-widget-heading\" data-id=\"18c8e2e\" data-element_type=\"widget\" data-widget_type=\"heading.default\">\n\t\t\t\t<div class=\"elementor-widget-container\">\n\t\t\t<h2 class=\"elementor-heading-title elementor-size-xl\"> Halbautomatische W\u00e4ge- und Verpackungslinie\nTyp WN\/S\n<\/h2>\t\t<\/div>\n\t\t\t\t<\/div>\n\t\t\t\t\t\t<\/div>\n\t\t\t\t\t<\/div>\n\t\t<\/div>\n\t\t\t\t\t\t\t\t<\/div>\n\t\t\t\t\t<\/div>\n\t\t<\/section>\n\t\t\t\t<section class=\"elementor-section elementor-top-section elementor-element elementor-element-c8c8eef elementor-section-boxed elementor-section-height-default elementor-section-height-default\" data-id=\"c8c8eef\" data-element_type=\"section\" data-settings=\"{&quot;background_background&quot;:&quot;classic&quot;}\">\n\t\t\t\t\t\t<div class=\"elementor-container elementor-column-gap-default\">\n\t\t\t\t\t\t\t<div class=\"elementor-row\">\n\t\t\t\t\t<div class=\"elementor-column elementor-col-100 elementor-top-column elementor-element elementor-element-a62e050\" data-id=\"a62e050\" data-element_type=\"column\">\n\t\t\t<div class=\"elementor-column-wrap elementor-element-populated\">\n\t\t\t\t\t\t\t<div class=\"elementor-widget-wrap\">\n\t\t\t\t\t\t<div class=\"elementor-element elementor-element-be20c4c elementor-widget elementor-widget-text-editor\" data-id=\"be20c4c\" data-element_type=\"widget\" data-widget_type=\"text-editor.default\">\n\t\t\t\t<div class=\"elementor-widget-container\">\n\t\t\t\t\t\t\t\t<div class=\"elementor-text-editor elementor-clearfix\">\n\t\t\t\t<p><br data-start=\"29\" data-end=\"32\" \/>Um unser Angebot um eine zus\u00e4tzliche Leistungsstufe zu erweitern, hat unser Konstruktions-Team die halbautomatische Wiege- und Verpackungslinie WN\/S entwickelt, die bei vielen Herstellern Anerkennung gefunden hat und zudem eine hervorragende Erg\u00e4nzung unserer Produktpalette darstellt.<\/p><p data-start=\"327\" data-end=\"463\">Die WN\/S-Linie ist ein halbautomatisches Wiege- und Verpackungsger\u00e4t f\u00fcr <strong>Sch\u00fctt- \/ Staubprodukte<\/strong> unter Verwendung von <strong>offenen Beuteln<\/strong>.<\/p><p data-start=\"469\" data-end=\"688\">Die vorgestellte Linie ist mit einem entsprechend gestalteten W\u00e4gekorb ausgestattet, der \u00fcber Schneckenf\u00f6rderer mit unterschiedlichen Durchmessern bef\u00fcllt wird. Diese Art der Dosierung wird als Nettosystem bezeichnet.<\/p><p data-start=\"694\" data-end=\"788\">Durch diese L\u00f6sung haben wir eine Linienleistung von bis zu <strong>400 Portionen pro Stunde erreicht<\/strong>.<\/p><p data-start=\"792\" data-end=\"1094\"><\/p>\t\t\t\t\t<\/div>\n\t\t\t\t\t\t<\/div>\n\t\t\t\t<\/div>\n\t\t\t\t\t\t<\/div>\n\t\t\t\t\t<\/div>\n\t\t<\/div>\n\t\t\t\t\t\t\t\t<\/div>\n\t\t\t\t\t<\/div>\n\t\t<\/section>\n\t\t\t\t<section class=\"elementor-section elementor-top-section elementor-element elementor-element-269bac6 elementor-section-boxed elementor-section-height-default elementor-section-height-default\" data-id=\"269bac6\" data-element_type=\"section\" data-settings=\"{&quot;background_background&quot;:&quot;classic&quot;}\">\n\t\t\t\t\t\t<div class=\"elementor-container elementor-column-gap-default\">\n\t\t\t\t\t\t\t<div class=\"elementor-row\">\n\t\t\t\t\t<div class=\"elementor-column elementor-col-100 elementor-top-column elementor-element elementor-element-0c1e01b\" data-id=\"0c1e01b\" data-element_type=\"column\">\n\t\t\t<div class=\"elementor-column-wrap elementor-element-populated\">\n\t\t\t\t\t\t\t<div class=\"elementor-widget-wrap\">\n\t\t\t\t\t\t<div class=\"elementor-element elementor-element-b04bd8e elementor-widget elementor-widget-html\" data-id=\"b04bd8e\" data-element_type=\"widget\" data-widget_type=\"html.default\">\n\t\t\t\t<div class=\"elementor-widget-container\">\n\t\t\t<noscript>\r\n    <img src=\"\/rendery\/wns\/1.jpg\" alt=\"wns\">\r\n<\/noscript>\r\n    <div\r\n      class=\"cloudimage-360\"\r\n      data-folder=\"\/rendery\/wns\/\"\r\n      data-filename=\"{index}.jpg\"\r\n      data-amount=\"72\"\r\n      data-magnifier=\"3\"\r\n      data-spin-reverse\r\n    ><\/div>\r\n    <!-- Add script tag with CDN link to js-cloudimage-360-view lib after all content in body tag -->\r\n    <script src=\"\/rendery\/wbs\/wbs.js\"><\/script>\t\t<\/div>\n\t\t\t\t<\/div>\n\t\t\t\t\t\t<\/div>\n\t\t\t\t\t<\/div>\n\t\t<\/div>\n\t\t\t\t\t\t\t\t<\/div>\n\t\t\t\t\t<\/div>\n\t\t<\/section>\n\t\t\t\t<section class=\"elementor-section elementor-top-section elementor-element elementor-element-6fbe0ff elementor-section-boxed elementor-section-height-default elementor-section-height-default\" data-id=\"6fbe0ff\" data-element_type=\"section\" data-settings=\"{&quot;background_background&quot;:&quot;classic&quot;}\">\n\t\t\t\t\t\t<div class=\"elementor-container elementor-column-gap-default\">\n\t\t\t\t\t\t\t<div class=\"elementor-row\">\n\t\t\t\t\t<div class=\"elementor-column elementor-col-100 elementor-top-column elementor-element elementor-element-9f9bfc4\" data-id=\"9f9bfc4\" data-element_type=\"column\">\n\t\t\t<div class=\"elementor-column-wrap elementor-element-populated\">\n\t\t\t\t\t\t\t<div class=\"elementor-widget-wrap\">\n\t\t\t\t\t\t<div class=\"elementor-element elementor-element-95ee81e elementor-widget elementor-widget-text-editor\" data-id=\"95ee81e\" data-element_type=\"widget\" data-widget_type=\"text-editor.default\">\n\t\t\t\t<div class=\"elementor-widget-container\">\n\t\t\t\t\t\t\t\t<div class=\"elementor-text-editor elementor-clearfix\">\n\t\t\t\t<p><br data-start=\"29\" data-end=\"32\" \/><span style=\"text-decoration: underline;\"><strong data-start=\"34\" data-end=\"74\">Grundlegende Komponenten des Ger\u00e4ts:<\/strong><\/span><\/p><ul data-start=\"79\" data-end=\"607\"><li data-start=\"79\" data-end=\"127\">St\u00fctzstruktur der Linie mit Arbeitsplattform<\/li><li data-start=\"130\" data-end=\"180\">Elektronische Portionierwaage des Nettosystems<\/li><li data-start=\"183\" data-end=\"204\">Schneckenf\u00f6rderer<\/li><li data-start=\"207\" data-end=\"222\">Offene D\u00fcse<\/li><li data-start=\"225\" data-end=\"263\">F\u00f6rderband zum Transport der S\u00e4cke<\/li><li data-start=\"266\" data-end=\"312\">H\u00f6henregulierungssystem f\u00fcr das F\u00f6rderband<\/li><li data-start=\"315\" data-end=\"366\">System zur F\u00fchrung des oberen Teils des Beutels<\/li><li data-start=\"369\" data-end=\"392\">Einf\u00e4diger N\u00e4hger\u00e4t<\/li><li data-start=\"395\" data-end=\"455\">Seitenf\u00f6rderband zur Aufnahme der S\u00e4cke mit Umkehrsystem<\/li><li data-start=\"458\" data-end=\"551\">Verst\u00e4ndliches Steuerungssystem basierend auf einem Siemens PLC-Controller mit Touchpanel<\/li><li data-start=\"554\" data-end=\"607\">Eingesetzte Antriebe\/Servoantriebe SEW oder LENZE<\/li><\/ul><p data-start=\"611\" data-end=\"639\"><span style=\"text-decoration: underline;\"><strong data-start=\"611\" data-end=\"637\">Optionale Ausstattung:<\/strong><\/span><\/p><ul><li>System zum Wickeln des oberen Teils des Beutels<\/li><li>System zum Aufbringen von Kreppband<\/li><li>System zur Absaugung des Produkts im Sack<\/li><li>Vibrationssystem f\u00fcr den bef\u00fcllten Sack<\/li><li>System zur Reinigung der Zuf\u00fchrsysteme<\/li><li>Impuls- oder Dauerhei\u00dfsiegler<\/li><li>Zweif\u00e4diges N\u00e4hger\u00e4t<\/li><li>\u00dcbergewichtiger Puffertank<\/li><\/ul><p><\/p>\t\t\t\t\t<\/div>\n\t\t\t\t\t\t<\/div>\n\t\t\t\t<\/div>\n\t\t\t\t\t\t<\/div>\n\t\t\t\t\t<\/div>\n\t\t<\/div>\n\t\t\t\t<div class=\"elementor-column elementor-col-100 elementor-top-column elementor-element elementor-element-0bcf152\" data-id=\"0bcf152\" data-element_type=\"column\">\n\t\t\t<div class=\"elementor-column-wrap elementor-element-populated\">\n\t\t\t\t\t\t\t<div class=\"elementor-widget-wrap\">\n\t\t\t\t\t\t<div class=\"elementor-element elementor-element-809fe0f elementor-widget elementor-widget-text-editor\" data-id=\"809fe0f\" data-element_type=\"widget\" data-widget_type=\"text-editor.default\">\n\t\t\t\t<div class=\"elementor-widget-container\">\n\t\t\t\t\t\t\t\t<div class=\"elementor-text-editor elementor-clearfix\">\n\t\t\t\t<p><br data-start=\"29\" data-end=\"32\" \/><span style=\"text-decoration: underline;\"><strong data-start=\"34\" data-end=\"64\">Technische Hauptparameter:<\/strong><\/span><\/p><ul><li>Maximales Portierrgewicht: 50 kg<\/li><li>Minimales Portierrgewicht: 10 kg<\/li><li>Linienleistung: bis zu 400 Portionen\/Stunde (abh\u00e4ngig vom Bediener, den Produkteigenschaften und der Portionsgr\u00f6\u00dfe)<\/li><li>Beuteltyp: Offene, mehrlagige Papiers\u00e4cke (bis zu 4 Lagen), empfohlen mit Klappenboden ohne seitliche Falten, PE-Folienbeutel, beschichtete PP-Beutel<\/li><li>Beutelh\u00f6he: 450 \u2013 650 mm<\/li><li>Beutell\u00e4nge: 600 \u2013 1100 mm<\/li><li>Elektrische Versorgung: 3 x 400 V 50 Hz<\/li><li>Leistungsaufnahme: max. 4,5 kW<\/li><li>Druckluftversorgung: 5 \u2013 10 bar<\/li><li>Druckluftverbrauch: 240-400 Nl\/min<\/li><\/ul><p><\/p>\t\t\t\t\t<\/div>\n\t\t\t\t\t\t<\/div>\n\t\t\t\t<\/div>\n\t\t\t\t\t\t<\/div>\n\t\t\t\t\t<\/div>\n\t\t<\/div>\n\t\t\t\t\t\t\t\t<\/div>\n\t\t\t\t\t<\/div>\n\t\t<\/section>\n\t\t\t\t<section class=\"elementor-section elementor-top-section elementor-element elementor-element-3e3d3e6 elementor-section-boxed elementor-section-height-default elementor-section-height-default\" data-id=\"3e3d3e6\" data-element_type=\"section\" data-settings=\"{&quot;background_background&quot;:&quot;classic&quot;}\">\n\t\t\t\t\t\t<div class=\"elementor-container elementor-column-gap-default\">\n\t\t\t\t\t\t\t<div class=\"elementor-row\">\n\t\t\t\t\t<div class=\"elementor-column elementor-col-100 elementor-top-column elementor-element elementor-element-a98ed75\" data-id=\"a98ed75\" data-element_type=\"column\">\n\t\t\t<div class=\"elementor-column-wrap elementor-element-populated\">\n\t\t\t\t\t\t\t<div class=\"elementor-widget-wrap\">\n\t\t\t\t\t\t<div class=\"elementor-element elementor-element-621960b elementor-align-center elementor-widget elementor-widget-button\" data-id=\"621960b\" data-element_type=\"widget\" data-widget_type=\"button.default\">\n\t\t\t\t<div class=\"elementor-widget-container\">\n\t\t\t\t\t<div class=\"elementor-button-wrapper\">\n\t\t\t<a href=\"https:\/\/drewmax.net.pl\/wp-content\/uploads\/2025\/03\/Polautomatyczna-linia-wazaco-pakujaca-WNS_complet_de.pdf\" target=\"_blank\" class=\"elementor-button-link elementor-button elementor-size-lg\" role=\"button\">\n\t\t\t\t\t\t<span class=\"elementor-button-content-wrapper\">\n\t\t\t\t\t\t<span class=\"elementor-button-icon elementor-align-icon-right\">\n\t\t\t\t<i aria-hidden=\"true\" class=\"fas fa-download\"><\/i>\t\t\t<\/span>\n\t\t\t\t\t\t<span class=\"elementor-button-text\">Produktdatenblatt herunterladen<\/span>\n\t\t<\/span>\n\t\t\t\t\t<\/a>\n\t\t<\/div>\n\t\t\t\t<\/div>\n\t\t\t\t<\/div>\n\t\t\t\t<div class=\"elementor-element elementor-element-04a8dc4 elementor-widget elementor-widget-html\" data-id=\"04a8dc4\" data-element_type=\"widget\" data-widget_type=\"html.default\">\n\t\t\t\t<div class=\"elementor-widget-container\">\n\t\t\t<script type=\"application\/ld+json\">\r\n{\r\n  \"@context\" : \"http:\/\/schema.org\",\r\n  \"@type\" : \"Product\",\r\n  \"name\" : \"P\u00f3\u0142automatyczna linia wa\u017c\u0105co pakuj\u0105ca typ WN\/S\",\r\n  \"image\" : \"https:\/\/drewmax.net.pl\/wp-content\/uploads\/2019\/07\/wns.png\",\r\n  \"description\" : \"Podstawowe parametry techniczne:<\/U><\/SPAN><\/P><UL><LI><SPAN style=\\\"background-color: rgba(255, 255, 255, 0);\\\">Maksymalna masa porcji: 50kg,<\/SPAN><\/LI><LI><SPAN style=\\\"background-color: rgba(255, 255, 255, 0);\\\">Minimalna masa porcji: 10kg,<\/SPAN><\/LI><LI><SPAN style=\\\"background-color: rgba(255, 255, 255, 0);\\\">Wydajno\u015b\u0107 linii: do 400 porcji\/godz. (zale\u017cnie od operatora, w\u0142asno\u015bci produktu oraz wielko\u015bci porcji)<\/SPAN><\/LI><LI><SPAN style=\\\"background-color: rgba(255, 255, 255, 0);\\\">Typ work\u00f3w: otwarte, papierowe wielowarstwowe (do 4 warstw), zalecane z dnem kopertowym bez bocznych fa\u0142d, worki foliowe PE, worki polipropylenowe PP powlekane,<\/SPAN><\/LI><LI><SPAN style=\\\"background-color: rgba(255, 255, 255, 0);\\\">Szeroko\u015b\u0107 worka: 450 \u2013 650mm,<\/SPAN><\/LI><LI><SPAN style=\\\"background-color: rgba(255, 255, 255, 0);\\\">D\u0142ugo\u015b\u0107 work\u00f3w: 600 \u2013 1100mm<\/SPAN><\/LI><LI><SPAN style=\\\"background-color: rgba(255, 255, 255, 0);\\\">Zasilanie elektryczne: 3 x 400V 50Hz,<\/SPAN><\/LI><LI><SPAN style=\\\"background-color: rgba(255, 255, 255, 0);\\\">Zapotrzebowanie mocy: max. 4,5kW,<\/SPAN><\/LI><LI><SPAN style=\\\"background-color: rgba(255, 255, 255, 0);\\\">Zasilanie w spr\u0119\u017cone powietrze: 5 \u2013 10bar,<\/SPAN><\/LI><LI><SPAN style=\\\"background-color: rgba(255, 255, 255, 0);\\\">Zu\u017cycie spr\u0119\u017conego powietrza 240-400Nl\/min\",\r\n  \"brand\" : {\r\n    \"@type\" : \"Brand\",\r\n    \"name\" : \"DREWMAX\",\r\n    \"logo\" : \"https:\/\/drewmax.net.pl\/wp-content\/uploads\/2019\/06\/drewmax-logo_v2-1.png\"\r\n  },\r\n  \"sku\" : \"WN\/S\",\r\n  \"identifier\": {\r\n \"@type\": \"PropertyValue\",\r\n   \"propertyID\": \"Model\",\r\n   \"value\":  \"WN\/S\"\r\n   },\r\n \"aggregateRating\": {\r\n    \"@type\": \"AggregateRating\",\r\n    \"ratingValue\": \"4.4\",\r\n    \"reviewCount\": \"101\"\r\n  },\r\n   \"offers\": {\r\n    \"@type\": \"AggregateOffer\",\r\n    \"lowPrice\": 230000.0000,\r\n    \"highPrice\": 350000.0000,\r\n    \"priceCurrency\": \"PLN\",\r\n    \"itemCondition\": \"NewCondition\",\r\n\t\"offerCount\": \"5\"\r\n  },\r\n  \"review\": {\r\n    \"@type\": \"Review\",\r\n    \"author\": \"Wojciech\",\r\n    \"datePublished\": \"2019-11-30\",\r\n    \"name\": \"Drewmax | Maszyny pakuj\u0105ce - referencje\",\r\n    \"reviewBody\": \"Zapytaj nas o referencje lub zajrzyj na stron\u0119\"\r\n  },\r\n  \"mpn\" : \"WN\/S\"\r\n}\r\n<\/script>\r\n\r\n<script type=\"application\/ld+json\">\r\n{\r\n  \"@context\" : \"http:\/\/schema.org\",\r\n  \"@type\" : \"Article\",\r\n  \"name\" : \"P\u00f3\u0142automatyczna linia wa\u017c\u0105co pakuj\u0105ca typ WN\/S\",\r\n  \"headline\" : \"Linia wa\u017c\u0105co pakujaca do produkt\u00f3w sypkich i pylistych!\",\r\n  \"author\" : {\r\n    \"@type\" : \"Person\",\r\n    \"name\" : \"Wojciech S\u0105siadek\"\r\n  },\r\n  \"datePublished\" : \"2019-11-30\",\r\n  \"dateModified\" : \"2019-12-10\",\r\n  \"image\" : \"https:\/\/drewmax.net.pl\/wp-content\/uploads\/2019\/07\/wns.png\",\r\n  \"articleBody\" : \"Aby uzupe\u0142ni\u0107 swoj\u0105 ofert\u0119 o dodatkowy  pu\u0142ap wydajno\u015bci, zesp\u00f3\u0142 naszych konstruktor\u00f3w zaprojektowa\u0142 p\u00f3\u0142automatyczn\u0105 linie wa\u017c\u0105co pakuj\u0105c\u0105 typ WN\/S, kt\u00f3ra znalaz\u0142a uznanie w\u015br\u00f3d wielu producent\u00f3w, a ponadto jest doskona\u0142ym uzupe\u0142nieniem gamy naszych produkt\u00f3w.<\/P><P>Linia WN\/S jest p\u00f3\u0142automatycznym urz\u0105dzeniem wa\u017c\u0105co pakuj\u0105cym do produkt\u00f3w <SPAN style=\\\"font-weight: bold;\\\">sypkich\/pylistych<\/SPAN> przy zastosowaniu <SPAN style=\\\"font-weight: bold;\\\">work\u00f3w typu otwartego<\/SPAN>.<\/P><P>Przedstawiona linia wyposa\u017cona jest w odpowiednio ukszta\u0142towany kosz wagowy, kt\u00f3ry nape\u0142niany jest poprzez dozowniki \u015blimakowe o r\u00f3\u017cnych \u015brednicach. Ten rodzaj nawa\u017cania produkt\u00f3w nazywany jest systemem netto.<\/P><P>Dzi\u0119ki takiemu rozwi\u0105zaniu uzyskali\u015bmy wydajno\u015b\u0107 linii dochodz\u0105c\u0105 do <SPAN style=\\\"font-weight: bold;\\\">400 porcji na godzin\u0119<\/SPAN>.\",\r\n  \"url\" : \"https:\/\/drewmax.net.pl\/linie-wazaco-pakujace-1\/wns\/\",\r\n  \"mainEntityOfPage\": {\r\n    \"@type\": \"WebPage\",\r\n    \"@id\": \"https:\/\/drewmax.net.pl\/\"\r\n  },\r\n  \"publisher\" : {\r\n    \"@type\" : \"Organization\",\r\n    \"name\" : \"Przedsi\u0119biorstwo Wielobran\u017cowe Drewmax Tadeusz S\u0105siadek i Wsp\u00f3lnicy Sp\u00f3\u0142ka Jawna\",\r\n\t\"logo\" : {\r\n\t\t\"@type\": \"ImageObject\",\r\n\t\t\"url\": \"https:\/\/drewmax.net.pl\/wp-content\/uploads\/2019\/06\/drewmax-logo_v2-1.png\"\r\n\t}\t\r\n  }\r\n  \r\n}\r\n<\/script>\t\t<\/div>\n\t\t\t\t<\/div>\n\t\t\t\t\t\t<\/div>\n\t\t\t\t\t<\/div>\n\t\t<\/div>\n\t\t\t\t\t\t\t\t<\/div>\n\t\t\t\t\t<\/div>\n\t\t<\/section>\n\t\t\t\t\t\t<\/div>\n\t\t\t\t\t\t<\/div>\n\t\t\t\t\t<\/div>\n\t\t","protected":false},"excerpt":{"rendered":"<p>Halbautomatische W\u00e4ge- und Verpackungslinie Typ WN\/S Um unser Angebot um eine zus\u00e4tzliche Leistungsstufe zu erweitern, hat unser Konstruktions-Team die halbautomatische Wiege- und Verpackungslinie WN\/S entwickelt, die bei vielen Herstellern Anerkennung gefunden hat und zudem eine hervorragende Erg\u00e4nzung unserer Produktpalette darstellt. Die WN\/S-Linie ist ein halbautomatisches Wiege- und Verpackungsger\u00e4t f\u00fcr Sch\u00fctt- \/ Staubprodukte unter Verwendung von&hellip;<\/p>\n","protected":false},"author":1,"featured_media":12133,"parent":0,"menu_order":0,"comment_status":"closed","ping_status":"closed","template":"","meta":[],"yoast_head":"<!-- This site is optimized with the Yoast SEO Premium plugin v15.5 - https:\/\/yoast.com\/wordpress\/plugins\/seo\/ -->\n<title>Wa\u017cenie Pakowanie Paletyzacja Automatyka przemys\u0142owa linie PP PE<\/title>\n<meta name=\"description\" content=\"Wa\u017cenie Pakowanie Paletyzacja Automatyka przemys\u0142owa linie wa\u017c\u0105co - pakuj\u0105ce zbiorniki technologiczne mikrodozowanie linie PP PE\" \/>\n<meta name=\"robots\" content=\"index, follow, max-snippet:-1, max-image-preview:large, max-video-preview:-1\" \/>\n<link rel=\"canonical\" href=\"https:\/\/drewmax.net.pl\/wns\/\" \/>\n<meta property=\"og:locale\" content=\"de_DE\" \/>\n<meta property=\"og:type\" content=\"article\" \/>\n<meta property=\"og:title\" content=\"Wa\u017cenie Pakowanie Paletyzacja Automatyka przemys\u0142owa linie PP PE\" \/>\n<meta property=\"og:description\" content=\"Wa\u017cenie Pakowanie Paletyzacja Automatyka przemys\u0142owa linie wa\u017c\u0105co - pakuj\u0105ce zbiorniki technologiczne mikrodozowanie linie PP PE\" \/>\n<meta property=\"og:url\" content=\"https:\/\/drewmax.net.pl\/wns\/\" \/>\n<meta property=\"og:site_name\" content=\"(Polski) Drewmax - Wa\u017cenie | Pakowanie | Paletyzacja | Automatyka\" \/>\n<meta property=\"article:publisher\" content=\"https:\/\/www.facebook.com\/Drewmax-111641623604429\/\" \/>\n<meta property=\"article:modified_time\" content=\"2026-03-31T10:48:08+00:00\" \/>\n<meta name=\"twitter:card\" content=\"summary_large_image\" \/>\n<meta name=\"twitter:label1\" content=\"Gesch\u00e4tzte Lesezeit\">\n\t<meta name=\"twitter:data1\" content=\"9\u00a0Minuten\">\n<script type=\"application\/ld+json\" class=\"yoast-schema-graph\">{\"@context\":\"https:\/\/schema.org\",\"@graph\":[{\"@type\":\"Organization\",\"@id\":\"https:\/\/drewmax.net.pl\/en\/#organization\",\"name\":\"DREWMAX Sp\\u00f3\\u0142ka z o.o.\",\"url\":\"https:\/\/drewmax.net.pl\/en\/\",\"sameAs\":[\"https:\/\/www.facebook.com\/Drewmax-111641623604429\/\",\"https:\/\/www.instagram.com\/drewmax.net.pl\/\",\"https:\/\/www.youtube.com\/channel\/UCCS8U5F8gSyJAlSWjxgbLRQ\"],\"logo\":{\"@type\":\"ImageObject\",\"@id\":\"https:\/\/drewmax.net.pl\/en\/#logo\",\"inLanguage\":\"de\",\"url\":\"\",\"caption\":\"DREWMAX Sp\\u00f3\\u0142ka z o.o.\"},\"image\":{\"@id\":\"https:\/\/drewmax.net.pl\/en\/#logo\"}},{\"@type\":\"WebSite\",\"@id\":\"https:\/\/drewmax.net.pl\/en\/#website\",\"url\":\"https:\/\/drewmax.net.pl\/en\/\",\"name\":\"(Polski) Drewmax - Wa\\u017cenie | Pakowanie | Paletyzacja | Automatyka\",\"description\":\"\",\"publisher\":{\"@id\":\"https:\/\/drewmax.net.pl\/en\/#organization\"},\"potentialAction\":[{\"@type\":\"SearchAction\",\"target\":\"https:\/\/drewmax.net.pl\/en\/?s={search_term_string}\",\"query-input\":\"required name=search_term_string\"}],\"inLanguage\":\"de\"},{\"@type\":\"ImageObject\",\"@id\":\"https:\/\/drewmax.net.pl\/wns\/#primaryimage\",\"inLanguage\":\"de\",\"url\":\"\"},{\"@type\":\"WebPage\",\"@id\":\"https:\/\/drewmax.net.pl\/wns\/#webpage\",\"url\":\"https:\/\/drewmax.net.pl\/wns\/\",\"name\":\"Wa\\u017cenie Pakowanie Paletyzacja Automatyka przemys\\u0142owa linie PP PE\",\"isPartOf\":{\"@id\":\"https:\/\/drewmax.net.pl\/en\/#website\"},\"primaryImageOfPage\":{\"@id\":\"https:\/\/drewmax.net.pl\/wns\/#primaryimage\"},\"datePublished\":\"2016-07-21T08:43:03+00:00\",\"dateModified\":\"2026-03-31T10:48:08+00:00\",\"description\":\"Wa\\u017cenie Pakowanie Paletyzacja Automatyka przemys\\u0142owa linie wa\\u017c\\u0105co - pakuj\\u0105ce zbiorniki technologiczne mikrodozowanie linie PP PE\",\"breadcrumb\":{\"@id\":\"https:\/\/drewmax.net.pl\/wns\/#breadcrumb\"},\"inLanguage\":\"de\",\"potentialAction\":[{\"@type\":\"ReadAction\",\"target\":[\"https:\/\/drewmax.net.pl\/wns\/\"]}]},{\"@type\":\"BreadcrumbList\",\"@id\":\"https:\/\/drewmax.net.pl\/wns\/#breadcrumb\",\"itemListElement\":[{\"@type\":\"ListItem\",\"position\":1,\"item\":{\"@type\":\"WebPage\",\"@id\":\"https:\/\/drewmax.net.pl\/\",\"url\":\"https:\/\/drewmax.net.pl\/\",\"name\":\"Home\"}},{\"@type\":\"ListItem\",\"position\":2,\"item\":{\"@type\":\"WebPage\",\"@id\":\"https:\/\/drewmax.net.pl\/wns\/\",\"url\":\"https:\/\/drewmax.net.pl\/wns\/\",\"name\":\"P\\u00f3\\u0142automatyczna linia wa\\u017c\\u0105co pakuj\\u0105ca typ WN\/S\"}}]}]}<\/script>\n<!-- \/ Yoast SEO Premium plugin. -->","_links":{"self":[{"href":"https:\/\/drewmax.net.pl\/de\/wp-json\/wp\/v2\/pages\/91"}],"collection":[{"href":"https:\/\/drewmax.net.pl\/de\/wp-json\/wp\/v2\/pages"}],"about":[{"href":"https:\/\/drewmax.net.pl\/de\/wp-json\/wp\/v2\/types\/page"}],"author":[{"embeddable":true,"href":"https:\/\/drewmax.net.pl\/de\/wp-json\/wp\/v2\/users\/1"}],"replies":[{"embeddable":true,"href":"https:\/\/drewmax.net.pl\/de\/wp-json\/wp\/v2\/comments?post=91"}],"version-history":[{"count":115,"href":"https:\/\/drewmax.net.pl\/de\/wp-json\/wp\/v2\/pages\/91\/revisions"}],"predecessor-version":[{"id":32532,"href":"https:\/\/drewmax.net.pl\/de\/wp-json\/wp\/v2\/pages\/91\/revisions\/32532"}],"wp:featuredmedia":[{"embeddable":true,"href":"https:\/\/drewmax.net.pl\/de\/wp-json\/wp\/v2\/media\/12133"}],"wp:attachment":[{"href":"https:\/\/drewmax.net.pl\/de\/wp-json\/wp\/v2\/media?parent=91"}],"curies":[{"name":"wp","href":"https:\/\/api.w.org\/{rel}","templated":true}]}}