{"id":88,"date":"2016-07-21T10:39:34","date_gmt":"2016-07-21T08:39:34","guid":{"rendered":"http:\/\/drewmax.net.pl\/?page_id=88"},"modified":"2025-04-03T13:36:40","modified_gmt":"2025-04-03T11:36:40","slug":"wbt","status":"publish","type":"page","link":"https:\/\/drewmax.net.pl\/de\/wbt\/","title":{"rendered":"P\u00f3\u0142automatyczna linia wa\u017c\u0105co pakuj\u0105ca typ WB\/T"},"content":{"rendered":"\t\t<div data-elementor-type=\"wp-post\" data-elementor-id=\"88\" class=\"elementor elementor-88\" data-elementor-settings=\"[]\">\n\t\t\t\t\t\t<div class=\"elementor-inner\">\n\t\t\t\t\t\t\t<div class=\"elementor-section-wrap\">\n\t\t\t\t\t\t\t<section class=\"elementor-section elementor-top-section elementor-element elementor-element-3a32986 elementor-section-boxed elementor-section-height-default elementor-section-height-default\" data-id=\"3a32986\" data-element_type=\"section\" data-settings=\"{&quot;background_background&quot;:&quot;classic&quot;}\">\n\t\t\t\t\t\t<div class=\"elementor-container elementor-column-gap-default\">\n\t\t\t\t\t\t\t<div class=\"elementor-row\">\n\t\t\t\t\t<div class=\"elementor-column elementor-col-100 elementor-top-column elementor-element elementor-element-2e2619e\" data-id=\"2e2619e\" data-element_type=\"column\">\n\t\t\t<div class=\"elementor-column-wrap elementor-element-populated\">\n\t\t\t\t\t\t\t<div class=\"elementor-widget-wrap\">\n\t\t\t\t\t\t<div class=\"elementor-element elementor-element-c0b06da elementor-widget elementor-widget-heading\" data-id=\"c0b06da\" data-element_type=\"widget\" data-widget_type=\"heading.default\">\n\t\t\t\t<div class=\"elementor-widget-container\">\n\t\t\t<h2 class=\"elementor-heading-title elementor-size-xl\"> Halbautomatische W\u00e4ge- und Verpackungslinie\nTyp WB\/T\n<\/h2>\t\t<\/div>\n\t\t\t\t<\/div>\n\t\t\t\t\t\t<\/div>\n\t\t\t\t\t<\/div>\n\t\t<\/div>\n\t\t\t\t\t\t\t\t<\/div>\n\t\t\t\t\t<\/div>\n\t\t<\/section>\n\t\t\t\t<section class=\"elementor-section elementor-top-section elementor-element elementor-element-214b71f elementor-section-boxed elementor-section-height-default elementor-section-height-default\" data-id=\"214b71f\" data-element_type=\"section\" data-settings=\"{&quot;background_background&quot;:&quot;classic&quot;}\">\n\t\t\t\t\t\t<div class=\"elementor-container elementor-column-gap-default\">\n\t\t\t\t\t\t\t<div class=\"elementor-row\">\n\t\t\t\t\t<div class=\"elementor-column elementor-col-100 elementor-top-column elementor-element elementor-element-82aad55\" data-id=\"82aad55\" data-element_type=\"column\">\n\t\t\t<div class=\"elementor-column-wrap elementor-element-populated\">\n\t\t\t\t\t\t\t<div class=\"elementor-widget-wrap\">\n\t\t\t\t\t\t<div class=\"elementor-element elementor-element-991867c elementor-widget elementor-widget-text-editor\" data-id=\"991867c\" data-element_type=\"widget\" data-widget_type=\"text-editor.default\">\n\t\t\t\t<div class=\"elementor-widget-container\">\n\t\t\t\t\t\t\t\t<div class=\"elementor-text-editor elementor-clearfix\">\n\t\t\t\t<p><br data-start=\"29\" data-end=\"32\" \/>Die Marktnachfrage hat dazu gef\u00fchrt, dass wir die halbautomatische Wiege- und Verpackungslinie WB\/T entwickelt haben, die Pr\u00e4zision bei der Dosierung, einen relativ niedrigen Preis und Benutzerfreundlichkeit vereint.<\/p><p data-start=\"258\" data-end=\"389\">Die WB\/T-Linie ist ein halbautomatisches Wiege- und Verpackungsger\u00e4t f\u00fcr Sch\u00fctt- \/ Granulatprodukte, das offene Beutel verwendet.<\/p><p data-start=\"395\" data-end=\"731\">Die vorgestellte Linie verf\u00fcgt \u00fcber ein W\u00e4geger\u00e4t, das an der D\u00fcse montiert ist und als Bruttosystem bezeichnet wird, was bedeutet, dass das Produkt \u00fcber ein F\u00f6rderband direkt in die Verpackung dosiert wird. Dadurch haben wir eine hohe Sauberkeit des gesamten Systems erreicht, was sich erheblich auf die Produktionsqualit\u00e4t auswirkt.<\/p><p data-start=\"737\" data-end=\"811\">Die WB\/T-Linie erreicht eine Leistung von bis zu <strong>280 Portionen pro Stunde.<\/strong><\/p><p data-start=\"815\" data-end=\"1021\"><\/p>\t\t\t\t\t<\/div>\n\t\t\t\t\t\t<\/div>\n\t\t\t\t<\/div>\n\t\t\t\t\t\t<\/div>\n\t\t\t\t\t<\/div>\n\t\t<\/div>\n\t\t\t\t\t\t\t\t<\/div>\n\t\t\t\t\t<\/div>\n\t\t<\/section>\n\t\t\t\t<section class=\"elementor-section elementor-top-section elementor-element elementor-element-7382f1f elementor-section-boxed elementor-section-height-default elementor-section-height-default\" data-id=\"7382f1f\" data-element_type=\"section\" data-settings=\"{&quot;background_background&quot;:&quot;classic&quot;}\">\n\t\t\t\t\t\t<div class=\"elementor-container elementor-column-gap-default\">\n\t\t\t\t\t\t\t<div class=\"elementor-row\">\n\t\t\t\t\t<div class=\"elementor-column elementor-col-100 elementor-top-column elementor-element elementor-element-ee9eb38\" data-id=\"ee9eb38\" data-element_type=\"column\">\n\t\t\t<div class=\"elementor-column-wrap elementor-element-populated\">\n\t\t\t\t\t\t\t<div class=\"elementor-widget-wrap\">\n\t\t\t\t\t\t<div class=\"elementor-element elementor-element-64beb5c elementor-widget elementor-widget-html\" data-id=\"64beb5c\" data-element_type=\"widget\" data-widget_type=\"html.default\">\n\t\t\t\t<div class=\"elementor-widget-container\">\n\t\t\t<noscript>\r\n    <img src=\"\/rendery\/wbt\/1.jpg\" alt=\"wbs\"\/>\r\n<\/noscript>\r\n    <div\r\n      class=\"cloudimage-360\"\r\n      data-folder=\"\/rendery\/wbt\/\"\r\n      data-filename=\"{index}.jpg\"\r\n      data-amount=\"72\"\r\n      data-magnifier=\"3\"\r\n      data-spin-reverse\r\n    ><\/div>\r\n    <!-- Add script tag with CDN link to js-cloudimage-360-view lib after all content in body tag -->\r\n    <script src=\"\/rendery\/wbs\/wbs.js\"><\/script>\t\t<\/div>\n\t\t\t\t<\/div>\n\t\t\t\t\t\t<\/div>\n\t\t\t\t\t<\/div>\n\t\t<\/div>\n\t\t\t\t\t\t\t\t<\/div>\n\t\t\t\t\t<\/div>\n\t\t<\/section>\n\t\t\t\t<section class=\"elementor-section elementor-top-section elementor-element elementor-element-0de773e elementor-section-boxed elementor-section-height-default elementor-section-height-default\" data-id=\"0de773e\" data-element_type=\"section\" data-settings=\"{&quot;background_background&quot;:&quot;classic&quot;}\">\n\t\t\t\t\t\t<div class=\"elementor-container elementor-column-gap-default\">\n\t\t\t\t\t\t\t<div class=\"elementor-row\">\n\t\t\t\t\t<div class=\"elementor-column elementor-col-50 elementor-top-column elementor-element elementor-element-12b0ccd\" data-id=\"12b0ccd\" data-element_type=\"column\">\n\t\t\t<div class=\"elementor-column-wrap elementor-element-populated\">\n\t\t\t\t\t\t\t<div class=\"elementor-widget-wrap\">\n\t\t\t\t\t\t<div class=\"elementor-element elementor-element-e7b91a0 elementor-widget elementor-widget-text-editor\" data-id=\"e7b91a0\" data-element_type=\"widget\" data-widget_type=\"text-editor.default\">\n\t\t\t\t<div class=\"elementor-widget-container\">\n\t\t\t\t\t\t\t\t<div class=\"elementor-text-editor elementor-clearfix\">\n\t\t\t\t<p><\/p><p data-start=\"20\" data-end=\"76\"><span style=\"text-decoration: underline;\"><strong data-start=\"34\" data-end=\"74\">Grundlegende Komponenten des Ger\u00e4ts:<\/strong><\/span><\/p><ul data-start=\"79\" data-end=\"614\"><li data-start=\"79\" data-end=\"127\">St\u00fctzstruktur der Linie mit Arbeitsplattform<\/li><li data-start=\"130\" data-end=\"181\">Elektronische Portionierwaage des Bruttosystems<\/li><li data-start=\"184\" data-end=\"206\">F\u00f6rderbanddosierer<\/li><li data-start=\"209\" data-end=\"224\">Offene D\u00fcse<\/li><li data-start=\"227\" data-end=\"270\">F\u00f6rderband f\u00fcr die Transport von S\u00e4cken<\/li><li data-start=\"273\" data-end=\"319\">H\u00f6henregulierungssystem f\u00fcr das F\u00f6rderband<\/li><li data-start=\"322\" data-end=\"373\">System zur F\u00fchrung des oberen Teils des Beutels<\/li><li data-start=\"376\" data-end=\"399\">Einf\u00e4diger N\u00e4hger\u00e4t<\/li><li data-start=\"402\" data-end=\"462\">Seitenf\u00f6rderband zur Aufnahme der S\u00e4cke mit Umkehrsystem<\/li><li data-start=\"465\" data-end=\"558\">Verst\u00e4ndliches Steuerungssystem basierend auf einem Siemens PLC-Controller mit Touchpanel<\/li><li data-start=\"561\" data-end=\"614\">Eingesetzte Antriebe\/Servoantriebe SEW oder LENZE<\/li><\/ul><p><span style=\"text-decoration: underline;\"><strong data-start=\"618\" data-end=\"644\">Optionale Ausstattung:<\/strong><\/span><\/p><ul><li>System zum Wickeln des oberen Teils des Beutels<\/li><li>System zum Aufbringen von Kreppband<\/li><li>System zur Absaugung des Produkts im Sack<\/li><li>Vibrationssystem f\u00fcr den bef\u00fcllten Sack<\/li><li>System zur Reinigung der Zuf\u00fchrsysteme<\/li><li>Impuls- oder Dauerhei\u00dfsiegler<\/li><li>Zweif\u00e4diges N\u00e4hger\u00e4t<\/li><li>\u00dcbergewichtiger Puffertank<\/li><\/ul><p data-start=\"979\" data-end=\"1033\"><\/p>\t\t\t\t\t<\/div>\n\t\t\t\t\t\t<\/div>\n\t\t\t\t<\/div>\n\t\t\t\t\t\t<\/div>\n\t\t\t\t\t<\/div>\n\t\t<\/div>\n\t\t\t\t<div class=\"elementor-column elementor-col-50 elementor-top-column elementor-element elementor-element-ea3acec\" data-id=\"ea3acec\" data-element_type=\"column\">\n\t\t\t<div class=\"elementor-column-wrap elementor-element-populated\">\n\t\t\t\t\t\t\t<div class=\"elementor-widget-wrap\">\n\t\t\t\t\t\t<div class=\"elementor-element elementor-element-0cca59c elementor-widget elementor-widget-text-editor\" data-id=\"0cca59c\" data-element_type=\"widget\" data-widget_type=\"text-editor.default\">\n\t\t\t\t<div class=\"elementor-widget-container\">\n\t\t\t\t\t\t\t\t<div class=\"elementor-text-editor elementor-clearfix\">\n\t\t\t\t<p><br data-start=\"29\" data-end=\"32\" \/><span style=\"text-decoration: underline;\"><strong data-start=\"34\" data-end=\"64\">Technische Grundparameter:<\/strong><\/span><\/p><ul><li>Maximales Portiongewicht: 50 kg<\/li><li>Minimales Portiongewicht: 10 kg<\/li><li>Linienleistung: bis zu 280 Portionen\/Stunde (abh\u00e4ngig vom Bediener, Produkteeigenschaften und Portionsgr\u00f6\u00dfe)<\/li><li>Beuteltyp: offene, mehrlagige Papierbeutel (bis zu 4 Lagen), empfohlen mit Umschlagboden ohne seitliche Falten, PE-Folie Beutel, PP-beschichtete Polypropylenbeutel<\/li><li>Beutebreite: 450 \u2013 650 mm<\/li><li>Beutell\u00e4nge: 600 \u2013 1100 mm<\/li><li>Elektrische Versorgung: 3 x 400 V 50 Hz<\/li><li>Leistungsbedarf: max. 4,5 kW<\/li><li>Druckluftversorgung: 5 \u2013 10 bar<\/li><li>Verbrauch von Druckluft: 200-400 Nl\/min<\/li><\/ul><p data-start=\"661\" data-end=\"712\"><\/p>\t\t\t\t\t<\/div>\n\t\t\t\t\t\t<\/div>\n\t\t\t\t<\/div>\n\t\t\t\t\t\t<\/div>\n\t\t\t\t\t<\/div>\n\t\t<\/div>\n\t\t\t\t\t\t\t\t<\/div>\n\t\t\t\t\t<\/div>\n\t\t<\/section>\n\t\t\t\t<section class=\"elementor-section elementor-top-section elementor-element elementor-element-22e3a69 elementor-section-boxed elementor-section-height-default elementor-section-height-default\" data-id=\"22e3a69\" data-element_type=\"section\" data-settings=\"{&quot;background_background&quot;:&quot;classic&quot;}\">\n\t\t\t\t\t\t<div class=\"elementor-container elementor-column-gap-default\">\n\t\t\t\t\t\t\t<div class=\"elementor-row\">\n\t\t\t\t\t<div class=\"elementor-column elementor-col-100 elementor-top-column elementor-element elementor-element-b2e0aa3\" data-id=\"b2e0aa3\" data-element_type=\"column\" data-settings=\"{&quot;background_background&quot;:&quot;classic&quot;}\">\n\t\t\t<div class=\"elementor-column-wrap elementor-element-populated\">\n\t\t\t\t\t\t\t<div class=\"elementor-widget-wrap\">\n\t\t\t\t\t\t<div class=\"elementor-element elementor-element-5b04583 elementor-widget elementor-widget-spacer\" data-id=\"5b04583\" data-element_type=\"widget\" data-widget_type=\"spacer.default\">\n\t\t\t\t<div class=\"elementor-widget-container\">\n\t\t\t\t\t<div class=\"elementor-spacer\">\n\t\t\t<div class=\"elementor-spacer-inner\"><\/div>\n\t\t<\/div>\n\t\t\t\t<\/div>\n\t\t\t\t<\/div>\n\t\t\t\t<div class=\"elementor-element elementor-element-b14a348 elementor-align-center elementor-widget elementor-widget-button\" data-id=\"b14a348\" data-element_type=\"widget\" data-widget_type=\"button.default\">\n\t\t\t\t<div class=\"elementor-widget-container\">\n\t\t\t\t\t<div class=\"elementor-button-wrapper\">\n\t\t\t<a href=\"https:\/\/drewmax.net.pl\/wp-content\/uploads\/2025\/03\/Polautomatyczna-linia-wazaco-pakujaca-WBT_complet_de.pdf\" target=\"_blank\" class=\"elementor-button-link elementor-button elementor-size-lg\" role=\"button\">\n\t\t\t\t\t\t<span class=\"elementor-button-content-wrapper\">\n\t\t\t\t\t\t<span class=\"elementor-button-icon elementor-align-icon-right\">\n\t\t\t\t<i aria-hidden=\"true\" class=\"fas fa-download\"><\/i>\t\t\t<\/span>\n\t\t\t\t\t\t<span class=\"elementor-button-text\">  Produktdatenblatt herunterladen<\/span>\n\t\t<\/span>\n\t\t\t\t\t<\/a>\n\t\t<\/div>\n\t\t\t\t<\/div>\n\t\t\t\t<\/div>\n\t\t\t\t\t\t<\/div>\n\t\t\t\t\t<\/div>\n\t\t<\/div>\n\t\t\t\t\t\t\t\t<\/div>\n\t\t\t\t\t<\/div>\n\t\t<\/section>\n\t\t\t\t\t\t<\/div>\n\t\t\t\t\t\t<\/div>\n\t\t\t\t\t<\/div>\n\t\t","protected":false},"excerpt":{"rendered":"<p>Halbautomatische W\u00e4ge- und Verpackungslinie Typ WB\/T Die Marktnachfrage hat dazu gef\u00fchrt, dass wir die halbautomatische Wiege- und Verpackungslinie WB\/T entwickelt haben, die Pr\u00e4zision bei der Dosierung, einen relativ niedrigen Preis und Benutzerfreundlichkeit vereint. Die WB\/T-Linie ist ein halbautomatisches Wiege- und Verpackungsger\u00e4t f\u00fcr Sch\u00fctt- \/ Granulatprodukte, das offene Beutel verwendet. Die vorgestellte Linie verf\u00fcgt \u00fcber ein&hellip;<\/p>\n","protected":false},"author":1,"featured_media":12131,"parent":0,"menu_order":0,"comment_status":"closed","ping_status":"closed","template":"","meta":[],"yoast_head":"<!-- This site is optimized with the Yoast SEO Premium plugin v15.5 - https:\/\/yoast.com\/wordpress\/plugins\/seo\/ -->\n<title>Wa\u017cenie Pakowanie Paletyzacja Automatyka przemys\u0142owa linie PP PE<\/title>\n<meta name=\"description\" content=\"Wa\u017cenie Pakowanie Paletyzacja Automatyka przemys\u0142owa linie wa\u017c\u0105co - pakuj\u0105ce zbiorniki technologiczne mikrodozowanie linie PP PE\" \/>\n<meta name=\"robots\" content=\"index, follow, max-snippet:-1, max-image-preview:large, max-video-preview:-1\" \/>\n<link rel=\"canonical\" href=\"https:\/\/drewmax.net.pl\/wbt\/\" \/>\n<meta property=\"og:locale\" content=\"de_DE\" \/>\n<meta property=\"og:type\" content=\"article\" \/>\n<meta property=\"og:title\" content=\"Wa\u017cenie Pakowanie Paletyzacja Automatyka przemys\u0142owa linie PP PE\" \/>\n<meta property=\"og:description\" content=\"Wa\u017cenie Pakowanie Paletyzacja Automatyka przemys\u0142owa linie wa\u017c\u0105co - pakuj\u0105ce zbiorniki technologiczne mikrodozowanie linie PP PE\" \/>\n<meta property=\"og:url\" content=\"https:\/\/drewmax.net.pl\/wbt\/\" \/>\n<meta property=\"og:site_name\" content=\"(Polski) Drewmax - Wa\u017cenie | Pakowanie | Paletyzacja | Automatyka\" \/>\n<meta property=\"article:publisher\" content=\"https:\/\/www.facebook.com\/Drewmax-111641623604429\/\" \/>\n<meta property=\"article:modified_time\" content=\"2025-04-03T11:36:40+00:00\" \/>\n<meta name=\"twitter:card\" content=\"summary_large_image\" \/>\n<meta name=\"twitter:label1\" content=\"Gesch\u00e4tzte Lesezeit\">\n\t<meta name=\"twitter:data1\" content=\"10\u00a0Minuten\">\n<script type=\"application\/ld+json\" class=\"yoast-schema-graph\">{\"@context\":\"https:\/\/schema.org\",\"@graph\":[{\"@type\":\"Organization\",\"@id\":\"https:\/\/drewmax.net.pl\/en\/#organization\",\"name\":\"DREWMAX Sp\\u00f3\\u0142ka z o.o.\",\"url\":\"https:\/\/drewmax.net.pl\/en\/\",\"sameAs\":[\"https:\/\/www.facebook.com\/Drewmax-111641623604429\/\",\"https:\/\/www.instagram.com\/drewmax.net.pl\/\",\"https:\/\/www.youtube.com\/channel\/UCCS8U5F8gSyJAlSWjxgbLRQ\"],\"logo\":{\"@type\":\"ImageObject\",\"@id\":\"https:\/\/drewmax.net.pl\/en\/#logo\",\"inLanguage\":\"de\",\"url\":\"\",\"caption\":\"DREWMAX Sp\\u00f3\\u0142ka z o.o.\"},\"image\":{\"@id\":\"https:\/\/drewmax.net.pl\/en\/#logo\"}},{\"@type\":\"WebSite\",\"@id\":\"https:\/\/drewmax.net.pl\/en\/#website\",\"url\":\"https:\/\/drewmax.net.pl\/en\/\",\"name\":\"(Polski) Drewmax - Wa\\u017cenie | Pakowanie | Paletyzacja | Automatyka\",\"description\":\"\",\"publisher\":{\"@id\":\"https:\/\/drewmax.net.pl\/en\/#organization\"},\"potentialAction\":[{\"@type\":\"SearchAction\",\"target\":\"https:\/\/drewmax.net.pl\/en\/?s={search_term_string}\",\"query-input\":\"required name=search_term_string\"}],\"inLanguage\":\"de\"},{\"@type\":\"ImageObject\",\"@id\":\"https:\/\/drewmax.net.pl\/wbt\/#primaryimage\",\"inLanguage\":\"de\",\"url\":\"\"},{\"@type\":\"WebPage\",\"@id\":\"https:\/\/drewmax.net.pl\/wbt\/#webpage\",\"url\":\"https:\/\/drewmax.net.pl\/wbt\/\",\"name\":\"Wa\\u017cenie Pakowanie Paletyzacja Automatyka przemys\\u0142owa linie PP PE\",\"isPartOf\":{\"@id\":\"https:\/\/drewmax.net.pl\/en\/#website\"},\"primaryImageOfPage\":{\"@id\":\"https:\/\/drewmax.net.pl\/wbt\/#primaryimage\"},\"datePublished\":\"2016-07-21T08:39:34+00:00\",\"dateModified\":\"2025-04-03T11:36:40+00:00\",\"description\":\"Wa\\u017cenie Pakowanie Paletyzacja Automatyka przemys\\u0142owa linie wa\\u017c\\u0105co - pakuj\\u0105ce zbiorniki technologiczne mikrodozowanie linie PP PE\",\"breadcrumb\":{\"@id\":\"https:\/\/drewmax.net.pl\/wbt\/#breadcrumb\"},\"inLanguage\":\"de\",\"potentialAction\":[{\"@type\":\"ReadAction\",\"target\":[\"https:\/\/drewmax.net.pl\/wbt\/\"]}]},{\"@type\":\"BreadcrumbList\",\"@id\":\"https:\/\/drewmax.net.pl\/wbt\/#breadcrumb\",\"itemListElement\":[{\"@type\":\"ListItem\",\"position\":1,\"item\":{\"@type\":\"WebPage\",\"@id\":\"https:\/\/drewmax.net.pl\/\",\"url\":\"https:\/\/drewmax.net.pl\/\",\"name\":\"Home\"}},{\"@type\":\"ListItem\",\"position\":2,\"item\":{\"@type\":\"WebPage\",\"@id\":\"https:\/\/drewmax.net.pl\/wbt\/\",\"url\":\"https:\/\/drewmax.net.pl\/wbt\/\",\"name\":\"P\\u00f3\\u0142automatyczna linia wa\\u017c\\u0105co pakuj\\u0105ca typ WB\/T\"}}]}]}<\/script>\n<!-- \/ Yoast SEO Premium plugin. -->","_links":{"self":[{"href":"https:\/\/drewmax.net.pl\/de\/wp-json\/wp\/v2\/pages\/88"}],"collection":[{"href":"https:\/\/drewmax.net.pl\/de\/wp-json\/wp\/v2\/pages"}],"about":[{"href":"https:\/\/drewmax.net.pl\/de\/wp-json\/wp\/v2\/types\/page"}],"author":[{"embeddable":true,"href":"https:\/\/drewmax.net.pl\/de\/wp-json\/wp\/v2\/users\/1"}],"replies":[{"embeddable":true,"href":"https:\/\/drewmax.net.pl\/de\/wp-json\/wp\/v2\/comments?post=88"}],"version-history":[{"count":94,"href":"https:\/\/drewmax.net.pl\/de\/wp-json\/wp\/v2\/pages\/88\/revisions"}],"predecessor-version":[{"id":31984,"href":"https:\/\/drewmax.net.pl\/de\/wp-json\/wp\/v2\/pages\/88\/revisions\/31984"}],"wp:featuredmedia":[{"embeddable":true,"href":"https:\/\/drewmax.net.pl\/de\/wp-json\/wp\/v2\/media\/12131"}],"wp:attachment":[{"href":"https:\/\/drewmax.net.pl\/de\/wp-json\/wp\/v2\/media?parent=88"}],"curies":[{"name":"wp","href":"https:\/\/api.w.org\/{rel}","templated":true}]}}