{"id":82,"date":"2016-07-21T10:22:25","date_gmt":"2016-07-21T08:22:25","guid":{"rendered":"http:\/\/drewmax.net.pl\/?page_id=82"},"modified":"2025-04-03T13:34:17","modified_gmt":"2025-04-03T11:34:17","slug":"wbs","status":"publish","type":"page","link":"https:\/\/drewmax.net.pl\/de\/wbs\/","title":{"rendered":"(Polski) P\u00f3\u0142automatyczna linia wa\u017c\u0105co-pakuj\u0105ca typ WB\/S"},"content":{"rendered":"\t\t<div data-elementor-type=\"wp-post\" data-elementor-id=\"82\" class=\"elementor elementor-82\" data-elementor-settings=\"[]\">\n\t\t\t\t\t\t<div class=\"elementor-inner\">\n\t\t\t\t\t\t\t<div class=\"elementor-section-wrap\">\n\t\t\t\t\t\t\t<section class=\"elementor-section elementor-top-section elementor-element elementor-element-015f56d elementor-section-boxed elementor-section-height-default elementor-section-height-default\" data-id=\"015f56d\" data-element_type=\"section\" data-settings=\"{&quot;background_background&quot;:&quot;classic&quot;}\">\n\t\t\t\t\t\t<div class=\"elementor-container elementor-column-gap-default\">\n\t\t\t\t\t\t\t<div class=\"elementor-row\">\n\t\t\t\t\t<div class=\"elementor-column elementor-col-100 elementor-top-column elementor-element elementor-element-90ea887\" data-id=\"90ea887\" data-element_type=\"column\">\n\t\t\t<div class=\"elementor-column-wrap elementor-element-populated\">\n\t\t\t\t\t\t\t<div class=\"elementor-widget-wrap\">\n\t\t\t\t\t\t<div class=\"elementor-element elementor-element-e93cecf elementor-widget elementor-widget-heading\" data-id=\"e93cecf\" data-element_type=\"widget\" data-widget_type=\"heading.default\">\n\t\t\t\t<div class=\"elementor-widget-container\">\n\t\t\t<h2 class=\"elementor-heading-title elementor-size-xl\"> Halbautomatische W\u00e4ge- und Verpackungslinie\nTyp WB\/S\n<\/h2>\t\t<\/div>\n\t\t\t\t<\/div>\n\t\t\t\t\t\t<\/div>\n\t\t\t\t\t<\/div>\n\t\t<\/div>\n\t\t\t\t\t\t\t\t<\/div>\n\t\t\t\t\t<\/div>\n\t\t<\/section>\n\t\t\t\t<section class=\"elementor-section elementor-top-section elementor-element elementor-element-cb98bd2 elementor-section-boxed elementor-section-height-default elementor-section-height-default\" data-id=\"cb98bd2\" data-element_type=\"section\" data-settings=\"{&quot;background_background&quot;:&quot;classic&quot;}\">\n\t\t\t\t\t\t<div class=\"elementor-container elementor-column-gap-default\">\n\t\t\t\t\t\t\t<div class=\"elementor-row\">\n\t\t\t\t\t<div class=\"elementor-column elementor-col-100 elementor-top-column elementor-element elementor-element-6724b2c\" data-id=\"6724b2c\" data-element_type=\"column\">\n\t\t\t<div class=\"elementor-column-wrap elementor-element-populated\">\n\t\t\t\t\t\t\t<div class=\"elementor-widget-wrap\">\n\t\t\t\t\t\t<div class=\"elementor-element elementor-element-68c6073 elementor-widget elementor-widget-text-editor\" data-id=\"68c6073\" data-element_type=\"widget\" data-widget_type=\"text-editor.default\">\n\t\t\t\t<div class=\"elementor-widget-container\">\n\t\t\t\t\t\t\t\t<div class=\"elementor-text-editor elementor-clearfix\">\n\t\t\t\t<p><br data-start=\"1067\" data-end=\"1070\" \/>Die Marktnachfrage veranlasste uns, die halbautomatische W\u00e4ge- und Verpackungslinie vom Typ WB\/S zu entwickeln, die Dosiergenauigkeit, relativ niedrige Kosten und einfache Bedienung kombiniert. Die WB\/S-Linie ist ein halbautomatisches W\u00e4ge- und Verpackungsger\u00e4t f\u00fcr Sch\u00fcttgut\/Pulverprodukte unter Verwendung von offenen Beuteln. Die vorgestellte Linie verf\u00fcgt \u00fcber ein Wiegesystem, das an der T\u00fclle montiert ist und als Rillensystem bezeichnet wird, was bedeutet, dass das Produkt \u00fcber Schneckenf\u00f6rderer mit unterschiedlichen Durchmessern direkt in die Verpackung dosiert wird.<\/p><p data-start=\"1651\" data-end=\"2219\"><\/p>\t\t\t\t\t<\/div>\n\t\t\t\t\t\t<\/div>\n\t\t\t\t<\/div>\n\t\t\t\t\t\t<\/div>\n\t\t\t\t\t<\/div>\n\t\t<\/div>\n\t\t\t\t\t\t\t\t<\/div>\n\t\t\t\t\t<\/div>\n\t\t<\/section>\n\t\t\t\t<section class=\"elementor-section elementor-top-section elementor-element elementor-element-248d8ca elementor-hidden-tablet elementor-hidden-phone elementor-section-content-middle elementor-section-boxed elementor-section-height-default elementor-section-height-default\" data-id=\"248d8ca\" data-element_type=\"section\" data-settings=\"{&quot;background_background&quot;:&quot;classic&quot;}\">\n\t\t\t\t\t\t<div class=\"elementor-container elementor-column-gap-default\">\n\t\t\t\t\t\t\t<div class=\"elementor-row\">\n\t\t\t\t\t<div class=\"elementor-column elementor-col-100 elementor-top-column elementor-element elementor-element-8fe5c9b\" data-id=\"8fe5c9b\" data-element_type=\"column\">\n\t\t\t<div class=\"elementor-column-wrap elementor-element-populated\">\n\t\t\t\t\t\t\t<div class=\"elementor-widget-wrap\">\n\t\t\t\t\t\t<div class=\"elementor-element elementor-element-4a47cdd elementor-widget elementor-widget-html\" data-id=\"4a47cdd\" data-element_type=\"widget\" data-widget_type=\"html.default\">\n\t\t\t\t<div class=\"elementor-widget-container\">\n\t\t\t<noscript>\r\n    <img src=\"\/rendery\/wbs\/38.jpg\" alt=\"wbs\">\r\n<\/noscript>\r\n    <div\r\n      class=\"cloudimage-360\"\r\n      data-folder=\"\/rendery\/wbs\/\"\r\n      data-filename=\"{index}.jpg\"\r\n      data-amount=\"72\"\r\n      data-magnifier=\"3\"\r\n      data-spin-reverse\r\n    ><\/div>\r\n    <!-- Add script tag with CDN link to js-cloudimage-360-view lib after all content in body tag -->\r\n    <script src=\"\/rendery\/wbs\/wbs.js\"><\/script>\t\t<\/div>\n\t\t\t\t<\/div>\n\t\t\t\t\t\t<\/div>\n\t\t\t\t\t<\/div>\n\t\t<\/div>\n\t\t\t\t\t\t\t\t<\/div>\n\t\t\t\t\t<\/div>\n\t\t<\/section>\n\t\t\t\t<section class=\"elementor-section elementor-top-section elementor-element elementor-element-ff5a3a7 elementor-section-boxed elementor-section-height-default elementor-section-height-default\" data-id=\"ff5a3a7\" data-element_type=\"section\" data-settings=\"{&quot;background_background&quot;:&quot;classic&quot;}\">\n\t\t\t\t\t\t<div class=\"elementor-container elementor-column-gap-default\">\n\t\t\t\t\t\t\t<div class=\"elementor-row\">\n\t\t\t\t\t<div class=\"elementor-column elementor-col-100 elementor-top-column elementor-element elementor-element-1aa9166\" data-id=\"1aa9166\" data-element_type=\"column\">\n\t\t\t<div class=\"elementor-column-wrap elementor-element-populated\">\n\t\t\t\t\t\t\t<div class=\"elementor-widget-wrap\">\n\t\t\t\t\t\t<div class=\"elementor-element elementor-element-927da56 elementor-widget elementor-widget-text-editor\" data-id=\"927da56\" data-element_type=\"widget\" data-widget_type=\"text-editor.default\">\n\t\t\t\t<div class=\"elementor-widget-container\">\n\t\t\t\t\t\t\t\t<div class=\"elementor-text-editor elementor-clearfix\">\n\t\t\t\t<p><br data-start=\"1082\" data-end=\"1085\" \/><span style=\"text-decoration: underline;\"><strong data-start=\"1085\" data-end=\"1125\">Grundlegende Komponenten des Ger\u00e4ts:<\/strong><\/span><\/p><ul data-start=\"1128\" data-end=\"1595\"><li data-start=\"1128\" data-end=\"1180\">Tragkonstruktion der Linie mit Bedienerplattform<\/li><li data-start=\"1181\" data-end=\"1215\">Elektronische Bruttoverwiegung<\/li><li data-start=\"1216\" data-end=\"1238\">Schnecken-Dosierer<\/li><li data-start=\"1239\" data-end=\"1255\">Offene T\u00fclle<\/li><li data-start=\"1256\" data-end=\"1294\">F\u00f6rderband zum Transport der S\u00e4cke<\/li><li data-start=\"1295\" data-end=\"1332\">H\u00f6henverstellung des F\u00f6rderbandes<\/li><li data-start=\"1333\" data-end=\"1381\">F\u00fchrungssystem f\u00fcr den oberen Teil des Sacks<\/li><li data-start=\"1382\" data-end=\"1406\">Einfaden-N\u00e4hmaschine<\/li><li data-start=\"1407\" data-end=\"1471\">Seitenf\u00f6rderband zum Aufnehmen der S\u00e4cke mit Kippmechanismus<\/li><li data-start=\"1472\" data-end=\"1549\">\u00dcbersichtliches Steuerungssystem basierend auf Siemens PLC mit Touchpanel<\/li><li data-start=\"1550\" data-end=\"1595\">Antriebe\/Servoantriebe von SEW oder LENZE<\/li><\/ul><p data-start=\"643\" data-end=\"691\"><span style=\"text-decoration: underline;\"><strong data-start=\"663\" data-end=\"689\">Optionale Ausstattung:<\/strong><\/span><\/p><ul data-start=\"692\" data-end=\"989\"><li data-start=\"692\" data-end=\"740\">System zum Falten des oberen Teils des Sacks<\/li><li data-start=\"741\" data-end=\"769\">Kreppband-Auftragssystem<\/li><li data-start=\"770\" data-end=\"810\">Absaugsystem f\u00fcr das Produkt im Sack<\/li><li data-start=\"811\" data-end=\"850\">Vibrationssystem f\u00fcr gef\u00fcllte S\u00e4cke<\/li><li data-start=\"851\" data-end=\"887\">Reinigungssystem f\u00fcr Zuf\u00fchrungen<\/li><li data-start=\"888\" data-end=\"928\">Impuls- oder Dauerw\u00e4rme-Schwei\u00dfger\u00e4t<\/li><li data-start=\"929\" data-end=\"954\">Zweifaden-N\u00e4hmaschine<\/li><li data-start=\"955\" data-end=\"989\">\u00dcbergewichtiger Pufferbeh\u00e4lter<\/li><\/ul><p data-start=\"1602\" data-end=\"1663\"><\/p><\/div>\t\t\t\t\t<\/div>\n\t\t\t\t\t\t<\/div>\n\t\t\t\t<\/div>\n\t\t\t\t<div class=\"elementor-element elementor-element-aff99d3 elementor-widget elementor-widget-spacer\" data-id=\"aff99d3\" data-element_type=\"widget\" data-widget_type=\"spacer.default\">\n\t\t\t\t<div class=\"elementor-widget-container\">\n\t\t\t\t\t<div class=\"elementor-spacer\">\n\t\t\t<div class=\"elementor-spacer-inner\"><\/div>\n\t\t<\/div>\n\t\t\t\t<\/div>\n\t\t\t\t<\/div>\n\t\t\t\t\t\t<\/div>\n\t\t\t\t\t<\/div>\n\t\t<\/div>\n\t\t\t\t<div class=\"elementor-column elementor-col-100 elementor-top-column elementor-element elementor-element-dd8316e\" data-id=\"dd8316e\" data-element_type=\"column\">\n\t\t\t<div class=\"elementor-column-wrap elementor-element-populated\">\n\t\t\t\t\t\t\t<div class=\"elementor-widget-wrap\">\n\t\t\t\t\t\t<div class=\"elementor-element elementor-element-c955754 elementor-widget elementor-widget-text-editor\" data-id=\"c955754\" data-element_type=\"widget\" data-widget_type=\"text-editor.default\">\n\t\t\t\t<div class=\"elementor-widget-container\">\n\t\t\t\t\t\t\t\t<div class=\"elementor-text-editor elementor-clearfix\">\n\t\t\t\t<p><\/p><p data-start=\"1331\" data-end=\"1356\"><span style=\"text-decoration: underline;\"><strong>Grundlegende technische Parameter:<\/strong><\/span><\/p><ul data-start=\"1357\" data-end=\"1964\"><li data-start=\"1357\" data-end=\"1397\">Maximales Portionsgewicht: 50 kg<\/li><li data-start=\"1398\" data-end=\"1438\">Minimales Portionsgewicht: 10 kg<\/li><li data-start=\"1439\" data-end=\"1562\">Linienleistung: bis zu 280 Portionen\/Stunde (abh\u00e4ngig vom Bediener, den Produkteigenschaften und der Portionsgr\u00f6\u00dfe)<\/li><li data-start=\"1563\" data-end=\"1733\">Beuteltyp: offene Beutel, mehrschichtige Papierbeutel (bis zu 4 Schichten), empfohlen mit Umschlagboden ohne Seitenfalten, PE-Folienbeutel, beschichtete PP-Beutel<\/li><li data-start=\"1734\" data-end=\"1768\">Beutelbreite: 450 \u2013 650 mm<\/li><li data-start=\"1769\" data-end=\"1803\">Beutell\u00e4nge: 600 \u2013 1100 mm<\/li><li data-start=\"1804\" data-end=\"1842\">Stromversorgung: 3 x 400V 50Hz<\/li><li data-start=\"1843\" data-end=\"1881\">Leistungsaufnahme: max. 4,5 kW<\/li><li data-start=\"1882\" data-end=\"1921\">Druckluftversorgung: 5 \u2013 10 bar<\/li><li data-start=\"1922\" data-end=\"1964\">Druckluftverbrauch: 200-400 Nl\/min<\/li><\/ul><p data-start=\"1971\" data-end=\"1997\"><\/p><\/div>\t\t\t\t\t<\/div>\n\t\t\t\t\t\t<\/div>\n\t\t\t\t<\/div>\n\t\t\t\t\t\t<\/div>\n\t\t\t\t\t<\/div>\n\t\t<\/div>\n\t\t\t\t\t\t\t\t<\/div>\n\t\t\t\t\t<\/div>\n\t\t<\/section>\n\t\t\t\t<section class=\"elementor-section elementor-top-section elementor-element elementor-element-53272b2 elementor-section-boxed elementor-section-height-default elementor-section-height-default\" data-id=\"53272b2\" data-element_type=\"section\" data-settings=\"{&quot;background_background&quot;:&quot;classic&quot;}\">\n\t\t\t\t\t\t<div class=\"elementor-container elementor-column-gap-default\">\n\t\t\t\t\t\t\t<div class=\"elementor-row\">\n\t\t\t\t\t<div class=\"elementor-column elementor-col-100 elementor-top-column elementor-element elementor-element-7587f59\" data-id=\"7587f59\" data-element_type=\"column\">\n\t\t\t<div class=\"elementor-column-wrap elementor-element-populated\">\n\t\t\t\t\t\t\t<div class=\"elementor-widget-wrap\">\n\t\t\t\t\t\t<div class=\"elementor-element elementor-element-7f2876e elementor-align-center elementor-widget elementor-widget-button\" data-id=\"7f2876e\" data-element_type=\"widget\" data-widget_type=\"button.default\">\n\t\t\t\t<div class=\"elementor-widget-container\">\n\t\t\t\t\t<div class=\"elementor-button-wrapper\">\n\t\t\t<a href=\"https:\/\/drewmax.net.pl\/wp-content\/uploads\/2025\/03\/Polautomatyczna-linia-wazaco-pakujaca-WBS_complet_de.pdf\" target=\"_blank\" class=\"elementor-button-link elementor-button elementor-size-lg\" role=\"button\">\n\t\t\t\t\t\t<span class=\"elementor-button-content-wrapper\">\n\t\t\t\t\t\t<span class=\"elementor-button-icon elementor-align-icon-right\">\n\t\t\t\t<i aria-hidden=\"true\" class=\"fas fa-download\"><\/i>\t\t\t<\/span>\n\t\t\t\t\t\t<span class=\"elementor-button-text\">  Produktdatenblatt herunterladen<\/span>\n\t\t<\/span>\n\t\t\t\t\t<\/a>\n\t\t<\/div>\n\t\t\t\t<\/div>\n\t\t\t\t<\/div>\n\t\t\t\t\t\t<\/div>\n\t\t\t\t\t<\/div>\n\t\t<\/div>\n\t\t\t\t\t\t\t\t<\/div>\n\t\t\t\t\t<\/div>\n\t\t<\/section>\n\t\t\t\t\t\t<\/div>\n\t\t\t\t\t\t<\/div>\n\t\t\t\t\t<\/div>\n\t\t","protected":false},"excerpt":{"rendered":"<p>Halbautomatische W\u00e4ge- und Verpackungslinie Typ WB\/S Die Marktnachfrage veranlasste uns, die halbautomatische W\u00e4ge- und Verpackungslinie vom Typ WB\/S zu entwickeln, die Dosiergenauigkeit, relativ niedrige Kosten und einfache Bedienung kombiniert. Die WB\/S-Linie ist ein halbautomatisches W\u00e4ge- und Verpackungsger\u00e4t f\u00fcr Sch\u00fcttgut\/Pulverprodukte unter Verwendung von offenen Beuteln. Die vorgestellte Linie verf\u00fcgt \u00fcber ein Wiegesystem, das an der T\u00fclle&hellip;<\/p>\n","protected":false},"author":1,"featured_media":12103,"parent":0,"menu_order":0,"comment_status":"closed","ping_status":"closed","template":"","meta":[],"yoast_head":"<!-- This site is optimized with the Yoast SEO Premium plugin v15.5 - https:\/\/yoast.com\/wordpress\/plugins\/seo\/ -->\n<title>Wa\u017cenie Pakowanie Paletyzacja Automatyka przemys\u0142owa linie<\/title>\n<meta name=\"description\" content=\"Wa\u017cenie Pakowanie Paletyzacja Automatyka przemys\u0142owa linie wa\u017c\u0105co - pakuj\u0105ce bigbag zbiorniki technologiczne mikrodozowanie linie PP PE\" \/>\n<meta name=\"robots\" content=\"index, follow, max-snippet:-1, max-image-preview:large, max-video-preview:-1\" \/>\n<link rel=\"canonical\" href=\"https:\/\/drewmax.net.pl\/wbs\/\" \/>\n<meta property=\"og:locale\" content=\"de_DE\" \/>\n<meta property=\"og:type\" content=\"article\" \/>\n<meta property=\"og:title\" content=\"Wa\u017cenie Pakowanie Paletyzacja Automatyka przemys\u0142owa linie\" \/>\n<meta property=\"og:description\" content=\"Wa\u017cenie Pakowanie Paletyzacja Automatyka przemys\u0142owa linie wa\u017c\u0105co - pakuj\u0105ce bigbag zbiorniki technologiczne mikrodozowanie linie PP PE\" \/>\n<meta property=\"og:url\" content=\"https:\/\/drewmax.net.pl\/wbs\/\" \/>\n<meta property=\"og:site_name\" content=\"(Polski) Drewmax - Wa\u017cenie | Pakowanie | Paletyzacja | Automatyka\" \/>\n<meta property=\"article:publisher\" content=\"https:\/\/www.facebook.com\/Drewmax-111641623604429\/\" \/>\n<meta property=\"article:modified_time\" content=\"2025-04-03T11:34:17+00:00\" \/>\n<meta name=\"twitter:card\" content=\"summary_large_image\" \/>\n<meta name=\"twitter:label1\" content=\"Gesch\u00e4tzte Lesezeit\">\n\t<meta name=\"twitter:data1\" content=\"9\u00a0Minuten\">\n<script type=\"application\/ld+json\" class=\"yoast-schema-graph\">{\"@context\":\"https:\/\/schema.org\",\"@graph\":[{\"@type\":\"Organization\",\"@id\":\"https:\/\/drewmax.net.pl\/en\/#organization\",\"name\":\"DREWMAX Sp\\u00f3\\u0142ka z o.o.\",\"url\":\"https:\/\/drewmax.net.pl\/en\/\",\"sameAs\":[\"https:\/\/www.facebook.com\/Drewmax-111641623604429\/\",\"https:\/\/www.instagram.com\/drewmax.net.pl\/\",\"https:\/\/www.youtube.com\/channel\/UCCS8U5F8gSyJAlSWjxgbLRQ\"],\"logo\":{\"@type\":\"ImageObject\",\"@id\":\"https:\/\/drewmax.net.pl\/en\/#logo\",\"inLanguage\":\"de\",\"url\":\"\",\"caption\":\"DREWMAX Sp\\u00f3\\u0142ka z o.o.\"},\"image\":{\"@id\":\"https:\/\/drewmax.net.pl\/en\/#logo\"}},{\"@type\":\"WebSite\",\"@id\":\"https:\/\/drewmax.net.pl\/en\/#website\",\"url\":\"https:\/\/drewmax.net.pl\/en\/\",\"name\":\"(Polski) Drewmax - Wa\\u017cenie | Pakowanie | Paletyzacja | Automatyka\",\"description\":\"\",\"publisher\":{\"@id\":\"https:\/\/drewmax.net.pl\/en\/#organization\"},\"potentialAction\":[{\"@type\":\"SearchAction\",\"target\":\"https:\/\/drewmax.net.pl\/en\/?s={search_term_string}\",\"query-input\":\"required name=search_term_string\"}],\"inLanguage\":\"de\"},{\"@type\":\"ImageObject\",\"@id\":\"https:\/\/drewmax.net.pl\/wbs\/#primaryimage\",\"inLanguage\":\"de\",\"url\":\"\"},{\"@type\":\"WebPage\",\"@id\":\"https:\/\/drewmax.net.pl\/wbs\/#webpage\",\"url\":\"https:\/\/drewmax.net.pl\/wbs\/\",\"name\":\"Wa\\u017cenie Pakowanie Paletyzacja Automatyka przemys\\u0142owa linie\",\"isPartOf\":{\"@id\":\"https:\/\/drewmax.net.pl\/en\/#website\"},\"primaryImageOfPage\":{\"@id\":\"https:\/\/drewmax.net.pl\/wbs\/#primaryimage\"},\"datePublished\":\"2016-07-21T08:22:25+00:00\",\"dateModified\":\"2025-04-03T11:34:17+00:00\",\"description\":\"Wa\\u017cenie Pakowanie Paletyzacja Automatyka przemys\\u0142owa linie wa\\u017c\\u0105co - pakuj\\u0105ce bigbag zbiorniki technologiczne mikrodozowanie linie PP PE\",\"breadcrumb\":{\"@id\":\"https:\/\/drewmax.net.pl\/wbs\/#breadcrumb\"},\"inLanguage\":\"de\",\"potentialAction\":[{\"@type\":\"ReadAction\",\"target\":[\"https:\/\/drewmax.net.pl\/wbs\/\"]}]},{\"@type\":\"BreadcrumbList\",\"@id\":\"https:\/\/drewmax.net.pl\/wbs\/#breadcrumb\",\"itemListElement\":[{\"@type\":\"ListItem\",\"position\":1,\"item\":{\"@type\":\"WebPage\",\"@id\":\"https:\/\/drewmax.net.pl\/\",\"url\":\"https:\/\/drewmax.net.pl\/\",\"name\":\"Home\"}},{\"@type\":\"ListItem\",\"position\":2,\"item\":{\"@type\":\"WebPage\",\"@id\":\"https:\/\/drewmax.net.pl\/wbs\/\",\"url\":\"https:\/\/drewmax.net.pl\/wbs\/\",\"name\":\"P\\u00f3\\u0142automatyczna linia wa\\u017c\\u0105co-pakuj\\u0105ca typ WB\/S\"}}]}]}<\/script>\n<!-- \/ Yoast SEO Premium plugin. -->","_links":{"self":[{"href":"https:\/\/drewmax.net.pl\/de\/wp-json\/wp\/v2\/pages\/82"}],"collection":[{"href":"https:\/\/drewmax.net.pl\/de\/wp-json\/wp\/v2\/pages"}],"about":[{"href":"https:\/\/drewmax.net.pl\/de\/wp-json\/wp\/v2\/types\/page"}],"author":[{"embeddable":true,"href":"https:\/\/drewmax.net.pl\/de\/wp-json\/wp\/v2\/users\/1"}],"replies":[{"embeddable":true,"href":"https:\/\/drewmax.net.pl\/de\/wp-json\/wp\/v2\/comments?post=82"}],"version-history":[{"count":153,"href":"https:\/\/drewmax.net.pl\/de\/wp-json\/wp\/v2\/pages\/82\/revisions"}],"predecessor-version":[{"id":32528,"href":"https:\/\/drewmax.net.pl\/de\/wp-json\/wp\/v2\/pages\/82\/revisions\/32528"}],"wp:featuredmedia":[{"embeddable":true,"href":"https:\/\/drewmax.net.pl\/de\/wp-json\/wp\/v2\/media\/12103"}],"wp:attachment":[{"href":"https:\/\/drewmax.net.pl\/de\/wp-json\/wp\/v2\/media?parent=82"}],"curies":[{"name":"wp","href":"https:\/\/api.w.org\/{rel}","templated":true}]}}