{"id":68,"date":"2016-07-20T14:54:07","date_gmt":"2016-07-20T12:54:07","guid":{"rendered":"http:\/\/drewmax.net.pl\/?page_id=68"},"modified":"2025-04-03T13:56:19","modified_gmt":"2025-04-03T11:56:19","slug":"2awpp","status":"publish","type":"page","link":"https:\/\/drewmax.net.pl\/de\/2awpp\/","title":{"rendered":"Automatyczna kapturownica typ: SH 300"},"content":{"rendered":"\t\t<div data-elementor-type=\"wp-post\" data-elementor-id=\"68\" class=\"elementor elementor-68\" data-elementor-settings=\"[]\">\n\t\t\t\t\t\t<div class=\"elementor-inner\">\n\t\t\t\t\t\t\t<div class=\"elementor-section-wrap\">\n\t\t\t\t\t\t\t<section class=\"elementor-section elementor-top-section elementor-element elementor-element-778fd6b8 elementor-section-boxed elementor-section-height-default elementor-section-height-default\" data-id=\"778fd6b8\" data-element_type=\"section\" data-settings=\"{&quot;background_background&quot;:&quot;classic&quot;}\">\n\t\t\t\t\t\t<div class=\"elementor-container elementor-column-gap-default\">\n\t\t\t\t\t\t\t<div class=\"elementor-row\">\n\t\t\t\t\t<div class=\"elementor-column elementor-col-100 elementor-top-column elementor-element elementor-element-7fdebf39\" data-id=\"7fdebf39\" data-element_type=\"column\">\n\t\t\t<div class=\"elementor-column-wrap elementor-element-populated\">\n\t\t\t\t\t\t\t<div class=\"elementor-widget-wrap\">\n\t\t\t\t\t\t<div class=\"elementor-element elementor-element-70ccfba4 elementor-widget elementor-widget-heading\" data-id=\"70ccfba4\" data-element_type=\"widget\" data-widget_type=\"heading.default\">\n\t\t\t\t<div class=\"elementor-widget-container\">\n\t\t\t<h2 class=\"elementor-heading-title elementor-size-xl\">\nAutomatische Wiege- und Abf\u00fcllanlage f\u00fcr flache Folienbeutel Typ\n 2aWPP<\/h2>\t\t<\/div>\n\t\t\t\t<\/div>\n\t\t\t\t\t\t<\/div>\n\t\t\t\t\t<\/div>\n\t\t<\/div>\n\t\t\t\t\t\t\t\t<\/div>\n\t\t\t\t\t<\/div>\n\t\t<\/section>\n\t\t\t\t<section class=\"elementor-section elementor-top-section elementor-element elementor-element-4299bba5 elementor-section-boxed elementor-section-height-default elementor-section-height-default\" data-id=\"4299bba5\" data-element_type=\"section\" data-settings=\"{&quot;background_background&quot;:&quot;classic&quot;}\">\n\t\t\t\t\t\t<div class=\"elementor-container elementor-column-gap-default\">\n\t\t\t\t\t\t\t<div class=\"elementor-row\">\n\t\t\t\t\t<div class=\"elementor-column elementor-col-50 elementor-top-column elementor-element elementor-element-6d675ced\" data-id=\"6d675ced\" data-element_type=\"column\">\n\t\t\t<div class=\"elementor-column-wrap elementor-element-populated\">\n\t\t\t\t\t\t\t<div class=\"elementor-widget-wrap\">\n\t\t\t\t\t\t<div class=\"elementor-element elementor-element-78dc97e elementor-widget elementor-widget-text-editor\" data-id=\"78dc97e\" data-element_type=\"widget\" data-widget_type=\"text-editor.default\">\n\t\t\t\t<div class=\"elementor-widget-container\">\n\t\t\t\t\t\t\t\t<div class=\"elementor-text-editor elementor-clearfix\">\n\t\t\t\t<p><\/p><p data-start=\"53\" data-end=\"205\">Eine der Neuerungen, die von der Firma Drewmax im Jahr 2014 eingef\u00fchrt wurde, ist die Wiege- und Verpackungslinie f\u00fcr Beutel aus flacher Folie.<\/p><p data-start=\"207\" data-end=\"632\">Die Wiege- und Verpackungslinie Typ 2aWPP ist ein Ger\u00e4t, das f\u00fcr das Verpacken von <strong>losen, granulierten oder staubigen<\/strong> Produkten in Folienbeutel vorgesehen ist. Das Ger\u00e4t kann beliebig konfiguriert werden, was die M\u00f6glichkeit bietet, die Form des Beutels nach Wunsch zu gestalten \u2013 der Kunde entscheidet selbst, ob der Beutel mit beidseitigem Falz (oben und unten), mit einem einzelnen Falz oder ohne Falz geformt werden soll.<\/p><p data-start=\"634\" data-end=\"951\">Die dargestellte Linie kann mit einem, zwei oder drei Wiegebeh\u00e4ltern ausgestattet werden, die abwechselnd durch entsprechend gew\u00e4hlte Dosierer bef\u00fcllt werden. Dank dieser Kombination von Komponenten haben wir eine hohe Pr\u00e4zision beim Wiegen sowie eine hohe Produktivit\u00e4t von bis zu <strong>1100 Portionen pro Stunde erreicht.<\/strong><\/p><p data-start=\"953\" data-end=\"1486\">Das Ger\u00e4t ist mit einem einfachen System zum Austausch des Formkragens f\u00fcr die Folie ausgestattet, was einen schnellen Wechsel der Verpackungsgr\u00f6\u00dfe erm\u00f6glicht. Dar\u00fcber hinaus verf\u00fcgt die Linie \u00fcber ein elektrisches System, das den Rollenwechsel der Folie erleichtert, sodass der Bediener ohne den Einsatz eines Gabelstaplers eine neue Folienrolle mit einem Gewicht von bis zu 750 kg und einem Durchmesser von bis zu 800 mm installieren kann. Diese L\u00f6sung steigert die Effizienz der Maschine und eliminiert unn\u00f6tige Pausen im Betrieb.<\/p><p data-start=\"1493\" data-end=\"1506\"><\/p>\t\t\t\t\t<\/div>\n\t\t\t\t\t\t<\/div>\n\t\t\t\t<\/div>\n\t\t\t\t\t\t<\/div>\n\t\t\t\t\t<\/div>\n\t\t<\/div>\n\t\t\t\t<div class=\"elementor-column elementor-col-50 elementor-top-column elementor-element elementor-element-134d2686\" data-id=\"134d2686\" data-element_type=\"column\">\n\t\t\t<div class=\"elementor-column-wrap elementor-element-populated\">\n\t\t\t\t\t\t\t<div class=\"elementor-widget-wrap\">\n\t\t\t\t\t\t<div class=\"elementor-element elementor-element-7a5553dc elementor-widget elementor-widget-image\" data-id=\"7a5553dc\" data-element_type=\"widget\" data-widget_type=\"image.default\">\n\t\t\t\t<div class=\"elementor-widget-container\">\n\t\t\t\t\t\t\t\t<div class=\"elementor-image\">\n\t\t\t\t\t\t\t\t\t\t\t\t<img width=\"413\" height=\"587\" src=\"https:\/\/drewmax.net.pl\/wp-content\/uploads\/2020\/10\/2aWPP-3.png\" class=\"attachment-large size-large\" alt=\"\" loading=\"lazy\" srcset=\"https:\/\/drewmax.net.pl\/wp-content\/uploads\/2020\/10\/2aWPP-3.png 413w, https:\/\/drewmax.net.pl\/wp-content\/uploads\/2020\/10\/2aWPP-3-211x300.png 211w\" sizes=\"(max-width: 413px) 100vw, 413px\" \/>\t\t\t\t\t\t\t\t\t\t\t\t\t\t<\/div>\n\t\t\t\t\t\t<\/div>\n\t\t\t\t<\/div>\n\t\t\t\t\t\t<\/div>\n\t\t\t\t\t<\/div>\n\t\t<\/div>\n\t\t\t\t\t\t\t\t<\/div>\n\t\t\t\t\t<\/div>\n\t\t<\/section>\n\t\t\t\t<section class=\"elementor-section elementor-top-section elementor-element elementor-element-2dca4a0c elementor-section-boxed elementor-section-height-default elementor-section-height-default\" data-id=\"2dca4a0c\" data-element_type=\"section\" data-settings=\"{&quot;background_background&quot;:&quot;classic&quot;}\">\n\t\t\t\t\t\t<div class=\"elementor-container elementor-column-gap-default\">\n\t\t\t\t\t\t\t<div class=\"elementor-row\">\n\t\t\t\t\t<div class=\"elementor-column elementor-col-50 elementor-top-column elementor-element elementor-element-765ad397\" data-id=\"765ad397\" data-element_type=\"column\">\n\t\t\t<div class=\"elementor-column-wrap elementor-element-populated\">\n\t\t\t\t\t\t\t<div class=\"elementor-widget-wrap\">\n\t\t\t\t\t\t<div class=\"elementor-element elementor-element-37319f44 elementor-widget elementor-widget-text-editor\" data-id=\"37319f44\" data-element_type=\"widget\" data-widget_type=\"text-editor.default\">\n\t\t\t\t<div class=\"elementor-widget-container\">\n\t\t\t\t\t\t\t\t<div class=\"elementor-text-editor elementor-clearfix\">\n\t\t\t\t<p><\/p><p data-start=\"53\" data-end=\"98\"><span style=\"text-decoration: underline;\"><strong data-start=\"58\" data-end=\"98\">Grundlegende Komponenten des Ger\u00e4ts:<\/strong><\/span><\/p><ul data-start=\"100\" data-end=\"514\"><li data-start=\"100\" data-end=\"125\">St\u00fctzstruktur der Linie<\/li><li data-start=\"126\" data-end=\"138\">Formkragen<\/li><li data-start=\"139\" data-end=\"190\">Elektronische Portionierwaage Typ Netto \u2013 2 St\u00fcck<\/li><li data-start=\"191\" data-end=\"211\">Dosierer \u2013 2 St\u00fcck<\/li><li data-start=\"212\" data-end=\"235\">Geschlossener Auslauf<\/li><li data-start=\"236\" data-end=\"265\">Kontinuierlichkeitssensoren<\/li><li data-start=\"266\" data-end=\"317\">Impuls\u00e4hnliches Schwei\u00dfsystem horizontal\/vertikal<\/li><li data-start=\"318\" data-end=\"376\">F\u00f6rderband zum Abnehmen der Beutel mit Umkehrmechanismus<\/li><li data-start=\"377\" data-end=\"458\">Klar verst\u00e4ndliches Steuerungssystem auf Basis eines Siemens PLC mit Touchpanel<\/li><li data-start=\"459\" data-end=\"514\">Eingesetzte Antriebe\/Servoantriebe von SEW oder LENZE<\/li><\/ul><p data-start=\"516\" data-end=\"549\"><span style=\"text-decoration: underline;\"><strong data-start=\"521\" data-end=\"549\">Optionale Ausstattungen:<\/strong><\/span><\/p><ul data-start=\"551\" data-end=\"778\"><li data-start=\"551\" data-end=\"565\">Bedienpodest<\/li><li data-start=\"566\" data-end=\"594\">\u00dcbergewichtspufferbeh\u00e4lter<\/li><li data-start=\"595\" data-end=\"633\">Vibrationssystem f\u00fcr bef\u00fcllte Beutel<\/li><li data-start=\"634\" data-end=\"670\">Reinigungsmechanismus f\u00fcr F\u00f6rderer<\/li><li data-start=\"671\" data-end=\"706\">Impuls- oder Dauerhei\u00dfsiegelger\u00e4t<\/li><li data-start=\"707\" data-end=\"752\">Tintenstrahldrucker \/ Thermotransferdrucker<\/li><li data-start=\"753\" data-end=\"778\">Verpackungsperforierung<\/li><\/ul><p data-start=\"785\" data-end=\"798\"><\/p>\t\t\t\t\t<\/div>\n\t\t\t\t\t\t<\/div>\n\t\t\t\t<\/div>\n\t\t\t\t\t\t<\/div>\n\t\t\t\t\t<\/div>\n\t\t<\/div>\n\t\t\t\t<div class=\"elementor-column elementor-col-50 elementor-top-column elementor-element elementor-element-1a962f20\" data-id=\"1a962f20\" data-element_type=\"column\">\n\t\t\t<div class=\"elementor-column-wrap elementor-element-populated\">\n\t\t\t\t\t\t\t<div class=\"elementor-widget-wrap\">\n\t\t\t\t\t\t<div class=\"elementor-element elementor-element-1ef30c95 elementor-widget elementor-widget-text-editor\" data-id=\"1ef30c95\" data-element_type=\"widget\" data-widget_type=\"text-editor.default\">\n\t\t\t\t<div class=\"elementor-widget-container\">\n\t\t\t\t\t\t\t\t<div class=\"elementor-text-editor elementor-clearfix\">\n\t\t\t\t<p><\/p><p data-start=\"52\" data-end=\"87\"><span style=\"text-decoration: underline;\"><strong data-start=\"57\" data-end=\"87\">Technische Hauptparameter:<\/strong><\/span><\/p><ul data-start=\"89\" data-end=\"503\"><li data-start=\"89\" data-end=\"125\">Maximales Portionengewicht: 50 kg,<\/li><li data-start=\"126\" data-end=\"162\">Minimales Portionengewicht: 10 kg,<\/li><li data-start=\"163\" data-end=\"271\">Linienleistung: bis zu 1100 Portionen\/Stunde (abh\u00e4ngig von den Produkteigenschaften und der Portionsgr\u00f6\u00dfe)<\/li><li data-start=\"272\" data-end=\"314\">Sacktyp: PE-Folie \u2013 flache Folie \u2013 Rolle<\/li><li data-start=\"315\" data-end=\"342\">Sackbreite: 350 \u2013 650 mm,<\/li><li data-start=\"343\" data-end=\"369\">Sackl\u00e4nge: 450 \u2013 1000 mm<\/li><li data-start=\"370\" data-end=\"411\">Elektrische Versorgung: 3 x 400 V 50 Hz<\/li><li data-start=\"412\" data-end=\"440\">Leistungsbedarf: max. 6 kW<\/li><li data-start=\"441\" data-end=\"474\">Druckluftversorgung: 5 \u2013 10 bar<\/li><li data-start=\"475\" data-end=\"503\">Druckluftverbrauch: 600 Nl<\/li><\/ul><p data-start=\"510\" data-end=\"523\"><\/p>\t\t\t\t\t<\/div>\n\t\t\t\t\t\t<\/div>\n\t\t\t\t<\/div>\n\t\t\t\t\t\t<\/div>\n\t\t\t\t\t<\/div>\n\t\t<\/div>\n\t\t\t\t\t\t\t\t<\/div>\n\t\t\t\t\t<\/div>\n\t\t<\/section>\n\t\t\t\t<section class=\"elementor-section elementor-top-section elementor-element elementor-element-3ee795c1 elementor-section-boxed elementor-section-height-default elementor-section-height-default\" data-id=\"3ee795c1\" data-element_type=\"section\" data-settings=\"{&quot;background_background&quot;:&quot;classic&quot;}\">\n\t\t\t\t\t\t<div class=\"elementor-container elementor-column-gap-default\">\n\t\t\t\t\t\t\t<div class=\"elementor-row\">\n\t\t\t\t\t<div class=\"elementor-column elementor-col-100 elementor-top-column elementor-element elementor-element-6da6e71d\" data-id=\"6da6e71d\" data-element_type=\"column\">\n\t\t\t<div class=\"elementor-column-wrap elementor-element-populated\">\n\t\t\t\t\t\t\t<div class=\"elementor-widget-wrap\">\n\t\t\t\t\t\t<div class=\"elementor-element elementor-element-379230a9 elementor-align-center elementor-widget elementor-widget-button\" data-id=\"379230a9\" data-element_type=\"widget\" data-widget_type=\"button.default\">\n\t\t\t\t<div class=\"elementor-widget-container\">\n\t\t\t\t\t<div class=\"elementor-button-wrapper\">\n\t\t\t<a href=\"https:\/\/drewmax.net.pl\/wp-content\/uploads\/2025\/03\/Automatyczna-linia-wazaco-pakujaca-do-workow-z-folii-plaskiej-2aWPP_complet_de.pdf\" target=\"_blank\" class=\"elementor-button-link elementor-button elementor-size-lg\" role=\"button\">\n\t\t\t\t\t\t<span class=\"elementor-button-content-wrapper\">\n\t\t\t\t\t\t<span class=\"elementor-button-icon elementor-align-icon-right\">\n\t\t\t\t<i aria-hidden=\"true\" class=\"fas fa-download\"><\/i>\t\t\t<\/span>\n\t\t\t\t\t\t<span class=\"elementor-button-text\">Produktdatenblatt herunterladen<\/span>\n\t\t<\/span>\n\t\t\t\t\t<\/a>\n\t\t<\/div>\n\t\t\t\t<\/div>\n\t\t\t\t<\/div>\n\t\t\t\t\t\t<\/div>\n\t\t\t\t\t<\/div>\n\t\t<\/div>\n\t\t\t\t\t\t\t\t<\/div>\n\t\t\t\t\t<\/div>\n\t\t<\/section>\n\t\t\t\t<section class=\"elementor-section elementor-top-section elementor-element elementor-element-48a2ef8d elementor-section-boxed elementor-section-height-default elementor-section-height-default\" data-id=\"48a2ef8d\" data-element_type=\"section\" data-settings=\"{&quot;background_background&quot;:&quot;classic&quot;}\">\n\t\t\t\t\t\t<div class=\"elementor-container elementor-column-gap-default\">\n\t\t\t\t\t\t\t<div class=\"elementor-row\">\n\t\t\t\t\t<div class=\"elementor-column elementor-col-100 elementor-top-column elementor-element elementor-element-369e032c\" data-id=\"369e032c\" data-element_type=\"column\">\n\t\t\t<div class=\"elementor-column-wrap elementor-element-populated\">\n\t\t\t\t\t\t\t<div class=\"elementor-widget-wrap\">\n\t\t\t\t\t\t<div class=\"elementor-element elementor-element-44a42abd elementor-widget elementor-widget-html\" data-id=\"44a42abd\" data-element_type=\"widget\" data-widget_type=\"html.default\">\n\t\t\t\t<div class=\"elementor-widget-container\">\n\t\t\t<script type=\"application\/ld+json\">\r\n{\r\n  \"@context\" : \"http:\/\/schema.org\",\r\n  \"@type\" : \"Product\",\r\n  \"name\" : \"AUTOMATYCZNA LINIA WA\u017b\u0104CO PAKUJ\u0104CA DO WORK\u00d3W Z FOLII P\u0141ASKIEJ TYP 2AWPP\",\r\n  \"image\" : \"https:\/\/drewmax.net.pl\/wp-content\/uploads\/2019\/07\/2aWPP.png\",\r\n  \"description\" : \"Podstawowe parametry techniczne:<\/U><\/P><UL><LI>Maksymalna masa porcji: 50kg,<\/LI><LI>Minimalna masa porcji: 10kg,<\/LI><LI>Wydajno\u015b\u0107 linii: do 1100 porcji\/godz. (zale\u017cnie od w\u0142asno\u015bci produktu oraz wielko\u015bci porcji)<\/LI><LI>Typ work\u00f3w: worki foliowe PE \u2013 folia p\u0142aska \u2013 rolka<\/LI><LI>Szeroko\u015b\u0107 worka: 350 \u2013 650mm,<\/LI><LI>D\u0142ugo\u015b\u0107 work\u00f3w: 450 \u2013 1000mm<\/LI><LI>Zasilanie elektryczne: 3 x 400V 50Hz,<\/LI><LI>Zapotrzebowanie mocy: max. 6kW,<\/LI><LI>Zasilanie w spr\u0119\u017cone powietrze: 5 \u2013 10bar,<\/LI><LI>Zu\u017cycie spr\u0119\u017conego powietrza: 600Nl\",\r\n  \"brand\" : {\r\n    \"@type\" : \"Brand\",\r\n    \"name\" : \"DREWMAX\",\r\n    \"logo\" : \"https:\/\/drewmax.net.pl\/wp-content\/uploads\/2019\/06\/drewmax-logo_v2-1.png\"\r\n  },\r\n  \"sku\" : \"2AWPP\",\r\n  \"identifier\": {\r\n \"@type\": \"PropertyValue\",\r\n   \"propertyID\": \"Model\",\r\n   \"value\":  \"2AWPP\"\r\n   },\r\n \"aggregateRating\": {\r\n    \"@type\": \"AggregateRating\",\r\n    \"ratingValue\": \"5\",\r\n    \"reviewCount\": \"4\"\r\n  },\r\n   \"offers\": {\r\n    \"@type\": \"AggregateOffer\",\r\n    \"lowPrice\": 370000.0000,\r\n    \"highPrice\": 500000.0000,\r\n    \"priceCurrency\": \"PLN\",\r\n    \"itemCondition\": \"NewCondition\",\r\n\t\"offerCount\": \"2\"\r\n  },\r\n  \"review\": {\r\n    \"@type\": \"Review\",\r\n    \"author\": \"Wojciech\",\r\n    \"datePublished\": \"2019-11-30\",\r\n    \"name\": \"Drewmax | Maszyny pakuj\u0105ce - referencje\",\r\n    \"reviewBody\": \"Zapytaj nas o referencje lub zajrzyj na stron\u0119\"\r\n  },\r\n  \"mpn\" : \"2AWPP\"\r\n}\r\n<\/script>\r\n\r\n<script type=\"application\/ld+json\">\r\n{\r\n  \"@context\" : \"http:\/\/schema.org\",\r\n  \"@type\" : \"Article\",\r\n  \"name\" : \"AUTOMATYCZNA LINIA WA\u017b\u0104CO PAKUJ\u0104CA DO WORK\u00d3W Z FOLII P\u0141ASKIEJ TYP 2AWPP\",\r\n  \"headline\" : \"Automatyczna linia wa\u017c\u0105co pakujaca do produkt\u00f3w sypkich\/granulowanych\/pylistych!\",\r\n  \"author\" : {\r\n    \"@type\" : \"Person\",\r\n    \"name\" : \"Wojciech S\u0105siadek\"\r\n  },\r\n  \"datePublished\" : \"2019-11-30\",\r\n  \"dateModified\" : \"2019-12-10\",\r\n  \"image\" : \"https:\/\/drewmax.net.pl\/wp-content\/uploads\/2019\/07\/2aWPP.png\",\r\n  \"articleBody\" : \"Jedn\u0105 z nowo\u015bci wprowadzonych przez firm\u0119 Drewmax w roku 2014, jest linia wa\u017c\u0105co pakuj\u0105ca do work\u00f3w tworzonych z foli p\u0142askiej.<\/P><P>Linia wa\u017c\u0105co pakuj\u0105ca typ 2aWPP jest urz\u0105dzeniem przeznaczonym do pakowania produkt\u00f3w <SPAN style=\\\"font-weight: bold;\\\">sypkich\/granulowanych\/pylistych<\/SPAN> w worki foliowe. Urz\u0105dzenie mo\u017ce by\u0107 dowolnie konfigurowane co daje mo\u017cliwo\u015b\u0107 dowolnego kszta\u0142towania worka \u2013 klient sam decyduje o tym czy worek ma zosta\u0107 ukszta\u0142towany z fa\u0142d\u0105 obustronn\u0105 (g\u00f3ra i d\u00f3\u0142), pojedyncz\u0105, czy te\u017c bez fa\u0142dy.<\/P><P>Przedstawiona linia mo\u017ce by\u0107 wyposa\u017cona w jeden, dwa, lub trzy kosze wagowe, kt\u00f3re naprzemiennie s\u0105 nape\u0142niane poprzez odpowiednio dobrane dozowniki. Dzi\u0119ki takiemu zestawieniu podzespo\u0142\u00f3w uzyskali\u015bmy wysok\u0105 precyzj\u0119 nawa\u017cania, a tak\u017ce du\u017c\u0105 wydajno\u015b\u0107  dochodz\u0105c\u0105 do  <SPAN style=\\\"font-weight: bold;\\\">1100 porcji na godzin\u0119<\/SPAN>.<\/P><P>Urz\u0105dzenie wyposa\u017cone jest w prosty system wymiany ko\u0142nierza formuj\u0105cego foli\u0119 co daje mo\u017cliwo\u015b\u0107 szybkiej zmiany wielko\u015bci opakowania. Ponadto linia posiada system elektryczny u\u0142atwiaj\u0105cy wymian\u0119 rolki z foli\u0105 dzi\u0119ki czemu bez u\u017cycia w\u00f3zka wid\u0142owego, operator jest w stanie zainstalowa\u0107 na maszynie now\u0105 rolk\u0119 z foli\u0105, kt\u00f3rej ci\u0119\u017car mo\u017ce si\u0119ga\u0107 750kg, a jej \u015brednica mo\u017ce mie\u0107 a\u017c 800mm. Takie rozwi\u0105zanie zwi\u0119ksza wydajno\u015b\u0107 maszyny i eliminuje niepotrzebne przerwy w jej pracy.\",\r\n  \"url\" : \"https:\/\/drewmax.net.pl\/linie-wazaco-pakujace-1\/2awpp\/\",\r\n  \"mainEntityOfPage\": {\r\n    \"@type\": \"WebPage\",\r\n    \"@id\": \"https:\/\/drewmax.net.pl\/\"\r\n  },\r\n  \"publisher\" : {\r\n    \"@type\" : \"Organization\",\r\n    \"name\" : \"Przedsi\u0119biorstwo Wielobran\u017cowe Drewmax Tadeusz S\u0105siadek i Wsp\u00f3lnicy Sp\u00f3\u0142ka Jawna\",\r\n\t\"logo\" : {\r\n\t\t\"@type\": \"ImageObject\",\r\n\t\t\"url\": \"https:\/\/drewmax.net.pl\/wp-content\/uploads\/2019\/06\/drewmax-logo_v2-1.png\"\r\n\t}\t\r\n  }\r\n  \r\n}\r\n<\/script>\t\t<\/div>\n\t\t\t\t<\/div>\n\t\t\t\t\t\t<\/div>\n\t\t\t\t\t<\/div>\n\t\t<\/div>\n\t\t\t\t\t\t\t\t<\/div>\n\t\t\t\t\t<\/div>\n\t\t<\/section>\n\t\t\t\t\t\t<\/div>\n\t\t\t\t\t\t<\/div>\n\t\t\t\t\t<\/div>\n\t\t","protected":false},"excerpt":{"rendered":"<p>Automatische Wiege- und Abf\u00fcllanlage f\u00fcr flache Folienbeutel Typ 2aWPP Eine der Neuerungen, die von der Firma Drewmax im Jahr 2014 eingef\u00fchrt wurde, ist die Wiege- und Verpackungslinie f\u00fcr Beutel aus flacher Folie. Die Wiege- und Verpackungslinie Typ 2aWPP ist ein Ger\u00e4t, das f\u00fcr das Verpacken von losen, granulierten oder staubigen Produkten in Folienbeutel vorgesehen ist.&hellip;<\/p>\n","protected":false},"author":1,"featured_media":12199,"parent":0,"menu_order":0,"comment_status":"closed","ping_status":"closed","template":"","meta":[],"yoast_head":"<!-- This site is optimized with the Yoast SEO Premium plugin v15.5 - https:\/\/yoast.com\/wordpress\/plugins\/seo\/ -->\n<title>Wa\u017cenie Pakowanie Paletyzacja Automatyka przemys\u0142owa bigbag linia<\/title>\n<meta name=\"description\" content=\"Wa\u017cenie Pakowanie Paletyzacja Automatyka przemys\u0142owa bigbag linie wa\u017c\u0105co - pakuj\u0105ce zbiorniki technologiczne mikrodozowanie linie PP PE\" \/>\n<meta name=\"robots\" content=\"index, follow, max-snippet:-1, max-image-preview:large, max-video-preview:-1\" \/>\n<link rel=\"canonical\" href=\"https:\/\/drewmax.net.pl\/2awpp\/\" \/>\n<meta property=\"og:locale\" content=\"de_DE\" \/>\n<meta property=\"og:type\" content=\"article\" \/>\n<meta property=\"og:title\" content=\"Wa\u017cenie Pakowanie Paletyzacja Automatyka przemys\u0142owa bigbag linia\" \/>\n<meta property=\"og:description\" content=\"Wa\u017cenie Pakowanie Paletyzacja Automatyka przemys\u0142owa bigbag linie wa\u017c\u0105co - pakuj\u0105ce zbiorniki technologiczne mikrodozowanie linie PP PE\" \/>\n<meta property=\"og:url\" content=\"https:\/\/drewmax.net.pl\/2awpp\/\" \/>\n<meta property=\"og:site_name\" content=\"(Polski) Drewmax - Wa\u017cenie | Pakowanie | Paletyzacja | Automatyka\" \/>\n<meta property=\"article:publisher\" content=\"https:\/\/www.facebook.com\/Drewmax-111641623604429\/\" \/>\n<meta property=\"article:modified_time\" content=\"2025-04-03T11:56:19+00:00\" \/>\n<meta name=\"twitter:card\" content=\"summary_large_image\" \/>\n<meta name=\"twitter:label1\" content=\"Gesch\u00e4tzte Lesezeit\">\n\t<meta name=\"twitter:data1\" content=\"11\u00a0Minuten\">\n<script type=\"application\/ld+json\" class=\"yoast-schema-graph\">{\"@context\":\"https:\/\/schema.org\",\"@graph\":[{\"@type\":\"Organization\",\"@id\":\"https:\/\/drewmax.net.pl\/en\/#organization\",\"name\":\"DREWMAX Sp\\u00f3\\u0142ka z o.o.\",\"url\":\"https:\/\/drewmax.net.pl\/en\/\",\"sameAs\":[\"https:\/\/www.facebook.com\/Drewmax-111641623604429\/\",\"https:\/\/www.instagram.com\/drewmax.net.pl\/\",\"https:\/\/www.youtube.com\/channel\/UCCS8U5F8gSyJAlSWjxgbLRQ\"],\"logo\":{\"@type\":\"ImageObject\",\"@id\":\"https:\/\/drewmax.net.pl\/en\/#logo\",\"inLanguage\":\"de\",\"url\":\"\",\"caption\":\"DREWMAX Sp\\u00f3\\u0142ka z o.o.\"},\"image\":{\"@id\":\"https:\/\/drewmax.net.pl\/en\/#logo\"}},{\"@type\":\"WebSite\",\"@id\":\"https:\/\/drewmax.net.pl\/en\/#website\",\"url\":\"https:\/\/drewmax.net.pl\/en\/\",\"name\":\"(Polski) Drewmax - Wa\\u017cenie | Pakowanie | Paletyzacja | Automatyka\",\"description\":\"\",\"publisher\":{\"@id\":\"https:\/\/drewmax.net.pl\/en\/#organization\"},\"potentialAction\":[{\"@type\":\"SearchAction\",\"target\":\"https:\/\/drewmax.net.pl\/en\/?s={search_term_string}\",\"query-input\":\"required name=search_term_string\"}],\"inLanguage\":\"de\"},{\"@type\":\"ImageObject\",\"@id\":\"https:\/\/drewmax.net.pl\/2awpp\/#primaryimage\",\"inLanguage\":\"de\",\"url\":\"\"},{\"@type\":\"WebPage\",\"@id\":\"https:\/\/drewmax.net.pl\/2awpp\/#webpage\",\"url\":\"https:\/\/drewmax.net.pl\/2awpp\/\",\"name\":\"Wa\\u017cenie Pakowanie Paletyzacja Automatyka przemys\\u0142owa bigbag linia\",\"isPartOf\":{\"@id\":\"https:\/\/drewmax.net.pl\/en\/#website\"},\"primaryImageOfPage\":{\"@id\":\"https:\/\/drewmax.net.pl\/2awpp\/#primaryimage\"},\"datePublished\":\"2016-07-20T12:54:07+00:00\",\"dateModified\":\"2025-04-03T11:56:19+00:00\",\"description\":\"Wa\\u017cenie Pakowanie Paletyzacja Automatyka przemys\\u0142owa bigbag linie wa\\u017c\\u0105co - pakuj\\u0105ce zbiorniki technologiczne mikrodozowanie linie PP PE\",\"breadcrumb\":{\"@id\":\"https:\/\/drewmax.net.pl\/2awpp\/#breadcrumb\"},\"inLanguage\":\"de\",\"potentialAction\":[{\"@type\":\"ReadAction\",\"target\":[\"https:\/\/drewmax.net.pl\/2awpp\/\"]}]},{\"@type\":\"BreadcrumbList\",\"@id\":\"https:\/\/drewmax.net.pl\/2awpp\/#breadcrumb\",\"itemListElement\":[{\"@type\":\"ListItem\",\"position\":1,\"item\":{\"@type\":\"WebPage\",\"@id\":\"https:\/\/drewmax.net.pl\/\",\"url\":\"https:\/\/drewmax.net.pl\/\",\"name\":\"Home\"}},{\"@type\":\"ListItem\",\"position\":2,\"item\":{\"@type\":\"WebPage\",\"@id\":\"https:\/\/drewmax.net.pl\/2awpp\/\",\"url\":\"https:\/\/drewmax.net.pl\/2awpp\/\",\"name\":\"Automatyczna kapturownica typ: SH 300\"}}]}]}<\/script>\n<!-- \/ Yoast SEO Premium plugin. -->","_links":{"self":[{"href":"https:\/\/drewmax.net.pl\/de\/wp-json\/wp\/v2\/pages\/68"}],"collection":[{"href":"https:\/\/drewmax.net.pl\/de\/wp-json\/wp\/v2\/pages"}],"about":[{"href":"https:\/\/drewmax.net.pl\/de\/wp-json\/wp\/v2\/types\/page"}],"author":[{"embeddable":true,"href":"https:\/\/drewmax.net.pl\/de\/wp-json\/wp\/v2\/users\/1"}],"replies":[{"embeddable":true,"href":"https:\/\/drewmax.net.pl\/de\/wp-json\/wp\/v2\/comments?post=68"}],"version-history":[{"count":85,"href":"https:\/\/drewmax.net.pl\/de\/wp-json\/wp\/v2\/pages\/68\/revisions"}],"predecessor-version":[{"id":32002,"href":"https:\/\/drewmax.net.pl\/de\/wp-json\/wp\/v2\/pages\/68\/revisions\/32002"}],"wp:featuredmedia":[{"embeddable":true,"href":"https:\/\/drewmax.net.pl\/de\/wp-json\/wp\/v2\/media\/12199"}],"wp:attachment":[{"href":"https:\/\/drewmax.net.pl\/de\/wp-json\/wp\/v2\/media?parent=68"}],"curies":[{"name":"wp","href":"https:\/\/api.w.org\/{rel}","templated":true}]}}