{"id":62,"date":"2016-07-20T08:58:05","date_gmt":"2016-07-20T06:58:05","guid":{"rendered":"http:\/\/drewmax.net.pl\/?page_id=62"},"modified":"2025-04-07T14:34:26","modified_gmt":"2025-04-07T12:34:26","slug":"kontakt","status":"publish","type":"page","link":"https:\/\/drewmax.net.pl\/de\/kontakt\/","title":{"rendered":"Kontakt"},"content":{"rendered":"\t\t<div data-elementor-type=\"wp-post\" data-elementor-id=\"62\" class=\"elementor elementor-62\" data-elementor-settings=\"[]\">\n\t\t\t\t\t\t<div class=\"elementor-inner\">\n\t\t\t\t\t\t\t<div class=\"elementor-section-wrap\">\n\t\t\t\t\t\t\t<section class=\"elementor-section elementor-top-section elementor-element elementor-element-1f3fa59 elementor-section-boxed elementor-section-height-default elementor-section-height-default\" data-id=\"1f3fa59\" data-element_type=\"section\" data-settings=\"{&quot;background_background&quot;:&quot;classic&quot;}\">\n\t\t\t\t\t\t<div class=\"elementor-container elementor-column-gap-default\">\n\t\t\t\t\t\t\t<div class=\"elementor-row\">\n\t\t\t\t\t<div class=\"elementor-column elementor-col-100 elementor-top-column elementor-element elementor-element-ec4bd05\" data-id=\"ec4bd05\" data-element_type=\"column\">\n\t\t\t<div class=\"elementor-column-wrap elementor-element-populated\">\n\t\t\t\t\t\t\t<div class=\"elementor-widget-wrap\">\n\t\t\t\t\t\t<div class=\"elementor-element elementor-element-dfb26be elementor-widget elementor-widget-html\" data-id=\"dfb26be\" data-element_type=\"widget\" data-widget_type=\"html.default\">\n\t\t\t\t<div class=\"elementor-widget-container\">\n\t\t\t\r\n  <!-- Event snippet for Kontakt Telefoniczny conversion page\r\nIn your html page, add the snippet and call gtag_report_conversion when someone clicks on the chosen link or button. -->\r\n<script>\r\nfunction gtag_report_conversion(url) {\r\n  var callback = function () {\r\n    if (typeof(url) != 'undefined') {\r\n      window.location = url;\r\n    }\r\n  };\r\n  gtag('event', 'conversion', {\r\n      'send_to': 'AW-1020122514\/8tnCCOeejIEDEJKrt-YD',\r\n      'event_callback': callback\r\n  });\r\n  return false;\r\n}\r\n<\/script> \r\n\r\n\r\n<script>\r\nfunction gtag_report_conversion2(url) {\r\n  var callback = function () {\r\n    if (typeof(url) != 'undefined') {\r\n      window.location = url;\r\n    }\r\n  };\r\n  gtag('event', 'conversion', {\r\n      'send_to': 'AW-1020122514\/ig-CCOyKorUaEJKrt-YD',\r\n      'event_callback': callback\r\n  });\r\n  return false;\r\n}\r\n<\/script>\r\n \r\n  <style>\r\n    \/* Prosty styl wizualny *\/\r\n    .contact {\r\n      font-weight: bold;\r\n      cursor: pointer;\r\n      color:blue;\r\n    }\r\n    .datarow {\r\n      display: flex;         \/* ustawia elementy w wierszu *\/\r\n      justify-content: flex-start; \/* wyr\u00f3wnanie do lewej *\/\r\n      align-items: flex-start;     \/* wyr\u00f3wnanie w pionie do g\u00f3ry *\/\r\n      flex-wrap: wrap;\r\n\r\n    }\r\n    .datacol {\r\n      margin-right: 1rem;   \/* odst\u0119p mi\u0119dzy kolumnami *\/\r\n      \/* szeroko\u015b\u0107 nie jest okre\u015blona -> b\u0119dzie \u201eauto\u201d w zale\u017cno\u015bci od zawarto\u015bci *\/\r\n    }\r\n    \/* Ostatniej kolumnie mo\u017cesz da\u0107 np. margin: 0, \r\n       ale nie jest to konieczne *\/\r\n    \r\n  <\/style>\r\n  <link rel=\"stylesheet\" href=\"https:\/\/fonts.googleapis.com\/css2?family=Material+Symbols+Outlined:opsz,wght,FILL,GRAD@24,400,0,0\" \/>\r\n\r\n\t\t<\/div>\n\t\t\t\t<\/div>\n\t\t\t\t<div class=\"elementor-element elementor-element-4aa2985 elementor-widget elementor-widget-heading\" data-id=\"4aa2985\" data-element_type=\"widget\" data-widget_type=\"heading.default\">\n\t\t\t\t<div class=\"elementor-widget-container\">\n\t\t\t<h2 class=\"elementor-heading-title elementor-size-xl\"> Kontakt\n<\/h2>\t\t<\/div>\n\t\t\t\t<\/div>\n\t\t\t\t\t\t<\/div>\n\t\t\t\t\t<\/div>\n\t\t<\/div>\n\t\t\t\t\t\t\t\t<\/div>\n\t\t\t\t\t<\/div>\n\t\t<\/section>\n\t\t\t\t<section class=\"elementor-section elementor-top-section elementor-element elementor-element-31826f7 elementor-section-boxed elementor-section-height-default elementor-section-height-default\" data-id=\"31826f7\" data-element_type=\"section\" data-settings=\"{&quot;background_background&quot;:&quot;classic&quot;}\">\n\t\t\t\t\t\t<div class=\"elementor-container elementor-column-gap-default\">\n\t\t\t\t\t\t\t<div class=\"elementor-row\">\n\t\t\t\t\t<div class=\"elementor-column elementor-col-100 elementor-top-column elementor-element elementor-element-e4163ee\" data-id=\"e4163ee\" data-element_type=\"column\">\n\t\t\t<div class=\"elementor-column-wrap elementor-element-populated\">\n\t\t\t\t\t\t\t<div class=\"elementor-widget-wrap\">\n\t\t\t\t\t\t<div class=\"elementor-element elementor-element-30da028 elementor-widget elementor-widget-text-editor\" data-id=\"30da028\" data-element_type=\"widget\" data-widget_type=\"text-editor.default\">\n\t\t\t\t<div class=\"elementor-widget-container\">\n\t\t\t\t\t\t\t\t<div class=\"elementor-text-editor elementor-clearfix\">\n\t\t\t\t<p><span style=\"font-family: 'Exo 2'; font-size: 13px; font-style: normal; font-variant-ligatures: normal; font-variant-caps: normal; font-weight: bold; background-color: rgba(255, 255, 255, 0);\">DREWMAX&nbsp;<\/span><span style=\"font-family: &quot;Exo 2&quot;; font-size: 13px; font-style: normal; font-variant-ligatures: normal; font-variant-caps: normal; background-color: rgba(255, 255, 255, 0);\"><b>Sp\u00f3\u0142ka z ograniczon\u0105 odpowiedzialno\u015bci\u0105<br><\/b><\/span><b><br><\/b>ul. Strzelecka 5<br>47-230 K\u0119dzierzyn &#8211; Ko\u017ale<\/p>\n<div class=\"datarow\">\n<div class=\"datacol\">tel.<\/div>\n<div class=\"datacol\"><span class=\"material-symbols-outlined\">call<\/span><\/div>\n<div class=\"datacol\">\n<div class=\"contact\" data-type=\"phone\" data-contact=\"+48 77 481 01 22\">&nbsp;<\/div>\n<\/div>\n<\/div>\n<div class=\"datarow\">\n<div class=\"datacol\">tel.\/fax<\/div>\n<div class=\"datacol\"><span class=\"material-symbols-outlined\">settings_phone<\/span><\/div>\n<div class=\"datacol\">\n<div class=\"contact\" data-type=\"phone\" data-contact=\"+48 77 481 62 51\">&nbsp;<\/div>\n<\/div>\n<\/div>\n<div class=\"datarow\">\n<div class=\"datacol\">fax<\/div>\n<div class=\"datacol\"><span class=\"material-symbols-outlined\">fax<\/span><\/div>\n<div class=\"datacol\">\n<div class=\"contact\" data-type=\"phone\" data-contact=\"+48 77 481 00 68\">&nbsp;<\/div>\n<\/div>\n<\/div>\n<p><\/span><\/p>\t\t\t\t\t<\/div>\n\t\t\t\t\t\t<\/div>\n\t\t\t\t<\/div>\n\t\t\t\t\t\t<\/div>\n\t\t\t\t\t<\/div>\n\t\t<\/div>\n\t\t\t\t\t\t\t\t<\/div>\n\t\t\t\t\t<\/div>\n\t\t<\/section>\n\t\t\t\t<section class=\"elementor-section elementor-top-section elementor-element elementor-element-4fd98ea elementor-section-boxed elementor-section-height-default elementor-section-height-default\" data-id=\"4fd98ea\" data-element_type=\"section\" data-settings=\"{&quot;background_background&quot;:&quot;classic&quot;}\">\n\t\t\t\t\t\t<div class=\"elementor-container elementor-column-gap-default\">\n\t\t\t\t\t\t\t<div class=\"elementor-row\">\n\t\t\t\t\t<div class=\"elementor-column elementor-col-100 elementor-top-column elementor-element elementor-element-cfc194d\" data-id=\"cfc194d\" data-element_type=\"column\">\n\t\t\t<div class=\"elementor-column-wrap elementor-element-populated\">\n\t\t\t\t\t\t\t<div class=\"elementor-widget-wrap\">\n\t\t\t\t\t\t<div class=\"elementor-element elementor-element-728386c elementor-widget elementor-widget-html\" data-id=\"728386c\" data-element_type=\"widget\" data-widget_type=\"html.default\">\n\t\t\t\t<div class=\"elementor-widget-container\">\n\t\t\t<style>\ntable, th, td {\n  border: 0px solid black;\n  color: #7a7a7a;\n}\n.elementor-container {\n    display:block !important;\n}\n<\/style>\n<table style=\"width:100%;border:none;\">\n    <tbody style=\"border:0px solid white;\">\n    <tr>\n        <th style=\"width:50%\">\n             Interne Nummern:\n        <\/th>\n        <th style=\"width:50%\">\n             E-Mail-Adressen:\n        <\/th>\n    <\/tr>\n    <tr>\n        <td>&nbsp;&#8226;  Sekretariat: 123<\/td>\n        <td>  <div class=\"datarow\">\n    <div class=\"datacol\">&nbsp;&#8226;  Haupt-E-Mail:<\/div>\n    <div class=\"datacol\"><div class=\"contact\" data-type=\"email\" data-contact=\"drewmax@drewmax.net.pl\"><\/div><\/div>\n  <\/div><\/td>\n    <\/tr>\n    <tr>\n        <td>&nbsp;&#8226;  Fax: 124<\/td>\n        <td>  <div class=\"datarow\">\n    <div class=\"datacol\">&nbsp;&#8226;  Serviceabteilung:<\/div>\n    <div class=\"datacol\"><div class=\"contact\" data-type=\"email\" data-contact=\"serwis@drewmax.net.pl\"><\/div><\/div>\n  <\/div><\/td>\n    <\/tr>\n    <tr>\n        <td>&nbsp;&#8226;  Buchhaltung: 125, 166<\/td>\n        <td>  <div class=\"datarow\">\n    <div class=\"datacol\">&nbsp;&#8226;  Anfragen:<\/div>\n    <div class=\"datacol\"><div class=\"contact\" data-type=\"email\" data-contact=\"zapytania@drewmax.net.pl\"><\/div><\/div>\n  <\/div><\/td>\n    <\/tr>\n    <tr>\n        <td>&nbsp;&#8226;  Verkaufsabteilung: 126, 133, 144<\/td>\n        <td>  <div class=\"datarow\">\n    <div class=\"datacol\">&nbsp;&#8226;  Bestellungen:<\/div>\n    <div class=\"datacol\"><div class=\"contact\" data-type=\"email\" data-contact=\"zamowienia@drewmax.net.pl\"><\/div><\/div>\n  <\/div><\/td>\n    <\/tr>\n    <tr>\n        <td>&nbsp;&#8226;  Konstruktionsabteilung: 120, 128, 132<\/td>\n        <td>  <div class=\"datarow\">\n    <div class=\"datacol\"><\/div>\n    <div class=\"datacol\"><div class=\"contact\" data-type=\"email\" data-contact=\"rekrutacja@drewmax.net.pl\"><\/div><\/div>\n  <\/div><\/td>\n    <\/tr>\n    <tr>\n        <td>&nbsp;&#8226;  Versandabteilung: 129<\/td>\n        <td><\/td>\n    <\/tr>\n    <\/tbody>\n<\/table>\t\t<\/div>\n\t\t\t\t<\/div>\n\t\t\t\t\t\t<\/div>\n\t\t\t\t\t<\/div>\n\t\t<\/div>\n\t\t\t\t\t\t\t\t<\/div>\n\t\t\t\t\t<\/div>\n\t\t<\/section>\n\t\t\t\t<section class=\"elementor-section elementor-top-section elementor-element elementor-element-cf37d7a elementor-section-boxed elementor-section-height-default elementor-section-height-default\" data-id=\"cf37d7a\" data-element_type=\"section\" data-settings=\"{&quot;background_background&quot;:&quot;classic&quot;}\">\n\t\t\t\t\t\t<div class=\"elementor-container elementor-column-gap-default\">\n\t\t\t\t\t\t\t<div class=\"elementor-row\">\n\t\t\t\t\t<div class=\"elementor-column elementor-col-100 elementor-top-column elementor-element elementor-element-3cf40e1\" data-id=\"3cf40e1\" data-element_type=\"column\">\n\t\t\t<div class=\"elementor-column-wrap elementor-element-populated\">\n\t\t\t\t\t\t\t<div class=\"elementor-widget-wrap\">\n\t\t\t\t\t\t<div class=\"elementor-element elementor-element-4446575 elementor-widget__width-initial elementor-widget elementor-widget-shortcode\" data-id=\"4446575\" data-element_type=\"widget\" data-widget_type=\"shortcode.default\">\n\t\t\t\t<div class=\"elementor-widget-container\">\n\t\t\t\t\t<div class=\"elementor-shortcode\"><div role=\"form\" class=\"wpcf7\" id=\"wpcf7-f14798-o1\" lang=\"pl-PL\" dir=\"ltr\">\n<div class=\"screen-reader-response\"><p role=\"status\" aria-live=\"polite\" aria-atomic=\"true\"><\/p> <ul><\/ul><\/div>\n<form action=\"\/de\/wp-json\/wp\/v2\/pages\/62#wpcf7-f14798-o1\" method=\"post\" class=\"wpcf7-form init\" novalidate=\"novalidate\" data-status=\"init\">\n<div style=\"display: none;\">\n<input type=\"hidden\" name=\"_wpcf7\" value=\"14798\" \/>\n<input type=\"hidden\" name=\"_wpcf7_version\" value=\"5.5.2\" \/>\n<input type=\"hidden\" name=\"_wpcf7_locale\" value=\"pl_PL\" \/>\n<input type=\"hidden\" name=\"_wpcf7_unit_tag\" value=\"wpcf7-f14798-o1\" \/>\n<input type=\"hidden\" name=\"_wpcf7_container_post\" value=\"0\" \/>\n<input type=\"hidden\" name=\"_wpcf7_posted_data_hash\" value=\"\" \/>\n<input type=\"hidden\" name=\"_wpcf7_recaptcha_response\" value=\"\" \/>\n<\/div>\n<p><label style=\"color: #7A7A7A\">  Vorname und Nachname (erforderlich)<br \/>\n    <span class=\"wpcf7-form-control-wrap your-name\"><input type=\"text\" name=\"your-name\" value=\"\" size=\"40\" class=\"wpcf7-form-control wpcf7-text wpcf7-validates-as-required\" aria-required=\"true\" aria-invalid=\"false\" \/><\/span> <\/label><\/p>\n<p><label style=\"color: #7A7A7A\">  E-Mail-Adresse (erforderlich)<br \/>\n    <span class=\"wpcf7-form-control-wrap your-email\"><input type=\"email\" name=\"your-email\" value=\"\" size=\"40\" class=\"wpcf7-form-control wpcf7-text wpcf7-email wpcf7-validates-as-required wpcf7-validates-as-email\" aria-required=\"true\" aria-invalid=\"false\" \/><\/span> <\/label><\/p>\n<p><label style=\"color: #7A7A7A\">  Betreff<br \/>\n    <span class=\"wpcf7-form-control-wrap your-subject\"><input type=\"text\" name=\"your-subject\" value=\"\" size=\"40\" class=\"wpcf7-form-control wpcf7-text\" aria-invalid=\"false\" \/><\/span> <\/label><\/p>\n<p><label style=\"color: #7A7A7A\">  Nachricht<br \/>\n    <span class=\"wpcf7-form-control-wrap your-message\"><textarea name=\"your-message\" cols=\"40\" rows=\"10\" class=\"wpcf7-form-control wpcf7-textarea\" aria-invalid=\"false\"><\/textarea><\/span> <\/label><\/p>\n<p><br><br \/>\n<input type=\"submit\" value=\"Senden\" class=\"wpcf7-form-control has-spinner wpcf7-submit\" \/><\/p>\n<input type='hidden' class='wpcf7-pum' value='{\"closepopup\":false,\"closedelay\":0,\"openpopup\":false,\"openpopup_id\":0}' \/><div class=\"wpcf7-response-output\" aria-hidden=\"true\"><\/div><\/form><\/div><\/div>\n\t\t\t\t<\/div>\n\t\t\t\t<\/div>\n\t\t\t\t\t\t<\/div>\n\t\t\t\t\t<\/div>\n\t\t<\/div>\n\t\t\t\t\t\t\t\t<\/div>\n\t\t\t\t\t<\/div>\n\t\t<\/section>\n\t\t\t\t<section class=\"elementor-section elementor-top-section elementor-element elementor-element-6a7ad5e elementor-section-boxed elementor-section-height-default elementor-section-height-default\" data-id=\"6a7ad5e\" data-element_type=\"section\" data-settings=\"{&quot;background_background&quot;:&quot;classic&quot;}\">\n\t\t\t\t\t\t<div class=\"elementor-container elementor-column-gap-default\">\n\t\t\t\t\t\t\t<div class=\"elementor-row\">\n\t\t\t\t\t<div class=\"elementor-column elementor-col-100 elementor-top-column elementor-element elementor-element-0250440\" data-id=\"0250440\" data-element_type=\"column\">\n\t\t\t<div class=\"elementor-column-wrap elementor-element-populated\">\n\t\t\t\t\t\t\t<div class=\"elementor-widget-wrap\">\n\t\t\t\t\t\t<div class=\"elementor-element elementor-element-486e6bb elementor-widget elementor-widget-text-editor\" data-id=\"486e6bb\" data-element_type=\"widget\" data-widget_type=\"text-editor.default\">\n\t\t\t\t<div class=\"elementor-widget-container\">\n\t\t\t\t\t\t\t\t<div class=\"elementor-text-editor elementor-clearfix\">\n\t\t\t\t<p><span style=\"background-color: rgba(255, 255, 255, 0);\"><br data-start=\"37\" data-end=\"40\" \/>Wir verstehen Ihre Bed\u00fcrfnisse \u2013 wir stehen Ihnen 7 Tage die Woche zur Verf\u00fcgung. Ein teurer Vor-Ort-Einsatz ist nicht immer notwendig, manchmal kann ein Telefonat die Stillstandszeit erheblich verk\u00fcrzen. Wir verf\u00fcgen \u00fcber einen Vorrat an Ersatzteilen, die sofort versendet werden k\u00f6nnen. Unsere erfahrenen Servicetechniker stehen Ihnen bei routinem\u00e4\u00dfigen Wartungsarbeiten und bei der Behebung von St\u00f6rungen zur Seite.<\/p><p data-start=\"460\" data-end=\"896\"><\/span><\/p>\t\t\t\t\t<\/div>\n\t\t\t\t\t\t<\/div>\n\t\t\t\t<\/div>\n\t\t\t\t\t\t<\/div>\n\t\t\t\t\t<\/div>\n\t\t<\/div>\n\t\t\t\t\t\t\t\t<\/div>\n\t\t\t\t\t<\/div>\n\t\t<\/section>\n\t\t\t\t<section class=\"elementor-section elementor-top-section elementor-element elementor-element-1b88620 elementor-section-boxed elementor-section-height-default elementor-section-height-default\" data-id=\"1b88620\" data-element_type=\"section\">\n\t\t\t\t\t\t<div class=\"elementor-container elementor-column-gap-default\">\n\t\t\t\t\t\t\t<div class=\"elementor-row\">\n\t\t\t\t\t<div class=\"elementor-column elementor-col-100 elementor-top-column elementor-element elementor-element-fd6ba8d\" data-id=\"fd6ba8d\" data-element_type=\"column\">\n\t\t\t<div class=\"elementor-column-wrap\">\n\t\t\t\t\t\t\t<div class=\"elementor-widget-wrap\">\n\t\t\t\t\t\t\t\t<\/div>\n\t\t\t\t\t<\/div>\n\t\t<\/div>\n\t\t\t\t\t\t\t\t<\/div>\n\t\t\t\t\t<\/div>\n\t\t<\/section>\n\t\t\t\t<section class=\"elementor-section elementor-top-section elementor-element elementor-element-6d7d65b elementor-section-boxed elementor-section-height-default elementor-section-height-default\" data-id=\"6d7d65b\" data-element_type=\"section\">\n\t\t\t\t\t\t<div class=\"elementor-container elementor-column-gap-default\">\n\t\t\t\t\t\t\t<div class=\"elementor-row\">\n\t\t\t\t\t<div class=\"elementor-column elementor-col-100 elementor-top-column elementor-element elementor-element-86febe3\" data-id=\"86febe3\" data-element_type=\"column\">\n\t\t\t<div class=\"elementor-column-wrap elementor-element-populated\">\n\t\t\t\t\t\t\t<div class=\"elementor-widget-wrap\">\n\t\t\t\t\t\t<div class=\"elementor-element elementor-element-f437b23 elementor-widget elementor-widget-html\" data-id=\"f437b23\" data-element_type=\"widget\" data-widget_type=\"html.default\">\n\t\t\t\t<div class=\"elementor-widget-container\">\n\t\t\t<script>\r\n    \/**\r\n     * Uniwersalna funkcja animuj\u0105ca stopniowe \u201eods\u0142anianie\u201d tekstu.\r\n     * Zast\u0119pujemy wszystkie litery, cyfry i znak plus (+) znakiem 'x' \u2013 a po kolei odkrywamy je.\r\n     * @param {HTMLElement} element - Element w DOM, w kt\u00f3rym dokonujemy animacji.\r\n     * @param {string} fullText - Rzeczywisty numer telefonu lub adres e-mail.\r\n     * @param {number} speed - Cz\u0119stotliwo\u015b\u0107 (ms) ods\u0142aniania kolejnych znak\u00f3w.\r\n     *\/\r\n    function revealTextGradually(element, fullText, speed = 100) {\r\n      const chars = fullText.split('');\r\n      \r\n      \/\/ 1. Przygotuj tablic\u0119 znak\u00f3w startowych (zamiast ka\u017cdej litery\/cyfry\/+, dajemy 'x')\r\n      let displayed = chars.map(ch => {\r\n        \/\/ Je\u017celi znak to litera [a-zA-Z], cyfra [0-9] lub plus [+], zamieniamy na 'x'\r\n        return (\/[a-zA-Z0-9+]\/.test(ch)) ? 'x' : ch;\r\n      });\r\n      \r\n      \/\/ Wst\u0119pny wygl\u0105d (wszystkie 'x' i oryginalne spacje, my\u015blniki, kropki itp.)\r\n      element.textContent = displayed.join('');\r\n      \r\n      let index = 0;          \/\/ kt\u00f3ry znak obecnie ods\u0142aniamy\r\n      const totalChars = chars.length;\r\n      \r\n      const intervalId = setInterval(() => {\r\n        \/\/ Ods\u0142aniamy w\u0142a\u015bciwy znak (cyfra, litera, plus, cokolwiek by\u0142o)\r\n        displayed[index] = chars[index];\r\n        element.textContent = displayed.join('');\r\n        \r\n        index++;\r\n        if (index >= totalChars) {\r\n          clearInterval(intervalId); \/\/ koniec animacji\r\n        }\r\n      }, speed);\r\n    }\r\n\r\n    \/**\r\n     * Funkcja inicjuje wszystkie elementy `.contact`.\r\n     * Rozpoznaje, czy to telefon (phone), czy e-mail (email), uruchamia animacj\u0119 ods\u0142aniania\r\n     * i podpina odpowiednie zdarzenie klikni\u0119cia.\r\n     *\/\r\n    function initContacts() {\r\n      const contacts = document.querySelectorAll('.contact');\r\n      \r\n      contacts.forEach(el => {\r\n        const type = el.getAttribute('data-type');       \/\/ np. \"phone\" lub \"email\"\r\n        const contactValue = el.getAttribute('data-contact') || '';\r\n        \r\n        \/\/ Uruchamiamy animacj\u0119 ods\u0142aniania znak\u00f3w (np. 150 ms mi\u0119dzy znakami)\r\n        revealTextGradually(el, contactValue, 150);\r\n\r\n        \/\/ Po klikni\u0119ciu otwieramy odpowiedni link (tel: \/ mailto:)\r\n        el.addEventListener('click', () => {\r\n          gtag_report_conversion();\r\n          \r\n          if (type === 'phone') {\r\n            \/\/ Usuwamy wszystkie znaki nienumeryczne poza + i cyframi (np. spacje, my\u015blniki)\r\n            const cleanedPhone = contactValue.replace(\/[^+\\d]\/g, '');\r\n            window.location.href = `tel:${cleanedPhone}`;\r\n            \r\n          } else if (type === 'email') {\r\n            \/\/ Dla e-maila wystarczy najcz\u0119\u015bciej wprost mailto:\r\n            window.location.href = `mailto:${contactValue}`;\r\n            \r\n          } else {\r\n            \/\/ Mo\u017cesz doda\u0107 obs\u0142ug\u0119 innych typ\u00f3w (np. fax) lub wy\u015bwietli\u0107 alert\r\n            alert('Nieobs\u0142ugiwany typ kontaktu: ' + type);\r\n          }\r\n        });\r\n      });\r\n    }\r\n\r\n    \/\/ Czekamy a\u017c okno si\u0119 w pe\u0142ni za\u0142aduje (obrazy i wszystko), wtedy startujemy\r\n    \r\n    function initReportConversion(){\r\n        document.addEventListener( 'wpcf7mailsent', function( event ) {\r\n    if ( '14798' == event.detail.contactFormId ) {\r\n        gtag_report_conversion2();\r\n    }\r\n}, false );\r\n        \r\n        \r\n    }\r\n    window.addEventListener('load', initContacts);\r\n    window.addEventListener('load', initReportConversion);\r\n  <\/script>\t\t<\/div>\n\t\t\t\t<\/div>\n\t\t\t\t\t\t<\/div>\n\t\t\t\t\t<\/div>\n\t\t<\/div>\n\t\t\t\t\t\t\t\t<\/div>\n\t\t\t\t\t<\/div>\n\t\t<\/section>\n\t\t\t\t\t\t<\/div>\n\t\t\t\t\t\t<\/div>\n\t\t\t\t\t<\/div>\n\t\t","protected":false},"excerpt":{"rendered":"<p>Kontakt DREWMAX&nbsp;Sp\u00f3\u0142ka z ograniczon\u0105 odpowiedzialno\u015bci\u0105ul. Strzelecka 547-230 K\u0119dzierzyn &#8211; Ko\u017ale tel. call &nbsp; tel.\/fax settings_phone &nbsp; fax fax &nbsp; Interne Nummern: E-Mail-Adressen: &nbsp;&#8226; Sekretariat: 123 &nbsp;&#8226; Haupt-E-Mail: &nbsp;&#8226; Fax: 124 &nbsp;&#8226; Serviceabteilung: &nbsp;&#8226; Buchhaltung: 125, 166 &nbsp;&#8226; Anfragen: &nbsp;&#8226; Verkaufsabteilung: 126, 133, 144 &nbsp;&#8226; Bestellungen: &nbsp;&#8226; Konstruktionsabteilung: 120, 128, 132 &nbsp;&#8226; Versandabteilung: 129 Wir verstehen&hellip;<\/p>\n","protected":false},"author":1,"featured_media":0,"parent":0,"menu_order":0,"comment_status":"closed","ping_status":"closed","template":"","meta":[],"yoast_head":"<!-- This site is optimized with the Yoast SEO Premium plugin v15.5 - https:\/\/yoast.com\/wordpress\/plugins\/seo\/ -->\n<title>Kontakt - (Polski) Drewmax - Wa\u017cenie | Pakowanie | Paletyzacja | Automatyka<\/title>\n<meta name=\"robots\" content=\"index, follow, max-snippet:-1, max-image-preview:large, max-video-preview:-1\" \/>\n<link rel=\"canonical\" href=\"https:\/\/drewmax.net.pl\/kontakt\/\" \/>\n<meta property=\"og:locale\" content=\"de_DE\" \/>\n<meta property=\"og:type\" content=\"article\" \/>\n<meta property=\"og:title\" content=\"Kontakt - (Polski) Drewmax - Wa\u017cenie | Pakowanie | Paletyzacja | Automatyka\" \/>\n<meta property=\"og:description\" content=\"Kontakt DREWMAX&nbsp;Sp\u00f3\u0142ka z ograniczon\u0105 odpowiedzialno\u015bci\u0105ul. Strzelecka 547-230 K\u0119dzierzyn &#8211; Ko\u017ale tel. call &nbsp; tel.\/fax settings_phone &nbsp; fax fax &nbsp; Interne Nummern: E-Mail-Adressen: &nbsp;&#8226; Sekretariat: 123 &nbsp;&#8226; Haupt-E-Mail: &nbsp;&#8226; Fax: 124 &nbsp;&#8226; Serviceabteilung: &nbsp;&#8226; Buchhaltung: 125, 166 &nbsp;&#8226; Anfragen: &nbsp;&#8226; Verkaufsabteilung: 126, 133, 144 &nbsp;&#8226; Bestellungen: &nbsp;&#8226; Konstruktionsabteilung: 120, 128, 132 &nbsp;&#8226; Versandabteilung: 129 Wir verstehen&hellip;\" \/>\n<meta property=\"og:url\" content=\"https:\/\/drewmax.net.pl\/kontakt\/\" \/>\n<meta property=\"og:site_name\" content=\"(Polski) Drewmax - Wa\u017cenie | Pakowanie | Paletyzacja | Automatyka\" \/>\n<meta property=\"article:publisher\" content=\"https:\/\/www.facebook.com\/Drewmax-111641623604429\/\" \/>\n<meta property=\"article:modified_time\" content=\"2025-04-07T12:34:26+00:00\" \/>\n<meta name=\"twitter:card\" content=\"summary_large_image\" \/>\n<meta name=\"twitter:label1\" content=\"Gesch\u00e4tzte Lesezeit\">\n\t<meta name=\"twitter:data1\" content=\"4\u00a0Minuten\">\n<script type=\"application\/ld+json\" class=\"yoast-schema-graph\">{\"@context\":\"https:\/\/schema.org\",\"@graph\":[{\"@type\":\"Organization\",\"@id\":\"https:\/\/drewmax.net.pl\/en\/#organization\",\"name\":\"DREWMAX Sp\\u00f3\\u0142ka z o.o.\",\"url\":\"https:\/\/drewmax.net.pl\/en\/\",\"sameAs\":[\"https:\/\/www.facebook.com\/Drewmax-111641623604429\/\",\"https:\/\/www.instagram.com\/drewmax.net.pl\/\",\"https:\/\/www.youtube.com\/channel\/UCCS8U5F8gSyJAlSWjxgbLRQ\"],\"logo\":{\"@type\":\"ImageObject\",\"@id\":\"https:\/\/drewmax.net.pl\/en\/#logo\",\"inLanguage\":\"de\",\"url\":\"\",\"caption\":\"DREWMAX Sp\\u00f3\\u0142ka z o.o.\"},\"image\":{\"@id\":\"https:\/\/drewmax.net.pl\/en\/#logo\"}},{\"@type\":\"WebSite\",\"@id\":\"https:\/\/drewmax.net.pl\/en\/#website\",\"url\":\"https:\/\/drewmax.net.pl\/en\/\",\"name\":\"(Polski) Drewmax - Wa\\u017cenie | Pakowanie | Paletyzacja | Automatyka\",\"description\":\"\",\"publisher\":{\"@id\":\"https:\/\/drewmax.net.pl\/en\/#organization\"},\"potentialAction\":[{\"@type\":\"SearchAction\",\"target\":\"https:\/\/drewmax.net.pl\/en\/?s={search_term_string}\",\"query-input\":\"required name=search_term_string\"}],\"inLanguage\":\"de\"},{\"@type\":\"WebPage\",\"@id\":\"https:\/\/drewmax.net.pl\/kontakt\/#webpage\",\"url\":\"https:\/\/drewmax.net.pl\/kontakt\/\",\"name\":\"Kontakt - (Polski) Drewmax - Wa\\u017cenie | Pakowanie | Paletyzacja | Automatyka\",\"isPartOf\":{\"@id\":\"https:\/\/drewmax.net.pl\/en\/#website\"},\"datePublished\":\"2016-07-20T06:58:05+00:00\",\"dateModified\":\"2025-04-07T12:34:26+00:00\",\"breadcrumb\":{\"@id\":\"https:\/\/drewmax.net.pl\/kontakt\/#breadcrumb\"},\"inLanguage\":\"de\",\"potentialAction\":[{\"@type\":\"ReadAction\",\"target\":[\"https:\/\/drewmax.net.pl\/kontakt\/\"]}]},{\"@type\":\"BreadcrumbList\",\"@id\":\"https:\/\/drewmax.net.pl\/kontakt\/#breadcrumb\",\"itemListElement\":[{\"@type\":\"ListItem\",\"position\":1,\"item\":{\"@type\":\"WebPage\",\"@id\":\"https:\/\/drewmax.net.pl\/\",\"url\":\"https:\/\/drewmax.net.pl\/\",\"name\":\"Home\"}},{\"@type\":\"ListItem\",\"position\":2,\"item\":{\"@type\":\"WebPage\",\"@id\":\"https:\/\/drewmax.net.pl\/kontakt\/\",\"url\":\"https:\/\/drewmax.net.pl\/kontakt\/\",\"name\":\"Kontakt\"}}]}]}<\/script>\n<!-- \/ Yoast SEO Premium plugin. -->","_links":{"self":[{"href":"https:\/\/drewmax.net.pl\/de\/wp-json\/wp\/v2\/pages\/62"}],"collection":[{"href":"https:\/\/drewmax.net.pl\/de\/wp-json\/wp\/v2\/pages"}],"about":[{"href":"https:\/\/drewmax.net.pl\/de\/wp-json\/wp\/v2\/types\/page"}],"author":[{"embeddable":true,"href":"https:\/\/drewmax.net.pl\/de\/wp-json\/wp\/v2\/users\/1"}],"replies":[{"embeddable":true,"href":"https:\/\/drewmax.net.pl\/de\/wp-json\/wp\/v2\/comments?post=62"}],"version-history":[{"count":162,"href":"https:\/\/drewmax.net.pl\/de\/wp-json\/wp\/v2\/pages\/62\/revisions"}],"predecessor-version":[{"id":32166,"href":"https:\/\/drewmax.net.pl\/de\/wp-json\/wp\/v2\/pages\/62\/revisions\/32166"}],"wp:attachment":[{"href":"https:\/\/drewmax.net.pl\/de\/wp-json\/wp\/v2\/media?parent=62"}],"curies":[{"name":"wp","href":"https:\/\/api.w.org\/{rel}","templated":true}]}}