{"id":417,"date":"2016-08-18T13:22:47","date_gmt":"2016-08-18T11:22:47","guid":{"rendered":"http:\/\/drewmax.net.pl\/?page_id=417"},"modified":"2025-03-25T12:25:48","modified_gmt":"2025-03-25T11:25:48","slug":"awns","status":"publish","type":"page","link":"https:\/\/drewmax.net.pl\/de\/awns\/","title":{"rendered":"Automatyczna linia wa\u017c\u0105co pakuj\u0105ca typ aWN\/S"},"content":{"rendered":"\t\t<div data-elementor-type=\"wp-post\" data-elementor-id=\"417\" class=\"elementor elementor-417\" data-elementor-settings=\"[]\">\n\t\t\t\t\t\t<div class=\"elementor-inner\">\n\t\t\t\t\t\t\t<div class=\"elementor-section-wrap\">\n\t\t\t\t\t\t\t<section class=\"elementor-section elementor-top-section elementor-element elementor-element-9c2f3ea elementor-section-boxed elementor-section-height-default elementor-section-height-default\" data-id=\"9c2f3ea\" data-element_type=\"section\" data-settings=\"{&quot;background_background&quot;:&quot;classic&quot;}\">\n\t\t\t\t\t\t<div class=\"elementor-container elementor-column-gap-default\">\n\t\t\t\t\t\t\t<div class=\"elementor-row\">\n\t\t\t\t\t<div class=\"elementor-column elementor-col-100 elementor-top-column elementor-element elementor-element-219b6c7\" data-id=\"219b6c7\" data-element_type=\"column\">\n\t\t\t<div class=\"elementor-column-wrap elementor-element-populated\">\n\t\t\t\t\t\t\t<div class=\"elementor-widget-wrap\">\n\t\t\t\t\t\t<div class=\"elementor-element elementor-element-1706815 elementor-widget elementor-widget-heading\" data-id=\"1706815\" data-element_type=\"widget\" data-widget_type=\"heading.default\">\n\t\t\t\t<div class=\"elementor-widget-container\">\n\t\t\t<h2 class=\"elementor-heading-title elementor-size-xl\"> Automatische Wiege- und Verpackungslinie Typ aWN\/S\n<\/h2>\t\t<\/div>\n\t\t\t\t<\/div>\n\t\t\t\t\t\t<\/div>\n\t\t\t\t\t<\/div>\n\t\t<\/div>\n\t\t\t\t\t\t\t\t<\/div>\n\t\t\t\t\t<\/div>\n\t\t<\/section>\n\t\t\t\t<section class=\"elementor-section elementor-top-section elementor-element elementor-element-30b1f667 elementor-section-boxed elementor-section-height-default elementor-section-height-default\" data-id=\"30b1f667\" data-element_type=\"section\" data-settings=\"{&quot;background_background&quot;:&quot;classic&quot;}\">\n\t\t\t\t\t\t<div class=\"elementor-container elementor-column-gap-default\">\n\t\t\t\t\t\t\t<div class=\"elementor-row\">\n\t\t\t\t\t<div class=\"elementor-column elementor-col-50 elementor-top-column elementor-element elementor-element-379c5b4d\" data-id=\"379c5b4d\" data-element_type=\"column\">\n\t\t\t<div class=\"elementor-column-wrap elementor-element-populated\">\n\t\t\t\t\t\t\t<div class=\"elementor-widget-wrap\">\n\t\t\t\t\t\t<div class=\"elementor-element elementor-element-13618547 elementor-widget elementor-widget-text-editor\" data-id=\"13618547\" data-element_type=\"widget\" data-widget_type=\"text-editor.default\">\n\t\t\t\t<div class=\"elementor-widget-container\">\n\t\t\t\t\t\t\t\t<div class=\"elementor-text-editor elementor-clearfix\">\n\t\t\t\t<p><br data-start=\"29\" data-end=\"32\" \/>Die Kombination aus modernen Technologien und Komponenten von f\u00fchrenden Marken erm\u00f6glichte die Entwicklung der automatischen Wiege- und Verpackungslinie Typ aWN\/S.<\/p><p data-start=\"20\" data-end=\"633\"><br data-start=\"201\" data-end=\"204\" \/>Die Linie aWN\/S ist ein automatisches Wiege- und Verpackungsger\u00e4t f\u00fcr <strong>lose\/staubige<\/strong> Produkte unter Verwendung von <strong>offenen Beuteln. <\/strong><\/p><p data-start=\"20\" data-end=\"633\">Die vorgestellte Linie ist mit zwei Wiegereichen ausgestattet, die abwechselnd von Schneckenf\u00f6rderern mit unterschiedlichen Durchmessern bef\u00fcllt werden.<\/p><p data-start=\"20\" data-end=\"633\">Diese Kombination der Komponenten gew\u00e4hrleistet eine hohe Pr\u00e4zision beim Abf\u00fcllen sowie eine hohe Leistung von bis zu <strong>450 Portionen pro Stunde.<\/strong><\/p><p data-start=\"637\" data-end=\"1252\"><\/p><p><span style=\"background-color: rgba(255, 255, 255, 0);\">\u00a0<\/span><\/p>\t\t\t\t\t<\/div>\n\t\t\t\t\t\t<\/div>\n\t\t\t\t<\/div>\n\t\t\t\t\t\t<\/div>\n\t\t\t\t\t<\/div>\n\t\t<\/div>\n\t\t\t\t<div class=\"elementor-column elementor-col-50 elementor-top-column elementor-element elementor-element-96fec92\" data-id=\"96fec92\" data-element_type=\"column\">\n\t\t\t<div class=\"elementor-column-wrap elementor-element-populated\">\n\t\t\t\t\t\t\t<div class=\"elementor-widget-wrap\">\n\t\t\t\t\t\t<div class=\"elementor-element elementor-element-9e5e196 elementor-widget elementor-widget-text-editor\" data-id=\"9e5e196\" data-element_type=\"widget\" data-widget_type=\"text-editor.default\">\n\t\t\t\t<div class=\"elementor-widget-container\">\n\t\t\t\t\t\t\t\t<div class=\"elementor-text-editor elementor-clearfix\">\n\t\t\t\t<p><img loading=\"lazy\" class=\"alignnone size-medium wp-image-16083\" src=\"https:\/\/drewmax.net.pl\/wp-content\/uploads\/2020\/10\/2awns-3-220x300.png\" alt=\"\" width=\"220\" height=\"300\" srcset=\"https:\/\/drewmax.net.pl\/wp-content\/uploads\/2020\/10\/2awns-3-220x300.png 220w, https:\/\/drewmax.net.pl\/wp-content\/uploads\/2020\/10\/2awns-3.png 543w\" sizes=\"(max-width: 220px) 100vw, 220px\" \/><\/p>\t\t\t\t\t<\/div>\n\t\t\t\t\t\t<\/div>\n\t\t\t\t<\/div>\n\t\t\t\t\t\t<\/div>\n\t\t\t\t\t<\/div>\n\t\t<\/div>\n\t\t\t\t\t\t\t\t<\/div>\n\t\t\t\t\t<\/div>\n\t\t<\/section>\n\t\t\t\t<section class=\"elementor-section elementor-top-section elementor-element elementor-element-c94fd1b elementor-section-boxed elementor-section-height-default elementor-section-height-default\" data-id=\"c94fd1b\" data-element_type=\"section\" data-settings=\"{&quot;background_background&quot;:&quot;classic&quot;}\">\n\t\t\t\t\t\t<div class=\"elementor-container elementor-column-gap-default\">\n\t\t\t\t\t\t\t<div class=\"elementor-row\">\n\t\t\t\t\t<div class=\"elementor-column elementor-col-50 elementor-top-column elementor-element elementor-element-b039453\" data-id=\"b039453\" data-element_type=\"column\">\n\t\t\t<div class=\"elementor-column-wrap elementor-element-populated\">\n\t\t\t\t\t\t\t<div class=\"elementor-widget-wrap\">\n\t\t\t\t\t\t<div class=\"elementor-element elementor-element-b6f4539 elementor-widget elementor-widget-text-editor\" data-id=\"b6f4539\" data-element_type=\"widget\" data-widget_type=\"text-editor.default\">\n\t\t\t\t<div class=\"elementor-widget-container\">\n\t\t\t\t\t\t\t\t<div class=\"elementor-text-editor elementor-clearfix\">\n\t\t\t\t<p style=\"font-variant-ligatures: normal; font-variant-caps: normal; font-size: 13px;\"><span style=\"background-color: rgba(255, 255, 255, 0);\"><br data-start=\"29\" data-end=\"32\" \/><strong data-start=\"34\" data-end=\"66\">Hauptkomponenten des Ger\u00e4ts:<\/strong><\/p><ul><li data-start=\"20\" data-end=\"775\">St\u00fctzstruktur der Linie mit Arbeitsplattform<\/li><li data-start=\"20\" data-end=\"775\">Automatische Beutelf\u00fcllvorrichtung<\/li><li data-start=\"20\" data-end=\"775\">Elektronische Dosierwaage vom Typ Netto \u2013 1 St\u00fcck<\/li><li data-start=\"20\" data-end=\"775\">Schneckenf\u00f6rderer \u2013 1 St\u00fcck<\/li><li data-start=\"20\" data-end=\"775\">Geschlossener Auslauf<\/li><li data-start=\"20\" data-end=\"775\">System zur Bildung des oberen Teils des Beutels<\/li><li data-start=\"20\" data-end=\"775\">Wagen zur Beutelbef\u00f6rderung<\/li><li data-start=\"20\" data-end=\"775\">F\u00f6rderband f\u00fcr die Beutelbef\u00f6rderung<\/li><li data-start=\"20\" data-end=\"775\">H\u00f6henregelungssystem des F\u00f6rderbands<\/li><li data-start=\"20\" data-end=\"775\">F\u00fchrungssystem f\u00fcr den oberen Teil des Beutels<\/li><li data-start=\"20\" data-end=\"775\">Fadenbruchsensoren<\/li><li data-start=\"20\" data-end=\"775\">Zweifaden-N\u00e4hmaschine<\/li><li data-start=\"20\" data-end=\"775\">Seitliches F\u00f6rderband zum Abholen der Beutel mit Umkehrmechanismus<\/li><li data-start=\"20\" data-end=\"775\">Klar verst\u00e4ndliches Steuerungssystem basierend auf Siemens PLC mit Touchpanel<\/li><li data-start=\"20\" data-end=\"775\">Eingesetzte Antriebe\/Servoantriebe von SEW oder LENZE<\/li><\/ul><p data-start=\"781\" data-end=\"1116\"><span style=\"text-decoration: underline;\"><strong data-start=\"781\" data-end=\"807\">Optionale Ausstattung:<\/strong><\/span><\/p><ul><li data-start=\"781\" data-end=\"1116\">System zum Wickeln des oberen Teils des Beutels<\/li><li data-start=\"781\" data-end=\"1116\">System zur Anbringung von Kreppband<\/li><li data-start=\"781\" data-end=\"1116\">System zur Absaugung des Produkts im Beutel<\/li><li data-start=\"781\" data-end=\"1116\">Vibrationseinheit f\u00fcr den gef\u00fcllten Beutel<\/li><li data-start=\"781\" data-end=\"1116\">Reinigungssystem f\u00fcr die F\u00f6rderer<\/li><li data-start=\"781\" data-end=\"1116\">Impuls- oder Dauerw\u00e4rmesiegelger\u00e4t<\/li><li data-start=\"781\" data-end=\"1116\">\u00dcbergewichtspufferbeh\u00e4lter<\/li><\/ul><p data-start=\"1120\" data-end=\"1932\"><\/p>\t\t\t\t\t<\/div>\n\t\t\t\t\t\t<\/div>\n\t\t\t\t<\/div>\n\t\t\t\t\t\t<\/div>\n\t\t\t\t\t<\/div>\n\t\t<\/div>\n\t\t\t\t<div class=\"elementor-column elementor-col-50 elementor-top-column elementor-element elementor-element-10ffbc7\" data-id=\"10ffbc7\" data-element_type=\"column\">\n\t\t\t<div class=\"elementor-column-wrap elementor-element-populated\">\n\t\t\t\t\t\t\t<div class=\"elementor-widget-wrap\">\n\t\t\t\t\t\t<div class=\"elementor-element elementor-element-fdedf1e elementor-widget elementor-widget-text-editor\" data-id=\"fdedf1e\" data-element_type=\"widget\" data-widget_type=\"text-editor.default\">\n\t\t\t\t<div class=\"elementor-widget-container\">\n\t\t\t\t\t\t\t\t<div class=\"elementor-text-editor elementor-clearfix\">\n\t\t\t\t<p style=\"font-variant-ligatures: normal; font-variant-caps: normal; font-size: 13px;\"><span style=\"background-color: rgba(255, 255, 255, 0);\"><br data-start=\"45\" data-end=\"48\" \/><strong data-start=\"50\" data-end=\"80\">T<span style=\"text-decoration: underline;\">echnische Hauptparameter:<\/span><\/strong><\/p><ul><li data-start=\"36\" data-end=\"642\">Maximale Portionenmasse: 50 kg<\/li><li data-start=\"36\" data-end=\"642\">Minimale Portionenmasse: 10 kg<\/li><li data-start=\"36\" data-end=\"642\">Linienleistung: bis zu 800 Portionen\/Stunde (abh\u00e4ngig von den Produkteigenschaften und der Portionsgr\u00f6\u00dfe)<\/li><li data-start=\"36\" data-end=\"642\">Sacktyp: offene, mehrlagige Papierbeutel (bis zu 4 Schichten), empfohlen mit Umschlagboden ohne seitliche Falten, PE-Folienbeutel, beschichtete PP-Beutel<\/li><li data-start=\"36\" data-end=\"642\">Sackbreite: 450 \u2013 650 mm<\/li><li data-start=\"36\" data-end=\"642\">Sackl\u00e4nge: 600 \u2013 1100 mm<\/li><li data-start=\"36\" data-end=\"642\">Elektrische Versorgung: 3 x 400V 50Hz<\/li><li data-start=\"36\" data-end=\"642\">Leistungsbedarf: max. 6 kW<\/li><li data-start=\"36\" data-end=\"642\">Druckluftversorgung: 5 \u2013 10 bar<\/li><li data-start=\"36\" data-end=\"642\">Druckluftverbrauch: 400 Nl\/min<\/li><\/ul><p data-start=\"646\" data-end=\"1349\"><\/p>\t\t\t\t\t<\/div>\n\t\t\t\t\t\t<\/div>\n\t\t\t\t<\/div>\n\t\t\t\t\t\t<\/div>\n\t\t\t\t\t<\/div>\n\t\t<\/div>\n\t\t\t\t\t\t\t\t<\/div>\n\t\t\t\t\t<\/div>\n\t\t<\/section>\n\t\t\t\t<section class=\"elementor-section elementor-top-section elementor-element elementor-element-32dd329 elementor-section-boxed elementor-section-height-default elementor-section-height-default\" data-id=\"32dd329\" data-element_type=\"section\" data-settings=\"{&quot;background_background&quot;:&quot;classic&quot;}\">\n\t\t\t\t\t\t<div class=\"elementor-container elementor-column-gap-default\">\n\t\t\t\t\t\t\t<div class=\"elementor-row\">\n\t\t\t\t\t<div class=\"elementor-column elementor-col-100 elementor-top-column elementor-element elementor-element-6dc6e72\" data-id=\"6dc6e72\" data-element_type=\"column\">\n\t\t\t<div class=\"elementor-column-wrap elementor-element-populated\">\n\t\t\t\t\t\t\t<div class=\"elementor-widget-wrap\">\n\t\t\t\t\t\t<div class=\"elementor-element elementor-element-b7205bb elementor-widget elementor-widget-html\" data-id=\"b7205bb\" data-element_type=\"widget\" data-widget_type=\"html.default\">\n\t\t\t\t<div class=\"elementor-widget-container\">\n\t\t\t<script type=\"application\/ld+json\">\r\n{\r\n  \"@context\" : \"http:\/\/schema.org\",\r\n  \"@type\" : \"Product\",\r\n  \"name\" : \"AUTOMATYCZNA LINIA WA\u017b\u0104CO PAKUJ\u0104CA TYP AWN\/S\",\r\n  \"image\" : \"https:\/\/drewmax.net.pl\/wp-content\/uploads\/2019\/07\/2awnt.png\",\r\n  \"description\" : \"Podstawowe podzespo\u0142y urz\u0105dzenia:<BR\/> \u2022 Konstrukcja wsporcza linii z podestem obs\u0142ugowym<BR\/> \u2022 Urz\u0105dzenie automatycznie podaj\u0105ce worki<BR\/> \u2022 Elektroniczna waga porcjuj\u0105ca typu netto \u2013 1szt<BR\/> \u2022 Dozownik \u015blimakowy \u2013 1szt<BR\/> \u2022 Ustnik zamkni\u0119ty<BR\/> \u2022 Uk\u0142ad formowania g\u00f3rnej cz\u0119\u015bci worka<BR\/> \u2022 W\u00f3zek transportuj\u0105cy worki<BR\/> \u2022 Ta\u015bmoci\u0105g transportuj\u0105cy worki<BR\/> \u2022 Uk\u0142ad regulacji wysoko\u015bci ta\u015bmoci\u0105gu transportuj\u0105cego<BR\/> \u2022 Uk\u0142ad prowadzenia g\u00f3rnej cz\u0119\u015bci worka<BR\/> \u2022 Czujniki ci\u0105g\u0142o\u015bci nitki<BR\/> \u2022 Zaszywarka dwunitkowa<BR\/> \u2022 Ta\u015bmoci\u0105g boczny odbieraj\u0105cy worki z uk\u0142adem wywracania work\u00f3w<BR\/> \u2022 Czytelny System sterowania oparty na sterowniku PLC Siemens z panelem dotykowym<BR\/> \u2022 Zastosowane nap\u0119dy\/serwonap\u0119dy SEW lub LENZE\",\r\n  \"brand\" : {\r\n    \"@type\" : \"Brand\",\r\n    \"name\" : \"DREWMAX\",\r\n    \"logo\" : \"https:\/\/drewmax.net.pl\/wp-content\/uploads\/2019\/06\/drewmax-logo_v2-1.png\"\r\n  },\r\n  \"sku\" : \"aWN\/S\",\r\n  \"identifier\": {\r\n \"@type\": \"PropertyValue\",\r\n   \"propertyID\": \"Model\",\r\n   \"value\":  \"aWN\/S\"\r\n   },\r\n \"aggregateRating\": {\r\n    \"@type\": \"AggregateRating\",\r\n    \"ratingValue\": \"4.8\",\r\n    \"reviewCount\": \"22\"\r\n  },\r\n   \"offers\": {\r\n    \"@type\": \"AggregateOffer\",\r\n    \"lowPrice\": 300000.0000,\r\n    \"highPrice\": 450000.0000,\r\n    \"priceCurrency\": \"PLN\",\r\n    \"itemCondition\": \"NewCondition\",\r\n\t\"offerCount\": \"50\"\r\n  },\r\n  \"review\": {\r\n    \"@type\": \"Review\",\r\n    \"author\": \"Wojciech\",\r\n    \"datePublished\": \"2019-11-30\",\r\n    \"name\": \"Drewmax | Maszyny pakuj\u0105ce - referencje\",\r\n    \"reviewBody\": \"Zapytaj nas o referencje lub zajrzyj na stron\u0119\"\r\n  },\r\n  \"mpn\" : \"aWN\/S\"\r\n}\r\n<\/script>\r\n\r\n<script type=\"application\/ld+json\">\r\n{\r\n  \"@context\" : \"http:\/\/schema.org\",\r\n  \"@type\" : \"Article\",\r\n  \"name\" : \"Automatyczna linia wa\u017c\u0105co pakuj\u0105ca typ aWN\/S\",\r\n  \"headline\" : \"Automatyczna linia wa\u017c\u0105co pakujaca do produkt\u00f3w sypkich\/pylistych!\",\r\n  \"author\" : {\r\n    \"@type\" : \"Person\",\r\n    \"name\" : \"Wojciech S\u0105siadek\"\r\n  },\r\n  \"datePublished\" : \"2019-11-30\",\r\n  \"dateModified\" : \"2019-12-10\",\r\n  \"image\" : \"https:\/\/drewmax.net.pl\/wp-content\/uploads\/2019\/07\/2awnt.png\",\r\n  \"articleBody\" : \"Po\u0142\u0105czenie nowoczesnych technologii oraz podzespo\u0142y najlepszych marek pozwoli\u0142y stworzy\u0107 automatyczn\u0105 lini\u0119 wa\u017c\u0105co pakuj\u0105c\u0105 typ aWN\/S.<\/P><P>Linia aWN\/S jest automatycznym urz\u0105dzeniem wa\u017c\u0105co pakuj\u0105cym do produkt\u00f3w <STRONG>sypkich\/pylistych<\/STRONG> przy zastosowaniu <STRONG>work\u00f3w typu otwartego<\/STRONG>.<\/P><P>Przedstawiona linia wyposa\u017cona jest w dwa kosze wagowe, kt\u00f3re naprzemiennie s\u0105 nape\u0142niane poprzez dozowniki \u015blimakowe o r\u00f3\u017cnych \u015brednicach. Dzi\u0119ki takiemu zestawieniu podzespo\u0142\u00f3w uzyskali\u015bmy wysok\u0105 precyzj\u0119 nawa\u017cania,<BR\/> a tak\u017ce du\u017c\u0105 wydajno\u015b\u0107  dochodz\u0105c\u0105 do  <STRONG>450 porcji na godzin\u0119<\/STRONG>.\",\r\n  \"url\" : \"https:\/\/drewmax.net.pl\/linie-wazaco-pakujace-1\/awns\/\",\r\n  \"mainEntityOfPage\": {\r\n    \"@type\": \"WebPage\",\r\n    \"@id\": \"https:\/\/drewmax.net.pl\/\"\r\n  },\r\n  \"publisher\" : {\r\n    \"@type\" : \"Organization\",\r\n    \"name\" : \"Przedsi\u0119biorstwo Wielobran\u017cowe Drewmax Tadeusz S\u0105siadek i Wsp\u00f3lnicy Sp\u00f3\u0142ka Jawna\",\r\n\t\"logo\" : {\r\n\t\t\"@type\": \"ImageObject\",\r\n\t\t\"url\": \"https:\/\/drewmax.net.pl\/wp-content\/uploads\/2019\/06\/drewmax-logo_v2-1.png\"\r\n\t}\t\r\n  }\r\n  \r\n}\r\n<\/script>\t\t<\/div>\n\t\t\t\t<\/div>\n\t\t\t\t\t\t<\/div>\n\t\t\t\t\t<\/div>\n\t\t<\/div>\n\t\t\t\t\t\t\t\t<\/div>\n\t\t\t\t\t<\/div>\n\t\t<\/section>\n\t\t\t\t\t\t<\/div>\n\t\t\t\t\t\t<\/div>\n\t\t\t\t\t<\/div>\n\t\t","protected":false},"excerpt":{"rendered":"<p>Automatische Wiege- und Verpackungslinie Typ aWN\/S Die Kombination aus modernen Technologien und Komponenten von f\u00fchrenden Marken erm\u00f6glichte die Entwicklung der automatischen Wiege- und Verpackungslinie Typ aWN\/S. Die Linie aWN\/S ist ein automatisches Wiege- und Verpackungsger\u00e4t f\u00fcr lose\/staubige Produkte unter Verwendung von offenen Beuteln. Die vorgestellte Linie ist mit zwei Wiegereichen ausgestattet, die abwechselnd von Schneckenf\u00f6rderern&hellip;<\/p>\n","protected":false},"author":1,"featured_media":0,"parent":0,"menu_order":0,"comment_status":"closed","ping_status":"closed","template":"","meta":[],"yoast_head":"<!-- This site is optimized with the Yoast SEO Premium plugin v15.5 - https:\/\/yoast.com\/wordpress\/plugins\/seo\/ -->\n<title>Wa\u017cenie Pakowanie Paletyzacja Automatyka przemys\u0142owa linie PP PE<\/title>\n<meta name=\"description\" content=\"Wa\u017cenie Pakowanie Paletyzacja Automatyka przemys\u0142owa linie wa\u017c\u0105co - pakuj\u0105ce zbiorniki technologiczne mikrodozowanie linie PP PE\" \/>\n<meta name=\"robots\" content=\"index, follow, max-snippet:-1, max-image-preview:large, max-video-preview:-1\" \/>\n<link rel=\"canonical\" href=\"https:\/\/drewmax.net.pl\/awns\/\" \/>\n<meta property=\"og:locale\" content=\"de_DE\" \/>\n<meta property=\"og:type\" content=\"article\" \/>\n<meta property=\"og:title\" content=\"Wa\u017cenie Pakowanie Paletyzacja Automatyka przemys\u0142owa linie PP PE\" \/>\n<meta property=\"og:description\" content=\"Wa\u017cenie Pakowanie Paletyzacja Automatyka przemys\u0142owa linie wa\u017c\u0105co - pakuj\u0105ce zbiorniki technologiczne mikrodozowanie linie PP PE\" \/>\n<meta property=\"og:url\" content=\"https:\/\/drewmax.net.pl\/awns\/\" \/>\n<meta property=\"og:site_name\" content=\"(Polski) Drewmax - Wa\u017cenie | Pakowanie | Paletyzacja | Automatyka\" \/>\n<meta property=\"article:publisher\" content=\"https:\/\/www.facebook.com\/Drewmax-111641623604429\/\" \/>\n<meta property=\"article:modified_time\" content=\"2025-03-25T11:25:48+00:00\" \/>\n<meta property=\"og:image\" content=\"https:\/\/drewmax.net.pl\/wp-content\/uploads\/2020\/10\/2awns-3-220x300.png\" \/>\n<meta name=\"twitter:card\" content=\"summary_large_image\" \/>\n<meta name=\"twitter:label1\" content=\"Gesch\u00e4tzte Lesezeit\">\n\t<meta name=\"twitter:data1\" content=\"9\u00a0Minuten\">\n<script type=\"application\/ld+json\" class=\"yoast-schema-graph\">{\"@context\":\"https:\/\/schema.org\",\"@graph\":[{\"@type\":\"Organization\",\"@id\":\"https:\/\/drewmax.net.pl\/en\/#organization\",\"name\":\"DREWMAX Sp\\u00f3\\u0142ka z o.o.\",\"url\":\"https:\/\/drewmax.net.pl\/en\/\",\"sameAs\":[\"https:\/\/www.facebook.com\/Drewmax-111641623604429\/\",\"https:\/\/www.instagram.com\/drewmax.net.pl\/\",\"https:\/\/www.youtube.com\/channel\/UCCS8U5F8gSyJAlSWjxgbLRQ\"],\"logo\":{\"@type\":\"ImageObject\",\"@id\":\"https:\/\/drewmax.net.pl\/en\/#logo\",\"inLanguage\":\"de\",\"url\":\"\",\"caption\":\"DREWMAX Sp\\u00f3\\u0142ka z o.o.\"},\"image\":{\"@id\":\"https:\/\/drewmax.net.pl\/en\/#logo\"}},{\"@type\":\"WebSite\",\"@id\":\"https:\/\/drewmax.net.pl\/en\/#website\",\"url\":\"https:\/\/drewmax.net.pl\/en\/\",\"name\":\"(Polski) Drewmax - Wa\\u017cenie | Pakowanie | Paletyzacja | Automatyka\",\"description\":\"\",\"publisher\":{\"@id\":\"https:\/\/drewmax.net.pl\/en\/#organization\"},\"potentialAction\":[{\"@type\":\"SearchAction\",\"target\":\"https:\/\/drewmax.net.pl\/en\/?s={search_term_string}\",\"query-input\":\"required name=search_term_string\"}],\"inLanguage\":\"de\"},{\"@type\":\"ImageObject\",\"@id\":\"https:\/\/drewmax.net.pl\/awns\/#primaryimage\",\"inLanguage\":\"de\",\"url\":\"https:\/\/drewmax.net.pl\/wp-content\/uploads\/2020\/10\/2awns-3.png\",\"width\":543,\"height\":739},{\"@type\":\"WebPage\",\"@id\":\"https:\/\/drewmax.net.pl\/awns\/#webpage\",\"url\":\"https:\/\/drewmax.net.pl\/awns\/\",\"name\":\"Wa\\u017cenie Pakowanie Paletyzacja Automatyka przemys\\u0142owa linie PP PE\",\"isPartOf\":{\"@id\":\"https:\/\/drewmax.net.pl\/en\/#website\"},\"primaryImageOfPage\":{\"@id\":\"https:\/\/drewmax.net.pl\/awns\/#primaryimage\"},\"datePublished\":\"2016-08-18T11:22:47+00:00\",\"dateModified\":\"2025-03-25T11:25:48+00:00\",\"description\":\"Wa\\u017cenie Pakowanie Paletyzacja Automatyka przemys\\u0142owa linie wa\\u017c\\u0105co - pakuj\\u0105ce zbiorniki technologiczne mikrodozowanie linie PP PE\",\"breadcrumb\":{\"@id\":\"https:\/\/drewmax.net.pl\/awns\/#breadcrumb\"},\"inLanguage\":\"de\",\"potentialAction\":[{\"@type\":\"ReadAction\",\"target\":[\"https:\/\/drewmax.net.pl\/awns\/\"]}]},{\"@type\":\"BreadcrumbList\",\"@id\":\"https:\/\/drewmax.net.pl\/awns\/#breadcrumb\",\"itemListElement\":[{\"@type\":\"ListItem\",\"position\":1,\"item\":{\"@type\":\"WebPage\",\"@id\":\"https:\/\/drewmax.net.pl\/\",\"url\":\"https:\/\/drewmax.net.pl\/\",\"name\":\"Home\"}},{\"@type\":\"ListItem\",\"position\":2,\"item\":{\"@type\":\"WebPage\",\"@id\":\"https:\/\/drewmax.net.pl\/awns\/\",\"url\":\"https:\/\/drewmax.net.pl\/awns\/\",\"name\":\"Automatyczna linia wa\\u017c\\u0105co pakuj\\u0105ca typ aWN\/S\"}}]}]}<\/script>\n<!-- \/ Yoast SEO Premium plugin. -->","_links":{"self":[{"href":"https:\/\/drewmax.net.pl\/de\/wp-json\/wp\/v2\/pages\/417"}],"collection":[{"href":"https:\/\/drewmax.net.pl\/de\/wp-json\/wp\/v2\/pages"}],"about":[{"href":"https:\/\/drewmax.net.pl\/de\/wp-json\/wp\/v2\/types\/page"}],"author":[{"embeddable":true,"href":"https:\/\/drewmax.net.pl\/de\/wp-json\/wp\/v2\/users\/1"}],"replies":[{"embeddable":true,"href":"https:\/\/drewmax.net.pl\/de\/wp-json\/wp\/v2\/comments?post=417"}],"version-history":[{"count":39,"href":"https:\/\/drewmax.net.pl\/de\/wp-json\/wp\/v2\/pages\/417\/revisions"}],"predecessor-version":[{"id":31390,"href":"https:\/\/drewmax.net.pl\/de\/wp-json\/wp\/v2\/pages\/417\/revisions\/31390"}],"wp:attachment":[{"href":"https:\/\/drewmax.net.pl\/de\/wp-json\/wp\/v2\/media?parent=417"}],"curies":[{"name":"wp","href":"https:\/\/api.w.org\/{rel}","templated":true}]}}