{"id":415,"date":"2016-08-18T13:22:20","date_gmt":"2016-08-18T11:22:20","guid":{"rendered":"http:\/\/drewmax.net.pl\/?page_id=415"},"modified":"2025-03-25T12:27:03","modified_gmt":"2025-03-25T11:27:03","slug":"awnt","status":"publish","type":"page","link":"https:\/\/drewmax.net.pl\/de\/awnt\/","title":{"rendered":"Automatyczna linia wa\u017c\u0105co pakuj\u0105ca typ aWN\/T"},"content":{"rendered":"\t\t<div data-elementor-type=\"wp-post\" data-elementor-id=\"415\" class=\"elementor elementor-415\" data-elementor-settings=\"[]\">\n\t\t\t\t\t\t<div class=\"elementor-inner\">\n\t\t\t\t\t\t\t<div class=\"elementor-section-wrap\">\n\t\t\t\t\t\t\t<section class=\"elementor-section elementor-top-section elementor-element elementor-element-fe8933b elementor-section-boxed elementor-section-height-default elementor-section-height-default\" data-id=\"fe8933b\" data-element_type=\"section\" data-settings=\"{&quot;background_background&quot;:&quot;classic&quot;}\">\n\t\t\t\t\t\t<div class=\"elementor-container elementor-column-gap-default\">\n\t\t\t\t\t\t\t<div class=\"elementor-row\">\n\t\t\t\t\t<div class=\"elementor-column elementor-col-100 elementor-top-column elementor-element elementor-element-25ae83b\" data-id=\"25ae83b\" data-element_type=\"column\">\n\t\t\t<div class=\"elementor-column-wrap elementor-element-populated\">\n\t\t\t\t\t\t\t<div class=\"elementor-widget-wrap\">\n\t\t\t\t\t\t<div class=\"elementor-element elementor-element-0aa0bda elementor-widget elementor-widget-heading\" data-id=\"0aa0bda\" data-element_type=\"widget\" data-widget_type=\"heading.default\">\n\t\t\t\t<div class=\"elementor-widget-container\">\n\t\t\t<h2 class=\"elementor-heading-title elementor-size-xl\"> Automatische Wiege- und Verpackungslinie Typ aWN\/T\n<\/h2>\t\t<\/div>\n\t\t\t\t<\/div>\n\t\t\t\t\t\t<\/div>\n\t\t\t\t\t<\/div>\n\t\t<\/div>\n\t\t\t\t\t\t\t\t<\/div>\n\t\t\t\t\t<\/div>\n\t\t<\/section>\n\t\t\t\t<section class=\"elementor-section elementor-top-section elementor-element elementor-element-c345107 elementor-section-boxed elementor-section-height-default elementor-section-height-default\" data-id=\"c345107\" data-element_type=\"section\" data-settings=\"{&quot;background_background&quot;:&quot;classic&quot;}\">\n\t\t\t\t\t\t<div class=\"elementor-container elementor-column-gap-default\">\n\t\t\t\t\t\t\t<div class=\"elementor-row\">\n\t\t\t\t\t<div class=\"elementor-column elementor-col-50 elementor-top-column elementor-element elementor-element-dfcebcb\" data-id=\"dfcebcb\" data-element_type=\"column\">\n\t\t\t<div class=\"elementor-column-wrap elementor-element-populated\">\n\t\t\t\t\t\t\t<div class=\"elementor-widget-wrap\">\n\t\t\t\t\t\t<div class=\"elementor-element elementor-element-5f19224 elementor-widget elementor-widget-text-editor\" data-id=\"5f19224\" data-element_type=\"widget\" data-widget_type=\"text-editor.default\">\n\t\t\t\t<div class=\"elementor-widget-container\">\n\t\t\t\t\t\t\t\t<div class=\"elementor-text-editor elementor-clearfix\">\n\t\t\t\t<p><\/p><p data-start=\"38\" data-end=\"340\">Die Kombination moderner Technologien und Komponenten f\u00fchrender Marken hat die Entwicklung der automatischen Wiege- und Verpackungslinie Typ aWN\/T erm\u00f6glicht. Die aWN\/T-Linie ist eine automatische Wiege- und Verpackungsmaschine f\u00fcr <strong>Sch\u00fcttg\u00fcter\/Granulate<\/strong> unter Verwendung von <strong>offenen S\u00e4cken.<\/strong><\/p><p data-start=\"344\" data-end=\"630\">Die vorgestellte Linie ist mit zwei Wiegebeh\u00e4ltern ausgestattet, die abwechselnd \u00fcber Banddosierer mit variabler Drehzahl bef\u00fcllt werden. Dank dieser Kombination von Komponenten haben wir eine hohe W\u00e4gegenauigkeit sowie eine hohe Leistung von bis zu <strong>450 Portionen pro Stunde erreicht.<\/strong><\/p><p data-start=\"634\" data-end=\"934\"><\/p>\t\t\t\t\t<\/div>\n\t\t\t\t\t\t<\/div>\n\t\t\t\t<\/div>\n\t\t\t\t\t\t<\/div>\n\t\t\t\t\t<\/div>\n\t\t<\/div>\n\t\t\t\t<div class=\"elementor-column elementor-col-50 elementor-top-column elementor-element elementor-element-a31b9f7\" data-id=\"a31b9f7\" data-element_type=\"column\">\n\t\t\t<div class=\"elementor-column-wrap elementor-element-populated\">\n\t\t\t\t\t\t\t<div class=\"elementor-widget-wrap\">\n\t\t\t\t\t\t<div class=\"elementor-element elementor-element-37f2200 elementor-widget elementor-widget-image\" data-id=\"37f2200\" data-element_type=\"widget\" data-widget_type=\"image.default\">\n\t\t\t\t<div class=\"elementor-widget-container\">\n\t\t\t\t\t\t\t\t<div class=\"elementor-image\">\n\t\t\t\t\t\t\t\t\t\t\t\t<img width=\"523\" height=\"734\" src=\"https:\/\/drewmax.net.pl\/wp-content\/uploads\/2020\/10\/2awnt-2.png\" class=\"attachment-large size-large\" alt=\"\" loading=\"lazy\" srcset=\"https:\/\/drewmax.net.pl\/wp-content\/uploads\/2020\/10\/2awnt-2.png 523w, https:\/\/drewmax.net.pl\/wp-content\/uploads\/2020\/10\/2awnt-2-214x300.png 214w\" sizes=\"(max-width: 523px) 100vw, 523px\" \/>\t\t\t\t\t\t\t\t\t\t\t\t\t\t<\/div>\n\t\t\t\t\t\t<\/div>\n\t\t\t\t<\/div>\n\t\t\t\t\t\t<\/div>\n\t\t\t\t\t<\/div>\n\t\t<\/div>\n\t\t\t\t\t\t\t\t<\/div>\n\t\t\t\t\t<\/div>\n\t\t<\/section>\n\t\t\t\t<section class=\"elementor-section elementor-top-section elementor-element elementor-element-6bdb000d elementor-section-boxed elementor-section-height-default elementor-section-height-default\" data-id=\"6bdb000d\" data-element_type=\"section\" data-settings=\"{&quot;background_background&quot;:&quot;classic&quot;}\">\n\t\t\t\t\t\t<div class=\"elementor-container elementor-column-gap-default\">\n\t\t\t\t\t\t\t<div class=\"elementor-row\">\n\t\t\t\t\t<div class=\"elementor-column elementor-col-50 elementor-top-column elementor-element elementor-element-257ed6fd\" data-id=\"257ed6fd\" data-element_type=\"column\">\n\t\t\t<div class=\"elementor-column-wrap elementor-element-populated\">\n\t\t\t\t\t\t\t<div class=\"elementor-widget-wrap\">\n\t\t\t\t\t\t<div class=\"elementor-element elementor-element-f14eae7 elementor-widget elementor-widget-text-editor\" data-id=\"f14eae7\" data-element_type=\"widget\" data-widget_type=\"text-editor.default\">\n\t\t\t\t<div class=\"elementor-widget-container\">\n\t\t\t\t\t\t\t\t<div class=\"elementor-text-editor elementor-clearfix\">\n\t\t\t\t<p><\/p><p data-start=\"36\" data-end=\"87\"><span style=\"text-decoration: underline;\"><strong data-start=\"41\" data-end=\"87\">Grundlegende Komponenten des Ger\u00e4ts:<\/strong><\/span><\/p><ul data-start=\"88\" data-end=\"717\"><li data-start=\"88\" data-end=\"138\">Tragkonstruktion der Linie mit Bedienplattform<\/li><li data-start=\"139\" data-end=\"174\">Automatisches Beutelzuf\u00fchrger\u00e4t<\/li><li data-start=\"175\" data-end=\"213\">Elektronische Netto-Waage \u2013 1 Stk.<\/li><li data-start=\"214\" data-end=\"239\">Banddosierer \u2013 1 Stk.<\/li><li data-start=\"240\" data-end=\"268\">Geschlossene F\u00fcll\u00f6ffnung<\/li><li data-start=\"269\" data-end=\"317\">System zur Formgebung des oberen Beutelteils<\/li><li data-start=\"318\" data-end=\"339\">Beutelf\u00f6rderwagen<\/li><li data-start=\"340\" data-end=\"378\">F\u00f6rderband f\u00fcr den Beuteltransport<\/li><li data-start=\"379\" data-end=\"423\">H\u00f6henverstellungssystem des F\u00f6rderbandes<\/li><li data-start=\"424\" data-end=\"474\">F\u00fchrungssystem f\u00fcr den oberen Teil des Beutels<\/li><li data-start=\"475\" data-end=\"502\">Fadendurchgangssensoren<\/li><li data-start=\"503\" data-end=\"527\">Zweifadenn\u00e4hmaschine<\/li><li data-start=\"528\" data-end=\"597\">Seitenf\u00f6rderband zum Abtransport der Beutel mit Umkippvorrichtung<\/li><li data-start=\"598\" data-end=\"675\">\u00dcbersichtliches Steuerungssystem auf Basis der Siemens PLC mit Touchpanel<\/li><li data-start=\"676\" data-end=\"717\">Antriebe\/Servoantriebe SEW oder LENZE<\/li><\/ul><p data-start=\"719\" data-end=\"747\"><span style=\"text-decoration: underline;\"><strong data-start=\"719\" data-end=\"745\">Optionale Ausstattung:<\/strong><\/span><\/p><ul data-start=\"748\" data-end=\"1010\"><li data-start=\"748\" data-end=\"796\">System zum Umschlagen des oberen Beutelteils<\/li><li data-start=\"797\" data-end=\"836\">System zur Anbringung von Kreppband<\/li><li data-start=\"837\" data-end=\"884\">System zur Absaugung des Produkts im Beutel<\/li><li data-start=\"885\" data-end=\"925\">Vibrationssystem f\u00fcr gef\u00fcllte Beutel<\/li><li data-start=\"926\" data-end=\"943\">F\u00f6rdereiniger<\/li><li data-start=\"944\" data-end=\"983\">Impuls- oder Dauerw\u00e4rme-Siegelger\u00e4t<\/li><li data-start=\"984\" data-end=\"1010\">\u00dcbergewichtspuffertank<\/li><\/ul><p data-start=\"1017\" data-end=\"1070\"><\/p>\t\t\t\t\t<\/div>\n\t\t\t\t\t\t<\/div>\n\t\t\t\t<\/div>\n\t\t\t\t\t\t<\/div>\n\t\t\t\t\t<\/div>\n\t\t<\/div>\n\t\t\t\t<div class=\"elementor-column elementor-col-50 elementor-top-column elementor-element elementor-element-14be9ba\" data-id=\"14be9ba\" data-element_type=\"column\">\n\t\t\t<div class=\"elementor-column-wrap elementor-element-populated\">\n\t\t\t\t\t\t\t<div class=\"elementor-widget-wrap\">\n\t\t\t\t\t\t<div class=\"elementor-element elementor-element-2c8f094 elementor-widget elementor-widget-text-editor\" data-id=\"2c8f094\" data-element_type=\"widget\" data-widget_type=\"text-editor.default\">\n\t\t\t\t<div class=\"elementor-widget-container\">\n\t\t\t\t\t\t\t\t<div class=\"elementor-text-editor elementor-clearfix\">\n\t\t\t\t<p><\/p><p data-start=\"44\" data-end=\"94\"><span style=\"text-decoration: underline;\"><strong data-start=\"48\" data-end=\"92\">Grundlegende technische Parameter:<\/strong><\/span><\/p><ul><li data-start=\"95\" data-end=\"661\">Maximales Portionsgewicht: 50 kg,<\/li><li data-start=\"95\" data-end=\"661\">Minimales Portionsgewicht: 10 kg,<\/li><li data-start=\"95\" data-end=\"661\">Linienleistung: bis zu 800 Portionen\/Stunde (abh\u00e4ngig von den Produkteigenschaften und der Portionsgr\u00f6\u00dfe),<\/li><li data-start=\"95\" data-end=\"661\">Beuteltyp: offene, mehrschichtige Papierbeutel (bis zu 4 Schichten), empfohlen mit Blockboden ohne Seitenfalten, PE-Folienbeutel, beschichtete PP-Polypropylenbeutel,<\/li><li data-start=\"95\" data-end=\"661\">Beutelbreite: 450 \u2013 650 mm,<\/li><li data-start=\"95\" data-end=\"661\">Beutell\u00e4nge: 600 \u2013 1100 mm,<\/li><li data-start=\"95\" data-end=\"661\">Stromversorgung: 3 x 400V 50Hz,<\/li><li data-start=\"95\" data-end=\"661\">Maximaler Leistungsbedarf: 6 kW,<\/li><li data-start=\"95\" data-end=\"661\">Druckluftversorgung: 5 \u2013 10 bar,<\/li><li data-start=\"95\" data-end=\"661\">Druckluftverbrauch: 400 Nl\/min.<\/li><\/ul><p data-start=\"668\" data-end=\"715\"><\/p>\t\t\t\t\t<\/div>\n\t\t\t\t\t\t<\/div>\n\t\t\t\t<\/div>\n\t\t\t\t\t\t<\/div>\n\t\t\t\t\t<\/div>\n\t\t<\/div>\n\t\t\t\t\t\t\t\t<\/div>\n\t\t\t\t\t<\/div>\n\t\t<\/section>\n\t\t\t\t<section class=\"elementor-section elementor-top-section elementor-element elementor-element-a836106 elementor-section-boxed elementor-section-height-default elementor-section-height-default\" data-id=\"a836106\" data-element_type=\"section\" data-settings=\"{&quot;background_background&quot;:&quot;classic&quot;}\">\n\t\t\t\t\t\t<div class=\"elementor-container elementor-column-gap-default\">\n\t\t\t\t\t\t\t<div class=\"elementor-row\">\n\t\t\t\t\t<div class=\"elementor-column elementor-col-100 elementor-top-column elementor-element elementor-element-fddb1cf\" data-id=\"fddb1cf\" data-element_type=\"column\">\n\t\t\t<div class=\"elementor-column-wrap elementor-element-populated\">\n\t\t\t\t\t\t\t<div class=\"elementor-widget-wrap\">\n\t\t\t\t\t\t<div class=\"elementor-element elementor-element-5974de4 elementor-widget elementor-widget-html\" data-id=\"5974de4\" data-element_type=\"widget\" data-widget_type=\"html.default\">\n\t\t\t\t<div class=\"elementor-widget-container\">\n\t\t\t<script type=\"application\/ld+json\">\r\n{\r\n  \"@context\" : \"http:\/\/schema.org\",\r\n  \"@type\" : \"Product\",\r\n  \"name\" : \"Automatyczna linia wa\u017c\u0105co pakuj\u0105ca typ aWN\/T\",\r\n  \"image\" : \"https:\/\/drewmax.net.pl\/wp-content\/uploads\/2019\/06\/drewmax-logo_v2-1.png\",\r\n  \"description\" : \"Podstawowe podzespo\u0142y urz\u0105dzenia:<BR\/> \u2022 Konstrukcja wsporcza linii z podestem obs\u0142ugowym<BR\/> \u2022 Urz\u0105dzenie automatycznie podaj\u0105ce worki<BR\/> \u2022 Elektroniczna waga porcjuj\u0105ca typu netto \u2013 1szt<BR\/> \u2022 Dozownik ta\u015bmowy \u2013 1szt<BR\/> \u2022 Ustnik zamkni\u0119ty<\/P><P>\u2022 Uk\u0142ad formowania g\u00f3rnej cz\u0119\u015bci worka<BR\/> \u2022 W\u00f3zek transportuj\u0105cy worki<BR\/> \u2022 Ta\u015bmoci\u0105g transportuj\u0105cy worki<BR\/> \u2022 Uk\u0142ad regulacji wysoko\u015bci ta\u015bmoci\u0105gu transportuj\u0105cego<BR\/> \u2022 Uk\u0142ad prowadzenia g\u00f3rnej cz\u0119\u015bci worka<BR\/> \u2022 Czujniki ci\u0105g\u0142o\u015bci nitki<BR\/> \u2022 Zaszywarka dwunitkowa<BR\/> \u2022 Ta\u015bmoci\u0105g boczny odbieraj\u0105cy worki z uk\u0142adem wywracania work\u00f3w<BR\/> \u2022 Czytelny System sterowania oparty na sterowniku PLC Siemens z panelem dotykowym<BR\/> \u2022 Zastosowane nap\u0119dy\/serwonap\u0119dy SEW lub LENZE\",\r\n  \"brand\" : {\r\n    \"@type\" : \"Brand\",\r\n    \"name\" : \"DREWMAX\",\r\n    \"logo\" : \"https:\/\/drewmax.net.pl\/wp-content\/uploads\/2019\/06\/drewmax-logo_v2-1.png\"\r\n  },\r\n  \"sku\" : \"AWN\/T\",\r\n  \"identifier\": {\r\n \"@type\": \"PropertyValue\",\r\n   \"propertyID\": \"Model\",\r\n   \"value\":  \"aWN\/T\"\r\n   },\r\n \"aggregateRating\": {\r\n    \"@type\": \"AggregateRating\",\r\n    \"ratingValue\": \"4.8\",\r\n    \"reviewCount\": \"22\"\r\n  },\r\n   \"offers\": {\r\n    \"@type\": \"AggregateOffer\",\r\n    \"lowPrice\": 300000.0000,\r\n    \"highPrice\": 450000.0000,\r\n    \"priceCurrency\": \"PLN\",\r\n    \"itemCondition\": \"NewCondition\",\r\n\t\"offerCount\": \"40\"\r\n  },\r\n  \"review\": {\r\n    \"@type\": \"Review\",\r\n    \"author\": \"Wojciech\",\r\n    \"datePublished\": \"2019-11-30\",\r\n    \"name\": \"Drewmax | Maszyny pakuj\u0105ce - referencje\",\r\n    \"reviewBody\": \"Zapytaj nas o referencje lub zajrzyj na stron\u0119\"\r\n  },\r\n  \"mpn\" : \"aWN\/T\"\r\n}\r\n<\/script>\r\n\r\n<script type=\"application\/ld+json\">\r\n{\r\n  \"@context\" : \"http:\/\/schema.org\",\r\n  \"@type\" : \"Article\",\r\n  \"name\" : \"Automatyczna linia wa\u017c\u0105co pakuj\u0105ca typ aWN\/T\",\r\n  \"headline\" : \"Automatyczna linia wa\u017c\u0105co pakujaca do produkt\u00f3w sypkich\/granulowanych!\",\r\n  \"author\" : {\r\n    \"@type\" : \"Person\",\r\n    \"name\" : \"Wojciech S\u0105siadek\"\r\n  },\r\n  \"datePublished\" : \"2019-11-30\",\r\n  \"dateModified\" : \"2019-12-10\",\r\n  \"image\" : \"https:\/\/drewmax.net.pl\/wp-content\/uploads\/2019\/06\/drewmax-logo_v2-1.png\",\r\n  \"articleBody\" : \"Po\u0142\u0105czenie nowoczesnych technologii oraz podzespo\u0142y najlepszych marek pozwoli\u0142y stworzy\u0107 automatyczn\u0105 lini\u0119 wa\u017c\u0105co pakuj\u0105c\u0105 typ aWN\/T.<\/P><P>Linia aWN\/T jest automatycznym urz\u0105dzeniem wa\u017c\u0105co pakuj\u0105cym do produkt\u00f3w <STRONG>sypkich\/granulowanych<\/STRONG> przy zastosowaniu <STRONG>work\u00f3w typu otwartego<\/STRONG>.<\/P><P>Przedstawiona linia wyposa\u017cona jest w dwa kosze wagowe, kt\u00f3re naprzemiennie s\u0105 nape\u0142niane poprzez dozowniki ta\u015bmowe o zmiennych pr\u0119dko\u015bciach obrotowych. Dzi\u0119ki takiemu zestawieniu podzespo\u0142\u00f3w uzyskali\u015bmy wysok\u0105 precyzj\u0119 nawa\u017cania, a tak\u017ce du\u017c\u0105 wydajno\u015b\u0107  dochodz\u0105c\u0105 do  <STRONG>450 porcji na godzin\u0119<\/STRONG>.\",\r\n  \"url\" : \"https:\/\/drewmax.net.pl\/linie-wazaco-pakujace-1\/awnt\/\",\r\n  \"mainEntityOfPage\": {\r\n    \"@type\": \"WebPage\",\r\n    \"@id\": \"https:\/\/drewmax.net.pl\/\"\r\n  },\r\n  \"publisher\" : {\r\n    \"@type\" : \"Organization\",\r\n    \"name\" : \"Przedsi\u0119biorstwo Wielobran\u017cowe Drewmax Tadeusz S\u0105siadek i Wsp\u00f3lnicy Sp\u00f3\u0142ka Jawna\",\r\n\t\"logo\" : {\r\n\t\t\"@type\": \"ImageObject\",\r\n\t\t\"url\": \"https:\/\/drewmax.net.pl\/wp-content\/uploads\/2019\/06\/drewmax-logo_v2-1.png\"\r\n\t}\t\r\n  }\r\n  \r\n}\r\n<\/script>\t\t<\/div>\n\t\t\t\t<\/div>\n\t\t\t\t\t\t<\/div>\n\t\t\t\t\t<\/div>\n\t\t<\/div>\n\t\t\t\t\t\t\t\t<\/div>\n\t\t\t\t\t<\/div>\n\t\t<\/section>\n\t\t\t\t\t\t<\/div>\n\t\t\t\t\t\t<\/div>\n\t\t\t\t\t<\/div>\n\t\t","protected":false},"excerpt":{"rendered":"<p>Automatische Wiege- und Verpackungslinie Typ aWN\/T Die Kombination moderner Technologien und Komponenten f\u00fchrender Marken hat die Entwicklung der automatischen Wiege- und Verpackungslinie Typ aWN\/T erm\u00f6glicht. Die aWN\/T-Linie ist eine automatische Wiege- und Verpackungsmaschine f\u00fcr Sch\u00fcttg\u00fcter\/Granulate unter Verwendung von offenen S\u00e4cken. Die vorgestellte Linie ist mit zwei Wiegebeh\u00e4ltern ausgestattet, die abwechselnd \u00fcber Banddosierer mit variabler Drehzahl&hellip;<\/p>\n","protected":false},"author":1,"featured_media":0,"parent":0,"menu_order":0,"comment_status":"closed","ping_status":"closed","template":"","meta":[],"yoast_head":"<!-- This site is optimized with the Yoast SEO Premium plugin v15.5 - https:\/\/yoast.com\/wordpress\/plugins\/seo\/ -->\n<title>Wa\u017cenie Pakowanie Paletyzacja Automatyka przemys\u0142owa linie PP PE<\/title>\n<meta name=\"description\" content=\"Wa\u017cenie Pakowanie Paletyzacja Automatyka przemys\u0142owa linie wa\u017c\u0105co - pakuj\u0105ce zbiorniki technologiczne mikrodozowanie linie PP PE\" \/>\n<meta name=\"robots\" content=\"index, follow, max-snippet:-1, max-image-preview:large, max-video-preview:-1\" \/>\n<link rel=\"canonical\" href=\"https:\/\/drewmax.net.pl\/awnt\/\" \/>\n<meta property=\"og:locale\" content=\"de_DE\" \/>\n<meta property=\"og:type\" content=\"article\" \/>\n<meta property=\"og:title\" content=\"Wa\u017cenie Pakowanie Paletyzacja Automatyka przemys\u0142owa linie PP PE\" \/>\n<meta property=\"og:description\" content=\"Wa\u017cenie Pakowanie Paletyzacja Automatyka przemys\u0142owa linie wa\u017c\u0105co - pakuj\u0105ce zbiorniki technologiczne mikrodozowanie linie PP PE\" \/>\n<meta property=\"og:url\" content=\"https:\/\/drewmax.net.pl\/awnt\/\" \/>\n<meta property=\"og:site_name\" content=\"(Polski) Drewmax - Wa\u017cenie | Pakowanie | Paletyzacja | Automatyka\" \/>\n<meta property=\"article:publisher\" content=\"https:\/\/www.facebook.com\/Drewmax-111641623604429\/\" \/>\n<meta property=\"article:modified_time\" content=\"2025-03-25T11:27:03+00:00\" \/>\n<meta property=\"og:image\" content=\"https:\/\/drewmax.net.pl\/wp-content\/uploads\/2020\/10\/2awnt-2.png\" \/>\n<meta name=\"twitter:card\" content=\"summary_large_image\" \/>\n<meta name=\"twitter:label1\" content=\"Gesch\u00e4tzte Lesezeit\">\n\t<meta name=\"twitter:data1\" content=\"9\u00a0Minuten\">\n<script type=\"application\/ld+json\" class=\"yoast-schema-graph\">{\"@context\":\"https:\/\/schema.org\",\"@graph\":[{\"@type\":\"Organization\",\"@id\":\"https:\/\/drewmax.net.pl\/en\/#organization\",\"name\":\"DREWMAX Sp\\u00f3\\u0142ka z o.o.\",\"url\":\"https:\/\/drewmax.net.pl\/en\/\",\"sameAs\":[\"https:\/\/www.facebook.com\/Drewmax-111641623604429\/\",\"https:\/\/www.instagram.com\/drewmax.net.pl\/\",\"https:\/\/www.youtube.com\/channel\/UCCS8U5F8gSyJAlSWjxgbLRQ\"],\"logo\":{\"@type\":\"ImageObject\",\"@id\":\"https:\/\/drewmax.net.pl\/en\/#logo\",\"inLanguage\":\"de\",\"url\":\"\",\"caption\":\"DREWMAX Sp\\u00f3\\u0142ka z o.o.\"},\"image\":{\"@id\":\"https:\/\/drewmax.net.pl\/en\/#logo\"}},{\"@type\":\"WebSite\",\"@id\":\"https:\/\/drewmax.net.pl\/en\/#website\",\"url\":\"https:\/\/drewmax.net.pl\/en\/\",\"name\":\"(Polski) Drewmax - Wa\\u017cenie | Pakowanie | Paletyzacja | Automatyka\",\"description\":\"\",\"publisher\":{\"@id\":\"https:\/\/drewmax.net.pl\/en\/#organization\"},\"potentialAction\":[{\"@type\":\"SearchAction\",\"target\":\"https:\/\/drewmax.net.pl\/en\/?s={search_term_string}\",\"query-input\":\"required name=search_term_string\"}],\"inLanguage\":\"de\"},{\"@type\":\"ImageObject\",\"@id\":\"https:\/\/drewmax.net.pl\/awnt\/#primaryimage\",\"inLanguage\":\"de\",\"url\":\"https:\/\/drewmax.net.pl\/wp-content\/uploads\/2020\/10\/2awnt-2.png\",\"width\":523,\"height\":734},{\"@type\":\"WebPage\",\"@id\":\"https:\/\/drewmax.net.pl\/awnt\/#webpage\",\"url\":\"https:\/\/drewmax.net.pl\/awnt\/\",\"name\":\"Wa\\u017cenie Pakowanie Paletyzacja Automatyka przemys\\u0142owa linie PP PE\",\"isPartOf\":{\"@id\":\"https:\/\/drewmax.net.pl\/en\/#website\"},\"primaryImageOfPage\":{\"@id\":\"https:\/\/drewmax.net.pl\/awnt\/#primaryimage\"},\"datePublished\":\"2016-08-18T11:22:20+00:00\",\"dateModified\":\"2025-03-25T11:27:03+00:00\",\"description\":\"Wa\\u017cenie Pakowanie Paletyzacja Automatyka przemys\\u0142owa linie wa\\u017c\\u0105co - pakuj\\u0105ce zbiorniki technologiczne mikrodozowanie linie PP PE\",\"breadcrumb\":{\"@id\":\"https:\/\/drewmax.net.pl\/awnt\/#breadcrumb\"},\"inLanguage\":\"de\",\"potentialAction\":[{\"@type\":\"ReadAction\",\"target\":[\"https:\/\/drewmax.net.pl\/awnt\/\"]}]},{\"@type\":\"BreadcrumbList\",\"@id\":\"https:\/\/drewmax.net.pl\/awnt\/#breadcrumb\",\"itemListElement\":[{\"@type\":\"ListItem\",\"position\":1,\"item\":{\"@type\":\"WebPage\",\"@id\":\"https:\/\/drewmax.net.pl\/\",\"url\":\"https:\/\/drewmax.net.pl\/\",\"name\":\"Home\"}},{\"@type\":\"ListItem\",\"position\":2,\"item\":{\"@type\":\"WebPage\",\"@id\":\"https:\/\/drewmax.net.pl\/awnt\/\",\"url\":\"https:\/\/drewmax.net.pl\/awnt\/\",\"name\":\"Automatyczna linia wa\\u017c\\u0105co pakuj\\u0105ca typ aWN\/T\"}}]}]}<\/script>\n<!-- \/ Yoast SEO Premium plugin. -->","_links":{"self":[{"href":"https:\/\/drewmax.net.pl\/de\/wp-json\/wp\/v2\/pages\/415"}],"collection":[{"href":"https:\/\/drewmax.net.pl\/de\/wp-json\/wp\/v2\/pages"}],"about":[{"href":"https:\/\/drewmax.net.pl\/de\/wp-json\/wp\/v2\/types\/page"}],"author":[{"embeddable":true,"href":"https:\/\/drewmax.net.pl\/de\/wp-json\/wp\/v2\/users\/1"}],"replies":[{"embeddable":true,"href":"https:\/\/drewmax.net.pl\/de\/wp-json\/wp\/v2\/comments?post=415"}],"version-history":[{"count":25,"href":"https:\/\/drewmax.net.pl\/de\/wp-json\/wp\/v2\/pages\/415\/revisions"}],"predecessor-version":[{"id":31394,"href":"https:\/\/drewmax.net.pl\/de\/wp-json\/wp\/v2\/pages\/415\/revisions\/31394"}],"wp:attachment":[{"href":"https:\/\/drewmax.net.pl\/de\/wp-json\/wp\/v2\/media?parent=415"}],"curies":[{"name":"wp","href":"https:\/\/api.w.org\/{rel}","templated":true}]}}