{"id":351,"date":"2016-07-29T10:32:30","date_gmt":"2016-07-29T08:32:30","guid":{"rendered":"http:\/\/drewmax.net.pl\/?page_id=351"},"modified":"2025-03-25T13:32:42","modified_gmt":"2025-03-25T12:32:42","slug":"wybor-paletyzatora","status":"publish","type":"page","link":"https:\/\/drewmax.net.pl\/de\/paletyzatory-workow\/wybor-paletyzatora\/","title":{"rendered":"Konfigurator paletyzatora"},"content":{"rendered":"\t\t<div data-elementor-type=\"wp-post\" data-elementor-id=\"351\" class=\"elementor elementor-351\" data-elementor-settings=\"[]\">\n\t\t\t\t\t\t<div class=\"elementor-inner\">\n\t\t\t\t\t\t\t<div class=\"elementor-section-wrap\">\n\t\t\t\t\t\t\t<section class=\"elementor-section elementor-top-section elementor-element elementor-element-a85bc1f elementor-section-boxed elementor-section-height-default elementor-section-height-default\" data-id=\"a85bc1f\" data-element_type=\"section\" data-settings=\"{&quot;background_background&quot;:&quot;classic&quot;}\">\n\t\t\t\t\t\t<div class=\"elementor-container elementor-column-gap-default\">\n\t\t\t\t\t\t\t<div class=\"elementor-row\">\n\t\t\t\t\t<div class=\"elementor-column elementor-col-100 elementor-top-column elementor-element elementor-element-2705a7f\" data-id=\"2705a7f\" data-element_type=\"column\">\n\t\t\t<div class=\"elementor-column-wrap elementor-element-populated\">\n\t\t\t\t\t\t\t<div class=\"elementor-widget-wrap\">\n\t\t\t\t\t\t<div class=\"elementor-element elementor-element-0ee8030 elementor-widget elementor-widget-heading\" data-id=\"0ee8030\" data-element_type=\"widget\" data-widget_type=\"heading.default\">\n\t\t\t\t<div class=\"elementor-widget-container\">\n\t\t\t<h2 class=\"elementor-heading-title elementor-size-xl\">Konfigurator paletyzatora<\/h2>\t\t<\/div>\n\t\t\t\t<\/div>\n\t\t\t\t\t\t<\/div>\n\t\t\t\t\t<\/div>\n\t\t<\/div>\n\t\t\t\t\t\t\t\t<\/div>\n\t\t\t\t\t<\/div>\n\t\t<\/section>\n\t\t\t\t<section class=\"elementor-section elementor-top-section elementor-element elementor-element-fb1567e elementor-section-boxed elementor-section-height-default elementor-section-height-default\" data-id=\"fb1567e\" data-element_type=\"section\" data-settings=\"{&quot;background_background&quot;:&quot;classic&quot;}\">\n\t\t\t\t\t\t<div class=\"elementor-container elementor-column-gap-default\">\n\t\t\t\t\t\t\t<div class=\"elementor-row\">\n\t\t\t\t\t<div class=\"elementor-column elementor-col-100 elementor-top-column elementor-element elementor-element-f29cc50\" data-id=\"f29cc50\" data-element_type=\"column\">\n\t\t\t<div class=\"elementor-column-wrap elementor-element-populated\">\n\t\t\t\t\t\t\t<div class=\"elementor-widget-wrap\">\n\t\t\t\t\t\t<div class=\"elementor-element elementor-element-2cbc7a4 elementor-widget elementor-widget-html\" data-id=\"2cbc7a4\" data-element_type=\"widget\" data-widget_type=\"html.default\">\n\t\t\t\t<div class=\"elementor-widget-container\">\n\t\t\t<script>\r\nfunction getRadioValue(radioGroup){\r\nvar r=\"\";\r\nfor(var i=0;i<radioGroup.length;++i){\r\nif(radioGroup[i].checked){r+=radioGroup[i].value+',';}\r\n}\r\nif(r==\"\")return null;\r\nreturn r.slice(0, -1);\r\n}\r\nfunction makeURL(type){\r\nreturn type.toLowerCase();\r\n}\r\nfunction generateLinks(arr){\r\nvar html=\"\";\r\nvar first=true;\r\nfor(var type in arr){\r\n    if(first){\r\n        first=false;\r\n    }else{\r\n        html+=', ';\r\n    }\r\n    html+='<a href=\"\/index.php\/paletyzatory-workow\/'+makeURL(arr[type])+'\">'+arr[type]+'<\/a>';\r\n}\r\nreturn html;\r\n}\r\nfunction updateResult(t){\r\nvar typesStr=getRadioValue(t.types);\r\nif(typesStr!=null){\r\nvar types=typesStr.split(\",\");\r\ndocument.getElementById('result').innerHTML = 'Der geeignete Palettierer-Typ je nach dem palletisierten Beuteln ist: '+generateLinks(types);\r\n}\r\nvar performancesStr = getRadioValue(t.performanceRadio);\r\nif(performancesStr != null){\r\nvar performances=getRadioValue(t.performanceRadio).split(\",\");\r\ndocument.getElementById('resultPerformance').innerHTML = \"Aufgrund der Effizienz sind die geeigneten Typen: \"+generateLinks(performances);\r\n}\r\nif(typesStr!=null&&performancesStr != null){\r\nvar conj = [];\r\nfor(var type in types){if(performances.indexOf(types[type])!=-1){conj.push(types[type]);}}\r\nif(conj.length>0){\r\ndocument.getElementById('resultFinal').innerHTML = \"Aufgrund der gew\u00e4hlten Effizienz und des Beutetyps sind die geeigneten Palettierer-Typen: \"+generateLinks(conj);\r\n}else{\r\ndocument.getElementById('resultFinal').innerHTML = '';\r\n}\r\n}\r\n}\r\n<\/script><\/p>\r\n<form id=\"kreator1\" onchange=\"updateResult(this)\" onsubmit=\"return false;\" >\r\nUm den geeigneten Palettierer-Typ zu bestimmen, bitte informieren Sie sich \u00fcber die verf\u00fcgbaren Typen oder nutzen Sie das einfache Formular unten:<\/p>\r\n<p> Sacktyp<br \/>\r\n<input type=\"radio\" name=\"types\" value=\"PWO-1200,robot\" id=\"t0\"\/><label for=\"t0\"> Ventil<\/label><br \/>\r\n<input type=\"radio\" name=\"types\" value=\"PWO-1000\" id=\"t1\"\/><label for=\"t1\"> Offener Typ<\/label><br \/>\r\n<input type=\"radio\" name=\"types\" value=\"PWO-1000B\" id=\"t2\"\/><label for=\"t2\"> Raschel<\/label><br \/>\r\n<input type=\"radio\" name=\"types\" value=\"PWO-1200,robot\" id=\"t3\"\/><label for=\"t3\"> Kartons und andere Materialien mit gleichen Abmessungen<\/label><\/p>\r\n<h3><span id=\"result\"><\/span><\/h3>\r\n<p> Leistung des Palettierers<br \/>\r\n<input type=\"checkbox\" name=\"performanceRadio\" value=\"PWO-1000,PWO-1000B,robot\" id=\"r1\"\/><label for=\"r1\"> Durchschnitt (etwa 1000 S\u00e4cke pro Stunde)<\/label><br \/>\r\n<input type=\"checkbox\" name=\"performanceRadio\" value=\"PWO-1200\" id=\"r2\"\/><label for=\"r2\"> Hoch (bis zu 1200 S\u00e4cke pro Stunde)<\/label><\/p>\r\n<h3><span id=\"resultPerformance\"><\/span><\/h3>\r\n<h3><span id=\"resultFinal\"><\/span><\/h3>\r\n<p>Falls Sie den passenden Maschinentyp nicht gefunden haben, bitten wir Sie, uns zu kontaktieren, um eine individuelle Bestellung zusammenzustellen\/anzupassen. Telefonnummer: +48 77 481 01 22, technische Handelsabteilung: 126, 133, 144<\/p>\r\n<\/form>\t\t<\/div>\n\t\t\t\t<\/div>\n\t\t\t\t\t\t<\/div>\n\t\t\t\t\t<\/div>\n\t\t<\/div>\n\t\t\t\t\t\t\t\t<\/div>\n\t\t\t\t\t<\/div>\n\t\t<\/section>\n\t\t\t\t\t\t<\/div>\n\t\t\t\t\t\t<\/div>\n\t\t\t\t\t<\/div>\n\t\t","protected":false},"excerpt":{"rendered":"<p>Konfigurator paletyzatora Um den geeigneten Palettierer-Typ zu bestimmen, bitte informieren Sie sich \u00fcber die verf\u00fcgbaren Typen oder nutzen Sie das einfache Formular unten: Sacktyp Ventil Offener Typ Raschel Kartons und andere Materialien mit gleichen Abmessungen Leistung des Palettierers Durchschnitt (etwa 1000 S\u00e4cke pro Stunde) Hoch (bis zu 1200 S\u00e4cke pro Stunde) Falls Sie den passenden&hellip;<\/p>\n","protected":false},"author":1,"featured_media":12204,"parent":11815,"menu_order":0,"comment_status":"closed","ping_status":"closed","template":"","meta":[],"yoast_head":"<!-- This site is optimized with the Yoast SEO Premium plugin v15.5 - https:\/\/yoast.com\/wordpress\/plugins\/seo\/ -->\n<title>Wa\u017cenie Pakowanie Paletyzacja Automatyka przemys\u0142owa linie PP PE<\/title>\n<meta name=\"description\" content=\"Wa\u017cenie Pakowanie Paletyzacja Automatyka przemys\u0142owa linie wa\u017c\u0105co - pakuj\u0105ce zbiorniki technologiczne mikrodozowanie linie PP PE Bigbag\" \/>\n<meta name=\"robots\" content=\"index, follow, max-snippet:-1, max-image-preview:large, max-video-preview:-1\" \/>\n<link rel=\"canonical\" href=\"https:\/\/drewmax.net.pl\/paletyzatory-workow\/wybor-paletyzatora\/\" \/>\n<meta property=\"og:locale\" content=\"de_DE\" \/>\n<meta property=\"og:type\" content=\"article\" \/>\n<meta property=\"og:title\" content=\"Wa\u017cenie Pakowanie Paletyzacja Automatyka przemys\u0142owa linie PP PE\" \/>\n<meta property=\"og:description\" content=\"Wa\u017cenie Pakowanie Paletyzacja Automatyka przemys\u0142owa linie wa\u017c\u0105co - pakuj\u0105ce zbiorniki technologiczne mikrodozowanie linie PP PE Bigbag\" \/>\n<meta property=\"og:url\" content=\"https:\/\/drewmax.net.pl\/paletyzatory-workow\/wybor-paletyzatora\/\" \/>\n<meta property=\"og:site_name\" content=\"(Polski) Drewmax - Wa\u017cenie | Pakowanie | Paletyzacja | Automatyka\" \/>\n<meta property=\"article:publisher\" content=\"https:\/\/www.facebook.com\/Drewmax-111641623604429\/\" \/>\n<meta property=\"article:modified_time\" content=\"2025-03-25T12:32:42+00:00\" \/>\n<meta name=\"twitter:card\" content=\"summary_large_image\" \/>\n<meta name=\"twitter:label1\" content=\"Gesch\u00e4tzte Lesezeit\">\n\t<meta name=\"twitter:data1\" content=\"2\u00a0Minuten\">\n<script type=\"application\/ld+json\" class=\"yoast-schema-graph\">{\"@context\":\"https:\/\/schema.org\",\"@graph\":[{\"@type\":\"Organization\",\"@id\":\"https:\/\/drewmax.net.pl\/en\/#organization\",\"name\":\"DREWMAX Sp\\u00f3\\u0142ka z o.o.\",\"url\":\"https:\/\/drewmax.net.pl\/en\/\",\"sameAs\":[\"https:\/\/www.facebook.com\/Drewmax-111641623604429\/\",\"https:\/\/www.instagram.com\/drewmax.net.pl\/\",\"https:\/\/www.youtube.com\/channel\/UCCS8U5F8gSyJAlSWjxgbLRQ\"],\"logo\":{\"@type\":\"ImageObject\",\"@id\":\"https:\/\/drewmax.net.pl\/en\/#logo\",\"inLanguage\":\"de\",\"url\":\"\",\"caption\":\"DREWMAX Sp\\u00f3\\u0142ka z o.o.\"},\"image\":{\"@id\":\"https:\/\/drewmax.net.pl\/en\/#logo\"}},{\"@type\":\"WebSite\",\"@id\":\"https:\/\/drewmax.net.pl\/en\/#website\",\"url\":\"https:\/\/drewmax.net.pl\/en\/\",\"name\":\"(Polski) Drewmax - Wa\\u017cenie | Pakowanie | Paletyzacja | Automatyka\",\"description\":\"\",\"publisher\":{\"@id\":\"https:\/\/drewmax.net.pl\/en\/#organization\"},\"potentialAction\":[{\"@type\":\"SearchAction\",\"target\":\"https:\/\/drewmax.net.pl\/en\/?s={search_term_string}\",\"query-input\":\"required name=search_term_string\"}],\"inLanguage\":\"de\"},{\"@type\":\"ImageObject\",\"@id\":\"https:\/\/drewmax.net.pl\/paletyzatory-workow\/wybor-paletyzatora\/#primaryimage\",\"inLanguage\":\"de\",\"url\":\"\"},{\"@type\":\"WebPage\",\"@id\":\"https:\/\/drewmax.net.pl\/paletyzatory-workow\/wybor-paletyzatora\/#webpage\",\"url\":\"https:\/\/drewmax.net.pl\/paletyzatory-workow\/wybor-paletyzatora\/\",\"name\":\"Wa\\u017cenie Pakowanie Paletyzacja Automatyka przemys\\u0142owa linie PP PE\",\"isPartOf\":{\"@id\":\"https:\/\/drewmax.net.pl\/en\/#website\"},\"primaryImageOfPage\":{\"@id\":\"https:\/\/drewmax.net.pl\/paletyzatory-workow\/wybor-paletyzatora\/#primaryimage\"},\"datePublished\":\"2016-07-29T08:32:30+00:00\",\"dateModified\":\"2025-03-25T12:32:42+00:00\",\"description\":\"Wa\\u017cenie Pakowanie Paletyzacja Automatyka przemys\\u0142owa linie wa\\u017c\\u0105co - pakuj\\u0105ce zbiorniki technologiczne mikrodozowanie linie PP PE Bigbag\",\"breadcrumb\":{\"@id\":\"https:\/\/drewmax.net.pl\/paletyzatory-workow\/wybor-paletyzatora\/#breadcrumb\"},\"inLanguage\":\"de\",\"potentialAction\":[{\"@type\":\"ReadAction\",\"target\":[\"https:\/\/drewmax.net.pl\/paletyzatory-workow\/wybor-paletyzatora\/\"]}]},{\"@type\":\"BreadcrumbList\",\"@id\":\"https:\/\/drewmax.net.pl\/paletyzatory-workow\/wybor-paletyzatora\/#breadcrumb\",\"itemListElement\":[{\"@type\":\"ListItem\",\"position\":1,\"item\":{\"@type\":\"WebPage\",\"@id\":\"https:\/\/drewmax.net.pl\/\",\"url\":\"https:\/\/drewmax.net.pl\/\",\"name\":\"Home\"}},{\"@type\":\"ListItem\",\"position\":2,\"item\":{\"@type\":\"WebPage\",\"@id\":\"https:\/\/drewmax.net.pl\/paletyzatory-workow\/\",\"url\":\"https:\/\/drewmax.net.pl\/paletyzatory-workow\/\",\"name\":\"Paletyzatory\"}},{\"@type\":\"ListItem\",\"position\":3,\"item\":{\"@type\":\"WebPage\",\"@id\":\"https:\/\/drewmax.net.pl\/paletyzatory-workow\/wybor-paletyzatora\/\",\"url\":\"https:\/\/drewmax.net.pl\/paletyzatory-workow\/wybor-paletyzatora\/\",\"name\":\"Konfigurator paletyzatora\"}}]}]}<\/script>\n<!-- \/ Yoast SEO Premium plugin. -->","_links":{"self":[{"href":"https:\/\/drewmax.net.pl\/de\/wp-json\/wp\/v2\/pages\/351"}],"collection":[{"href":"https:\/\/drewmax.net.pl\/de\/wp-json\/wp\/v2\/pages"}],"about":[{"href":"https:\/\/drewmax.net.pl\/de\/wp-json\/wp\/v2\/types\/page"}],"author":[{"embeddable":true,"href":"https:\/\/drewmax.net.pl\/de\/wp-json\/wp\/v2\/users\/1"}],"replies":[{"embeddable":true,"href":"https:\/\/drewmax.net.pl\/de\/wp-json\/wp\/v2\/comments?post=351"}],"version-history":[{"count":19,"href":"https:\/\/drewmax.net.pl\/de\/wp-json\/wp\/v2\/pages\/351\/revisions"}],"predecessor-version":[{"id":31444,"href":"https:\/\/drewmax.net.pl\/de\/wp-json\/wp\/v2\/pages\/351\/revisions\/31444"}],"up":[{"embeddable":true,"href":"https:\/\/drewmax.net.pl\/de\/wp-json\/wp\/v2\/pages\/11815"}],"wp:featuredmedia":[{"embeddable":true,"href":"https:\/\/drewmax.net.pl\/de\/wp-json\/wp\/v2\/media\/12204"}],"wp:attachment":[{"href":"https:\/\/drewmax.net.pl\/de\/wp-json\/wp\/v2\/media?parent=351"}],"curies":[{"name":"wp","href":"https:\/\/api.w.org\/{rel}","templated":true}]}}