{"id":21674,"date":"2024-01-04T10:32:50","date_gmt":"2024-01-04T09:32:50","guid":{"rendered":"https:\/\/drewmax.net.pl\/?page_id=21674"},"modified":"2025-04-09T07:56:07","modified_gmt":"2025-04-09T05:56:07","slug":"automatyczna-kapturownica-typ-sh-300","status":"publish","type":"page","link":"https:\/\/drewmax.net.pl\/de\/automatyczna-kapturownica-typ-sh-300\/","title":{"rendered":"(Polski) Automatyczna kapturownica typ: SH 300"},"content":{"rendered":"\t\t<div data-elementor-type=\"wp-page\" data-elementor-id=\"21674\" class=\"elementor elementor-21674\" data-elementor-settings=\"[]\">\n\t\t\t\t\t\t<div class=\"elementor-inner\">\n\t\t\t\t\t\t\t<div class=\"elementor-section-wrap\">\n\t\t\t\t\t\t\t<section class=\"elementor-section elementor-top-section elementor-element elementor-element-63cf036c elementor-section-boxed elementor-section-height-default elementor-section-height-default\" data-id=\"63cf036c\" data-element_type=\"section\" data-settings=\"{&quot;background_background&quot;:&quot;classic&quot;}\">\n\t\t\t\t\t\t<div class=\"elementor-container elementor-column-gap-default\">\n\t\t\t\t\t\t\t<div class=\"elementor-row\">\n\t\t\t\t\t<div class=\"elementor-column elementor-col-100 elementor-top-column elementor-element elementor-element-6a4c7838\" data-id=\"6a4c7838\" data-element_type=\"column\">\n\t\t\t<div class=\"elementor-column-wrap elementor-element-populated\">\n\t\t\t\t\t\t\t<div class=\"elementor-widget-wrap\">\n\t\t\t\t\t\t<div class=\"elementor-element elementor-element-c60645f elementor-widget elementor-widget-image\" data-id=\"c60645f\" data-element_type=\"widget\" data-widget_type=\"image.default\">\n\t\t\t\t<div class=\"elementor-widget-container\">\n\t\t\t\t\t\t\t\t<div class=\"elementor-image\">\n\t\t\t\t\t\t\t\t\t\t\t\t\t<a href=\"#elementor-action%3Aaction%3Dpopup%3Aopen%26settings%3DeyJpZCI6IjI3OTQxIiwidG9nZ2xlIjpmYWxzZX0%3D\">\n\t\t\t\t\t\t\t<img width=\"980\" height=\"135\" src=\"https:\/\/drewmax.net.pl\/wp-content\/uploads\/2024\/12\/FE_POIR_poziom_pl-1_rgb-1024x141.jpg\" class=\"attachment-large size-large\" alt=\"\" loading=\"lazy\" srcset=\"https:\/\/drewmax.net.pl\/wp-content\/uploads\/2024\/12\/FE_POIR_poziom_pl-1_rgb-1024x141.jpg 1024w, https:\/\/drewmax.net.pl\/wp-content\/uploads\/2024\/12\/FE_POIR_poziom_pl-1_rgb-300x41.jpg 300w, https:\/\/drewmax.net.pl\/wp-content\/uploads\/2024\/12\/FE_POIR_poziom_pl-1_rgb-768x106.jpg 768w, https:\/\/drewmax.net.pl\/wp-content\/uploads\/2024\/12\/FE_POIR_poziom_pl-1_rgb-1536x211.jpg 1536w, https:\/\/drewmax.net.pl\/wp-content\/uploads\/2024\/12\/FE_POIR_poziom_pl-1_rgb-2048x282.jpg 2048w, https:\/\/drewmax.net.pl\/wp-content\/uploads\/2024\/12\/FE_POIR_poziom_pl-1_rgb-scaled.jpg 1920w\" sizes=\"(max-width: 980px) 100vw, 980px\" \/>\t\t\t\t\t\t\t\t<\/a>\n\t\t\t\t\t\t\t\t\t\t\t\t\t\t<\/div>\n\t\t\t\t\t\t<\/div>\n\t\t\t\t<\/div>\n\t\t\t\t<div class=\"elementor-element elementor-element-4ed7c359 elementor-widget elementor-widget-heading\" data-id=\"4ed7c359\" data-element_type=\"widget\" data-widget_type=\"heading.default\">\n\t\t\t\t<div class=\"elementor-widget-container\">\n\t\t\t<h2 class=\"elementor-heading-title elementor-size-xl\"><br>Automatische Schrumpfhaube Typ:SH 300\n<br><br><\/h2>\t\t<\/div>\n\t\t\t\t<\/div>\n\t\t\t\t\t\t<\/div>\n\t\t\t\t\t<\/div>\n\t\t<\/div>\n\t\t\t\t\t\t\t\t<\/div>\n\t\t\t\t\t<\/div>\n\t\t<\/section>\n\t\t\t\t<section class=\"elementor-section elementor-top-section elementor-element elementor-element-ead1601 elementor-section-boxed elementor-section-height-default elementor-section-height-default\" data-id=\"ead1601\" data-element_type=\"section\" data-settings=\"{&quot;background_background&quot;:&quot;classic&quot;}\">\n\t\t\t\t\t\t<div class=\"elementor-container elementor-column-gap-default\">\n\t\t\t\t\t\t\t<div class=\"elementor-row\">\n\t\t\t\t\t<div class=\"elementor-column elementor-col-50 elementor-top-column elementor-element elementor-element-423fd162\" data-id=\"423fd162\" data-element_type=\"column\">\n\t\t\t<div class=\"elementor-column-wrap elementor-element-populated\">\n\t\t\t\t\t\t\t<div class=\"elementor-widget-wrap\">\n\t\t\t\t\t\t<div class=\"elementor-element elementor-element-6472b1d0 elementor-widget elementor-widget-text-editor\" data-id=\"6472b1d0\" data-element_type=\"widget\" data-widget_type=\"text-editor.default\">\n\t\t\t\t<div class=\"elementor-widget-container\">\n\t\t\t\t\t\t\t\t<div class=\"elementor-text-editor elementor-clearfix\">\n\t\t\t\t<p><br data-start=\"25\" data-end=\"28\" \/>Das Ger\u00e4t dient dazu, die Ladung auf der Palette f\u00fcr mindestens 3 Palettenarten mit den Gr\u00f6\u00dfen 800&#215;1200, 1000&#215;1200, 1100&#215;1100 mit 3 verschiedenen Foliengr\u00f6\u00dfen 1000+2F225 bis 100+2F310 sicher zu verpacken.<br data-start=\"232\" data-end=\"235\" \/>Im Ger\u00e4t SH-300 k\u00f6nnen auch andere Palettengr\u00f6\u00dfen verwendet werden, wie: EUR, EUR1, EPAL, EUR6, EPAL6, EUR2, EPAL2, von CP1 bis CP9.<\/p><p data-start=\"371\" data-end=\"734\"><\/p>\t\t\t\t\t<\/div>\n\t\t\t\t\t\t<\/div>\n\t\t\t\t<\/div>\n\t\t\t\t<div class=\"elementor-element elementor-element-90fd5a1 elementor-widget elementor-widget-text-editor\" data-id=\"90fd5a1\" data-element_type=\"widget\" data-widget_type=\"text-editor.default\">\n\t\t\t\t<div class=\"elementor-widget-container\">\n\t\t\t\t\t\t\t\t<div class=\"elementor-text-editor elementor-clearfix\">\n\t\t\t\t<p><br data-start=\"25\" data-end=\"28\" \/>Der Folienentnahmemechanismus besteht aus 2 oder 3 &#8222;Maglownicen&#8220;, die sich gemeinsam \u00fcber das Schneide- und Schwei\u00dfsystem bewegen. Die Dehnung des Schrumpfhauben erfolgt \u00fcber Motor-Reduktoren in den Achsen X und Y. Der Einsatz von Servoantrieben erh\u00f6ht die lineare Geschwindigkeit und verbessert zus\u00e4tzlich die Wiederholgenauigkeit beim Aufsetzen der Haube. Dies erleichtert auch das Programmieren des Ger\u00e4ts. Auf den F\u00fchrungen sind L\u00fcfter montiert, die f\u00fcr das einfache Aufnehmen und Abziehen der Folie verantwortlich sind.<\/p><p data-start=\"556\" data-end=\"796\">Die automatische Umr\u00fcstung erfolgt durch ein Eingangssignal vom vorherigen Ger\u00e4t oder es besteht die M\u00f6glichkeit, das Programm \u00fcber das Touchscreen-Bedienfeld auszuw\u00e4hlen. Die Palettenh\u00f6he wird automatisch durch einen Lasersensor erkannt.<\/p><p data-start=\"798\" data-end=\"1297\"><\/p>\t\t\t\t\t<\/div>\n\t\t\t\t\t\t<\/div>\n\t\t\t\t<\/div>\n\t\t\t\t\t\t<\/div>\n\t\t\t\t\t<\/div>\n\t\t<\/div>\n\t\t\t\t<div class=\"elementor-column elementor-col-50 elementor-top-column elementor-element elementor-element-2aefbb15\" data-id=\"2aefbb15\" data-element_type=\"column\">\n\t\t\t<div class=\"elementor-column-wrap elementor-element-populated\">\n\t\t\t\t\t\t\t<div class=\"elementor-widget-wrap\">\n\t\t\t\t\t\t<div class=\"elementor-element elementor-element-9715604 elementor-widget elementor-widget-image\" data-id=\"9715604\" data-element_type=\"widget\" data-widget_type=\"image.default\">\n\t\t\t\t<div class=\"elementor-widget-container\">\n\t\t\t\t\t\t\t\t<div class=\"elementor-image\">\n\t\t\t\t\t\t\t\t\t\t\t\t<img width=\"891\" height=\"1024\" src=\"https:\/\/drewmax.net.pl\/wp-content\/uploads\/2024\/12\/SH-300_tripple-891x1024.png\" class=\"attachment-large size-large\" alt=\"SH-300, kapturownica palet, zabezpieczenie palet\" loading=\"lazy\" srcset=\"https:\/\/drewmax.net.pl\/wp-content\/uploads\/2024\/12\/SH-300_tripple-891x1024.png 891w, https:\/\/drewmax.net.pl\/wp-content\/uploads\/2024\/12\/SH-300_tripple-261x300.png 261w, https:\/\/drewmax.net.pl\/wp-content\/uploads\/2024\/12\/SH-300_tripple-768x882.png 768w, https:\/\/drewmax.net.pl\/wp-content\/uploads\/2024\/12\/SH-300_tripple-1337x1536.png 1337w, https:\/\/drewmax.net.pl\/wp-content\/uploads\/2024\/12\/SH-300_tripple-1782x2048.png 1782w, https:\/\/drewmax.net.pl\/wp-content\/uploads\/2024\/12\/SH-300_tripple.png 940w\" sizes=\"(max-width: 891px) 100vw, 891px\" \/>\t\t\t\t\t\t\t\t\t\t\t\t\t\t<\/div>\n\t\t\t\t\t\t<\/div>\n\t\t\t\t<\/div>\n\t\t\t\t\t\t<\/div>\n\t\t\t\t\t<\/div>\n\t\t<\/div>\n\t\t\t\t\t\t\t\t<\/div>\n\t\t\t\t\t<\/div>\n\t\t<\/section>\n\t\t\t\t<section class=\"elementor-section elementor-top-section elementor-element elementor-element-245f74be elementor-section-boxed elementor-section-height-default elementor-section-height-default\" data-id=\"245f74be\" data-element_type=\"section\" data-settings=\"{&quot;background_background&quot;:&quot;classic&quot;}\">\n\t\t\t\t\t\t<div class=\"elementor-container elementor-column-gap-default\">\n\t\t\t\t\t\t\t<div class=\"elementor-row\">\n\t\t\t\t\t<div class=\"elementor-column elementor-col-100 elementor-top-column elementor-element elementor-element-144f3a3\" data-id=\"144f3a3\" data-element_type=\"column\">\n\t\t\t<div class=\"elementor-column-wrap elementor-element-populated\">\n\t\t\t\t\t\t\t<div class=\"elementor-widget-wrap\">\n\t\t\t\t\t\t<div class=\"elementor-element elementor-element-ba1c183 elementor-widget elementor-widget-text-editor\" data-id=\"ba1c183\" data-element_type=\"widget\" data-widget_type=\"text-editor.default\">\n\t\t\t\t<div class=\"elementor-widget-container\">\n\t\t\t\t\t\t\t\t<div class=\"elementor-text-editor elementor-clearfix\">\n\t\t\t\t<p><br data-start=\"25\" data-end=\"28\" \/><span style=\"text-decoration: underline;\"><strong>Wichtigste Merkmale\/Funktionen des Produkts:<\/strong><\/span><\/p><ul data-start=\"75\" data-end=\"258\"><li data-start=\"75\" data-end=\"148\">Anzahl der m\u00f6glichen Foliengr\u00f6\u00dfen (zum Einbauen\/Arbeiten): 2-3 St\u00fcck,<\/li><li data-start=\"149\" data-end=\"219\">Modul zur automatischen Umr\u00fcstung des Ger\u00e4ts f\u00fcr drei Folienarten,<\/li><li data-start=\"220\" data-end=\"258\">Keine Ger\u00e4te f\u00fcr Hydrauliksysteme.<\/li><\/ul><p data-start=\"260\" data-end=\"327\"><\/p>\t\t\t\t\t<\/div>\n\t\t\t\t\t\t<\/div>\n\t\t\t\t<\/div>\n\t\t\t\t<div class=\"elementor-element elementor-element-9f7e858 elementor-align-center elementor-widget elementor-widget-button\" data-id=\"9f7e858\" data-element_type=\"widget\" data-widget_type=\"button.default\">\n\t\t\t\t<div class=\"elementor-widget-container\">\n\t\t\t\t\t<div class=\"elementor-button-wrapper\">\n\t\t\t<a href=\"https:\/\/drewmax.net.pl\/wp-content\/uploads\/2025\/04\/SH-300_front_DE.pdf\" target=\"_blank\" class=\"elementor-button-link elementor-button elementor-size-lg\" role=\"button\">\n\t\t\t\t\t\t<span class=\"elementor-button-content-wrapper\">\n\t\t\t\t\t\t<span class=\"elementor-button-icon elementor-align-icon-right\">\n\t\t\t\t<i aria-hidden=\"true\" class=\"fas fa-download\"><\/i>\t\t\t<\/span>\n\t\t\t\t\t\t<span class=\"elementor-button-text\">Laden Sie das Produktblatt herunte<\/span>\n\t\t<\/span>\n\t\t\t\t\t<\/a>\n\t\t<\/div>\n\t\t\t\t<\/div>\n\t\t\t\t<\/div>\n\t\t\t\t\t\t<\/div>\n\t\t\t\t\t<\/div>\n\t\t<\/div>\n\t\t\t\t\t\t\t\t<\/div>\n\t\t\t\t\t<\/div>\n\t\t<\/section>\n\t\t\t\t<section class=\"elementor-section elementor-top-section elementor-element elementor-element-42bcc042 elementor-section-boxed elementor-section-height-default elementor-section-height-default\" data-id=\"42bcc042\" data-element_type=\"section\" data-settings=\"{&quot;background_background&quot;:&quot;classic&quot;}\">\n\t\t\t\t\t\t<div class=\"elementor-container elementor-column-gap-default\">\n\t\t\t\t\t\t\t<div class=\"elementor-row\">\n\t\t\t\t\t<div class=\"elementor-column elementor-col-100 elementor-top-column elementor-element elementor-element-66f784b6\" data-id=\"66f784b6\" data-element_type=\"column\">\n\t\t\t<div class=\"elementor-column-wrap elementor-element-populated\">\n\t\t\t\t\t\t\t<div class=\"elementor-widget-wrap\">\n\t\t\t\t\t\t<div class=\"elementor-element elementor-element-3c82f235 elementor-widget elementor-widget-html\" data-id=\"3c82f235\" data-element_type=\"widget\" data-widget_type=\"html.default\">\n\t\t\t\t<div class=\"elementor-widget-container\">\n\t\t\t<script type=\"application\/ld+json\">\r\n{\r\n  \"@context\" : \"http:\/\/schema.org\",\r\n  \"@type\" : \"Product\",\r\n  \"name\" : \"AUTOMATYCZNA LINIA WA\u017b\u0104CO PAKUJ\u0104CA DO WORK\u00d3W Z FOLII P\u0141ASKIEJ TYP 2AWPP\",\r\n  \"image\" : \"https:\/\/drewmax.net.pl\/wp-content\/uploads\/2019\/07\/2aWPP.png\",\r\n  \"description\" : \"Podstawowe parametry techniczne:<\/U><\/P><UL><LI>Maksymalna masa porcji: 50kg,<\/LI><LI>Minimalna masa porcji: 10kg,<\/LI><LI>Wydajno\u015b\u0107 linii: do 1100 porcji\/godz. (zale\u017cnie od w\u0142asno\u015bci produktu oraz wielko\u015bci porcji)<\/LI><LI>Typ work\u00f3w: worki foliowe PE \u2013 folia p\u0142aska \u2013 rolka<\/LI><LI>Szeroko\u015b\u0107 worka: 350 \u2013 650mm,<\/LI><LI>D\u0142ugo\u015b\u0107 work\u00f3w: 450 \u2013 1000mm<\/LI><LI>Zasilanie elektryczne: 3 x 400V 50Hz,<\/LI><LI>Zapotrzebowanie mocy: max. 6kW,<\/LI><LI>Zasilanie w spr\u0119\u017cone powietrze: 5 \u2013 10bar,<\/LI><LI>Zu\u017cycie spr\u0119\u017conego powietrza: 600Nl\",\r\n  \"brand\" : {\r\n    \"@type\" : \"Brand\",\r\n    \"name\" : \"DREWMAX\",\r\n    \"logo\" : \"https:\/\/drewmax.net.pl\/wp-content\/uploads\/2019\/06\/drewmax-logo_v2-1.png\"\r\n  },\r\n  \"sku\" : \"2AWPP\",\r\n  \"identifier\": {\r\n \"@type\": \"PropertyValue\",\r\n   \"propertyID\": \"Model\",\r\n   \"value\":  \"2AWPP\"\r\n   },\r\n \"aggregateRating\": {\r\n    \"@type\": \"AggregateRating\",\r\n    \"ratingValue\": \"5\",\r\n    \"reviewCount\": \"4\"\r\n  },\r\n   \"offers\": {\r\n    \"@type\": \"AggregateOffer\",\r\n    \"lowPrice\": 370000.0000,\r\n    \"highPrice\": 500000.0000,\r\n    \"priceCurrency\": \"PLN\",\r\n    \"itemCondition\": \"NewCondition\",\r\n\t\"offerCount\": \"2\"\r\n  },\r\n  \"review\": {\r\n    \"@type\": \"Review\",\r\n    \"author\": \"Wojciech\",\r\n    \"datePublished\": \"2019-11-30\",\r\n    \"name\": \"Drewmax | Maszyny pakuj\u0105ce - referencje\",\r\n    \"reviewBody\": \"Zapytaj nas o referencje lub zajrzyj na stron\u0119\"\r\n  },\r\n  \"mpn\" : \"2AWPP\"\r\n}\r\n<\/script>\r\n\r\n<script type=\"application\/ld+json\">\r\n{\r\n  \"@context\" : \"http:\/\/schema.org\",\r\n  \"@type\" : \"Article\",\r\n  \"name\" : \"AUTOMATYCZNA LINIA WA\u017b\u0104CO PAKUJ\u0104CA DO WORK\u00d3W Z FOLII P\u0141ASKIEJ TYP 2AWPP\",\r\n  \"headline\" : \"Automatyczna linia wa\u017c\u0105co pakujaca do produkt\u00f3w sypkich\/granulowanych\/pylistych!\",\r\n  \"author\" : {\r\n    \"@type\" : \"Person\",\r\n    \"name\" : \"Wojciech S\u0105siadek\"\r\n  },\r\n  \"datePublished\" : \"2019-11-30\",\r\n  \"dateModified\" : \"2019-12-10\",\r\n  \"image\" : \"https:\/\/drewmax.net.pl\/wp-content\/uploads\/2019\/07\/2aWPP.png\",\r\n  \"articleBody\" : \"Jedn\u0105 z nowo\u015bci wprowadzonych przez firm\u0119 Drewmax w roku 2014, jest linia wa\u017c\u0105co pakuj\u0105ca do work\u00f3w tworzonych z foli p\u0142askiej.<\/P><P>Linia wa\u017c\u0105co pakuj\u0105ca typ 2aWPP jest urz\u0105dzeniem przeznaczonym do pakowania produkt\u00f3w <SPAN style=\\\"font-weight: bold;\\\">sypkich\/granulowanych\/pylistych<\/SPAN> w worki foliowe. Urz\u0105dzenie mo\u017ce by\u0107 dowolnie konfigurowane co daje mo\u017cliwo\u015b\u0107 dowolnego kszta\u0142towania worka \u2013 klient sam decyduje o tym czy worek ma zosta\u0107 ukszta\u0142towany z fa\u0142d\u0105 obustronn\u0105 (g\u00f3ra i d\u00f3\u0142), pojedyncz\u0105, czy te\u017c bez fa\u0142dy.<\/P><P>Przedstawiona linia mo\u017ce by\u0107 wyposa\u017cona w jeden, dwa, lub trzy kosze wagowe, kt\u00f3re naprzemiennie s\u0105 nape\u0142niane poprzez odpowiednio dobrane dozowniki. Dzi\u0119ki takiemu zestawieniu podzespo\u0142\u00f3w uzyskali\u015bmy wysok\u0105 precyzj\u0119 nawa\u017cania, a tak\u017ce du\u017c\u0105 wydajno\u015b\u0107  dochodz\u0105c\u0105 do  <SPAN style=\\\"font-weight: bold;\\\">1100 porcji na godzin\u0119<\/SPAN>.<\/P><P>Urz\u0105dzenie wyposa\u017cone jest w prosty system wymiany ko\u0142nierza formuj\u0105cego foli\u0119 co daje mo\u017cliwo\u015b\u0107 szybkiej zmiany wielko\u015bci opakowania. Ponadto linia posiada system elektryczny u\u0142atwiaj\u0105cy wymian\u0119 rolki z foli\u0105 dzi\u0119ki czemu bez u\u017cycia w\u00f3zka wid\u0142owego, operator jest w stanie zainstalowa\u0107 na maszynie now\u0105 rolk\u0119 z foli\u0105, kt\u00f3rej ci\u0119\u017car mo\u017ce si\u0119ga\u0107 750kg, a jej \u015brednica mo\u017ce mie\u0107 a\u017c 800mm. Takie rozwi\u0105zanie zwi\u0119ksza wydajno\u015b\u0107 maszyny i eliminuje niepotrzebne przerwy w jej pracy.\",\r\n  \"url\" : \"https:\/\/drewmax.net.pl\/linie-wazaco-pakujace-1\/2awpp\/\",\r\n  \"mainEntityOfPage\": {\r\n    \"@type\": \"WebPage\",\r\n    \"@id\": \"https:\/\/drewmax.net.pl\/\"\r\n  },\r\n  \"publisher\" : {\r\n    \"@type\" : \"Organization\",\r\n    \"name\" : \"Przedsi\u0119biorstwo Wielobran\u017cowe Drewmax Tadeusz S\u0105siadek i Wsp\u00f3lnicy Sp\u00f3\u0142ka Jawna\",\r\n\t\"logo\" : {\r\n\t\t\"@type\": \"ImageObject\",\r\n\t\t\"url\": \"https:\/\/drewmax.net.pl\/wp-content\/uploads\/2019\/06\/drewmax-logo_v2-1.png\"\r\n\t}\t\r\n  }\r\n  \r\n}\r\n<\/script>\t\t<\/div>\n\t\t\t\t<\/div>\n\t\t\t\t\t\t<\/div>\n\t\t\t\t\t<\/div>\n\t\t<\/div>\n\t\t\t\t\t\t\t\t<\/div>\n\t\t\t\t\t<\/div>\n\t\t<\/section>\n\t\t\t\t\t\t<\/div>\n\t\t\t\t\t\t<\/div>\n\t\t\t\t\t<\/div>\n\t\t","protected":false},"excerpt":{"rendered":"<p>Automatische Schrumpfhaube Typ:SH 300 Das Ger\u00e4t dient dazu, die Ladung auf der Palette f\u00fcr mindestens 3 Palettenarten mit den Gr\u00f6\u00dfen 800&#215;1200, 1000&#215;1200, 1100&#215;1100 mit 3 verschiedenen Foliengr\u00f6\u00dfen 1000+2F225 bis 100+2F310 sicher zu verpacken.Im Ger\u00e4t SH-300 k\u00f6nnen auch andere Palettengr\u00f6\u00dfen verwendet werden, wie: EUR, EUR1, EPAL, EUR6, EPAL6, EUR2, EPAL2, von CP1 bis CP9. Der Folienentnahmemechanismus&hellip;<\/p>\n","protected":false},"author":36,"featured_media":0,"parent":0,"menu_order":0,"comment_status":"closed","ping_status":"closed","template":"","meta":[],"yoast_head":"<!-- This site is optimized with the Yoast SEO Premium plugin v15.5 - https:\/\/yoast.com\/wordpress\/plugins\/seo\/ -->\n<title><\/title>\n<meta name=\"description\" content=\"Automatyczna kapturownica wa\u017cenie pakowanie paletyzacja automatyka przemys\u0142owa mikrodozowanie stretch zbiorniki technologiczne bigbag\" \/>\n<meta name=\"robots\" content=\"noindex, nofollow\" \/>\n<meta property=\"og:locale\" content=\"de_DE\" \/>\n<meta property=\"og:type\" content=\"article\" \/>\n<meta property=\"og:title\" content=\"[:pl]Automatyczna kapturownica typ: SH 300[:] - (Polski) Drewmax - Wa\u017cenie | Pakowanie | Paletyzacja | Automatyka\" \/>\n<meta property=\"og:description\" content=\"Automatyczna kapturownica wa\u017cenie pakowanie paletyzacja automatyka przemys\u0142owa mikrodozowanie stretch zbiorniki technologiczne bigbag\" \/>\n<meta property=\"og:url\" content=\"https:\/\/drewmax.net.pl\/automatyczna-kapturownica-typ-sh-300\/\" \/>\n<meta property=\"og:site_name\" content=\"(Polski) Drewmax - Wa\u017cenie | Pakowanie | Paletyzacja | Automatyka\" \/>\n<meta property=\"article:publisher\" content=\"https:\/\/www.facebook.com\/Drewmax-111641623604429\/\" \/>\n<meta property=\"article:modified_time\" content=\"2025-04-09T05:56:07+00:00\" \/>\n<meta property=\"og:image\" content=\"https:\/\/drewmax.net.pl\/wp-content\/uploads\/2024\/12\/FE_POIR_poziom_pl-1_rgb-1024x141.jpg\" \/>\n<meta name=\"twitter:card\" content=\"summary_large_image\" \/>\n<meta name=\"twitter:label1\" content=\"Gesch\u00e4tzte Lesezeit\">\n\t<meta name=\"twitter:data1\" content=\"6\u00a0Minuten\">\n<script type=\"application\/ld+json\" class=\"yoast-schema-graph\">{\"@context\":\"https:\/\/schema.org\",\"@graph\":[{\"@type\":\"Organization\",\"@id\":\"https:\/\/drewmax.net.pl\/en\/#organization\",\"name\":\"DREWMAX Sp\\u00f3\\u0142ka z o.o.\",\"url\":\"https:\/\/drewmax.net.pl\/en\/\",\"sameAs\":[\"https:\/\/www.facebook.com\/Drewmax-111641623604429\/\",\"https:\/\/www.instagram.com\/drewmax.net.pl\/\",\"https:\/\/www.youtube.com\/channel\/UCCS8U5F8gSyJAlSWjxgbLRQ\"],\"logo\":{\"@type\":\"ImageObject\",\"@id\":\"https:\/\/drewmax.net.pl\/en\/#logo\",\"inLanguage\":\"de\",\"url\":\"\",\"caption\":\"DREWMAX Sp\\u00f3\\u0142ka z o.o.\"},\"image\":{\"@id\":\"https:\/\/drewmax.net.pl\/en\/#logo\"}},{\"@type\":\"WebSite\",\"@id\":\"https:\/\/drewmax.net.pl\/en\/#website\",\"url\":\"https:\/\/drewmax.net.pl\/en\/\",\"name\":\"(Polski) Drewmax - Wa\\u017cenie | Pakowanie | Paletyzacja | Automatyka\",\"description\":\"\",\"publisher\":{\"@id\":\"https:\/\/drewmax.net.pl\/en\/#organization\"},\"potentialAction\":[{\"@type\":\"SearchAction\",\"target\":\"https:\/\/drewmax.net.pl\/en\/?s={search_term_string}\",\"query-input\":\"required name=search_term_string\"}],\"inLanguage\":\"de\"},{\"@type\":\"ImageObject\",\"@id\":\"https:\/\/drewmax.net.pl\/automatyczna-kapturownica-typ-sh-300\/#primaryimage\",\"inLanguage\":\"de\",\"url\":\"https:\/\/drewmax.net.pl\/wp-content\/uploads\/2024\/12\/FE_POIR_poziom_pl-1_rgb-1024x141.jpg\"},{\"@type\":\"WebPage\",\"@id\":\"https:\/\/drewmax.net.pl\/automatyczna-kapturownica-typ-sh-300\/#webpage\",\"url\":\"https:\/\/drewmax.net.pl\/automatyczna-kapturownica-typ-sh-300\/\",\"name\":\"[:pl]Automatyczna kapturownica typ: SH 300[:] - (Polski) Drewmax - Wa\\u017cenie | Pakowanie | Paletyzacja | Automatyka\",\"isPartOf\":{\"@id\":\"https:\/\/drewmax.net.pl\/en\/#website\"},\"primaryImageOfPage\":{\"@id\":\"https:\/\/drewmax.net.pl\/automatyczna-kapturownica-typ-sh-300\/#primaryimage\"},\"datePublished\":\"2024-01-04T09:32:50+00:00\",\"dateModified\":\"2025-04-09T05:56:07+00:00\",\"description\":\"Automatyczna kapturownica wa\\u017cenie pakowanie paletyzacja automatyka przemys\\u0142owa mikrodozowanie stretch zbiorniki technologiczne bigbag\",\"breadcrumb\":{\"@id\":\"https:\/\/drewmax.net.pl\/automatyczna-kapturownica-typ-sh-300\/#breadcrumb\"},\"inLanguage\":\"de\",\"potentialAction\":[{\"@type\":\"ReadAction\",\"target\":[\"https:\/\/drewmax.net.pl\/automatyczna-kapturownica-typ-sh-300\/\"]}]},{\"@type\":\"BreadcrumbList\",\"@id\":\"https:\/\/drewmax.net.pl\/automatyczna-kapturownica-typ-sh-300\/#breadcrumb\",\"itemListElement\":[{\"@type\":\"ListItem\",\"position\":1,\"item\":{\"@type\":\"WebPage\",\"@id\":\"https:\/\/drewmax.net.pl\/\",\"url\":\"https:\/\/drewmax.net.pl\/\",\"name\":\"Home\"}},{\"@type\":\"ListItem\",\"position\":2,\"item\":{\"@type\":\"WebPage\",\"@id\":\"https:\/\/drewmax.net.pl\/automatyczna-kapturownica-typ-sh-300\/\",\"url\":\"https:\/\/drewmax.net.pl\/automatyczna-kapturownica-typ-sh-300\/\",\"name\":\"Automatyczna kapturownica typ: SH 300\"}}]}]}<\/script>\n<!-- \/ Yoast SEO Premium plugin. -->","_links":{"self":[{"href":"https:\/\/drewmax.net.pl\/de\/wp-json\/wp\/v2\/pages\/21674"}],"collection":[{"href":"https:\/\/drewmax.net.pl\/de\/wp-json\/wp\/v2\/pages"}],"about":[{"href":"https:\/\/drewmax.net.pl\/de\/wp-json\/wp\/v2\/types\/page"}],"author":[{"embeddable":true,"href":"https:\/\/drewmax.net.pl\/de\/wp-json\/wp\/v2\/users\/36"}],"replies":[{"embeddable":true,"href":"https:\/\/drewmax.net.pl\/de\/wp-json\/wp\/v2\/comments?post=21674"}],"version-history":[{"count":80,"href":"https:\/\/drewmax.net.pl\/de\/wp-json\/wp\/v2\/pages\/21674\/revisions"}],"predecessor-version":[{"id":32207,"href":"https:\/\/drewmax.net.pl\/de\/wp-json\/wp\/v2\/pages\/21674\/revisions\/32207"}],"wp:attachment":[{"href":"https:\/\/drewmax.net.pl\/de\/wp-json\/wp\/v2\/media?parent=21674"}],"curies":[{"name":"wp","href":"https:\/\/api.w.org\/{rel}","templated":true}]}}