{"id":186,"date":"2016-07-21T13:42:58","date_gmt":"2016-07-21T11:42:58","guid":{"rendered":"http:\/\/drewmax.net.pl\/?page_id=186"},"modified":"2025-04-02T12:14:10","modified_gmt":"2025-04-02T10:14:10","slug":"zbiornik-technologiczny","status":"publish","type":"page","link":"https:\/\/drewmax.net.pl\/de\/zbiornik-technologiczny\/","title":{"rendered":"Zbiorniki technologiczne"},"content":{"rendered":"\t\t<div data-elementor-type=\"wp-post\" data-elementor-id=\"186\" class=\"elementor elementor-186\" data-elementor-settings=\"[]\">\n\t\t\t\t\t\t<div class=\"elementor-inner\">\n\t\t\t\t\t\t\t<div class=\"elementor-section-wrap\">\n\t\t\t\t\t\t\t<section class=\"elementor-section elementor-top-section elementor-element elementor-element-c747eeb elementor-section-boxed elementor-section-height-default elementor-section-height-default\" data-id=\"c747eeb\" data-element_type=\"section\" data-settings=\"{&quot;background_background&quot;:&quot;classic&quot;}\">\n\t\t\t\t\t\t<div class=\"elementor-container elementor-column-gap-default\">\n\t\t\t\t\t\t\t<div class=\"elementor-row\">\n\t\t\t\t\t<div class=\"elementor-column elementor-col-100 elementor-top-column elementor-element elementor-element-2f9f055\" data-id=\"2f9f055\" data-element_type=\"column\">\n\t\t\t<div class=\"elementor-column-wrap elementor-element-populated\">\n\t\t\t\t\t\t\t<div class=\"elementor-widget-wrap\">\n\t\t\t\t\t\t<div class=\"elementor-element elementor-element-9ef118e elementor-widget elementor-widget-heading\" data-id=\"9ef118e\" data-element_type=\"widget\" data-widget_type=\"heading.default\">\n\t\t\t\t<div class=\"elementor-widget-container\">\n\t\t\t<h2 class=\"elementor-heading-title elementor-size-xl\"> Technologische Beh\u00e4lter\n<\/h2>\t\t<\/div>\n\t\t\t\t<\/div>\n\t\t\t\t\t\t<\/div>\n\t\t\t\t\t<\/div>\n\t\t<\/div>\n\t\t\t\t\t\t\t\t<\/div>\n\t\t\t\t\t<\/div>\n\t\t<\/section>\n\t\t\t\t<section class=\"elementor-section elementor-top-section elementor-element elementor-element-80e1536 elementor-section-boxed elementor-section-height-default elementor-section-height-default\" data-id=\"80e1536\" data-element_type=\"section\" data-settings=\"{&quot;background_background&quot;:&quot;classic&quot;}\">\n\t\t\t\t\t\t<div class=\"elementor-container elementor-column-gap-default\">\n\t\t\t\t\t\t\t<div class=\"elementor-row\">\n\t\t\t\t\t<div class=\"elementor-column elementor-col-100 elementor-top-column elementor-element elementor-element-997c141\" data-id=\"997c141\" data-element_type=\"column\">\n\t\t\t<div class=\"elementor-column-wrap elementor-element-populated\">\n\t\t\t\t\t\t\t<div class=\"elementor-widget-wrap\">\n\t\t\t\t\t\t<div class=\"elementor-element elementor-element-27ad521 elementor-widget elementor-widget-text-editor\" data-id=\"27ad521\" data-element_type=\"widget\" data-widget_type=\"text-editor.default\">\n\t\t\t\t<div class=\"elementor-widget-container\">\n\t\t\t\t\t\t\t\t<div class=\"elementor-text-editor elementor-clearfix\">\n\t\t\t\t<p><br data-start=\"25\" data-end=\"28\" \/>Drewmax ist ein Hersteller eines breiten Spektrums an technologischen Beh\u00e4ltern. Der umfangreiche Maschinenpark erm\u00f6glicht die Umsetzung auch der anspruchsvollsten Auftr\u00e4ge. Die angebotenen technologischen Beh\u00e4lter k\u00f6nnen unter anderem mit Revisionsluken, Absaugstutzen, Montageanschl\u00fcssen f\u00fcr Zusatzger\u00e4te, Montagef\u00fc\u00dfen usw. ausgestattet werden.<\/p><p data-start=\"378\" data-end=\"489\">Je nach Art der von Drewmax hergestellten Beh\u00e4lter lassen sich die Produkte in folgende Kategorien einteilen:<\/p><ul data-start=\"491\" data-end=\"608\"><li data-start=\"491\" data-end=\"516\"><strong>Geschwei\u00dfte Beh\u00e4lter,<\/strong><\/li><li data-start=\"517\" data-end=\"543\"><strong>Verschraubte Beh\u00e4lter,<\/strong><\/li><li data-start=\"544\" data-end=\"576\"><strong>Eingeschobene Panelbeh\u00e4lter,<\/strong><\/li><li data-start=\"577\" data-end=\"608\"><strong>Verschraubte Panelbeh\u00e4lter.<\/strong><\/li><\/ul><p data-start=\"610\" data-end=\"1006\"><\/p>\t\t\t\t\t<\/div>\n\t\t\t\t\t\t<\/div>\n\t\t\t\t<\/div>\n\t\t\t\t\t\t<\/div>\n\t\t\t\t\t<\/div>\n\t\t<\/div>\n\t\t\t\t<div class=\"elementor-column elementor-col-100 elementor-top-column elementor-element elementor-element-ac180d6\" data-id=\"ac180d6\" data-element_type=\"column\">\n\t\t\t<div class=\"elementor-column-wrap elementor-element-populated\">\n\t\t\t\t\t\t\t<div class=\"elementor-widget-wrap\">\n\t\t\t\t\t\t<div class=\"elementor-element elementor-element-c26a46c elementor-widget elementor-widget-image\" data-id=\"c26a46c\" data-element_type=\"widget\" data-widget_type=\"image.default\">\n\t\t\t\t<div class=\"elementor-widget-container\">\n\t\t\t\t\t\t\t\t<div class=\"elementor-image\">\n\t\t\t\t\t\t\t\t\t\t\t\t<img width=\"548\" height=\"570\" src=\"https:\/\/drewmax.net.pl\/wp-content\/uploads\/2020\/10\/zt1-1.png\" class=\"attachment-large size-large\" alt=\"zbiorniki-technologiczne-1\" loading=\"lazy\" srcset=\"https:\/\/drewmax.net.pl\/wp-content\/uploads\/2020\/10\/zt1-1.png 548w, https:\/\/drewmax.net.pl\/wp-content\/uploads\/2020\/10\/zt1-1-288x300.png 288w\" sizes=\"(max-width: 548px) 100vw, 548px\" \/>\t\t\t\t\t\t\t\t\t\t\t\t\t\t<\/div>\n\t\t\t\t\t\t<\/div>\n\t\t\t\t<\/div>\n\t\t\t\t\t\t<\/div>\n\t\t\t\t\t<\/div>\n\t\t<\/div>\n\t\t\t\t\t\t\t\t<\/div>\n\t\t\t\t\t<\/div>\n\t\t<\/section>\n\t\t\t\t<section class=\"elementor-section elementor-top-section elementor-element elementor-element-48907f3 elementor-section-boxed elementor-section-height-default elementor-section-height-default\" data-id=\"48907f3\" data-element_type=\"section\" data-settings=\"{&quot;background_background&quot;:&quot;classic&quot;}\">\n\t\t\t\t\t\t<div class=\"elementor-container elementor-column-gap-default\">\n\t\t\t\t\t\t\t<div class=\"elementor-row\">\n\t\t\t\t\t<div class=\"elementor-column elementor-col-50 elementor-top-column elementor-element elementor-element-f72c8df\" data-id=\"f72c8df\" data-element_type=\"column\">\n\t\t\t<div class=\"elementor-column-wrap elementor-element-populated\">\n\t\t\t\t\t\t\t<div class=\"elementor-widget-wrap\">\n\t\t\t\t\t\t<div class=\"elementor-element elementor-element-e2386f1 elementor-widget elementor-widget-image\" data-id=\"e2386f1\" data-element_type=\"widget\" data-widget_type=\"image.default\">\n\t\t\t\t<div class=\"elementor-widget-container\">\n\t\t\t\t\t\t\t\t<div class=\"elementor-image\">\n\t\t\t\t\t\t\t\t\t\t\t\t<img width=\"411\" height=\"602\" src=\"https:\/\/drewmax.net.pl\/wp-content\/uploads\/2020\/10\/zt2-1.png\" class=\"attachment-large size-large\" alt=\"zbiorniki-technologiczne-2\" loading=\"lazy\" srcset=\"https:\/\/drewmax.net.pl\/wp-content\/uploads\/2020\/10\/zt2-1.png 411w, https:\/\/drewmax.net.pl\/wp-content\/uploads\/2020\/10\/zt2-1-205x300.png 205w\" sizes=\"(max-width: 411px) 100vw, 411px\" \/>\t\t\t\t\t\t\t\t\t\t\t\t\t\t<\/div>\n\t\t\t\t\t\t<\/div>\n\t\t\t\t<\/div>\n\t\t\t\t\t\t<\/div>\n\t\t\t\t\t<\/div>\n\t\t<\/div>\n\t\t\t\t<div class=\"elementor-column elementor-col-50 elementor-top-column elementor-element elementor-element-2462d36\" data-id=\"2462d36\" data-element_type=\"column\">\n\t\t\t<div class=\"elementor-column-wrap elementor-element-populated\">\n\t\t\t\t\t\t\t<div class=\"elementor-widget-wrap\">\n\t\t\t\t\t\t<div class=\"elementor-element elementor-element-bb49a42 elementor-widget elementor-widget-text-editor\" data-id=\"bb49a42\" data-element_type=\"widget\" data-widget_type=\"text-editor.default\">\n\t\t\t\t<div class=\"elementor-widget-container\">\n\t\t\t\t\t\t\t\t<div class=\"elementor-text-editor elementor-clearfix\">\n\t\t\t\t<p><br data-start=\"25\" data-end=\"28\" \/>Technologische Beh\u00e4lter k\u00f6nnen sowohl aus Kohlenstoffstahl als auch aus Edelstahl gefertigt werden. Bei Panelbeh\u00e4ltern k\u00f6nnen Mischkonstruktionen eingesetzt werden \u2013 innere Elemente aus Edelstahl, \u00e4u\u00dfere Elemente aus spritzlackiertem Kohlenstoffstahl.<\/p><p data-start=\"283\" data-end=\"484\"><strong data-start=\"283\" data-end=\"307\">Geschwei\u00dfte Beh\u00e4lter<\/strong> \u2013 Besonders empfohlen f\u00fcr die Lebensmittelindustrie in Edelstahl-Ausf\u00fchrung. Unsere geschwei\u00dften Beh\u00e4lter zeichnen sich durch eine hohe Pr\u00e4zision der Schwei\u00dfverbindungen aus.<\/p><p data-start=\"486\" data-end=\"593\">Wir verf\u00fcgen \u00fcber einen Maschinenpark, der die Herstellung von gro\u00dfformatigen Sonderbeh\u00e4ltern erm\u00f6glicht.<\/p><p data-start=\"595\" data-end=\"885\"><strong data-start=\"595\" data-end=\"620\">Verschraubte Beh\u00e4lter<\/strong> \u2013 In Bereichen, in denen keine geschwei\u00dften Beh\u00e4lter als Ganzes geliefert werden k\u00f6nnen, kommen verschraubte Beh\u00e4lter zum Einsatz. Diese werden als speziell entwickelte einwandige Module gefertigt, die leicht transportiert und beim Kunden montiert werden k\u00f6nnen.<\/p><p data-start=\"887\" data-end=\"1057\"><strong data-start=\"887\" data-end=\"931\">Eingeschobene\/verschraubte Panelbeh\u00e4lter<\/strong> \u2013 Panelbeh\u00e4lter werden haupts\u00e4chlich als selbsttragende Konstruktionen eingesetzt und dienen der Lagerung von Sch\u00fcttg\u00fctern.<\/p><p data-start=\"1059\" data-end=\"1356\"><\/p>\t\t\t\t\t<\/div>\n\t\t\t\t\t\t<\/div>\n\t\t\t\t<\/div>\n\t\t\t\t\t\t<\/div>\n\t\t\t\t\t<\/div>\n\t\t<\/div>\n\t\t\t\t\t\t\t\t<\/div>\n\t\t\t\t\t<\/div>\n\t\t<\/section>\n\t\t\t\t<section class=\"elementor-section elementor-top-section elementor-element elementor-element-2ad48a3 elementor-section-boxed elementor-section-height-default elementor-section-height-default\" data-id=\"2ad48a3\" data-element_type=\"section\" data-settings=\"{&quot;background_background&quot;:&quot;classic&quot;}\">\n\t\t\t\t\t\t<div class=\"elementor-container elementor-column-gap-default\">\n\t\t\t\t\t\t\t<div class=\"elementor-row\">\n\t\t\t\t\t<div class=\"elementor-column elementor-col-50 elementor-top-column elementor-element elementor-element-73039ae\" data-id=\"73039ae\" data-element_type=\"column\">\n\t\t\t<div class=\"elementor-column-wrap elementor-element-populated\">\n\t\t\t\t\t\t\t<div class=\"elementor-widget-wrap\">\n\t\t\t\t\t\t<div class=\"elementor-element elementor-element-cee2eef elementor-widget elementor-widget-text-editor\" data-id=\"cee2eef\" data-element_type=\"widget\" data-widget_type=\"text-editor.default\">\n\t\t\t\t<div class=\"elementor-widget-container\">\n\t\t\t\t\t\t\t\t<div class=\"elementor-text-editor elementor-clearfix\">\n\t\t\t\t<p><br data-start=\"25\" data-end=\"28\" \/>Die Beh\u00e4lterpaneele bestehen aus zwei Blechplatten, die mit C-f\u00f6rmigen Blechen miteinander verbunden sind. Der Zwischenraum zwischen den Blechen ist mit Luft gef\u00fcllt, wodurch das Produkt im Inneren des Beh\u00e4lters nicht mit der sich zwischen den W\u00e4nden der Paneele bildenden Feuchtigkeit in Kontakt kommt.<\/p><p data-start=\"335\" data-end=\"501\">Sie werden in Einschubtechnologie hergestellt, sodass es keine Schraubverbindungen an den tragenden S\u00e4ulen des Beh\u00e4lters gibt, oder in Schraubtechnologie gefertigt.<\/p><p data-start=\"503\" data-end=\"822\"><\/p>\t\t\t\t\t<\/div>\n\t\t\t\t\t\t<\/div>\n\t\t\t\t<\/div>\n\t\t\t\t\t\t<\/div>\n\t\t\t\t\t<\/div>\n\t\t<\/div>\n\t\t\t\t<div class=\"elementor-column elementor-col-50 elementor-top-column elementor-element elementor-element-4440af2\" data-id=\"4440af2\" data-element_type=\"column\">\n\t\t\t<div class=\"elementor-column-wrap elementor-element-populated\">\n\t\t\t\t\t\t\t<div class=\"elementor-widget-wrap\">\n\t\t\t\t\t\t<div class=\"elementor-element elementor-element-9c9bf1e elementor-widget elementor-widget-image\" data-id=\"9c9bf1e\" data-element_type=\"widget\" data-widget_type=\"image.default\">\n\t\t\t\t<div class=\"elementor-widget-container\">\n\t\t\t\t\t\t\t\t<div class=\"elementor-image\">\n\t\t\t\t\t\t\t\t\t\t\t\t<img width=\"408\" height=\"688\" src=\"https:\/\/drewmax.net.pl\/wp-content\/uploads\/2020\/10\/zt3-1.png\" class=\"attachment-large size-large\" alt=\"zbiorniki-technologiczne-3\" loading=\"lazy\" srcset=\"https:\/\/drewmax.net.pl\/wp-content\/uploads\/2020\/10\/zt3-1.png 408w, https:\/\/drewmax.net.pl\/wp-content\/uploads\/2020\/10\/zt3-1-178x300.png 178w\" sizes=\"(max-width: 408px) 100vw, 408px\" \/>\t\t\t\t\t\t\t\t\t\t\t\t\t\t<\/div>\n\t\t\t\t\t\t<\/div>\n\t\t\t\t<\/div>\n\t\t\t\t\t\t<\/div>\n\t\t\t\t\t<\/div>\n\t\t<\/div>\n\t\t\t\t\t\t\t\t<\/div>\n\t\t\t\t\t<\/div>\n\t\t<\/section>\n\t\t\t\t<section class=\"elementor-section elementor-top-section elementor-element elementor-element-885aed1 elementor-section-boxed elementor-section-height-default elementor-section-height-default\" data-id=\"885aed1\" data-element_type=\"section\" data-settings=\"{&quot;background_background&quot;:&quot;classic&quot;}\">\n\t\t\t\t\t\t<div class=\"elementor-container elementor-column-gap-default\">\n\t\t\t\t\t\t\t<div class=\"elementor-row\">\n\t\t\t\t\t<div class=\"elementor-column elementor-col-100 elementor-top-column elementor-element elementor-element-ed44577\" data-id=\"ed44577\" data-element_type=\"column\">\n\t\t\t<div class=\"elementor-column-wrap elementor-element-populated\">\n\t\t\t\t\t\t\t<div class=\"elementor-widget-wrap\">\n\t\t\t\t\t\t<div class=\"elementor-element elementor-element-cb35f71 elementor-align-center elementor-widget elementor-widget-button\" data-id=\"cb35f71\" data-element_type=\"widget\" data-widget_type=\"button.default\">\n\t\t\t\t<div class=\"elementor-widget-container\">\n\t\t\t\t\t<div class=\"elementor-button-wrapper\">\n\t\t\t<a href=\"https:\/\/drewmax.net.pl\/wp-content\/uploads\/2025\/03\/zbiorniki_complet_de.pdf\" target=\"_blank\" class=\"elementor-button-link elementor-button elementor-size-lg\" role=\"button\">\n\t\t\t\t\t\t<span class=\"elementor-button-content-wrapper\">\n\t\t\t\t\t\t<span class=\"elementor-button-icon elementor-align-icon-right\">\n\t\t\t\t<i aria-hidden=\"true\" class=\"fas fa-download\"><\/i>\t\t\t<\/span>\n\t\t\t\t\t\t<span class=\"elementor-button-text\">   Produktdatenblatt herunterladen<\/span>\n\t\t<\/span>\n\t\t\t\t\t<\/a>\n\t\t<\/div>\n\t\t\t\t<\/div>\n\t\t\t\t<\/div>\n\t\t\t\t<div class=\"elementor-element elementor-element-f242ccd elementor-align-center elementor-widget elementor-widget-button\" data-id=\"f242ccd\" data-element_type=\"widget\" data-widget_type=\"button.default\">\n\t\t\t\t<div class=\"elementor-widget-container\">\n\t\t\t\t\t<div class=\"elementor-button-wrapper\">\n\t\t\t<a href=\"https:\/\/drewmax.net.pl\/produkty\/\" class=\"elementor-button-link elementor-button elementor-size-md\" role=\"button\">\n\t\t\t\t\t\t<span class=\"elementor-button-content-wrapper\">\n\t\t\t\t\t\t<span class=\"elementor-button-text\">Entdecken Sie weitere Produkte von Drewmax<\/span>\n\t\t<\/span>\n\t\t\t\t\t<\/a>\n\t\t<\/div>\n\t\t\t\t<\/div>\n\t\t\t\t<\/div>\n\t\t\t\t\t\t<\/div>\n\t\t\t\t\t<\/div>\n\t\t<\/div>\n\t\t\t\t\t\t\t\t<\/div>\n\t\t\t\t\t<\/div>\n\t\t<\/section>\n\t\t\t\t\t\t<\/div>\n\t\t\t\t\t\t<\/div>\n\t\t\t\t\t<\/div>\n\t\t","protected":false},"excerpt":{"rendered":"<p>Technologische Beh\u00e4lter Drewmax ist ein Hersteller eines breiten Spektrums an technologischen Beh\u00e4ltern. Der umfangreiche Maschinenpark erm\u00f6glicht die Umsetzung auch der anspruchsvollsten Auftr\u00e4ge. Die angebotenen technologischen Beh\u00e4lter k\u00f6nnen unter anderem mit Revisionsluken, Absaugstutzen, Montageanschl\u00fcssen f\u00fcr Zusatzger\u00e4te, Montagef\u00fc\u00dfen usw. ausgestattet werden. Je nach Art der von Drewmax hergestellten Beh\u00e4lter lassen sich die Produkte in folgende Kategorien einteilen:&hellip;<\/p>\n","protected":false},"author":1,"featured_media":12252,"parent":0,"menu_order":0,"comment_status":"closed","ping_status":"closed","template":"","meta":[],"yoast_head":"<!-- This site is optimized with the Yoast SEO Premium plugin v15.5 - https:\/\/yoast.com\/wordpress\/plugins\/seo\/ -->\n<title>Zbiorniki Technologiczne - wa\u017cenie pakowanie paletyzacja stretch<\/title>\n<meta name=\"description\" content=\"zbiorniki technologiczne paletryzator pakowanie wa\u017cenie linia wa\u017c\u0105co - pakuj\u0105ca mikrodozowanie pobieranie pr\u00f3bek automatyka przemys\u0142owa\" \/>\n<meta name=\"robots\" content=\"index, follow, max-snippet:-1, max-image-preview:large, max-video-preview:-1\" \/>\n<link rel=\"canonical\" href=\"https:\/\/drewmax.net.pl\/zbiornik-technologiczny\/\" \/>\n<meta property=\"og:locale\" content=\"de_DE\" \/>\n<meta property=\"og:type\" content=\"article\" \/>\n<meta property=\"og:title\" content=\"Zbiorniki Technologiczne - wa\u017cenie pakowanie paletyzacja stretch\" \/>\n<meta property=\"og:description\" content=\"zbiorniki technologiczne paletryzator pakowanie wa\u017cenie linia wa\u017c\u0105co - pakuj\u0105ca mikrodozowanie pobieranie pr\u00f3bek automatyka przemys\u0142owa\" \/>\n<meta property=\"og:url\" content=\"https:\/\/drewmax.net.pl\/zbiornik-technologiczny\/\" \/>\n<meta property=\"og:site_name\" content=\"(Polski) Drewmax - Wa\u017cenie | Pakowanie | Paletyzacja | Automatyka\" \/>\n<meta property=\"article:publisher\" content=\"https:\/\/www.facebook.com\/Drewmax-111641623604429\/\" \/>\n<meta property=\"article:modified_time\" content=\"2025-04-02T10:14:10+00:00\" \/>\n<meta name=\"twitter:card\" content=\"summary_large_image\" \/>\n<meta name=\"twitter:label1\" content=\"Gesch\u00e4tzte Lesezeit\">\n\t<meta name=\"twitter:data1\" content=\"9\u00a0Minuten\">\n<script type=\"application\/ld+json\" class=\"yoast-schema-graph\">{\"@context\":\"https:\/\/schema.org\",\"@graph\":[{\"@type\":\"Organization\",\"@id\":\"https:\/\/drewmax.net.pl\/en\/#organization\",\"name\":\"DREWMAX Sp\\u00f3\\u0142ka z o.o.\",\"url\":\"https:\/\/drewmax.net.pl\/en\/\",\"sameAs\":[\"https:\/\/www.facebook.com\/Drewmax-111641623604429\/\",\"https:\/\/www.instagram.com\/drewmax.net.pl\/\",\"https:\/\/www.youtube.com\/channel\/UCCS8U5F8gSyJAlSWjxgbLRQ\"],\"logo\":{\"@type\":\"ImageObject\",\"@id\":\"https:\/\/drewmax.net.pl\/en\/#logo\",\"inLanguage\":\"de\",\"url\":\"\",\"caption\":\"DREWMAX Sp\\u00f3\\u0142ka z o.o.\"},\"image\":{\"@id\":\"https:\/\/drewmax.net.pl\/en\/#logo\"}},{\"@type\":\"WebSite\",\"@id\":\"https:\/\/drewmax.net.pl\/en\/#website\",\"url\":\"https:\/\/drewmax.net.pl\/en\/\",\"name\":\"(Polski) Drewmax - Wa\\u017cenie | Pakowanie | Paletyzacja | Automatyka\",\"description\":\"\",\"publisher\":{\"@id\":\"https:\/\/drewmax.net.pl\/en\/#organization\"},\"potentialAction\":[{\"@type\":\"SearchAction\",\"target\":\"https:\/\/drewmax.net.pl\/en\/?s={search_term_string}\",\"query-input\":\"required name=search_term_string\"}],\"inLanguage\":\"de\"},{\"@type\":\"ImageObject\",\"@id\":\"https:\/\/drewmax.net.pl\/zbiornik-technologiczny\/#primaryimage\",\"inLanguage\":\"de\",\"url\":\"\"},{\"@type\":\"WebPage\",\"@id\":\"https:\/\/drewmax.net.pl\/zbiornik-technologiczny\/#webpage\",\"url\":\"https:\/\/drewmax.net.pl\/zbiornik-technologiczny\/\",\"name\":\"Zbiorniki Technologiczne - wa\\u017cenie pakowanie paletyzacja stretch\",\"isPartOf\":{\"@id\":\"https:\/\/drewmax.net.pl\/en\/#website\"},\"primaryImageOfPage\":{\"@id\":\"https:\/\/drewmax.net.pl\/zbiornik-technologiczny\/#primaryimage\"},\"datePublished\":\"2016-07-21T11:42:58+00:00\",\"dateModified\":\"2025-04-02T10:14:10+00:00\",\"description\":\"zbiorniki technologiczne paletryzator pakowanie wa\\u017cenie linia wa\\u017c\\u0105co - pakuj\\u0105ca mikrodozowanie pobieranie pr\\u00f3bek automatyka przemys\\u0142owa\",\"breadcrumb\":{\"@id\":\"https:\/\/drewmax.net.pl\/zbiornik-technologiczny\/#breadcrumb\"},\"inLanguage\":\"de\",\"potentialAction\":[{\"@type\":\"ReadAction\",\"target\":[\"https:\/\/drewmax.net.pl\/zbiornik-technologiczny\/\"]}]},{\"@type\":\"BreadcrumbList\",\"@id\":\"https:\/\/drewmax.net.pl\/zbiornik-technologiczny\/#breadcrumb\",\"itemListElement\":[{\"@type\":\"ListItem\",\"position\":1,\"item\":{\"@type\":\"WebPage\",\"@id\":\"https:\/\/drewmax.net.pl\/\",\"url\":\"https:\/\/drewmax.net.pl\/\",\"name\":\"Home\"}},{\"@type\":\"ListItem\",\"position\":2,\"item\":{\"@type\":\"WebPage\",\"@id\":\"https:\/\/drewmax.net.pl\/zbiornik-technologiczny\/\",\"url\":\"https:\/\/drewmax.net.pl\/zbiornik-technologiczny\/\",\"name\":\"Zbiorniki technologiczne\"}}]}]}<\/script>\n<!-- \/ Yoast SEO Premium plugin. -->","_links":{"self":[{"href":"https:\/\/drewmax.net.pl\/de\/wp-json\/wp\/v2\/pages\/186"}],"collection":[{"href":"https:\/\/drewmax.net.pl\/de\/wp-json\/wp\/v2\/pages"}],"about":[{"href":"https:\/\/drewmax.net.pl\/de\/wp-json\/wp\/v2\/types\/page"}],"author":[{"embeddable":true,"href":"https:\/\/drewmax.net.pl\/de\/wp-json\/wp\/v2\/users\/1"}],"replies":[{"embeddable":true,"href":"https:\/\/drewmax.net.pl\/de\/wp-json\/wp\/v2\/comments?post=186"}],"version-history":[{"count":114,"href":"https:\/\/drewmax.net.pl\/de\/wp-json\/wp\/v2\/pages\/186\/revisions"}],"predecessor-version":[{"id":32026,"href":"https:\/\/drewmax.net.pl\/de\/wp-json\/wp\/v2\/pages\/186\/revisions\/32026"}],"wp:featuredmedia":[{"embeddable":true,"href":"https:\/\/drewmax.net.pl\/de\/wp-json\/wp\/v2\/media\/12252"}],"wp:attachment":[{"href":"https:\/\/drewmax.net.pl\/de\/wp-json\/wp\/v2\/media?parent=186"}],"curies":[{"name":"wp","href":"https:\/\/api.w.org\/{rel}","templated":true}]}}