{"id":175,"date":"2016-07-21T13:32:50","date_gmt":"2016-07-21T11:32:50","guid":{"rendered":"http:\/\/drewmax.net.pl\/?page_id=175"},"modified":"2025-04-04T08:07:03","modified_gmt":"2025-04-04T06:07:03","slug":"wagi-systemowe","status":"publish","type":"page","link":"https:\/\/drewmax.net.pl\/de\/wagi-systemowe\/","title":{"rendered":"Wagi systemowe"},"content":{"rendered":"\t\t<div data-elementor-type=\"wp-post\" data-elementor-id=\"175\" class=\"elementor elementor-175\" data-elementor-settings=\"[]\">\n\t\t\t\t\t\t<div class=\"elementor-inner\">\n\t\t\t\t\t\t\t<div class=\"elementor-section-wrap\">\n\t\t\t\t\t\t\t<section class=\"elementor-section elementor-top-section elementor-element elementor-element-fbf0e2d elementor-section-boxed elementor-section-height-default elementor-section-height-default\" data-id=\"fbf0e2d\" data-element_type=\"section\" data-settings=\"{&quot;background_background&quot;:&quot;classic&quot;}\">\n\t\t\t\t\t\t<div class=\"elementor-container elementor-column-gap-default\">\n\t\t\t\t\t\t\t<div class=\"elementor-row\">\n\t\t\t\t\t<div class=\"elementor-column elementor-col-100 elementor-top-column elementor-element elementor-element-a7cb2aa\" data-id=\"a7cb2aa\" data-element_type=\"column\">\n\t\t\t<div class=\"elementor-column-wrap elementor-element-populated\">\n\t\t\t\t\t\t\t<div class=\"elementor-widget-wrap\">\n\t\t\t\t\t\t<div class=\"elementor-element elementor-element-bf4503c elementor-widget elementor-widget-heading\" data-id=\"bf4503c\" data-element_type=\"widget\" data-widget_type=\"heading.default\">\n\t\t\t\t<div class=\"elementor-widget-container\">\n\t\t\t<h2 class=\"elementor-heading-title elementor-size-xl\"> Niemiecki \u2013 Systemwaagen\n<\/h2>\t\t<\/div>\n\t\t\t\t<\/div>\n\t\t\t\t\t\t<\/div>\n\t\t\t\t\t<\/div>\n\t\t<\/div>\n\t\t\t\t\t\t\t\t<\/div>\n\t\t\t\t\t<\/div>\n\t\t<\/section>\n\t\t\t\t<section class=\"elementor-section elementor-top-section elementor-element elementor-element-5dd5 elementor-section-boxed elementor-section-height-default elementor-section-height-default\" data-id=\"5dd5\" data-element_type=\"section\" data-settings=\"{&quot;background_background&quot;:&quot;classic&quot;}\">\n\t\t\t\t\t\t<div class=\"elementor-container elementor-column-gap-default\">\n\t\t\t\t\t\t\t<div class=\"elementor-row\">\n\t\t\t\t\t<div class=\"elementor-column elementor-col-100 elementor-top-column elementor-element elementor-element-9ea\" data-id=\"9ea\" data-element_type=\"column\">\n\t\t\t<div class=\"elementor-column-wrap elementor-element-populated\">\n\t\t\t\t\t\t\t<div class=\"elementor-widget-wrap\">\n\t\t\t\t\t\t<div class=\"elementor-element elementor-element-34db elementor-widget elementor-widget-text-editor\" data-id=\"34db\" data-element_type=\"widget\" data-widget_type=\"text-editor.default\">\n\t\t\t\t<div class=\"elementor-widget-container\">\n\t\t\t\t\t\t\t\t<div class=\"elementor-text-editor elementor-clearfix\">\n\t\t\t\t<p><br data-start=\"77\" data-end=\"80\" \/>Die Firma Drewmax verf\u00fcgt \u00fcber umfangreiche Erfahrung in der Konstruktion und Produktion von Systemwaagen. Unser Angebot umfasst unter anderem Beh\u00e4lterwaagen, Durchlaufwaagen, Konuswaagen, Schneckenwaagen und Fahrwaagen. Je nach Art des gewogenen Produkts werden zur Dosierung Schwerkraftf\u00f6rderer, Schneckenf\u00f6rderer, Bandf\u00f6rderer, Vibrationsf\u00f6rderer und Dosiergitter eingesetzt. Die Leistung der Waagen wird haupts\u00e4chlich durch die Art\/Qualit\u00e4t des zu wiegenden Produkts und den verf\u00fcgbaren Einbauraum begrenzt, w\u00e4hrend die Kapazit\u00e4t von den Anforderungen der Anlage abh\u00e4ngt \u2013 die Waagen werden individuell f\u00fcr jedes Projekt ausgew\u00e4hlt.<\/p><p data-start=\"720\" data-end=\"953\">Die von unserem Unternehmen eingesetzten W\u00e4gesysteme basieren auf Komponenten weltbekannter Marken. Unser Know-how erm\u00f6glicht es uns, die angebotenen Ger\u00e4te in komplexe Automatisierungssysteme f\u00fcr Produktionsanlagen zu integrieren.<\/p><p data-start=\"955\" data-end=\"1101\"><strong data-start=\"955\" data-end=\"972\">Beh\u00e4lterwaage<\/strong> \u2013 Die vorgestellte Waage ist f\u00fcr das Wiegen von Produkten ausgelegt, die \u00fcber Dosiergitter aus \u00dcberlaufsilos zugef\u00fchrt werden.<\/p><p data-start=\"1103\" data-end=\"1207\">Je nach Bedarf k\u00f6nnen die Waagen unterschiedliche L\u00e4ngen\/Kapazit\u00e4ten und Anschlussm\u00f6glichkeiten haben.<\/p><p data-start=\"1209\" data-end=\"1296\"><strong data-start=\"1209\" data-end=\"1227\">Durchlaufwaage<\/strong> \u2013 WP-80 bis WP-500 sind die Bezeichnungen unserer Durchlaufwaagen.<\/p><p data-start=\"1298\" data-end=\"1418\">Die einfache Konstruktion und die verwendeten Komponenten garantieren eine hohe Dosiergenauigkeit und Zuverl\u00e4ssigkeit.<\/p><p data-start=\"1420\" data-end=\"1566\">Die Waage kann in jede Produktionslinie integriert werden, und der Auslass der Waage kann an verschiedene Ger\u00e4te oder Beh\u00e4lter angepasst werden.<\/p><p data-start=\"1568\" data-end=\"1781\"><strong data-start=\"1568\" data-end=\"1582\">Konuswaage<\/strong> \u2013 Konuswaagen werden vor allem in der Lebensmittelindustrie gesch\u00e4tzt, da ihre Form die Reinigung erleichtert. Am h\u00e4ufigsten werden Waagen mit einer Tragf\u00e4higkeit von 50 kg und 150 kg hergestellt.<\/p><p data-start=\"1783\" data-end=\"1995\"><strong data-start=\"1783\" data-end=\"1801\">Schneckenwaage<\/strong> \u2013 Diese Waage dient zum Wiegen des Produkts im Fluss. Der Schneckenf\u00f6rderer und die passenden Waagenkomponenten wurden so gew\u00e4hlt, dass eine m\u00f6glichst hohe Messgenauigkeit gew\u00e4hrleistet wird.<\/p><p data-start=\"1997\" data-end=\"2132\"><strong data-start=\"1997\" data-end=\"2010\">Fahrwaage<\/strong> \u2013 Diese Versandwaage erm\u00f6glicht eine vollst\u00e4ndige Kontrolle der aus der Produktion direkt in Tankwagen verladenen Ware.<\/p><p data-start=\"2134\" data-end=\"2259\">Die Kapazit\u00e4t kann individuell konfiguriert werden. Zus\u00e4tzlich bieten wir als Zubeh\u00f6r halbautomatische Auslaufschl\u00e4uche an.<\/p><p data-start=\"2266\" data-end=\"2889\"><\/span><\/p>\t\t\t\t\t<\/div>\n\t\t\t\t\t\t<\/div>\n\t\t\t\t<\/div>\n\t\t\t\t\t\t<\/div>\n\t\t\t\t\t<\/div>\n\t\t<\/div>\n\t\t\t\t\t\t\t\t<\/div>\n\t\t\t\t\t<\/div>\n\t\t<\/section>\n\t\t\t\t<section class=\"elementor-section elementor-top-section elementor-element elementor-element-dc6c5d9 elementor-section-full_width elementor-section-height-default elementor-section-height-default\" data-id=\"dc6c5d9\" data-element_type=\"section\">\n\t\t\t\t\t\t<div class=\"elementor-container elementor-column-gap-default\">\n\t\t\t\t\t\t\t<div class=\"elementor-row\">\n\t\t\t\t\t<div class=\"elementor-column elementor-col-100 elementor-top-column elementor-element elementor-element-2538266\" data-id=\"2538266\" data-element_type=\"column\" data-settings=\"{&quot;background_background&quot;:&quot;classic&quot;}\">\n\t\t\t<div class=\"elementor-column-wrap elementor-element-populated\">\n\t\t\t\t\t\t\t<div class=\"elementor-widget-wrap\">\n\t\t\t\t\t\t<div class=\"elementor-element elementor-element-b6afc89 elementor-align-center elementor-widget elementor-widget-button\" data-id=\"b6afc89\" data-element_type=\"widget\" data-widget_type=\"button.default\">\n\t\t\t\t<div class=\"elementor-widget-container\">\n\t\t\t\t\t<div class=\"elementor-button-wrapper\">\n\t\t\t<a href=\"https:\/\/drewmax.net.pl\/wp-content\/uploads\/2025\/03\/Wagi-systemowe_complet_de.pdf\" target=\"_blank\" class=\"elementor-button-link elementor-button elementor-size-lg\" role=\"button\">\n\t\t\t\t\t\t<span class=\"elementor-button-content-wrapper\">\n\t\t\t\t\t\t<span class=\"elementor-button-icon elementor-align-icon-right\">\n\t\t\t\t<i aria-hidden=\"true\" class=\"fas fa-download\"><\/i>\t\t\t<\/span>\n\t\t\t\t\t\t<span class=\"elementor-button-text\">  Produktdatenblatt herunterladen<\/span>\n\t\t<\/span>\n\t\t\t\t\t<\/a>\n\t\t<\/div>\n\t\t\t\t<\/div>\n\t\t\t\t<\/div>\n\t\t\t\t\t\t<\/div>\n\t\t\t\t\t<\/div>\n\t\t<\/div>\n\t\t\t\t\t\t\t\t<\/div>\n\t\t\t\t\t<\/div>\n\t\t<\/section>\n\t\t\t\t\t\t<\/div>\n\t\t\t\t\t\t<\/div>\n\t\t\t\t\t<\/div>\n\t\t","protected":false},"excerpt":{"rendered":"<p>Niemiecki \u2013 Systemwaagen Die Firma Drewmax verf\u00fcgt \u00fcber umfangreiche Erfahrung in der Konstruktion und Produktion von Systemwaagen. Unser Angebot umfasst unter anderem Beh\u00e4lterwaagen, Durchlaufwaagen, Konuswaagen, Schneckenwaagen und Fahrwaagen. Je nach Art des gewogenen Produkts werden zur Dosierung Schwerkraftf\u00f6rderer, Schneckenf\u00f6rderer, Bandf\u00f6rderer, Vibrationsf\u00f6rderer und Dosiergitter eingesetzt. Die Leistung der Waagen wird haupts\u00e4chlich durch die Art\/Qualit\u00e4t des zu&hellip;<\/p>\n","protected":false},"author":1,"featured_media":0,"parent":0,"menu_order":0,"comment_status":"closed","ping_status":"closed","template":"","meta":[],"yoast_head":"<!-- This site is optimized with the Yoast SEO Premium plugin v15.5 - https:\/\/yoast.com\/wordpress\/plugins\/seo\/ -->\n<title>Wa\u017cenie Pakowanie Paletyzacja Automatyka przemys\u0142owa linie PP PE<\/title>\n<meta name=\"description\" content=\"Wa\u017cenie Pakowanie Paletyzacja Automatyka przemys\u0142owa linie wa\u017c\u0105co - pakuj\u0105ce zbiorniki technologiczne mikrodozowanie linie PP PE\" \/>\n<meta name=\"robots\" content=\"index, follow, max-snippet:-1, max-image-preview:large, max-video-preview:-1\" \/>\n<link rel=\"canonical\" href=\"https:\/\/drewmax.net.pl\/wagi-systemowe\/\" \/>\n<meta property=\"og:locale\" content=\"de_DE\" \/>\n<meta property=\"og:type\" content=\"article\" \/>\n<meta property=\"og:title\" content=\"Wa\u017cenie Pakowanie Paletyzacja Automatyka przemys\u0142owa linie PP PE\" \/>\n<meta property=\"og:description\" content=\"Wa\u017cenie Pakowanie Paletyzacja Automatyka przemys\u0142owa linie wa\u017c\u0105co - pakuj\u0105ce zbiorniki technologiczne mikrodozowanie linie PP PE\" \/>\n<meta property=\"og:url\" content=\"https:\/\/drewmax.net.pl\/wagi-systemowe\/\" \/>\n<meta property=\"og:site_name\" content=\"(Polski) Drewmax - Wa\u017cenie | Pakowanie | Paletyzacja | Automatyka\" \/>\n<meta property=\"article:publisher\" content=\"https:\/\/www.facebook.com\/Drewmax-111641623604429\/\" \/>\n<meta property=\"article:modified_time\" content=\"2025-04-04T06:07:03+00:00\" \/>\n<meta name=\"twitter:card\" content=\"summary_large_image\" \/>\n<meta name=\"twitter:label1\" content=\"Gesch\u00e4tzte Lesezeit\">\n\t<meta name=\"twitter:data1\" content=\"9\u00a0Minuten\">\n<script type=\"application\/ld+json\" class=\"yoast-schema-graph\">{\"@context\":\"https:\/\/schema.org\",\"@graph\":[{\"@type\":\"Organization\",\"@id\":\"https:\/\/drewmax.net.pl\/en\/#organization\",\"name\":\"DREWMAX Sp\\u00f3\\u0142ka z o.o.\",\"url\":\"https:\/\/drewmax.net.pl\/en\/\",\"sameAs\":[\"https:\/\/www.facebook.com\/Drewmax-111641623604429\/\",\"https:\/\/www.instagram.com\/drewmax.net.pl\/\",\"https:\/\/www.youtube.com\/channel\/UCCS8U5F8gSyJAlSWjxgbLRQ\"],\"logo\":{\"@type\":\"ImageObject\",\"@id\":\"https:\/\/drewmax.net.pl\/en\/#logo\",\"inLanguage\":\"de\",\"url\":\"\",\"caption\":\"DREWMAX Sp\\u00f3\\u0142ka z o.o.\"},\"image\":{\"@id\":\"https:\/\/drewmax.net.pl\/en\/#logo\"}},{\"@type\":\"WebSite\",\"@id\":\"https:\/\/drewmax.net.pl\/en\/#website\",\"url\":\"https:\/\/drewmax.net.pl\/en\/\",\"name\":\"(Polski) Drewmax - Wa\\u017cenie | Pakowanie | Paletyzacja | Automatyka\",\"description\":\"\",\"publisher\":{\"@id\":\"https:\/\/drewmax.net.pl\/en\/#organization\"},\"potentialAction\":[{\"@type\":\"SearchAction\",\"target\":\"https:\/\/drewmax.net.pl\/en\/?s={search_term_string}\",\"query-input\":\"required name=search_term_string\"}],\"inLanguage\":\"de\"},{\"@type\":\"WebPage\",\"@id\":\"https:\/\/drewmax.net.pl\/wagi-systemowe\/#webpage\",\"url\":\"https:\/\/drewmax.net.pl\/wagi-systemowe\/\",\"name\":\"Wa\\u017cenie Pakowanie Paletyzacja Automatyka przemys\\u0142owa linie PP PE\",\"isPartOf\":{\"@id\":\"https:\/\/drewmax.net.pl\/en\/#website\"},\"datePublished\":\"2016-07-21T11:32:50+00:00\",\"dateModified\":\"2025-04-04T06:07:03+00:00\",\"description\":\"Wa\\u017cenie Pakowanie Paletyzacja Automatyka przemys\\u0142owa linie wa\\u017c\\u0105co - pakuj\\u0105ce zbiorniki technologiczne mikrodozowanie linie PP PE\",\"breadcrumb\":{\"@id\":\"https:\/\/drewmax.net.pl\/wagi-systemowe\/#breadcrumb\"},\"inLanguage\":\"de\",\"potentialAction\":[{\"@type\":\"ReadAction\",\"target\":[\"https:\/\/drewmax.net.pl\/wagi-systemowe\/\"]}]},{\"@type\":\"BreadcrumbList\",\"@id\":\"https:\/\/drewmax.net.pl\/wagi-systemowe\/#breadcrumb\",\"itemListElement\":[{\"@type\":\"ListItem\",\"position\":1,\"item\":{\"@type\":\"WebPage\",\"@id\":\"https:\/\/drewmax.net.pl\/\",\"url\":\"https:\/\/drewmax.net.pl\/\",\"name\":\"Home\"}},{\"@type\":\"ListItem\",\"position\":2,\"item\":{\"@type\":\"WebPage\",\"@id\":\"https:\/\/drewmax.net.pl\/wagi-systemowe\/\",\"url\":\"https:\/\/drewmax.net.pl\/wagi-systemowe\/\",\"name\":\"Wagi systemowe\"}}]}]}<\/script>\n<!-- \/ Yoast SEO Premium plugin. -->","_links":{"self":[{"href":"https:\/\/drewmax.net.pl\/de\/wp-json\/wp\/v2\/pages\/175"}],"collection":[{"href":"https:\/\/drewmax.net.pl\/de\/wp-json\/wp\/v2\/pages"}],"about":[{"href":"https:\/\/drewmax.net.pl\/de\/wp-json\/wp\/v2\/types\/page"}],"author":[{"embeddable":true,"href":"https:\/\/drewmax.net.pl\/de\/wp-json\/wp\/v2\/users\/1"}],"replies":[{"embeddable":true,"href":"https:\/\/drewmax.net.pl\/de\/wp-json\/wp\/v2\/comments?post=175"}],"version-history":[{"count":61,"href":"https:\/\/drewmax.net.pl\/de\/wp-json\/wp\/v2\/pages\/175\/revisions"}],"predecessor-version":[{"id":32052,"href":"https:\/\/drewmax.net.pl\/de\/wp-json\/wp\/v2\/pages\/175\/revisions\/32052"}],"wp:attachment":[{"href":"https:\/\/drewmax.net.pl\/de\/wp-json\/wp\/v2\/media?parent=175"}],"curies":[{"name":"wp","href":"https:\/\/api.w.org\/{rel}","templated":true}]}}