{"id":166,"date":"2016-07-21T13:28:31","date_gmt":"2016-07-21T11:28:31","guid":{"rendered":"http:\/\/drewmax.net.pl\/?page_id=166"},"modified":"2025-04-03T14:39:43","modified_gmt":"2025-04-03T12:39:43","slug":"urzadzenie-sluzace-do-napelniania-workow-typu-big-bag-jednozaczepowych","status":"publish","type":"page","link":"https:\/\/drewmax.net.pl\/de\/urzadzenie-sluzace-do-napelniania-workow-typu-big-bag-jednozaczepowych\/","title":{"rendered":"Urz\u0105dzenie s\u0142u\u017c\u0105ce do nape\u0142niania work\u00f3w typu Big-Bag \u2013 jednozaczepowych"},"content":{"rendered":"\t\t<div data-elementor-type=\"wp-post\" data-elementor-id=\"166\" class=\"elementor elementor-166\" data-elementor-settings=\"[]\">\n\t\t\t\t\t\t<div class=\"elementor-inner\">\n\t\t\t\t\t\t\t<div class=\"elementor-section-wrap\">\n\t\t\t\t\t\t\t<section class=\"elementor-section elementor-top-section elementor-element elementor-element-fcf89ba elementor-section-boxed elementor-section-height-default elementor-section-height-default\" data-id=\"fcf89ba\" data-element_type=\"section\" data-settings=\"{&quot;background_background&quot;:&quot;classic&quot;}\">\n\t\t\t\t\t\t<div class=\"elementor-container elementor-column-gap-default\">\n\t\t\t\t\t\t\t<div class=\"elementor-row\">\n\t\t\t\t\t<div class=\"elementor-column elementor-col-100 elementor-top-column elementor-element elementor-element-cbca31f\" data-id=\"cbca31f\" data-element_type=\"column\">\n\t\t\t<div class=\"elementor-column-wrap elementor-element-populated\">\n\t\t\t\t\t\t\t<div class=\"elementor-widget-wrap\">\n\t\t\t\t\t\t<div class=\"elementor-element elementor-element-e8e309b elementor-widget elementor-widget-heading\" data-id=\"e8e309b\" data-element_type=\"widget\" data-widget_type=\"heading.default\">\n\t\t\t\t<div class=\"elementor-widget-container\">\n\t\t\t<h2 class=\"elementor-heading-title elementor-size-xl\"> Ger\u00e4t zum Bef\u00fcllen von Big-Bag-Einhaks\u00e4cken\n<\/h2>\t\t<\/div>\n\t\t\t\t<\/div>\n\t\t\t\t\t\t<\/div>\n\t\t\t\t\t<\/div>\n\t\t<\/div>\n\t\t\t\t\t\t\t\t<\/div>\n\t\t\t\t\t<\/div>\n\t\t<\/section>\n\t\t\t\t<section class=\"elementor-section elementor-top-section elementor-element elementor-element-c1500bd elementor-section-boxed elementor-section-height-default elementor-section-height-default\" data-id=\"c1500bd\" data-element_type=\"section\" data-settings=\"{&quot;background_background&quot;:&quot;classic&quot;}\">\n\t\t\t\t\t\t<div class=\"elementor-container elementor-column-gap-default\">\n\t\t\t\t\t\t\t<div class=\"elementor-row\">\n\t\t\t\t\t<div class=\"elementor-column elementor-col-50 elementor-top-column elementor-element elementor-element-2fe4157\" data-id=\"2fe4157\" data-element_type=\"column\">\n\t\t\t<div class=\"elementor-column-wrap elementor-element-populated\">\n\t\t\t\t\t\t\t<div class=\"elementor-widget-wrap\">\n\t\t\t\t\t\t<div class=\"elementor-element elementor-element-9981c4b elementor-widget elementor-widget-text-editor\" data-id=\"9981c4b\" data-element_type=\"widget\" data-widget_type=\"text-editor.default\">\n\t\t\t\t<div class=\"elementor-widget-container\">\n\t\t\t\t\t\t\t\t<div class=\"elementor-text-editor elementor-clearfix\">\n\t\t\t\t<p><br data-start=\"25\" data-end=\"28\" \/>Das Angebot von Drewmax umfasst auch ein Ger\u00e4t zum Bef\u00fcllen von Big-Bag-Einhaks\u00e4cken mit einem Gewicht von <strong>100-1500 kg<\/strong>. Die Einhaks\u00e4cke werden mithilfe speziell angepasster Dosierer und einer Netto-Waage bef\u00fcllt, die oberhalb der Bef\u00fcllstation angebracht ist.<\/p><p data-start=\"291\" data-end=\"477\">Die Bef\u00fclllinie in Kombination mit der Netto-Waage ist ein halbautomatisches Verpackungsger\u00e4t f\u00fcr<strong> Sch\u00fcttg\u00fcter, Granulate und pulverf\u00f6rmige<\/strong> Produkte unter Verwendung von Big-Bag-S\u00e4cken.<\/p><p data-start=\"479\" data-end=\"739\">Das vorgestellte Ger\u00e4t verf\u00fcgt \u00fcber einen beweglichen F\u00fcllstutzen, der das Anbringen und Entfernen des Sacks erheblich erleichtert. Zus\u00e4tzlich erleichtern das automatische Abdichtungssystem und das Verpackungsaufblassystem die Arbeit der Bediener wesentlich.<\/p><p data-start=\"741\" data-end=\"1011\"><\/p>\t\t\t\t\t<\/div>\n\t\t\t\t\t\t<\/div>\n\t\t\t\t<\/div>\n\t\t\t\t\t\t<\/div>\n\t\t\t\t\t<\/div>\n\t\t<\/div>\n\t\t\t\t<div class=\"elementor-column elementor-col-50 elementor-top-column elementor-element elementor-element-048969c\" data-id=\"048969c\" data-element_type=\"column\">\n\t\t\t<div class=\"elementor-column-wrap elementor-element-populated\">\n\t\t\t\t\t\t\t<div class=\"elementor-widget-wrap\">\n\t\t\t\t\t\t<div class=\"elementor-element elementor-element-9c56358 elementor-widget elementor-widget-image\" data-id=\"9c56358\" data-element_type=\"widget\" data-widget_type=\"image.default\">\n\t\t\t\t<div class=\"elementor-widget-container\">\n\t\t\t\t\t\t\t\t<div class=\"elementor-image\">\n\t\t\t\t\t\t\t\t\t\t\t\t<img width=\"624\" height=\"548\" src=\"https:\/\/drewmax.net.pl\/wp-content\/uploads\/2020\/10\/bigbag11.jpg\" class=\"attachment-large size-large\" alt=\"\" loading=\"lazy\" srcset=\"https:\/\/drewmax.net.pl\/wp-content\/uploads\/2020\/10\/bigbag11.jpg 624w, https:\/\/drewmax.net.pl\/wp-content\/uploads\/2020\/10\/bigbag11-300x263.jpg 300w\" sizes=\"(max-width: 624px) 100vw, 624px\" \/>\t\t\t\t\t\t\t\t\t\t\t\t\t\t<\/div>\n\t\t\t\t\t\t<\/div>\n\t\t\t\t<\/div>\n\t\t\t\t\t\t<\/div>\n\t\t\t\t\t<\/div>\n\t\t<\/div>\n\t\t\t\t\t\t\t\t<\/div>\n\t\t\t\t\t<\/div>\n\t\t<\/section>\n\t\t\t\t<section class=\"elementor-section elementor-top-section elementor-element elementor-element-88e71bc elementor-section-boxed elementor-section-height-default elementor-section-height-default\" data-id=\"88e71bc\" data-element_type=\"section\" data-settings=\"{&quot;background_background&quot;:&quot;classic&quot;}\">\n\t\t\t\t\t\t<div class=\"elementor-container elementor-column-gap-default\">\n\t\t\t\t\t\t\t<div class=\"elementor-row\">\n\t\t\t\t\t<div class=\"elementor-column elementor-col-100 elementor-top-column elementor-element elementor-element-97fa1c9\" data-id=\"97fa1c9\" data-element_type=\"column\">\n\t\t\t<div class=\"elementor-column-wrap elementor-element-populated\">\n\t\t\t\t\t\t\t<div class=\"elementor-widget-wrap\">\n\t\t\t\t\t\t<div class=\"elementor-element elementor-element-3afda3e elementor-widget elementor-widget-text-editor\" data-id=\"3afda3e\" data-element_type=\"widget\" data-widget_type=\"text-editor.default\">\n\t\t\t\t<div class=\"elementor-widget-container\">\n\t\t\t\t\t\t\t\t<div class=\"elementor-text-editor elementor-clearfix\">\n\t\t\t\t<p><br data-start=\"25\" data-end=\"28\" \/><span style=\"text-decoration: underline;\"><strong data-start=\"28\" data-end=\"68\">Grundlegende Komponenten des Ger\u00e4ts:<\/strong><\/span><\/p><ul data-start=\"72\" data-end=\"345\"><li data-start=\"72\" data-end=\"112\">Tragkonstruktion mit Bedienplattform<\/li><li data-start=\"113\" data-end=\"140\">Automatische F\u00fcllstutze<\/li><li data-start=\"141\" data-end=\"161\">Abf\u00fchrf\u00f6rderband<\/li><li data-start=\"162\" data-end=\"197\">Steuerungssystem mit Touchpanel<\/li><li data-start=\"198\" data-end=\"287\">\u00dcbersichtliches Steuerungssystem auf Basis einer Siemens-PLC-Steuerung mit Touchpanel<\/li><li data-start=\"288\" data-end=\"345\">Eingesetzte Antriebe\/Servoantriebe von SEW oder LENZE<\/li><\/ul><p data-start=\"347\" data-end=\"375\"><span style=\"text-decoration: underline;\"><strong data-start=\"347\" data-end=\"373\">Optionale Ausstattung:<\/strong><\/span><\/p><ul data-start=\"377\" data-end=\"570\"><li data-start=\"377\" data-end=\"420\">Vibrationssystem f\u00fcr den gef\u00fcllten Sack<\/li><li data-start=\"421\" data-end=\"442\">Sackaufblassystem<\/li><li data-start=\"443\" data-end=\"493\">Haltesystem f\u00fcr den Sack w\u00e4hrend des Bef\u00fcllens<\/li><li data-start=\"494\" data-end=\"525\">Zus\u00e4tzlicher Pufferf\u00f6rderer<\/li><li data-start=\"526\" data-end=\"570\">System zur Vorbereitung der Sackentnahme<\/li><\/ul><p data-start=\"572\" data-end=\"620\"><\/p>\t\t\t\t\t<\/div>\n\t\t\t\t\t\t<\/div>\n\t\t\t\t<\/div>\n\t\t\t\t\t\t<\/div>\n\t\t\t\t\t<\/div>\n\t\t<\/div>\n\t\t\t\t<div class=\"elementor-column elementor-col-100 elementor-top-column elementor-element elementor-element-fbf6109\" data-id=\"fbf6109\" data-element_type=\"column\">\n\t\t\t<div class=\"elementor-column-wrap elementor-element-populated\">\n\t\t\t\t\t\t\t<div class=\"elementor-widget-wrap\">\n\t\t\t\t\t\t<div class=\"elementor-element elementor-element-cc5fc1a elementor-widget elementor-widget-text-editor\" data-id=\"cc5fc1a\" data-element_type=\"widget\" data-widget_type=\"text-editor.default\">\n\t\t\t\t<div class=\"elementor-widget-container\">\n\t\t\t\t\t\t\t\t<div class=\"elementor-text-editor elementor-clearfix\">\n\t\t\t\t<p><br data-start=\"25\" data-end=\"28\" \/><span style=\"text-decoration: underline;\"><strong data-start=\"28\" data-end=\"66\">Grundlegende technische Parameter:<\/strong><\/span><\/p><ul data-start=\"70\" data-end=\"393\"><li data-start=\"70\" data-end=\"108\">Maximales Portionsgewicht: 1500 kg<\/li><li data-start=\"109\" data-end=\"146\">Minimales Portionsgewicht: 100 kg<\/li><li data-start=\"147\" data-end=\"241\">Linienleistung: ca. 30 t\/h (abh\u00e4ngig von Produkteigenschaften, Bediener und Portionsgr\u00f6\u00dfe)<\/li><li data-start=\"242\" data-end=\"291\">Sacktyp: Big-Bag-Einhaks\u00e4cke aus Polypropylen<\/li><li data-start=\"292\" data-end=\"326\">Stromversorgung: 3 x 400V 50Hz<\/li><li data-start=\"327\" data-end=\"357\">Leistungsbedarf: max. 5 kW<\/li><li data-start=\"358\" data-end=\"393\">Druckluftversorgung: 5 \u2013 10 bar<\/li><\/ul><p data-start=\"395\" data-end=\"440\"><\/p>\t\t\t\t\t<\/div>\n\t\t\t\t\t\t<\/div>\n\t\t\t\t<\/div>\n\t\t\t\t<div class=\"elementor-element elementor-element-db4d6d5 elementor-widget elementor-widget-image\" data-id=\"db4d6d5\" data-element_type=\"widget\" data-widget_type=\"image.default\">\n\t\t\t\t<div class=\"elementor-widget-container\">\n\t\t\t\t\t\t\t\t<div class=\"elementor-image\">\n\t\t\t\t\t\t\t\t\t\t\t\t<img width=\"525\" height=\"164\" src=\"https:\/\/drewmax.net.pl\/wp-content\/uploads\/2020\/10\/bigbag12.png\" class=\"attachment-large size-large\" alt=\"\" loading=\"lazy\" srcset=\"https:\/\/drewmax.net.pl\/wp-content\/uploads\/2020\/10\/bigbag12.png 525w, https:\/\/drewmax.net.pl\/wp-content\/uploads\/2020\/10\/bigbag12-300x94.png 300w\" sizes=\"(max-width: 525px) 100vw, 525px\" \/>\t\t\t\t\t\t\t\t\t\t\t\t\t\t<\/div>\n\t\t\t\t\t\t<\/div>\n\t\t\t\t<\/div>\n\t\t\t\t\t\t<\/div>\n\t\t\t\t\t<\/div>\n\t\t<\/div>\n\t\t\t\t\t\t\t\t<\/div>\n\t\t\t\t\t<\/div>\n\t\t<\/section>\n\t\t\t\t<section class=\"elementor-section elementor-top-section elementor-element elementor-element-262542c elementor-section-boxed elementor-section-height-default elementor-section-height-default\" data-id=\"262542c\" data-element_type=\"section\" data-settings=\"{&quot;background_background&quot;:&quot;classic&quot;}\">\n\t\t\t\t\t\t<div class=\"elementor-container elementor-column-gap-default\">\n\t\t\t\t\t\t\t<div class=\"elementor-row\">\n\t\t\t\t\t<div class=\"elementor-column elementor-col-100 elementor-top-column elementor-element elementor-element-31b3d50\" data-id=\"31b3d50\" data-element_type=\"column\">\n\t\t\t<div class=\"elementor-column-wrap elementor-element-populated\">\n\t\t\t\t\t\t\t<div class=\"elementor-widget-wrap\">\n\t\t\t\t\t\t<div class=\"elementor-element elementor-element-8ca63e4 elementor-align-center elementor-widget elementor-widget-button\" data-id=\"8ca63e4\" data-element_type=\"widget\" data-widget_type=\"button.default\">\n\t\t\t\t<div class=\"elementor-widget-container\">\n\t\t\t\t\t<div class=\"elementor-button-wrapper\">\n\t\t\t<a href=\"https:\/\/drewmax.net.pl\/wp-content\/uploads\/2025\/03\/Urzadzenia-sluzace-do-napelniania-workow-typu-Big-Bag_complet_de.pdf\" target=\"_blank\" class=\"elementor-button-link elementor-button elementor-size-lg\" role=\"button\">\n\t\t\t\t\t\t<span class=\"elementor-button-content-wrapper\">\n\t\t\t\t\t\t<span class=\"elementor-button-icon elementor-align-icon-left\">\n\t\t\t\t<i aria-hidden=\"true\" class=\"fas fa-file-download\"><\/i>\t\t\t<\/span>\n\t\t\t\t\t\t<span class=\"elementor-button-text\">Produktdatenblatt herunterladen<\/span>\n\t\t<\/span>\n\t\t\t\t\t<\/a>\n\t\t<\/div>\n\t\t\t\t<\/div>\n\t\t\t\t<\/div>\n\t\t\t\t<div class=\"elementor-element elementor-element-681a2b0 elementor-widget elementor-widget-spacer\" data-id=\"681a2b0\" data-element_type=\"widget\" data-widget_type=\"spacer.default\">\n\t\t\t\t<div class=\"elementor-widget-container\">\n\t\t\t\t\t<div class=\"elementor-spacer\">\n\t\t\t<div class=\"elementor-spacer-inner\"><\/div>\n\t\t<\/div>\n\t\t\t\t<\/div>\n\t\t\t\t<\/div>\n\t\t\t\t\t\t<\/div>\n\t\t\t\t\t<\/div>\n\t\t<\/div>\n\t\t\t\t\t\t\t\t<\/div>\n\t\t\t\t\t<\/div>\n\t\t<\/section>\n\t\t\t\t\t\t<\/div>\n\t\t\t\t\t\t<\/div>\n\t\t\t\t\t<\/div>\n\t\t","protected":false},"excerpt":{"rendered":"<p>Ger\u00e4t zum Bef\u00fcllen von Big-Bag-Einhaks\u00e4cken Das Angebot von Drewmax umfasst auch ein Ger\u00e4t zum Bef\u00fcllen von Big-Bag-Einhaks\u00e4cken mit einem Gewicht von 100-1500 kg. Die Einhaks\u00e4cke werden mithilfe speziell angepasster Dosierer und einer Netto-Waage bef\u00fcllt, die oberhalb der Bef\u00fcllstation angebracht ist. Die Bef\u00fclllinie in Kombination mit der Netto-Waage ist ein halbautomatisches Verpackungsger\u00e4t f\u00fcr Sch\u00fcttg\u00fcter, Granulate und&hellip;<\/p>\n","protected":false},"author":1,"featured_media":12245,"parent":0,"menu_order":0,"comment_status":"closed","ping_status":"closed","template":"","meta":[],"yoast_head":"<!-- This site is optimized with the Yoast SEO Premium plugin v15.5 - https:\/\/yoast.com\/wordpress\/plugins\/seo\/ -->\n<title>Wa\u017cenie Pakowanie Paletyzacja Automatyka przemys\u0142owa linie Bigbag<\/title>\n<meta name=\"description\" content=\"Wa\u017cenie Pakowanie Paletyzacja Automatyka przemys\u0142owa linie wa\u017c\u0105co - pakuj\u0105ce zbiorniki technologiczne mikrodozowanie linie PP PE Bigbag\" \/>\n<meta name=\"robots\" content=\"index, follow, max-snippet:-1, max-image-preview:large, max-video-preview:-1\" \/>\n<link rel=\"canonical\" href=\"https:\/\/drewmax.net.pl\/urzadzenie-sluzace-do-napelniania-workow-typu-big-bag-jednozaczepowych\/\" \/>\n<meta property=\"og:locale\" content=\"de_DE\" \/>\n<meta property=\"og:type\" content=\"article\" \/>\n<meta property=\"og:title\" content=\"Wa\u017cenie Pakowanie Paletyzacja Automatyka przemys\u0142owa linie Bigbag\" \/>\n<meta property=\"og:description\" content=\"Wa\u017cenie Pakowanie Paletyzacja Automatyka przemys\u0142owa linie wa\u017c\u0105co - pakuj\u0105ce zbiorniki technologiczne mikrodozowanie linie PP PE Bigbag\" \/>\n<meta property=\"og:url\" content=\"https:\/\/drewmax.net.pl\/urzadzenie-sluzace-do-napelniania-workow-typu-big-bag-jednozaczepowych\/\" \/>\n<meta property=\"og:site_name\" content=\"(Polski) Drewmax - Wa\u017cenie | Pakowanie | Paletyzacja | Automatyka\" \/>\n<meta property=\"article:publisher\" content=\"https:\/\/www.facebook.com\/Drewmax-111641623604429\/\" \/>\n<meta property=\"article:modified_time\" content=\"2025-04-03T12:39:43+00:00\" \/>\n<meta name=\"twitter:card\" content=\"summary_large_image\" \/>\n<meta name=\"twitter:label1\" content=\"Gesch\u00e4tzte Lesezeit\">\n\t<meta name=\"twitter:data1\" content=\"7\u00a0Minuten\">\n<script type=\"application\/ld+json\" class=\"yoast-schema-graph\">{\"@context\":\"https:\/\/schema.org\",\"@graph\":[{\"@type\":\"Organization\",\"@id\":\"https:\/\/drewmax.net.pl\/en\/#organization\",\"name\":\"DREWMAX Sp\\u00f3\\u0142ka z o.o.\",\"url\":\"https:\/\/drewmax.net.pl\/en\/\",\"sameAs\":[\"https:\/\/www.facebook.com\/Drewmax-111641623604429\/\",\"https:\/\/www.instagram.com\/drewmax.net.pl\/\",\"https:\/\/www.youtube.com\/channel\/UCCS8U5F8gSyJAlSWjxgbLRQ\"],\"logo\":{\"@type\":\"ImageObject\",\"@id\":\"https:\/\/drewmax.net.pl\/en\/#logo\",\"inLanguage\":\"de\",\"url\":\"\",\"caption\":\"DREWMAX Sp\\u00f3\\u0142ka z o.o.\"},\"image\":{\"@id\":\"https:\/\/drewmax.net.pl\/en\/#logo\"}},{\"@type\":\"WebSite\",\"@id\":\"https:\/\/drewmax.net.pl\/en\/#website\",\"url\":\"https:\/\/drewmax.net.pl\/en\/\",\"name\":\"(Polski) Drewmax - Wa\\u017cenie | Pakowanie | Paletyzacja | Automatyka\",\"description\":\"\",\"publisher\":{\"@id\":\"https:\/\/drewmax.net.pl\/en\/#organization\"},\"potentialAction\":[{\"@type\":\"SearchAction\",\"target\":\"https:\/\/drewmax.net.pl\/en\/?s={search_term_string}\",\"query-input\":\"required name=search_term_string\"}],\"inLanguage\":\"de\"},{\"@type\":\"ImageObject\",\"@id\":\"https:\/\/drewmax.net.pl\/urzadzenie-sluzace-do-napelniania-workow-typu-big-bag-jednozaczepowych\/#primaryimage\",\"inLanguage\":\"de\",\"url\":\"\"},{\"@type\":\"WebPage\",\"@id\":\"https:\/\/drewmax.net.pl\/urzadzenie-sluzace-do-napelniania-workow-typu-big-bag-jednozaczepowych\/#webpage\",\"url\":\"https:\/\/drewmax.net.pl\/urzadzenie-sluzace-do-napelniania-workow-typu-big-bag-jednozaczepowych\/\",\"name\":\"Wa\\u017cenie Pakowanie Paletyzacja Automatyka przemys\\u0142owa linie Bigbag\",\"isPartOf\":{\"@id\":\"https:\/\/drewmax.net.pl\/en\/#website\"},\"primaryImageOfPage\":{\"@id\":\"https:\/\/drewmax.net.pl\/urzadzenie-sluzace-do-napelniania-workow-typu-big-bag-jednozaczepowych\/#primaryimage\"},\"datePublished\":\"2016-07-21T11:28:31+00:00\",\"dateModified\":\"2025-04-03T12:39:43+00:00\",\"description\":\"Wa\\u017cenie Pakowanie Paletyzacja Automatyka przemys\\u0142owa linie wa\\u017c\\u0105co - pakuj\\u0105ce zbiorniki technologiczne mikrodozowanie linie PP PE Bigbag\",\"breadcrumb\":{\"@id\":\"https:\/\/drewmax.net.pl\/urzadzenie-sluzace-do-napelniania-workow-typu-big-bag-jednozaczepowych\/#breadcrumb\"},\"inLanguage\":\"de\",\"potentialAction\":[{\"@type\":\"ReadAction\",\"target\":[\"https:\/\/drewmax.net.pl\/urzadzenie-sluzace-do-napelniania-workow-typu-big-bag-jednozaczepowych\/\"]}]},{\"@type\":\"BreadcrumbList\",\"@id\":\"https:\/\/drewmax.net.pl\/urzadzenie-sluzace-do-napelniania-workow-typu-big-bag-jednozaczepowych\/#breadcrumb\",\"itemListElement\":[{\"@type\":\"ListItem\",\"position\":1,\"item\":{\"@type\":\"WebPage\",\"@id\":\"https:\/\/drewmax.net.pl\/\",\"url\":\"https:\/\/drewmax.net.pl\/\",\"name\":\"Home\"}},{\"@type\":\"ListItem\",\"position\":2,\"item\":{\"@type\":\"WebPage\",\"@id\":\"https:\/\/drewmax.net.pl\/urzadzenie-sluzace-do-napelniania-workow-typu-big-bag-jednozaczepowych\/\",\"url\":\"https:\/\/drewmax.net.pl\/urzadzenie-sluzace-do-napelniania-workow-typu-big-bag-jednozaczepowych\/\",\"name\":\"Urz\\u0105dzenie s\\u0142u\\u017c\\u0105ce do nape\\u0142niania work\\u00f3w typu Big-Bag \\u2013 jednozaczepowych\"}}]}]}<\/script>\n<!-- \/ Yoast SEO Premium plugin. -->","_links":{"self":[{"href":"https:\/\/drewmax.net.pl\/de\/wp-json\/wp\/v2\/pages\/166"}],"collection":[{"href":"https:\/\/drewmax.net.pl\/de\/wp-json\/wp\/v2\/pages"}],"about":[{"href":"https:\/\/drewmax.net.pl\/de\/wp-json\/wp\/v2\/types\/page"}],"author":[{"embeddable":true,"href":"https:\/\/drewmax.net.pl\/de\/wp-json\/wp\/v2\/users\/1"}],"replies":[{"embeddable":true,"href":"https:\/\/drewmax.net.pl\/de\/wp-json\/wp\/v2\/comments?post=166"}],"version-history":[{"count":70,"href":"https:\/\/drewmax.net.pl\/de\/wp-json\/wp\/v2\/pages\/166\/revisions"}],"predecessor-version":[{"id":32025,"href":"https:\/\/drewmax.net.pl\/de\/wp-json\/wp\/v2\/pages\/166\/revisions\/32025"}],"wp:featuredmedia":[{"embeddable":true,"href":"https:\/\/drewmax.net.pl\/de\/wp-json\/wp\/v2\/media\/12245"}],"wp:attachment":[{"href":"https:\/\/drewmax.net.pl\/de\/wp-json\/wp\/v2\/media?parent=166"}],"curies":[{"name":"wp","href":"https:\/\/api.w.org\/{rel}","templated":true}]}}