{"id":1359,"date":"2019-06-10T12:29:03","date_gmt":"2019-06-10T10:29:03","guid":{"rendered":"https:\/\/drewmax.net.pl\/?page_id=1359"},"modified":"2025-03-26T15:03:29","modified_gmt":"2025-03-26T14:03:29","slug":"regulamin","status":"publish","type":"page","link":"https:\/\/drewmax.net.pl\/de\/regulamin\/","title":{"rendered":"Bestimmungen zur Erbringung elektronischer Dienstleistungen zusammen mit der Cookie-Richtlinie"},"content":{"rendered":"\t\t<div data-elementor-type=\"wp-page\" data-elementor-id=\"1359\" class=\"elementor elementor-1359\" data-elementor-settings=\"[]\">\n\t\t\t\t\t\t<div class=\"elementor-inner\">\n\t\t\t\t\t\t\t<div class=\"elementor-section-wrap\">\n\t\t\t\t\t\t\t<section class=\"elementor-section elementor-top-section elementor-element elementor-element-e1d4d51 elementor-section-boxed elementor-section-height-default elementor-section-height-default\" data-id=\"e1d4d51\" data-element_type=\"section\" data-settings=\"{&quot;background_background&quot;:&quot;classic&quot;}\">\n\t\t\t\t\t\t<div class=\"elementor-container elementor-column-gap-default\">\n\t\t\t\t\t\t\t<div class=\"elementor-row\">\n\t\t\t\t\t<div class=\"elementor-column elementor-col-100 elementor-top-column elementor-element elementor-element-124ef09a\" data-id=\"124ef09a\" data-element_type=\"column\">\n\t\t\t<div class=\"elementor-column-wrap elementor-element-populated\">\n\t\t\t\t\t\t\t<div class=\"elementor-widget-wrap\">\n\t\t\t\t\t\t<div class=\"elementor-element elementor-element-2bbd4ecb elementor-widget elementor-widget-text-editor\" data-id=\"2bbd4ecb\" data-element_type=\"widget\" data-widget_type=\"text-editor.default\">\n\t\t\t\t<div class=\"elementor-widget-container\">\n\t\t\t\t\t\t\t\t<div class=\"elementor-text-editor elementor-clearfix\">\n\t\t\t\t\n<!-- wp:paragraph {\"align\":\"center\"} -->\n<p class=\"has-text-align-center\"><strong>\u00a7 1<br \/>Allgemeine Bestimmungen<\/strong><\/p>\n<!-- \/wp:paragraph -->\n\n<!-- wp:list {\"ordered\":true} -->\n<ol>\n<li>Diese Bestimmungen legen die Regeln fest, nach denen Nutzer die Website nutzen k\u00f6nnen.<\/li>\n<li>Die folgenden in diesen Bestimmungen verwendeten Begriffe haben die nachstehend genannten Bedeutungen:<\/li>\n<\/ol>\n<!-- \/wp:list -->\n<p style=\"padding-left: 80px;\">a) <strong>Cookies<\/strong> \u2013 sind IT-Daten, insbesondere kleine Textdateien, die auf den Ger\u00e4ten gespeichert und aufbewahrt werden, \u00fcber die der Nutzer auf die Website zugreift.<br \/>b) <strong>Eigene Cookies<\/strong> \u2013 sind Cookies, die von DREWMAX platziert werden und mit der Bereitstellung elektronischer Dienste \u00fcber die Website verbunden sind.<br \/>c) <strong>Externe Cookies<\/strong> \u2013 sind Cookies, die von Dritten \u00fcber die Website platziert werden.<br \/>d) <strong>DREWMAX<\/strong> \u2013 DREWMAX Sp\u00f3\u0142ka z ograniczon\u0105 odpowiedzialno\u015bci\u0105 mit Sitz in K\u0119dzierzyn Ko\u017ale (47-230), ul. Strzelecka 5, eingetragen im Unternehmerregister des KRS unter Nr. 0000160661, USt-IdNr. (NIP): 7490002138, REGON: 530619195, E-Mail: drewmax@drewmax.net.pl, Tel.: +48 77 481 01 22<br \/>e) <strong>Regulamin (Regelwerk)<\/strong> \u2013 diese Bestimmungen.<br \/>f) Website \u2013 eine unter www.drewmax.net.pl betriebene Internetseite, gef\u00fchrt von DREWMAX. Die Website enth\u00e4lt insbesondere Informationen \u00fcber das Team von DREWMAX, das Angebot an Waren und Dienstleistungen sowie Kontaktdaten.<br \/>g) <strong>Ger\u00e4t<\/strong> \u2013 bezeichnet ein elektronisches Ger\u00e4t, \u00fcber das der Nutzer auf die Website zugreift.<br \/>h) <strong>Nutzer<\/strong> \u2013 die Person, die die Website nutzt.<\/p>\n<!-- wp:paragraph {\"align\":\"center\"} -->\n<p class=\"has-text-align-center\"><strong>\u00a72<\/strong><br \/><strong>Elektronisch erbrachte Dienstleistungen<\/strong><\/p>\n<!-- \/wp:paragraph -->\n\n<!-- wp:list {\"ordered\":true} -->\n<ol>\n<li>DREWMAX stellt den Nutzern die M\u00f6glichkeit zur kostenlosen Nutzung einer elektronisch erbrachten Dienstleistung (im Sinne des Gesetzes vom 18. Juli 2002 \u00fcber die Erbringung elektronischer Dienstleistungen, Dz.U.2017.1219) zur Verf\u00fcgung, die darin besteht, den Inhalt der Website zug\u00e4nglich zu machen.<\/li>\n<li>Um diesen Dienst nutzen zu k\u00f6nnen, sollte der Nutzer \u00fcber ein Ger\u00e4t verf\u00fcgen, das eine Internetverbindung erm\u00f6glicht und \u00fcber ein Betriebssystem, eine Internetverbindung sowie die erforderliche Software (Webbrowser) verf\u00fcgt.<\/li>\n<li>Der Vertrag \u00fcber die Erbringung der Dienstleistung gem\u00e4\u00df \u00a72 Abs. 1 wird geschlossen, wenn der Nutzer \u00fcber ein Telekommunikationsnetz eine entsprechende, individuelle Anforderung zur Daten\u00fcbertragung stellt (was beim \u00d6ffnen der Website im Browser geschieht). Dieser Vertrag endet mit seiner vollst\u00e4ndigen Erf\u00fcllung (Schlie\u00dfen der Website).<\/li>\n<li>Der Nutzer verpflichtet sich, die Website nicht in einer Weise zu nutzen, die deren Funktion beeintr\u00e4chtigt, insbesondere durch die Verwendung sch\u00e4dlicher Software (Malware).<\/li>\n<li>Bei Unzufriedenheit mit dem Betrieb der Website kann der Nutzer eine Beschwerde per E-Mail an <a href=\"mailto:rodo@drewmax.net.pl\">rodo@drewmax.net.pl<\/a> einreichen. Der Nutzer wird innerhalb von 14 Tagen nach Eingang der Beschwerde bei DREWMAX an die E-Mail-Adresse, von der aus sie gesendet wurde, \u00fcber die Bearbeitung der Beschwerde informiert.<\/li>\n<\/ol>\n<!-- \/wp:list -->\n\n<!-- wp:paragraph {\"align\":\"center\"} -->\n<p class=\"has-text-align-center\"><strong>\u00a73<\/strong><br \/><strong>Cookie-Richtlinie<\/strong><\/p>\n<!-- \/wp:paragraph -->\n\n<!-- wp:list {\"ordered\":true} -->\n<ol>\n<li>DREWMAX speichert mithilfe von Cookies Informationen auf dem Ger\u00e4t des Nutzers oder greift auf bereits gespeicherte Informationen zu \u2013 gem\u00e4\u00df den unten stehenden Bestimmungen.<\/li>\n<li>DREWMAX verwendet folgende Arten von Cookies:<br \/>a) Session-Cookies: Sie werden auf dem Ger\u00e4t des Nutzers gespeichert und verbleiben dort, bis die Sitzung des Browsers beendet wird. Die gespeicherten Informationen werden dann dauerhaft aus dem Ger\u00e4tespeicher gel\u00f6scht.<br \/>b) Persistente Cookies: Sie werden auf dem Ger\u00e4t des Nutzers gespeichert und verbleiben dort, bis sie gel\u00f6scht werden. Das Beenden der Browsersitzung oder das Ausschalten des Ger\u00e4ts l\u00f6scht sie nicht.<\/li>\n<li>DREWMAX verwendet Eigene Cookies, um den Inhalt der Website an die Pr\u00e4ferenzen und Bed\u00fcrfnisse des Nutzers anzupassen, insbesondere unter Ber\u00fccksichtigung des Typs des Ger\u00e4ts, mit dem der Nutzer auf die Website zugreift.<\/li>\n<li>DREWMAX verwendet Externe Cookies, um zusammengefasste Statistiken und Analysen zu erstellen, die der \u00dcberwachung der Nutzung der Website durch die Nutzer dienen \u2013 dies erm\u00f6glicht eine bestm\u00f6gliche Anpassung an die Bed\u00fcrfnisse der Nutzer. Zu diesem Zweck nutzt DREWMAX den Dienst Google Analytics \u2013 beim \u00d6ffnen der Website werden Informationen \u00fcber die Herkunft der Nutzer, die auf Basis der IP-Adresse identifiziert werden, gelesen, geschrieben und an einen gesicherten Server von Google gesendet. Google Analytics sammelt keine privaten Daten. Ausf\u00fchrliche Informationen dazu finden Sie auf der Google-Website (<a href=\"https:\/\/policies.google.com\/technologies\/types?hl=pl\">https:\/\/policies.google.com\/technologies\/types?hl=pl<\/a>).<\/li>\n<li>Die Verwendung von Cookies durch DREWMAX f\u00fchrt nicht zu Konfigurations\u00e4nderungen am Ger\u00e4t des Nutzers oder an der darauf installierten Software.<\/li>\n<li>Der Nutzer kann den Zugriff von Cookies auf sein Ger\u00e4t in den Einstellungen seines Internetbrowsers oder durch die Konfiguration des Dienstes einschr\u00e4nken oder deaktivieren \u2013 insbesondere, um die automatische Verarbeitung von Cookies zu blockieren oder \u00fcber jedes Platzieren von Cookies auf dem Ger\u00e4t des Nutzers zu informieren. Ausf\u00fchrliche Informationen zu den M\u00f6glichkeiten und Methoden der Cookies-Verwaltung sind in den Einstellungen der Software (Internetbrowser) verf\u00fcgbar. Die erforderlichen Schritte k\u00f6nnen auf den Websites der Hersteller nachgelesen werden, z.B.:<\/li>\n<li>Der Nutzer kann Cookies jederzeit l\u00f6schen.<\/li>\n<li>Die Einschr\u00e4nkung oder das L\u00f6schen von Cookies kann sich auf einige der auf der Website verf\u00fcgbaren Funktionen auswirken.<\/li>\n<\/ol>\n<!-- \/wp:list -->\n\n<!-- wp:paragraph {\"align\":\"center\"} -->\n<p class=\"has-text-align-center\"><strong>\u00a74<\/strong><br \/><strong>Schlussbestimmungen<\/strong><\/p>\n<!-- \/wp:paragraph -->\n\n<!-- wp:list {\"ordered\":true} -->\n<ol>\n<li>Die Grunds\u00e4tze der Datenverarbeitung durch DREWMAX sind in der Datenschutzrichtlinie festgelegt, die im Rahmen der Website unter <a href=\"https:\/\/drewmax.net.pl\/polityka-prywatnosci\/\">https:\/\/drewmax.net.pl\/polityka-prywatnosci\/<\/a> verf\u00fcgbar ist.<\/li>\n<li>DREWMAX hat das Recht, die Bestimmungen dieser Richtlinie zu \u00e4ndern. Solche \u00c4nderungen beeintr\u00e4chtigen in keiner Weise die bereits erworbenen Rechte der Nutzer.<\/li>\n<\/ol>\n<!-- \/wp:list -->\n\n\n\t\t\t\t\t<\/div>\n\t\t\t\t\t\t<\/div>\n\t\t\t\t<\/div>\n\t\t\t\t\t\t<\/div>\n\t\t\t\t\t<\/div>\n\t\t<\/div>\n\t\t\t\t\t\t\t\t<\/div>\n\t\t\t\t\t<\/div>\n\t\t<\/section>\n\t\t\t\t\t\t<\/div>\n\t\t\t\t\t\t<\/div>\n\t\t\t\t\t<\/div>\n\t\t","protected":false},"excerpt":{"rendered":"<p class=\"qtranxs-available-languages-message qtranxs-available-languages-message-de\">Leider ist der Eintrag nur auf <a href=\"https:\/\/drewmax.net.pl\/it\/wp-json\/wp\/v2\/pages\/1359\" class=\"qtranxs-available-language-link qtranxs-available-language-link-it\" title=\"Italiano\">Italienisch<\/a> verf\u00fcgbar.<\/p>\n","protected":false},"author":1,"featured_media":0,"parent":0,"menu_order":0,"comment_status":"closed","ping_status":"closed","template":"","meta":[],"yoast_head":"<!-- This site is optimized with the Yoast SEO Premium plugin v15.5 - https:\/\/yoast.com\/wordpress\/plugins\/seo\/ -->\n<title>Bestimmungen zur Erbringung elektronischer Dienstleistungen zusammen mit der Cookie-Richtlinie - (Polski) Drewmax - Wa\u017cenie | Pakowanie | Paletyzacja | Automatyka<\/title>\n<meta name=\"robots\" content=\"index, follow, max-snippet:-1, max-image-preview:large, max-video-preview:-1\" \/>\n<link rel=\"canonical\" href=\"https:\/\/drewmax.net.pl\/regulamin\/\" \/>\n<meta property=\"og:locale\" content=\"de_DE\" \/>\n<meta property=\"og:type\" content=\"article\" \/>\n<meta property=\"og:title\" content=\"[:pl]Regulamin \u015bwiadczenia us\u0142ug drog\u0105 elektroniczn\u0105 wraz z polityk\u0105 cookies[:en]Regulations for the Provision of Electronic Services together with the Cookie Policy[:de]Bestimmungen zur Erbringung elektronischer Dienstleistungen zusammen mit der Cookie-Richtlinie[:ua]\u041f\u0440\u0430\u0432\u0438\u043b\u0430 \u043d\u0430\u0434\u0430\u043d\u043d\u044f \u043f\u043e\u0441\u043b\u0443\u0433 \u0432 \u0435\u043b\u0435\u043a\u0442\u0440\u043e\u043d\u043d\u043e\u043c\u0443 \u0432\u0438\u0433\u043b\u044f\u0434\u0456 \u0440\u0430\u0437\u043e\u043c \u0456\u0437 \u043f\u043e\u043b\u0456\u0442\u0438\u043a\u043e\u044e \u0432\u0438\u043a\u043e\u0440\u0438\u0441\u0442\u0430\u043d\u043d\u044f \u0444\u0430\u0439\u043b\u0456\u0432 cookie[:pt]Regulamento sobre a presta\u00e7\u00e3o de servi\u00e7os eletr\u00f4nicos, juntamente com a pol\u00edtica de cookies[:fr]R\u00e8glement relatif \u00e0 la prestation de services par voie \u00e9lectronique, accompagn\u00e9 de la politique en mati\u00e8re de cookies[:es]Reglamento sobre la prestaci\u00f3n de servicios por medios electr\u00f3nicos junto con la pol\u00edtica de cookies[:ru]\u0420\u0435\u0433\u043b\u0430\u043c\u0435\u043d\u0442 \u043e\u043a\u0430\u0437\u0430\u043d\u0438\u044f \u0443\u0441\u043b\u0443\u0433 \u0432 \u044d\u043b\u0435\u043a\u0442\u0440\u043e\u043d\u043d\u043e\u043c \u0432\u0438\u0434\u0435 \u0432\u043c\u0435\u0441\u0442\u0435 \u0441 \u043f\u043e\u043b\u0438\u0442\u0438\u043a\u043e\u0439 \u0438\u0441\u043f\u043e\u043b\u044c\u0437\u043e\u0432\u0430\u043d\u0438\u044f \u0444\u0430\u0439\u043b\u043e\u0432 cookie[:it]Regolamento sulla prestazione di servizi per via elettronica insieme alla politica sui cookie[:] - (Polski) Drewmax - Wa\u017cenie | Pakowanie | Paletyzacja | Automatyka\" \/>\n<meta property=\"og:description\" content=\"[:it]   [:]\" \/>\n<meta property=\"og:url\" content=\"https:\/\/drewmax.net.pl\/regulamin\/\" \/>\n<meta property=\"og:site_name\" content=\"(Polski) Drewmax - Wa\u017cenie | Pakowanie | Paletyzacja | Automatyka\" \/>\n<meta property=\"article:publisher\" content=\"https:\/\/www.facebook.com\/Drewmax-111641623604429\/\" \/>\n<meta property=\"article:modified_time\" content=\"2025-03-26T14:03:29+00:00\" \/>\n<meta name=\"twitter:card\" content=\"summary_large_image\" \/>\n<meta name=\"twitter:label1\" content=\"Gesch\u00e4tzte Lesezeit\">\n\t<meta name=\"twitter:data1\" content=\"25\u00a0Minuten\">\n<script type=\"application\/ld+json\" class=\"yoast-schema-graph\">{\"@context\":\"https:\/\/schema.org\",\"@graph\":[{\"@type\":\"Organization\",\"@id\":\"https:\/\/drewmax.net.pl\/en\/#organization\",\"name\":\"DREWMAX Sp\\u00f3\\u0142ka z o.o.\",\"url\":\"https:\/\/drewmax.net.pl\/en\/\",\"sameAs\":[\"https:\/\/www.facebook.com\/Drewmax-111641623604429\/\",\"https:\/\/www.instagram.com\/drewmax.net.pl\/\",\"https:\/\/www.youtube.com\/channel\/UCCS8U5F8gSyJAlSWjxgbLRQ\"],\"logo\":{\"@type\":\"ImageObject\",\"@id\":\"https:\/\/drewmax.net.pl\/en\/#logo\",\"inLanguage\":\"de\",\"url\":\"\",\"caption\":\"DREWMAX Sp\\u00f3\\u0142ka z o.o.\"},\"image\":{\"@id\":\"https:\/\/drewmax.net.pl\/en\/#logo\"}},{\"@type\":\"WebSite\",\"@id\":\"https:\/\/drewmax.net.pl\/en\/#website\",\"url\":\"https:\/\/drewmax.net.pl\/en\/\",\"name\":\"(Polski) Drewmax - Wa\\u017cenie | Pakowanie | Paletyzacja | Automatyka\",\"description\":\"\",\"publisher\":{\"@id\":\"https:\/\/drewmax.net.pl\/en\/#organization\"},\"potentialAction\":[{\"@type\":\"SearchAction\",\"target\":\"https:\/\/drewmax.net.pl\/en\/?s={search_term_string}\",\"query-input\":\"required name=search_term_string\"}],\"inLanguage\":\"de\"},{\"@type\":\"WebPage\",\"@id\":\"https:\/\/drewmax.net.pl\/regulamin\/#webpage\",\"url\":\"https:\/\/drewmax.net.pl\/regulamin\/\",\"name\":\"[:pl]Regulamin \\u015bwiadczenia us\\u0142ug drog\\u0105 elektroniczn\\u0105 wraz z polityk\\u0105 cookies[:en]Regulations for the Provision of Electronic Services together with the Cookie Policy[:de]Bestimmungen zur Erbringung elektronischer Dienstleistungen zusammen mit der Cookie-Richtlinie[:ua]\\u041f\\u0440\\u0430\\u0432\\u0438\\u043b\\u0430 \\u043d\\u0430\\u0434\\u0430\\u043d\\u043d\\u044f \\u043f\\u043e\\u0441\\u043b\\u0443\\u0433 \\u0432 \\u0435\\u043b\\u0435\\u043a\\u0442\\u0440\\u043e\\u043d\\u043d\\u043e\\u043c\\u0443 \\u0432\\u0438\\u0433\\u043b\\u044f\\u0434\\u0456 \\u0440\\u0430\\u0437\\u043e\\u043c \\u0456\\u0437 \\u043f\\u043e\\u043b\\u0456\\u0442\\u0438\\u043a\\u043e\\u044e \\u0432\\u0438\\u043a\\u043e\\u0440\\u0438\\u0441\\u0442\\u0430\\u043d\\u043d\\u044f \\u0444\\u0430\\u0439\\u043b\\u0456\\u0432 cookie[:pt]Regulamento sobre a presta\\u00e7\\u00e3o de servi\\u00e7os eletr\\u00f4nicos, juntamente com a pol\\u00edtica de cookies[:fr]R\\u00e8glement relatif \\u00e0 la prestation de services par voie \\u00e9lectronique, accompagn\\u00e9 de la politique en mati\\u00e8re de cookies[:es]Reglamento sobre la prestaci\\u00f3n de servicios por medios electr\\u00f3nicos junto con la pol\\u00edtica de cookies[:ru]\\u0420\\u0435\\u0433\\u043b\\u0430\\u043c\\u0435\\u043d\\u0442 \\u043e\\u043a\\u0430\\u0437\\u0430\\u043d\\u0438\\u044f \\u0443\\u0441\\u043b\\u0443\\u0433 \\u0432 \\u044d\\u043b\\u0435\\u043a\\u0442\\u0440\\u043e\\u043d\\u043d\\u043e\\u043c \\u0432\\u0438\\u0434\\u0435 \\u0432\\u043c\\u0435\\u0441\\u0442\\u0435 \\u0441 \\u043f\\u043e\\u043b\\u0438\\u0442\\u0438\\u043a\\u043e\\u0439 \\u0438\\u0441\\u043f\\u043e\\u043b\\u044c\\u0437\\u043e\\u0432\\u0430\\u043d\\u0438\\u044f \\u0444\\u0430\\u0439\\u043b\\u043e\\u0432 cookie[:it]Regolamento sulla prestazione di servizi per via elettronica insieme alla politica sui cookie[:] - (Polski) Drewmax - Wa\\u017cenie | Pakowanie | Paletyzacja | Automatyka\",\"isPartOf\":{\"@id\":\"https:\/\/drewmax.net.pl\/en\/#website\"},\"datePublished\":\"2019-06-10T10:29:03+00:00\",\"dateModified\":\"2025-03-26T14:03:29+00:00\",\"breadcrumb\":{\"@id\":\"https:\/\/drewmax.net.pl\/regulamin\/#breadcrumb\"},\"inLanguage\":\"de\",\"potentialAction\":[{\"@type\":\"ReadAction\",\"target\":[\"https:\/\/drewmax.net.pl\/regulamin\/\"]}]},{\"@type\":\"BreadcrumbList\",\"@id\":\"https:\/\/drewmax.net.pl\/regulamin\/#breadcrumb\",\"itemListElement\":[{\"@type\":\"ListItem\",\"position\":1,\"item\":{\"@type\":\"WebPage\",\"@id\":\"https:\/\/drewmax.net.pl\/\",\"url\":\"https:\/\/drewmax.net.pl\/\",\"name\":\"Home\"}},{\"@type\":\"ListItem\",\"position\":2,\"item\":{\"@type\":\"WebPage\",\"@id\":\"https:\/\/drewmax.net.pl\/regulamin\/\",\"url\":\"https:\/\/drewmax.net.pl\/regulamin\/\",\"name\":\"Regulations for the Provision of Electronic Services together with the Cookie Policy\"}}]}]}<\/script>\n<!-- \/ Yoast SEO Premium plugin. -->","_links":{"self":[{"href":"https:\/\/drewmax.net.pl\/de\/wp-json\/wp\/v2\/pages\/1359"}],"collection":[{"href":"https:\/\/drewmax.net.pl\/de\/wp-json\/wp\/v2\/pages"}],"about":[{"href":"https:\/\/drewmax.net.pl\/de\/wp-json\/wp\/v2\/types\/page"}],"author":[{"embeddable":true,"href":"https:\/\/drewmax.net.pl\/de\/wp-json\/wp\/v2\/users\/1"}],"replies":[{"embeddable":true,"href":"https:\/\/drewmax.net.pl\/de\/wp-json\/wp\/v2\/comments?post=1359"}],"version-history":[{"count":14,"href":"https:\/\/drewmax.net.pl\/de\/wp-json\/wp\/v2\/pages\/1359\/revisions"}],"predecessor-version":[{"id":31572,"href":"https:\/\/drewmax.net.pl\/de\/wp-json\/wp\/v2\/pages\/1359\/revisions\/31572"}],"wp:attachment":[{"href":"https:\/\/drewmax.net.pl\/de\/wp-json\/wp\/v2\/media?parent=1359"}],"curies":[{"name":"wp","href":"https:\/\/api.w.org\/{rel}","templated":true}]}}