{"id":129,"date":"2016-07-21T12:00:55","date_gmt":"2016-07-21T10:00:55","guid":{"rendered":"http:\/\/drewmax.net.pl\/?page_id=129"},"modified":"2025-04-04T07:26:40","modified_gmt":"2025-04-04T05:26:40","slug":"linie-technologiczne","status":"publish","type":"page","link":"https:\/\/drewmax.net.pl\/de\/linie-technologiczne\/","title":{"rendered":"Linie technologiczne"},"content":{"rendered":"\t\t<div data-elementor-type=\"wp-post\" data-elementor-id=\"129\" class=\"elementor elementor-129\" data-elementor-settings=\"[]\">\n\t\t\t\t\t\t<div class=\"elementor-inner\">\n\t\t\t\t\t\t\t<div class=\"elementor-section-wrap\">\n\t\t\t\t\t\t\t<section class=\"elementor-section elementor-top-section elementor-element elementor-element-1e81510 elementor-section-boxed elementor-section-height-default elementor-section-height-default\" data-id=\"1e81510\" data-element_type=\"section\" data-settings=\"{&quot;background_background&quot;:&quot;classic&quot;}\">\n\t\t\t\t\t\t<div class=\"elementor-container elementor-column-gap-default\">\n\t\t\t\t\t\t\t<div class=\"elementor-row\">\n\t\t\t\t\t<div class=\"elementor-column elementor-col-100 elementor-top-column elementor-element elementor-element-593f3d6\" data-id=\"593f3d6\" data-element_type=\"column\">\n\t\t\t<div class=\"elementor-column-wrap elementor-element-populated\">\n\t\t\t\t\t\t\t<div class=\"elementor-widget-wrap\">\n\t\t\t\t\t\t<div class=\"elementor-element elementor-element-f2fe456 elementor-widget elementor-widget-heading\" data-id=\"f2fe456\" data-element_type=\"widget\" data-widget_type=\"heading.default\">\n\t\t\t\t<div class=\"elementor-widget-container\">\n\t\t\t<h2 class=\"elementor-heading-title elementor-size-xl\">Technologische Anlagen\n<\/h2>\t\t<\/div>\n\t\t\t\t<\/div>\n\t\t\t\t\t\t<\/div>\n\t\t\t\t\t<\/div>\n\t\t<\/div>\n\t\t\t\t\t\t\t\t<\/div>\n\t\t\t\t\t<\/div>\n\t\t<\/section>\n\t\t\t\t<section class=\"elementor-section elementor-top-section elementor-element elementor-element-03f097c elementor-section-boxed elementor-section-height-default elementor-section-height-default\" data-id=\"03f097c\" data-element_type=\"section\" data-settings=\"{&quot;background_background&quot;:&quot;classic&quot;}\">\n\t\t\t\t\t\t<div class=\"elementor-container elementor-column-gap-default\">\n\t\t\t\t\t\t\t<div class=\"elementor-row\">\n\t\t\t\t\t<div class=\"elementor-column elementor-col-50 elementor-top-column elementor-element elementor-element-3cdc82f\" data-id=\"3cdc82f\" data-element_type=\"column\">\n\t\t\t<div class=\"elementor-column-wrap elementor-element-populated\">\n\t\t\t\t\t\t\t<div class=\"elementor-widget-wrap\">\n\t\t\t\t\t\t<div class=\"elementor-element elementor-element-2552c1f elementor-widget elementor-widget-text-editor\" data-id=\"2552c1f\" data-element_type=\"widget\" data-widget_type=\"text-editor.default\">\n\t\t\t\t<div class=\"elementor-widget-container\">\n\t\t\t\t\t\t\t\t<div class=\"elementor-text-editor elementor-clearfix\">\n\t\t\t\t<p><br data-start=\"40\" data-end=\"43\" \/>Das Wissen, das wir im Bereich des Designs und der Produktion besitzen, hat uns dazu veranlasst, unser Gesch\u00e4ft um eine neue Abteilung zu erweitern, die sich mit dem umfassenden Bau und der Ausstattung von Produktionsst\u00e4tten besch\u00e4ftigt. Unser Unternehmen liefert technologischen Anlagen f\u00fcr viele Branchen, darunter: Lebensmittel-, Chemie-, Bau- und Verarbeitungsindustrie.<\/p><p data-start=\"419\" data-end=\"791\">Dar\u00fcber hinaus erm\u00f6glicht uns unsere Erfahrung im Bereich der industriellen Automatisierung, alle Ger\u00e4te zu einem integrierten System zusammenzuf\u00fchren. Unser Unternehmen besch\u00e4ftigt mehr als 150 Mitarbeiter und arbeitet eng mit Montage- und Produktionsfirmen zusammen, was unsere Effizienz erheblich steigert und uns erm\u00f6glicht, noch gr\u00f6\u00dfere Herausforderungen zu meistern.<\/p><p data-start=\"793\" data-end=\"1209\"><\/p>\t\t\t\t\t<\/div>\n\t\t\t\t\t\t<\/div>\n\t\t\t\t<\/div>\n\t\t\t\t\t\t<\/div>\n\t\t\t\t\t<\/div>\n\t\t<\/div>\n\t\t\t\t<div class=\"elementor-column elementor-col-50 elementor-top-column elementor-element elementor-element-d9b3d4a\" data-id=\"d9b3d4a\" data-element_type=\"column\">\n\t\t\t<div class=\"elementor-column-wrap elementor-element-populated\">\n\t\t\t\t\t\t\t<div class=\"elementor-widget-wrap\">\n\t\t\t\t\t\t<div class=\"elementor-element elementor-element-b484db2 elementor-widget elementor-widget-image\" data-id=\"b484db2\" data-element_type=\"widget\" data-widget_type=\"image.default\">\n\t\t\t\t<div class=\"elementor-widget-container\">\n\t\t\t\t\t\t\t\t<div class=\"elementor-image\">\n\t\t\t\t\t\t\t\t\t\t\t\t<img width=\"717\" height=\"749\" src=\"https:\/\/drewmax.net.pl\/wp-content\/uploads\/2020\/10\/linie2.png\" class=\"attachment-large size-large\" alt=\"\" loading=\"lazy\" srcset=\"https:\/\/drewmax.net.pl\/wp-content\/uploads\/2020\/10\/linie2.png 717w, https:\/\/drewmax.net.pl\/wp-content\/uploads\/2020\/10\/linie2-287x300.png 287w\" sizes=\"(max-width: 717px) 100vw, 717px\" \/>\t\t\t\t\t\t\t\t\t\t\t\t\t\t<\/div>\n\t\t\t\t\t\t<\/div>\n\t\t\t\t<\/div>\n\t\t\t\t\t\t<\/div>\n\t\t\t\t\t<\/div>\n\t\t<\/div>\n\t\t\t\t\t\t\t\t<\/div>\n\t\t\t\t\t<\/div>\n\t\t<\/section>\n\t\t\t\t<section class=\"elementor-section elementor-top-section elementor-element elementor-element-624565b elementor-section-boxed elementor-section-height-default elementor-section-height-default\" data-id=\"624565b\" data-element_type=\"section\" data-settings=\"{&quot;background_background&quot;:&quot;classic&quot;}\">\n\t\t\t\t\t\t<div class=\"elementor-container elementor-column-gap-default\">\n\t\t\t\t\t\t\t<div class=\"elementor-row\">\n\t\t\t\t\t<div class=\"elementor-column elementor-col-50 elementor-top-column elementor-element elementor-element-5e927f9\" data-id=\"5e927f9\" data-element_type=\"column\">\n\t\t\t<div class=\"elementor-column-wrap elementor-element-populated\">\n\t\t\t\t\t\t\t<div class=\"elementor-widget-wrap\">\n\t\t\t\t\t\t<div class=\"elementor-element elementor-element-aa7e5a5 elementor-widget elementor-widget-image\" data-id=\"aa7e5a5\" data-element_type=\"widget\" data-widget_type=\"image.default\">\n\t\t\t\t<div class=\"elementor-widget-container\">\n\t\t\t\t\t\t\t\t<div class=\"elementor-image\">\n\t\t\t\t\t\t\t\t\t\t\t\t<img width=\"681\" height=\"480\" src=\"https:\/\/drewmax.net.pl\/wp-content\/uploads\/2020\/10\/linie3-1.png\" class=\"attachment-large size-large\" alt=\"\" loading=\"lazy\" srcset=\"https:\/\/drewmax.net.pl\/wp-content\/uploads\/2020\/10\/linie3-1.png 681w, https:\/\/drewmax.net.pl\/wp-content\/uploads\/2020\/10\/linie3-1-300x211.png 300w\" sizes=\"(max-width: 681px) 100vw, 681px\" \/>\t\t\t\t\t\t\t\t\t\t\t\t\t\t<\/div>\n\t\t\t\t\t\t<\/div>\n\t\t\t\t<\/div>\n\t\t\t\t\t\t<\/div>\n\t\t\t\t\t<\/div>\n\t\t<\/div>\n\t\t\t\t<div class=\"elementor-column elementor-col-50 elementor-top-column elementor-element elementor-element-e73b041\" data-id=\"e73b041\" data-element_type=\"column\">\n\t\t\t<div class=\"elementor-column-wrap elementor-element-populated\">\n\t\t\t\t\t\t\t<div class=\"elementor-widget-wrap\">\n\t\t\t\t\t\t<div class=\"elementor-element elementor-element-9ac51ca elementor-widget elementor-widget-text-editor\" data-id=\"9ac51ca\" data-element_type=\"widget\" data-widget_type=\"text-editor.default\">\n\t\t\t\t<div class=\"elementor-widget-container\">\n\t\t\t\t\t\t\t\t<div class=\"elementor-text-editor elementor-clearfix\">\n\t\t\t\t<p><br data-start=\"40\" data-end=\"43\" \/><em>Wir bieten unsere Dienstleistungen in den folgenden Bereichen an:<\/em><\/p><ul data-start=\"111\" data-end=\"260\"><li data-start=\"111\" data-end=\"154\">Hilfe bei der Entwicklung von Konzepten<\/li><li data-start=\"155\" data-end=\"182\">Technologische Schemata<\/li><li data-start=\"183\" data-end=\"202\">Anlagenprojekte<\/li><li data-start=\"203\" data-end=\"223\">Ger\u00e4teproduktion<\/li><li data-start=\"224\" data-end=\"235\">Montage<\/li><li data-start=\"236\" data-end=\"248\">Aufsicht<\/li><li data-start=\"249\" data-end=\"260\">Service<\/li><\/ul><p data-start=\"262\" data-end=\"345\"><\/p>\t\t\t\t\t<\/div>\n\t\t\t\t\t\t<\/div>\n\t\t\t\t<\/div>\n\t\t\t\t\t\t<\/div>\n\t\t\t\t\t<\/div>\n\t\t<\/div>\n\t\t\t\t\t\t\t\t<\/div>\n\t\t\t\t\t<\/div>\n\t\t<\/section>\n\t\t\t\t<section class=\"elementor-section elementor-top-section elementor-element elementor-element-12d3db4 elementor-section-full_width elementor-section-height-default elementor-section-height-default\" data-id=\"12d3db4\" data-element_type=\"section\">\n\t\t\t\t\t\t<div class=\"elementor-container elementor-column-gap-default\">\n\t\t\t\t\t\t\t<div class=\"elementor-row\">\n\t\t\t\t\t<div class=\"elementor-column elementor-col-100 elementor-top-column elementor-element elementor-element-4e26748\" data-id=\"4e26748\" data-element_type=\"column\" data-settings=\"{&quot;background_background&quot;:&quot;classic&quot;}\">\n\t\t\t<div class=\"elementor-column-wrap elementor-element-populated\">\n\t\t\t\t\t\t\t<div class=\"elementor-widget-wrap\">\n\t\t\t\t\t\t<div class=\"elementor-element elementor-element-157ecc9 elementor-align-center elementor-widget elementor-widget-button\" data-id=\"157ecc9\" data-element_type=\"widget\" data-widget_type=\"button.default\">\n\t\t\t\t<div class=\"elementor-widget-container\">\n\t\t\t\t\t<div class=\"elementor-button-wrapper\">\n\t\t\t<a href=\"https:\/\/drewmax.net.pl\/wp-content\/uploads\/2025\/03\/Linie-technologiczne_complet_de.pdf\" target=\"_blank\" class=\"elementor-button-link elementor-button elementor-size-lg\" role=\"button\">\n\t\t\t\t\t\t<span class=\"elementor-button-content-wrapper\">\n\t\t\t\t\t\t<span class=\"elementor-button-icon elementor-align-icon-right\">\n\t\t\t\t<i aria-hidden=\"true\" class=\"fas fa-download\"><\/i>\t\t\t<\/span>\n\t\t\t\t\t\t<span class=\"elementor-button-text\">  Produktdatenblatt herunterladen<\/span>\n\t\t<\/span>\n\t\t\t\t\t<\/a>\n\t\t<\/div>\n\t\t\t\t<\/div>\n\t\t\t\t<\/div>\n\t\t\t\t\t\t<\/div>\n\t\t\t\t\t<\/div>\n\t\t<\/div>\n\t\t\t\t\t\t\t\t<\/div>\n\t\t\t\t\t<\/div>\n\t\t<\/section>\n\t\t\t\t<section class=\"elementor-section elementor-top-section elementor-element elementor-element-89f4357 elementor-section-boxed elementor-section-height-default elementor-section-height-default\" data-id=\"89f4357\" data-element_type=\"section\">\n\t\t\t\t\t\t<div class=\"elementor-container elementor-column-gap-default\">\n\t\t\t\t\t\t\t<div class=\"elementor-row\">\n\t\t\t\t\t<div class=\"elementor-column elementor-col-100 elementor-top-column elementor-element elementor-element-a8e0830\" data-id=\"a8e0830\" data-element_type=\"column\">\n\t\t\t<div class=\"elementor-column-wrap\">\n\t\t\t\t\t\t\t<div class=\"elementor-widget-wrap\">\n\t\t\t\t\t\t\t\t<\/div>\n\t\t\t\t\t<\/div>\n\t\t<\/div>\n\t\t\t\t\t\t\t\t<\/div>\n\t\t\t\t\t<\/div>\n\t\t<\/section>\n\t\t\t\t\t\t<\/div>\n\t\t\t\t\t\t<\/div>\n\t\t\t\t\t<\/div>\n\t\t","protected":false},"excerpt":{"rendered":"<p>Technologische Anlagen Das Wissen, das wir im Bereich des Designs und der Produktion besitzen, hat uns dazu veranlasst, unser Gesch\u00e4ft um eine neue Abteilung zu erweitern, die sich mit dem umfassenden Bau und der Ausstattung von Produktionsst\u00e4tten besch\u00e4ftigt. Unser Unternehmen liefert technologischen Anlagen f\u00fcr viele Branchen, darunter: Lebensmittel-, Chemie-, Bau- und Verarbeitungsindustrie. Dar\u00fcber hinaus erm\u00f6glicht&hellip;<\/p>\n","protected":false},"author":1,"featured_media":12267,"parent":0,"menu_order":0,"comment_status":"closed","ping_status":"closed","template":"","meta":[],"yoast_head":"<!-- This site is optimized with the Yoast SEO Premium plugin v15.5 - https:\/\/yoast.com\/wordpress\/plugins\/seo\/ -->\n<title>Wa\u017cenie Pakowanie Paletyzacja Automatyka przemys\u0142owa bigbag linia<\/title>\n<meta name=\"description\" content=\"Wa\u017cenie Pakowanie Paletyzacja Automatyka przemys\u0142owa bigbag linie wa\u017c\u0105co - pakuj\u0105ce zbiorniki technologiczne mikrodozowanie linie PP PE\" \/>\n<meta name=\"robots\" content=\"index, follow, max-snippet:-1, max-image-preview:large, max-video-preview:-1\" \/>\n<link rel=\"canonical\" href=\"https:\/\/drewmax.net.pl\/linie-technologiczne\/\" \/>\n<meta property=\"og:locale\" content=\"de_DE\" \/>\n<meta property=\"og:type\" content=\"article\" \/>\n<meta property=\"og:title\" content=\"Wa\u017cenie Pakowanie Paletyzacja Automatyka przemys\u0142owa bigbag linia\" \/>\n<meta property=\"og:description\" content=\"Wa\u017cenie Pakowanie Paletyzacja Automatyka przemys\u0142owa bigbag linie wa\u017c\u0105co - pakuj\u0105ce zbiorniki technologiczne mikrodozowanie linie PP PE\" \/>\n<meta property=\"og:url\" content=\"https:\/\/drewmax.net.pl\/linie-technologiczne\/\" \/>\n<meta property=\"og:site_name\" content=\"(Polski) Drewmax - Wa\u017cenie | Pakowanie | Paletyzacja | Automatyka\" \/>\n<meta property=\"article:publisher\" content=\"https:\/\/www.facebook.com\/Drewmax-111641623604429\/\" \/>\n<meta property=\"article:modified_time\" content=\"2025-04-04T05:26:40+00:00\" \/>\n<meta name=\"twitter:card\" content=\"summary_large_image\" \/>\n<meta name=\"twitter:label1\" content=\"Gesch\u00e4tzte Lesezeit\">\n\t<meta name=\"twitter:data1\" content=\"4\u00a0Minuten\">\n<script type=\"application\/ld+json\" class=\"yoast-schema-graph\">{\"@context\":\"https:\/\/schema.org\",\"@graph\":[{\"@type\":\"Organization\",\"@id\":\"https:\/\/drewmax.net.pl\/en\/#organization\",\"name\":\"DREWMAX Sp\\u00f3\\u0142ka z o.o.\",\"url\":\"https:\/\/drewmax.net.pl\/en\/\",\"sameAs\":[\"https:\/\/www.facebook.com\/Drewmax-111641623604429\/\",\"https:\/\/www.instagram.com\/drewmax.net.pl\/\",\"https:\/\/www.youtube.com\/channel\/UCCS8U5F8gSyJAlSWjxgbLRQ\"],\"logo\":{\"@type\":\"ImageObject\",\"@id\":\"https:\/\/drewmax.net.pl\/en\/#logo\",\"inLanguage\":\"de\",\"url\":\"\",\"caption\":\"DREWMAX Sp\\u00f3\\u0142ka z o.o.\"},\"image\":{\"@id\":\"https:\/\/drewmax.net.pl\/en\/#logo\"}},{\"@type\":\"WebSite\",\"@id\":\"https:\/\/drewmax.net.pl\/en\/#website\",\"url\":\"https:\/\/drewmax.net.pl\/en\/\",\"name\":\"(Polski) Drewmax - Wa\\u017cenie | Pakowanie | Paletyzacja | Automatyka\",\"description\":\"\",\"publisher\":{\"@id\":\"https:\/\/drewmax.net.pl\/en\/#organization\"},\"potentialAction\":[{\"@type\":\"SearchAction\",\"target\":\"https:\/\/drewmax.net.pl\/en\/?s={search_term_string}\",\"query-input\":\"required name=search_term_string\"}],\"inLanguage\":\"de\"},{\"@type\":\"ImageObject\",\"@id\":\"https:\/\/drewmax.net.pl\/linie-technologiczne\/#primaryimage\",\"inLanguage\":\"de\",\"url\":\"\"},{\"@type\":\"WebPage\",\"@id\":\"https:\/\/drewmax.net.pl\/linie-technologiczne\/#webpage\",\"url\":\"https:\/\/drewmax.net.pl\/linie-technologiczne\/\",\"name\":\"Wa\\u017cenie Pakowanie Paletyzacja Automatyka przemys\\u0142owa bigbag linia\",\"isPartOf\":{\"@id\":\"https:\/\/drewmax.net.pl\/en\/#website\"},\"primaryImageOfPage\":{\"@id\":\"https:\/\/drewmax.net.pl\/linie-technologiczne\/#primaryimage\"},\"datePublished\":\"2016-07-21T10:00:55+00:00\",\"dateModified\":\"2025-04-04T05:26:40+00:00\",\"description\":\"Wa\\u017cenie Pakowanie Paletyzacja Automatyka przemys\\u0142owa bigbag linie wa\\u017c\\u0105co - pakuj\\u0105ce zbiorniki technologiczne mikrodozowanie linie PP PE\",\"breadcrumb\":{\"@id\":\"https:\/\/drewmax.net.pl\/linie-technologiczne\/#breadcrumb\"},\"inLanguage\":\"de\",\"potentialAction\":[{\"@type\":\"ReadAction\",\"target\":[\"https:\/\/drewmax.net.pl\/linie-technologiczne\/\"]}]},{\"@type\":\"BreadcrumbList\",\"@id\":\"https:\/\/drewmax.net.pl\/linie-technologiczne\/#breadcrumb\",\"itemListElement\":[{\"@type\":\"ListItem\",\"position\":1,\"item\":{\"@type\":\"WebPage\",\"@id\":\"https:\/\/drewmax.net.pl\/\",\"url\":\"https:\/\/drewmax.net.pl\/\",\"name\":\"Home\"}},{\"@type\":\"ListItem\",\"position\":2,\"item\":{\"@type\":\"WebPage\",\"@id\":\"https:\/\/drewmax.net.pl\/linie-technologiczne\/\",\"url\":\"https:\/\/drewmax.net.pl\/linie-technologiczne\/\",\"name\":\"Linie technologiczne\"}}]}]}<\/script>\n<!-- \/ Yoast SEO Premium plugin. -->","_links":{"self":[{"href":"https:\/\/drewmax.net.pl\/de\/wp-json\/wp\/v2\/pages\/129"}],"collection":[{"href":"https:\/\/drewmax.net.pl\/de\/wp-json\/wp\/v2\/pages"}],"about":[{"href":"https:\/\/drewmax.net.pl\/de\/wp-json\/wp\/v2\/types\/page"}],"author":[{"embeddable":true,"href":"https:\/\/drewmax.net.pl\/de\/wp-json\/wp\/v2\/users\/1"}],"replies":[{"embeddable":true,"href":"https:\/\/drewmax.net.pl\/de\/wp-json\/wp\/v2\/comments?post=129"}],"version-history":[{"count":58,"href":"https:\/\/drewmax.net.pl\/de\/wp-json\/wp\/v2\/pages\/129\/revisions"}],"predecessor-version":[{"id":32037,"href":"https:\/\/drewmax.net.pl\/de\/wp-json\/wp\/v2\/pages\/129\/revisions\/32037"}],"wp:featuredmedia":[{"embeddable":true,"href":"https:\/\/drewmax.net.pl\/de\/wp-json\/wp\/v2\/media\/12267"}],"wp:attachment":[{"href":"https:\/\/drewmax.net.pl\/de\/wp-json\/wp\/v2\/media?parent=129"}],"curies":[{"name":"wp","href":"https:\/\/api.w.org\/{rel}","templated":true}]}}