{"id":12532,"date":"2019-07-11T10:10:10","date_gmt":"2019-07-11T08:10:10","guid":{"rendered":"http:\/\/127.0.0.1\/drewmax-new\/?page_id=12521"},"modified":"2025-03-25T13:05:40","modified_gmt":"2025-03-25T12:05:40","slug":"serwis","status":"publish","type":"page","link":"https:\/\/drewmax.net.pl\/de\/serwis\/","title":{"rendered":"Serwis"},"content":{"rendered":"\t\t<div data-elementor-type=\"wp-post\" data-elementor-id=\"12532\" class=\"elementor elementor-12532\" data-elementor-settings=\"[]\">\n\t\t\t\t\t\t<div class=\"elementor-inner\">\n\t\t\t\t\t\t\t<div class=\"elementor-section-wrap\">\n\t\t\t\t\t\t\t<section class=\"elementor-section elementor-top-section elementor-element elementor-element-97a3440 elementor-section-boxed elementor-section-height-default elementor-section-height-default\" data-id=\"97a3440\" data-element_type=\"section\" data-settings=\"{&quot;background_background&quot;:&quot;classic&quot;}\">\n\t\t\t\t\t\t<div class=\"elementor-container elementor-column-gap-default\">\n\t\t\t\t\t\t\t<div class=\"elementor-row\">\n\t\t\t\t\t<div class=\"elementor-column elementor-col-100 elementor-top-column elementor-element elementor-element-1209047\" data-id=\"1209047\" data-element_type=\"column\">\n\t\t\t<div class=\"elementor-column-wrap elementor-element-populated\">\n\t\t\t\t\t\t\t<div class=\"elementor-widget-wrap\">\n\t\t\t\t\t\t<div class=\"elementor-element elementor-element-2503e94 elementor-widget elementor-widget-heading\" data-id=\"2503e94\" data-element_type=\"widget\" data-widget_type=\"heading.default\">\n\t\t\t\t<div class=\"elementor-widget-container\">\n\t\t\t<h2 class=\"elementor-heading-title elementor-size-xl\"> Service<\/h2>\t\t<\/div>\n\t\t\t\t<\/div>\n\t\t\t\t\t\t<\/div>\n\t\t\t\t\t<\/div>\n\t\t<\/div>\n\t\t\t\t\t\t\t\t<\/div>\n\t\t\t\t\t<\/div>\n\t\t<\/section>\n\t\t\t\t<section class=\"elementor-section elementor-top-section elementor-element elementor-element-d7a8778 elementor-section-boxed elementor-section-height-default elementor-section-height-default\" data-id=\"d7a8778\" data-element_type=\"section\" data-settings=\"{&quot;background_background&quot;:&quot;classic&quot;}\">\n\t\t\t\t\t\t<div class=\"elementor-container elementor-column-gap-default\">\n\t\t\t\t\t\t\t<div class=\"elementor-row\">\n\t\t\t\t\t<div class=\"elementor-column elementor-col-50 elementor-top-column elementor-element elementor-element-bfff421\" data-id=\"bfff421\" data-element_type=\"column\">\n\t\t\t<div class=\"elementor-column-wrap elementor-element-populated\">\n\t\t\t\t\t\t\t<div class=\"elementor-widget-wrap\">\n\t\t\t\t\t\t<div class=\"elementor-element elementor-element-51814c5 elementor-widget elementor-widget-text-editor\" data-id=\"51814c5\" data-element_type=\"widget\" data-widget_type=\"text-editor.default\">\n\t\t\t\t<div class=\"elementor-widget-container\">\n\t\t\t\t\t\t\t\t<div class=\"elementor-text-editor elementor-clearfix\">\n\t\t\t\t<p><\/p><p>Die Firma <strong>Drewmax<\/strong> setzt alles daran, die Qualit\u00e4t der durchgef\u00fchrten Wartungsarbeiten auf h\u00f6chstem Niveau zu gew\u00e4hrleisten, und die f\u00fcr Reparaturen verwendeten Materialien sind stets von<strong> h\u00f6chster<\/strong> Qualit\u00e4t.<\/p><p><br data-start=\"255\" data-end=\"258\" \/>Wir verf\u00fcgen \u00fcber ein gut ausgestattetes eigenes <strong>Lage<\/strong>r f\u00fcr Ersatzteile, sodass wir neue Ersatzteile innerhalb<strong> eines Tages<\/strong> versenden k\u00f6nnen.<\/p><p><br data-start=\"397\" data-end=\"400\" \/>F\u00fcr Sie stehen mehr als <strong>40 Servicetechniker<\/strong> zur Verf\u00fcgung.<\/p><p><br data-start=\"458\" data-end=\"461\" \/>Unser Unternehmen hat eine Haftpflichtversicherung in H\u00f6he von <strong>2.000.000,00 USD<\/strong>, die <strong>die Sicherhei<\/strong>t des Kunden hinsichtlich des Schutzes des Eigentums gew\u00e4hrleistet.<\/p><p><\/span><\/p>\t\t\t\t\t<\/div>\n\t\t\t\t\t\t<\/div>\n\t\t\t\t<\/div>\n\t\t\t\t\t\t<\/div>\n\t\t\t\t\t<\/div>\n\t\t<\/div>\n\t\t\t\t<div class=\"elementor-column elementor-col-50 elementor-top-column elementor-element elementor-element-aaecb4d\" data-id=\"aaecb4d\" data-element_type=\"column\">\n\t\t\t<div class=\"elementor-column-wrap elementor-element-populated\">\n\t\t\t\t\t\t\t<div class=\"elementor-widget-wrap\">\n\t\t\t\t\t\t<div class=\"elementor-element elementor-element-54d63e2 elementor-widget elementor-widget-image\" data-id=\"54d63e2\" data-element_type=\"widget\" data-widget_type=\"image.default\">\n\t\t\t\t<div class=\"elementor-widget-container\">\n\t\t\t\t\t\t\t\t<div class=\"elementor-image\">\n\t\t\t\t\t\t\t\t\t\t\t\t<img src=\"https:\/\/drewmax.net.pl\/wp-content\/uploads\/2019\/07\/serwis_1-1-e1563253455379.jpg\" title=\"\" alt=\"\" \/>\t\t\t\t\t\t\t\t\t\t\t\t\t\t<\/div>\n\t\t\t\t\t\t<\/div>\n\t\t\t\t<\/div>\n\t\t\t\t\t\t<\/div>\n\t\t\t\t\t<\/div>\n\t\t<\/div>\n\t\t\t\t\t\t\t\t<\/div>\n\t\t\t\t\t<\/div>\n\t\t<\/section>\n\t\t\t\t<section class=\"elementor-section elementor-top-section elementor-element elementor-element-7792b3d elementor-section-boxed elementor-section-height-default elementor-section-height-default\" data-id=\"7792b3d\" data-element_type=\"section\" data-settings=\"{&quot;background_background&quot;:&quot;classic&quot;}\">\n\t\t\t\t\t\t<div class=\"elementor-container elementor-column-gap-default\">\n\t\t\t\t\t\t\t<div class=\"elementor-row\">\n\t\t\t\t\t<div class=\"elementor-column elementor-col-50 elementor-top-column elementor-element elementor-element-c16916b\" data-id=\"c16916b\" data-element_type=\"column\">\n\t\t\t<div class=\"elementor-column-wrap elementor-element-populated\">\n\t\t\t\t\t\t\t<div class=\"elementor-widget-wrap\">\n\t\t\t\t\t\t<div class=\"elementor-element elementor-element-6b4106f elementor-widget elementor-widget-image\" data-id=\"6b4106f\" data-element_type=\"widget\" data-widget_type=\"image.default\">\n\t\t\t\t<div class=\"elementor-widget-container\">\n\t\t\t\t\t\t\t\t<div class=\"elementor-image\">\n\t\t\t\t\t\t\t\t\t\t\t\t<img src=\"https:\/\/drewmax.net.pl\/wp-content\/uploads\/2019\/07\/Artboard-6mini2-1-e1563253503283.jpg\" title=\"\" alt=\"\" \/>\t\t\t\t\t\t\t\t\t\t\t\t\t\t<\/div>\n\t\t\t\t\t\t<\/div>\n\t\t\t\t<\/div>\n\t\t\t\t\t\t<\/div>\n\t\t\t\t\t<\/div>\n\t\t<\/div>\n\t\t\t\t<div class=\"elementor-column elementor-col-50 elementor-top-column elementor-element elementor-element-5d83a22\" data-id=\"5d83a22\" data-element_type=\"column\">\n\t\t\t<div class=\"elementor-column-wrap elementor-element-populated\">\n\t\t\t\t\t\t\t<div class=\"elementor-widget-wrap\">\n\t\t\t\t\t\t<div class=\"elementor-element elementor-element-bff8012 elementor-widget elementor-widget-text-editor\" data-id=\"bff8012\" data-element_type=\"widget\" data-widget_type=\"text-editor.default\">\n\t\t\t\t<div class=\"elementor-widget-container\">\n\t\t\t\t\t\t\t\t<div class=\"elementor-text-editor elementor-clearfix\">\n\t\t\t\t<p><\/p><p><strong><span style=\"text-decoration: underline;\">Reaktionszeit f\u00fcr verschiedene Standorte:<\/span><\/strong><\/p><ul><li>Polen \u2013 Reaktionszeit f\u00fcr Serviceaktivit\u00e4ten (Telefonkontakt, Internet) bis zu 24 Stunden, Reparaturzeit f\u00fcr kleine M\u00e4ngel bis zu 24 Stunden.<\/li><li>Europ\u00e4ische Union \u2013 Reaktionszeit f\u00fcr Serviceaktivit\u00e4ten (Telefonkontakt, Internet) bis zu 24 Stunden, Reparaturzeit f\u00fcr kleine M\u00e4ngel bis zu 72 Stunden.<\/li><li>Russland, Ukraine, Wei\u00dfrussland \u2013 Reaktionszeit f\u00fcr Serviceaktivit\u00e4ten (Telefonkontakt, Internet) bis zu 48 Stunden, Reparaturzeit f\u00fcr kleine M\u00e4ngel bis zu 7 Tagen.<\/li><li>Andere L\u00e4nder \u2013 Reaktionszeit und Reparaturzeit werden individuell f\u00fcr jeden Standort festgelegt.<\/li><\/ul><p><\/p>\t\t\t\t\t<\/div>\n\t\t\t\t\t\t<\/div>\n\t\t\t\t<\/div>\n\t\t\t\t\t\t<\/div>\n\t\t\t\t\t<\/div>\n\t\t<\/div>\n\t\t\t\t\t\t\t\t<\/div>\n\t\t\t\t\t<\/div>\n\t\t<\/section>\n\t\t\t\t<section class=\"elementor-section elementor-top-section elementor-element elementor-element-28f317a elementor-section-boxed elementor-section-height-default elementor-section-height-default\" data-id=\"28f317a\" data-element_type=\"section\" data-settings=\"{&quot;background_background&quot;:&quot;classic&quot;}\">\n\t\t\t\t\t\t<div class=\"elementor-container elementor-column-gap-default\">\n\t\t\t\t\t\t\t<div class=\"elementor-row\">\n\t\t\t\t\t<div class=\"elementor-column elementor-col-50 elementor-top-column elementor-element elementor-element-2d20a3c\" data-id=\"2d20a3c\" data-element_type=\"column\">\n\t\t\t<div class=\"elementor-column-wrap elementor-element-populated\">\n\t\t\t\t\t\t\t<div class=\"elementor-widget-wrap\">\n\t\t\t\t\t\t<div class=\"elementor-element elementor-element-881012e elementor-widget elementor-widget-text-editor\" data-id=\"881012e\" data-element_type=\"widget\" data-widget_type=\"text-editor.default\">\n\t\t\t\t<div class=\"elementor-widget-container\">\n\t\t\t\t\t\t\t\t<div class=\"elementor-text-editor elementor-clearfix\">\n\t\t\t\t<p><\/p><p><span style=\"text-decoration: underline;\"><strong data-start=\"48\" data-end=\"931\">Empfohlene Intervalle f\u00fcr kostenpflichtige Wartungspr\u00fcfungen:<\/strong><\/span><\/p><ul><li>F\u00fcr automatische Linien 2aWN\/S und 2aWN\/T wird ein Minimum von 2 Wartungspr\u00fcfungen pro Jahr empfohlen, beginnend ab dem Inbetriebnahmedatum der Linie.<\/li><li>F\u00fcr Linien WN\/S-50, WN\/T-50 sowie WB\/S-50 und WB\/T-50, die im Zwei- oder Mehrschichtbetrieb laufen, wird ein Minimum von 1 Wartungspr\u00fcfung pro Jahr empfohlen, beginnend ab dem Inbetriebnahmedatum der Linie.<\/li><li>F\u00fcr Linien WN\/S-50, WN\/T-50 sowie WB\/S-50 und WB\/T-50, die im Ein-Schicht-Betrieb laufen, sind keine regelm\u00e4\u00dfigen Wartungspr\u00fcfungen erforderlich.<\/li><li>F\u00fcr Palettierer (alle Typen) wird ein Minimum von 2 Wartungspr\u00fcfungen pro Jahr empfohlen, beginnend ab dem Inbetriebnahmedatum der Linie.<\/li><li>F\u00fcr Palettierroboter und Stretch Hood Kapturownice MK-1000 wird ein Minimum von 1 Wartungspr\u00fcfung pro Jahr empfohlen, beginnend ab dem Inbetriebnahmedatum der Linie.<\/li><\/ul><p><\/p>\t\t\t\t\t<\/div>\n\t\t\t\t\t\t<\/div>\n\t\t\t\t<\/div>\n\t\t\t\t\t\t<\/div>\n\t\t\t\t\t<\/div>\n\t\t<\/div>\n\t\t\t\t<div class=\"elementor-column elementor-col-50 elementor-top-column elementor-element elementor-element-d01b6e8\" data-id=\"d01b6e8\" data-element_type=\"column\">\n\t\t\t<div class=\"elementor-column-wrap elementor-element-populated\">\n\t\t\t\t\t\t\t<div class=\"elementor-widget-wrap\">\n\t\t\t\t\t\t<div class=\"elementor-element elementor-element-46bfecf elementor-widget elementor-widget-image\" data-id=\"46bfecf\" data-element_type=\"widget\" data-widget_type=\"image.default\">\n\t\t\t\t<div class=\"elementor-widget-container\">\n\t\t\t\t\t\t\t\t<div class=\"elementor-image\">\n\t\t\t\t\t\t\t\t\t\t\t\t<img src=\"https:\/\/drewmax.net.pl\/wp-content\/uploads\/2019\/07\/serwis_2-1-e1563253483561.jpg\" title=\"\" alt=\"\" \/>\t\t\t\t\t\t\t\t\t\t\t\t\t\t<\/div>\n\t\t\t\t\t\t<\/div>\n\t\t\t\t<\/div>\n\t\t\t\t\t\t<\/div>\n\t\t\t\t\t<\/div>\n\t\t<\/div>\n\t\t\t\t\t\t\t\t<\/div>\n\t\t\t\t\t<\/div>\n\t\t<\/section>\n\t\t\t\t<section class=\"elementor-section elementor-top-section elementor-element elementor-element-047689f elementor-section-boxed elementor-section-height-default elementor-section-height-default\" data-id=\"047689f\" data-element_type=\"section\" data-settings=\"{&quot;background_background&quot;:&quot;classic&quot;}\">\n\t\t\t\t\t\t<div class=\"elementor-container elementor-column-gap-default\">\n\t\t\t\t\t\t\t<div class=\"elementor-row\">\n\t\t\t\t\t<div class=\"elementor-column elementor-col-50 elementor-top-column elementor-element elementor-element-c5a4a2c\" data-id=\"c5a4a2c\" data-element_type=\"column\">\n\t\t\t<div class=\"elementor-column-wrap elementor-element-populated\">\n\t\t\t\t\t\t\t<div class=\"elementor-widget-wrap\">\n\t\t\t\t\t\t<div class=\"elementor-element elementor-element-0ac5e66 elementor-widget elementor-widget-text-editor\" data-id=\"0ac5e66\" data-element_type=\"widget\" data-widget_type=\"text-editor.default\">\n\t\t\t\t<div class=\"elementor-widget-container\">\n\t\t\t\t\t\t\t\t<div class=\"elementor-text-editor elementor-clearfix\">\n\t\t\t\t<p><\/p><p data-start=\"914\" data-end=\"967\"><span style=\"text-decoration: underline;\"><strong data-start=\"932\" data-end=\"967\">Service-Anfragen und Verfahren:<\/strong><\/span><\/p><p data-start=\"969\" data-end=\"1084\">Um einen Garantiefall zu melden oder einen Service anzufordern, melden Sie sich bitte auf eine der folgenden Arten:<\/p><ul><li data-start=\"1086\" data-end=\"1112\">Schriftlich per E-Mail an:<\/li><\/ul><p data-start=\"1114\" data-end=\"1170\">\u00a0 \u00a0 \u00a0 \u00a0 \u00a0 \u00a0 \u00a0 \u00a0Service \u2013 serwisdrewmax.net.pl mit dem Betreff \u201eService\u201c<\/p><ul><li data-start=\"1172\" data-end=\"1212\">Telefonisch unter den folgenden Nummern:<\/li><\/ul><p data-start=\"1214\" data-end=\"1240\">\u00a0 \u00a0 \u00a0 \u00a0 \u00a0 \u00a0 \u00a0 \u00a0Drewmax \u2013 +48 77 481 01 22<\/p><p data-start=\"1242\" data-end=\"1275\">\u00a0 \u00a0 \u00a0 \u00a0 \u00a0 \u00a0 \u00a0 \u00a0Piotr Domerecki \u2013 +48 887 119 222<\/p><ul><li data-start=\"1277\" data-end=\"1331\">Support-Service (Leiter der Automatisierungsabteilung)<\/li><\/ul><p data-start=\"1333\" data-end=\"1366\">\u00a0 \u00a0 \u00a0 \u00a0 \u00a0 \u00a0 \u00a0 \u00a0Krzysztof Hassa \u2013 +48 725 551 666<\/p><p data-start=\"1368\" data-end=\"1434\"><\/p>\t\t\t\t\t<\/div>\n\t\t\t\t\t\t<\/div>\n\t\t\t\t<\/div>\n\t\t\t\t\t\t<\/div>\n\t\t\t\t\t<\/div>\n\t\t<\/div>\n\t\t\t\t<div class=\"elementor-column elementor-col-50 elementor-top-column elementor-element elementor-element-3bcf92e\" data-id=\"3bcf92e\" data-element_type=\"column\">\n\t\t\t<div class=\"elementor-column-wrap elementor-element-populated\">\n\t\t\t\t\t\t\t<div class=\"elementor-widget-wrap\">\n\t\t\t\t\t\t<div class=\"elementor-element elementor-element-e5c5d18 elementor-widget elementor-widget-text-editor\" data-id=\"e5c5d18\" data-element_type=\"widget\" data-widget_type=\"text-editor.default\">\n\t\t\t\t<div class=\"elementor-widget-container\">\n\t\t\t\t\t\t\t\t<div class=\"elementor-text-editor elementor-clearfix\">\n\t\t\t\t<p><\/p><p data-start=\"418\" data-end=\"456\"><span style=\"text-decoration: underline;\"><strong data-start=\"436\" data-end=\"456\">Teilebestellung:<\/strong><\/span><\/p><ul><li data-start=\"458\" data-end=\"484\">Schriftlich per E-Mail an:<\/li><\/ul><p data-start=\"486\" data-end=\"518\">\u00a0 \u00a0 \u00a0 \u00a0 \u00a0 \u00a0 \u00a0 \u00a0 Lager \u2013 zamowieniadrewmax.net.pl<\/p><ul><li data-start=\"520\" data-end=\"551\">Direkter Kontakt (Lagerleiter):<\/li><\/ul><p data-start=\"553\" data-end=\"583\">\u00a0 \u00a0 \u00a0 \u00a0 \u00a0 \u00a0 \u00a0 \u00a0 Tomasz Glomb &#8211; +48 887 885 666<\/p><p data-start=\"585\" data-end=\"627\"><\/p>\t\t\t\t\t<\/div>\n\t\t\t\t\t\t<\/div>\n\t\t\t\t<\/div>\n\t\t\t\t\t\t<\/div>\n\t\t\t\t\t<\/div>\n\t\t<\/div>\n\t\t\t\t\t\t\t\t<\/div>\n\t\t\t\t\t<\/div>\n\t\t<\/section>\n\t\t\t\t\t\t<\/div>\n\t\t\t\t\t\t<\/div>\n\t\t\t\t\t<\/div>\n\t\t","protected":false},"excerpt":{"rendered":"<p>Service Die Firma Drewmax setzt alles daran, die Qualit\u00e4t der durchgef\u00fchrten Wartungsarbeiten auf h\u00f6chstem Niveau zu gew\u00e4hrleisten, und die f\u00fcr Reparaturen verwendeten Materialien sind stets von h\u00f6chster Qualit\u00e4t. Wir verf\u00fcgen \u00fcber ein gut ausgestattetes eigenes Lager f\u00fcr Ersatzteile, sodass wir neue Ersatzteile innerhalb eines Tages versenden k\u00f6nnen. F\u00fcr Sie stehen mehr als 40 Servicetechniker zur&hellip;<\/p>\n","protected":false},"author":1,"featured_media":0,"parent":0,"menu_order":0,"comment_status":"closed","ping_status":"closed","template":"","meta":[],"yoast_head":"<!-- This site is optimized with the Yoast SEO Premium plugin v15.5 - https:\/\/yoast.com\/wordpress\/plugins\/seo\/ -->\n<title>Wa\u017cenie Pakowanie Paletyzacja Automatyka przemys\u0142owa linie PP PE<\/title>\n<meta name=\"description\" content=\"Wa\u017cenie Pakowanie Paletyzacja Automatyka przemys\u0142owa linie wa\u017c\u0105co - pakuj\u0105ce zbiorniki technologiczne mikrodozowanie linie PP PE serwis\" \/>\n<meta name=\"robots\" content=\"index, follow, max-snippet:-1, max-image-preview:large, max-video-preview:-1\" \/>\n<link rel=\"canonical\" href=\"https:\/\/drewmax.net.pl\/serwis\/\" \/>\n<meta property=\"og:locale\" content=\"de_DE\" \/>\n<meta property=\"og:type\" content=\"article\" \/>\n<meta property=\"og:title\" content=\"Wa\u017cenie Pakowanie Paletyzacja Automatyka przemys\u0142owa linie PP PE\" \/>\n<meta property=\"og:description\" content=\"Wa\u017cenie Pakowanie Paletyzacja Automatyka przemys\u0142owa linie wa\u017c\u0105co - pakuj\u0105ce zbiorniki technologiczne mikrodozowanie linie PP PE serwis\" \/>\n<meta property=\"og:url\" content=\"https:\/\/drewmax.net.pl\/serwis\/\" \/>\n<meta property=\"og:site_name\" content=\"(Polski) Drewmax - Wa\u017cenie | Pakowanie | Paletyzacja | Automatyka\" \/>\n<meta property=\"article:publisher\" content=\"https:\/\/www.facebook.com\/Drewmax-111641623604429\/\" \/>\n<meta property=\"article:modified_time\" content=\"2025-03-25T12:05:40+00:00\" \/>\n<meta property=\"og:image\" content=\"https:\/\/drewmax.net.pl\/wp-content\/uploads\/2019\/07\/serwis_1-1-e1563253455379.jpg\" \/>\n<meta name=\"twitter:card\" content=\"summary_large_image\" \/>\n<meta name=\"twitter:label1\" content=\"Gesch\u00e4tzte Lesezeit\">\n\t<meta name=\"twitter:data1\" content=\"12\u00a0Minuten\">\n<script type=\"application\/ld+json\" class=\"yoast-schema-graph\">{\"@context\":\"https:\/\/schema.org\",\"@graph\":[{\"@type\":\"Organization\",\"@id\":\"https:\/\/drewmax.net.pl\/en\/#organization\",\"name\":\"DREWMAX Sp\\u00f3\\u0142ka z o.o.\",\"url\":\"https:\/\/drewmax.net.pl\/en\/\",\"sameAs\":[\"https:\/\/www.facebook.com\/Drewmax-111641623604429\/\",\"https:\/\/www.instagram.com\/drewmax.net.pl\/\",\"https:\/\/www.youtube.com\/channel\/UCCS8U5F8gSyJAlSWjxgbLRQ\"],\"logo\":{\"@type\":\"ImageObject\",\"@id\":\"https:\/\/drewmax.net.pl\/en\/#logo\",\"inLanguage\":\"de\",\"url\":\"\",\"caption\":\"DREWMAX Sp\\u00f3\\u0142ka z o.o.\"},\"image\":{\"@id\":\"https:\/\/drewmax.net.pl\/en\/#logo\"}},{\"@type\":\"WebSite\",\"@id\":\"https:\/\/drewmax.net.pl\/en\/#website\",\"url\":\"https:\/\/drewmax.net.pl\/en\/\",\"name\":\"(Polski) Drewmax - Wa\\u017cenie | Pakowanie | Paletyzacja | Automatyka\",\"description\":\"\",\"publisher\":{\"@id\":\"https:\/\/drewmax.net.pl\/en\/#organization\"},\"potentialAction\":[{\"@type\":\"SearchAction\",\"target\":\"https:\/\/drewmax.net.pl\/en\/?s={search_term_string}\",\"query-input\":\"required name=search_term_string\"}],\"inLanguage\":\"de\"},{\"@type\":\"ImageObject\",\"@id\":\"https:\/\/drewmax.net.pl\/serwis\/#primaryimage\",\"inLanguage\":\"de\",\"url\":\"https:\/\/drewmax.net.pl\/wp-content\/uploads\/2019\/07\/serwis_1-1-e1563253455379.jpg\"},{\"@type\":\"WebPage\",\"@id\":\"https:\/\/drewmax.net.pl\/serwis\/#webpage\",\"url\":\"https:\/\/drewmax.net.pl\/serwis\/\",\"name\":\"Wa\\u017cenie Pakowanie Paletyzacja Automatyka przemys\\u0142owa linie PP PE\",\"isPartOf\":{\"@id\":\"https:\/\/drewmax.net.pl\/en\/#website\"},\"primaryImageOfPage\":{\"@id\":\"https:\/\/drewmax.net.pl\/serwis\/#primaryimage\"},\"datePublished\":\"2019-07-11T08:10:10+00:00\",\"dateModified\":\"2025-03-25T12:05:40+00:00\",\"description\":\"Wa\\u017cenie Pakowanie Paletyzacja Automatyka przemys\\u0142owa linie wa\\u017c\\u0105co - pakuj\\u0105ce zbiorniki technologiczne mikrodozowanie linie PP PE serwis\",\"breadcrumb\":{\"@id\":\"https:\/\/drewmax.net.pl\/serwis\/#breadcrumb\"},\"inLanguage\":\"de\",\"potentialAction\":[{\"@type\":\"ReadAction\",\"target\":[\"https:\/\/drewmax.net.pl\/serwis\/\"]}]},{\"@type\":\"BreadcrumbList\",\"@id\":\"https:\/\/drewmax.net.pl\/serwis\/#breadcrumb\",\"itemListElement\":[{\"@type\":\"ListItem\",\"position\":1,\"item\":{\"@type\":\"WebPage\",\"@id\":\"https:\/\/drewmax.net.pl\/\",\"url\":\"https:\/\/drewmax.net.pl\/\",\"name\":\"Home\"}},{\"@type\":\"ListItem\",\"position\":2,\"item\":{\"@type\":\"WebPage\",\"@id\":\"https:\/\/drewmax.net.pl\/serwis\/\",\"url\":\"https:\/\/drewmax.net.pl\/serwis\/\",\"name\":\"Serwis\"}}]}]}<\/script>\n<!-- \/ Yoast SEO Premium plugin. -->","_links":{"self":[{"href":"https:\/\/drewmax.net.pl\/de\/wp-json\/wp\/v2\/pages\/12532"}],"collection":[{"href":"https:\/\/drewmax.net.pl\/de\/wp-json\/wp\/v2\/pages"}],"about":[{"href":"https:\/\/drewmax.net.pl\/de\/wp-json\/wp\/v2\/types\/page"}],"author":[{"embeddable":true,"href":"https:\/\/drewmax.net.pl\/de\/wp-json\/wp\/v2\/users\/1"}],"replies":[{"embeddable":true,"href":"https:\/\/drewmax.net.pl\/de\/wp-json\/wp\/v2\/comments?post=12532"}],"version-history":[{"count":76,"href":"https:\/\/drewmax.net.pl\/de\/wp-json\/wp\/v2\/pages\/12532\/revisions"}],"predecessor-version":[{"id":31423,"href":"https:\/\/drewmax.net.pl\/de\/wp-json\/wp\/v2\/pages\/12532\/revisions\/31423"}],"wp:attachment":[{"href":"https:\/\/drewmax.net.pl\/de\/wp-json\/wp\/v2\/media?parent=12532"}],"curies":[{"name":"wp","href":"https:\/\/api.w.org\/{rel}","templated":true}]}}