{"id":11814,"date":"2016-07-19T11:23:52","date_gmt":"2016-07-19T09:23:52","guid":{"rendered":"http:\/\/drewmax.net.pl\/?page_id=19"},"modified":"2025-04-04T07:22:35","modified_gmt":"2025-04-04T05:22:35","slug":"linie-do-napelniania-opakowan","status":"publish","type":"page","link":"https:\/\/drewmax.net.pl\/de\/linie-do-napelniania-opakowan\/","title":{"rendered":"Linia do nape\u0142niania opakowa\u0144 PP, PE oraz karton\u00f3w"},"content":{"rendered":"\t\t<div data-elementor-type=\"wp-post\" data-elementor-id=\"11814\" class=\"elementor elementor-11814\" data-elementor-settings=\"[]\">\n\t\t\t\t\t\t<div class=\"elementor-inner\">\n\t\t\t\t\t\t\t<div class=\"elementor-section-wrap\">\n\t\t\t\t\t\t\t<section class=\"elementor-section elementor-top-section elementor-element elementor-element-76ff643 elementor-section-boxed elementor-section-height-default elementor-section-height-default\" data-id=\"76ff643\" data-element_type=\"section\" data-settings=\"{&quot;background_background&quot;:&quot;classic&quot;}\">\n\t\t\t\t\t\t<div class=\"elementor-container elementor-column-gap-default\">\n\t\t\t\t\t\t\t<div class=\"elementor-row\">\n\t\t\t\t\t<div class=\"elementor-column elementor-col-100 elementor-top-column elementor-element elementor-element-9d80912\" data-id=\"9d80912\" data-element_type=\"column\">\n\t\t\t<div class=\"elementor-column-wrap elementor-element-populated\">\n\t\t\t\t\t\t\t<div class=\"elementor-widget-wrap\">\n\t\t\t\t\t\t<div class=\"elementor-element elementor-element-0df509c elementor-widget elementor-widget-heading\" data-id=\"0df509c\" data-element_type=\"widget\" data-widget_type=\"heading.default\">\n\t\t\t\t<div class=\"elementor-widget-container\">\n\t\t\t<h2 class=\"elementor-heading-title elementor-size-xl\">F\u00fclllinie f\u00fcr PP-, PE-Beh\u00e4lter und Kartons\n<\/h2>\t\t<\/div>\n\t\t\t\t<\/div>\n\t\t\t\t\t\t<\/div>\n\t\t\t\t\t<\/div>\n\t\t<\/div>\n\t\t\t\t\t\t\t\t<\/div>\n\t\t\t\t\t<\/div>\n\t\t<\/section>\n\t\t\t\t<section class=\"elementor-section elementor-top-section elementor-element elementor-element-d7fe08c elementor-section-boxed elementor-section-height-default elementor-section-height-default\" data-id=\"d7fe08c\" data-element_type=\"section\" data-settings=\"{&quot;background_background&quot;:&quot;classic&quot;}\">\n\t\t\t\t\t\t<div class=\"elementor-container elementor-column-gap-default\">\n\t\t\t\t\t\t\t<div class=\"elementor-row\">\n\t\t\t\t\t<div class=\"elementor-column elementor-col-50 elementor-top-column elementor-element elementor-element-dc7fead\" data-id=\"dc7fead\" data-element_type=\"column\">\n\t\t\t<div class=\"elementor-column-wrap elementor-element-populated\">\n\t\t\t\t\t\t\t<div class=\"elementor-widget-wrap\">\n\t\t\t\t\t\t<div class=\"elementor-element elementor-element-95d6a85 elementor-widget elementor-widget-text-editor\" data-id=\"95d6a85\" data-element_type=\"widget\" data-widget_type=\"text-editor.default\">\n\t\t\t\t<div class=\"elementor-widget-container\">\n\t\t\t\t\t\t\t\t<div class=\"elementor-text-editor elementor-clearfix\">\n\t\t\t\t<p><\/p><p data-start=\"64\" data-end=\"332\">Drewmax ist auch ein Hersteller von Abf\u00fcllanlagen f\u00fcr Beh\u00e4lter. Unser Wissen, unsere Erfahrung und unser Konstruktionsteam haben es uns erm\u00f6glicht, automatische Abf\u00fclllinien f\u00fcr Verpackungen mit beliebigen Produkten zu entwerfen und in die Produktion zu bringen.<\/p><p data-start=\"334\" data-end=\"708\">Die vorgestellte Linie kann Verpackungen automatisch entnehmen, mit einem beliebigen Produkt bef\u00fcllen, wiegen und anschlie\u00dfend verschlie\u00dfen. Diese L\u00f6sung spart erheblich Zeit beim Verpacken des Produkts und reduziert den Personalbedarf auf eine einzige Bedienperson, die f\u00fcr die Bereitstellung und Nachf\u00fcllung der Verpackungen sowie die laufende \u00dcberwachung zust\u00e4ndig ist.<\/p><p data-start=\"710\" data-end=\"875\">Der Dosierer, mit dem das Produkt in die Verpackung gef\u00fcllt wird, ist an dessen Eigenschaften angepasst. Es besteht die M\u00f6glichkeit, folgende Dosierer einzusetzen:<\/p><p data-start=\"882\" data-end=\"918\"><\/p>\t\t\t\t\t<\/div>\n\t\t\t\t\t\t<\/div>\n\t\t\t\t<\/div>\n\t\t\t\t\t\t<\/div>\n\t\t\t\t\t<\/div>\n\t\t<\/div>\n\t\t\t\t<div class=\"elementor-column elementor-col-50 elementor-top-column elementor-element elementor-element-6cb9d33\" data-id=\"6cb9d33\" data-element_type=\"column\">\n\t\t\t<div class=\"elementor-column-wrap elementor-element-populated\">\n\t\t\t\t\t\t\t<div class=\"elementor-widget-wrap\">\n\t\t\t\t\t\t<div class=\"elementor-element elementor-element-ec39fb5 elementor-widget__width-inherit elementor-widget elementor-widget-image\" data-id=\"ec39fb5\" data-element_type=\"widget\" data-widget_type=\"image.default\">\n\t\t\t\t<div class=\"elementor-widget-container\">\n\t\t\t\t\t\t\t\t<div class=\"elementor-image\">\n\t\t\t\t\t\t\t\t\t<figure class=\"wp-caption\">\n\t\t\t\t\t\t\t\t\t\t<img width=\"300\" height=\"298\" src=\"https:\/\/drewmax.net.pl\/wp-content\/uploads\/2020\/10\/pppe1-300x298-2.png\" class=\"attachment-large size-large\" alt=\"\" loading=\"lazy\" srcset=\"https:\/\/drewmax.net.pl\/wp-content\/uploads\/2020\/10\/pppe1-300x298-2.png 300w, https:\/\/drewmax.net.pl\/wp-content\/uploads\/2020\/10\/pppe1-300x298-2-150x150.png 150w\" sizes=\"(max-width: 300px) 100vw, 300px\" \/>\t\t\t\t\t\t\t\t\t\t\t<figcaption class=\"widget-image-caption wp-caption-text\">Linia do nape\u0142niania pojemnik\u00f3w<\/figcaption>\n\t\t\t\t\t\t\t\t\t\t<\/figure>\n\t\t\t\t\t\t\t\t<\/div>\n\t\t\t\t\t\t<\/div>\n\t\t\t\t<\/div>\n\t\t\t\t\t\t<\/div>\n\t\t\t\t\t<\/div>\n\t\t<\/div>\n\t\t\t\t\t\t\t\t<\/div>\n\t\t\t\t\t<\/div>\n\t\t<\/section>\n\t\t\t\t<section class=\"elementor-section elementor-top-section elementor-element elementor-element-b4e1198 elementor-section-boxed elementor-section-height-default elementor-section-height-default\" data-id=\"b4e1198\" data-element_type=\"section\" data-settings=\"{&quot;background_background&quot;:&quot;classic&quot;}\">\n\t\t\t\t\t\t<div class=\"elementor-container elementor-column-gap-default\">\n\t\t\t\t\t\t\t<div class=\"elementor-row\">\n\t\t\t\t\t<div class=\"elementor-column elementor-col-50 elementor-top-column elementor-element elementor-element-06ebae4\" data-id=\"06ebae4\" data-element_type=\"column\">\n\t\t\t<div class=\"elementor-column-wrap elementor-element-populated\">\n\t\t\t\t\t\t\t<div class=\"elementor-widget-wrap\">\n\t\t\t\t\t\t<div class=\"elementor-element elementor-element-79bfa97 elementor-widget elementor-widget-text-editor\" data-id=\"79bfa97\" data-element_type=\"widget\" data-widget_type=\"text-editor.default\">\n\t\t\t\t<div class=\"elementor-widget-container\">\n\t\t\t\t\t\t\t\t<div class=\"elementor-text-editor elementor-clearfix\">\n\t\t\t\t<p><\/p><ul data-start=\"66\" data-end=\"227\"><li data-start=\"66\" data-end=\"103\">Fl\u00fcssigproduktdosierer (Zapfhahn)<\/li><li data-start=\"104\" data-end=\"173\">Dosierer f\u00fcr Sch\u00fcttg\u00fcter (Band-, Schnecken-, Schwerkraftdosierer)<\/li><li data-start=\"174\" data-end=\"227\">Dosierer f\u00fcr vorverpackte Produkte (S\u00e4cke, Kartons)<\/li><\/ul><p data-start=\"229\" data-end=\"253\"><\/p>\t\t\t\t\t<\/div>\n\t\t\t\t\t\t<\/div>\n\t\t\t\t<\/div>\n\t\t\t\t\t\t<\/div>\n\t\t\t\t\t<\/div>\n\t\t<\/div>\n\t\t\t\t<div class=\"elementor-column elementor-col-50 elementor-top-column elementor-element elementor-element-7493c53\" data-id=\"7493c53\" data-element_type=\"column\">\n\t\t\t<div class=\"elementor-column-wrap elementor-element-populated\">\n\t\t\t\t\t\t\t<div class=\"elementor-widget-wrap\">\n\t\t\t\t\t\t<div class=\"elementor-element elementor-element-89da2e8 elementor-widget__width-inherit elementor-widget elementor-widget-image\" data-id=\"89da2e8\" data-element_type=\"widget\" data-widget_type=\"image.default\">\n\t\t\t\t<div class=\"elementor-widget-container\">\n\t\t\t\t\t\t\t\t<div class=\"elementor-image\">\n\t\t\t\t\t\t\t\t\t\t\t\t<img width=\"300\" height=\"122\" src=\"https:\/\/drewmax.net.pl\/wp-content\/uploads\/2020\/10\/pppe2-300x122-2.png\" class=\"attachment-large size-large\" alt=\"\" loading=\"lazy\" \/>\t\t\t\t\t\t\t\t\t\t\t\t\t\t<\/div>\n\t\t\t\t\t\t<\/div>\n\t\t\t\t<\/div>\n\t\t\t\t\t\t<\/div>\n\t\t\t\t\t<\/div>\n\t\t<\/div>\n\t\t\t\t\t\t\t\t<\/div>\n\t\t\t\t\t<\/div>\n\t\t<\/section>\n\t\t\t\t<section class=\"elementor-section elementor-top-section elementor-element elementor-element-fc97643 elementor-section-boxed elementor-section-height-default elementor-section-height-default\" data-id=\"fc97643\" data-element_type=\"section\" data-settings=\"{&quot;background_background&quot;:&quot;classic&quot;}\">\n\t\t\t\t\t\t<div class=\"elementor-container elementor-column-gap-default\">\n\t\t\t\t\t\t\t<div class=\"elementor-row\">\n\t\t\t\t\t<div class=\"elementor-column elementor-col-100 elementor-top-column elementor-element elementor-element-2146dfe\" data-id=\"2146dfe\" data-element_type=\"column\">\n\t\t\t<div class=\"elementor-column-wrap elementor-element-populated\">\n\t\t\t\t\t\t\t<div class=\"elementor-widget-wrap\">\n\t\t\t\t\t\t<div class=\"elementor-element elementor-element-63b6917 elementor-widget elementor-widget-text-editor\" data-id=\"63b6917\" data-element_type=\"widget\" data-widget_type=\"text-editor.default\">\n\t\t\t\t<div class=\"elementor-widget-container\">\n\t\t\t\t\t\t\t\t<div class=\"elementor-text-editor elementor-clearfix\">\n\t\t\t\t<p><\/p><p data-start=\"18\" data-end=\"315\"><br data-start=\"40\" data-end=\"43\" \/>F\u00fcr den Empfang der gef\u00fcllten Eimer kann eine robotergest\u00fctzte Palettierstation verwendet werden, w\u00e4hrend wir zum Schutz der Ladung vor dem Verrutschen den Einsatz einer &#8222;Hooding&#8220;-Stretch-Hood-Maschine empfehlen \u2013 solche Ger\u00e4te sind ebenfalls im Angebot der Firma Drewmax.<\/p><p data-start=\"317\" data-end=\"644\"><\/span><\/p>\t\t\t\t\t<\/div>\n\t\t\t\t\t\t<\/div>\n\t\t\t\t<\/div>\n\t\t\t\t\t\t<\/div>\n\t\t\t\t\t<\/div>\n\t\t<\/div>\n\t\t\t\t\t\t\t\t<\/div>\n\t\t\t\t\t<\/div>\n\t\t<\/section>\n\t\t\t\t<section class=\"elementor-section elementor-top-section elementor-element elementor-element-f3655fe elementor-section-boxed elementor-section-height-default elementor-section-height-default\" data-id=\"f3655fe\" data-element_type=\"section\" data-settings=\"{&quot;background_background&quot;:&quot;classic&quot;}\">\n\t\t\t\t\t\t<div class=\"elementor-container elementor-column-gap-default\">\n\t\t\t\t\t\t\t<div class=\"elementor-row\">\n\t\t\t\t\t<div class=\"elementor-column elementor-col-50 elementor-top-column elementor-element elementor-element-8010643\" data-id=\"8010643\" data-element_type=\"column\">\n\t\t\t<div class=\"elementor-column-wrap elementor-element-populated\">\n\t\t\t\t\t\t\t<div class=\"elementor-widget-wrap\">\n\t\t\t\t\t\t<div class=\"elementor-element elementor-element-41a3ee5 elementor-widget__width-inherit elementor-widget elementor-widget-image\" data-id=\"41a3ee5\" data-element_type=\"widget\" data-widget_type=\"image.default\">\n\t\t\t\t<div class=\"elementor-widget-container\">\n\t\t\t\t\t\t\t\t<div class=\"elementor-image\">\n\t\t\t\t\t\t\t\t\t\t\t\t<img width=\"300\" height=\"296\" src=\"https:\/\/drewmax.net.pl\/wp-content\/uploads\/2020\/10\/pppe3-300x296-2.png\" class=\"attachment-large size-large\" alt=\"\" loading=\"lazy\" \/>\t\t\t\t\t\t\t\t\t\t\t\t\t\t<\/div>\n\t\t\t\t\t\t<\/div>\n\t\t\t\t<\/div>\n\t\t\t\t\t\t<\/div>\n\t\t\t\t\t<\/div>\n\t\t<\/div>\n\t\t\t\t<div class=\"elementor-column elementor-col-50 elementor-top-column elementor-element elementor-element-82d07ec\" data-id=\"82d07ec\" data-element_type=\"column\">\n\t\t\t<div class=\"elementor-column-wrap elementor-element-populated\">\n\t\t\t\t\t\t\t<div class=\"elementor-widget-wrap\">\n\t\t\t\t\t\t<div class=\"elementor-element elementor-element-841c3de elementor-widget elementor-widget-text-editor\" data-id=\"841c3de\" data-element_type=\"widget\" data-widget_type=\"text-editor.default\">\n\t\t\t\t<div class=\"elementor-widget-container\">\n\t\t\t\t\t\t\t\t<div class=\"elementor-text-editor elementor-clearfix\">\n\t\t\t\t<p><br data-start=\"40\" data-end=\"43\" \/><span style=\"text-decoration: underline;\"><strong data-start=\"43\" data-end=\"83\">Grundlegende Komponenten des Ger\u00e4ts:<\/strong><\/span><\/p><ul data-start=\"86\" data-end=\"316\"><li data-start=\"86\" data-end=\"106\">Tragkonstruktion<\/li><li data-start=\"107\" data-end=\"124\">Eimerf\u00f6rderer<\/li><li data-start=\"125\" data-end=\"164\">Bef\u00fcllstation f\u00fcr Eimer mit Produkt<\/li><li data-start=\"165\" data-end=\"174\">Waage<\/li><li data-start=\"175\" data-end=\"263\">Lesbares Steuerungssystem basierend auf einem Siemens PLC-Steuerger\u00e4t mit Touchpanel<\/li><li data-start=\"264\" data-end=\"316\">Verwendete Antriebe\/Servoantriebe SEW oder LENZE<\/li><\/ul><p data-start=\"318\" data-end=\"346\"><span style=\"text-decoration: underline;\"><strong data-start=\"318\" data-end=\"344\">Optionale Ausstattung:<\/strong><\/span><\/p><ul data-start=\"347\" data-end=\"490\"><li data-start=\"347\" data-end=\"368\">Deckmontagesystem<\/li><li data-start=\"369\" data-end=\"425\">Automatisches System zur Anpassung an die Deckgr\u00f6\u00dfen<\/li><li data-start=\"426\" data-end=\"470\">System zum Verschlie\u00dfen der Verpackungen<\/li><li data-start=\"471\" data-end=\"490\">Abholf\u00f6rderband<\/li><\/ul><p data-start=\"492\" data-end=\"557\"><\/p><\/div>\t\t\t\t\t<\/div>\n\t\t\t\t\t\t<\/div>\n\t\t\t\t<\/div>\n\t\t\t\t\t\t<\/div>\n\t\t\t\t\t<\/div>\n\t\t<\/div>\n\t\t\t\t\t\t\t\t<\/div>\n\t\t\t\t\t<\/div>\n\t\t<\/section>\n\t\t\t\t<section class=\"elementor-section elementor-top-section elementor-element elementor-element-1233422 elementor-section-boxed elementor-section-height-default elementor-section-height-default\" data-id=\"1233422\" data-element_type=\"section\" data-settings=\"{&quot;background_background&quot;:&quot;classic&quot;}\">\n\t\t\t\t\t\t<div class=\"elementor-container elementor-column-gap-default\">\n\t\t\t\t\t\t\t<div class=\"elementor-row\">\n\t\t\t\t\t<div class=\"elementor-column elementor-col-50 elementor-top-column elementor-element elementor-element-a94ec0f\" data-id=\"a94ec0f\" data-element_type=\"column\">\n\t\t\t<div class=\"elementor-column-wrap elementor-element-populated\">\n\t\t\t\t\t\t\t<div class=\"elementor-widget-wrap\">\n\t\t\t\t\t\t<div class=\"elementor-element elementor-element-8e461c6 elementor-widget elementor-widget-text-editor\" data-id=\"8e461c6\" data-element_type=\"widget\" data-widget_type=\"text-editor.default\">\n\t\t\t\t<div class=\"elementor-widget-container\">\n\t\t\t\t\t\t\t\t<div class=\"elementor-text-editor elementor-clearfix\">\n\t\t\t\t<p><br data-start=\"40\" data-end=\"43\" \/><strong data-start=\"43\" data-end=\"104\">T<span style=\"text-decoration: underline;\">echnische Daten der Abf\u00fclllinie f\u00fcr starre Verpackungen:<\/span><\/strong><\/p><ul data-start=\"107\" data-end=\"403\"><li data-start=\"107\" data-end=\"136\">Maximale Wiegelast: 30 kg<\/li><li data-start=\"137\" data-end=\"169\">Minimale Portionsmasse: 1 kg<\/li><li data-start=\"170\" data-end=\"230\">Elementarbereich: 10 g bei einer Portionsmasse bis 30 kg<\/li><li data-start=\"231\" data-end=\"270\">Deckelgr\u00f6\u00dfen: von 150 mm bis 330 mm<\/li><li data-start=\"271\" data-end=\"320\">Leistung der Linie: ca. 1200 Portionen\/Stunde<\/li><li data-start=\"321\" data-end=\"365\">Elektrische Versorgung: 3 x 400 V, 50 Hz<\/li><li data-start=\"366\" data-end=\"403\">Druckluftversorgung: 5,5 \u2013 10 bar<\/li><\/ul><p data-start=\"405\" data-end=\"515\"><\/p>\t\t\t\t\t<\/div>\n\t\t\t\t\t\t<\/div>\n\t\t\t\t<\/div>\n\t\t\t\t\t\t<\/div>\n\t\t\t\t\t<\/div>\n\t\t<\/div>\n\t\t\t\t<div class=\"elementor-column elementor-col-50 elementor-top-column elementor-element elementor-element-ae8439d\" data-id=\"ae8439d\" data-element_type=\"column\">\n\t\t\t<div class=\"elementor-column-wrap elementor-element-populated\">\n\t\t\t\t\t\t\t<div class=\"elementor-widget-wrap\">\n\t\t\t\t\t\t<div class=\"elementor-element elementor-element-1487c71 elementor-widget elementor-widget-image\" data-id=\"1487c71\" data-element_type=\"widget\" data-widget_type=\"image.default\">\n\t\t\t\t<div class=\"elementor-widget-container\">\n\t\t\t\t\t\t\t\t<div class=\"elementor-image\">\n\t\t\t\t\t\t\t\t\t\t\t\t<img width=\"530\" height=\"142\" src=\"https:\/\/drewmax.net.pl\/wp-content\/uploads\/2020\/10\/pppe4-1.png\" class=\"attachment-large size-large\" alt=\"\" loading=\"lazy\" srcset=\"https:\/\/drewmax.net.pl\/wp-content\/uploads\/2020\/10\/pppe4-1.png 530w, https:\/\/drewmax.net.pl\/wp-content\/uploads\/2020\/10\/pppe4-1-300x80.png 300w\" sizes=\"(max-width: 530px) 100vw, 530px\" \/>\t\t\t\t\t\t\t\t\t\t\t\t\t\t<\/div>\n\t\t\t\t\t\t<\/div>\n\t\t\t\t<\/div>\n\t\t\t\t\t\t<\/div>\n\t\t\t\t\t<\/div>\n\t\t<\/div>\n\t\t\t\t\t\t\t\t<\/div>\n\t\t\t\t\t<\/div>\n\t\t<\/section>\n\t\t\t\t<section class=\"elementor-section elementor-top-section elementor-element elementor-element-6d805e1 elementor-section-boxed elementor-section-height-default elementor-section-height-default\" data-id=\"6d805e1\" data-element_type=\"section\" data-settings=\"{&quot;background_background&quot;:&quot;classic&quot;}\">\n\t\t\t\t\t\t<div class=\"elementor-container elementor-column-gap-default\">\n\t\t\t\t\t\t\t<div class=\"elementor-row\">\n\t\t\t\t\t<div class=\"elementor-column elementor-col-100 elementor-top-column elementor-element elementor-element-2b2c0f0\" data-id=\"2b2c0f0\" data-element_type=\"column\">\n\t\t\t<div class=\"elementor-column-wrap elementor-element-populated\">\n\t\t\t\t\t\t\t<div class=\"elementor-widget-wrap\">\n\t\t\t\t\t\t<div class=\"elementor-element elementor-element-4e03cfe elementor-align-center elementor-widget elementor-widget-button\" data-id=\"4e03cfe\" data-element_type=\"widget\" data-widget_type=\"button.default\">\n\t\t\t\t<div class=\"elementor-widget-container\">\n\t\t\t\t\t<div class=\"elementor-button-wrapper\">\n\t\t\t<a href=\"https:\/\/drewmax.net.pl\/wp-content\/uploads\/2025\/03\/Linia-do-napelniania-opakowan-sztywnych-wiadra_complet_de.pdf%20\" target=\"_blank\" class=\"elementor-button-link elementor-button elementor-size-lg\" role=\"button\">\n\t\t\t\t\t\t<span class=\"elementor-button-content-wrapper\">\n\t\t\t\t\t\t<span class=\"elementor-button-icon elementor-align-icon-right\">\n\t\t\t\t<i aria-hidden=\"true\" class=\"fas fa-download\"><\/i>\t\t\t<\/span>\n\t\t\t\t\t\t<span class=\"elementor-button-text\"> Produktdatenblatt herunterladen  <\/span>\n\t\t<\/span>\n\t\t\t\t\t<\/a>\n\t\t<\/div>\n\t\t\t\t<\/div>\n\t\t\t\t<\/div>\n\t\t\t\t\t\t<\/div>\n\t\t\t\t\t<\/div>\n\t\t<\/div>\n\t\t\t\t\t\t\t\t<\/div>\n\t\t\t\t\t<\/div>\n\t\t<\/section>\n\t\t\t\t\t\t<\/div>\n\t\t\t\t\t\t<\/div>\n\t\t\t\t\t<\/div>\n\t\t","protected":false},"excerpt":{"rendered":"<p>F\u00fclllinie f\u00fcr PP-, PE-Beh\u00e4lter und Kartons Drewmax ist auch ein Hersteller von Abf\u00fcllanlagen f\u00fcr Beh\u00e4lter. Unser Wissen, unsere Erfahrung und unser Konstruktionsteam haben es uns erm\u00f6glicht, automatische Abf\u00fclllinien f\u00fcr Verpackungen mit beliebigen Produkten zu entwerfen und in die Produktion zu bringen. Die vorgestellte Linie kann Verpackungen automatisch entnehmen, mit einem beliebigen Produkt bef\u00fcllen, wiegen und&hellip;<\/p>\n","protected":false},"author":1,"featured_media":12071,"parent":0,"menu_order":0,"comment_status":"closed","ping_status":"closed","template":"","meta":[],"yoast_head":"<!-- This site is optimized with the Yoast SEO Premium plugin v15.5 - https:\/\/yoast.com\/wordpress\/plugins\/seo\/ -->\n<title>Wa\u017cenie Pakowanie Paletyzacja automatyka przemys\u0142owa linia PP PE<\/title>\n<meta name=\"description\" content=\"Wa\u017cenie pakowanie paletyzacja automatyka przemys\u0142owa linie wa\u017c\u0105co - pakuj\u0105ce Bigbag zbiorniki technologiczne mikrodozowanie PP PE\" \/>\n<meta name=\"robots\" content=\"index, follow, max-snippet:-1, max-image-preview:large, max-video-preview:-1\" \/>\n<link rel=\"canonical\" href=\"https:\/\/drewmax.net.pl\/linie-do-napelniania-opakowan\/\" \/>\n<meta property=\"og:locale\" content=\"de_DE\" \/>\n<meta property=\"og:type\" content=\"article\" \/>\n<meta property=\"og:title\" content=\"Wa\u017cenie Pakowanie Paletyzacja automatyka przemys\u0142owa linia PP PE\" \/>\n<meta property=\"og:description\" content=\"Wa\u017cenie pakowanie paletyzacja automatyka przemys\u0142owa linie wa\u017c\u0105co - pakuj\u0105ce Bigbag zbiorniki technologiczne mikrodozowanie PP PE\" \/>\n<meta property=\"og:url\" content=\"https:\/\/drewmax.net.pl\/linie-do-napelniania-opakowan\/\" \/>\n<meta property=\"og:site_name\" content=\"(Polski) Drewmax - Wa\u017cenie | Pakowanie | Paletyzacja | Automatyka\" \/>\n<meta property=\"article:publisher\" content=\"https:\/\/www.facebook.com\/Drewmax-111641623604429\/\" \/>\n<meta property=\"article:modified_time\" content=\"2025-04-04T05:22:35+00:00\" \/>\n<meta name=\"twitter:card\" content=\"summary_large_image\" \/>\n<meta name=\"twitter:label1\" content=\"Gesch\u00e4tzte Lesezeit\">\n\t<meta name=\"twitter:data1\" content=\"9\u00a0Minuten\">\n<script type=\"application\/ld+json\" class=\"yoast-schema-graph\">{\"@context\":\"https:\/\/schema.org\",\"@graph\":[{\"@type\":\"Organization\",\"@id\":\"https:\/\/drewmax.net.pl\/en\/#organization\",\"name\":\"DREWMAX Sp\\u00f3\\u0142ka z o.o.\",\"url\":\"https:\/\/drewmax.net.pl\/en\/\",\"sameAs\":[\"https:\/\/www.facebook.com\/Drewmax-111641623604429\/\",\"https:\/\/www.instagram.com\/drewmax.net.pl\/\",\"https:\/\/www.youtube.com\/channel\/UCCS8U5F8gSyJAlSWjxgbLRQ\"],\"logo\":{\"@type\":\"ImageObject\",\"@id\":\"https:\/\/drewmax.net.pl\/en\/#logo\",\"inLanguage\":\"de\",\"url\":\"\",\"caption\":\"DREWMAX Sp\\u00f3\\u0142ka z o.o.\"},\"image\":{\"@id\":\"https:\/\/drewmax.net.pl\/en\/#logo\"}},{\"@type\":\"WebSite\",\"@id\":\"https:\/\/drewmax.net.pl\/en\/#website\",\"url\":\"https:\/\/drewmax.net.pl\/en\/\",\"name\":\"(Polski) Drewmax - Wa\\u017cenie | Pakowanie | Paletyzacja | Automatyka\",\"description\":\"\",\"publisher\":{\"@id\":\"https:\/\/drewmax.net.pl\/en\/#organization\"},\"potentialAction\":[{\"@type\":\"SearchAction\",\"target\":\"https:\/\/drewmax.net.pl\/en\/?s={search_term_string}\",\"query-input\":\"required name=search_term_string\"}],\"inLanguage\":\"de\"},{\"@type\":\"ImageObject\",\"@id\":\"https:\/\/drewmax.net.pl\/linie-do-napelniania-opakowan\/#primaryimage\",\"inLanguage\":\"de\",\"url\":\"\"},{\"@type\":\"WebPage\",\"@id\":\"https:\/\/drewmax.net.pl\/linie-do-napelniania-opakowan\/#webpage\",\"url\":\"https:\/\/drewmax.net.pl\/linie-do-napelniania-opakowan\/\",\"name\":\"Wa\\u017cenie Pakowanie Paletyzacja automatyka przemys\\u0142owa linia PP PE\",\"isPartOf\":{\"@id\":\"https:\/\/drewmax.net.pl\/en\/#website\"},\"primaryImageOfPage\":{\"@id\":\"https:\/\/drewmax.net.pl\/linie-do-napelniania-opakowan\/#primaryimage\"},\"datePublished\":\"2016-07-19T09:23:52+00:00\",\"dateModified\":\"2025-04-04T05:22:35+00:00\",\"description\":\"Wa\\u017cenie pakowanie paletyzacja automatyka przemys\\u0142owa linie wa\\u017c\\u0105co - pakuj\\u0105ce Bigbag zbiorniki technologiczne mikrodozowanie PP PE\",\"breadcrumb\":{\"@id\":\"https:\/\/drewmax.net.pl\/linie-do-napelniania-opakowan\/#breadcrumb\"},\"inLanguage\":\"de\",\"potentialAction\":[{\"@type\":\"ReadAction\",\"target\":[\"https:\/\/drewmax.net.pl\/linie-do-napelniania-opakowan\/\"]}]},{\"@type\":\"BreadcrumbList\",\"@id\":\"https:\/\/drewmax.net.pl\/linie-do-napelniania-opakowan\/#breadcrumb\",\"itemListElement\":[{\"@type\":\"ListItem\",\"position\":1,\"item\":{\"@type\":\"WebPage\",\"@id\":\"https:\/\/drewmax.net.pl\/\",\"url\":\"https:\/\/drewmax.net.pl\/\",\"name\":\"Home\"}},{\"@type\":\"ListItem\",\"position\":2,\"item\":{\"@type\":\"WebPage\",\"@id\":\"https:\/\/drewmax.net.pl\/linie-do-napelniania-opakowan\/\",\"url\":\"https:\/\/drewmax.net.pl\/linie-do-napelniania-opakowan\/\",\"name\":\"Linia do nape\\u0142niania opakowa\\u0144 PP, PE oraz karton\\u00f3w\"}}]}]}<\/script>\n<!-- \/ Yoast SEO Premium plugin. -->","_links":{"self":[{"href":"https:\/\/drewmax.net.pl\/de\/wp-json\/wp\/v2\/pages\/11814"}],"collection":[{"href":"https:\/\/drewmax.net.pl\/de\/wp-json\/wp\/v2\/pages"}],"about":[{"href":"https:\/\/drewmax.net.pl\/de\/wp-json\/wp\/v2\/types\/page"}],"author":[{"embeddable":true,"href":"https:\/\/drewmax.net.pl\/de\/wp-json\/wp\/v2\/users\/1"}],"replies":[{"embeddable":true,"href":"https:\/\/drewmax.net.pl\/de\/wp-json\/wp\/v2\/comments?post=11814"}],"version-history":[{"count":88,"href":"https:\/\/drewmax.net.pl\/de\/wp-json\/wp\/v2\/pages\/11814\/revisions"}],"predecessor-version":[{"id":32034,"href":"https:\/\/drewmax.net.pl\/de\/wp-json\/wp\/v2\/pages\/11814\/revisions\/32034"}],"wp:featuredmedia":[{"embeddable":true,"href":"https:\/\/drewmax.net.pl\/de\/wp-json\/wp\/v2\/media\/12071"}],"wp:attachment":[{"href":"https:\/\/drewmax.net.pl\/de\/wp-json\/wp\/v2\/media?parent=11814"}],"curies":[{"name":"wp","href":"https:\/\/api.w.org\/{rel}","templated":true}]}}